











{"id":114519,"date":"2026-02-05T13:52:21","date_gmt":"2026-02-05T13:52:21","guid":{"rendered":"https:\/\/ses-creative.com\/?post_type=product&#038;p=114519"},"modified":"2026-02-06T09:51:23","modified_gmt":"2026-02-06T09:51:23","slug":"5-aktivitaeten-reiserucksack","status":"publish","type":"product","link":"https:\/\/ses-creative.com\/de\/produkt\/5-aktivitaeten-reiserucksack\/","title":{"rendered":"5 Aktivit\u00e4ten Reiserucksack"},"content":{"rendered":"<p>Entdecke eine Welt voller Kreativit\u00e4t und Spa\u00df mit der Aktivit\u00e4tentasche!<br \/>\nDiese wundersch\u00f6ne 5-in-1-Reisetasche bietet stundenlangen Spa\u00df und ist ideal f\u00fcr unterwegs. Du kannst die Tasche selbst ausmalen und verzieren und sie zum Aufbewahren all deiner Bastelsachen verwenden. Du kannst auch deinen eigenen Schmuck basteln und wundersch\u00f6ne Karten gestalten. Die Aktivit\u00e4ten f\u00f6rdern deine Kreativit\u00e4t und verbessern gleichzeitig deine Feinmotorik und Hand-Augen-Koordination. Au\u00dferdem kannst du all deine sch\u00f6nen Kreationen in der Tasche aufbewahren und \u00fcberallhin mitnehmen.<br \/>\nWas dieses Set so toll macht<br \/>\n&#8211;    5-in-1-Aktivit\u00e4ten. Ausmalen, Aufkleben, Diamantmalerei, Armb\u00e4nder basteln, Tasche verzieren<br \/>\n&#8211;    Der Rucksack ist superpraktisch, um alle Aktivit\u00e4ten mitzunehmen, ideal f\u00fcr den Urlaub<br \/>\n&#8211;    Perfekt f\u00fcr unterwegs, aber auch zum Spielen zu Hause<br \/>\n&#8211;    Rosa, Einhorn, Prinzessinnen-Thema<br \/>\n&#8211;    Kreatives Spielzeug<br \/>\nKreative Unterhaltung, wo immer Sie auch hingehen!<br \/>\nDer rosa Aktivit\u00e4tsrucksack ist der ultimative Begleiter f\u00fcr junge Abenteurer. Es ist nicht nur eine Tasche, sondern eine Schatzkiste voller trendiger Aktivit\u00e4ten. Perfekt f\u00fcr den Urlaub, den Besuch bei Oma und Opa oder einfach f\u00fcr einen regnerischen Nachmittag zu Hause.<br \/>\nDas Set enth\u00e4lt alles, was du f\u00fcr f\u00fcnf verschiedene Aktivit\u00e4ten ben\u00f6tigst. Du erh\u00e4ltst eine Malvorlage, einen Stickerbogen, selbstklebende Diamanten, 8 kurze Bleistifte in einem Beutel, einen Stickerbogen f\u00fcr Armbandanh\u00e4nger, drei Armb\u00e4nder mit Anh\u00e4ngern, vier Postkarten und drei Diamond-Painting-Karten. Bei so vielen verschiedenen Projekten zur Auswahl wird dir nie langweilig!<br \/>\nInhalt des Sets<br \/>\n&#8211;    Bleistifte<br \/>\n&#8211;    Armb\u00e4nder und Anh\u00e4nger<br \/>\n&#8211;    Postkarten<br \/>\n&#8211;    Stickerb\u00f6gen<br \/>\n&#8211;    Diamantmalbilder mit Diamanten<br \/>\nWarum SES Creative w\u00e4hlen?<br \/>\nBei SES Creative legen wir gro\u00dfen Wert auf Sicherheit. Deshalb werden die Produkte in unserem Werk in den Niederlanden nach den strengsten europ\u00e4ischen Sicherheitsnormen hergestellt und getestet. Spielzeug von SES Creative sorgt f\u00fcr Spa\u00df und soll Kindern ein Gef\u00fchl des Stolzes auf ihre Arbeit vermitteln, was ihre Kreativit\u00e4t und Entwicklung f\u00f6rdert.<br \/>\nSchnapp dir deinen Aktivit\u00e4tsrucksack und beginne dein Bastelabenteuer!<br \/>\nMalen, kleben, dekorieren und gestalten \u2013 die M\u00f6glichkeiten sind endlos. Nimm deinen Rucksack mit auf Reisen und genie\u00dfe stundenlangen Spa\u00df. Erlebe die Magie des Bastelns und entdecke, wie viele tolle Dinge du mit diesem vielseitigen Set basteln kannst. Beginne noch heute deine kreative Reise!<\/p>\n","protected":false},"excerpt":{"rendered":"<p>Entdecke eine Welt voller Kreativit\u00e4t und Spa\u00df mit der Aktivit\u00e4tentasche! Diese wundersch\u00f6ne 5-in-1-Reisetasche bietet stundenlangen Spa\u00df und ist ideal f\u00fcr unterwegs. Du kannst die Tasche selbst ausmalen und verzieren und sie zum Aufbewahren all deiner Bastelsachen verwenden. Du kannst auch deinen eigenen Schmuck basteln und wundersch\u00f6ne Karten gestalten. Die Aktivit\u00e4ten f\u00f6rdern deine Kreativit\u00e4t und verbessern [&hellip;]<\/p>\n","protected":false},"featured_media":99568,"comment_status":"closed","ping_status":"closed","template":"","meta":{"_acf_changed":false},"product_brand":[],"product_cat":[119],"product_tag":[],"class_list":{"0":"post-114519","1":"product","2":"type-product","3":"status-publish","4":"has-post-thumbnail","6":"product_cat-draussen-spielen","7":"pa_leeftijd-filter-3-4-jahre","8":"pa_meest-populair-bij-jungen-maedchen","10":"first","11":"instock","12":"shipping-taxable","13":"product-type-simple"},"acf":[],"yoast_head":"<!-- This site is optimized with the Yoast SEO plugin v27.4 - https:\/\/yoast.com\/product\/yoast-seo-wordpress\/ -->\n<title>5 Aktivit\u00e4ten Reiserucksack - SES Creative<\/title>\n<meta name=\"robots\" content=\"index, follow, max-snippet:-1, max-image-preview:large, max-video-preview:-1\" \/>\n<link rel=\"canonical\" href=\"https:\/\/ses-creative.com\/de\/produkt\/5-aktivitaeten-reiserucksack\/\" \/>\n<meta property=\"og:locale\" content=\"de_DE\" \/>\n<meta property=\"og:type\" content=\"article\" \/>\n<meta property=\"og:title\" content=\"5 Aktivit\u00e4ten Reiserucksack - SES Creative\" \/>\n<meta property=\"og:description\" content=\"Entdecke eine Welt voller Kreativit\u00e4t und Spa\u00df mit der Aktivit\u00e4tentasche! Diese wundersch\u00f6ne 5-in-1-Reisetasche bietet stundenlangen Spa\u00df und ist ideal f\u00fcr unterwegs. Du kannst die Tasche selbst ausmalen und verzieren und sie zum Aufbewahren all deiner Bastelsachen verwenden. Du kannst auch deinen eigenen Schmuck basteln und wundersch\u00f6ne Karten gestalten. Die Aktivit\u00e4ten f\u00f6rdern deine Kreativit\u00e4t und verbessern [&hellip;]\" \/>\n<meta property=\"og:url\" content=\"https:\/\/ses-creative.com\/de\/produkt\/5-aktivitaeten-reiserucksack\/\" \/>\n<meta property=\"og:site_name\" content=\"SES Creative\" \/>\n<meta property=\"article:modified_time\" content=\"2026-02-06T09:51:23+00:00\" \/>\n<meta name=\"twitter:card\" content=\"summary_large_image\" \/>\n<meta name=\"twitter:label1\" content=\"Gesch\u00e4tzte Lesezeit\" \/>\n\t<meta name=\"twitter:data1\" content=\"2\u00a0Minuten\" \/>\n<script type=\"application\/ld+json\" class=\"yoast-schema-graph\">{\"@context\":\"https:\\\/\\\/schema.org\",\"@graph\":[{\"@type\":\"WebPage\",\"@id\":\"https:\\\/\\\/ses-creative.com\\\/de\\\/produkt\\\/5-aktivitaeten-reiserucksack\\\/\",\"url\":\"https:\\\/\\\/ses-creative.com\\\/de\\\/produkt\\\/5-aktivitaeten-reiserucksack\\\/\",\"name\":\"5 Aktivit\u00e4ten Reiserucksack - SES Creative\",\"isPartOf\":{\"@id\":\"https:\\\/\\\/ses-creative.com\\\/#website\"},\"primaryImageOfPage\":{\"@id\":\"https:\\\/\\\/ses-creative.com\\\/de\\\/produkt\\\/5-aktivitaeten-reiserucksack\\\/#primaryimage\"},\"image\":{\"@id\":\"https:\\\/\\\/ses-creative.com\\\/de\\\/produkt\\\/5-aktivitaeten-reiserucksack\\\/#primaryimage\"},\"thumbnailUrl\":\"https:\\\/\\\/ses-creative.com\\\/wp-content\\\/uploads\\\/2026\\\/01\\\/024011.jpg\",\"datePublished\":\"2026-02-05T13:52:21+00:00\",\"dateModified\":\"2026-02-06T09:51:23+00:00\",\"breadcrumb\":{\"@id\":\"https:\\\/\\\/ses-creative.com\\\/de\\\/produkt\\\/5-aktivitaeten-reiserucksack\\\/#breadcrumb\"},\"inLanguage\":\"de\",\"potentialAction\":[{\"@type\":\"ReadAction\",\"target\":[\"https:\\\/\\\/ses-creative.com\\\/de\\\/produkt\\\/5-aktivitaeten-reiserucksack\\\/\"]}]},{\"@type\":\"ImageObject\",\"inLanguage\":\"de\",\"@id\":\"https:\\\/\\\/ses-creative.com\\\/de\\\/produkt\\\/5-aktivitaeten-reiserucksack\\\/#primaryimage\",\"url\":\"https:\\\/\\\/ses-creative.com\\\/wp-content\\\/uploads\\\/2026\\\/01\\\/024011.jpg\",\"contentUrl\":\"https:\\\/\\\/ses-creative.com\\\/wp-content\\\/uploads\\\/2026\\\/01\\\/024011.jpg\",\"width\":1000,\"height\":1000},{\"@type\":\"BreadcrumbList\",\"@id\":\"https:\\\/\\\/ses-creative.com\\\/de\\\/produkt\\\/5-aktivitaeten-reiserucksack\\\/#breadcrumb\",\"itemListElement\":[{\"@type\":\"ListItem\",\"position\":1,\"name\":\"Shop\",\"item\":\"https:\\\/\\\/ses-creative.com\\\/de\\\/shop\\\/\"},{\"@type\":\"ListItem\",\"position\":2,\"name\":\"Drau\u00dfen spielen\",\"item\":\"https:\\\/\\\/ses-creative.com\\\/de\\\/product-categorie\\\/draussen-spielen\\\/\"},{\"@type\":\"ListItem\",\"position\":3,\"name\":\"5 Aktivit\u00e4ten Reiserucksack\"}]},{\"@type\":\"WebSite\",\"@id\":\"https:\\\/\\\/ses-creative.com\\\/#website\",\"url\":\"https:\\\/\\\/ses-creative.com\\\/\",\"name\":\"SES Creative\",\"description\":\"\",\"publisher\":{\"@id\":\"https:\\\/\\\/ses-creative.com\\\/#organization\"},\"potentialAction\":[{\"@type\":\"SearchAction\",\"target\":{\"@type\":\"EntryPoint\",\"urlTemplate\":\"https:\\\/\\\/ses-creative.com\\\/?s={search_term_string}\"},\"query-input\":{\"@type\":\"PropertyValueSpecification\",\"valueRequired\":true,\"valueName\":\"search_term_string\"}}],\"inLanguage\":\"de\"},{\"@type\":\"Organization\",\"@id\":\"https:\\\/\\\/ses-creative.com\\\/#organization\",\"name\":\"SES Creative\",\"url\":\"https:\\\/\\\/ses-creative.com\\\/\",\"logo\":{\"@type\":\"ImageObject\",\"inLanguage\":\"de\",\"@id\":\"https:\\\/\\\/ses-creative.com\\\/#\\\/schema\\\/logo\\\/image\\\/\",\"url\":\"https:\\\/\\\/ses-creative.com\\\/wp-content\\\/uploads\\\/2025\\\/10\\\/ses-creative-logo.jpg\",\"contentUrl\":\"https:\\\/\\\/ses-creative.com\\\/wp-content\\\/uploads\\\/2025\\\/10\\\/ses-creative-logo.jpg\",\"width\":2037,\"height\":2037,\"caption\":\"SES Creative\"},\"image\":{\"@id\":\"https:\\\/\\\/ses-creative.com\\\/#\\\/schema\\\/logo\\\/image\\\/\"}}]}<\/script>\n<!-- \/ Yoast SEO plugin. -->","yoast_head_json":{"title":"5 Aktivit\u00e4ten Reiserucksack - SES Creative","robots":{"index":"index","follow":"follow","max-snippet":"max-snippet:-1","max-image-preview":"max-image-preview:large","max-video-preview":"max-video-preview:-1"},"canonical":"https:\/\/ses-creative.com\/de\/produkt\/5-aktivitaeten-reiserucksack\/","og_locale":"de_DE","og_type":"article","og_title":"5 Aktivit\u00e4ten Reiserucksack - SES Creative","og_description":"Entdecke eine Welt voller Kreativit\u00e4t und Spa\u00df mit der Aktivit\u00e4tentasche! Diese wundersch\u00f6ne 5-in-1-Reisetasche bietet stundenlangen Spa\u00df und ist ideal f\u00fcr unterwegs. Du kannst die Tasche selbst ausmalen und verzieren und sie zum Aufbewahren all deiner Bastelsachen verwenden. Du kannst auch deinen eigenen Schmuck basteln und wundersch\u00f6ne Karten gestalten. Die Aktivit\u00e4ten f\u00f6rdern deine Kreativit\u00e4t und verbessern [&hellip;]","og_url":"https:\/\/ses-creative.com\/de\/produkt\/5-aktivitaeten-reiserucksack\/","og_site_name":"SES Creative","article_modified_time":"2026-02-06T09:51:23+00:00","twitter_card":"summary_large_image","twitter_misc":{"Gesch\u00e4tzte Lesezeit":"2\u00a0Minuten"},"schema":{"@context":"https:\/\/schema.org","@graph":[{"@type":"WebPage","@id":"https:\/\/ses-creative.com\/de\/produkt\/5-aktivitaeten-reiserucksack\/","url":"https:\/\/ses-creative.com\/de\/produkt\/5-aktivitaeten-reiserucksack\/","name":"5 Aktivit\u00e4ten Reiserucksack - SES Creative","isPartOf":{"@id":"https:\/\/ses-creative.com\/#website"},"primaryImageOfPage":{"@id":"https:\/\/ses-creative.com\/de\/produkt\/5-aktivitaeten-reiserucksack\/#primaryimage"},"image":{"@id":"https:\/\/ses-creative.com\/de\/produkt\/5-aktivitaeten-reiserucksack\/#primaryimage"},"thumbnailUrl":"https:\/\/ses-creative.com\/wp-content\/uploads\/2026\/01\/024011.jpg","datePublished":"2026-02-05T13:52:21+00:00","dateModified":"2026-02-06T09:51:23+00:00","breadcrumb":{"@id":"https:\/\/ses-creative.com\/de\/produkt\/5-aktivitaeten-reiserucksack\/#breadcrumb"},"inLanguage":"de","potentialAction":[{"@type":"ReadAction","target":["https:\/\/ses-creative.com\/de\/produkt\/5-aktivitaeten-reiserucksack\/"]}]},{"@type":"ImageObject","inLanguage":"de","@id":"https:\/\/ses-creative.com\/de\/produkt\/5-aktivitaeten-reiserucksack\/#primaryimage","url":"https:\/\/ses-creative.com\/wp-content\/uploads\/2026\/01\/024011.jpg","contentUrl":"https:\/\/ses-creative.com\/wp-content\/uploads\/2026\/01\/024011.jpg","width":1000,"height":1000},{"@type":"BreadcrumbList","@id":"https:\/\/ses-creative.com\/de\/produkt\/5-aktivitaeten-reiserucksack\/#breadcrumb","itemListElement":[{"@type":"ListItem","position":1,"name":"Shop","item":"https:\/\/ses-creative.com\/de\/shop\/"},{"@type":"ListItem","position":2,"name":"Drau\u00dfen spielen","item":"https:\/\/ses-creative.com\/de\/product-categorie\/draussen-spielen\/"},{"@type":"ListItem","position":3,"name":"5 Aktivit\u00e4ten Reiserucksack"}]},{"@type":"WebSite","@id":"https:\/\/ses-creative.com\/#website","url":"https:\/\/ses-creative.com\/","name":"SES Creative","description":"","publisher":{"@id":"https:\/\/ses-creative.com\/#organization"},"potentialAction":[{"@type":"SearchAction","target":{"@type":"EntryPoint","urlTemplate":"https:\/\/ses-creative.com\/?s={search_term_string}"},"query-input":{"@type":"PropertyValueSpecification","valueRequired":true,"valueName":"search_term_string"}}],"inLanguage":"de"},{"@type":"Organization","@id":"https:\/\/ses-creative.com\/#organization","name":"SES Creative","url":"https:\/\/ses-creative.com\/","logo":{"@type":"ImageObject","inLanguage":"de","@id":"https:\/\/ses-creative.com\/#\/schema\/logo\/image\/","url":"https:\/\/ses-creative.com\/wp-content\/uploads\/2025\/10\/ses-creative-logo.jpg","contentUrl":"https:\/\/ses-creative.com\/wp-content\/uploads\/2025\/10\/ses-creative-logo.jpg","width":2037,"height":2037,"caption":"SES Creative"},"image":{"@id":"https:\/\/ses-creative.com\/#\/schema\/logo\/image\/"}}]}},"_links":{"self":[{"href":"https:\/\/ses-creative.com\/de\/wp-json\/wp\/v2\/product\/114519","targetHints":{"allow":["GET"]}}],"collection":[{"href":"https:\/\/ses-creative.com\/de\/wp-json\/wp\/v2\/product"}],"about":[{"href":"https:\/\/ses-creative.com\/de\/wp-json\/wp\/v2\/types\/product"}],"replies":[{"embeddable":true,"href":"https:\/\/ses-creative.com\/de\/wp-json\/wp\/v2\/comments?post=114519"}],"wp:featuredmedia":[{"embeddable":true,"href":"https:\/\/ses-creative.com\/de\/wp-json\/wp\/v2\/media\/99568"}],"wp:attachment":[{"href":"https:\/\/ses-creative.com\/de\/wp-json\/wp\/v2\/media?parent=114519"}],"wp:term":[{"taxonomy":"product_brand","embeddable":true,"href":"https:\/\/ses-creative.com\/de\/wp-json\/wp\/v2\/product_brand?post=114519"},{"taxonomy":"product_cat","embeddable":true,"href":"https:\/\/ses-creative.com\/de\/wp-json\/wp\/v2\/product_cat?post=114519"},{"taxonomy":"product_tag","embeddable":true,"href":"https:\/\/ses-creative.com\/de\/wp-json\/wp\/v2\/product_tag?post=114519"}],"curies":[{"name":"wp","href":"https:\/\/api.w.org\/{rel}","templated":true}]}}