











{"id":114514,"date":"2026-02-05T13:52:20","date_gmt":"2026-02-05T13:52:20","guid":{"rendered":"https:\/\/ses-creative.com\/?post_type=product&#038;p=114514"},"modified":"2026-02-06T09:51:23","modified_gmt":"2026-02-06T09:51:23","slug":"riesiger-seifenblasen","status":"publish","type":"product","link":"https:\/\/ses-creative.com\/de\/produkt\/riesiger-seifenblasen\/","title":{"rendered":"Riesiger Seifenblasen"},"content":{"rendered":"<p>Machen Sie sich bereit, mit Giant Mega Bubbles Magie zu erschaffen!<br \/>\nDieses fantastische Set enth\u00e4lt extra lange St\u00e4be, mit denen Sie XXL-Seifenblasen machen k\u00f6nnen, die bei jeder Outdoor-Aktivit\u00e4t f\u00fcr Freude und Staunen sorgen. Tauchen Sie die Schnur in die Seifenblasenfl\u00fcssigkeit, spreizen Sie die St\u00e4be und sehen Sie zu, wie riesige Seifenblasen entstehen und davonfliegen. Perfekt f\u00fcr den Garten, den Park oder den Strand \u2013 diese Seifenblasen werden Kinder und Erwachsene gleicherma\u00dfen begeistern.<br \/>\nWas dieses Set so gro\u00dfartig macht<br \/>\n&#8211;    Erzeugen Sie riesige Seifenblasen<br \/>\n&#8211;    Verl\u00e4ngerungen f\u00fcr das Seifenblasenger\u00e4t, um noch gr\u00f6\u00dfere Seifenblasen zu erzeugen<br \/>\n&#8211;    Superstarke Seifenblasenfl\u00fcssigkeit f\u00fcr extra gro\u00dfe Seifenblasen<br \/>\n&#8211;    Perfekt f\u00fcr Outdoor-Aktivit\u00e4ten im Sommer<br \/>\n&#8211;    Nachf\u00fcllpackung f\u00fcr die Seifenl\u00f6sung erh\u00e4ltlich<br \/>\nSo gro\u00df haben Sie sie noch nie gesehen!<br \/>\nMit dem Giga Mega Bubbles Set haben Sie alles, was Sie brauchen, um riesige, glitzernde Seifenblasen zu erzeugen, die anmutig durch die Luft schweben. Seifenblasen machen ist nicht nur Spa\u00df, sondern auch eine bezaubernde Aktivit\u00e4t, die fasziniert und unterh\u00e4lt. Au\u00dferdem ist es eine gro\u00dfartige M\u00f6glichkeit, sich im Freien aufzuhalten, die frische Luft zu genie\u00dfen und sich k\u00f6rperlich zu bet\u00e4tigen. Dar\u00fcber hinaus f\u00f6rdert das Erzeugen von Seifenblasen die Entwicklung der Koordination und der motorischen F\u00e4higkeiten und sorgt gleichzeitig f\u00fcr endlosen Spa\u00df und Freude.<br \/>\nInhalt des Sets<br \/>\n&#8211;    Seifenblasen-Werkzeug f\u00fcr riesige Seifenblasen<br \/>\n&#8211;    Mit Aufs\u00e4tzen f\u00fcr noch gr\u00f6\u00dfere Seifenblasen<br \/>\n&#8211;    200 ml Seifenblasenfl\u00fcssigkeit<br \/>\n&#8211;    Beh\u00e4lter f\u00fcr Seifenblasen<br \/>\nWarum SES Creative w\u00e4hlen?<br \/>\nBei SES Creative legen wir gro\u00dfen Wert auf Sicherheit. Deshalb werden die Produkte in unserer Fabrik in den Niederlanden nach den strengsten europ\u00e4ischen Sicherheitsnormen hergestellt und getestet. Spielzeug von SES Creative sorgt f\u00fcr Spa\u00df und soll Kindern ein Gef\u00fchl der Stolz auf ihre Arbeit vermitteln, was ihre Kreativit\u00e4t und Entwicklung f\u00f6rdert.<br \/>\nBeginnen Sie noch heute mit der Herstellung von riesigen Mega-Seifenblasen!<br \/>\nSind Sie bereit, etwas Magisches zu erschaffen? Schnappen Sie sich Ihr Giant Mega Bubbles Set, gehen Sie nach drau\u00dfen und beginnen Sie, wundersch\u00f6ne Seifenblasen zu machen, die alle begeistern werden. Es ist Zeit, einzutauchen, zu verteilen und unvergessliche Seifenblasenmomente zu schaffen!<\/p>\n","protected":false},"excerpt":{"rendered":"<p>Machen Sie sich bereit, mit Giant Mega Bubbles Magie zu erschaffen! Dieses fantastische Set enth\u00e4lt extra lange St\u00e4be, mit denen Sie XXL-Seifenblasen machen k\u00f6nnen, die bei jeder Outdoor-Aktivit\u00e4t f\u00fcr Freude und Staunen sorgen. Tauchen Sie die Schnur in die Seifenblasenfl\u00fcssigkeit, spreizen Sie die St\u00e4be und sehen Sie zu, wie riesige Seifenblasen entstehen und davonfliegen. Perfekt [&hellip;]<\/p>\n","protected":false},"featured_media":0,"comment_status":"closed","ping_status":"closed","template":"","meta":{"_acf_changed":false},"product_brand":[],"product_cat":[119],"product_tag":[],"class_list":{"0":"post-114514","1":"product","2":"type-product","3":"status-publish","5":"product_cat-draussen-spielen","6":"pa_collecties-mega-bubbles","7":"pa_leeftijd-filter-4-6-jahre","8":"pa_meest-populair-bij-jungen-maedchen","10":"first","11":"instock","12":"shipping-taxable","13":"product-type-simple"},"acf":[],"yoast_head":"<!-- This site is optimized with the Yoast SEO plugin v27.4 - https:\/\/yoast.com\/product\/yoast-seo-wordpress\/ -->\n<title>Riesiger Seifenblasen - SES Creative<\/title>\n<meta name=\"robots\" content=\"index, follow, max-snippet:-1, max-image-preview:large, max-video-preview:-1\" \/>\n<link rel=\"canonical\" href=\"https:\/\/ses-creative.com\/de\/produkt\/riesiger-seifenblasen\/\" \/>\n<meta property=\"og:locale\" content=\"de_DE\" \/>\n<meta property=\"og:type\" content=\"article\" \/>\n<meta property=\"og:title\" content=\"Riesiger Seifenblasen - SES Creative\" \/>\n<meta property=\"og:description\" content=\"Machen Sie sich bereit, mit Giant Mega Bubbles Magie zu erschaffen! Dieses fantastische Set enth\u00e4lt extra lange St\u00e4be, mit denen Sie XXL-Seifenblasen machen k\u00f6nnen, die bei jeder Outdoor-Aktivit\u00e4t f\u00fcr Freude und Staunen sorgen. Tauchen Sie die Schnur in die Seifenblasenfl\u00fcssigkeit, spreizen Sie die St\u00e4be und sehen Sie zu, wie riesige Seifenblasen entstehen und davonfliegen. Perfekt [&hellip;]\" \/>\n<meta property=\"og:url\" content=\"https:\/\/ses-creative.com\/de\/produkt\/riesiger-seifenblasen\/\" \/>\n<meta property=\"og:site_name\" content=\"SES Creative\" \/>\n<meta property=\"article:modified_time\" content=\"2026-02-06T09:51:23+00:00\" \/>\n<meta name=\"twitter:card\" content=\"summary_large_image\" \/>\n<meta name=\"twitter:label1\" content=\"Gesch\u00e4tzte Lesezeit\" \/>\n\t<meta name=\"twitter:data1\" content=\"2\u00a0Minuten\" \/>\n<script type=\"application\/ld+json\" class=\"yoast-schema-graph\">{\"@context\":\"https:\\\/\\\/schema.org\",\"@graph\":[{\"@type\":\"WebPage\",\"@id\":\"https:\\\/\\\/ses-creative.com\\\/de\\\/produkt\\\/riesiger-seifenblasen\\\/\",\"url\":\"https:\\\/\\\/ses-creative.com\\\/de\\\/produkt\\\/riesiger-seifenblasen\\\/\",\"name\":\"Riesiger Seifenblasen - SES Creative\",\"isPartOf\":{\"@id\":\"https:\\\/\\\/ses-creative.com\\\/#website\"},\"datePublished\":\"2026-02-05T13:52:20+00:00\",\"dateModified\":\"2026-02-06T09:51:23+00:00\",\"breadcrumb\":{\"@id\":\"https:\\\/\\\/ses-creative.com\\\/de\\\/produkt\\\/riesiger-seifenblasen\\\/#breadcrumb\"},\"inLanguage\":\"de\",\"potentialAction\":[{\"@type\":\"ReadAction\",\"target\":[\"https:\\\/\\\/ses-creative.com\\\/de\\\/produkt\\\/riesiger-seifenblasen\\\/\"]}]},{\"@type\":\"BreadcrumbList\",\"@id\":\"https:\\\/\\\/ses-creative.com\\\/de\\\/produkt\\\/riesiger-seifenblasen\\\/#breadcrumb\",\"itemListElement\":[{\"@type\":\"ListItem\",\"position\":1,\"name\":\"Shop\",\"item\":\"https:\\\/\\\/ses-creative.com\\\/de\\\/shop\\\/\"},{\"@type\":\"ListItem\",\"position\":2,\"name\":\"Drau\u00dfen spielen\",\"item\":\"https:\\\/\\\/ses-creative.com\\\/de\\\/product-categorie\\\/draussen-spielen\\\/\"},{\"@type\":\"ListItem\",\"position\":3,\"name\":\"Riesiger Seifenblasen\"}]},{\"@type\":\"WebSite\",\"@id\":\"https:\\\/\\\/ses-creative.com\\\/#website\",\"url\":\"https:\\\/\\\/ses-creative.com\\\/\",\"name\":\"SES Creative\",\"description\":\"\",\"publisher\":{\"@id\":\"https:\\\/\\\/ses-creative.com\\\/#organization\"},\"potentialAction\":[{\"@type\":\"SearchAction\",\"target\":{\"@type\":\"EntryPoint\",\"urlTemplate\":\"https:\\\/\\\/ses-creative.com\\\/?s={search_term_string}\"},\"query-input\":{\"@type\":\"PropertyValueSpecification\",\"valueRequired\":true,\"valueName\":\"search_term_string\"}}],\"inLanguage\":\"de\"},{\"@type\":\"Organization\",\"@id\":\"https:\\\/\\\/ses-creative.com\\\/#organization\",\"name\":\"SES Creative\",\"url\":\"https:\\\/\\\/ses-creative.com\\\/\",\"logo\":{\"@type\":\"ImageObject\",\"inLanguage\":\"de\",\"@id\":\"https:\\\/\\\/ses-creative.com\\\/#\\\/schema\\\/logo\\\/image\\\/\",\"url\":\"https:\\\/\\\/ses-creative.com\\\/wp-content\\\/uploads\\\/2025\\\/10\\\/ses-creative-logo.jpg\",\"contentUrl\":\"https:\\\/\\\/ses-creative.com\\\/wp-content\\\/uploads\\\/2025\\\/10\\\/ses-creative-logo.jpg\",\"width\":2037,\"height\":2037,\"caption\":\"SES Creative\"},\"image\":{\"@id\":\"https:\\\/\\\/ses-creative.com\\\/#\\\/schema\\\/logo\\\/image\\\/\"}}]}<\/script>\n<!-- \/ Yoast SEO plugin. -->","yoast_head_json":{"title":"Riesiger Seifenblasen - SES Creative","robots":{"index":"index","follow":"follow","max-snippet":"max-snippet:-1","max-image-preview":"max-image-preview:large","max-video-preview":"max-video-preview:-1"},"canonical":"https:\/\/ses-creative.com\/de\/produkt\/riesiger-seifenblasen\/","og_locale":"de_DE","og_type":"article","og_title":"Riesiger Seifenblasen - SES Creative","og_description":"Machen Sie sich bereit, mit Giant Mega Bubbles Magie zu erschaffen! Dieses fantastische Set enth\u00e4lt extra lange St\u00e4be, mit denen Sie XXL-Seifenblasen machen k\u00f6nnen, die bei jeder Outdoor-Aktivit\u00e4t f\u00fcr Freude und Staunen sorgen. Tauchen Sie die Schnur in die Seifenblasenfl\u00fcssigkeit, spreizen Sie die St\u00e4be und sehen Sie zu, wie riesige Seifenblasen entstehen und davonfliegen. Perfekt [&hellip;]","og_url":"https:\/\/ses-creative.com\/de\/produkt\/riesiger-seifenblasen\/","og_site_name":"SES Creative","article_modified_time":"2026-02-06T09:51:23+00:00","twitter_card":"summary_large_image","twitter_misc":{"Gesch\u00e4tzte Lesezeit":"2\u00a0Minuten"},"schema":{"@context":"https:\/\/schema.org","@graph":[{"@type":"WebPage","@id":"https:\/\/ses-creative.com\/de\/produkt\/riesiger-seifenblasen\/","url":"https:\/\/ses-creative.com\/de\/produkt\/riesiger-seifenblasen\/","name":"Riesiger Seifenblasen - SES Creative","isPartOf":{"@id":"https:\/\/ses-creative.com\/#website"},"datePublished":"2026-02-05T13:52:20+00:00","dateModified":"2026-02-06T09:51:23+00:00","breadcrumb":{"@id":"https:\/\/ses-creative.com\/de\/produkt\/riesiger-seifenblasen\/#breadcrumb"},"inLanguage":"de","potentialAction":[{"@type":"ReadAction","target":["https:\/\/ses-creative.com\/de\/produkt\/riesiger-seifenblasen\/"]}]},{"@type":"BreadcrumbList","@id":"https:\/\/ses-creative.com\/de\/produkt\/riesiger-seifenblasen\/#breadcrumb","itemListElement":[{"@type":"ListItem","position":1,"name":"Shop","item":"https:\/\/ses-creative.com\/de\/shop\/"},{"@type":"ListItem","position":2,"name":"Drau\u00dfen spielen","item":"https:\/\/ses-creative.com\/de\/product-categorie\/draussen-spielen\/"},{"@type":"ListItem","position":3,"name":"Riesiger Seifenblasen"}]},{"@type":"WebSite","@id":"https:\/\/ses-creative.com\/#website","url":"https:\/\/ses-creative.com\/","name":"SES Creative","description":"","publisher":{"@id":"https:\/\/ses-creative.com\/#organization"},"potentialAction":[{"@type":"SearchAction","target":{"@type":"EntryPoint","urlTemplate":"https:\/\/ses-creative.com\/?s={search_term_string}"},"query-input":{"@type":"PropertyValueSpecification","valueRequired":true,"valueName":"search_term_string"}}],"inLanguage":"de"},{"@type":"Organization","@id":"https:\/\/ses-creative.com\/#organization","name":"SES Creative","url":"https:\/\/ses-creative.com\/","logo":{"@type":"ImageObject","inLanguage":"de","@id":"https:\/\/ses-creative.com\/#\/schema\/logo\/image\/","url":"https:\/\/ses-creative.com\/wp-content\/uploads\/2025\/10\/ses-creative-logo.jpg","contentUrl":"https:\/\/ses-creative.com\/wp-content\/uploads\/2025\/10\/ses-creative-logo.jpg","width":2037,"height":2037,"caption":"SES Creative"},"image":{"@id":"https:\/\/ses-creative.com\/#\/schema\/logo\/image\/"}}]}},"_links":{"self":[{"href":"https:\/\/ses-creative.com\/de\/wp-json\/wp\/v2\/product\/114514","targetHints":{"allow":["GET"]}}],"collection":[{"href":"https:\/\/ses-creative.com\/de\/wp-json\/wp\/v2\/product"}],"about":[{"href":"https:\/\/ses-creative.com\/de\/wp-json\/wp\/v2\/types\/product"}],"replies":[{"embeddable":true,"href":"https:\/\/ses-creative.com\/de\/wp-json\/wp\/v2\/comments?post=114514"}],"wp:attachment":[{"href":"https:\/\/ses-creative.com\/de\/wp-json\/wp\/v2\/media?parent=114514"}],"wp:term":[{"taxonomy":"product_brand","embeddable":true,"href":"https:\/\/ses-creative.com\/de\/wp-json\/wp\/v2\/product_brand?post=114514"},{"taxonomy":"product_cat","embeddable":true,"href":"https:\/\/ses-creative.com\/de\/wp-json\/wp\/v2\/product_cat?post=114514"},{"taxonomy":"product_tag","embeddable":true,"href":"https:\/\/ses-creative.com\/de\/wp-json\/wp\/v2\/product_tag?post=114514"}],"curies":[{"name":"wp","href":"https:\/\/api.w.org\/{rel}","templated":true}]}}