











{"id":114513,"date":"2026-02-05T13:52:20","date_gmt":"2026-02-05T13:52:20","guid":{"rendered":"https:\/\/ses-creative.com\/?post_type=product&#038;p=114513"},"modified":"2026-02-06T09:51:23","modified_gmt":"2026-02-06T09:51:23","slug":"spiderweb-mega-seifenblasen","status":"publish","type":"product","link":"https:\/\/ses-creative.com\/de\/produkt\/spiderweb-mega-seifenblasen\/","title":{"rendered":"Spiderweb Mega Seifenblasen"},"content":{"rendered":"<p>Erzeugen Sie gruselig sch\u00f6ne Seifenblasen mit dem Spinnennetz!<br \/>\nMit diesem Spinnennetz-Megablasen-Set k\u00f6nnen Kinder riesige Seifenblasen machen. Dank der speziellen Spinnennetzform und der superstarken Seifenblasenfl\u00fcssigkeit lassen sich im Handumdrehen riesige Seifenblasen machen, die lange in der Luft schweben. Wie gro\u00df kannst du sie machen, bevor sie platzen?<br \/>\nWas dieses Set so toll macht<br \/>\n&#8211;    Superstarke Seifenblasenfl\u00fcssigkeit f\u00fcr extra gro\u00dfe Seifenblasen<br \/>\n&#8211;    Erstellen Sie Mega-Seifenblasen, die lange schweben bleiben<br \/>\n&#8211;    Gruseliges Thema. Spinnennetzform f\u00fcr einzigartige und gro\u00dfe Seifenblasen<br \/>\n&#8211;    Perfekt f\u00fcr Aktivit\u00e4ten im Freien<br \/>\n&#8211;    Nachf\u00fcllpackung f\u00fcr die Seifenl\u00f6sung erh\u00e4ltlich<br \/>\nEntdecken Sie den Spa\u00df an Mega-Seifenblasen<br \/>\nMit diesem Set k\u00f6nnen Sie ganz einfach riesige Seifenblasen erzeugen, die eine magische Atmosph\u00e4re schaffen. Tauchen Sie die Spinnennetzform in die Seifenl\u00f6sung, ziehen Sie sie vorsichtig auseinander und beobachten Sie, wie die Seifenblasen entstehen. Probieren Sie verschiedene Techniken aus und sehen Sie, wie weit Sie die Seifenblasen fliegen lassen k\u00f6nnen!<br \/>\nInhalt des Sets<br \/>\n&#8211;    Holzspinnennetz-Seifenblasenwerkzeug<br \/>\n&#8211;    Seifenblasenfl\u00fcssigkeit (200 ml)<br \/>\nWarum SES Creative w\u00e4hlen?<br \/>\nBei SES Creative legen wir gro\u00dfen Wert auf Sicherheit. Deshalb werden die Produkte in der Fabrik in den Niederlanden nach den strengsten europ\u00e4ischen Sicherheitsnormen hergestellt und getestet. Spielzeug von SES Creative sorgt f\u00fcr Spa\u00df und zielt darauf ab, dass Kinder stolz auf ihre Arbeit sein k\u00f6nnen, was ihre Kreativit\u00e4t und Entwicklung f\u00f6rdert.<br \/>\nBeginnen Sie noch heute mit Spinnennetz-Megablasen!<br \/>\nErleben Sie stundenlangen Spielspa\u00df mit dem Spinnenweb Mega Bubbles Set. Ideal f\u00fcr Kinder, die gerne drau\u00dfen spielen und die gr\u00f6\u00dften Seifenblasen machen wollen!<\/p>\n","protected":false},"excerpt":{"rendered":"<p>Erzeugen Sie gruselig sch\u00f6ne Seifenblasen mit dem Spinnennetz! Mit diesem Spinnennetz-Megablasen-Set k\u00f6nnen Kinder riesige Seifenblasen machen. Dank der speziellen Spinnennetzform und der superstarken Seifenblasenfl\u00fcssigkeit lassen sich im Handumdrehen riesige Seifenblasen machen, die lange in der Luft schweben. Wie gro\u00df kannst du sie machen, bevor sie platzen? Was dieses Set so toll macht &#8211; Superstarke Seifenblasenfl\u00fcssigkeit [&hellip;]<\/p>\n","protected":false},"featured_media":99428,"comment_status":"closed","ping_status":"closed","template":"","meta":{"_acf_changed":false},"product_brand":[],"product_cat":[119],"product_tag":[],"class_list":{"0":"post-114513","1":"product","2":"type-product","3":"status-publish","4":"has-post-thumbnail","6":"product_cat-draussen-spielen","7":"pa_collecties-mega-bubbles","8":"pa_leeftijd-filter-4-6-jahre","9":"pa_meest-populair-bij-jungen-maedchen","11":"first","12":"instock","13":"shipping-taxable","14":"product-type-simple"},"acf":[],"yoast_head":"<!-- This site is optimized with the Yoast SEO plugin v27.4 - https:\/\/yoast.com\/product\/yoast-seo-wordpress\/ -->\n<title>Spiderweb Mega Seifenblasen - SES Creative<\/title>\n<meta name=\"robots\" content=\"index, follow, max-snippet:-1, max-image-preview:large, max-video-preview:-1\" \/>\n<link rel=\"canonical\" href=\"https:\/\/ses-creative.com\/de\/produkt\/spiderweb-mega-seifenblasen\/\" \/>\n<meta property=\"og:locale\" content=\"de_DE\" \/>\n<meta property=\"og:type\" content=\"article\" \/>\n<meta property=\"og:title\" content=\"Spiderweb Mega Seifenblasen - SES Creative\" \/>\n<meta property=\"og:description\" content=\"Erzeugen Sie gruselig sch\u00f6ne Seifenblasen mit dem Spinnennetz! Mit diesem Spinnennetz-Megablasen-Set k\u00f6nnen Kinder riesige Seifenblasen machen. Dank der speziellen Spinnennetzform und der superstarken Seifenblasenfl\u00fcssigkeit lassen sich im Handumdrehen riesige Seifenblasen machen, die lange in der Luft schweben. Wie gro\u00df kannst du sie machen, bevor sie platzen? Was dieses Set so toll macht &#8211; Superstarke Seifenblasenfl\u00fcssigkeit [&hellip;]\" \/>\n<meta property=\"og:url\" content=\"https:\/\/ses-creative.com\/de\/produkt\/spiderweb-mega-seifenblasen\/\" \/>\n<meta property=\"og:site_name\" content=\"SES Creative\" \/>\n<meta property=\"article:modified_time\" content=\"2026-02-06T09:51:23+00:00\" \/>\n<meta name=\"twitter:card\" content=\"summary_large_image\" \/>\n<meta name=\"twitter:label1\" content=\"Gesch\u00e4tzte Lesezeit\" \/>\n\t<meta name=\"twitter:data1\" content=\"1\u00a0Minute\" \/>\n<script type=\"application\/ld+json\" class=\"yoast-schema-graph\">{\"@context\":\"https:\\\/\\\/schema.org\",\"@graph\":[{\"@type\":\"WebPage\",\"@id\":\"https:\\\/\\\/ses-creative.com\\\/de\\\/produkt\\\/spiderweb-mega-seifenblasen\\\/\",\"url\":\"https:\\\/\\\/ses-creative.com\\\/de\\\/produkt\\\/spiderweb-mega-seifenblasen\\\/\",\"name\":\"Spiderweb Mega Seifenblasen - SES Creative\",\"isPartOf\":{\"@id\":\"https:\\\/\\\/ses-creative.com\\\/#website\"},\"primaryImageOfPage\":{\"@id\":\"https:\\\/\\\/ses-creative.com\\\/de\\\/produkt\\\/spiderweb-mega-seifenblasen\\\/#primaryimage\"},\"image\":{\"@id\":\"https:\\\/\\\/ses-creative.com\\\/de\\\/produkt\\\/spiderweb-mega-seifenblasen\\\/#primaryimage\"},\"thumbnailUrl\":\"https:\\\/\\\/ses-creative.com\\\/wp-content\\\/uploads\\\/2026\\\/01\\\/023221.jpg\",\"datePublished\":\"2026-02-05T13:52:20+00:00\",\"dateModified\":\"2026-02-06T09:51:23+00:00\",\"breadcrumb\":{\"@id\":\"https:\\\/\\\/ses-creative.com\\\/de\\\/produkt\\\/spiderweb-mega-seifenblasen\\\/#breadcrumb\"},\"inLanguage\":\"de\",\"potentialAction\":[{\"@type\":\"ReadAction\",\"target\":[\"https:\\\/\\\/ses-creative.com\\\/de\\\/produkt\\\/spiderweb-mega-seifenblasen\\\/\"]}]},{\"@type\":\"ImageObject\",\"inLanguage\":\"de\",\"@id\":\"https:\\\/\\\/ses-creative.com\\\/de\\\/produkt\\\/spiderweb-mega-seifenblasen\\\/#primaryimage\",\"url\":\"https:\\\/\\\/ses-creative.com\\\/wp-content\\\/uploads\\\/2026\\\/01\\\/023221.jpg\",\"contentUrl\":\"https:\\\/\\\/ses-creative.com\\\/wp-content\\\/uploads\\\/2026\\\/01\\\/023221.jpg\",\"width\":1000,\"height\":1000},{\"@type\":\"BreadcrumbList\",\"@id\":\"https:\\\/\\\/ses-creative.com\\\/de\\\/produkt\\\/spiderweb-mega-seifenblasen\\\/#breadcrumb\",\"itemListElement\":[{\"@type\":\"ListItem\",\"position\":1,\"name\":\"Shop\",\"item\":\"https:\\\/\\\/ses-creative.com\\\/de\\\/shop\\\/\"},{\"@type\":\"ListItem\",\"position\":2,\"name\":\"Drau\u00dfen spielen\",\"item\":\"https:\\\/\\\/ses-creative.com\\\/de\\\/product-categorie\\\/draussen-spielen\\\/\"},{\"@type\":\"ListItem\",\"position\":3,\"name\":\"Spiderweb Mega Seifenblasen\"}]},{\"@type\":\"WebSite\",\"@id\":\"https:\\\/\\\/ses-creative.com\\\/#website\",\"url\":\"https:\\\/\\\/ses-creative.com\\\/\",\"name\":\"SES Creative\",\"description\":\"\",\"publisher\":{\"@id\":\"https:\\\/\\\/ses-creative.com\\\/#organization\"},\"potentialAction\":[{\"@type\":\"SearchAction\",\"target\":{\"@type\":\"EntryPoint\",\"urlTemplate\":\"https:\\\/\\\/ses-creative.com\\\/?s={search_term_string}\"},\"query-input\":{\"@type\":\"PropertyValueSpecification\",\"valueRequired\":true,\"valueName\":\"search_term_string\"}}],\"inLanguage\":\"de\"},{\"@type\":\"Organization\",\"@id\":\"https:\\\/\\\/ses-creative.com\\\/#organization\",\"name\":\"SES Creative\",\"url\":\"https:\\\/\\\/ses-creative.com\\\/\",\"logo\":{\"@type\":\"ImageObject\",\"inLanguage\":\"de\",\"@id\":\"https:\\\/\\\/ses-creative.com\\\/#\\\/schema\\\/logo\\\/image\\\/\",\"url\":\"https:\\\/\\\/ses-creative.com\\\/wp-content\\\/uploads\\\/2025\\\/10\\\/ses-creative-logo.jpg\",\"contentUrl\":\"https:\\\/\\\/ses-creative.com\\\/wp-content\\\/uploads\\\/2025\\\/10\\\/ses-creative-logo.jpg\",\"width\":2037,\"height\":2037,\"caption\":\"SES Creative\"},\"image\":{\"@id\":\"https:\\\/\\\/ses-creative.com\\\/#\\\/schema\\\/logo\\\/image\\\/\"}}]}<\/script>\n<!-- \/ Yoast SEO plugin. -->","yoast_head_json":{"title":"Spiderweb Mega Seifenblasen - SES Creative","robots":{"index":"index","follow":"follow","max-snippet":"max-snippet:-1","max-image-preview":"max-image-preview:large","max-video-preview":"max-video-preview:-1"},"canonical":"https:\/\/ses-creative.com\/de\/produkt\/spiderweb-mega-seifenblasen\/","og_locale":"de_DE","og_type":"article","og_title":"Spiderweb Mega Seifenblasen - SES Creative","og_description":"Erzeugen Sie gruselig sch\u00f6ne Seifenblasen mit dem Spinnennetz! Mit diesem Spinnennetz-Megablasen-Set k\u00f6nnen Kinder riesige Seifenblasen machen. Dank der speziellen Spinnennetzform und der superstarken Seifenblasenfl\u00fcssigkeit lassen sich im Handumdrehen riesige Seifenblasen machen, die lange in der Luft schweben. Wie gro\u00df kannst du sie machen, bevor sie platzen? Was dieses Set so toll macht &#8211; Superstarke Seifenblasenfl\u00fcssigkeit [&hellip;]","og_url":"https:\/\/ses-creative.com\/de\/produkt\/spiderweb-mega-seifenblasen\/","og_site_name":"SES Creative","article_modified_time":"2026-02-06T09:51:23+00:00","twitter_card":"summary_large_image","twitter_misc":{"Gesch\u00e4tzte Lesezeit":"1\u00a0Minute"},"schema":{"@context":"https:\/\/schema.org","@graph":[{"@type":"WebPage","@id":"https:\/\/ses-creative.com\/de\/produkt\/spiderweb-mega-seifenblasen\/","url":"https:\/\/ses-creative.com\/de\/produkt\/spiderweb-mega-seifenblasen\/","name":"Spiderweb Mega Seifenblasen - SES Creative","isPartOf":{"@id":"https:\/\/ses-creative.com\/#website"},"primaryImageOfPage":{"@id":"https:\/\/ses-creative.com\/de\/produkt\/spiderweb-mega-seifenblasen\/#primaryimage"},"image":{"@id":"https:\/\/ses-creative.com\/de\/produkt\/spiderweb-mega-seifenblasen\/#primaryimage"},"thumbnailUrl":"https:\/\/ses-creative.com\/wp-content\/uploads\/2026\/01\/023221.jpg","datePublished":"2026-02-05T13:52:20+00:00","dateModified":"2026-02-06T09:51:23+00:00","breadcrumb":{"@id":"https:\/\/ses-creative.com\/de\/produkt\/spiderweb-mega-seifenblasen\/#breadcrumb"},"inLanguage":"de","potentialAction":[{"@type":"ReadAction","target":["https:\/\/ses-creative.com\/de\/produkt\/spiderweb-mega-seifenblasen\/"]}]},{"@type":"ImageObject","inLanguage":"de","@id":"https:\/\/ses-creative.com\/de\/produkt\/spiderweb-mega-seifenblasen\/#primaryimage","url":"https:\/\/ses-creative.com\/wp-content\/uploads\/2026\/01\/023221.jpg","contentUrl":"https:\/\/ses-creative.com\/wp-content\/uploads\/2026\/01\/023221.jpg","width":1000,"height":1000},{"@type":"BreadcrumbList","@id":"https:\/\/ses-creative.com\/de\/produkt\/spiderweb-mega-seifenblasen\/#breadcrumb","itemListElement":[{"@type":"ListItem","position":1,"name":"Shop","item":"https:\/\/ses-creative.com\/de\/shop\/"},{"@type":"ListItem","position":2,"name":"Drau\u00dfen spielen","item":"https:\/\/ses-creative.com\/de\/product-categorie\/draussen-spielen\/"},{"@type":"ListItem","position":3,"name":"Spiderweb Mega Seifenblasen"}]},{"@type":"WebSite","@id":"https:\/\/ses-creative.com\/#website","url":"https:\/\/ses-creative.com\/","name":"SES Creative","description":"","publisher":{"@id":"https:\/\/ses-creative.com\/#organization"},"potentialAction":[{"@type":"SearchAction","target":{"@type":"EntryPoint","urlTemplate":"https:\/\/ses-creative.com\/?s={search_term_string}"},"query-input":{"@type":"PropertyValueSpecification","valueRequired":true,"valueName":"search_term_string"}}],"inLanguage":"de"},{"@type":"Organization","@id":"https:\/\/ses-creative.com\/#organization","name":"SES Creative","url":"https:\/\/ses-creative.com\/","logo":{"@type":"ImageObject","inLanguage":"de","@id":"https:\/\/ses-creative.com\/#\/schema\/logo\/image\/","url":"https:\/\/ses-creative.com\/wp-content\/uploads\/2025\/10\/ses-creative-logo.jpg","contentUrl":"https:\/\/ses-creative.com\/wp-content\/uploads\/2025\/10\/ses-creative-logo.jpg","width":2037,"height":2037,"caption":"SES Creative"},"image":{"@id":"https:\/\/ses-creative.com\/#\/schema\/logo\/image\/"}}]}},"_links":{"self":[{"href":"https:\/\/ses-creative.com\/de\/wp-json\/wp\/v2\/product\/114513","targetHints":{"allow":["GET"]}}],"collection":[{"href":"https:\/\/ses-creative.com\/de\/wp-json\/wp\/v2\/product"}],"about":[{"href":"https:\/\/ses-creative.com\/de\/wp-json\/wp\/v2\/types\/product"}],"replies":[{"embeddable":true,"href":"https:\/\/ses-creative.com\/de\/wp-json\/wp\/v2\/comments?post=114513"}],"wp:featuredmedia":[{"embeddable":true,"href":"https:\/\/ses-creative.com\/de\/wp-json\/wp\/v2\/media\/99428"}],"wp:attachment":[{"href":"https:\/\/ses-creative.com\/de\/wp-json\/wp\/v2\/media?parent=114513"}],"wp:term":[{"taxonomy":"product_brand","embeddable":true,"href":"https:\/\/ses-creative.com\/de\/wp-json\/wp\/v2\/product_brand?post=114513"},{"taxonomy":"product_cat","embeddable":true,"href":"https:\/\/ses-creative.com\/de\/wp-json\/wp\/v2\/product_cat?post=114513"},{"taxonomy":"product_tag","embeddable":true,"href":"https:\/\/ses-creative.com\/de\/wp-json\/wp\/v2\/product_tag?post=114513"}],"curies":[{"name":"wp","href":"https:\/\/api.w.org\/{rel}","templated":true}]}}