











{"id":114509,"date":"2026-02-05T13:52:20","date_gmt":"2026-02-05T13:52:20","guid":{"rendered":"https:\/\/ses-creative.com\/?post_type=product&#038;p=114509"},"modified":"2026-02-06T09:51:22","modified_gmt":"2026-02-06T09:51:22","slug":"vier-in-einer-reihe-xxl-aus-holz","status":"publish","type":"product","link":"https:\/\/ses-creative.com\/de\/produkt\/vier-in-einer-reihe-xxl-aus-holz\/","title":{"rendered":"Vier in einer Reihe XXL aus Holz"},"content":{"rendered":"<p>Vier gewinnt XXL: Der Klassiker im Extra-Gro\u00dfformat!<br \/>\nMit dem Holzspiel Vier gewinnt XXL von SES Creative kannst du das klassische Strategiespiel in einer extra gro\u00dfen Ausf\u00fchrung genie\u00dfen. Dieses Spiel ist perfekt f\u00fcr drau\u00dfen und sorgt f\u00fcr stundenlangen Spielspa\u00df mit Freunden und Familie. Lege abwechselnd einen Spielstein in den Rahmen und versuche, vier Spielsteine deiner Farbe in einer Reihe zu platzieren, horizontal, vertikal oder diagonal. Beobachten Sie genau, was Ihr Gegner macht, denn eine gute Strategie ist der Schl\u00fcssel zum Sieg! Wer bekommt als Erster vier Spielsteine in einer Reihe? Ideal f\u00fcr Kinder ab 5 Jahren!<br \/>\nWas dieses Set so toll macht<br \/>\n&#8211;    Wettkampfspiel f\u00fcr 2 Personen<br \/>\n&#8211;    4-in-einer-Reihe-Klassiker in extra gro\u00dfer Ausf\u00fchrung<br \/>\n&#8211;    Hergestellt aus Holzteilen f\u00fcr ein authentisches Spielerlebnis<br \/>\n&#8211;    Spiel f\u00fcr drau\u00dfen und drinnen geeignet<br \/>\n&#8211;    F\u00f6rdert strategisches Denken<br \/>\nSpielspa\u00df im Gro\u00dfformat<br \/>\nDie XXL-Ausf\u00fchrung dieses Spiels macht es noch spannender und ist gro\u00df genug f\u00fcr Aktivit\u00e4ten im Freien. Durch sein gro\u00dfes Format ist es ein echter Blickfang und besteht aus nachhaltigem Holz. Das Holzmaterial verleiht dem Spiel ein solides, hochwertiges Aussehen und macht es langlebig f\u00fcr jahrelangen Spielspa\u00df. Dieses klassische Spiel ist leicht zu erlernen, bleibt aber unabh\u00e4ngig vom Alter herausfordernd und unterhaltsam. Das Spiel f\u00f6rdert strategisches Denken und eignet sich perfekt f\u00fcr eine gesellige Partie im Garten, auf einer Party oder bei einem Picknick.<br \/>\nInhalt des Sets<br \/>\n&#8211;    3-teiliger Holzrahmen<br \/>\n&#8211;    42 Spielsteine in zwei Farben<br \/>\nWarum SES Creative w\u00e4hlen?<br \/>\nBei SES Creative legen wir gro\u00dfen Wert auf Sicherheit. Deshalb werden die Produkte in unserer Fabrik in den Niederlanden nach den strengsten europ\u00e4ischen Sicherheitsstandards hergestellt und getestet. Spielzeug von SES Creative sorgt f\u00fcr Spa\u00df und soll Kindern ein Gef\u00fchl des Stolzes auf ihre Arbeit vermitteln, was ihre Kreativit\u00e4t und Entwicklung f\u00f6rdert.<br \/>\nBereit f\u00fcr ein gro\u00dfes Spielabenteuer?<br \/>\nHolen Sie sich das Vier gewinnt XXL-Spiel von SES Creative und genie\u00dfen Sie dieses klassische Spiel im Extra-Gro\u00dfformat. Fordern Sie Ihre Freunde und Familie zu einem strategischen Duell heraus und finden Sie heraus, wer der kl\u00fcgste Spieler ist. Worauf warten Sie noch? Fangen Sie noch heute an zu spielen!<\/p>\n","protected":false},"excerpt":{"rendered":"<p>Vier gewinnt XXL: Der Klassiker im Extra-Gro\u00dfformat! Mit dem Holzspiel Vier gewinnt XXL von SES Creative kannst du das klassische Strategiespiel in einer extra gro\u00dfen Ausf\u00fchrung genie\u00dfen. Dieses Spiel ist perfekt f\u00fcr drau\u00dfen und sorgt f\u00fcr stundenlangen Spielspa\u00df mit Freunden und Familie. Lege abwechselnd einen Spielstein in den Rahmen und versuche, vier Spielsteine deiner Farbe [&hellip;]<\/p>\n","protected":false},"featured_media":110242,"comment_status":"closed","ping_status":"closed","template":"","meta":{"_acf_changed":false},"product_brand":[],"product_cat":[119],"product_tag":[],"class_list":{"0":"post-114509","1":"product","2":"type-product","3":"status-publish","4":"has-post-thumbnail","6":"product_cat-draussen-spielen","7":"pa_leeftijd-filter-4-6-jahre","8":"pa_meest-populair-bij-jungen-maedchen","10":"first","11":"instock","12":"shipping-taxable","13":"product-type-simple"},"acf":[],"yoast_head":"<!-- This site is optimized with the Yoast SEO plugin v27.4 - https:\/\/yoast.com\/product\/yoast-seo-wordpress\/ -->\n<title>Vier in einer Reihe XXL aus Holz - SES Creative<\/title>\n<meta name=\"robots\" content=\"index, follow, max-snippet:-1, max-image-preview:large, max-video-preview:-1\" \/>\n<link rel=\"canonical\" href=\"https:\/\/ses-creative.com\/de\/produkt\/vier-in-einer-reihe-xxl-aus-holz\/\" \/>\n<meta property=\"og:locale\" content=\"de_DE\" \/>\n<meta property=\"og:type\" content=\"article\" \/>\n<meta property=\"og:title\" content=\"Vier in einer Reihe XXL aus Holz - SES Creative\" \/>\n<meta property=\"og:description\" content=\"Vier gewinnt XXL: Der Klassiker im Extra-Gro\u00dfformat! Mit dem Holzspiel Vier gewinnt XXL von SES Creative kannst du das klassische Strategiespiel in einer extra gro\u00dfen Ausf\u00fchrung genie\u00dfen. Dieses Spiel ist perfekt f\u00fcr drau\u00dfen und sorgt f\u00fcr stundenlangen Spielspa\u00df mit Freunden und Familie. Lege abwechselnd einen Spielstein in den Rahmen und versuche, vier Spielsteine deiner Farbe [&hellip;]\" \/>\n<meta property=\"og:url\" content=\"https:\/\/ses-creative.com\/de\/produkt\/vier-in-einer-reihe-xxl-aus-holz\/\" \/>\n<meta property=\"og:site_name\" content=\"SES Creative\" \/>\n<meta property=\"article:modified_time\" content=\"2026-02-06T09:51:22+00:00\" \/>\n<meta name=\"twitter:card\" content=\"summary_large_image\" \/>\n<meta name=\"twitter:label1\" content=\"Gesch\u00e4tzte Lesezeit\" \/>\n\t<meta name=\"twitter:data1\" content=\"2\u00a0Minuten\" \/>\n<script type=\"application\/ld+json\" class=\"yoast-schema-graph\">{\"@context\":\"https:\\\/\\\/schema.org\",\"@graph\":[{\"@type\":\"WebPage\",\"@id\":\"https:\\\/\\\/ses-creative.com\\\/de\\\/produkt\\\/vier-in-einer-reihe-xxl-aus-holz\\\/\",\"url\":\"https:\\\/\\\/ses-creative.com\\\/de\\\/produkt\\\/vier-in-einer-reihe-xxl-aus-holz\\\/\",\"name\":\"Vier in einer Reihe XXL aus Holz - SES Creative\",\"isPartOf\":{\"@id\":\"https:\\\/\\\/ses-creative.com\\\/#website\"},\"primaryImageOfPage\":{\"@id\":\"https:\\\/\\\/ses-creative.com\\\/de\\\/produkt\\\/vier-in-einer-reihe-xxl-aus-holz\\\/#primaryimage\"},\"image\":{\"@id\":\"https:\\\/\\\/ses-creative.com\\\/de\\\/produkt\\\/vier-in-einer-reihe-xxl-aus-holz\\\/#primaryimage\"},\"thumbnailUrl\":\"https:\\\/\\\/ses-creative.com\\\/wp-content\\\/uploads\\\/2025\\\/12\\\/023141.jpg\",\"datePublished\":\"2026-02-05T13:52:20+00:00\",\"dateModified\":\"2026-02-06T09:51:22+00:00\",\"breadcrumb\":{\"@id\":\"https:\\\/\\\/ses-creative.com\\\/de\\\/produkt\\\/vier-in-einer-reihe-xxl-aus-holz\\\/#breadcrumb\"},\"inLanguage\":\"de\",\"potentialAction\":[{\"@type\":\"ReadAction\",\"target\":[\"https:\\\/\\\/ses-creative.com\\\/de\\\/produkt\\\/vier-in-einer-reihe-xxl-aus-holz\\\/\"]}]},{\"@type\":\"ImageObject\",\"inLanguage\":\"de\",\"@id\":\"https:\\\/\\\/ses-creative.com\\\/de\\\/produkt\\\/vier-in-einer-reihe-xxl-aus-holz\\\/#primaryimage\",\"url\":\"https:\\\/\\\/ses-creative.com\\\/wp-content\\\/uploads\\\/2025\\\/12\\\/023141.jpg\",\"contentUrl\":\"https:\\\/\\\/ses-creative.com\\\/wp-content\\\/uploads\\\/2025\\\/12\\\/023141.jpg\",\"width\":2000,\"height\":2000},{\"@type\":\"BreadcrumbList\",\"@id\":\"https:\\\/\\\/ses-creative.com\\\/de\\\/produkt\\\/vier-in-einer-reihe-xxl-aus-holz\\\/#breadcrumb\",\"itemListElement\":[{\"@type\":\"ListItem\",\"position\":1,\"name\":\"Shop\",\"item\":\"https:\\\/\\\/ses-creative.com\\\/de\\\/shop\\\/\"},{\"@type\":\"ListItem\",\"position\":2,\"name\":\"Drau\u00dfen spielen\",\"item\":\"https:\\\/\\\/ses-creative.com\\\/de\\\/product-categorie\\\/draussen-spielen\\\/\"},{\"@type\":\"ListItem\",\"position\":3,\"name\":\"Vier in einer Reihe XXL aus Holz\"}]},{\"@type\":\"WebSite\",\"@id\":\"https:\\\/\\\/ses-creative.com\\\/#website\",\"url\":\"https:\\\/\\\/ses-creative.com\\\/\",\"name\":\"SES Creative\",\"description\":\"\",\"publisher\":{\"@id\":\"https:\\\/\\\/ses-creative.com\\\/#organization\"},\"potentialAction\":[{\"@type\":\"SearchAction\",\"target\":{\"@type\":\"EntryPoint\",\"urlTemplate\":\"https:\\\/\\\/ses-creative.com\\\/?s={search_term_string}\"},\"query-input\":{\"@type\":\"PropertyValueSpecification\",\"valueRequired\":true,\"valueName\":\"search_term_string\"}}],\"inLanguage\":\"de\"},{\"@type\":\"Organization\",\"@id\":\"https:\\\/\\\/ses-creative.com\\\/#organization\",\"name\":\"SES Creative\",\"url\":\"https:\\\/\\\/ses-creative.com\\\/\",\"logo\":{\"@type\":\"ImageObject\",\"inLanguage\":\"de\",\"@id\":\"https:\\\/\\\/ses-creative.com\\\/#\\\/schema\\\/logo\\\/image\\\/\",\"url\":\"https:\\\/\\\/ses-creative.com\\\/wp-content\\\/uploads\\\/2025\\\/10\\\/ses-creative-logo.jpg\",\"contentUrl\":\"https:\\\/\\\/ses-creative.com\\\/wp-content\\\/uploads\\\/2025\\\/10\\\/ses-creative-logo.jpg\",\"width\":2037,\"height\":2037,\"caption\":\"SES Creative\"},\"image\":{\"@id\":\"https:\\\/\\\/ses-creative.com\\\/#\\\/schema\\\/logo\\\/image\\\/\"}}]}<\/script>\n<!-- \/ Yoast SEO plugin. -->","yoast_head_json":{"title":"Vier in einer Reihe XXL aus Holz - SES Creative","robots":{"index":"index","follow":"follow","max-snippet":"max-snippet:-1","max-image-preview":"max-image-preview:large","max-video-preview":"max-video-preview:-1"},"canonical":"https:\/\/ses-creative.com\/de\/produkt\/vier-in-einer-reihe-xxl-aus-holz\/","og_locale":"de_DE","og_type":"article","og_title":"Vier in einer Reihe XXL aus Holz - SES Creative","og_description":"Vier gewinnt XXL: Der Klassiker im Extra-Gro\u00dfformat! Mit dem Holzspiel Vier gewinnt XXL von SES Creative kannst du das klassische Strategiespiel in einer extra gro\u00dfen Ausf\u00fchrung genie\u00dfen. Dieses Spiel ist perfekt f\u00fcr drau\u00dfen und sorgt f\u00fcr stundenlangen Spielspa\u00df mit Freunden und Familie. Lege abwechselnd einen Spielstein in den Rahmen und versuche, vier Spielsteine deiner Farbe [&hellip;]","og_url":"https:\/\/ses-creative.com\/de\/produkt\/vier-in-einer-reihe-xxl-aus-holz\/","og_site_name":"SES Creative","article_modified_time":"2026-02-06T09:51:22+00:00","twitter_card":"summary_large_image","twitter_misc":{"Gesch\u00e4tzte Lesezeit":"2\u00a0Minuten"},"schema":{"@context":"https:\/\/schema.org","@graph":[{"@type":"WebPage","@id":"https:\/\/ses-creative.com\/de\/produkt\/vier-in-einer-reihe-xxl-aus-holz\/","url":"https:\/\/ses-creative.com\/de\/produkt\/vier-in-einer-reihe-xxl-aus-holz\/","name":"Vier in einer Reihe XXL aus Holz - SES Creative","isPartOf":{"@id":"https:\/\/ses-creative.com\/#website"},"primaryImageOfPage":{"@id":"https:\/\/ses-creative.com\/de\/produkt\/vier-in-einer-reihe-xxl-aus-holz\/#primaryimage"},"image":{"@id":"https:\/\/ses-creative.com\/de\/produkt\/vier-in-einer-reihe-xxl-aus-holz\/#primaryimage"},"thumbnailUrl":"https:\/\/ses-creative.com\/wp-content\/uploads\/2025\/12\/023141.jpg","datePublished":"2026-02-05T13:52:20+00:00","dateModified":"2026-02-06T09:51:22+00:00","breadcrumb":{"@id":"https:\/\/ses-creative.com\/de\/produkt\/vier-in-einer-reihe-xxl-aus-holz\/#breadcrumb"},"inLanguage":"de","potentialAction":[{"@type":"ReadAction","target":["https:\/\/ses-creative.com\/de\/produkt\/vier-in-einer-reihe-xxl-aus-holz\/"]}]},{"@type":"ImageObject","inLanguage":"de","@id":"https:\/\/ses-creative.com\/de\/produkt\/vier-in-einer-reihe-xxl-aus-holz\/#primaryimage","url":"https:\/\/ses-creative.com\/wp-content\/uploads\/2025\/12\/023141.jpg","contentUrl":"https:\/\/ses-creative.com\/wp-content\/uploads\/2025\/12\/023141.jpg","width":2000,"height":2000},{"@type":"BreadcrumbList","@id":"https:\/\/ses-creative.com\/de\/produkt\/vier-in-einer-reihe-xxl-aus-holz\/#breadcrumb","itemListElement":[{"@type":"ListItem","position":1,"name":"Shop","item":"https:\/\/ses-creative.com\/de\/shop\/"},{"@type":"ListItem","position":2,"name":"Drau\u00dfen spielen","item":"https:\/\/ses-creative.com\/de\/product-categorie\/draussen-spielen\/"},{"@type":"ListItem","position":3,"name":"Vier in einer Reihe XXL aus Holz"}]},{"@type":"WebSite","@id":"https:\/\/ses-creative.com\/#website","url":"https:\/\/ses-creative.com\/","name":"SES Creative","description":"","publisher":{"@id":"https:\/\/ses-creative.com\/#organization"},"potentialAction":[{"@type":"SearchAction","target":{"@type":"EntryPoint","urlTemplate":"https:\/\/ses-creative.com\/?s={search_term_string}"},"query-input":{"@type":"PropertyValueSpecification","valueRequired":true,"valueName":"search_term_string"}}],"inLanguage":"de"},{"@type":"Organization","@id":"https:\/\/ses-creative.com\/#organization","name":"SES Creative","url":"https:\/\/ses-creative.com\/","logo":{"@type":"ImageObject","inLanguage":"de","@id":"https:\/\/ses-creative.com\/#\/schema\/logo\/image\/","url":"https:\/\/ses-creative.com\/wp-content\/uploads\/2025\/10\/ses-creative-logo.jpg","contentUrl":"https:\/\/ses-creative.com\/wp-content\/uploads\/2025\/10\/ses-creative-logo.jpg","width":2037,"height":2037,"caption":"SES Creative"},"image":{"@id":"https:\/\/ses-creative.com\/#\/schema\/logo\/image\/"}}]}},"_links":{"self":[{"href":"https:\/\/ses-creative.com\/de\/wp-json\/wp\/v2\/product\/114509","targetHints":{"allow":["GET"]}}],"collection":[{"href":"https:\/\/ses-creative.com\/de\/wp-json\/wp\/v2\/product"}],"about":[{"href":"https:\/\/ses-creative.com\/de\/wp-json\/wp\/v2\/types\/product"}],"replies":[{"embeddable":true,"href":"https:\/\/ses-creative.com\/de\/wp-json\/wp\/v2\/comments?post=114509"}],"wp:featuredmedia":[{"embeddable":true,"href":"https:\/\/ses-creative.com\/de\/wp-json\/wp\/v2\/media\/110242"}],"wp:attachment":[{"href":"https:\/\/ses-creative.com\/de\/wp-json\/wp\/v2\/media?parent=114509"}],"wp:term":[{"taxonomy":"product_brand","embeddable":true,"href":"https:\/\/ses-creative.com\/de\/wp-json\/wp\/v2\/product_brand?post=114509"},{"taxonomy":"product_cat","embeddable":true,"href":"https:\/\/ses-creative.com\/de\/wp-json\/wp\/v2\/product_cat?post=114509"},{"taxonomy":"product_tag","embeddable":true,"href":"https:\/\/ses-creative.com\/de\/wp-json\/wp\/v2\/product_tag?post=114509"}],"curies":[{"name":"wp","href":"https:\/\/api.w.org\/{rel}","templated":true}]}}