











{"id":114505,"date":"2026-02-05T13:52:19","date_gmt":"2026-02-05T13:52:19","guid":{"rendered":"https:\/\/ses-creative.com\/?post_type=product&#038;p=114505"},"modified":"2026-02-06T09:51:22","modified_gmt":"2026-02-06T09:51:22","slug":"balancierspiel-boot-aus-holz","status":"publish","type":"product","link":"https:\/\/ses-creative.com\/de\/produkt\/balancierspiel-boot-aus-holz\/","title":{"rendered":"Balancierspiel Boot aus Holz"},"content":{"rendered":"<p>Spannendes Gleichgewichtsspiel mit dem h\u00f6lzernen Gleichgewichtsboot<br \/>\nDas Holz-Balanceboot ist ein superlustiges und herausforderndes Spiel f\u00fcr Kinder und die ganze Familie. W\u00fcrfeln Sie, um herauszufinden, welches Tier an Bord gehen muss. Aber Vorsicht! Schaffen Sie es, alle Tiere im Gleichgewicht zu halten, ohne dass sie \u00fcber Bord fallen?<br \/>\nDieses Spiel kann \u00fcberall gespielt werden, sowohl drinnen als auch drau\u00dfen, und ist f\u00fcr 2 oder mehr Spieler geeignet. Das Set enth\u00e4lt 16 bunte Holztiere, einen Holzw\u00fcrfel und eine praktische Aufbewahrungstasche.<br \/>\nWas dieses Set so toll macht<br \/>\n&#8211;    Aus nachhaltigem Holz gefertigt<br \/>\n&#8211;    Spielspa\u00df f\u00fcr Jung und Alt<br \/>\n&#8211;    Geeignet f\u00fcr 2 oder mehr Spieler<br \/>\n&#8211;    Kann sowohl drinnen als auch drau\u00dfen gespielt werden<br \/>\n&#8211;    Inklusive praktischer Aufbewahrungstasche zum Mitnehmen<br \/>\nWer h\u00e4lt die Tiere im Gleichgewicht?<br \/>\nDieses Spiel ist ideal f\u00fcr Kinder ab 3 Jahren und sorgt f\u00fcr stundenlangen Spielspa\u00df. Es verbindet Spannung mit dem Trainieren der Konzentration und der Feinmotorik. Wer kann das Boot am l\u00e4ngsten im Gleichgewicht halten?<br \/>\nInhalt des Sets<br \/>\n&#8211;    Holz-Balanceboot<br \/>\n&#8211;    16 Holz-Tierfiguren<br \/>\n&#8211;    Holzw\u00fcrfel<br \/>\n&#8211;    Praktische Aufbewahrungstasche<br \/>\n&#8211;    Anleitung<br \/>\nWarum SES Creative w\u00e4hlen?<br \/>\nBei SES Creative legen wir gro\u00dfen Wert auf Sicherheit. Deshalb werden die Produkte in unserer Fabrik in den Niederlanden nach den strengsten europ\u00e4ischen Sicherheitsnormen hergestellt und getestet. Spielzeug von SES Creative sorgt f\u00fcr Spa\u00df und soll Kindern ein Gef\u00fchl des Stolzes auf ihre Arbeit vermitteln, was ihre Kreativit\u00e4t und Entwicklung f\u00f6rdert.<br \/>\nSchnapp dir den W\u00fcrfel und lass das Abenteuer beginnen!<br \/>\nMit dem Holz-Balanceboot von SES Creative ist Spa\u00df garantiert. Nehmen Sie das Spiel mit nach drau\u00dfen oder spielen Sie gem\u00fctlich drinnen mit Freunden und Familie. Nehmen Sie die Herausforderung an!<\/p>\n","protected":false},"excerpt":{"rendered":"<p>Spannendes Gleichgewichtsspiel mit dem h\u00f6lzernen Gleichgewichtsboot Das Holz-Balanceboot ist ein superlustiges und herausforderndes Spiel f\u00fcr Kinder und die ganze Familie. W\u00fcrfeln Sie, um herauszufinden, welches Tier an Bord gehen muss. Aber Vorsicht! Schaffen Sie es, alle Tiere im Gleichgewicht zu halten, ohne dass sie \u00fcber Bord fallen? Dieses Spiel kann \u00fcberall gespielt werden, sowohl drinnen [&hellip;]<\/p>\n","protected":false},"featured_media":110218,"comment_status":"closed","ping_status":"closed","template":"","meta":{"_acf_changed":false},"product_brand":[],"product_cat":[119],"product_tag":[],"class_list":{"0":"post-114505","1":"product","2":"type-product","3":"status-publish","4":"has-post-thumbnail","6":"product_cat-draussen-spielen","7":"pa_leeftijd-filter-3-4-jahre","8":"pa_meest-populair-bij-jungen-maedchen","10":"first","11":"instock","12":"shipping-taxable","13":"product-type-simple"},"acf":[],"yoast_head":"<!-- This site is optimized with the Yoast SEO plugin v27.4 - https:\/\/yoast.com\/product\/yoast-seo-wordpress\/ -->\n<title>Balancierspiel Boot aus Holz - SES Creative<\/title>\n<meta name=\"robots\" content=\"index, follow, max-snippet:-1, max-image-preview:large, max-video-preview:-1\" \/>\n<link rel=\"canonical\" href=\"https:\/\/ses-creative.com\/de\/produkt\/balancierspiel-boot-aus-holz\/\" \/>\n<meta property=\"og:locale\" content=\"de_DE\" \/>\n<meta property=\"og:type\" content=\"article\" \/>\n<meta property=\"og:title\" content=\"Balancierspiel Boot aus Holz - SES Creative\" \/>\n<meta property=\"og:description\" content=\"Spannendes Gleichgewichtsspiel mit dem h\u00f6lzernen Gleichgewichtsboot Das Holz-Balanceboot ist ein superlustiges und herausforderndes Spiel f\u00fcr Kinder und die ganze Familie. W\u00fcrfeln Sie, um herauszufinden, welches Tier an Bord gehen muss. Aber Vorsicht! Schaffen Sie es, alle Tiere im Gleichgewicht zu halten, ohne dass sie \u00fcber Bord fallen? Dieses Spiel kann \u00fcberall gespielt werden, sowohl drinnen [&hellip;]\" \/>\n<meta property=\"og:url\" content=\"https:\/\/ses-creative.com\/de\/produkt\/balancierspiel-boot-aus-holz\/\" \/>\n<meta property=\"og:site_name\" content=\"SES Creative\" \/>\n<meta property=\"article:modified_time\" content=\"2026-02-06T09:51:22+00:00\" \/>\n<meta name=\"twitter:card\" content=\"summary_large_image\" \/>\n<meta name=\"twitter:label1\" content=\"Gesch\u00e4tzte Lesezeit\" \/>\n\t<meta name=\"twitter:data1\" content=\"1\u00a0Minute\" \/>\n<script type=\"application\/ld+json\" class=\"yoast-schema-graph\">{\"@context\":\"https:\\\/\\\/schema.org\",\"@graph\":[{\"@type\":\"WebPage\",\"@id\":\"https:\\\/\\\/ses-creative.com\\\/de\\\/produkt\\\/balancierspiel-boot-aus-holz\\\/\",\"url\":\"https:\\\/\\\/ses-creative.com\\\/de\\\/produkt\\\/balancierspiel-boot-aus-holz\\\/\",\"name\":\"Balancierspiel Boot aus Holz - SES Creative\",\"isPartOf\":{\"@id\":\"https:\\\/\\\/ses-creative.com\\\/#website\"},\"primaryImageOfPage\":{\"@id\":\"https:\\\/\\\/ses-creative.com\\\/de\\\/produkt\\\/balancierspiel-boot-aus-holz\\\/#primaryimage\"},\"image\":{\"@id\":\"https:\\\/\\\/ses-creative.com\\\/de\\\/produkt\\\/balancierspiel-boot-aus-holz\\\/#primaryimage\"},\"thumbnailUrl\":\"https:\\\/\\\/ses-creative.com\\\/wp-content\\\/uploads\\\/2025\\\/12\\\/023091.jpg\",\"datePublished\":\"2026-02-05T13:52:19+00:00\",\"dateModified\":\"2026-02-06T09:51:22+00:00\",\"breadcrumb\":{\"@id\":\"https:\\\/\\\/ses-creative.com\\\/de\\\/produkt\\\/balancierspiel-boot-aus-holz\\\/#breadcrumb\"},\"inLanguage\":\"de\",\"potentialAction\":[{\"@type\":\"ReadAction\",\"target\":[\"https:\\\/\\\/ses-creative.com\\\/de\\\/produkt\\\/balancierspiel-boot-aus-holz\\\/\"]}]},{\"@type\":\"ImageObject\",\"inLanguage\":\"de\",\"@id\":\"https:\\\/\\\/ses-creative.com\\\/de\\\/produkt\\\/balancierspiel-boot-aus-holz\\\/#primaryimage\",\"url\":\"https:\\\/\\\/ses-creative.com\\\/wp-content\\\/uploads\\\/2025\\\/12\\\/023091.jpg\",\"contentUrl\":\"https:\\\/\\\/ses-creative.com\\\/wp-content\\\/uploads\\\/2025\\\/12\\\/023091.jpg\",\"width\":2000,\"height\":2000},{\"@type\":\"BreadcrumbList\",\"@id\":\"https:\\\/\\\/ses-creative.com\\\/de\\\/produkt\\\/balancierspiel-boot-aus-holz\\\/#breadcrumb\",\"itemListElement\":[{\"@type\":\"ListItem\",\"position\":1,\"name\":\"Shop\",\"item\":\"https:\\\/\\\/ses-creative.com\\\/de\\\/shop\\\/\"},{\"@type\":\"ListItem\",\"position\":2,\"name\":\"Drau\u00dfen spielen\",\"item\":\"https:\\\/\\\/ses-creative.com\\\/de\\\/product-categorie\\\/draussen-spielen\\\/\"},{\"@type\":\"ListItem\",\"position\":3,\"name\":\"Balancierspiel Boot aus Holz\"}]},{\"@type\":\"WebSite\",\"@id\":\"https:\\\/\\\/ses-creative.com\\\/#website\",\"url\":\"https:\\\/\\\/ses-creative.com\\\/\",\"name\":\"SES Creative\",\"description\":\"\",\"publisher\":{\"@id\":\"https:\\\/\\\/ses-creative.com\\\/#organization\"},\"potentialAction\":[{\"@type\":\"SearchAction\",\"target\":{\"@type\":\"EntryPoint\",\"urlTemplate\":\"https:\\\/\\\/ses-creative.com\\\/?s={search_term_string}\"},\"query-input\":{\"@type\":\"PropertyValueSpecification\",\"valueRequired\":true,\"valueName\":\"search_term_string\"}}],\"inLanguage\":\"de\"},{\"@type\":\"Organization\",\"@id\":\"https:\\\/\\\/ses-creative.com\\\/#organization\",\"name\":\"SES Creative\",\"url\":\"https:\\\/\\\/ses-creative.com\\\/\",\"logo\":{\"@type\":\"ImageObject\",\"inLanguage\":\"de\",\"@id\":\"https:\\\/\\\/ses-creative.com\\\/#\\\/schema\\\/logo\\\/image\\\/\",\"url\":\"https:\\\/\\\/ses-creative.com\\\/wp-content\\\/uploads\\\/2025\\\/10\\\/ses-creative-logo.jpg\",\"contentUrl\":\"https:\\\/\\\/ses-creative.com\\\/wp-content\\\/uploads\\\/2025\\\/10\\\/ses-creative-logo.jpg\",\"width\":2037,\"height\":2037,\"caption\":\"SES Creative\"},\"image\":{\"@id\":\"https:\\\/\\\/ses-creative.com\\\/#\\\/schema\\\/logo\\\/image\\\/\"}}]}<\/script>\n<!-- \/ Yoast SEO plugin. -->","yoast_head_json":{"title":"Balancierspiel Boot aus Holz - SES Creative","robots":{"index":"index","follow":"follow","max-snippet":"max-snippet:-1","max-image-preview":"max-image-preview:large","max-video-preview":"max-video-preview:-1"},"canonical":"https:\/\/ses-creative.com\/de\/produkt\/balancierspiel-boot-aus-holz\/","og_locale":"de_DE","og_type":"article","og_title":"Balancierspiel Boot aus Holz - SES Creative","og_description":"Spannendes Gleichgewichtsspiel mit dem h\u00f6lzernen Gleichgewichtsboot Das Holz-Balanceboot ist ein superlustiges und herausforderndes Spiel f\u00fcr Kinder und die ganze Familie. W\u00fcrfeln Sie, um herauszufinden, welches Tier an Bord gehen muss. Aber Vorsicht! Schaffen Sie es, alle Tiere im Gleichgewicht zu halten, ohne dass sie \u00fcber Bord fallen? Dieses Spiel kann \u00fcberall gespielt werden, sowohl drinnen [&hellip;]","og_url":"https:\/\/ses-creative.com\/de\/produkt\/balancierspiel-boot-aus-holz\/","og_site_name":"SES Creative","article_modified_time":"2026-02-06T09:51:22+00:00","twitter_card":"summary_large_image","twitter_misc":{"Gesch\u00e4tzte Lesezeit":"1\u00a0Minute"},"schema":{"@context":"https:\/\/schema.org","@graph":[{"@type":"WebPage","@id":"https:\/\/ses-creative.com\/de\/produkt\/balancierspiel-boot-aus-holz\/","url":"https:\/\/ses-creative.com\/de\/produkt\/balancierspiel-boot-aus-holz\/","name":"Balancierspiel Boot aus Holz - SES Creative","isPartOf":{"@id":"https:\/\/ses-creative.com\/#website"},"primaryImageOfPage":{"@id":"https:\/\/ses-creative.com\/de\/produkt\/balancierspiel-boot-aus-holz\/#primaryimage"},"image":{"@id":"https:\/\/ses-creative.com\/de\/produkt\/balancierspiel-boot-aus-holz\/#primaryimage"},"thumbnailUrl":"https:\/\/ses-creative.com\/wp-content\/uploads\/2025\/12\/023091.jpg","datePublished":"2026-02-05T13:52:19+00:00","dateModified":"2026-02-06T09:51:22+00:00","breadcrumb":{"@id":"https:\/\/ses-creative.com\/de\/produkt\/balancierspiel-boot-aus-holz\/#breadcrumb"},"inLanguage":"de","potentialAction":[{"@type":"ReadAction","target":["https:\/\/ses-creative.com\/de\/produkt\/balancierspiel-boot-aus-holz\/"]}]},{"@type":"ImageObject","inLanguage":"de","@id":"https:\/\/ses-creative.com\/de\/produkt\/balancierspiel-boot-aus-holz\/#primaryimage","url":"https:\/\/ses-creative.com\/wp-content\/uploads\/2025\/12\/023091.jpg","contentUrl":"https:\/\/ses-creative.com\/wp-content\/uploads\/2025\/12\/023091.jpg","width":2000,"height":2000},{"@type":"BreadcrumbList","@id":"https:\/\/ses-creative.com\/de\/produkt\/balancierspiel-boot-aus-holz\/#breadcrumb","itemListElement":[{"@type":"ListItem","position":1,"name":"Shop","item":"https:\/\/ses-creative.com\/de\/shop\/"},{"@type":"ListItem","position":2,"name":"Drau\u00dfen spielen","item":"https:\/\/ses-creative.com\/de\/product-categorie\/draussen-spielen\/"},{"@type":"ListItem","position":3,"name":"Balancierspiel Boot aus Holz"}]},{"@type":"WebSite","@id":"https:\/\/ses-creative.com\/#website","url":"https:\/\/ses-creative.com\/","name":"SES Creative","description":"","publisher":{"@id":"https:\/\/ses-creative.com\/#organization"},"potentialAction":[{"@type":"SearchAction","target":{"@type":"EntryPoint","urlTemplate":"https:\/\/ses-creative.com\/?s={search_term_string}"},"query-input":{"@type":"PropertyValueSpecification","valueRequired":true,"valueName":"search_term_string"}}],"inLanguage":"de"},{"@type":"Organization","@id":"https:\/\/ses-creative.com\/#organization","name":"SES Creative","url":"https:\/\/ses-creative.com\/","logo":{"@type":"ImageObject","inLanguage":"de","@id":"https:\/\/ses-creative.com\/#\/schema\/logo\/image\/","url":"https:\/\/ses-creative.com\/wp-content\/uploads\/2025\/10\/ses-creative-logo.jpg","contentUrl":"https:\/\/ses-creative.com\/wp-content\/uploads\/2025\/10\/ses-creative-logo.jpg","width":2037,"height":2037,"caption":"SES Creative"},"image":{"@id":"https:\/\/ses-creative.com\/#\/schema\/logo\/image\/"}}]}},"_links":{"self":[{"href":"https:\/\/ses-creative.com\/de\/wp-json\/wp\/v2\/product\/114505","targetHints":{"allow":["GET"]}}],"collection":[{"href":"https:\/\/ses-creative.com\/de\/wp-json\/wp\/v2\/product"}],"about":[{"href":"https:\/\/ses-creative.com\/de\/wp-json\/wp\/v2\/types\/product"}],"replies":[{"embeddable":true,"href":"https:\/\/ses-creative.com\/de\/wp-json\/wp\/v2\/comments?post=114505"}],"wp:featuredmedia":[{"embeddable":true,"href":"https:\/\/ses-creative.com\/de\/wp-json\/wp\/v2\/media\/110218"}],"wp:attachment":[{"href":"https:\/\/ses-creative.com\/de\/wp-json\/wp\/v2\/media?parent=114505"}],"wp:term":[{"taxonomy":"product_brand","embeddable":true,"href":"https:\/\/ses-creative.com\/de\/wp-json\/wp\/v2\/product_brand?post=114505"},{"taxonomy":"product_cat","embeddable":true,"href":"https:\/\/ses-creative.com\/de\/wp-json\/wp\/v2\/product_cat?post=114505"},{"taxonomy":"product_tag","embeddable":true,"href":"https:\/\/ses-creative.com\/de\/wp-json\/wp\/v2\/product_tag?post=114505"}],"curies":[{"name":"wp","href":"https:\/\/api.w.org\/{rel}","templated":true}]}}