











{"id":114504,"date":"2026-02-05T13:52:19","date_gmt":"2026-02-05T13:52:19","guid":{"rendered":"https:\/\/ses-creative.com\/?post_type=product&#038;p=114504"},"modified":"2026-02-06T09:51:22","modified_gmt":"2026-02-06T09:51:22","slug":"dino-eierlauf","status":"publish","type":"product","link":"https:\/\/ses-creative.com\/de\/produkt\/dino-eierlauf\/","title":{"rendered":"Dino Eierlauf"},"content":{"rendered":"<p>Der Dino Eierlauf von SES Creative ist ein spannendes und aktives Outdoor-Spiel f\u00fcr Kinder ab 3 Jahren. Mit diesem Bewegungsspiel Garten k\u00f6nnen bis zu vier Kinder gleichzeitig gegeneinander antreten. Ziel ist es, ein Dino-Ei auf einem Holzl\u00f6ffel sicher ins Ziel zu balancieren, ohne es fallen zu lassen. Das Set enth\u00e4lt vier h\u00f6lzerne Dino-L\u00f6ffel, vier Dino-Eier und vier Dino-Chips \u2013 alles in einer praktischen Aufbewahrungstasche. Das Spiel trainiert motorische F\u00e4higkeiten, Gleichgewicht und Koordination auf spielerische Weise. Durch das gemeinsame Spielen wird auch der Teamgeist gef\u00f6rdert. Gefertigt aus robustem Holz bietet dieses Dino Spielzeug ab 3 Jahre langanhaltenden Spielspa\u00df im Freien. Ob im Garten, Park oder bei Kindergeburtstagen \u2013 das Dino Wettlauf Set sorgt \u00fcberall f\u00fcr Bewegung und gute Laune. Ein hervorragendes SES Creative Outdoorset f\u00fcr aktive Kinder, das Spa\u00df und k\u00f6rperliche Entwicklung durchdacht miteinander verbindet. Eine tolle Geschenkidee Kinder ab 3 Jahre \u2013 ideal f\u00fcr Geburtstage, Kinderg\u00e4rten, Sommerfeste oder sportliche Nachmittage im Freien.<\/p>\n","protected":false},"excerpt":{"rendered":"<p>Der Dino Eierlauf von SES Creative ist ein spannendes und aktives Outdoor-Spiel f\u00fcr Kinder ab 3 Jahren. Mit diesem Bewegungsspiel Garten k\u00f6nnen bis zu vier Kinder gleichzeitig gegeneinander antreten. Ziel ist es, ein Dino-Ei auf einem Holzl\u00f6ffel sicher ins Ziel zu balancieren, ohne es fallen zu lassen. Das Set enth\u00e4lt vier h\u00f6lzerne Dino-L\u00f6ffel, vier Dino-Eier [&hellip;]<\/p>\n","protected":false},"featured_media":99328,"comment_status":"closed","ping_status":"closed","template":"","meta":{"_acf_changed":false},"product_brand":[],"product_cat":[119],"product_tag":[],"class_list":{"0":"post-114504","1":"product","2":"type-product","3":"status-publish","4":"has-post-thumbnail","6":"product_cat-draussen-spielen","7":"pa_leeftijd-filter-3-4-jahre","8":"pa_meest-populair-bij-jungen-maedchen","10":"first","11":"instock","12":"shipping-taxable","13":"product-type-simple"},"acf":[],"yoast_head":"<!-- This site is optimized with the Yoast SEO plugin v27.4 - https:\/\/yoast.com\/product\/yoast-seo-wordpress\/ -->\n<title>Dino Eierlauf - SES Creative<\/title>\n<meta name=\"robots\" content=\"index, follow, max-snippet:-1, max-image-preview:large, max-video-preview:-1\" \/>\n<link rel=\"canonical\" href=\"https:\/\/ses-creative.com\/de\/produkt\/dino-eierlauf\/\" \/>\n<meta property=\"og:locale\" content=\"de_DE\" \/>\n<meta property=\"og:type\" content=\"article\" \/>\n<meta property=\"og:title\" content=\"Dino Eierlauf - SES Creative\" \/>\n<meta property=\"og:description\" content=\"Der Dino Eierlauf von SES Creative ist ein spannendes und aktives Outdoor-Spiel f\u00fcr Kinder ab 3 Jahren. Mit diesem Bewegungsspiel Garten k\u00f6nnen bis zu vier Kinder gleichzeitig gegeneinander antreten. Ziel ist es, ein Dino-Ei auf einem Holzl\u00f6ffel sicher ins Ziel zu balancieren, ohne es fallen zu lassen. Das Set enth\u00e4lt vier h\u00f6lzerne Dino-L\u00f6ffel, vier Dino-Eier [&hellip;]\" \/>\n<meta property=\"og:url\" content=\"https:\/\/ses-creative.com\/de\/produkt\/dino-eierlauf\/\" \/>\n<meta property=\"og:site_name\" content=\"SES Creative\" \/>\n<meta property=\"article:modified_time\" content=\"2026-02-06T09:51:22+00:00\" \/>\n<meta name=\"twitter:card\" content=\"summary_large_image\" \/>\n<meta name=\"twitter:label1\" content=\"Gesch\u00e4tzte Lesezeit\" \/>\n\t<meta name=\"twitter:data1\" content=\"1\u00a0Minute\" \/>\n<script type=\"application\/ld+json\" class=\"yoast-schema-graph\">{\"@context\":\"https:\\\/\\\/schema.org\",\"@graph\":[{\"@type\":\"WebPage\",\"@id\":\"https:\\\/\\\/ses-creative.com\\\/de\\\/produkt\\\/dino-eierlauf\\\/\",\"url\":\"https:\\\/\\\/ses-creative.com\\\/de\\\/produkt\\\/dino-eierlauf\\\/\",\"name\":\"Dino Eierlauf - SES Creative\",\"isPartOf\":{\"@id\":\"https:\\\/\\\/ses-creative.com\\\/#website\"},\"primaryImageOfPage\":{\"@id\":\"https:\\\/\\\/ses-creative.com\\\/de\\\/produkt\\\/dino-eierlauf\\\/#primaryimage\"},\"image\":{\"@id\":\"https:\\\/\\\/ses-creative.com\\\/de\\\/produkt\\\/dino-eierlauf\\\/#primaryimage\"},\"thumbnailUrl\":\"https:\\\/\\\/ses-creative.com\\\/wp-content\\\/uploads\\\/2026\\\/01\\\/023081.jpg\",\"datePublished\":\"2026-02-05T13:52:19+00:00\",\"dateModified\":\"2026-02-06T09:51:22+00:00\",\"breadcrumb\":{\"@id\":\"https:\\\/\\\/ses-creative.com\\\/de\\\/produkt\\\/dino-eierlauf\\\/#breadcrumb\"},\"inLanguage\":\"de\",\"potentialAction\":[{\"@type\":\"ReadAction\",\"target\":[\"https:\\\/\\\/ses-creative.com\\\/de\\\/produkt\\\/dino-eierlauf\\\/\"]}]},{\"@type\":\"ImageObject\",\"inLanguage\":\"de\",\"@id\":\"https:\\\/\\\/ses-creative.com\\\/de\\\/produkt\\\/dino-eierlauf\\\/#primaryimage\",\"url\":\"https:\\\/\\\/ses-creative.com\\\/wp-content\\\/uploads\\\/2026\\\/01\\\/023081.jpg\",\"contentUrl\":\"https:\\\/\\\/ses-creative.com\\\/wp-content\\\/uploads\\\/2026\\\/01\\\/023081.jpg\",\"width\":1000,\"height\":1000},{\"@type\":\"BreadcrumbList\",\"@id\":\"https:\\\/\\\/ses-creative.com\\\/de\\\/produkt\\\/dino-eierlauf\\\/#breadcrumb\",\"itemListElement\":[{\"@type\":\"ListItem\",\"position\":1,\"name\":\"Shop\",\"item\":\"https:\\\/\\\/ses-creative.com\\\/de\\\/shop\\\/\"},{\"@type\":\"ListItem\",\"position\":2,\"name\":\"Drau\u00dfen spielen\",\"item\":\"https:\\\/\\\/ses-creative.com\\\/de\\\/product-categorie\\\/draussen-spielen\\\/\"},{\"@type\":\"ListItem\",\"position\":3,\"name\":\"Dino Eierlauf\"}]},{\"@type\":\"WebSite\",\"@id\":\"https:\\\/\\\/ses-creative.com\\\/#website\",\"url\":\"https:\\\/\\\/ses-creative.com\\\/\",\"name\":\"SES Creative\",\"description\":\"\",\"publisher\":{\"@id\":\"https:\\\/\\\/ses-creative.com\\\/#organization\"},\"potentialAction\":[{\"@type\":\"SearchAction\",\"target\":{\"@type\":\"EntryPoint\",\"urlTemplate\":\"https:\\\/\\\/ses-creative.com\\\/?s={search_term_string}\"},\"query-input\":{\"@type\":\"PropertyValueSpecification\",\"valueRequired\":true,\"valueName\":\"search_term_string\"}}],\"inLanguage\":\"de\"},{\"@type\":\"Organization\",\"@id\":\"https:\\\/\\\/ses-creative.com\\\/#organization\",\"name\":\"SES Creative\",\"url\":\"https:\\\/\\\/ses-creative.com\\\/\",\"logo\":{\"@type\":\"ImageObject\",\"inLanguage\":\"de\",\"@id\":\"https:\\\/\\\/ses-creative.com\\\/#\\\/schema\\\/logo\\\/image\\\/\",\"url\":\"https:\\\/\\\/ses-creative.com\\\/wp-content\\\/uploads\\\/2025\\\/10\\\/ses-creative-logo.jpg\",\"contentUrl\":\"https:\\\/\\\/ses-creative.com\\\/wp-content\\\/uploads\\\/2025\\\/10\\\/ses-creative-logo.jpg\",\"width\":2037,\"height\":2037,\"caption\":\"SES Creative\"},\"image\":{\"@id\":\"https:\\\/\\\/ses-creative.com\\\/#\\\/schema\\\/logo\\\/image\\\/\"}}]}<\/script>\n<!-- \/ Yoast SEO plugin. -->","yoast_head_json":{"title":"Dino Eierlauf - SES Creative","robots":{"index":"index","follow":"follow","max-snippet":"max-snippet:-1","max-image-preview":"max-image-preview:large","max-video-preview":"max-video-preview:-1"},"canonical":"https:\/\/ses-creative.com\/de\/produkt\/dino-eierlauf\/","og_locale":"de_DE","og_type":"article","og_title":"Dino Eierlauf - SES Creative","og_description":"Der Dino Eierlauf von SES Creative ist ein spannendes und aktives Outdoor-Spiel f\u00fcr Kinder ab 3 Jahren. Mit diesem Bewegungsspiel Garten k\u00f6nnen bis zu vier Kinder gleichzeitig gegeneinander antreten. Ziel ist es, ein Dino-Ei auf einem Holzl\u00f6ffel sicher ins Ziel zu balancieren, ohne es fallen zu lassen. Das Set enth\u00e4lt vier h\u00f6lzerne Dino-L\u00f6ffel, vier Dino-Eier [&hellip;]","og_url":"https:\/\/ses-creative.com\/de\/produkt\/dino-eierlauf\/","og_site_name":"SES Creative","article_modified_time":"2026-02-06T09:51:22+00:00","twitter_card":"summary_large_image","twitter_misc":{"Gesch\u00e4tzte Lesezeit":"1\u00a0Minute"},"schema":{"@context":"https:\/\/schema.org","@graph":[{"@type":"WebPage","@id":"https:\/\/ses-creative.com\/de\/produkt\/dino-eierlauf\/","url":"https:\/\/ses-creative.com\/de\/produkt\/dino-eierlauf\/","name":"Dino Eierlauf - SES Creative","isPartOf":{"@id":"https:\/\/ses-creative.com\/#website"},"primaryImageOfPage":{"@id":"https:\/\/ses-creative.com\/de\/produkt\/dino-eierlauf\/#primaryimage"},"image":{"@id":"https:\/\/ses-creative.com\/de\/produkt\/dino-eierlauf\/#primaryimage"},"thumbnailUrl":"https:\/\/ses-creative.com\/wp-content\/uploads\/2026\/01\/023081.jpg","datePublished":"2026-02-05T13:52:19+00:00","dateModified":"2026-02-06T09:51:22+00:00","breadcrumb":{"@id":"https:\/\/ses-creative.com\/de\/produkt\/dino-eierlauf\/#breadcrumb"},"inLanguage":"de","potentialAction":[{"@type":"ReadAction","target":["https:\/\/ses-creative.com\/de\/produkt\/dino-eierlauf\/"]}]},{"@type":"ImageObject","inLanguage":"de","@id":"https:\/\/ses-creative.com\/de\/produkt\/dino-eierlauf\/#primaryimage","url":"https:\/\/ses-creative.com\/wp-content\/uploads\/2026\/01\/023081.jpg","contentUrl":"https:\/\/ses-creative.com\/wp-content\/uploads\/2026\/01\/023081.jpg","width":1000,"height":1000},{"@type":"BreadcrumbList","@id":"https:\/\/ses-creative.com\/de\/produkt\/dino-eierlauf\/#breadcrumb","itemListElement":[{"@type":"ListItem","position":1,"name":"Shop","item":"https:\/\/ses-creative.com\/de\/shop\/"},{"@type":"ListItem","position":2,"name":"Drau\u00dfen spielen","item":"https:\/\/ses-creative.com\/de\/product-categorie\/draussen-spielen\/"},{"@type":"ListItem","position":3,"name":"Dino Eierlauf"}]},{"@type":"WebSite","@id":"https:\/\/ses-creative.com\/#website","url":"https:\/\/ses-creative.com\/","name":"SES Creative","description":"","publisher":{"@id":"https:\/\/ses-creative.com\/#organization"},"potentialAction":[{"@type":"SearchAction","target":{"@type":"EntryPoint","urlTemplate":"https:\/\/ses-creative.com\/?s={search_term_string}"},"query-input":{"@type":"PropertyValueSpecification","valueRequired":true,"valueName":"search_term_string"}}],"inLanguage":"de"},{"@type":"Organization","@id":"https:\/\/ses-creative.com\/#organization","name":"SES Creative","url":"https:\/\/ses-creative.com\/","logo":{"@type":"ImageObject","inLanguage":"de","@id":"https:\/\/ses-creative.com\/#\/schema\/logo\/image\/","url":"https:\/\/ses-creative.com\/wp-content\/uploads\/2025\/10\/ses-creative-logo.jpg","contentUrl":"https:\/\/ses-creative.com\/wp-content\/uploads\/2025\/10\/ses-creative-logo.jpg","width":2037,"height":2037,"caption":"SES Creative"},"image":{"@id":"https:\/\/ses-creative.com\/#\/schema\/logo\/image\/"}}]}},"_links":{"self":[{"href":"https:\/\/ses-creative.com\/de\/wp-json\/wp\/v2\/product\/114504","targetHints":{"allow":["GET"]}}],"collection":[{"href":"https:\/\/ses-creative.com\/de\/wp-json\/wp\/v2\/product"}],"about":[{"href":"https:\/\/ses-creative.com\/de\/wp-json\/wp\/v2\/types\/product"}],"replies":[{"embeddable":true,"href":"https:\/\/ses-creative.com\/de\/wp-json\/wp\/v2\/comments?post=114504"}],"wp:featuredmedia":[{"embeddable":true,"href":"https:\/\/ses-creative.com\/de\/wp-json\/wp\/v2\/media\/99328"}],"wp:attachment":[{"href":"https:\/\/ses-creative.com\/de\/wp-json\/wp\/v2\/media?parent=114504"}],"wp:term":[{"taxonomy":"product_brand","embeddable":true,"href":"https:\/\/ses-creative.com\/de\/wp-json\/wp\/v2\/product_brand?post=114504"},{"taxonomy":"product_cat","embeddable":true,"href":"https:\/\/ses-creative.com\/de\/wp-json\/wp\/v2\/product_cat?post=114504"},{"taxonomy":"product_tag","embeddable":true,"href":"https:\/\/ses-creative.com\/de\/wp-json\/wp\/v2\/product_tag?post=114504"}],"curies":[{"name":"wp","href":"https:\/\/api.w.org\/{rel}","templated":true}]}}