











{"id":114502,"date":"2026-02-05T13:52:19","date_gmt":"2026-02-05T13:52:19","guid":{"rendered":"https:\/\/ses-creative.com\/?post_type=product&#038;p=114502"},"modified":"2026-02-06T09:51:22","modified_gmt":"2026-02-06T09:51:22","slug":"akrobatische-tiere","status":"publish","type":"product","link":"https:\/\/ses-creative.com\/de\/produkt\/akrobatische-tiere\/","title":{"rendered":"Akrobatische Tiere"},"content":{"rendered":"<p>Verwandeln Sie jeden Raum in einen aktiven Spielplatz mit dem SES Creative Tierakrobatik-Set. Dieses Lernspiel f\u00fcr Kinder ab 5 Jahren besteht aus 27 illustrierten Karten und einem W\u00fcrfel, mit dem sich lustige Bewegungsabl\u00e4ufe erfinden lassen, die allein oder in der Gruppe ausgef\u00fchrt werden k\u00f6nnen. Bei jedem Wurf wird eine Karte gezogen, und das Kind muss eine von einem Tier inspirierte Haltung nachahmen. Eine spielerische Aktivit\u00e4t, die die Vorstellungskraft anregt, das Gleichgewicht und die Beweglichkeit entwickelt und die Grobmotorik f\u00f6rdert, w\u00e4hrend gleichzeitig eine regelm\u00e4\u00dfige k\u00f6rperliche Aktivit\u00e4t aufrechterhalten wird. Das Spiel eignet sich perfekt f\u00fcr das Spielen drinnen oder drau\u00dfen und f\u00f6rdert die Bewegung, Koordination und das Raummanagement, w\u00e4hrend es gleichzeitig das Selbstvertrauen und die Zusammenarbeit mit anderen st\u00e4rkt. Dank der einfachen und zug\u00e4nglichen Regeln k\u00f6nnen Kinder selbstst\u00e4ndig spielen und stundenlang Spa\u00df haben, ohne dass sie komplizierte Ausr\u00fcstung ben\u00f6tigen. Es ist eine tolle, sportliche und originelle Geschenkidee f\u00fcr dynamische Kinder, die sich gerne Herausforderungen stellen, indem sie sich von der Tierwelt inspirieren lassen und sich dabei frei und mit Freude bewegen.<\/p>\n","protected":false},"excerpt":{"rendered":"<p>Verwandeln Sie jeden Raum in einen aktiven Spielplatz mit dem SES Creative Tierakrobatik-Set. Dieses Lernspiel f\u00fcr Kinder ab 5 Jahren besteht aus 27 illustrierten Karten und einem W\u00fcrfel, mit dem sich lustige Bewegungsabl\u00e4ufe erfinden lassen, die allein oder in der Gruppe ausgef\u00fchrt werden k\u00f6nnen. Bei jedem Wurf wird eine Karte gezogen, und das Kind muss [&hellip;]<\/p>\n","protected":false},"featured_media":99288,"comment_status":"closed","ping_status":"closed","template":"","meta":{"_acf_changed":false},"product_brand":[],"product_cat":[119],"product_tag":[],"class_list":{"0":"post-114502","1":"product","2":"type-product","3":"status-publish","4":"has-post-thumbnail","6":"product_cat-draussen-spielen","7":"pa_collecties-fitness-kids","8":"pa_leeftijd-filter-4-6-jahre","9":"pa_meest-populair-bij-jungen-maedchen","11":"first","12":"instock","13":"shipping-taxable","14":"product-type-simple"},"acf":[],"yoast_head":"<!-- This site is optimized with the Yoast SEO plugin v27.4 - https:\/\/yoast.com\/product\/yoast-seo-wordpress\/ -->\n<title>Akrobatische Tiere - SES Creative<\/title>\n<meta name=\"robots\" content=\"index, follow, max-snippet:-1, max-image-preview:large, max-video-preview:-1\" \/>\n<link rel=\"canonical\" href=\"https:\/\/ses-creative.com\/de\/produkt\/akrobatische-tiere\/\" \/>\n<meta property=\"og:locale\" content=\"de_DE\" \/>\n<meta property=\"og:type\" content=\"article\" \/>\n<meta property=\"og:title\" content=\"Akrobatische Tiere - SES Creative\" \/>\n<meta property=\"og:description\" content=\"Verwandeln Sie jeden Raum in einen aktiven Spielplatz mit dem SES Creative Tierakrobatik-Set. Dieses Lernspiel f\u00fcr Kinder ab 5 Jahren besteht aus 27 illustrierten Karten und einem W\u00fcrfel, mit dem sich lustige Bewegungsabl\u00e4ufe erfinden lassen, die allein oder in der Gruppe ausgef\u00fchrt werden k\u00f6nnen. Bei jedem Wurf wird eine Karte gezogen, und das Kind muss [&hellip;]\" \/>\n<meta property=\"og:url\" content=\"https:\/\/ses-creative.com\/de\/produkt\/akrobatische-tiere\/\" \/>\n<meta property=\"og:site_name\" content=\"SES Creative\" \/>\n<meta property=\"article:modified_time\" content=\"2026-02-06T09:51:22+00:00\" \/>\n<meta name=\"twitter:card\" content=\"summary_large_image\" \/>\n<meta name=\"twitter:label1\" content=\"Gesch\u00e4tzte Lesezeit\" \/>\n\t<meta name=\"twitter:data1\" content=\"1\u00a0Minute\" \/>\n<script type=\"application\/ld+json\" class=\"yoast-schema-graph\">{\"@context\":\"https:\\\/\\\/schema.org\",\"@graph\":[{\"@type\":\"WebPage\",\"@id\":\"https:\\\/\\\/ses-creative.com\\\/de\\\/produkt\\\/akrobatische-tiere\\\/\",\"url\":\"https:\\\/\\\/ses-creative.com\\\/de\\\/produkt\\\/akrobatische-tiere\\\/\",\"name\":\"Akrobatische Tiere - SES Creative\",\"isPartOf\":{\"@id\":\"https:\\\/\\\/ses-creative.com\\\/#website\"},\"primaryImageOfPage\":{\"@id\":\"https:\\\/\\\/ses-creative.com\\\/de\\\/produkt\\\/akrobatische-tiere\\\/#primaryimage\"},\"image\":{\"@id\":\"https:\\\/\\\/ses-creative.com\\\/de\\\/produkt\\\/akrobatische-tiere\\\/#primaryimage\"},\"thumbnailUrl\":\"https:\\\/\\\/ses-creative.com\\\/wp-content\\\/uploads\\\/2026\\\/01\\\/023051.jpg\",\"datePublished\":\"2026-02-05T13:52:19+00:00\",\"dateModified\":\"2026-02-06T09:51:22+00:00\",\"breadcrumb\":{\"@id\":\"https:\\\/\\\/ses-creative.com\\\/de\\\/produkt\\\/akrobatische-tiere\\\/#breadcrumb\"},\"inLanguage\":\"de\",\"potentialAction\":[{\"@type\":\"ReadAction\",\"target\":[\"https:\\\/\\\/ses-creative.com\\\/de\\\/produkt\\\/akrobatische-tiere\\\/\"]}]},{\"@type\":\"ImageObject\",\"inLanguage\":\"de\",\"@id\":\"https:\\\/\\\/ses-creative.com\\\/de\\\/produkt\\\/akrobatische-tiere\\\/#primaryimage\",\"url\":\"https:\\\/\\\/ses-creative.com\\\/wp-content\\\/uploads\\\/2026\\\/01\\\/023051.jpg\",\"contentUrl\":\"https:\\\/\\\/ses-creative.com\\\/wp-content\\\/uploads\\\/2026\\\/01\\\/023051.jpg\",\"width\":1000,\"height\":1000},{\"@type\":\"BreadcrumbList\",\"@id\":\"https:\\\/\\\/ses-creative.com\\\/de\\\/produkt\\\/akrobatische-tiere\\\/#breadcrumb\",\"itemListElement\":[{\"@type\":\"ListItem\",\"position\":1,\"name\":\"Shop\",\"item\":\"https:\\\/\\\/ses-creative.com\\\/de\\\/shop\\\/\"},{\"@type\":\"ListItem\",\"position\":2,\"name\":\"Drau\u00dfen spielen\",\"item\":\"https:\\\/\\\/ses-creative.com\\\/de\\\/product-categorie\\\/draussen-spielen\\\/\"},{\"@type\":\"ListItem\",\"position\":3,\"name\":\"Akrobatische Tiere\"}]},{\"@type\":\"WebSite\",\"@id\":\"https:\\\/\\\/ses-creative.com\\\/#website\",\"url\":\"https:\\\/\\\/ses-creative.com\\\/\",\"name\":\"SES Creative\",\"description\":\"\",\"publisher\":{\"@id\":\"https:\\\/\\\/ses-creative.com\\\/#organization\"},\"potentialAction\":[{\"@type\":\"SearchAction\",\"target\":{\"@type\":\"EntryPoint\",\"urlTemplate\":\"https:\\\/\\\/ses-creative.com\\\/?s={search_term_string}\"},\"query-input\":{\"@type\":\"PropertyValueSpecification\",\"valueRequired\":true,\"valueName\":\"search_term_string\"}}],\"inLanguage\":\"de\"},{\"@type\":\"Organization\",\"@id\":\"https:\\\/\\\/ses-creative.com\\\/#organization\",\"name\":\"SES Creative\",\"url\":\"https:\\\/\\\/ses-creative.com\\\/\",\"logo\":{\"@type\":\"ImageObject\",\"inLanguage\":\"de\",\"@id\":\"https:\\\/\\\/ses-creative.com\\\/#\\\/schema\\\/logo\\\/image\\\/\",\"url\":\"https:\\\/\\\/ses-creative.com\\\/wp-content\\\/uploads\\\/2025\\\/10\\\/ses-creative-logo.jpg\",\"contentUrl\":\"https:\\\/\\\/ses-creative.com\\\/wp-content\\\/uploads\\\/2025\\\/10\\\/ses-creative-logo.jpg\",\"width\":2037,\"height\":2037,\"caption\":\"SES Creative\"},\"image\":{\"@id\":\"https:\\\/\\\/ses-creative.com\\\/#\\\/schema\\\/logo\\\/image\\\/\"}}]}<\/script>\n<!-- \/ Yoast SEO plugin. -->","yoast_head_json":{"title":"Akrobatische Tiere - SES Creative","robots":{"index":"index","follow":"follow","max-snippet":"max-snippet:-1","max-image-preview":"max-image-preview:large","max-video-preview":"max-video-preview:-1"},"canonical":"https:\/\/ses-creative.com\/de\/produkt\/akrobatische-tiere\/","og_locale":"de_DE","og_type":"article","og_title":"Akrobatische Tiere - SES Creative","og_description":"Verwandeln Sie jeden Raum in einen aktiven Spielplatz mit dem SES Creative Tierakrobatik-Set. Dieses Lernspiel f\u00fcr Kinder ab 5 Jahren besteht aus 27 illustrierten Karten und einem W\u00fcrfel, mit dem sich lustige Bewegungsabl\u00e4ufe erfinden lassen, die allein oder in der Gruppe ausgef\u00fchrt werden k\u00f6nnen. Bei jedem Wurf wird eine Karte gezogen, und das Kind muss [&hellip;]","og_url":"https:\/\/ses-creative.com\/de\/produkt\/akrobatische-tiere\/","og_site_name":"SES Creative","article_modified_time":"2026-02-06T09:51:22+00:00","twitter_card":"summary_large_image","twitter_misc":{"Gesch\u00e4tzte Lesezeit":"1\u00a0Minute"},"schema":{"@context":"https:\/\/schema.org","@graph":[{"@type":"WebPage","@id":"https:\/\/ses-creative.com\/de\/produkt\/akrobatische-tiere\/","url":"https:\/\/ses-creative.com\/de\/produkt\/akrobatische-tiere\/","name":"Akrobatische Tiere - SES Creative","isPartOf":{"@id":"https:\/\/ses-creative.com\/#website"},"primaryImageOfPage":{"@id":"https:\/\/ses-creative.com\/de\/produkt\/akrobatische-tiere\/#primaryimage"},"image":{"@id":"https:\/\/ses-creative.com\/de\/produkt\/akrobatische-tiere\/#primaryimage"},"thumbnailUrl":"https:\/\/ses-creative.com\/wp-content\/uploads\/2026\/01\/023051.jpg","datePublished":"2026-02-05T13:52:19+00:00","dateModified":"2026-02-06T09:51:22+00:00","breadcrumb":{"@id":"https:\/\/ses-creative.com\/de\/produkt\/akrobatische-tiere\/#breadcrumb"},"inLanguage":"de","potentialAction":[{"@type":"ReadAction","target":["https:\/\/ses-creative.com\/de\/produkt\/akrobatische-tiere\/"]}]},{"@type":"ImageObject","inLanguage":"de","@id":"https:\/\/ses-creative.com\/de\/produkt\/akrobatische-tiere\/#primaryimage","url":"https:\/\/ses-creative.com\/wp-content\/uploads\/2026\/01\/023051.jpg","contentUrl":"https:\/\/ses-creative.com\/wp-content\/uploads\/2026\/01\/023051.jpg","width":1000,"height":1000},{"@type":"BreadcrumbList","@id":"https:\/\/ses-creative.com\/de\/produkt\/akrobatische-tiere\/#breadcrumb","itemListElement":[{"@type":"ListItem","position":1,"name":"Shop","item":"https:\/\/ses-creative.com\/de\/shop\/"},{"@type":"ListItem","position":2,"name":"Drau\u00dfen spielen","item":"https:\/\/ses-creative.com\/de\/product-categorie\/draussen-spielen\/"},{"@type":"ListItem","position":3,"name":"Akrobatische Tiere"}]},{"@type":"WebSite","@id":"https:\/\/ses-creative.com\/#website","url":"https:\/\/ses-creative.com\/","name":"SES Creative","description":"","publisher":{"@id":"https:\/\/ses-creative.com\/#organization"},"potentialAction":[{"@type":"SearchAction","target":{"@type":"EntryPoint","urlTemplate":"https:\/\/ses-creative.com\/?s={search_term_string}"},"query-input":{"@type":"PropertyValueSpecification","valueRequired":true,"valueName":"search_term_string"}}],"inLanguage":"de"},{"@type":"Organization","@id":"https:\/\/ses-creative.com\/#organization","name":"SES Creative","url":"https:\/\/ses-creative.com\/","logo":{"@type":"ImageObject","inLanguage":"de","@id":"https:\/\/ses-creative.com\/#\/schema\/logo\/image\/","url":"https:\/\/ses-creative.com\/wp-content\/uploads\/2025\/10\/ses-creative-logo.jpg","contentUrl":"https:\/\/ses-creative.com\/wp-content\/uploads\/2025\/10\/ses-creative-logo.jpg","width":2037,"height":2037,"caption":"SES Creative"},"image":{"@id":"https:\/\/ses-creative.com\/#\/schema\/logo\/image\/"}}]}},"_links":{"self":[{"href":"https:\/\/ses-creative.com\/de\/wp-json\/wp\/v2\/product\/114502","targetHints":{"allow":["GET"]}}],"collection":[{"href":"https:\/\/ses-creative.com\/de\/wp-json\/wp\/v2\/product"}],"about":[{"href":"https:\/\/ses-creative.com\/de\/wp-json\/wp\/v2\/types\/product"}],"replies":[{"embeddable":true,"href":"https:\/\/ses-creative.com\/de\/wp-json\/wp\/v2\/comments?post=114502"}],"wp:featuredmedia":[{"embeddable":true,"href":"https:\/\/ses-creative.com\/de\/wp-json\/wp\/v2\/media\/99288"}],"wp:attachment":[{"href":"https:\/\/ses-creative.com\/de\/wp-json\/wp\/v2\/media?parent=114502"}],"wp:term":[{"taxonomy":"product_brand","embeddable":true,"href":"https:\/\/ses-creative.com\/de\/wp-json\/wp\/v2\/product_brand?post=114502"},{"taxonomy":"product_cat","embeddable":true,"href":"https:\/\/ses-creative.com\/de\/wp-json\/wp\/v2\/product_cat?post=114502"},{"taxonomy":"product_tag","embeddable":true,"href":"https:\/\/ses-creative.com\/de\/wp-json\/wp\/v2\/product_tag?post=114502"}],"curies":[{"name":"wp","href":"https:\/\/api.w.org\/{rel}","templated":true}]}}