











{"id":114501,"date":"2026-02-05T13:52:19","date_gmt":"2026-02-05T13:52:19","guid":{"rendered":"https:\/\/ses-creative.com\/?post_type=product&#038;p=114501"},"modified":"2026-02-06T09:51:22","modified_gmt":"2026-02-06T09:51:22","slug":"splash-wasserbaelle-fangspiel","status":"publish","type":"product","link":"https:\/\/ses-creative.com\/de\/produkt\/splash-wasserbaelle-fangspiel\/","title":{"rendered":"Splash Wasserb\u00e4lle Fangspiel"},"content":{"rendered":"<p>Spritzen und Spa\u00df mit dem Splash Wasserfangball<br \/>\nMachen Sie sich bereit f\u00fcr eine gro\u00dfe Wasserschlacht mit dem Splash Wasserfangball-Set von SES Creative! Dieses Set ist perfekt f\u00fcr einen sonnigen Tag und bietet endlosen Spielspa\u00df. Die Splash-Wasserb\u00e4lle k\u00f6nnen sowohl nass als auch trocken verwendet werden und sind die perfekte, nachhaltige Alternative zu Wasserballons. Werft euch die B\u00e4lle mit den praktischen Werkzeugen zu und versucht, euren Gegner nass zu werfen, oder arbeitet zusammen und schaut, wie oft ihr euch den Ball zuwerfen k\u00f6nnt, ohne ihn fallen zu lassen. Mit den 12 wiederverwendbaren Splash-B\u00e4llen wird jedes Spiel garantiert zu einem spritzigen Erfolg!<br \/>\nWas dieses Set so gro\u00dfartig macht<br \/>\n&#8211;    Nachhaltige Alternative zu Wasserballons<br \/>\n&#8211;    Mit den Wurf- und Fangwerkzeugen k\u00f6nnt ihr besonders weit werfen<br \/>\n&#8211;    Wiederverwendbar und sowohl nass als auch trocken verwendbar<br \/>\n&#8211;    Splash B\u00e4lle nehmen viel Wasser auf und sorgen so f\u00fcr maximale Wirkung<br \/>\n&#8211;    Leicht abzusp\u00fclen und zu reinigen<br \/>\nSpritzelnde Action f\u00fcr die ganze Familie<br \/>\nDas Splash Water Catch Ball Set ist ideal f\u00fcr Kinder ab 3 Jahren und bietet zahlreiche M\u00f6glichkeiten f\u00fcr aktives Spielen im Freien. Perfekt f\u00fcr einen warmen Sommertag im Garten, im Park oder am Strand.<br \/>\nInhalt des Sets<br \/>\n&#8211;    2 Wurf- und Fangger\u00e4te<br \/>\n&#8211;    12 Splash-Wasserb\u00e4lle in verschiedenen Farben<br \/>\nWarum SES Creative w\u00e4hlen?<br \/>\nBei SES Creative legen wir gro\u00dfen Wert auf Sicherheit. Deshalb werden die Produkte in der Fabrik in den Niederlanden nach den strengsten europ\u00e4ischen Sicherheitsnormen hergestellt und getestet. Spielzeug von SES Creative sorgt f\u00fcr Spa\u00df und soll Kindern ein Gef\u00fchl des Stolzes auf ihre Arbeit vermitteln, was ihre Kreativit\u00e4t und Entwicklung f\u00f6rdert.<br \/>\nLasst die Wasserschlacht beginnen!<br \/>\nSchnappen Sie sich Ihr Splash Water Catch Ball Set und machen Sie sich bereit f\u00fcr endlosen Wasserspa\u00df. Werfen, fangen und spritzen Sie mit diesem lustigen und langlebigen Set!<\/p>\n","protected":false},"excerpt":{"rendered":"<p>Spritzen und Spa\u00df mit dem Splash Wasserfangball Machen Sie sich bereit f\u00fcr eine gro\u00dfe Wasserschlacht mit dem Splash Wasserfangball-Set von SES Creative! Dieses Set ist perfekt f\u00fcr einen sonnigen Tag und bietet endlosen Spielspa\u00df. Die Splash-Wasserb\u00e4lle k\u00f6nnen sowohl nass als auch trocken verwendet werden und sind die perfekte, nachhaltige Alternative zu Wasserballons. Werft euch die [&hellip;]<\/p>\n","protected":false},"featured_media":99268,"comment_status":"closed","ping_status":"closed","template":"","meta":{"_acf_changed":false},"product_brand":[],"product_cat":[119],"product_tag":[],"class_list":{"0":"post-114501","1":"product","2":"type-product","3":"status-publish","4":"has-post-thumbnail","6":"product_cat-draussen-spielen","7":"pa_collecties-splash-water-balls","8":"pa_leeftijd-filter-3-4-jahre","9":"pa_meest-populair-bij-jungen-maedchen","11":"first","12":"instock","13":"shipping-taxable","14":"product-type-simple"},"acf":[],"yoast_head":"<!-- This site is optimized with the Yoast SEO plugin v27.4 - https:\/\/yoast.com\/product\/yoast-seo-wordpress\/ -->\n<title>Splash Wasserb\u00e4lle Fangspiel - SES Creative<\/title>\n<meta name=\"robots\" content=\"index, follow, max-snippet:-1, max-image-preview:large, max-video-preview:-1\" \/>\n<link rel=\"canonical\" href=\"https:\/\/ses-creative.com\/de\/produkt\/splash-wasserbaelle-fangspiel\/\" \/>\n<meta property=\"og:locale\" content=\"de_DE\" \/>\n<meta property=\"og:type\" content=\"article\" \/>\n<meta property=\"og:title\" content=\"Splash Wasserb\u00e4lle Fangspiel - SES Creative\" \/>\n<meta property=\"og:description\" content=\"Spritzen und Spa\u00df mit dem Splash Wasserfangball Machen Sie sich bereit f\u00fcr eine gro\u00dfe Wasserschlacht mit dem Splash Wasserfangball-Set von SES Creative! Dieses Set ist perfekt f\u00fcr einen sonnigen Tag und bietet endlosen Spielspa\u00df. Die Splash-Wasserb\u00e4lle k\u00f6nnen sowohl nass als auch trocken verwendet werden und sind die perfekte, nachhaltige Alternative zu Wasserballons. Werft euch die [&hellip;]\" \/>\n<meta property=\"og:url\" content=\"https:\/\/ses-creative.com\/de\/produkt\/splash-wasserbaelle-fangspiel\/\" \/>\n<meta property=\"og:site_name\" content=\"SES Creative\" \/>\n<meta property=\"article:modified_time\" content=\"2026-02-06T09:51:22+00:00\" \/>\n<meta name=\"twitter:card\" content=\"summary_large_image\" \/>\n<meta name=\"twitter:label1\" content=\"Gesch\u00e4tzte Lesezeit\" \/>\n\t<meta name=\"twitter:data1\" content=\"2\u00a0Minuten\" \/>\n<script type=\"application\/ld+json\" class=\"yoast-schema-graph\">{\"@context\":\"https:\\\/\\\/schema.org\",\"@graph\":[{\"@type\":\"WebPage\",\"@id\":\"https:\\\/\\\/ses-creative.com\\\/de\\\/produkt\\\/splash-wasserbaelle-fangspiel\\\/\",\"url\":\"https:\\\/\\\/ses-creative.com\\\/de\\\/produkt\\\/splash-wasserbaelle-fangspiel\\\/\",\"name\":\"Splash Wasserb\u00e4lle Fangspiel - SES Creative\",\"isPartOf\":{\"@id\":\"https:\\\/\\\/ses-creative.com\\\/#website\"},\"primaryImageOfPage\":{\"@id\":\"https:\\\/\\\/ses-creative.com\\\/de\\\/produkt\\\/splash-wasserbaelle-fangspiel\\\/#primaryimage\"},\"image\":{\"@id\":\"https:\\\/\\\/ses-creative.com\\\/de\\\/produkt\\\/splash-wasserbaelle-fangspiel\\\/#primaryimage\"},\"thumbnailUrl\":\"https:\\\/\\\/ses-creative.com\\\/wp-content\\\/uploads\\\/2026\\\/01\\\/023041.jpg\",\"datePublished\":\"2026-02-05T13:52:19+00:00\",\"dateModified\":\"2026-02-06T09:51:22+00:00\",\"breadcrumb\":{\"@id\":\"https:\\\/\\\/ses-creative.com\\\/de\\\/produkt\\\/splash-wasserbaelle-fangspiel\\\/#breadcrumb\"},\"inLanguage\":\"de\",\"potentialAction\":[{\"@type\":\"ReadAction\",\"target\":[\"https:\\\/\\\/ses-creative.com\\\/de\\\/produkt\\\/splash-wasserbaelle-fangspiel\\\/\"]}]},{\"@type\":\"ImageObject\",\"inLanguage\":\"de\",\"@id\":\"https:\\\/\\\/ses-creative.com\\\/de\\\/produkt\\\/splash-wasserbaelle-fangspiel\\\/#primaryimage\",\"url\":\"https:\\\/\\\/ses-creative.com\\\/wp-content\\\/uploads\\\/2026\\\/01\\\/023041.jpg\",\"contentUrl\":\"https:\\\/\\\/ses-creative.com\\\/wp-content\\\/uploads\\\/2026\\\/01\\\/023041.jpg\",\"width\":1000,\"height\":1000},{\"@type\":\"BreadcrumbList\",\"@id\":\"https:\\\/\\\/ses-creative.com\\\/de\\\/produkt\\\/splash-wasserbaelle-fangspiel\\\/#breadcrumb\",\"itemListElement\":[{\"@type\":\"ListItem\",\"position\":1,\"name\":\"Shop\",\"item\":\"https:\\\/\\\/ses-creative.com\\\/de\\\/shop\\\/\"},{\"@type\":\"ListItem\",\"position\":2,\"name\":\"Drau\u00dfen spielen\",\"item\":\"https:\\\/\\\/ses-creative.com\\\/de\\\/product-categorie\\\/draussen-spielen\\\/\"},{\"@type\":\"ListItem\",\"position\":3,\"name\":\"Splash Wasserb\u00e4lle Fangspiel\"}]},{\"@type\":\"WebSite\",\"@id\":\"https:\\\/\\\/ses-creative.com\\\/#website\",\"url\":\"https:\\\/\\\/ses-creative.com\\\/\",\"name\":\"SES Creative\",\"description\":\"\",\"publisher\":{\"@id\":\"https:\\\/\\\/ses-creative.com\\\/#organization\"},\"potentialAction\":[{\"@type\":\"SearchAction\",\"target\":{\"@type\":\"EntryPoint\",\"urlTemplate\":\"https:\\\/\\\/ses-creative.com\\\/?s={search_term_string}\"},\"query-input\":{\"@type\":\"PropertyValueSpecification\",\"valueRequired\":true,\"valueName\":\"search_term_string\"}}],\"inLanguage\":\"de\"},{\"@type\":\"Organization\",\"@id\":\"https:\\\/\\\/ses-creative.com\\\/#organization\",\"name\":\"SES Creative\",\"url\":\"https:\\\/\\\/ses-creative.com\\\/\",\"logo\":{\"@type\":\"ImageObject\",\"inLanguage\":\"de\",\"@id\":\"https:\\\/\\\/ses-creative.com\\\/#\\\/schema\\\/logo\\\/image\\\/\",\"url\":\"https:\\\/\\\/ses-creative.com\\\/wp-content\\\/uploads\\\/2025\\\/10\\\/ses-creative-logo.jpg\",\"contentUrl\":\"https:\\\/\\\/ses-creative.com\\\/wp-content\\\/uploads\\\/2025\\\/10\\\/ses-creative-logo.jpg\",\"width\":2037,\"height\":2037,\"caption\":\"SES Creative\"},\"image\":{\"@id\":\"https:\\\/\\\/ses-creative.com\\\/#\\\/schema\\\/logo\\\/image\\\/\"}}]}<\/script>\n<!-- \/ Yoast SEO plugin. -->","yoast_head_json":{"title":"Splash Wasserb\u00e4lle Fangspiel - SES Creative","robots":{"index":"index","follow":"follow","max-snippet":"max-snippet:-1","max-image-preview":"max-image-preview:large","max-video-preview":"max-video-preview:-1"},"canonical":"https:\/\/ses-creative.com\/de\/produkt\/splash-wasserbaelle-fangspiel\/","og_locale":"de_DE","og_type":"article","og_title":"Splash Wasserb\u00e4lle Fangspiel - SES Creative","og_description":"Spritzen und Spa\u00df mit dem Splash Wasserfangball Machen Sie sich bereit f\u00fcr eine gro\u00dfe Wasserschlacht mit dem Splash Wasserfangball-Set von SES Creative! Dieses Set ist perfekt f\u00fcr einen sonnigen Tag und bietet endlosen Spielspa\u00df. Die Splash-Wasserb\u00e4lle k\u00f6nnen sowohl nass als auch trocken verwendet werden und sind die perfekte, nachhaltige Alternative zu Wasserballons. Werft euch die [&hellip;]","og_url":"https:\/\/ses-creative.com\/de\/produkt\/splash-wasserbaelle-fangspiel\/","og_site_name":"SES Creative","article_modified_time":"2026-02-06T09:51:22+00:00","twitter_card":"summary_large_image","twitter_misc":{"Gesch\u00e4tzte Lesezeit":"2\u00a0Minuten"},"schema":{"@context":"https:\/\/schema.org","@graph":[{"@type":"WebPage","@id":"https:\/\/ses-creative.com\/de\/produkt\/splash-wasserbaelle-fangspiel\/","url":"https:\/\/ses-creative.com\/de\/produkt\/splash-wasserbaelle-fangspiel\/","name":"Splash Wasserb\u00e4lle Fangspiel - SES Creative","isPartOf":{"@id":"https:\/\/ses-creative.com\/#website"},"primaryImageOfPage":{"@id":"https:\/\/ses-creative.com\/de\/produkt\/splash-wasserbaelle-fangspiel\/#primaryimage"},"image":{"@id":"https:\/\/ses-creative.com\/de\/produkt\/splash-wasserbaelle-fangspiel\/#primaryimage"},"thumbnailUrl":"https:\/\/ses-creative.com\/wp-content\/uploads\/2026\/01\/023041.jpg","datePublished":"2026-02-05T13:52:19+00:00","dateModified":"2026-02-06T09:51:22+00:00","breadcrumb":{"@id":"https:\/\/ses-creative.com\/de\/produkt\/splash-wasserbaelle-fangspiel\/#breadcrumb"},"inLanguage":"de","potentialAction":[{"@type":"ReadAction","target":["https:\/\/ses-creative.com\/de\/produkt\/splash-wasserbaelle-fangspiel\/"]}]},{"@type":"ImageObject","inLanguage":"de","@id":"https:\/\/ses-creative.com\/de\/produkt\/splash-wasserbaelle-fangspiel\/#primaryimage","url":"https:\/\/ses-creative.com\/wp-content\/uploads\/2026\/01\/023041.jpg","contentUrl":"https:\/\/ses-creative.com\/wp-content\/uploads\/2026\/01\/023041.jpg","width":1000,"height":1000},{"@type":"BreadcrumbList","@id":"https:\/\/ses-creative.com\/de\/produkt\/splash-wasserbaelle-fangspiel\/#breadcrumb","itemListElement":[{"@type":"ListItem","position":1,"name":"Shop","item":"https:\/\/ses-creative.com\/de\/shop\/"},{"@type":"ListItem","position":2,"name":"Drau\u00dfen spielen","item":"https:\/\/ses-creative.com\/de\/product-categorie\/draussen-spielen\/"},{"@type":"ListItem","position":3,"name":"Splash Wasserb\u00e4lle Fangspiel"}]},{"@type":"WebSite","@id":"https:\/\/ses-creative.com\/#website","url":"https:\/\/ses-creative.com\/","name":"SES Creative","description":"","publisher":{"@id":"https:\/\/ses-creative.com\/#organization"},"potentialAction":[{"@type":"SearchAction","target":{"@type":"EntryPoint","urlTemplate":"https:\/\/ses-creative.com\/?s={search_term_string}"},"query-input":{"@type":"PropertyValueSpecification","valueRequired":true,"valueName":"search_term_string"}}],"inLanguage":"de"},{"@type":"Organization","@id":"https:\/\/ses-creative.com\/#organization","name":"SES Creative","url":"https:\/\/ses-creative.com\/","logo":{"@type":"ImageObject","inLanguage":"de","@id":"https:\/\/ses-creative.com\/#\/schema\/logo\/image\/","url":"https:\/\/ses-creative.com\/wp-content\/uploads\/2025\/10\/ses-creative-logo.jpg","contentUrl":"https:\/\/ses-creative.com\/wp-content\/uploads\/2025\/10\/ses-creative-logo.jpg","width":2037,"height":2037,"caption":"SES Creative"},"image":{"@id":"https:\/\/ses-creative.com\/#\/schema\/logo\/image\/"}}]}},"_links":{"self":[{"href":"https:\/\/ses-creative.com\/de\/wp-json\/wp\/v2\/product\/114501","targetHints":{"allow":["GET"]}}],"collection":[{"href":"https:\/\/ses-creative.com\/de\/wp-json\/wp\/v2\/product"}],"about":[{"href":"https:\/\/ses-creative.com\/de\/wp-json\/wp\/v2\/types\/product"}],"replies":[{"embeddable":true,"href":"https:\/\/ses-creative.com\/de\/wp-json\/wp\/v2\/comments?post=114501"}],"wp:featuredmedia":[{"embeddable":true,"href":"https:\/\/ses-creative.com\/de\/wp-json\/wp\/v2\/media\/99268"}],"wp:attachment":[{"href":"https:\/\/ses-creative.com\/de\/wp-json\/wp\/v2\/media?parent=114501"}],"wp:term":[{"taxonomy":"product_brand","embeddable":true,"href":"https:\/\/ses-creative.com\/de\/wp-json\/wp\/v2\/product_brand?post=114501"},{"taxonomy":"product_cat","embeddable":true,"href":"https:\/\/ses-creative.com\/de\/wp-json\/wp\/v2\/product_cat?post=114501"},{"taxonomy":"product_tag","embeddable":true,"href":"https:\/\/ses-creative.com\/de\/wp-json\/wp\/v2\/product_tag?post=114501"}],"curies":[{"name":"wp","href":"https:\/\/api.w.org\/{rel}","templated":true}]}}