











{"id":114499,"date":"2026-02-05T13:52:18","date_gmt":"2026-02-05T13:52:18","guid":{"rendered":"https:\/\/ses-creative.com\/?post_type=product&#038;p=114499"},"modified":"2026-02-06T09:51:22","modified_gmt":"2026-02-06T09:51:22","slug":"finntoss-jr-finnisches-wurfspiel-junior","status":"publish","type":"product","link":"https:\/\/ses-creative.com\/de\/produkt\/finntoss-jr-finnisches-wurfspiel-junior\/","title":{"rendered":"Finntoss Jr. &#8211; Finnisches Wurfspiel Junior"},"content":{"rendered":"<p>Finntoss Jr.: Das lustige und herausfordernde finnische Kegelspiel f\u00fcr Kinder<br \/>\nBist du bereit, deine Kegelk\u00fcnste unter Beweis zu stellen? Mit Finntoss Jr. kannst du dich mit Familie und Freunden messen und versuchen, als Erster 10 Punkte zu erzielen! Spiele dieses herausfordernde Spiel im Park, am Strand, auf dem B\u00fcrgersteig oder im Garten. Die fr\u00f6hlichen Tierkegel sind Punkte wert, und mit dem Holzstab versuchst du, sie umzuwerfen. Wer erreicht als Erster genau 10 Punkte? Lies dir die Anleitung vor dem Start gut durch und hol dir den Sieg!<br \/>\nWas dieses Set so toll macht<br \/>\n&#8211;    Echte Holzteile f\u00fcr ein authentisches Spielgef\u00fchl<br \/>\n&#8211;    Fr\u00f6hlich illustrierte Kegel f\u00fcr zus\u00e4tzlichen Spielspa\u00df<br \/>\n&#8211;    Junior-Version mit einfacher Punktewertung<br \/>\n&#8211;    Anleitung mit ausf\u00fcllbarer Punkteliste<br \/>\n&#8211;    Praktische Aufbewahrungstasche, um das Spiel \u00fcberallhin mitnehmen zu k\u00f6nnen<br \/>\nWer erreicht als Erster 10 Punkte?<br \/>\nFinntoss Jr. ist ein gro\u00dfartiges Spiel f\u00fcr drau\u00dfen, das Kinder ab 4 Jahren herausfordert, ihre Pr\u00e4zision und Geduld unter Beweis zu stellen. Dieses Spiel sorgt f\u00fcr endlosen Spa\u00df und gesunden Wettbewerb und ist ideal f\u00fcr aktive Spieltage im Freien.<br \/>\nInhalt des Sets<br \/>\n&#8211;    6 Holzkegel<br \/>\n&#8211;    1 Holz-Wurfstock<br \/>\n&#8211;    Aufkleber mit Tierk\u00f6pfen und Punkten<br \/>\n&#8211;    Aufbewahrungstasche aus Stoff<br \/>\n&#8211;    Anleitung<br \/>\nWarum SES Creative w\u00e4hlen?<br \/>\nBei SES Creative legen wir gro\u00dfen Wert auf Sicherheit. Deshalb werden die Produkte in unserem Werk in den Niederlanden nach den strengsten europ\u00e4ischen Sicherheitsnormen hergestellt und getestet. Spielzeug von SES Creative sorgt f\u00fcr Spa\u00df und soll Kindern ein Gef\u00fchl des Stolzes auf ihre Arbeit vermitteln, was ihre Kreativit\u00e4t und Entwicklung f\u00f6rdert.<br \/>\nNimm die Herausforderung mit Finntoss Jr. an!<br \/>\nVersammeln Sie Ihre Freunde oder Familie und starten Sie ein spannendes Spiel Finnisches Kegeln. Mit Finntoss Jr. haben Sie immer ein unterhaltsames und herausforderndes Spiel zur Hand, egal wo Sie sind!<\/p>\n","protected":false},"excerpt":{"rendered":"<p>Finntoss Jr.: Das lustige und herausfordernde finnische Kegelspiel f\u00fcr Kinder Bist du bereit, deine Kegelk\u00fcnste unter Beweis zu stellen? Mit Finntoss Jr. kannst du dich mit Familie und Freunden messen und versuchen, als Erster 10 Punkte zu erzielen! Spiele dieses herausfordernde Spiel im Park, am Strand, auf dem B\u00fcrgersteig oder im Garten. Die fr\u00f6hlichen Tierkegel [&hellip;]<\/p>\n","protected":false},"featured_media":110268,"comment_status":"closed","ping_status":"closed","template":"","meta":{"_acf_changed":false},"product_brand":[],"product_cat":[119],"product_tag":[],"class_list":{"0":"post-114499","1":"product","2":"type-product","3":"status-publish","4":"has-post-thumbnail","6":"product_cat-draussen-spielen","7":"pa_leeftijd-filter-4-6-jahre","8":"pa_meest-populair-bij-jungen-maedchen","10":"first","11":"instock","12":"shipping-taxable","13":"product-type-simple"},"acf":[],"yoast_head":"<!-- This site is optimized with the Yoast SEO plugin v27.4 - https:\/\/yoast.com\/product\/yoast-seo-wordpress\/ -->\n<title>Finntoss Jr. - Finnisches Wurfspiel Junior - SES Creative<\/title>\n<meta name=\"robots\" content=\"index, follow, max-snippet:-1, max-image-preview:large, max-video-preview:-1\" \/>\n<link rel=\"canonical\" href=\"https:\/\/ses-creative.com\/de\/produkt\/finntoss-jr-finnisches-wurfspiel-junior\/\" \/>\n<meta property=\"og:locale\" content=\"de_DE\" \/>\n<meta property=\"og:type\" content=\"article\" \/>\n<meta property=\"og:title\" content=\"Finntoss Jr. - Finnisches Wurfspiel Junior - SES Creative\" \/>\n<meta property=\"og:description\" content=\"Finntoss Jr.: Das lustige und herausfordernde finnische Kegelspiel f\u00fcr Kinder Bist du bereit, deine Kegelk\u00fcnste unter Beweis zu stellen? Mit Finntoss Jr. kannst du dich mit Familie und Freunden messen und versuchen, als Erster 10 Punkte zu erzielen! Spiele dieses herausfordernde Spiel im Park, am Strand, auf dem B\u00fcrgersteig oder im Garten. Die fr\u00f6hlichen Tierkegel [&hellip;]\" \/>\n<meta property=\"og:url\" content=\"https:\/\/ses-creative.com\/de\/produkt\/finntoss-jr-finnisches-wurfspiel-junior\/\" \/>\n<meta property=\"og:site_name\" content=\"SES Creative\" \/>\n<meta property=\"article:modified_time\" content=\"2026-02-06T09:51:22+00:00\" \/>\n<meta name=\"twitter:card\" content=\"summary_large_image\" \/>\n<meta name=\"twitter:label1\" content=\"Gesch\u00e4tzte Lesezeit\" \/>\n\t<meta name=\"twitter:data1\" content=\"2\u00a0Minuten\" \/>\n<script type=\"application\/ld+json\" class=\"yoast-schema-graph\">{\"@context\":\"https:\\\/\\\/schema.org\",\"@graph\":[{\"@type\":\"WebPage\",\"@id\":\"https:\\\/\\\/ses-creative.com\\\/de\\\/produkt\\\/finntoss-jr-finnisches-wurfspiel-junior\\\/\",\"url\":\"https:\\\/\\\/ses-creative.com\\\/de\\\/produkt\\\/finntoss-jr-finnisches-wurfspiel-junior\\\/\",\"name\":\"Finntoss Jr. - Finnisches Wurfspiel Junior - SES Creative\",\"isPartOf\":{\"@id\":\"https:\\\/\\\/ses-creative.com\\\/#website\"},\"primaryImageOfPage\":{\"@id\":\"https:\\\/\\\/ses-creative.com\\\/de\\\/produkt\\\/finntoss-jr-finnisches-wurfspiel-junior\\\/#primaryimage\"},\"image\":{\"@id\":\"https:\\\/\\\/ses-creative.com\\\/de\\\/produkt\\\/finntoss-jr-finnisches-wurfspiel-junior\\\/#primaryimage\"},\"thumbnailUrl\":\"https:\\\/\\\/ses-creative.com\\\/wp-content\\\/uploads\\\/2025\\\/12\\\/24284_1945008088.jpg\",\"datePublished\":\"2026-02-05T13:52:18+00:00\",\"dateModified\":\"2026-02-06T09:51:22+00:00\",\"breadcrumb\":{\"@id\":\"https:\\\/\\\/ses-creative.com\\\/de\\\/produkt\\\/finntoss-jr-finnisches-wurfspiel-junior\\\/#breadcrumb\"},\"inLanguage\":\"de\",\"potentialAction\":[{\"@type\":\"ReadAction\",\"target\":[\"https:\\\/\\\/ses-creative.com\\\/de\\\/produkt\\\/finntoss-jr-finnisches-wurfspiel-junior\\\/\"]}]},{\"@type\":\"ImageObject\",\"inLanguage\":\"de\",\"@id\":\"https:\\\/\\\/ses-creative.com\\\/de\\\/produkt\\\/finntoss-jr-finnisches-wurfspiel-junior\\\/#primaryimage\",\"url\":\"https:\\\/\\\/ses-creative.com\\\/wp-content\\\/uploads\\\/2025\\\/12\\\/24284_1945008088.jpg\",\"contentUrl\":\"https:\\\/\\\/ses-creative.com\\\/wp-content\\\/uploads\\\/2025\\\/12\\\/24284_1945008088.jpg\",\"width\":1500,\"height\":1083},{\"@type\":\"BreadcrumbList\",\"@id\":\"https:\\\/\\\/ses-creative.com\\\/de\\\/produkt\\\/finntoss-jr-finnisches-wurfspiel-junior\\\/#breadcrumb\",\"itemListElement\":[{\"@type\":\"ListItem\",\"position\":1,\"name\":\"Shop\",\"item\":\"https:\\\/\\\/ses-creative.com\\\/de\\\/shop\\\/\"},{\"@type\":\"ListItem\",\"position\":2,\"name\":\"Drau\u00dfen spielen\",\"item\":\"https:\\\/\\\/ses-creative.com\\\/de\\\/product-categorie\\\/draussen-spielen\\\/\"},{\"@type\":\"ListItem\",\"position\":3,\"name\":\"Finntoss Jr. &#8211; Finnisches Wurfspiel Junior\"}]},{\"@type\":\"WebSite\",\"@id\":\"https:\\\/\\\/ses-creative.com\\\/#website\",\"url\":\"https:\\\/\\\/ses-creative.com\\\/\",\"name\":\"SES Creative\",\"description\":\"\",\"publisher\":{\"@id\":\"https:\\\/\\\/ses-creative.com\\\/#organization\"},\"potentialAction\":[{\"@type\":\"SearchAction\",\"target\":{\"@type\":\"EntryPoint\",\"urlTemplate\":\"https:\\\/\\\/ses-creative.com\\\/?s={search_term_string}\"},\"query-input\":{\"@type\":\"PropertyValueSpecification\",\"valueRequired\":true,\"valueName\":\"search_term_string\"}}],\"inLanguage\":\"de\"},{\"@type\":\"Organization\",\"@id\":\"https:\\\/\\\/ses-creative.com\\\/#organization\",\"name\":\"SES Creative\",\"url\":\"https:\\\/\\\/ses-creative.com\\\/\",\"logo\":{\"@type\":\"ImageObject\",\"inLanguage\":\"de\",\"@id\":\"https:\\\/\\\/ses-creative.com\\\/#\\\/schema\\\/logo\\\/image\\\/\",\"url\":\"https:\\\/\\\/ses-creative.com\\\/wp-content\\\/uploads\\\/2025\\\/10\\\/ses-creative-logo.jpg\",\"contentUrl\":\"https:\\\/\\\/ses-creative.com\\\/wp-content\\\/uploads\\\/2025\\\/10\\\/ses-creative-logo.jpg\",\"width\":2037,\"height\":2037,\"caption\":\"SES Creative\"},\"image\":{\"@id\":\"https:\\\/\\\/ses-creative.com\\\/#\\\/schema\\\/logo\\\/image\\\/\"}}]}<\/script>\n<!-- \/ Yoast SEO plugin. -->","yoast_head_json":{"title":"Finntoss Jr. - Finnisches Wurfspiel Junior - SES Creative","robots":{"index":"index","follow":"follow","max-snippet":"max-snippet:-1","max-image-preview":"max-image-preview:large","max-video-preview":"max-video-preview:-1"},"canonical":"https:\/\/ses-creative.com\/de\/produkt\/finntoss-jr-finnisches-wurfspiel-junior\/","og_locale":"de_DE","og_type":"article","og_title":"Finntoss Jr. - Finnisches Wurfspiel Junior - SES Creative","og_description":"Finntoss Jr.: Das lustige und herausfordernde finnische Kegelspiel f\u00fcr Kinder Bist du bereit, deine Kegelk\u00fcnste unter Beweis zu stellen? Mit Finntoss Jr. kannst du dich mit Familie und Freunden messen und versuchen, als Erster 10 Punkte zu erzielen! Spiele dieses herausfordernde Spiel im Park, am Strand, auf dem B\u00fcrgersteig oder im Garten. Die fr\u00f6hlichen Tierkegel [&hellip;]","og_url":"https:\/\/ses-creative.com\/de\/produkt\/finntoss-jr-finnisches-wurfspiel-junior\/","og_site_name":"SES Creative","article_modified_time":"2026-02-06T09:51:22+00:00","twitter_card":"summary_large_image","twitter_misc":{"Gesch\u00e4tzte Lesezeit":"2\u00a0Minuten"},"schema":{"@context":"https:\/\/schema.org","@graph":[{"@type":"WebPage","@id":"https:\/\/ses-creative.com\/de\/produkt\/finntoss-jr-finnisches-wurfspiel-junior\/","url":"https:\/\/ses-creative.com\/de\/produkt\/finntoss-jr-finnisches-wurfspiel-junior\/","name":"Finntoss Jr. - Finnisches Wurfspiel Junior - SES Creative","isPartOf":{"@id":"https:\/\/ses-creative.com\/#website"},"primaryImageOfPage":{"@id":"https:\/\/ses-creative.com\/de\/produkt\/finntoss-jr-finnisches-wurfspiel-junior\/#primaryimage"},"image":{"@id":"https:\/\/ses-creative.com\/de\/produkt\/finntoss-jr-finnisches-wurfspiel-junior\/#primaryimage"},"thumbnailUrl":"https:\/\/ses-creative.com\/wp-content\/uploads\/2025\/12\/24284_1945008088.jpg","datePublished":"2026-02-05T13:52:18+00:00","dateModified":"2026-02-06T09:51:22+00:00","breadcrumb":{"@id":"https:\/\/ses-creative.com\/de\/produkt\/finntoss-jr-finnisches-wurfspiel-junior\/#breadcrumb"},"inLanguage":"de","potentialAction":[{"@type":"ReadAction","target":["https:\/\/ses-creative.com\/de\/produkt\/finntoss-jr-finnisches-wurfspiel-junior\/"]}]},{"@type":"ImageObject","inLanguage":"de","@id":"https:\/\/ses-creative.com\/de\/produkt\/finntoss-jr-finnisches-wurfspiel-junior\/#primaryimage","url":"https:\/\/ses-creative.com\/wp-content\/uploads\/2025\/12\/24284_1945008088.jpg","contentUrl":"https:\/\/ses-creative.com\/wp-content\/uploads\/2025\/12\/24284_1945008088.jpg","width":1500,"height":1083},{"@type":"BreadcrumbList","@id":"https:\/\/ses-creative.com\/de\/produkt\/finntoss-jr-finnisches-wurfspiel-junior\/#breadcrumb","itemListElement":[{"@type":"ListItem","position":1,"name":"Shop","item":"https:\/\/ses-creative.com\/de\/shop\/"},{"@type":"ListItem","position":2,"name":"Drau\u00dfen spielen","item":"https:\/\/ses-creative.com\/de\/product-categorie\/draussen-spielen\/"},{"@type":"ListItem","position":3,"name":"Finntoss Jr. &#8211; Finnisches Wurfspiel Junior"}]},{"@type":"WebSite","@id":"https:\/\/ses-creative.com\/#website","url":"https:\/\/ses-creative.com\/","name":"SES Creative","description":"","publisher":{"@id":"https:\/\/ses-creative.com\/#organization"},"potentialAction":[{"@type":"SearchAction","target":{"@type":"EntryPoint","urlTemplate":"https:\/\/ses-creative.com\/?s={search_term_string}"},"query-input":{"@type":"PropertyValueSpecification","valueRequired":true,"valueName":"search_term_string"}}],"inLanguage":"de"},{"@type":"Organization","@id":"https:\/\/ses-creative.com\/#organization","name":"SES Creative","url":"https:\/\/ses-creative.com\/","logo":{"@type":"ImageObject","inLanguage":"de","@id":"https:\/\/ses-creative.com\/#\/schema\/logo\/image\/","url":"https:\/\/ses-creative.com\/wp-content\/uploads\/2025\/10\/ses-creative-logo.jpg","contentUrl":"https:\/\/ses-creative.com\/wp-content\/uploads\/2025\/10\/ses-creative-logo.jpg","width":2037,"height":2037,"caption":"SES Creative"},"image":{"@id":"https:\/\/ses-creative.com\/#\/schema\/logo\/image\/"}}]}},"_links":{"self":[{"href":"https:\/\/ses-creative.com\/de\/wp-json\/wp\/v2\/product\/114499","targetHints":{"allow":["GET"]}}],"collection":[{"href":"https:\/\/ses-creative.com\/de\/wp-json\/wp\/v2\/product"}],"about":[{"href":"https:\/\/ses-creative.com\/de\/wp-json\/wp\/v2\/types\/product"}],"replies":[{"embeddable":true,"href":"https:\/\/ses-creative.com\/de\/wp-json\/wp\/v2\/comments?post=114499"}],"wp:featuredmedia":[{"embeddable":true,"href":"https:\/\/ses-creative.com\/de\/wp-json\/wp\/v2\/media\/110268"}],"wp:attachment":[{"href":"https:\/\/ses-creative.com\/de\/wp-json\/wp\/v2\/media?parent=114499"}],"wp:term":[{"taxonomy":"product_brand","embeddable":true,"href":"https:\/\/ses-creative.com\/de\/wp-json\/wp\/v2\/product_brand?post=114499"},{"taxonomy":"product_cat","embeddable":true,"href":"https:\/\/ses-creative.com\/de\/wp-json\/wp\/v2\/product_cat?post=114499"},{"taxonomy":"product_tag","embeddable":true,"href":"https:\/\/ses-creative.com\/de\/wp-json\/wp\/v2\/product_tag?post=114499"}],"curies":[{"name":"wp","href":"https:\/\/api.w.org\/{rel}","templated":true}]}}