











{"id":114497,"date":"2026-02-05T13:52:18","date_gmt":"2026-02-05T13:52:18","guid":{"rendered":"https:\/\/ses-creative.com\/?post_type=product&#038;p=114497"},"modified":"2026-02-06T09:51:22","modified_gmt":"2026-02-06T09:51:22","slug":"mega-yatzy-junior","status":"publish","type":"product","link":"https:\/\/ses-creative.com\/de\/produkt\/mega-yatzy-junior\/","title":{"rendered":"Mega-Yatzy Junior"},"content":{"rendered":"<p>Mega Yatzy Junior: Spannung und Spa\u00df f\u00fcr die ganze Familie!<br \/>\nEntdecken Sie die Spannung des klassischen W\u00fcrfelspiels mit einer lustigen Variante f\u00fcr die Kleinen! Mit SES Creative Mega Yatzy Junior k\u00f6nnen Kinder ihr Gl\u00fcck versuchen und ihre F\u00e4higkeiten entwickeln, w\u00e4hrend sie Spa\u00df mit Freunden und Familie haben. Dieses Spiel wurde speziell f\u00fcr junge Spieler ab 4 Jahren entwickelt.<br \/>\nWirf die W\u00fcrfel und versuche, Kombinationen wie eine Stra\u00dfe, ein Full House oder sogar einen Yatzy zu erzielen! Notiere deine Punktzahl auf dem Punkteblock und schau, wer die meisten Punkte sammelt. Dank der klaren Anleitung kannst du schnell loslegen und das Spiel in vollen Z\u00fcgen genie\u00dfen.<br \/>\nWas dieses Set so toll macht<br \/>\n&#8211;    Klassisches W\u00fcrfelspiel in einem trendigen, kinderfreundlichen Design<br \/>\n&#8211;    Mit lustigen Tierfiguren, die das Spiel noch unterhaltsamer machen<br \/>\n&#8211;    F\u00f6rdert strategisches Denken, Z\u00e4hlen und Planen<br \/>\n&#8211;    Spa\u00df f\u00fcr die ganze Familie<br \/>\n&#8211;    Mit gro\u00dfen Holzw\u00fcrfeln<br \/>\nSpa\u00df und Bildung<br \/>\nSES Creative Mega Yatzy Junior ist perfekt f\u00fcr gem\u00fctliche Spieleabende mit der Familie. Das Spiel ist leicht zu verstehen und bietet unendliche Variationsm\u00f6glichkeiten, sodass es nie langweilig wird. Die gro\u00dfen W\u00fcrfel sind f\u00fcr kleine H\u00e4nde leicht zu handhaben und die bunten Punktebl\u00f6cke machen das Spiel noch unterhaltsamer. Dieses Spiel bietet nicht nur stundenlangen Spielspa\u00df, sondern f\u00f6rdert auch die Entwicklung mathematischer F\u00e4higkeiten, strategischen Denkens und sozialer Interaktion. Kinder lernen z\u00e4hlen, addieren und planen, w\u00e4hrend sie versuchen, die h\u00f6chsten Punktzahlen zu erzielen.<br \/>\nInhalt des Sets<br \/>\n&#8211;    5 gro\u00dfe W\u00fcrfel<br \/>\n&#8211;    Punktestandblock<br \/>\n&#8211;    Bleistift<br \/>\n&#8211;    Anleitung<br \/>\nWarum SES Creative w\u00e4hlen?<br \/>\nBei SES Creative legen wir gro\u00dfen Wert auf Sicherheit. Deshalb werden die Produkte in unserem Werk in den Niederlanden nach den strengsten europ\u00e4ischen Sicherheitsnormen hergestellt und getestet. Spielzeug von SES Creative sorgt f\u00fcr Spa\u00df und soll Kindern ein Gef\u00fchl des Stolzes auf ihre Arbeit vermitteln, was ihre Kreativit\u00e4t und Entwicklung f\u00f6rdert.<br \/>\nErleben Sie die Spannung von Mega Yatzy!<br \/>\nBist du bereit f\u00fcr eine spannende Herausforderung? Dann hol dir SES Creative Mega Yatzy Junior und erlebe stundenlangen Spa\u00df mit Freunden und Familie. Worauf wartest du noch? Wirf die W\u00fcrfel und hol dir die h\u00f6chste Punktzahl!<\/p>\n","protected":false},"excerpt":{"rendered":"<p>Mega Yatzy Junior: Spannung und Spa\u00df f\u00fcr die ganze Familie! Entdecken Sie die Spannung des klassischen W\u00fcrfelspiels mit einer lustigen Variante f\u00fcr die Kleinen! Mit SES Creative Mega Yatzy Junior k\u00f6nnen Kinder ihr Gl\u00fcck versuchen und ihre F\u00e4higkeiten entwickeln, w\u00e4hrend sie Spa\u00df mit Freunden und Familie haben. Dieses Spiel wurde speziell f\u00fcr junge Spieler ab [&hellip;]<\/p>\n","protected":false},"featured_media":110251,"comment_status":"closed","ping_status":"closed","template":"","meta":{"_acf_changed":false},"product_brand":[],"product_cat":[119],"product_tag":[],"class_list":{"0":"post-114497","1":"product","2":"type-product","3":"status-publish","4":"has-post-thumbnail","6":"product_cat-draussen-spielen","7":"pa_leeftijd-filter-4-6-jahre","8":"pa_meest-populair-bij-jungen-maedchen","10":"first","11":"instock","12":"shipping-taxable","13":"product-type-simple"},"acf":[],"yoast_head":"<!-- This site is optimized with the Yoast SEO plugin v27.4 - https:\/\/yoast.com\/product\/yoast-seo-wordpress\/ -->\n<title>Mega-Yatzy Junior - SES Creative<\/title>\n<meta name=\"robots\" content=\"index, follow, max-snippet:-1, max-image-preview:large, max-video-preview:-1\" \/>\n<link rel=\"canonical\" href=\"https:\/\/ses-creative.com\/de\/produkt\/mega-yatzy-junior\/\" \/>\n<meta property=\"og:locale\" content=\"de_DE\" \/>\n<meta property=\"og:type\" content=\"article\" \/>\n<meta property=\"og:title\" content=\"Mega-Yatzy Junior - SES Creative\" \/>\n<meta property=\"og:description\" content=\"Mega Yatzy Junior: Spannung und Spa\u00df f\u00fcr die ganze Familie! Entdecken Sie die Spannung des klassischen W\u00fcrfelspiels mit einer lustigen Variante f\u00fcr die Kleinen! Mit SES Creative Mega Yatzy Junior k\u00f6nnen Kinder ihr Gl\u00fcck versuchen und ihre F\u00e4higkeiten entwickeln, w\u00e4hrend sie Spa\u00df mit Freunden und Familie haben. Dieses Spiel wurde speziell f\u00fcr junge Spieler ab [&hellip;]\" \/>\n<meta property=\"og:url\" content=\"https:\/\/ses-creative.com\/de\/produkt\/mega-yatzy-junior\/\" \/>\n<meta property=\"og:site_name\" content=\"SES Creative\" \/>\n<meta property=\"article:modified_time\" content=\"2026-02-06T09:51:22+00:00\" \/>\n<meta name=\"twitter:card\" content=\"summary_large_image\" \/>\n<meta name=\"twitter:label1\" content=\"Gesch\u00e4tzte Lesezeit\" \/>\n\t<meta name=\"twitter:data1\" content=\"2\u00a0Minuten\" \/>\n<script type=\"application\/ld+json\" class=\"yoast-schema-graph\">{\"@context\":\"https:\\\/\\\/schema.org\",\"@graph\":[{\"@type\":\"WebPage\",\"@id\":\"https:\\\/\\\/ses-creative.com\\\/de\\\/produkt\\\/mega-yatzy-junior\\\/\",\"url\":\"https:\\\/\\\/ses-creative.com\\\/de\\\/produkt\\\/mega-yatzy-junior\\\/\",\"name\":\"Mega-Yatzy Junior - SES Creative\",\"isPartOf\":{\"@id\":\"https:\\\/\\\/ses-creative.com\\\/#website\"},\"primaryImageOfPage\":{\"@id\":\"https:\\\/\\\/ses-creative.com\\\/de\\\/produkt\\\/mega-yatzy-junior\\\/#primaryimage\"},\"image\":{\"@id\":\"https:\\\/\\\/ses-creative.com\\\/de\\\/produkt\\\/mega-yatzy-junior\\\/#primaryimage\"},\"thumbnailUrl\":\"https:\\\/\\\/ses-creative.com\\\/wp-content\\\/uploads\\\/2025\\\/12\\\/02294.jpeg\",\"datePublished\":\"2026-02-05T13:52:18+00:00\",\"dateModified\":\"2026-02-06T09:51:22+00:00\",\"breadcrumb\":{\"@id\":\"https:\\\/\\\/ses-creative.com\\\/de\\\/produkt\\\/mega-yatzy-junior\\\/#breadcrumb\"},\"inLanguage\":\"de\",\"potentialAction\":[{\"@type\":\"ReadAction\",\"target\":[\"https:\\\/\\\/ses-creative.com\\\/de\\\/produkt\\\/mega-yatzy-junior\\\/\"]}]},{\"@type\":\"ImageObject\",\"inLanguage\":\"de\",\"@id\":\"https:\\\/\\\/ses-creative.com\\\/de\\\/produkt\\\/mega-yatzy-junior\\\/#primaryimage\",\"url\":\"https:\\\/\\\/ses-creative.com\\\/wp-content\\\/uploads\\\/2025\\\/12\\\/02294.jpeg\",\"contentUrl\":\"https:\\\/\\\/ses-creative.com\\\/wp-content\\\/uploads\\\/2025\\\/12\\\/02294.jpeg\",\"width\":2000,\"height\":2000},{\"@type\":\"BreadcrumbList\",\"@id\":\"https:\\\/\\\/ses-creative.com\\\/de\\\/produkt\\\/mega-yatzy-junior\\\/#breadcrumb\",\"itemListElement\":[{\"@type\":\"ListItem\",\"position\":1,\"name\":\"Shop\",\"item\":\"https:\\\/\\\/ses-creative.com\\\/de\\\/shop\\\/\"},{\"@type\":\"ListItem\",\"position\":2,\"name\":\"Drau\u00dfen spielen\",\"item\":\"https:\\\/\\\/ses-creative.com\\\/de\\\/product-categorie\\\/draussen-spielen\\\/\"},{\"@type\":\"ListItem\",\"position\":3,\"name\":\"Mega-Yatzy Junior\"}]},{\"@type\":\"WebSite\",\"@id\":\"https:\\\/\\\/ses-creative.com\\\/#website\",\"url\":\"https:\\\/\\\/ses-creative.com\\\/\",\"name\":\"SES Creative\",\"description\":\"\",\"publisher\":{\"@id\":\"https:\\\/\\\/ses-creative.com\\\/#organization\"},\"potentialAction\":[{\"@type\":\"SearchAction\",\"target\":{\"@type\":\"EntryPoint\",\"urlTemplate\":\"https:\\\/\\\/ses-creative.com\\\/?s={search_term_string}\"},\"query-input\":{\"@type\":\"PropertyValueSpecification\",\"valueRequired\":true,\"valueName\":\"search_term_string\"}}],\"inLanguage\":\"de\"},{\"@type\":\"Organization\",\"@id\":\"https:\\\/\\\/ses-creative.com\\\/#organization\",\"name\":\"SES Creative\",\"url\":\"https:\\\/\\\/ses-creative.com\\\/\",\"logo\":{\"@type\":\"ImageObject\",\"inLanguage\":\"de\",\"@id\":\"https:\\\/\\\/ses-creative.com\\\/#\\\/schema\\\/logo\\\/image\\\/\",\"url\":\"https:\\\/\\\/ses-creative.com\\\/wp-content\\\/uploads\\\/2025\\\/10\\\/ses-creative-logo.jpg\",\"contentUrl\":\"https:\\\/\\\/ses-creative.com\\\/wp-content\\\/uploads\\\/2025\\\/10\\\/ses-creative-logo.jpg\",\"width\":2037,\"height\":2037,\"caption\":\"SES Creative\"},\"image\":{\"@id\":\"https:\\\/\\\/ses-creative.com\\\/#\\\/schema\\\/logo\\\/image\\\/\"}}]}<\/script>\n<!-- \/ Yoast SEO plugin. -->","yoast_head_json":{"title":"Mega-Yatzy Junior - SES Creative","robots":{"index":"index","follow":"follow","max-snippet":"max-snippet:-1","max-image-preview":"max-image-preview:large","max-video-preview":"max-video-preview:-1"},"canonical":"https:\/\/ses-creative.com\/de\/produkt\/mega-yatzy-junior\/","og_locale":"de_DE","og_type":"article","og_title":"Mega-Yatzy Junior - SES Creative","og_description":"Mega Yatzy Junior: Spannung und Spa\u00df f\u00fcr die ganze Familie! Entdecken Sie die Spannung des klassischen W\u00fcrfelspiels mit einer lustigen Variante f\u00fcr die Kleinen! Mit SES Creative Mega Yatzy Junior k\u00f6nnen Kinder ihr Gl\u00fcck versuchen und ihre F\u00e4higkeiten entwickeln, w\u00e4hrend sie Spa\u00df mit Freunden und Familie haben. Dieses Spiel wurde speziell f\u00fcr junge Spieler ab [&hellip;]","og_url":"https:\/\/ses-creative.com\/de\/produkt\/mega-yatzy-junior\/","og_site_name":"SES Creative","article_modified_time":"2026-02-06T09:51:22+00:00","twitter_card":"summary_large_image","twitter_misc":{"Gesch\u00e4tzte Lesezeit":"2\u00a0Minuten"},"schema":{"@context":"https:\/\/schema.org","@graph":[{"@type":"WebPage","@id":"https:\/\/ses-creative.com\/de\/produkt\/mega-yatzy-junior\/","url":"https:\/\/ses-creative.com\/de\/produkt\/mega-yatzy-junior\/","name":"Mega-Yatzy Junior - SES Creative","isPartOf":{"@id":"https:\/\/ses-creative.com\/#website"},"primaryImageOfPage":{"@id":"https:\/\/ses-creative.com\/de\/produkt\/mega-yatzy-junior\/#primaryimage"},"image":{"@id":"https:\/\/ses-creative.com\/de\/produkt\/mega-yatzy-junior\/#primaryimage"},"thumbnailUrl":"https:\/\/ses-creative.com\/wp-content\/uploads\/2025\/12\/02294.jpeg","datePublished":"2026-02-05T13:52:18+00:00","dateModified":"2026-02-06T09:51:22+00:00","breadcrumb":{"@id":"https:\/\/ses-creative.com\/de\/produkt\/mega-yatzy-junior\/#breadcrumb"},"inLanguage":"de","potentialAction":[{"@type":"ReadAction","target":["https:\/\/ses-creative.com\/de\/produkt\/mega-yatzy-junior\/"]}]},{"@type":"ImageObject","inLanguage":"de","@id":"https:\/\/ses-creative.com\/de\/produkt\/mega-yatzy-junior\/#primaryimage","url":"https:\/\/ses-creative.com\/wp-content\/uploads\/2025\/12\/02294.jpeg","contentUrl":"https:\/\/ses-creative.com\/wp-content\/uploads\/2025\/12\/02294.jpeg","width":2000,"height":2000},{"@type":"BreadcrumbList","@id":"https:\/\/ses-creative.com\/de\/produkt\/mega-yatzy-junior\/#breadcrumb","itemListElement":[{"@type":"ListItem","position":1,"name":"Shop","item":"https:\/\/ses-creative.com\/de\/shop\/"},{"@type":"ListItem","position":2,"name":"Drau\u00dfen spielen","item":"https:\/\/ses-creative.com\/de\/product-categorie\/draussen-spielen\/"},{"@type":"ListItem","position":3,"name":"Mega-Yatzy Junior"}]},{"@type":"WebSite","@id":"https:\/\/ses-creative.com\/#website","url":"https:\/\/ses-creative.com\/","name":"SES Creative","description":"","publisher":{"@id":"https:\/\/ses-creative.com\/#organization"},"potentialAction":[{"@type":"SearchAction","target":{"@type":"EntryPoint","urlTemplate":"https:\/\/ses-creative.com\/?s={search_term_string}"},"query-input":{"@type":"PropertyValueSpecification","valueRequired":true,"valueName":"search_term_string"}}],"inLanguage":"de"},{"@type":"Organization","@id":"https:\/\/ses-creative.com\/#organization","name":"SES Creative","url":"https:\/\/ses-creative.com\/","logo":{"@type":"ImageObject","inLanguage":"de","@id":"https:\/\/ses-creative.com\/#\/schema\/logo\/image\/","url":"https:\/\/ses-creative.com\/wp-content\/uploads\/2025\/10\/ses-creative-logo.jpg","contentUrl":"https:\/\/ses-creative.com\/wp-content\/uploads\/2025\/10\/ses-creative-logo.jpg","width":2037,"height":2037,"caption":"SES Creative"},"image":{"@id":"https:\/\/ses-creative.com\/#\/schema\/logo\/image\/"}}]}},"_links":{"self":[{"href":"https:\/\/ses-creative.com\/de\/wp-json\/wp\/v2\/product\/114497","targetHints":{"allow":["GET"]}}],"collection":[{"href":"https:\/\/ses-creative.com\/de\/wp-json\/wp\/v2\/product"}],"about":[{"href":"https:\/\/ses-creative.com\/de\/wp-json\/wp\/v2\/types\/product"}],"replies":[{"embeddable":true,"href":"https:\/\/ses-creative.com\/de\/wp-json\/wp\/v2\/comments?post=114497"}],"wp:featuredmedia":[{"embeddable":true,"href":"https:\/\/ses-creative.com\/de\/wp-json\/wp\/v2\/media\/110251"}],"wp:attachment":[{"href":"https:\/\/ses-creative.com\/de\/wp-json\/wp\/v2\/media?parent=114497"}],"wp:term":[{"taxonomy":"product_brand","embeddable":true,"href":"https:\/\/ses-creative.com\/de\/wp-json\/wp\/v2\/product_brand?post=114497"},{"taxonomy":"product_cat","embeddable":true,"href":"https:\/\/ses-creative.com\/de\/wp-json\/wp\/v2\/product_cat?post=114497"},{"taxonomy":"product_tag","embeddable":true,"href":"https:\/\/ses-creative.com\/de\/wp-json\/wp\/v2\/product_tag?post=114497"}],"curies":[{"name":"wp","href":"https:\/\/api.w.org\/{rel}","templated":true}]}}