











{"id":114496,"date":"2026-02-05T13:52:18","date_gmt":"2026-02-05T13:52:18","guid":{"rendered":"https:\/\/ses-creative.com\/?post_type=product&#038;p=114496"},"modified":"2026-02-06T09:51:22","modified_gmt":"2026-02-06T09:51:22","slug":"krocket-und-bohnensack-werfen","status":"publish","type":"product","link":"https:\/\/ses-creative.com\/de\/produkt\/krocket-und-bohnensack-werfen\/","title":{"rendered":"Krocket und Bohnensack-Werfen"},"content":{"rendered":"<p>Zwei klassische Spiele in einem: Krocket und Sackh\u00fcpfen!<br \/>\nBist du ein Fan von Spielen im Freien? Dann ist dieses 2-in-1-Spiel genau das Richtige f\u00fcr dich! Spiele Krocket mit Freunden oder fordere sie zu einer Partie Sackh\u00fcpfen heraus. Dieses vielseitige Spiel sorgt f\u00fcr stundenlangen Spa\u00df, sowohl im Garten als auch im Park.<br \/>\nStelle die halben Tore auf und versuche, den Ball mit Hilfe des Krocketschl\u00e4gers durch alle Tore zu schlagen. Fertig mit Krocket? Verbinde einfach zwei Tore miteinander, um ein Ziel f\u00fcr das Sackh\u00fcpfen zu schaffen. Mit der praktischen Aufbewahrungstasche kannst du das Spiel \u00fcberallhin mitnehmen!<br \/>\nWas dieses Set so gro\u00dfartig macht<br \/>\n&#8211;    2-in-1-Spiele: Krocket und Sackh\u00fcpfen<br \/>\n&#8211;    Aus echtem Holz gefertigt<br \/>\n&#8211;    Fr\u00f6hlich illustrierte Teile f\u00fcr zus\u00e4tzlichen Spielspa\u00df bei diesen klassischen Spielen<br \/>\n&#8211;    Praktische Aufbewahrungstasche, um das Spiel \u00fcberallhin mitnehmen zu k\u00f6nnen<br \/>\n&#8211;    Perfekt zum gemeinsamen Spielen im Freien<br \/>\nDoppelt so viel Spa\u00df!<br \/>\nOb Sie nun Krocket spielen oder mit S\u00e4ckchen werfen, mit diesem Set ist Ihnen jede Menge Spa\u00df garantiert. Ideal f\u00fcr Kinder ab 4 Jahren und perfekt, um gemeinsam mit Freunden und Familie zu spielen.<br \/>\nInhalt des Sets<br \/>\n&#8211;    4 Holztore f\u00fcr Krocket, die zum Werfen von S\u00e4ckchen umgebaut werden k\u00f6nnen<br \/>\n&#8211;    2 Holzkrocketschl\u00e4ger<br \/>\n&#8211;    2 Holzkugeln<br \/>\n&#8211;    2 S\u00e4ckchen<br \/>\n&#8211;    Praktische, robuste Aufbewahrungstasche<br \/>\n&#8211;    Anleitung<br \/>\nWarum SES Creative w\u00e4hlen?<br \/>\nBei SES Creative legen wir gro\u00dfen Wert auf Sicherheit. Deshalb werden die Produkte in unserer Fabrik in den Niederlanden nach den strengsten europ\u00e4ischen Sicherheitsstandards hergestellt und getestet. Spielzeug von SES Creative sorgt f\u00fcr Spa\u00df und soll Kindern ein Gef\u00fchl des Stolzes auf ihre Arbeit vermitteln, was ihre Kreativit\u00e4t und Entwicklung f\u00f6rdert.<br \/>\nNimm die Herausforderung an!<br \/>\nSchnappen Sie sich die Krocketst\u00f6cke und die S\u00e4ckchen und beginnen Sie ein lustiges Spiel im Freien. Mit diesem 2-in-1-Set haben Sie immer ein lustiges Spiel zur Hand!<\/p>\n","protected":false},"excerpt":{"rendered":"<p>Zwei klassische Spiele in einem: Krocket und Sackh\u00fcpfen! Bist du ein Fan von Spielen im Freien? Dann ist dieses 2-in-1-Spiel genau das Richtige f\u00fcr dich! Spiele Krocket mit Freunden oder fordere sie zu einer Partie Sackh\u00fcpfen heraus. Dieses vielseitige Spiel sorgt f\u00fcr stundenlangen Spa\u00df, sowohl im Garten als auch im Park. Stelle die halben Tore [&hellip;]<\/p>\n","protected":false},"featured_media":99228,"comment_status":"closed","ping_status":"closed","template":"","meta":{"_acf_changed":false},"product_brand":[],"product_cat":[119],"product_tag":[],"class_list":{"0":"post-114496","1":"product","2":"type-product","3":"status-publish","4":"has-post-thumbnail","6":"product_cat-draussen-spielen","7":"pa_leeftijd-filter-4-6-jahre","8":"pa_meest-populair-bij-jungen-maedchen","10":"first","11":"instock","12":"shipping-taxable","13":"product-type-simple"},"acf":[],"yoast_head":"<!-- This site is optimized with the Yoast SEO plugin v27.4 - https:\/\/yoast.com\/product\/yoast-seo-wordpress\/ -->\n<title>Krocket und Bohnensack-Werfen - SES Creative<\/title>\n<meta name=\"robots\" content=\"index, follow, max-snippet:-1, max-image-preview:large, max-video-preview:-1\" \/>\n<link rel=\"canonical\" href=\"https:\/\/ses-creative.com\/de\/produkt\/krocket-und-bohnensack-werfen\/\" \/>\n<meta property=\"og:locale\" content=\"de_DE\" \/>\n<meta property=\"og:type\" content=\"article\" \/>\n<meta property=\"og:title\" content=\"Krocket und Bohnensack-Werfen - SES Creative\" \/>\n<meta property=\"og:description\" content=\"Zwei klassische Spiele in einem: Krocket und Sackh\u00fcpfen! Bist du ein Fan von Spielen im Freien? Dann ist dieses 2-in-1-Spiel genau das Richtige f\u00fcr dich! Spiele Krocket mit Freunden oder fordere sie zu einer Partie Sackh\u00fcpfen heraus. Dieses vielseitige Spiel sorgt f\u00fcr stundenlangen Spa\u00df, sowohl im Garten als auch im Park. Stelle die halben Tore [&hellip;]\" \/>\n<meta property=\"og:url\" content=\"https:\/\/ses-creative.com\/de\/produkt\/krocket-und-bohnensack-werfen\/\" \/>\n<meta property=\"og:site_name\" content=\"SES Creative\" \/>\n<meta property=\"article:modified_time\" content=\"2026-02-06T09:51:22+00:00\" \/>\n<meta name=\"twitter:card\" content=\"summary_large_image\" \/>\n<meta name=\"twitter:label1\" content=\"Gesch\u00e4tzte Lesezeit\" \/>\n\t<meta name=\"twitter:data1\" content=\"2\u00a0Minuten\" \/>\n<script type=\"application\/ld+json\" class=\"yoast-schema-graph\">{\"@context\":\"https:\\\/\\\/schema.org\",\"@graph\":[{\"@type\":\"WebPage\",\"@id\":\"https:\\\/\\\/ses-creative.com\\\/de\\\/produkt\\\/krocket-und-bohnensack-werfen\\\/\",\"url\":\"https:\\\/\\\/ses-creative.com\\\/de\\\/produkt\\\/krocket-und-bohnensack-werfen\\\/\",\"name\":\"Krocket und Bohnensack-Werfen - SES Creative\",\"isPartOf\":{\"@id\":\"https:\\\/\\\/ses-creative.com\\\/#website\"},\"primaryImageOfPage\":{\"@id\":\"https:\\\/\\\/ses-creative.com\\\/de\\\/produkt\\\/krocket-und-bohnensack-werfen\\\/#primaryimage\"},\"image\":{\"@id\":\"https:\\\/\\\/ses-creative.com\\\/de\\\/produkt\\\/krocket-und-bohnensack-werfen\\\/#primaryimage\"},\"thumbnailUrl\":\"https:\\\/\\\/ses-creative.com\\\/wp-content\\\/uploads\\\/2026\\\/01\\\/022931.jpg\",\"datePublished\":\"2026-02-05T13:52:18+00:00\",\"dateModified\":\"2026-02-06T09:51:22+00:00\",\"breadcrumb\":{\"@id\":\"https:\\\/\\\/ses-creative.com\\\/de\\\/produkt\\\/krocket-und-bohnensack-werfen\\\/#breadcrumb\"},\"inLanguage\":\"de\",\"potentialAction\":[{\"@type\":\"ReadAction\",\"target\":[\"https:\\\/\\\/ses-creative.com\\\/de\\\/produkt\\\/krocket-und-bohnensack-werfen\\\/\"]}]},{\"@type\":\"ImageObject\",\"inLanguage\":\"de\",\"@id\":\"https:\\\/\\\/ses-creative.com\\\/de\\\/produkt\\\/krocket-und-bohnensack-werfen\\\/#primaryimage\",\"url\":\"https:\\\/\\\/ses-creative.com\\\/wp-content\\\/uploads\\\/2026\\\/01\\\/022931.jpg\",\"contentUrl\":\"https:\\\/\\\/ses-creative.com\\\/wp-content\\\/uploads\\\/2026\\\/01\\\/022931.jpg\",\"width\":1000,\"height\":1000},{\"@type\":\"BreadcrumbList\",\"@id\":\"https:\\\/\\\/ses-creative.com\\\/de\\\/produkt\\\/krocket-und-bohnensack-werfen\\\/#breadcrumb\",\"itemListElement\":[{\"@type\":\"ListItem\",\"position\":1,\"name\":\"Shop\",\"item\":\"https:\\\/\\\/ses-creative.com\\\/de\\\/shop\\\/\"},{\"@type\":\"ListItem\",\"position\":2,\"name\":\"Drau\u00dfen spielen\",\"item\":\"https:\\\/\\\/ses-creative.com\\\/de\\\/product-categorie\\\/draussen-spielen\\\/\"},{\"@type\":\"ListItem\",\"position\":3,\"name\":\"Krocket und Bohnensack-Werfen\"}]},{\"@type\":\"WebSite\",\"@id\":\"https:\\\/\\\/ses-creative.com\\\/#website\",\"url\":\"https:\\\/\\\/ses-creative.com\\\/\",\"name\":\"SES Creative\",\"description\":\"\",\"publisher\":{\"@id\":\"https:\\\/\\\/ses-creative.com\\\/#organization\"},\"potentialAction\":[{\"@type\":\"SearchAction\",\"target\":{\"@type\":\"EntryPoint\",\"urlTemplate\":\"https:\\\/\\\/ses-creative.com\\\/?s={search_term_string}\"},\"query-input\":{\"@type\":\"PropertyValueSpecification\",\"valueRequired\":true,\"valueName\":\"search_term_string\"}}],\"inLanguage\":\"de\"},{\"@type\":\"Organization\",\"@id\":\"https:\\\/\\\/ses-creative.com\\\/#organization\",\"name\":\"SES Creative\",\"url\":\"https:\\\/\\\/ses-creative.com\\\/\",\"logo\":{\"@type\":\"ImageObject\",\"inLanguage\":\"de\",\"@id\":\"https:\\\/\\\/ses-creative.com\\\/#\\\/schema\\\/logo\\\/image\\\/\",\"url\":\"https:\\\/\\\/ses-creative.com\\\/wp-content\\\/uploads\\\/2025\\\/10\\\/ses-creative-logo.jpg\",\"contentUrl\":\"https:\\\/\\\/ses-creative.com\\\/wp-content\\\/uploads\\\/2025\\\/10\\\/ses-creative-logo.jpg\",\"width\":2037,\"height\":2037,\"caption\":\"SES Creative\"},\"image\":{\"@id\":\"https:\\\/\\\/ses-creative.com\\\/#\\\/schema\\\/logo\\\/image\\\/\"}}]}<\/script>\n<!-- \/ Yoast SEO plugin. -->","yoast_head_json":{"title":"Krocket und Bohnensack-Werfen - SES Creative","robots":{"index":"index","follow":"follow","max-snippet":"max-snippet:-1","max-image-preview":"max-image-preview:large","max-video-preview":"max-video-preview:-1"},"canonical":"https:\/\/ses-creative.com\/de\/produkt\/krocket-und-bohnensack-werfen\/","og_locale":"de_DE","og_type":"article","og_title":"Krocket und Bohnensack-Werfen - SES Creative","og_description":"Zwei klassische Spiele in einem: Krocket und Sackh\u00fcpfen! Bist du ein Fan von Spielen im Freien? Dann ist dieses 2-in-1-Spiel genau das Richtige f\u00fcr dich! Spiele Krocket mit Freunden oder fordere sie zu einer Partie Sackh\u00fcpfen heraus. Dieses vielseitige Spiel sorgt f\u00fcr stundenlangen Spa\u00df, sowohl im Garten als auch im Park. Stelle die halben Tore [&hellip;]","og_url":"https:\/\/ses-creative.com\/de\/produkt\/krocket-und-bohnensack-werfen\/","og_site_name":"SES Creative","article_modified_time":"2026-02-06T09:51:22+00:00","twitter_card":"summary_large_image","twitter_misc":{"Gesch\u00e4tzte Lesezeit":"2\u00a0Minuten"},"schema":{"@context":"https:\/\/schema.org","@graph":[{"@type":"WebPage","@id":"https:\/\/ses-creative.com\/de\/produkt\/krocket-und-bohnensack-werfen\/","url":"https:\/\/ses-creative.com\/de\/produkt\/krocket-und-bohnensack-werfen\/","name":"Krocket und Bohnensack-Werfen - SES Creative","isPartOf":{"@id":"https:\/\/ses-creative.com\/#website"},"primaryImageOfPage":{"@id":"https:\/\/ses-creative.com\/de\/produkt\/krocket-und-bohnensack-werfen\/#primaryimage"},"image":{"@id":"https:\/\/ses-creative.com\/de\/produkt\/krocket-und-bohnensack-werfen\/#primaryimage"},"thumbnailUrl":"https:\/\/ses-creative.com\/wp-content\/uploads\/2026\/01\/022931.jpg","datePublished":"2026-02-05T13:52:18+00:00","dateModified":"2026-02-06T09:51:22+00:00","breadcrumb":{"@id":"https:\/\/ses-creative.com\/de\/produkt\/krocket-und-bohnensack-werfen\/#breadcrumb"},"inLanguage":"de","potentialAction":[{"@type":"ReadAction","target":["https:\/\/ses-creative.com\/de\/produkt\/krocket-und-bohnensack-werfen\/"]}]},{"@type":"ImageObject","inLanguage":"de","@id":"https:\/\/ses-creative.com\/de\/produkt\/krocket-und-bohnensack-werfen\/#primaryimage","url":"https:\/\/ses-creative.com\/wp-content\/uploads\/2026\/01\/022931.jpg","contentUrl":"https:\/\/ses-creative.com\/wp-content\/uploads\/2026\/01\/022931.jpg","width":1000,"height":1000},{"@type":"BreadcrumbList","@id":"https:\/\/ses-creative.com\/de\/produkt\/krocket-und-bohnensack-werfen\/#breadcrumb","itemListElement":[{"@type":"ListItem","position":1,"name":"Shop","item":"https:\/\/ses-creative.com\/de\/shop\/"},{"@type":"ListItem","position":2,"name":"Drau\u00dfen spielen","item":"https:\/\/ses-creative.com\/de\/product-categorie\/draussen-spielen\/"},{"@type":"ListItem","position":3,"name":"Krocket und Bohnensack-Werfen"}]},{"@type":"WebSite","@id":"https:\/\/ses-creative.com\/#website","url":"https:\/\/ses-creative.com\/","name":"SES Creative","description":"","publisher":{"@id":"https:\/\/ses-creative.com\/#organization"},"potentialAction":[{"@type":"SearchAction","target":{"@type":"EntryPoint","urlTemplate":"https:\/\/ses-creative.com\/?s={search_term_string}"},"query-input":{"@type":"PropertyValueSpecification","valueRequired":true,"valueName":"search_term_string"}}],"inLanguage":"de"},{"@type":"Organization","@id":"https:\/\/ses-creative.com\/#organization","name":"SES Creative","url":"https:\/\/ses-creative.com\/","logo":{"@type":"ImageObject","inLanguage":"de","@id":"https:\/\/ses-creative.com\/#\/schema\/logo\/image\/","url":"https:\/\/ses-creative.com\/wp-content\/uploads\/2025\/10\/ses-creative-logo.jpg","contentUrl":"https:\/\/ses-creative.com\/wp-content\/uploads\/2025\/10\/ses-creative-logo.jpg","width":2037,"height":2037,"caption":"SES Creative"},"image":{"@id":"https:\/\/ses-creative.com\/#\/schema\/logo\/image\/"}}]}},"_links":{"self":[{"href":"https:\/\/ses-creative.com\/de\/wp-json\/wp\/v2\/product\/114496","targetHints":{"allow":["GET"]}}],"collection":[{"href":"https:\/\/ses-creative.com\/de\/wp-json\/wp\/v2\/product"}],"about":[{"href":"https:\/\/ses-creative.com\/de\/wp-json\/wp\/v2\/types\/product"}],"replies":[{"embeddable":true,"href":"https:\/\/ses-creative.com\/de\/wp-json\/wp\/v2\/comments?post=114496"}],"wp:featuredmedia":[{"embeddable":true,"href":"https:\/\/ses-creative.com\/de\/wp-json\/wp\/v2\/media\/99228"}],"wp:attachment":[{"href":"https:\/\/ses-creative.com\/de\/wp-json\/wp\/v2\/media?parent=114496"}],"wp:term":[{"taxonomy":"product_brand","embeddable":true,"href":"https:\/\/ses-creative.com\/de\/wp-json\/wp\/v2\/product_brand?post=114496"},{"taxonomy":"product_cat","embeddable":true,"href":"https:\/\/ses-creative.com\/de\/wp-json\/wp\/v2\/product_cat?post=114496"},{"taxonomy":"product_tag","embeddable":true,"href":"https:\/\/ses-creative.com\/de\/wp-json\/wp\/v2\/product_tag?post=114496"}],"curies":[{"name":"wp","href":"https:\/\/api.w.org\/{rel}","templated":true}]}}