











{"id":114495,"date":"2026-02-05T13:52:18","date_gmt":"2026-02-05T13:52:18","guid":{"rendered":"https:\/\/ses-creative.com\/?post_type=product&#038;p=114495"},"modified":"2026-02-06T09:51:22","modified_gmt":"2026-02-06T09:51:22","slug":"schwungtuch-fliegender-tukan","status":"publish","type":"product","link":"https:\/\/ses-creative.com\/de\/produkt\/schwungtuch-fliegender-tukan\/","title":{"rendered":"Schwungtuch fliegender Tukan"},"content":{"rendered":"<p>Lass den Tukan mit dem Fallschirm hoch fliegen!<br \/>\nJuhuuu, schau mal, wie hoch der Tukan fliegt! Mit diesem lustigen Fallschirm k\u00f6nnen Kinder den Tukan in die Luft schie\u00dfen lassen und sehen, wie er sicher wieder heruntergleitet. Eine tolle M\u00f6glichkeit, drau\u00dfen zu spielen und herauszufinden, wie weit der Tukan fliegen kann!<br \/>\nWas dieses Set so toll macht<br \/>\n&#8211;    Aus robustem Material f\u00fcr den Au\u00dfenbereich<br \/>\n&#8211;    Einfach zu bedienen f\u00fcr Kinder ab 3 Jahren<br \/>\n&#8211;    F\u00f6rdert das Spielen im Freien und k\u00f6rperliche Aktivit\u00e4t<br \/>\n&#8211;    Garantiert stundenlanger Spielspa\u00df<br \/>\n&#8211;    F\u00f6rdert das Zusammenspiel und die Teamarbeit<br \/>\nWie hoch kann dein Tukan fliegen?<br \/>\nLassen Sie den Tukan mit seinem Fallschirm hoch in die Luft fliegen und beobachten Sie, wie er elegant wieder herabschwebt. Kinder k\u00f6nnen versuchen, den Tukan immer h\u00f6her fliegen zu lassen, was f\u00fcr endlosen Spielspa\u00df und Herausforderungen sorgt.<br \/>\nInhalt des Sets<br \/>\n&#8211; Fallschirm mit einem Durchmesser von 2 Metern<br \/>\n&#8211;    Tukan-Kuscheltier<br \/>\nWarum SES Creative w\u00e4hlen?<br \/>\nBei SES Creative legen wir gro\u00dfen Wert auf Sicherheit. Deshalb werden die Produkte in der Fabrik in den Niederlanden nach den strengsten europ\u00e4ischen Sicherheitsnormen hergestellt und getestet. Spielzeug von SES Creative sorgt f\u00fcr Spa\u00df und soll Kindern ein Gef\u00fchl des Stolzes auf ihre Arbeit vermitteln, was ihre Kreativit\u00e4t und Entwicklung f\u00f6rdert.<br \/>\nBeginnen Sie das Abenteuer mit dem fliegenden Tukan!<br \/>\nErleben Sie den Spa\u00df am Spielen im Freien mit dem Fallschirm Flying Toucan. Perfekt f\u00fcr Kinder, die Action und Abenteuer lieben, und eine gro\u00dfartige M\u00f6glichkeit, sich aktiv zu bet\u00e4tigen!<\/p>\n","protected":false},"excerpt":{"rendered":"<p>Lass den Tukan mit dem Fallschirm hoch fliegen! Juhuuu, schau mal, wie hoch der Tukan fliegt! Mit diesem lustigen Fallschirm k\u00f6nnen Kinder den Tukan in die Luft schie\u00dfen lassen und sehen, wie er sicher wieder heruntergleitet. Eine tolle M\u00f6glichkeit, drau\u00dfen zu spielen und herauszufinden, wie weit der Tukan fliegen kann! Was dieses Set so toll [&hellip;]<\/p>\n","protected":false},"featured_media":110300,"comment_status":"closed","ping_status":"closed","template":"","meta":{"_acf_changed":false},"product_brand":[],"product_cat":[119],"product_tag":[],"class_list":{"0":"post-114495","1":"product","2":"type-product","3":"status-publish","4":"has-post-thumbnail","6":"product_cat-draussen-spielen","7":"pa_leeftijd-filter-3-4-jahre","8":"pa_meest-populair-bij-jungen-maedchen","10":"first","11":"instock","12":"shipping-taxable","13":"product-type-simple"},"acf":[],"yoast_head":"<!-- This site is optimized with the Yoast SEO plugin v27.4 - https:\/\/yoast.com\/product\/yoast-seo-wordpress\/ -->\n<title>Schwungtuch fliegender Tukan - SES Creative<\/title>\n<meta name=\"robots\" content=\"index, follow, max-snippet:-1, max-image-preview:large, max-video-preview:-1\" \/>\n<link rel=\"canonical\" href=\"https:\/\/ses-creative.com\/de\/produkt\/schwungtuch-fliegender-tukan\/\" \/>\n<meta property=\"og:locale\" content=\"de_DE\" \/>\n<meta property=\"og:type\" content=\"article\" \/>\n<meta property=\"og:title\" content=\"Schwungtuch fliegender Tukan - SES Creative\" \/>\n<meta property=\"og:description\" content=\"Lass den Tukan mit dem Fallschirm hoch fliegen! Juhuuu, schau mal, wie hoch der Tukan fliegt! Mit diesem lustigen Fallschirm k\u00f6nnen Kinder den Tukan in die Luft schie\u00dfen lassen und sehen, wie er sicher wieder heruntergleitet. Eine tolle M\u00f6glichkeit, drau\u00dfen zu spielen und herauszufinden, wie weit der Tukan fliegen kann! Was dieses Set so toll [&hellip;]\" \/>\n<meta property=\"og:url\" content=\"https:\/\/ses-creative.com\/de\/produkt\/schwungtuch-fliegender-tukan\/\" \/>\n<meta property=\"og:site_name\" content=\"SES Creative\" \/>\n<meta property=\"article:modified_time\" content=\"2026-02-06T09:51:22+00:00\" \/>\n<meta name=\"twitter:card\" content=\"summary_large_image\" \/>\n<meta name=\"twitter:label1\" content=\"Gesch\u00e4tzte Lesezeit\" \/>\n\t<meta name=\"twitter:data1\" content=\"1\u00a0Minute\" \/>\n<script type=\"application\/ld+json\" class=\"yoast-schema-graph\">{\"@context\":\"https:\\\/\\\/schema.org\",\"@graph\":[{\"@type\":\"WebPage\",\"@id\":\"https:\\\/\\\/ses-creative.com\\\/de\\\/produkt\\\/schwungtuch-fliegender-tukan\\\/\",\"url\":\"https:\\\/\\\/ses-creative.com\\\/de\\\/produkt\\\/schwungtuch-fliegender-tukan\\\/\",\"name\":\"Schwungtuch fliegender Tukan - SES Creative\",\"isPartOf\":{\"@id\":\"https:\\\/\\\/ses-creative.com\\\/#website\"},\"primaryImageOfPage\":{\"@id\":\"https:\\\/\\\/ses-creative.com\\\/de\\\/produkt\\\/schwungtuch-fliegender-tukan\\\/#primaryimage\"},\"image\":{\"@id\":\"https:\\\/\\\/ses-creative.com\\\/de\\\/produkt\\\/schwungtuch-fliegender-tukan\\\/#primaryimage\"},\"thumbnailUrl\":\"https:\\\/\\\/ses-creative.com\\\/wp-content\\\/uploads\\\/2025\\\/12\\\/34017_4243931236.jpg\",\"datePublished\":\"2026-02-05T13:52:18+00:00\",\"dateModified\":\"2026-02-06T09:51:22+00:00\",\"breadcrumb\":{\"@id\":\"https:\\\/\\\/ses-creative.com\\\/de\\\/produkt\\\/schwungtuch-fliegender-tukan\\\/#breadcrumb\"},\"inLanguage\":\"de\",\"potentialAction\":[{\"@type\":\"ReadAction\",\"target\":[\"https:\\\/\\\/ses-creative.com\\\/de\\\/produkt\\\/schwungtuch-fliegender-tukan\\\/\"]}]},{\"@type\":\"ImageObject\",\"inLanguage\":\"de\",\"@id\":\"https:\\\/\\\/ses-creative.com\\\/de\\\/produkt\\\/schwungtuch-fliegender-tukan\\\/#primaryimage\",\"url\":\"https:\\\/\\\/ses-creative.com\\\/wp-content\\\/uploads\\\/2025\\\/12\\\/34017_4243931236.jpg\",\"contentUrl\":\"https:\\\/\\\/ses-creative.com\\\/wp-content\\\/uploads\\\/2025\\\/12\\\/34017_4243931236.jpg\",\"width\":2008,\"height\":1417},{\"@type\":\"BreadcrumbList\",\"@id\":\"https:\\\/\\\/ses-creative.com\\\/de\\\/produkt\\\/schwungtuch-fliegender-tukan\\\/#breadcrumb\",\"itemListElement\":[{\"@type\":\"ListItem\",\"position\":1,\"name\":\"Shop\",\"item\":\"https:\\\/\\\/ses-creative.com\\\/de\\\/shop\\\/\"},{\"@type\":\"ListItem\",\"position\":2,\"name\":\"Drau\u00dfen spielen\",\"item\":\"https:\\\/\\\/ses-creative.com\\\/de\\\/product-categorie\\\/draussen-spielen\\\/\"},{\"@type\":\"ListItem\",\"position\":3,\"name\":\"Schwungtuch fliegender Tukan\"}]},{\"@type\":\"WebSite\",\"@id\":\"https:\\\/\\\/ses-creative.com\\\/#website\",\"url\":\"https:\\\/\\\/ses-creative.com\\\/\",\"name\":\"SES Creative\",\"description\":\"\",\"publisher\":{\"@id\":\"https:\\\/\\\/ses-creative.com\\\/#organization\"},\"potentialAction\":[{\"@type\":\"SearchAction\",\"target\":{\"@type\":\"EntryPoint\",\"urlTemplate\":\"https:\\\/\\\/ses-creative.com\\\/?s={search_term_string}\"},\"query-input\":{\"@type\":\"PropertyValueSpecification\",\"valueRequired\":true,\"valueName\":\"search_term_string\"}}],\"inLanguage\":\"de\"},{\"@type\":\"Organization\",\"@id\":\"https:\\\/\\\/ses-creative.com\\\/#organization\",\"name\":\"SES Creative\",\"url\":\"https:\\\/\\\/ses-creative.com\\\/\",\"logo\":{\"@type\":\"ImageObject\",\"inLanguage\":\"de\",\"@id\":\"https:\\\/\\\/ses-creative.com\\\/#\\\/schema\\\/logo\\\/image\\\/\",\"url\":\"https:\\\/\\\/ses-creative.com\\\/wp-content\\\/uploads\\\/2025\\\/10\\\/ses-creative-logo.jpg\",\"contentUrl\":\"https:\\\/\\\/ses-creative.com\\\/wp-content\\\/uploads\\\/2025\\\/10\\\/ses-creative-logo.jpg\",\"width\":2037,\"height\":2037,\"caption\":\"SES Creative\"},\"image\":{\"@id\":\"https:\\\/\\\/ses-creative.com\\\/#\\\/schema\\\/logo\\\/image\\\/\"}}]}<\/script>\n<!-- \/ Yoast SEO plugin. -->","yoast_head_json":{"title":"Schwungtuch fliegender Tukan - SES Creative","robots":{"index":"index","follow":"follow","max-snippet":"max-snippet:-1","max-image-preview":"max-image-preview:large","max-video-preview":"max-video-preview:-1"},"canonical":"https:\/\/ses-creative.com\/de\/produkt\/schwungtuch-fliegender-tukan\/","og_locale":"de_DE","og_type":"article","og_title":"Schwungtuch fliegender Tukan - SES Creative","og_description":"Lass den Tukan mit dem Fallschirm hoch fliegen! Juhuuu, schau mal, wie hoch der Tukan fliegt! Mit diesem lustigen Fallschirm k\u00f6nnen Kinder den Tukan in die Luft schie\u00dfen lassen und sehen, wie er sicher wieder heruntergleitet. Eine tolle M\u00f6glichkeit, drau\u00dfen zu spielen und herauszufinden, wie weit der Tukan fliegen kann! Was dieses Set so toll [&hellip;]","og_url":"https:\/\/ses-creative.com\/de\/produkt\/schwungtuch-fliegender-tukan\/","og_site_name":"SES Creative","article_modified_time":"2026-02-06T09:51:22+00:00","twitter_card":"summary_large_image","twitter_misc":{"Gesch\u00e4tzte Lesezeit":"1\u00a0Minute"},"schema":{"@context":"https:\/\/schema.org","@graph":[{"@type":"WebPage","@id":"https:\/\/ses-creative.com\/de\/produkt\/schwungtuch-fliegender-tukan\/","url":"https:\/\/ses-creative.com\/de\/produkt\/schwungtuch-fliegender-tukan\/","name":"Schwungtuch fliegender Tukan - SES Creative","isPartOf":{"@id":"https:\/\/ses-creative.com\/#website"},"primaryImageOfPage":{"@id":"https:\/\/ses-creative.com\/de\/produkt\/schwungtuch-fliegender-tukan\/#primaryimage"},"image":{"@id":"https:\/\/ses-creative.com\/de\/produkt\/schwungtuch-fliegender-tukan\/#primaryimage"},"thumbnailUrl":"https:\/\/ses-creative.com\/wp-content\/uploads\/2025\/12\/34017_4243931236.jpg","datePublished":"2026-02-05T13:52:18+00:00","dateModified":"2026-02-06T09:51:22+00:00","breadcrumb":{"@id":"https:\/\/ses-creative.com\/de\/produkt\/schwungtuch-fliegender-tukan\/#breadcrumb"},"inLanguage":"de","potentialAction":[{"@type":"ReadAction","target":["https:\/\/ses-creative.com\/de\/produkt\/schwungtuch-fliegender-tukan\/"]}]},{"@type":"ImageObject","inLanguage":"de","@id":"https:\/\/ses-creative.com\/de\/produkt\/schwungtuch-fliegender-tukan\/#primaryimage","url":"https:\/\/ses-creative.com\/wp-content\/uploads\/2025\/12\/34017_4243931236.jpg","contentUrl":"https:\/\/ses-creative.com\/wp-content\/uploads\/2025\/12\/34017_4243931236.jpg","width":2008,"height":1417},{"@type":"BreadcrumbList","@id":"https:\/\/ses-creative.com\/de\/produkt\/schwungtuch-fliegender-tukan\/#breadcrumb","itemListElement":[{"@type":"ListItem","position":1,"name":"Shop","item":"https:\/\/ses-creative.com\/de\/shop\/"},{"@type":"ListItem","position":2,"name":"Drau\u00dfen spielen","item":"https:\/\/ses-creative.com\/de\/product-categorie\/draussen-spielen\/"},{"@type":"ListItem","position":3,"name":"Schwungtuch fliegender Tukan"}]},{"@type":"WebSite","@id":"https:\/\/ses-creative.com\/#website","url":"https:\/\/ses-creative.com\/","name":"SES Creative","description":"","publisher":{"@id":"https:\/\/ses-creative.com\/#organization"},"potentialAction":[{"@type":"SearchAction","target":{"@type":"EntryPoint","urlTemplate":"https:\/\/ses-creative.com\/?s={search_term_string}"},"query-input":{"@type":"PropertyValueSpecification","valueRequired":true,"valueName":"search_term_string"}}],"inLanguage":"de"},{"@type":"Organization","@id":"https:\/\/ses-creative.com\/#organization","name":"SES Creative","url":"https:\/\/ses-creative.com\/","logo":{"@type":"ImageObject","inLanguage":"de","@id":"https:\/\/ses-creative.com\/#\/schema\/logo\/image\/","url":"https:\/\/ses-creative.com\/wp-content\/uploads\/2025\/10\/ses-creative-logo.jpg","contentUrl":"https:\/\/ses-creative.com\/wp-content\/uploads\/2025\/10\/ses-creative-logo.jpg","width":2037,"height":2037,"caption":"SES Creative"},"image":{"@id":"https:\/\/ses-creative.com\/#\/schema\/logo\/image\/"}}]}},"_links":{"self":[{"href":"https:\/\/ses-creative.com\/de\/wp-json\/wp\/v2\/product\/114495","targetHints":{"allow":["GET"]}}],"collection":[{"href":"https:\/\/ses-creative.com\/de\/wp-json\/wp\/v2\/product"}],"about":[{"href":"https:\/\/ses-creative.com\/de\/wp-json\/wp\/v2\/types\/product"}],"replies":[{"embeddable":true,"href":"https:\/\/ses-creative.com\/de\/wp-json\/wp\/v2\/comments?post=114495"}],"wp:featuredmedia":[{"embeddable":true,"href":"https:\/\/ses-creative.com\/de\/wp-json\/wp\/v2\/media\/110300"}],"wp:attachment":[{"href":"https:\/\/ses-creative.com\/de\/wp-json\/wp\/v2\/media?parent=114495"}],"wp:term":[{"taxonomy":"product_brand","embeddable":true,"href":"https:\/\/ses-creative.com\/de\/wp-json\/wp\/v2\/product_brand?post=114495"},{"taxonomy":"product_cat","embeddable":true,"href":"https:\/\/ses-creative.com\/de\/wp-json\/wp\/v2\/product_cat?post=114495"},{"taxonomy":"product_tag","embeddable":true,"href":"https:\/\/ses-creative.com\/de\/wp-json\/wp\/v2\/product_tag?post=114495"}],"curies":[{"name":"wp","href":"https:\/\/api.w.org\/{rel}","templated":true}]}}