











{"id":114493,"date":"2026-02-05T13:52:18","date_gmt":"2026-02-05T13:52:18","guid":{"rendered":"https:\/\/ses-creative.com\/?post_type=product&#038;p=114493"},"modified":"2026-02-06T09:51:22","modified_gmt":"2026-02-06T09:51:22","slug":"seifenblasenschaum-elefant","status":"publish","type":"product","link":"https:\/\/ses-creative.com\/de\/produkt\/seifenblasenschaum-elefant\/","title":{"rendered":"Seifenblasenschaum &#8211; Elefant"},"content":{"rendered":"<p>Bubble Foam \u2013 Elefant: Mach die gr\u00f6\u00dften Seifenblasen!<br \/>\nMit dem SES Creative Bubble Foam &#8211; Elefant kannst du auf die sch\u00f6nste Art und Weise Seifenblasen machen. Aber Moment mal, dem Elefanten fehlt sein R\u00fcssel! Kannst du ihn durch das Blasen von Seifenblasen herbeizaubern? F\u00fclle den kleinen Elefanten mit Seifenwasser und benutze die Blasd\u00fcse, um beeindruckende Seifenblasen zu erzeugen. Der niedliche Elefant l\u00e4sst sich leicht halten, sodass du problemlos Schaum blasen kannst.<br \/>\nWas dieses Set so toll macht<br \/>\n&#8211;    Nettes Elefanten-Motiv<br \/>\n&#8211;    Erzeugen Sie die sch\u00f6nsten Seifenblasen mit dem Elefanten-Seifenblasen-Werkzeug<br \/>\n&#8211;    Geeignet f\u00fcr Kinder ab 3 Jahren<br \/>\n&#8211;    Leicht zu reinigen und wiederverwendbar<br \/>\n&#8211;    Spezielle Seifenlauge, sicher f\u00fcr Kinder<br \/>\nSeifenblasenspa\u00df f\u00fcr drau\u00dfen<br \/>\nDer Bubble Foam &#8211; Elefant wurde entwickelt, um das Seifenblasenblasen f\u00fcr Kinder unterhaltsamer und einfacher zu machen. Mit der Seifenlauge und dem benutzerfreundlichen Design des Elefanten k\u00f6nnen Kinder ganz einfach Schaum erzeugen. Der Blasaufsatz sorgt f\u00fcr Erfolg, und der Frotteekreis hilft dabei, den Schaum mit dem R\u00fcssel des Elefanten zu formen. Ideal f\u00fcr Sommertage voller Spielspa\u00df im Garten oder im Park!<br \/>\nInhalt des Sets<br \/>\n&#8211;    Elefanten-Schaumwerkzeug<br \/>\n&#8211;    Blasd\u00fcse<br \/>\n&#8211;    Frotteekreis<br \/>\n&#8211;    50 ml Seifenlauge<br \/>\nWarum SES Creative w\u00e4hlen?<br \/>\nBei SES Creative legen wir gro\u00dfen Wert auf Sicherheit. Deshalb werden die Produkte in unserem Werk in den Niederlanden nach den strengsten europ\u00e4ischen Sicherheitsnormen hergestellt und getestet. Spielzeug von SES Creative sorgt f\u00fcr Spa\u00df und soll Kindern ein Gef\u00fchl des Stolzes auf ihre Arbeit vermitteln, was ihre Kreativit\u00e4t und Entwicklung f\u00f6rdert.<br \/>\nLass die Seifenblasen fliegen!<br \/>\nHolen Sie sich das Bubble Foam &#8211; Elefant-Set und entdecken Sie den Spa\u00df am Seifenblasen. Perfekt f\u00fcr einen Nachmittag voller Action und Spa\u00df im Freien. Worauf warten Sie noch? Blasen Sie mit diesem fr\u00f6hlichen Elefanten die sch\u00f6nsten R\u00fcssel!<\/p>\n","protected":false},"excerpt":{"rendered":"<p>Bubble Foam \u2013 Elefant: Mach die gr\u00f6\u00dften Seifenblasen! Mit dem SES Creative Bubble Foam &#8211; Elefant kannst du auf die sch\u00f6nste Art und Weise Seifenblasen machen. Aber Moment mal, dem Elefanten fehlt sein R\u00fcssel! Kannst du ihn durch das Blasen von Seifenblasen herbeizaubern? F\u00fclle den kleinen Elefanten mit Seifenwasser und benutze die Blasd\u00fcse, um beeindruckende [&hellip;]<\/p>\n","protected":false},"featured_media":110292,"comment_status":"closed","ping_status":"closed","template":"","meta":{"_acf_changed":false},"product_brand":[],"product_cat":[119],"product_tag":[],"class_list":{"0":"post-114493","1":"product","2":"type-product","3":"status-publish","4":"has-post-thumbnail","6":"product_cat-draussen-spielen","7":"pa_leeftijd-filter-3-4-jahre","8":"pa_meest-populair-bij-jungen-maedchen","10":"first","11":"instock","12":"shipping-taxable","13":"product-type-simple"},"acf":[],"yoast_head":"<!-- This site is optimized with the Yoast SEO plugin v27.4 - https:\/\/yoast.com\/product\/yoast-seo-wordpress\/ -->\n<title>Seifenblasenschaum - Elefant - SES Creative<\/title>\n<meta name=\"robots\" content=\"index, follow, max-snippet:-1, max-image-preview:large, max-video-preview:-1\" \/>\n<link rel=\"canonical\" href=\"https:\/\/ses-creative.com\/de\/produkt\/seifenblasenschaum-elefant\/\" \/>\n<meta property=\"og:locale\" content=\"de_DE\" \/>\n<meta property=\"og:type\" content=\"article\" \/>\n<meta property=\"og:title\" content=\"Seifenblasenschaum - Elefant - SES Creative\" \/>\n<meta property=\"og:description\" content=\"Bubble Foam \u2013 Elefant: Mach die gr\u00f6\u00dften Seifenblasen! Mit dem SES Creative Bubble Foam &#8211; Elefant kannst du auf die sch\u00f6nste Art und Weise Seifenblasen machen. Aber Moment mal, dem Elefanten fehlt sein R\u00fcssel! Kannst du ihn durch das Blasen von Seifenblasen herbeizaubern? F\u00fclle den kleinen Elefanten mit Seifenwasser und benutze die Blasd\u00fcse, um beeindruckende [&hellip;]\" \/>\n<meta property=\"og:url\" content=\"https:\/\/ses-creative.com\/de\/produkt\/seifenblasenschaum-elefant\/\" \/>\n<meta property=\"og:site_name\" content=\"SES Creative\" \/>\n<meta property=\"article:modified_time\" content=\"2026-02-06T09:51:22+00:00\" \/>\n<meta name=\"twitter:card\" content=\"summary_large_image\" \/>\n<meta name=\"twitter:label1\" content=\"Gesch\u00e4tzte Lesezeit\" \/>\n\t<meta name=\"twitter:data1\" content=\"2\u00a0Minuten\" \/>\n<script type=\"application\/ld+json\" class=\"yoast-schema-graph\">{\"@context\":\"https:\\\/\\\/schema.org\",\"@graph\":[{\"@type\":\"WebPage\",\"@id\":\"https:\\\/\\\/ses-creative.com\\\/de\\\/produkt\\\/seifenblasenschaum-elefant\\\/\",\"url\":\"https:\\\/\\\/ses-creative.com\\\/de\\\/produkt\\\/seifenblasenschaum-elefant\\\/\",\"name\":\"Seifenblasenschaum - Elefant - SES Creative\",\"isPartOf\":{\"@id\":\"https:\\\/\\\/ses-creative.com\\\/#website\"},\"primaryImageOfPage\":{\"@id\":\"https:\\\/\\\/ses-creative.com\\\/de\\\/produkt\\\/seifenblasenschaum-elefant\\\/#primaryimage\"},\"image\":{\"@id\":\"https:\\\/\\\/ses-creative.com\\\/de\\\/produkt\\\/seifenblasenschaum-elefant\\\/#primaryimage\"},\"thumbnailUrl\":\"https:\\\/\\\/ses-creative.com\\\/wp-content\\\/uploads\\\/2025\\\/12\\\/130551.jpeg\",\"datePublished\":\"2026-02-05T13:52:18+00:00\",\"dateModified\":\"2026-02-06T09:51:22+00:00\",\"breadcrumb\":{\"@id\":\"https:\\\/\\\/ses-creative.com\\\/de\\\/produkt\\\/seifenblasenschaum-elefant\\\/#breadcrumb\"},\"inLanguage\":\"de\",\"potentialAction\":[{\"@type\":\"ReadAction\",\"target\":[\"https:\\\/\\\/ses-creative.com\\\/de\\\/produkt\\\/seifenblasenschaum-elefant\\\/\"]}]},{\"@type\":\"ImageObject\",\"inLanguage\":\"de\",\"@id\":\"https:\\\/\\\/ses-creative.com\\\/de\\\/produkt\\\/seifenblasenschaum-elefant\\\/#primaryimage\",\"url\":\"https:\\\/\\\/ses-creative.com\\\/wp-content\\\/uploads\\\/2025\\\/12\\\/130551.jpeg\",\"contentUrl\":\"https:\\\/\\\/ses-creative.com\\\/wp-content\\\/uploads\\\/2025\\\/12\\\/130551.jpeg\",\"width\":1920,\"height\":1920},{\"@type\":\"BreadcrumbList\",\"@id\":\"https:\\\/\\\/ses-creative.com\\\/de\\\/produkt\\\/seifenblasenschaum-elefant\\\/#breadcrumb\",\"itemListElement\":[{\"@type\":\"ListItem\",\"position\":1,\"name\":\"Shop\",\"item\":\"https:\\\/\\\/ses-creative.com\\\/de\\\/shop\\\/\"},{\"@type\":\"ListItem\",\"position\":2,\"name\":\"Drau\u00dfen spielen\",\"item\":\"https:\\\/\\\/ses-creative.com\\\/de\\\/product-categorie\\\/draussen-spielen\\\/\"},{\"@type\":\"ListItem\",\"position\":3,\"name\":\"Seifenblasenschaum &#8211; Elefant\"}]},{\"@type\":\"WebSite\",\"@id\":\"https:\\\/\\\/ses-creative.com\\\/#website\",\"url\":\"https:\\\/\\\/ses-creative.com\\\/\",\"name\":\"SES Creative\",\"description\":\"\",\"publisher\":{\"@id\":\"https:\\\/\\\/ses-creative.com\\\/#organization\"},\"potentialAction\":[{\"@type\":\"SearchAction\",\"target\":{\"@type\":\"EntryPoint\",\"urlTemplate\":\"https:\\\/\\\/ses-creative.com\\\/?s={search_term_string}\"},\"query-input\":{\"@type\":\"PropertyValueSpecification\",\"valueRequired\":true,\"valueName\":\"search_term_string\"}}],\"inLanguage\":\"de\"},{\"@type\":\"Organization\",\"@id\":\"https:\\\/\\\/ses-creative.com\\\/#organization\",\"name\":\"SES Creative\",\"url\":\"https:\\\/\\\/ses-creative.com\\\/\",\"logo\":{\"@type\":\"ImageObject\",\"inLanguage\":\"de\",\"@id\":\"https:\\\/\\\/ses-creative.com\\\/#\\\/schema\\\/logo\\\/image\\\/\",\"url\":\"https:\\\/\\\/ses-creative.com\\\/wp-content\\\/uploads\\\/2025\\\/10\\\/ses-creative-logo.jpg\",\"contentUrl\":\"https:\\\/\\\/ses-creative.com\\\/wp-content\\\/uploads\\\/2025\\\/10\\\/ses-creative-logo.jpg\",\"width\":2037,\"height\":2037,\"caption\":\"SES Creative\"},\"image\":{\"@id\":\"https:\\\/\\\/ses-creative.com\\\/#\\\/schema\\\/logo\\\/image\\\/\"}}]}<\/script>\n<!-- \/ Yoast SEO plugin. -->","yoast_head_json":{"title":"Seifenblasenschaum - Elefant - SES Creative","robots":{"index":"index","follow":"follow","max-snippet":"max-snippet:-1","max-image-preview":"max-image-preview:large","max-video-preview":"max-video-preview:-1"},"canonical":"https:\/\/ses-creative.com\/de\/produkt\/seifenblasenschaum-elefant\/","og_locale":"de_DE","og_type":"article","og_title":"Seifenblasenschaum - Elefant - SES Creative","og_description":"Bubble Foam \u2013 Elefant: Mach die gr\u00f6\u00dften Seifenblasen! Mit dem SES Creative Bubble Foam &#8211; Elefant kannst du auf die sch\u00f6nste Art und Weise Seifenblasen machen. Aber Moment mal, dem Elefanten fehlt sein R\u00fcssel! Kannst du ihn durch das Blasen von Seifenblasen herbeizaubern? F\u00fclle den kleinen Elefanten mit Seifenwasser und benutze die Blasd\u00fcse, um beeindruckende [&hellip;]","og_url":"https:\/\/ses-creative.com\/de\/produkt\/seifenblasenschaum-elefant\/","og_site_name":"SES Creative","article_modified_time":"2026-02-06T09:51:22+00:00","twitter_card":"summary_large_image","twitter_misc":{"Gesch\u00e4tzte Lesezeit":"2\u00a0Minuten"},"schema":{"@context":"https:\/\/schema.org","@graph":[{"@type":"WebPage","@id":"https:\/\/ses-creative.com\/de\/produkt\/seifenblasenschaum-elefant\/","url":"https:\/\/ses-creative.com\/de\/produkt\/seifenblasenschaum-elefant\/","name":"Seifenblasenschaum - Elefant - SES Creative","isPartOf":{"@id":"https:\/\/ses-creative.com\/#website"},"primaryImageOfPage":{"@id":"https:\/\/ses-creative.com\/de\/produkt\/seifenblasenschaum-elefant\/#primaryimage"},"image":{"@id":"https:\/\/ses-creative.com\/de\/produkt\/seifenblasenschaum-elefant\/#primaryimage"},"thumbnailUrl":"https:\/\/ses-creative.com\/wp-content\/uploads\/2025\/12\/130551.jpeg","datePublished":"2026-02-05T13:52:18+00:00","dateModified":"2026-02-06T09:51:22+00:00","breadcrumb":{"@id":"https:\/\/ses-creative.com\/de\/produkt\/seifenblasenschaum-elefant\/#breadcrumb"},"inLanguage":"de","potentialAction":[{"@type":"ReadAction","target":["https:\/\/ses-creative.com\/de\/produkt\/seifenblasenschaum-elefant\/"]}]},{"@type":"ImageObject","inLanguage":"de","@id":"https:\/\/ses-creative.com\/de\/produkt\/seifenblasenschaum-elefant\/#primaryimage","url":"https:\/\/ses-creative.com\/wp-content\/uploads\/2025\/12\/130551.jpeg","contentUrl":"https:\/\/ses-creative.com\/wp-content\/uploads\/2025\/12\/130551.jpeg","width":1920,"height":1920},{"@type":"BreadcrumbList","@id":"https:\/\/ses-creative.com\/de\/produkt\/seifenblasenschaum-elefant\/#breadcrumb","itemListElement":[{"@type":"ListItem","position":1,"name":"Shop","item":"https:\/\/ses-creative.com\/de\/shop\/"},{"@type":"ListItem","position":2,"name":"Drau\u00dfen spielen","item":"https:\/\/ses-creative.com\/de\/product-categorie\/draussen-spielen\/"},{"@type":"ListItem","position":3,"name":"Seifenblasenschaum &#8211; Elefant"}]},{"@type":"WebSite","@id":"https:\/\/ses-creative.com\/#website","url":"https:\/\/ses-creative.com\/","name":"SES Creative","description":"","publisher":{"@id":"https:\/\/ses-creative.com\/#organization"},"potentialAction":[{"@type":"SearchAction","target":{"@type":"EntryPoint","urlTemplate":"https:\/\/ses-creative.com\/?s={search_term_string}"},"query-input":{"@type":"PropertyValueSpecification","valueRequired":true,"valueName":"search_term_string"}}],"inLanguage":"de"},{"@type":"Organization","@id":"https:\/\/ses-creative.com\/#organization","name":"SES Creative","url":"https:\/\/ses-creative.com\/","logo":{"@type":"ImageObject","inLanguage":"de","@id":"https:\/\/ses-creative.com\/#\/schema\/logo\/image\/","url":"https:\/\/ses-creative.com\/wp-content\/uploads\/2025\/10\/ses-creative-logo.jpg","contentUrl":"https:\/\/ses-creative.com\/wp-content\/uploads\/2025\/10\/ses-creative-logo.jpg","width":2037,"height":2037,"caption":"SES Creative"},"image":{"@id":"https:\/\/ses-creative.com\/#\/schema\/logo\/image\/"}}]}},"_links":{"self":[{"href":"https:\/\/ses-creative.com\/de\/wp-json\/wp\/v2\/product\/114493","targetHints":{"allow":["GET"]}}],"collection":[{"href":"https:\/\/ses-creative.com\/de\/wp-json\/wp\/v2\/product"}],"about":[{"href":"https:\/\/ses-creative.com\/de\/wp-json\/wp\/v2\/types\/product"}],"replies":[{"embeddable":true,"href":"https:\/\/ses-creative.com\/de\/wp-json\/wp\/v2\/comments?post=114493"}],"wp:featuredmedia":[{"embeddable":true,"href":"https:\/\/ses-creative.com\/de\/wp-json\/wp\/v2\/media\/110292"}],"wp:attachment":[{"href":"https:\/\/ses-creative.com\/de\/wp-json\/wp\/v2\/media?parent=114493"}],"wp:term":[{"taxonomy":"product_brand","embeddable":true,"href":"https:\/\/ses-creative.com\/de\/wp-json\/wp\/v2\/product_brand?post=114493"},{"taxonomy":"product_cat","embeddable":true,"href":"https:\/\/ses-creative.com\/de\/wp-json\/wp\/v2\/product_cat?post=114493"},{"taxonomy":"product_tag","embeddable":true,"href":"https:\/\/ses-creative.com\/de\/wp-json\/wp\/v2\/product_tag?post=114493"}],"curies":[{"name":"wp","href":"https:\/\/api.w.org\/{rel}","templated":true}]}}