











{"id":114492,"date":"2026-02-05T13:52:18","date_gmt":"2026-02-05T13:52:18","guid":{"rendered":"https:\/\/ses-creative.com\/?post_type=product&#038;p=114492"},"modified":"2026-02-06T09:51:21","modified_gmt":"2026-02-06T09:51:21","slug":"einhorn-seifenblasen","status":"publish","type":"product","link":"https:\/\/ses-creative.com\/de\/produkt\/einhorn-seifenblasen\/","title":{"rendered":"Einhorn-Seifenblasen"},"content":{"rendered":"<p>Blasen Sie magische Seifenblasen mit Unicorn Bubbles!<br \/>\nSeifenblasen machen Spa\u00df, aber Seifenblasen mit einem Einhorn machen noch mehr Spa\u00df! Mit dem Unicorn Bubbles Seifenblasenset k\u00f6nnen Kinder mit Hilfe des speziellen Einhorn-Werkzeugs extra gro\u00dfe Seifenblasen machen. Perfekt f\u00fcr junge Tr\u00e4umer, die gerne drau\u00dfen spielen und mit einem Hauch von Magie die gr\u00f6\u00dften Seifenblasen machen m\u00f6chten!<br \/>\nWas dieses Set so gro\u00dfartig macht<br \/>\n&#8211;    Superstarke Seifenblasen f\u00fcr extra gro\u00dfe Seifenblasen<br \/>\n&#8211;    Einhorn-Werkzeug f\u00fcr einen magischen Effekt<br \/>\n&#8211;    Blasen Sie die sch\u00f6nsten Seifenblasen mit dem Seifenblasenset mit Einhorn-Motiv<br \/>\n&#8211;    Die Seifenlauge l\u00e4sst sich gut aus der Kleidung auswaschen<br \/>\n&#8211;    Perfekt f\u00fcr Kinder ab 3 Jahren<br \/>\nZaubern Sie bezaubernde Seifenblasen mit Unicorn Bubbles<br \/>\nMit diesem Set k\u00f6nnen Kinder die gr\u00f6\u00dften und magischsten Seifenblasen pusten, die sie je gesehen haben. Das Einhorn-Seifenblasenger\u00e4t macht das Spielen im Freien noch lustiger und mit dem stabilen Seifenblasenring k\u00f6nnen sie bezaubernde Seifenblasen erzeugen. Dieses Set ist ideal f\u00fcr Eltern, die ihren Kindern aktives und magisches Spielen im Freien erm\u00f6glichen m\u00f6chten. Es bietet eine unterhaltsame M\u00f6glichkeit, im Freien zu spielen und gleichzeitig motorische F\u00e4higkeiten zu entwickeln.<br \/>\nInhalt des Sets<br \/>\n&#8211;    Einhorn-Seifenblasen-Tool aus Schaumstoff<br \/>\n&#8211;    Seifenblasenring-Aufsatz<br \/>\n&#8211;    200 ml Seifenblasenfl\u00fcssigkeit<br \/>\nWarum SES Creative w\u00e4hlen?<br \/>\nBei SES Creative legen wir gro\u00dfen Wert auf Sicherheit. Deshalb werden die Produkte in unserer Fabrik in den Niederlanden nach den strengsten europ\u00e4ischen Sicherheitsnormen hergestellt und getestet. Spielzeug von SES Creative macht Spa\u00df und soll Kindern ein Gef\u00fchl des Stolzes auf ihre Arbeit vermitteln, was ihre Kreativit\u00e4t und Entwicklung f\u00f6rdert.<br \/>\nBeginnen Sie noch heute mit dem magischen Seifenblasen<br \/>\nEntdecken Sie den Spa\u00df am magischen Seifenblasenblasen mit dem Unicorn Bubbles Seifenblasenset. Perfekt f\u00fcr einen sonnigen Tag voller zauberhafter Spielfreude!<\/p>\n","protected":false},"excerpt":{"rendered":"<p>Blasen Sie magische Seifenblasen mit Unicorn Bubbles! Seifenblasen machen Spa\u00df, aber Seifenblasen mit einem Einhorn machen noch mehr Spa\u00df! Mit dem Unicorn Bubbles Seifenblasenset k\u00f6nnen Kinder mit Hilfe des speziellen Einhorn-Werkzeugs extra gro\u00dfe Seifenblasen machen. Perfekt f\u00fcr junge Tr\u00e4umer, die gerne drau\u00dfen spielen und mit einem Hauch von Magie die gr\u00f6\u00dften Seifenblasen machen m\u00f6chten! Was [&hellip;]<\/p>\n","protected":false},"featured_media":110284,"comment_status":"closed","ping_status":"closed","template":"","meta":{"_acf_changed":false},"product_brand":[],"product_cat":[119],"product_tag":[],"class_list":{"0":"post-114492","1":"product","2":"type-product","3":"status-publish","4":"has-post-thumbnail","6":"product_cat-draussen-spielen","7":"pa_leeftijd-filter-3-4-jahre","8":"pa_meest-populair-bij-jungen-maedchen","10":"first","11":"instock","12":"shipping-taxable","13":"product-type-simple"},"acf":[],"yoast_head":"<!-- This site is optimized with the Yoast SEO plugin v27.4 - https:\/\/yoast.com\/product\/yoast-seo-wordpress\/ -->\n<title>Einhorn-Seifenblasen - SES Creative<\/title>\n<meta name=\"robots\" content=\"index, follow, max-snippet:-1, max-image-preview:large, max-video-preview:-1\" \/>\n<link rel=\"canonical\" href=\"https:\/\/ses-creative.com\/de\/produkt\/einhorn-seifenblasen\/\" \/>\n<meta property=\"og:locale\" content=\"de_DE\" \/>\n<meta property=\"og:type\" content=\"article\" \/>\n<meta property=\"og:title\" content=\"Einhorn-Seifenblasen - SES Creative\" \/>\n<meta property=\"og:description\" content=\"Blasen Sie magische Seifenblasen mit Unicorn Bubbles! Seifenblasen machen Spa\u00df, aber Seifenblasen mit einem Einhorn machen noch mehr Spa\u00df! Mit dem Unicorn Bubbles Seifenblasenset k\u00f6nnen Kinder mit Hilfe des speziellen Einhorn-Werkzeugs extra gro\u00dfe Seifenblasen machen. Perfekt f\u00fcr junge Tr\u00e4umer, die gerne drau\u00dfen spielen und mit einem Hauch von Magie die gr\u00f6\u00dften Seifenblasen machen m\u00f6chten! Was [&hellip;]\" \/>\n<meta property=\"og:url\" content=\"https:\/\/ses-creative.com\/de\/produkt\/einhorn-seifenblasen\/\" \/>\n<meta property=\"og:site_name\" content=\"SES Creative\" \/>\n<meta property=\"article:modified_time\" content=\"2026-02-06T09:51:21+00:00\" \/>\n<meta name=\"twitter:card\" content=\"summary_large_image\" \/>\n<meta name=\"twitter:label1\" content=\"Gesch\u00e4tzte Lesezeit\" \/>\n\t<meta name=\"twitter:data1\" content=\"1\u00a0Minute\" \/>\n<script type=\"application\/ld+json\" class=\"yoast-schema-graph\">{\"@context\":\"https:\\\/\\\/schema.org\",\"@graph\":[{\"@type\":\"WebPage\",\"@id\":\"https:\\\/\\\/ses-creative.com\\\/de\\\/produkt\\\/einhorn-seifenblasen\\\/\",\"url\":\"https:\\\/\\\/ses-creative.com\\\/de\\\/produkt\\\/einhorn-seifenblasen\\\/\",\"name\":\"Einhorn-Seifenblasen - SES Creative\",\"isPartOf\":{\"@id\":\"https:\\\/\\\/ses-creative.com\\\/#website\"},\"primaryImageOfPage\":{\"@id\":\"https:\\\/\\\/ses-creative.com\\\/de\\\/produkt\\\/einhorn-seifenblasen\\\/#primaryimage\"},\"image\":{\"@id\":\"https:\\\/\\\/ses-creative.com\\\/de\\\/produkt\\\/einhorn-seifenblasen\\\/#primaryimage\"},\"thumbnailUrl\":\"https:\\\/\\\/ses-creative.com\\\/wp-content\\\/uploads\\\/2025\\\/12\\\/02278.jpeg\",\"datePublished\":\"2026-02-05T13:52:18+00:00\",\"dateModified\":\"2026-02-06T09:51:21+00:00\",\"breadcrumb\":{\"@id\":\"https:\\\/\\\/ses-creative.com\\\/de\\\/produkt\\\/einhorn-seifenblasen\\\/#breadcrumb\"},\"inLanguage\":\"de\",\"potentialAction\":[{\"@type\":\"ReadAction\",\"target\":[\"https:\\\/\\\/ses-creative.com\\\/de\\\/produkt\\\/einhorn-seifenblasen\\\/\"]}]},{\"@type\":\"ImageObject\",\"inLanguage\":\"de\",\"@id\":\"https:\\\/\\\/ses-creative.com\\\/de\\\/produkt\\\/einhorn-seifenblasen\\\/#primaryimage\",\"url\":\"https:\\\/\\\/ses-creative.com\\\/wp-content\\\/uploads\\\/2025\\\/12\\\/02278.jpeg\",\"contentUrl\":\"https:\\\/\\\/ses-creative.com\\\/wp-content\\\/uploads\\\/2025\\\/12\\\/02278.jpeg\",\"width\":2000,\"height\":2000},{\"@type\":\"BreadcrumbList\",\"@id\":\"https:\\\/\\\/ses-creative.com\\\/de\\\/produkt\\\/einhorn-seifenblasen\\\/#breadcrumb\",\"itemListElement\":[{\"@type\":\"ListItem\",\"position\":1,\"name\":\"Shop\",\"item\":\"https:\\\/\\\/ses-creative.com\\\/de\\\/shop\\\/\"},{\"@type\":\"ListItem\",\"position\":2,\"name\":\"Drau\u00dfen spielen\",\"item\":\"https:\\\/\\\/ses-creative.com\\\/de\\\/product-categorie\\\/draussen-spielen\\\/\"},{\"@type\":\"ListItem\",\"position\":3,\"name\":\"Einhorn-Seifenblasen\"}]},{\"@type\":\"WebSite\",\"@id\":\"https:\\\/\\\/ses-creative.com\\\/#website\",\"url\":\"https:\\\/\\\/ses-creative.com\\\/\",\"name\":\"SES Creative\",\"description\":\"\",\"publisher\":{\"@id\":\"https:\\\/\\\/ses-creative.com\\\/#organization\"},\"potentialAction\":[{\"@type\":\"SearchAction\",\"target\":{\"@type\":\"EntryPoint\",\"urlTemplate\":\"https:\\\/\\\/ses-creative.com\\\/?s={search_term_string}\"},\"query-input\":{\"@type\":\"PropertyValueSpecification\",\"valueRequired\":true,\"valueName\":\"search_term_string\"}}],\"inLanguage\":\"de\"},{\"@type\":\"Organization\",\"@id\":\"https:\\\/\\\/ses-creative.com\\\/#organization\",\"name\":\"SES Creative\",\"url\":\"https:\\\/\\\/ses-creative.com\\\/\",\"logo\":{\"@type\":\"ImageObject\",\"inLanguage\":\"de\",\"@id\":\"https:\\\/\\\/ses-creative.com\\\/#\\\/schema\\\/logo\\\/image\\\/\",\"url\":\"https:\\\/\\\/ses-creative.com\\\/wp-content\\\/uploads\\\/2025\\\/10\\\/ses-creative-logo.jpg\",\"contentUrl\":\"https:\\\/\\\/ses-creative.com\\\/wp-content\\\/uploads\\\/2025\\\/10\\\/ses-creative-logo.jpg\",\"width\":2037,\"height\":2037,\"caption\":\"SES Creative\"},\"image\":{\"@id\":\"https:\\\/\\\/ses-creative.com\\\/#\\\/schema\\\/logo\\\/image\\\/\"}}]}<\/script>\n<!-- \/ Yoast SEO plugin. -->","yoast_head_json":{"title":"Einhorn-Seifenblasen - SES Creative","robots":{"index":"index","follow":"follow","max-snippet":"max-snippet:-1","max-image-preview":"max-image-preview:large","max-video-preview":"max-video-preview:-1"},"canonical":"https:\/\/ses-creative.com\/de\/produkt\/einhorn-seifenblasen\/","og_locale":"de_DE","og_type":"article","og_title":"Einhorn-Seifenblasen - SES Creative","og_description":"Blasen Sie magische Seifenblasen mit Unicorn Bubbles! Seifenblasen machen Spa\u00df, aber Seifenblasen mit einem Einhorn machen noch mehr Spa\u00df! Mit dem Unicorn Bubbles Seifenblasenset k\u00f6nnen Kinder mit Hilfe des speziellen Einhorn-Werkzeugs extra gro\u00dfe Seifenblasen machen. Perfekt f\u00fcr junge Tr\u00e4umer, die gerne drau\u00dfen spielen und mit einem Hauch von Magie die gr\u00f6\u00dften Seifenblasen machen m\u00f6chten! Was [&hellip;]","og_url":"https:\/\/ses-creative.com\/de\/produkt\/einhorn-seifenblasen\/","og_site_name":"SES Creative","article_modified_time":"2026-02-06T09:51:21+00:00","twitter_card":"summary_large_image","twitter_misc":{"Gesch\u00e4tzte Lesezeit":"1\u00a0Minute"},"schema":{"@context":"https:\/\/schema.org","@graph":[{"@type":"WebPage","@id":"https:\/\/ses-creative.com\/de\/produkt\/einhorn-seifenblasen\/","url":"https:\/\/ses-creative.com\/de\/produkt\/einhorn-seifenblasen\/","name":"Einhorn-Seifenblasen - SES Creative","isPartOf":{"@id":"https:\/\/ses-creative.com\/#website"},"primaryImageOfPage":{"@id":"https:\/\/ses-creative.com\/de\/produkt\/einhorn-seifenblasen\/#primaryimage"},"image":{"@id":"https:\/\/ses-creative.com\/de\/produkt\/einhorn-seifenblasen\/#primaryimage"},"thumbnailUrl":"https:\/\/ses-creative.com\/wp-content\/uploads\/2025\/12\/02278.jpeg","datePublished":"2026-02-05T13:52:18+00:00","dateModified":"2026-02-06T09:51:21+00:00","breadcrumb":{"@id":"https:\/\/ses-creative.com\/de\/produkt\/einhorn-seifenblasen\/#breadcrumb"},"inLanguage":"de","potentialAction":[{"@type":"ReadAction","target":["https:\/\/ses-creative.com\/de\/produkt\/einhorn-seifenblasen\/"]}]},{"@type":"ImageObject","inLanguage":"de","@id":"https:\/\/ses-creative.com\/de\/produkt\/einhorn-seifenblasen\/#primaryimage","url":"https:\/\/ses-creative.com\/wp-content\/uploads\/2025\/12\/02278.jpeg","contentUrl":"https:\/\/ses-creative.com\/wp-content\/uploads\/2025\/12\/02278.jpeg","width":2000,"height":2000},{"@type":"BreadcrumbList","@id":"https:\/\/ses-creative.com\/de\/produkt\/einhorn-seifenblasen\/#breadcrumb","itemListElement":[{"@type":"ListItem","position":1,"name":"Shop","item":"https:\/\/ses-creative.com\/de\/shop\/"},{"@type":"ListItem","position":2,"name":"Drau\u00dfen spielen","item":"https:\/\/ses-creative.com\/de\/product-categorie\/draussen-spielen\/"},{"@type":"ListItem","position":3,"name":"Einhorn-Seifenblasen"}]},{"@type":"WebSite","@id":"https:\/\/ses-creative.com\/#website","url":"https:\/\/ses-creative.com\/","name":"SES Creative","description":"","publisher":{"@id":"https:\/\/ses-creative.com\/#organization"},"potentialAction":[{"@type":"SearchAction","target":{"@type":"EntryPoint","urlTemplate":"https:\/\/ses-creative.com\/?s={search_term_string}"},"query-input":{"@type":"PropertyValueSpecification","valueRequired":true,"valueName":"search_term_string"}}],"inLanguage":"de"},{"@type":"Organization","@id":"https:\/\/ses-creative.com\/#organization","name":"SES Creative","url":"https:\/\/ses-creative.com\/","logo":{"@type":"ImageObject","inLanguage":"de","@id":"https:\/\/ses-creative.com\/#\/schema\/logo\/image\/","url":"https:\/\/ses-creative.com\/wp-content\/uploads\/2025\/10\/ses-creative-logo.jpg","contentUrl":"https:\/\/ses-creative.com\/wp-content\/uploads\/2025\/10\/ses-creative-logo.jpg","width":2037,"height":2037,"caption":"SES Creative"},"image":{"@id":"https:\/\/ses-creative.com\/#\/schema\/logo\/image\/"}}]}},"_links":{"self":[{"href":"https:\/\/ses-creative.com\/de\/wp-json\/wp\/v2\/product\/114492","targetHints":{"allow":["GET"]}}],"collection":[{"href":"https:\/\/ses-creative.com\/de\/wp-json\/wp\/v2\/product"}],"about":[{"href":"https:\/\/ses-creative.com\/de\/wp-json\/wp\/v2\/types\/product"}],"replies":[{"embeddable":true,"href":"https:\/\/ses-creative.com\/de\/wp-json\/wp\/v2\/comments?post=114492"}],"wp:featuredmedia":[{"embeddable":true,"href":"https:\/\/ses-creative.com\/de\/wp-json\/wp\/v2\/media\/110284"}],"wp:attachment":[{"href":"https:\/\/ses-creative.com\/de\/wp-json\/wp\/v2\/media?parent=114492"}],"wp:term":[{"taxonomy":"product_brand","embeddable":true,"href":"https:\/\/ses-creative.com\/de\/wp-json\/wp\/v2\/product_brand?post=114492"},{"taxonomy":"product_cat","embeddable":true,"href":"https:\/\/ses-creative.com\/de\/wp-json\/wp\/v2\/product_cat?post=114492"},{"taxonomy":"product_tag","embeddable":true,"href":"https:\/\/ses-creative.com\/de\/wp-json\/wp\/v2\/product_tag?post=114492"}],"curies":[{"name":"wp","href":"https:\/\/api.w.org\/{rel}","templated":true}]}}