











{"id":114491,"date":"2026-02-05T13:52:17","date_gmt":"2026-02-05T13:52:17","guid":{"rendered":"https:\/\/ses-creative.com\/?post_type=product&#038;p=114491"},"modified":"2026-02-06T09:51:21","modified_gmt":"2026-02-06T09:51:21","slug":"schmetterlingsseifenblasen","status":"publish","type":"product","link":"https:\/\/ses-creative.com\/de\/produkt\/schmetterlingsseifenblasen\/","title":{"rendered":"Schmetterlingsseifenblasen"},"content":{"rendered":"<p>Lassen Sie den Schmetterling mit Seifenblasen fliegen!<br \/>\nMit diesem wundersch\u00f6nen Schmetterlings-Seifenblasenwerkzeug k\u00f6nnen Sie mega viele kleine Seifenblasen machen. Das einzigartige Design des Schmetterlings macht das Seifenblasenblasen f\u00fcr alle Kinder besonders magisch und lustig. Tauchen Sie den Schmetterling in die Seifenblasenfl\u00fcssigkeit und schwingen Sie ihn durch die Luft, um eine Wolke aus kleinen Seifenblasen zu erzeugen. F\u00fchlen Sie sich wie eine Prinzessin!<br \/>\nWas dieses Set so toll macht<br \/>\n&#8211;    Erzeuge unz\u00e4hlige kleine Seifenblasen auf einmal<br \/>\n&#8211;    Superstarke Seifenblasen f\u00fcr extra gro\u00dfe Seifenblasen<br \/>\n&#8211;    Schmetterlingsf\u00f6rmiges Werkzeug f\u00fcr zus\u00e4tzlichen Spielspa\u00df<br \/>\n&#8211;    F\u00fchlen Sie sich wie eine Prinzessin mit den magischen Seifenblasen<br \/>\n&#8211;    Ideal f\u00fcr Spiele im Freien und Partys<br \/>\nSchaffe ein magisches Spektakel<br \/>\nDie Verwendung des Schmetterlings-Seifenblasenger\u00e4ts ist einfach und macht Spa\u00df. Tauche den Schmetterling in die Seifenblasenfl\u00fcssigkeit, nimm ihn vorsichtig heraus und schwinge ihn durch die Luft. Beobachte, wie eine Wolke aus kleinen Seifenblasen entsteht, und lass die Magie beginnen!<br \/>\nInhalt des Sets<br \/>\n&#8211;    Schmetterlings-Seifenblasenbl\u00e4ser<br \/>\n&#8211;    200 ml Seifenblasenfl\u00fcssigkeit<br \/>\n&#8211;    Teller<br \/>\nWarum SES Creative w\u00e4hlen?<br \/>\nBei SES Creative legen wir gro\u00dfen Wert auf Sicherheit. Deshalb werden die Produkte in unserer Fabrik in den Niederlanden nach den strengsten europ\u00e4ischen Sicherheitsnormen hergestellt und getestet. Spielzeug von SES Creative sorgt f\u00fcr Spa\u00df und soll Kindern ein Gef\u00fchl des Stolzes auf ihre Arbeit vermitteln, was ihre Kreativit\u00e4t und Entwicklung f\u00f6rdert.<br \/>\nErleben Sie noch heute den Spa\u00df mit dem Schmetterlings-Seifenblasenstab!<br \/>\nDieser Schmetterlingsseifenblasenmacher sorgt f\u00fcr stundenlangen Spielspa\u00df im Freien. Perfekt f\u00fcr Kinder, die gerne drau\u00dfen spielen und fliegende Seifenblasen lieben, und f\u00fcr endlosen Spielspa\u00df!<\/p>\n","protected":false},"excerpt":{"rendered":"<p>Lassen Sie den Schmetterling mit Seifenblasen fliegen! Mit diesem wundersch\u00f6nen Schmetterlings-Seifenblasenwerkzeug k\u00f6nnen Sie mega viele kleine Seifenblasen machen. Das einzigartige Design des Schmetterlings macht das Seifenblasenblasen f\u00fcr alle Kinder besonders magisch und lustig. Tauchen Sie den Schmetterling in die Seifenblasenfl\u00fcssigkeit und schwingen Sie ihn durch die Luft, um eine Wolke aus kleinen Seifenblasen zu erzeugen. [&hellip;]<\/p>\n","protected":false},"featured_media":110276,"comment_status":"closed","ping_status":"closed","template":"","meta":{"_acf_changed":false},"product_brand":[],"product_cat":[119],"product_tag":[],"class_list":{"0":"post-114491","1":"product","2":"type-product","3":"status-publish","4":"has-post-thumbnail","6":"product_cat-draussen-spielen","7":"pa_leeftijd-filter-3-4-jahre","8":"pa_meest-populair-bij-jungen-maedchen","10":"first","11":"instock","12":"shipping-taxable","13":"product-type-simple"},"acf":[],"yoast_head":"<!-- This site is optimized with the Yoast SEO plugin v27.4 - https:\/\/yoast.com\/product\/yoast-seo-wordpress\/ -->\n<title>Schmetterlingsseifenblasen - SES Creative<\/title>\n<meta name=\"robots\" content=\"index, follow, max-snippet:-1, max-image-preview:large, max-video-preview:-1\" \/>\n<link rel=\"canonical\" href=\"https:\/\/ses-creative.com\/de\/produkt\/schmetterlingsseifenblasen\/\" \/>\n<meta property=\"og:locale\" content=\"de_DE\" \/>\n<meta property=\"og:type\" content=\"article\" \/>\n<meta property=\"og:title\" content=\"Schmetterlingsseifenblasen - SES Creative\" \/>\n<meta property=\"og:description\" content=\"Lassen Sie den Schmetterling mit Seifenblasen fliegen! Mit diesem wundersch\u00f6nen Schmetterlings-Seifenblasenwerkzeug k\u00f6nnen Sie mega viele kleine Seifenblasen machen. Das einzigartige Design des Schmetterlings macht das Seifenblasenblasen f\u00fcr alle Kinder besonders magisch und lustig. Tauchen Sie den Schmetterling in die Seifenblasenfl\u00fcssigkeit und schwingen Sie ihn durch die Luft, um eine Wolke aus kleinen Seifenblasen zu erzeugen. [&hellip;]\" \/>\n<meta property=\"og:url\" content=\"https:\/\/ses-creative.com\/de\/produkt\/schmetterlingsseifenblasen\/\" \/>\n<meta property=\"og:site_name\" content=\"SES Creative\" \/>\n<meta property=\"article:modified_time\" content=\"2026-02-06T09:51:21+00:00\" \/>\n<meta name=\"twitter:card\" content=\"summary_large_image\" \/>\n<meta name=\"twitter:label1\" content=\"Gesch\u00e4tzte Lesezeit\" \/>\n\t<meta name=\"twitter:data1\" content=\"1\u00a0Minute\" \/>\n<script type=\"application\/ld+json\" class=\"yoast-schema-graph\">{\"@context\":\"https:\\\/\\\/schema.org\",\"@graph\":[{\"@type\":\"WebPage\",\"@id\":\"https:\\\/\\\/ses-creative.com\\\/de\\\/produkt\\\/schmetterlingsseifenblasen\\\/\",\"url\":\"https:\\\/\\\/ses-creative.com\\\/de\\\/produkt\\\/schmetterlingsseifenblasen\\\/\",\"name\":\"Schmetterlingsseifenblasen - SES Creative\",\"isPartOf\":{\"@id\":\"https:\\\/\\\/ses-creative.com\\\/#website\"},\"primaryImageOfPage\":{\"@id\":\"https:\\\/\\\/ses-creative.com\\\/de\\\/produkt\\\/schmetterlingsseifenblasen\\\/#primaryimage\"},\"image\":{\"@id\":\"https:\\\/\\\/ses-creative.com\\\/de\\\/produkt\\\/schmetterlingsseifenblasen\\\/#primaryimage\"},\"thumbnailUrl\":\"https:\\\/\\\/ses-creative.com\\\/wp-content\\\/uploads\\\/2025\\\/12\\\/02276.jpeg\",\"datePublished\":\"2026-02-05T13:52:17+00:00\",\"dateModified\":\"2026-02-06T09:51:21+00:00\",\"breadcrumb\":{\"@id\":\"https:\\\/\\\/ses-creative.com\\\/de\\\/produkt\\\/schmetterlingsseifenblasen\\\/#breadcrumb\"},\"inLanguage\":\"de\",\"potentialAction\":[{\"@type\":\"ReadAction\",\"target\":[\"https:\\\/\\\/ses-creative.com\\\/de\\\/produkt\\\/schmetterlingsseifenblasen\\\/\"]}]},{\"@type\":\"ImageObject\",\"inLanguage\":\"de\",\"@id\":\"https:\\\/\\\/ses-creative.com\\\/de\\\/produkt\\\/schmetterlingsseifenblasen\\\/#primaryimage\",\"url\":\"https:\\\/\\\/ses-creative.com\\\/wp-content\\\/uploads\\\/2025\\\/12\\\/02276.jpeg\",\"contentUrl\":\"https:\\\/\\\/ses-creative.com\\\/wp-content\\\/uploads\\\/2025\\\/12\\\/02276.jpeg\",\"width\":2000,\"height\":2000},{\"@type\":\"BreadcrumbList\",\"@id\":\"https:\\\/\\\/ses-creative.com\\\/de\\\/produkt\\\/schmetterlingsseifenblasen\\\/#breadcrumb\",\"itemListElement\":[{\"@type\":\"ListItem\",\"position\":1,\"name\":\"Shop\",\"item\":\"https:\\\/\\\/ses-creative.com\\\/de\\\/shop\\\/\"},{\"@type\":\"ListItem\",\"position\":2,\"name\":\"Drau\u00dfen spielen\",\"item\":\"https:\\\/\\\/ses-creative.com\\\/de\\\/product-categorie\\\/draussen-spielen\\\/\"},{\"@type\":\"ListItem\",\"position\":3,\"name\":\"Schmetterlingsseifenblasen\"}]},{\"@type\":\"WebSite\",\"@id\":\"https:\\\/\\\/ses-creative.com\\\/#website\",\"url\":\"https:\\\/\\\/ses-creative.com\\\/\",\"name\":\"SES Creative\",\"description\":\"\",\"publisher\":{\"@id\":\"https:\\\/\\\/ses-creative.com\\\/#organization\"},\"potentialAction\":[{\"@type\":\"SearchAction\",\"target\":{\"@type\":\"EntryPoint\",\"urlTemplate\":\"https:\\\/\\\/ses-creative.com\\\/?s={search_term_string}\"},\"query-input\":{\"@type\":\"PropertyValueSpecification\",\"valueRequired\":true,\"valueName\":\"search_term_string\"}}],\"inLanguage\":\"de\"},{\"@type\":\"Organization\",\"@id\":\"https:\\\/\\\/ses-creative.com\\\/#organization\",\"name\":\"SES Creative\",\"url\":\"https:\\\/\\\/ses-creative.com\\\/\",\"logo\":{\"@type\":\"ImageObject\",\"inLanguage\":\"de\",\"@id\":\"https:\\\/\\\/ses-creative.com\\\/#\\\/schema\\\/logo\\\/image\\\/\",\"url\":\"https:\\\/\\\/ses-creative.com\\\/wp-content\\\/uploads\\\/2025\\\/10\\\/ses-creative-logo.jpg\",\"contentUrl\":\"https:\\\/\\\/ses-creative.com\\\/wp-content\\\/uploads\\\/2025\\\/10\\\/ses-creative-logo.jpg\",\"width\":2037,\"height\":2037,\"caption\":\"SES Creative\"},\"image\":{\"@id\":\"https:\\\/\\\/ses-creative.com\\\/#\\\/schema\\\/logo\\\/image\\\/\"}}]}<\/script>\n<!-- \/ Yoast SEO plugin. -->","yoast_head_json":{"title":"Schmetterlingsseifenblasen - SES Creative","robots":{"index":"index","follow":"follow","max-snippet":"max-snippet:-1","max-image-preview":"max-image-preview:large","max-video-preview":"max-video-preview:-1"},"canonical":"https:\/\/ses-creative.com\/de\/produkt\/schmetterlingsseifenblasen\/","og_locale":"de_DE","og_type":"article","og_title":"Schmetterlingsseifenblasen - SES Creative","og_description":"Lassen Sie den Schmetterling mit Seifenblasen fliegen! Mit diesem wundersch\u00f6nen Schmetterlings-Seifenblasenwerkzeug k\u00f6nnen Sie mega viele kleine Seifenblasen machen. Das einzigartige Design des Schmetterlings macht das Seifenblasenblasen f\u00fcr alle Kinder besonders magisch und lustig. Tauchen Sie den Schmetterling in die Seifenblasenfl\u00fcssigkeit und schwingen Sie ihn durch die Luft, um eine Wolke aus kleinen Seifenblasen zu erzeugen. [&hellip;]","og_url":"https:\/\/ses-creative.com\/de\/produkt\/schmetterlingsseifenblasen\/","og_site_name":"SES Creative","article_modified_time":"2026-02-06T09:51:21+00:00","twitter_card":"summary_large_image","twitter_misc":{"Gesch\u00e4tzte Lesezeit":"1\u00a0Minute"},"schema":{"@context":"https:\/\/schema.org","@graph":[{"@type":"WebPage","@id":"https:\/\/ses-creative.com\/de\/produkt\/schmetterlingsseifenblasen\/","url":"https:\/\/ses-creative.com\/de\/produkt\/schmetterlingsseifenblasen\/","name":"Schmetterlingsseifenblasen - SES Creative","isPartOf":{"@id":"https:\/\/ses-creative.com\/#website"},"primaryImageOfPage":{"@id":"https:\/\/ses-creative.com\/de\/produkt\/schmetterlingsseifenblasen\/#primaryimage"},"image":{"@id":"https:\/\/ses-creative.com\/de\/produkt\/schmetterlingsseifenblasen\/#primaryimage"},"thumbnailUrl":"https:\/\/ses-creative.com\/wp-content\/uploads\/2025\/12\/02276.jpeg","datePublished":"2026-02-05T13:52:17+00:00","dateModified":"2026-02-06T09:51:21+00:00","breadcrumb":{"@id":"https:\/\/ses-creative.com\/de\/produkt\/schmetterlingsseifenblasen\/#breadcrumb"},"inLanguage":"de","potentialAction":[{"@type":"ReadAction","target":["https:\/\/ses-creative.com\/de\/produkt\/schmetterlingsseifenblasen\/"]}]},{"@type":"ImageObject","inLanguage":"de","@id":"https:\/\/ses-creative.com\/de\/produkt\/schmetterlingsseifenblasen\/#primaryimage","url":"https:\/\/ses-creative.com\/wp-content\/uploads\/2025\/12\/02276.jpeg","contentUrl":"https:\/\/ses-creative.com\/wp-content\/uploads\/2025\/12\/02276.jpeg","width":2000,"height":2000},{"@type":"BreadcrumbList","@id":"https:\/\/ses-creative.com\/de\/produkt\/schmetterlingsseifenblasen\/#breadcrumb","itemListElement":[{"@type":"ListItem","position":1,"name":"Shop","item":"https:\/\/ses-creative.com\/de\/shop\/"},{"@type":"ListItem","position":2,"name":"Drau\u00dfen spielen","item":"https:\/\/ses-creative.com\/de\/product-categorie\/draussen-spielen\/"},{"@type":"ListItem","position":3,"name":"Schmetterlingsseifenblasen"}]},{"@type":"WebSite","@id":"https:\/\/ses-creative.com\/#website","url":"https:\/\/ses-creative.com\/","name":"SES Creative","description":"","publisher":{"@id":"https:\/\/ses-creative.com\/#organization"},"potentialAction":[{"@type":"SearchAction","target":{"@type":"EntryPoint","urlTemplate":"https:\/\/ses-creative.com\/?s={search_term_string}"},"query-input":{"@type":"PropertyValueSpecification","valueRequired":true,"valueName":"search_term_string"}}],"inLanguage":"de"},{"@type":"Organization","@id":"https:\/\/ses-creative.com\/#organization","name":"SES Creative","url":"https:\/\/ses-creative.com\/","logo":{"@type":"ImageObject","inLanguage":"de","@id":"https:\/\/ses-creative.com\/#\/schema\/logo\/image\/","url":"https:\/\/ses-creative.com\/wp-content\/uploads\/2025\/10\/ses-creative-logo.jpg","contentUrl":"https:\/\/ses-creative.com\/wp-content\/uploads\/2025\/10\/ses-creative-logo.jpg","width":2037,"height":2037,"caption":"SES Creative"},"image":{"@id":"https:\/\/ses-creative.com\/#\/schema\/logo\/image\/"}}]}},"_links":{"self":[{"href":"https:\/\/ses-creative.com\/de\/wp-json\/wp\/v2\/product\/114491","targetHints":{"allow":["GET"]}}],"collection":[{"href":"https:\/\/ses-creative.com\/de\/wp-json\/wp\/v2\/product"}],"about":[{"href":"https:\/\/ses-creative.com\/de\/wp-json\/wp\/v2\/types\/product"}],"replies":[{"embeddable":true,"href":"https:\/\/ses-creative.com\/de\/wp-json\/wp\/v2\/comments?post=114491"}],"wp:featuredmedia":[{"embeddable":true,"href":"https:\/\/ses-creative.com\/de\/wp-json\/wp\/v2\/media\/110276"}],"wp:attachment":[{"href":"https:\/\/ses-creative.com\/de\/wp-json\/wp\/v2\/media?parent=114491"}],"wp:term":[{"taxonomy":"product_brand","embeddable":true,"href":"https:\/\/ses-creative.com\/de\/wp-json\/wp\/v2\/product_brand?post=114491"},{"taxonomy":"product_cat","embeddable":true,"href":"https:\/\/ses-creative.com\/de\/wp-json\/wp\/v2\/product_cat?post=114491"},{"taxonomy":"product_tag","embeddable":true,"href":"https:\/\/ses-creative.com\/de\/wp-json\/wp\/v2\/product_tag?post=114491"}],"curies":[{"name":"wp","href":"https:\/\/api.w.org\/{rel}","templated":true}]}}