











{"id":114490,"date":"2026-02-05T13:52:17","date_gmt":"2026-02-05T13:52:17","guid":{"rendered":"https:\/\/ses-creative.com\/?post_type=product&#038;p=114490"},"modified":"2026-02-06T09:51:21","modified_gmt":"2026-02-06T09:51:21","slug":"seifenblasenwuerfel","status":"publish","type":"product","link":"https:\/\/ses-creative.com\/de\/produkt\/seifenblasenwuerfel\/","title":{"rendered":"Seifenblasenw\u00fcrfel"},"content":{"rendered":"<p>Machen Sie Ihre eigenen quadratischen Seifenblasen!<br \/>\nQuadratische Seifenblasen gibt es nicht? Doch, nat\u00fcrlich! Mit dem Bubble Cube von SES Creative kannst du selbst magische quadratische Seifenblasen herstellen. Tauche das spezielle w\u00fcrfelf\u00f6rmige Werkzeug in die superstarke Seifenblasenfl\u00fcssigkeit, ziehe die F\u00e4den straff und sieh zu, wie ein einzigartiger Bubble Cube entsteht! Das ist eine fantastische M\u00f6glichkeit, das Spielen im Freien noch spannender zu machen und gleichzeitig etwas Neues zu entdecken.<br \/>\nWas dieses Set so toll macht<br \/>\n&#8211;    Erzeuge einzigartige quadratische Seifenblasen, die alle in Staunen versetzen<br \/>\n&#8211;    Superstarke Seifenblasenfl\u00fcssigkeit f\u00fcr extra gro\u00dfe Seifenblasen<br \/>\n&#8211;    Werkzeuge k\u00f6nnen auch separat verwendet werden<br \/>\n&#8211;    Perfekt f\u00fcr das Spielen im Freien<br \/>\n&#8211;    Nachf\u00fcllpackung f\u00fcr die Seifenl\u00f6sung erh\u00e4ltlich<br \/>\nEntdecken Sie die Magie der quadratischen Seifenblasen<br \/>\nMit diesem Set k\u00f6nnen Kinder ab 5 Jahren experimentieren und ihre Freunde mit quadratischen Seifenblasen verbl\u00fcffen. Es ist eine unterhaltsame und lehrreiche Outdoor-Aktivit\u00e4t, die garantiert Spa\u00df macht.<br \/>\nInhalt des Sets<br \/>\n&#8211;    Bubble Cube Tool<br \/>\n&#8211;    1 Teller<br \/>\n&#8211;    200 ml Seifenblasenfl\u00fcssigkeit<br \/>\nWarum SES Creative w\u00e4hlen?<br \/>\nBei SES Creative legen wir gro\u00dfen Wert auf Sicherheit. Deshalb werden die Produkte in unserem Werk in den Niederlanden nach den strengsten europ\u00e4ischen Sicherheitsnormen hergestellt und getestet. Spielzeug von SES Creative macht Spa\u00df und soll Kindern ein Gef\u00fchl der Stolz auf ihre Arbeit vermitteln, was ihre Kreativit\u00e4t und Entwicklung f\u00f6rdert.<br \/>\nLos geht&#8217;s mit quadratischen Seifenblasen!<br \/>\nBringen Sie Ihre Outdoor-Abenteuer mit dem Bubble Cube auf ein neues Level. Ideal f\u00fcr Kinder, die gerne experimentieren und Spa\u00df an der frischen Luft haben!<\/p>\n","protected":false},"excerpt":{"rendered":"<p>Machen Sie Ihre eigenen quadratischen Seifenblasen! Quadratische Seifenblasen gibt es nicht? Doch, nat\u00fcrlich! Mit dem Bubble Cube von SES Creative kannst du selbst magische quadratische Seifenblasen herstellen. Tauche das spezielle w\u00fcrfelf\u00f6rmige Werkzeug in die superstarke Seifenblasenfl\u00fcssigkeit, ziehe die F\u00e4den straff und sieh zu, wie ein einzigartiger Bubble Cube entsteht! Das ist eine fantastische M\u00f6glichkeit, das [&hellip;]<\/p>\n","protected":false},"featured_media":110317,"comment_status":"closed","ping_status":"closed","template":"","meta":{"_acf_changed":false},"product_brand":[],"product_cat":[119],"product_tag":[],"class_list":{"0":"post-114490","1":"product","2":"type-product","3":"status-publish","4":"has-post-thumbnail","6":"product_cat-draussen-spielen","7":"pa_leeftijd-filter-4-6-jahre","8":"pa_meest-populair-bij-jungen-maedchen","10":"first","11":"instock","12":"shipping-taxable","13":"product-type-simple"},"acf":[],"yoast_head":"<!-- This site is optimized with the Yoast SEO plugin v27.4 - https:\/\/yoast.com\/product\/yoast-seo-wordpress\/ -->\n<title>Seifenblasenw\u00fcrfel - SES Creative<\/title>\n<meta name=\"robots\" content=\"index, follow, max-snippet:-1, max-image-preview:large, max-video-preview:-1\" \/>\n<link rel=\"canonical\" href=\"https:\/\/ses-creative.com\/de\/produkt\/seifenblasenwuerfel\/\" \/>\n<meta property=\"og:locale\" content=\"de_DE\" \/>\n<meta property=\"og:type\" content=\"article\" \/>\n<meta property=\"og:title\" content=\"Seifenblasenw\u00fcrfel - SES Creative\" \/>\n<meta property=\"og:description\" content=\"Machen Sie Ihre eigenen quadratischen Seifenblasen! Quadratische Seifenblasen gibt es nicht? Doch, nat\u00fcrlich! Mit dem Bubble Cube von SES Creative kannst du selbst magische quadratische Seifenblasen herstellen. Tauche das spezielle w\u00fcrfelf\u00f6rmige Werkzeug in die superstarke Seifenblasenfl\u00fcssigkeit, ziehe die F\u00e4den straff und sieh zu, wie ein einzigartiger Bubble Cube entsteht! Das ist eine fantastische M\u00f6glichkeit, das [&hellip;]\" \/>\n<meta property=\"og:url\" content=\"https:\/\/ses-creative.com\/de\/produkt\/seifenblasenwuerfel\/\" \/>\n<meta property=\"og:site_name\" content=\"SES Creative\" \/>\n<meta property=\"article:modified_time\" content=\"2026-02-06T09:51:21+00:00\" \/>\n<meta name=\"twitter:card\" content=\"summary_large_image\" \/>\n<meta name=\"twitter:label1\" content=\"Gesch\u00e4tzte Lesezeit\" \/>\n\t<meta name=\"twitter:data1\" content=\"1\u00a0Minute\" \/>\n<script type=\"application\/ld+json\" class=\"yoast-schema-graph\">{\"@context\":\"https:\\\/\\\/schema.org\",\"@graph\":[{\"@type\":\"WebPage\",\"@id\":\"https:\\\/\\\/ses-creative.com\\\/de\\\/produkt\\\/seifenblasenwuerfel\\\/\",\"url\":\"https:\\\/\\\/ses-creative.com\\\/de\\\/produkt\\\/seifenblasenwuerfel\\\/\",\"name\":\"Seifenblasenw\u00fcrfel - SES Creative\",\"isPartOf\":{\"@id\":\"https:\\\/\\\/ses-creative.com\\\/#website\"},\"primaryImageOfPage\":{\"@id\":\"https:\\\/\\\/ses-creative.com\\\/de\\\/produkt\\\/seifenblasenwuerfel\\\/#primaryimage\"},\"image\":{\"@id\":\"https:\\\/\\\/ses-creative.com\\\/de\\\/produkt\\\/seifenblasenwuerfel\\\/#primaryimage\"},\"thumbnailUrl\":\"https:\\\/\\\/ses-creative.com\\\/wp-content\\\/uploads\\\/2025\\\/12\\\/24273_9584838060.jpg\",\"datePublished\":\"2026-02-05T13:52:17+00:00\",\"dateModified\":\"2026-02-06T09:51:21+00:00\",\"breadcrumb\":{\"@id\":\"https:\\\/\\\/ses-creative.com\\\/de\\\/produkt\\\/seifenblasenwuerfel\\\/#breadcrumb\"},\"inLanguage\":\"de\",\"potentialAction\":[{\"@type\":\"ReadAction\",\"target\":[\"https:\\\/\\\/ses-creative.com\\\/de\\\/produkt\\\/seifenblasenwuerfel\\\/\"]}]},{\"@type\":\"ImageObject\",\"inLanguage\":\"de\",\"@id\":\"https:\\\/\\\/ses-creative.com\\\/de\\\/produkt\\\/seifenblasenwuerfel\\\/#primaryimage\",\"url\":\"https:\\\/\\\/ses-creative.com\\\/wp-content\\\/uploads\\\/2025\\\/12\\\/24273_9584838060.jpg\",\"contentUrl\":\"https:\\\/\\\/ses-creative.com\\\/wp-content\\\/uploads\\\/2025\\\/12\\\/24273_9584838060.jpg\",\"width\":1500,\"height\":1050},{\"@type\":\"BreadcrumbList\",\"@id\":\"https:\\\/\\\/ses-creative.com\\\/de\\\/produkt\\\/seifenblasenwuerfel\\\/#breadcrumb\",\"itemListElement\":[{\"@type\":\"ListItem\",\"position\":1,\"name\":\"Shop\",\"item\":\"https:\\\/\\\/ses-creative.com\\\/de\\\/shop\\\/\"},{\"@type\":\"ListItem\",\"position\":2,\"name\":\"Drau\u00dfen spielen\",\"item\":\"https:\\\/\\\/ses-creative.com\\\/de\\\/product-categorie\\\/draussen-spielen\\\/\"},{\"@type\":\"ListItem\",\"position\":3,\"name\":\"Seifenblasenw\u00fcrfel\"}]},{\"@type\":\"WebSite\",\"@id\":\"https:\\\/\\\/ses-creative.com\\\/#website\",\"url\":\"https:\\\/\\\/ses-creative.com\\\/\",\"name\":\"SES Creative\",\"description\":\"\",\"publisher\":{\"@id\":\"https:\\\/\\\/ses-creative.com\\\/#organization\"},\"potentialAction\":[{\"@type\":\"SearchAction\",\"target\":{\"@type\":\"EntryPoint\",\"urlTemplate\":\"https:\\\/\\\/ses-creative.com\\\/?s={search_term_string}\"},\"query-input\":{\"@type\":\"PropertyValueSpecification\",\"valueRequired\":true,\"valueName\":\"search_term_string\"}}],\"inLanguage\":\"de\"},{\"@type\":\"Organization\",\"@id\":\"https:\\\/\\\/ses-creative.com\\\/#organization\",\"name\":\"SES Creative\",\"url\":\"https:\\\/\\\/ses-creative.com\\\/\",\"logo\":{\"@type\":\"ImageObject\",\"inLanguage\":\"de\",\"@id\":\"https:\\\/\\\/ses-creative.com\\\/#\\\/schema\\\/logo\\\/image\\\/\",\"url\":\"https:\\\/\\\/ses-creative.com\\\/wp-content\\\/uploads\\\/2025\\\/10\\\/ses-creative-logo.jpg\",\"contentUrl\":\"https:\\\/\\\/ses-creative.com\\\/wp-content\\\/uploads\\\/2025\\\/10\\\/ses-creative-logo.jpg\",\"width\":2037,\"height\":2037,\"caption\":\"SES Creative\"},\"image\":{\"@id\":\"https:\\\/\\\/ses-creative.com\\\/#\\\/schema\\\/logo\\\/image\\\/\"}}]}<\/script>\n<!-- \/ Yoast SEO plugin. -->","yoast_head_json":{"title":"Seifenblasenw\u00fcrfel - SES Creative","robots":{"index":"index","follow":"follow","max-snippet":"max-snippet:-1","max-image-preview":"max-image-preview:large","max-video-preview":"max-video-preview:-1"},"canonical":"https:\/\/ses-creative.com\/de\/produkt\/seifenblasenwuerfel\/","og_locale":"de_DE","og_type":"article","og_title":"Seifenblasenw\u00fcrfel - SES Creative","og_description":"Machen Sie Ihre eigenen quadratischen Seifenblasen! Quadratische Seifenblasen gibt es nicht? Doch, nat\u00fcrlich! Mit dem Bubble Cube von SES Creative kannst du selbst magische quadratische Seifenblasen herstellen. Tauche das spezielle w\u00fcrfelf\u00f6rmige Werkzeug in die superstarke Seifenblasenfl\u00fcssigkeit, ziehe die F\u00e4den straff und sieh zu, wie ein einzigartiger Bubble Cube entsteht! Das ist eine fantastische M\u00f6glichkeit, das [&hellip;]","og_url":"https:\/\/ses-creative.com\/de\/produkt\/seifenblasenwuerfel\/","og_site_name":"SES Creative","article_modified_time":"2026-02-06T09:51:21+00:00","twitter_card":"summary_large_image","twitter_misc":{"Gesch\u00e4tzte Lesezeit":"1\u00a0Minute"},"schema":{"@context":"https:\/\/schema.org","@graph":[{"@type":"WebPage","@id":"https:\/\/ses-creative.com\/de\/produkt\/seifenblasenwuerfel\/","url":"https:\/\/ses-creative.com\/de\/produkt\/seifenblasenwuerfel\/","name":"Seifenblasenw\u00fcrfel - SES Creative","isPartOf":{"@id":"https:\/\/ses-creative.com\/#website"},"primaryImageOfPage":{"@id":"https:\/\/ses-creative.com\/de\/produkt\/seifenblasenwuerfel\/#primaryimage"},"image":{"@id":"https:\/\/ses-creative.com\/de\/produkt\/seifenblasenwuerfel\/#primaryimage"},"thumbnailUrl":"https:\/\/ses-creative.com\/wp-content\/uploads\/2025\/12\/24273_9584838060.jpg","datePublished":"2026-02-05T13:52:17+00:00","dateModified":"2026-02-06T09:51:21+00:00","breadcrumb":{"@id":"https:\/\/ses-creative.com\/de\/produkt\/seifenblasenwuerfel\/#breadcrumb"},"inLanguage":"de","potentialAction":[{"@type":"ReadAction","target":["https:\/\/ses-creative.com\/de\/produkt\/seifenblasenwuerfel\/"]}]},{"@type":"ImageObject","inLanguage":"de","@id":"https:\/\/ses-creative.com\/de\/produkt\/seifenblasenwuerfel\/#primaryimage","url":"https:\/\/ses-creative.com\/wp-content\/uploads\/2025\/12\/24273_9584838060.jpg","contentUrl":"https:\/\/ses-creative.com\/wp-content\/uploads\/2025\/12\/24273_9584838060.jpg","width":1500,"height":1050},{"@type":"BreadcrumbList","@id":"https:\/\/ses-creative.com\/de\/produkt\/seifenblasenwuerfel\/#breadcrumb","itemListElement":[{"@type":"ListItem","position":1,"name":"Shop","item":"https:\/\/ses-creative.com\/de\/shop\/"},{"@type":"ListItem","position":2,"name":"Drau\u00dfen spielen","item":"https:\/\/ses-creative.com\/de\/product-categorie\/draussen-spielen\/"},{"@type":"ListItem","position":3,"name":"Seifenblasenw\u00fcrfel"}]},{"@type":"WebSite","@id":"https:\/\/ses-creative.com\/#website","url":"https:\/\/ses-creative.com\/","name":"SES Creative","description":"","publisher":{"@id":"https:\/\/ses-creative.com\/#organization"},"potentialAction":[{"@type":"SearchAction","target":{"@type":"EntryPoint","urlTemplate":"https:\/\/ses-creative.com\/?s={search_term_string}"},"query-input":{"@type":"PropertyValueSpecification","valueRequired":true,"valueName":"search_term_string"}}],"inLanguage":"de"},{"@type":"Organization","@id":"https:\/\/ses-creative.com\/#organization","name":"SES Creative","url":"https:\/\/ses-creative.com\/","logo":{"@type":"ImageObject","inLanguage":"de","@id":"https:\/\/ses-creative.com\/#\/schema\/logo\/image\/","url":"https:\/\/ses-creative.com\/wp-content\/uploads\/2025\/10\/ses-creative-logo.jpg","contentUrl":"https:\/\/ses-creative.com\/wp-content\/uploads\/2025\/10\/ses-creative-logo.jpg","width":2037,"height":2037,"caption":"SES Creative"},"image":{"@id":"https:\/\/ses-creative.com\/#\/schema\/logo\/image\/"}}]}},"_links":{"self":[{"href":"https:\/\/ses-creative.com\/de\/wp-json\/wp\/v2\/product\/114490","targetHints":{"allow":["GET"]}}],"collection":[{"href":"https:\/\/ses-creative.com\/de\/wp-json\/wp\/v2\/product"}],"about":[{"href":"https:\/\/ses-creative.com\/de\/wp-json\/wp\/v2\/types\/product"}],"replies":[{"embeddable":true,"href":"https:\/\/ses-creative.com\/de\/wp-json\/wp\/v2\/comments?post=114490"}],"wp:featuredmedia":[{"embeddable":true,"href":"https:\/\/ses-creative.com\/de\/wp-json\/wp\/v2\/media\/110317"}],"wp:attachment":[{"href":"https:\/\/ses-creative.com\/de\/wp-json\/wp\/v2\/media?parent=114490"}],"wp:term":[{"taxonomy":"product_brand","embeddable":true,"href":"https:\/\/ses-creative.com\/de\/wp-json\/wp\/v2\/product_brand?post=114490"},{"taxonomy":"product_cat","embeddable":true,"href":"https:\/\/ses-creative.com\/de\/wp-json\/wp\/v2\/product_cat?post=114490"},{"taxonomy":"product_tag","embeddable":true,"href":"https:\/\/ses-creative.com\/de\/wp-json\/wp\/v2\/product_tag?post=114490"}],"curies":[{"name":"wp","href":"https:\/\/api.w.org\/{rel}","templated":true}]}}