











{"id":114489,"date":"2026-02-05T13:52:17","date_gmt":"2026-02-05T13:52:17","guid":{"rendered":"https:\/\/ses-creative.com\/?post_type=product&#038;p=114489"},"modified":"2026-02-06T09:51:21","modified_gmt":"2026-02-06T09:51:21","slug":"seifenblasen-rakete","status":"publish","type":"product","link":"https:\/\/ses-creative.com\/de\/produkt\/seifenblasen-rakete\/","title":{"rendered":"Seifenblasen Rakete"},"content":{"rendered":"<p>Lass deine Bubble Raket in die Luft schie\u00dfen!<br \/>\nWerde Astronaut und starte deine eigene Rakete mit der Bubble Rakete von SES Creative! Baue die Rakete selbst zusammen, verziere sie mit Astronauten-Aufklebern und mach dich bereit f\u00fcr den Start. Wirf die Rakete und bewundere die Seifenschaisspur, die sie hinterl\u00e4sst. Dank der superstarken Seifenblasenfl\u00fcssigkeit von SES Creative kannst du die stabilsten und sch\u00f6nsten Seifenblasen erzeugen.<br \/>\nWas dieses Set so toll macht<br \/>\n&#8211;    Hinterl\u00e4sst beim Fliegen eine Spur aus Seifenblasen<br \/>\n&#8211;    Superstarkes Seifenblasenmittel f\u00fcr extra gro\u00dfe Seifenblasen<br \/>\n&#8211;    Baue deine eigene Rakete und spiele dann damit<br \/>\n&#8211;    Perfekt zum Spielen im Freien<br \/>\n&#8211;    Nachf\u00fcllpackung f\u00fcr die Seifenl\u00f6sung erh\u00e4ltlich<br \/>\nSpielen und experimentieren Sie mit der Seifenblasenrakete<br \/>\nDiese Rakete bietet Kindern ab 3 Jahren eine gro\u00dfartige M\u00f6glichkeit, drau\u00dfen zu spielen und ihrer Fantasie freien Lauf zu lassen. Das Bauen und Dekorieren der Rakete macht Spa\u00df, und das Beobachten der Seifenblasen beim Fliegen macht das Erlebnis noch besonderer.<br \/>\nInhalt des Sets<br \/>\n&#8211;    Seifenblasenrakete (2-teilig)<br \/>\n&#8211;    200 ml Seifenblasenfl\u00fcssigkeit<br \/>\n&#8211;    Schale zum Eintauchen der Rakete in die Seifenlauge<br \/>\n&#8211;    Stickerbogen und doppelseitiges Klebeband<br \/>\n&#8211;    Anleitung<br \/>\nWarum SES Creative w\u00e4hlen?<br \/>\nBei SES Creative legen wir gro\u00dfen Wert auf Sicherheit. Deshalb werden die Produkte in unserem Werk in den Niederlanden nach den strengsten europ\u00e4ischen Sicherheitsnormen hergestellt und getestet. Spielzeug von SES Creative sorgt f\u00fcr Spa\u00df und soll Kindern ein Gef\u00fchl des Stolzes auf ihre Arbeit vermitteln, was ihre Kreativit\u00e4t und Entwicklung f\u00f6rdert.<br \/>\nBist du bereit f\u00fcr den Start?<br \/>\nBringen Sie Ihre Outdoor-Abenteuer mit der Bubble Raket von SES Creative auf ein neues Level. Spa\u00df garantiert f\u00fcr junge Astronauten in spe!<\/p>\n","protected":false},"excerpt":{"rendered":"<p>Lass deine Bubble Raket in die Luft schie\u00dfen! Werde Astronaut und starte deine eigene Rakete mit der Bubble Rakete von SES Creative! Baue die Rakete selbst zusammen, verziere sie mit Astronauten-Aufklebern und mach dich bereit f\u00fcr den Start. Wirf die Rakete und bewundere die Seifenschaisspur, die sie hinterl\u00e4sst. Dank der superstarken Seifenblasenfl\u00fcssigkeit von SES Creative [&hellip;]<\/p>\n","protected":false},"featured_media":99188,"comment_status":"closed","ping_status":"closed","template":"","meta":{"_acf_changed":false},"product_brand":[],"product_cat":[119],"product_tag":[],"class_list":{"0":"post-114489","1":"product","2":"type-product","3":"status-publish","4":"has-post-thumbnail","6":"product_cat-draussen-spielen","7":"pa_leeftijd-filter-3-4-jahre","8":"pa_meest-populair-bij-jungen-maedchen","10":"first","11":"instock","12":"shipping-taxable","13":"product-type-simple"},"acf":[],"yoast_head":"<!-- This site is optimized with the Yoast SEO plugin v27.4 - https:\/\/yoast.com\/product\/yoast-seo-wordpress\/ -->\n<title>Seifenblasen Rakete - SES Creative<\/title>\n<meta name=\"robots\" content=\"index, follow, max-snippet:-1, max-image-preview:large, max-video-preview:-1\" \/>\n<link rel=\"canonical\" href=\"https:\/\/ses-creative.com\/de\/produkt\/seifenblasen-rakete\/\" \/>\n<meta property=\"og:locale\" content=\"de_DE\" \/>\n<meta property=\"og:type\" content=\"article\" \/>\n<meta property=\"og:title\" content=\"Seifenblasen Rakete - SES Creative\" \/>\n<meta property=\"og:description\" content=\"Lass deine Bubble Raket in die Luft schie\u00dfen! Werde Astronaut und starte deine eigene Rakete mit der Bubble Rakete von SES Creative! Baue die Rakete selbst zusammen, verziere sie mit Astronauten-Aufklebern und mach dich bereit f\u00fcr den Start. Wirf die Rakete und bewundere die Seifenschaisspur, die sie hinterl\u00e4sst. Dank der superstarken Seifenblasenfl\u00fcssigkeit von SES Creative [&hellip;]\" \/>\n<meta property=\"og:url\" content=\"https:\/\/ses-creative.com\/de\/produkt\/seifenblasen-rakete\/\" \/>\n<meta property=\"og:site_name\" content=\"SES Creative\" \/>\n<meta property=\"article:modified_time\" content=\"2026-02-06T09:51:21+00:00\" \/>\n<meta name=\"twitter:card\" content=\"summary_large_image\" \/>\n<meta name=\"twitter:label1\" content=\"Gesch\u00e4tzte Lesezeit\" \/>\n\t<meta name=\"twitter:data1\" content=\"1\u00a0Minute\" \/>\n<script type=\"application\/ld+json\" class=\"yoast-schema-graph\">{\"@context\":\"https:\\\/\\\/schema.org\",\"@graph\":[{\"@type\":\"WebPage\",\"@id\":\"https:\\\/\\\/ses-creative.com\\\/de\\\/produkt\\\/seifenblasen-rakete\\\/\",\"url\":\"https:\\\/\\\/ses-creative.com\\\/de\\\/produkt\\\/seifenblasen-rakete\\\/\",\"name\":\"Seifenblasen Rakete - SES Creative\",\"isPartOf\":{\"@id\":\"https:\\\/\\\/ses-creative.com\\\/#website\"},\"primaryImageOfPage\":{\"@id\":\"https:\\\/\\\/ses-creative.com\\\/de\\\/produkt\\\/seifenblasen-rakete\\\/#primaryimage\"},\"image\":{\"@id\":\"https:\\\/\\\/ses-creative.com\\\/de\\\/produkt\\\/seifenblasen-rakete\\\/#primaryimage\"},\"thumbnailUrl\":\"https:\\\/\\\/ses-creative.com\\\/wp-content\\\/uploads\\\/2026\\\/01\\\/022601.jpg\",\"datePublished\":\"2026-02-05T13:52:17+00:00\",\"dateModified\":\"2026-02-06T09:51:21+00:00\",\"breadcrumb\":{\"@id\":\"https:\\\/\\\/ses-creative.com\\\/de\\\/produkt\\\/seifenblasen-rakete\\\/#breadcrumb\"},\"inLanguage\":\"de\",\"potentialAction\":[{\"@type\":\"ReadAction\",\"target\":[\"https:\\\/\\\/ses-creative.com\\\/de\\\/produkt\\\/seifenblasen-rakete\\\/\"]}]},{\"@type\":\"ImageObject\",\"inLanguage\":\"de\",\"@id\":\"https:\\\/\\\/ses-creative.com\\\/de\\\/produkt\\\/seifenblasen-rakete\\\/#primaryimage\",\"url\":\"https:\\\/\\\/ses-creative.com\\\/wp-content\\\/uploads\\\/2026\\\/01\\\/022601.jpg\",\"contentUrl\":\"https:\\\/\\\/ses-creative.com\\\/wp-content\\\/uploads\\\/2026\\\/01\\\/022601.jpg\",\"width\":1000,\"height\":1000},{\"@type\":\"BreadcrumbList\",\"@id\":\"https:\\\/\\\/ses-creative.com\\\/de\\\/produkt\\\/seifenblasen-rakete\\\/#breadcrumb\",\"itemListElement\":[{\"@type\":\"ListItem\",\"position\":1,\"name\":\"Shop\",\"item\":\"https:\\\/\\\/ses-creative.com\\\/de\\\/shop\\\/\"},{\"@type\":\"ListItem\",\"position\":2,\"name\":\"Drau\u00dfen spielen\",\"item\":\"https:\\\/\\\/ses-creative.com\\\/de\\\/product-categorie\\\/draussen-spielen\\\/\"},{\"@type\":\"ListItem\",\"position\":3,\"name\":\"Seifenblasen Rakete\"}]},{\"@type\":\"WebSite\",\"@id\":\"https:\\\/\\\/ses-creative.com\\\/#website\",\"url\":\"https:\\\/\\\/ses-creative.com\\\/\",\"name\":\"SES Creative\",\"description\":\"\",\"publisher\":{\"@id\":\"https:\\\/\\\/ses-creative.com\\\/#organization\"},\"potentialAction\":[{\"@type\":\"SearchAction\",\"target\":{\"@type\":\"EntryPoint\",\"urlTemplate\":\"https:\\\/\\\/ses-creative.com\\\/?s={search_term_string}\"},\"query-input\":{\"@type\":\"PropertyValueSpecification\",\"valueRequired\":true,\"valueName\":\"search_term_string\"}}],\"inLanguage\":\"de\"},{\"@type\":\"Organization\",\"@id\":\"https:\\\/\\\/ses-creative.com\\\/#organization\",\"name\":\"SES Creative\",\"url\":\"https:\\\/\\\/ses-creative.com\\\/\",\"logo\":{\"@type\":\"ImageObject\",\"inLanguage\":\"de\",\"@id\":\"https:\\\/\\\/ses-creative.com\\\/#\\\/schema\\\/logo\\\/image\\\/\",\"url\":\"https:\\\/\\\/ses-creative.com\\\/wp-content\\\/uploads\\\/2025\\\/10\\\/ses-creative-logo.jpg\",\"contentUrl\":\"https:\\\/\\\/ses-creative.com\\\/wp-content\\\/uploads\\\/2025\\\/10\\\/ses-creative-logo.jpg\",\"width\":2037,\"height\":2037,\"caption\":\"SES Creative\"},\"image\":{\"@id\":\"https:\\\/\\\/ses-creative.com\\\/#\\\/schema\\\/logo\\\/image\\\/\"}}]}<\/script>\n<!-- \/ Yoast SEO plugin. -->","yoast_head_json":{"title":"Seifenblasen Rakete - SES Creative","robots":{"index":"index","follow":"follow","max-snippet":"max-snippet:-1","max-image-preview":"max-image-preview:large","max-video-preview":"max-video-preview:-1"},"canonical":"https:\/\/ses-creative.com\/de\/produkt\/seifenblasen-rakete\/","og_locale":"de_DE","og_type":"article","og_title":"Seifenblasen Rakete - SES Creative","og_description":"Lass deine Bubble Raket in die Luft schie\u00dfen! Werde Astronaut und starte deine eigene Rakete mit der Bubble Rakete von SES Creative! Baue die Rakete selbst zusammen, verziere sie mit Astronauten-Aufklebern und mach dich bereit f\u00fcr den Start. Wirf die Rakete und bewundere die Seifenschaisspur, die sie hinterl\u00e4sst. Dank der superstarken Seifenblasenfl\u00fcssigkeit von SES Creative [&hellip;]","og_url":"https:\/\/ses-creative.com\/de\/produkt\/seifenblasen-rakete\/","og_site_name":"SES Creative","article_modified_time":"2026-02-06T09:51:21+00:00","twitter_card":"summary_large_image","twitter_misc":{"Gesch\u00e4tzte Lesezeit":"1\u00a0Minute"},"schema":{"@context":"https:\/\/schema.org","@graph":[{"@type":"WebPage","@id":"https:\/\/ses-creative.com\/de\/produkt\/seifenblasen-rakete\/","url":"https:\/\/ses-creative.com\/de\/produkt\/seifenblasen-rakete\/","name":"Seifenblasen Rakete - SES Creative","isPartOf":{"@id":"https:\/\/ses-creative.com\/#website"},"primaryImageOfPage":{"@id":"https:\/\/ses-creative.com\/de\/produkt\/seifenblasen-rakete\/#primaryimage"},"image":{"@id":"https:\/\/ses-creative.com\/de\/produkt\/seifenblasen-rakete\/#primaryimage"},"thumbnailUrl":"https:\/\/ses-creative.com\/wp-content\/uploads\/2026\/01\/022601.jpg","datePublished":"2026-02-05T13:52:17+00:00","dateModified":"2026-02-06T09:51:21+00:00","breadcrumb":{"@id":"https:\/\/ses-creative.com\/de\/produkt\/seifenblasen-rakete\/#breadcrumb"},"inLanguage":"de","potentialAction":[{"@type":"ReadAction","target":["https:\/\/ses-creative.com\/de\/produkt\/seifenblasen-rakete\/"]}]},{"@type":"ImageObject","inLanguage":"de","@id":"https:\/\/ses-creative.com\/de\/produkt\/seifenblasen-rakete\/#primaryimage","url":"https:\/\/ses-creative.com\/wp-content\/uploads\/2026\/01\/022601.jpg","contentUrl":"https:\/\/ses-creative.com\/wp-content\/uploads\/2026\/01\/022601.jpg","width":1000,"height":1000},{"@type":"BreadcrumbList","@id":"https:\/\/ses-creative.com\/de\/produkt\/seifenblasen-rakete\/#breadcrumb","itemListElement":[{"@type":"ListItem","position":1,"name":"Shop","item":"https:\/\/ses-creative.com\/de\/shop\/"},{"@type":"ListItem","position":2,"name":"Drau\u00dfen spielen","item":"https:\/\/ses-creative.com\/de\/product-categorie\/draussen-spielen\/"},{"@type":"ListItem","position":3,"name":"Seifenblasen Rakete"}]},{"@type":"WebSite","@id":"https:\/\/ses-creative.com\/#website","url":"https:\/\/ses-creative.com\/","name":"SES Creative","description":"","publisher":{"@id":"https:\/\/ses-creative.com\/#organization"},"potentialAction":[{"@type":"SearchAction","target":{"@type":"EntryPoint","urlTemplate":"https:\/\/ses-creative.com\/?s={search_term_string}"},"query-input":{"@type":"PropertyValueSpecification","valueRequired":true,"valueName":"search_term_string"}}],"inLanguage":"de"},{"@type":"Organization","@id":"https:\/\/ses-creative.com\/#organization","name":"SES Creative","url":"https:\/\/ses-creative.com\/","logo":{"@type":"ImageObject","inLanguage":"de","@id":"https:\/\/ses-creative.com\/#\/schema\/logo\/image\/","url":"https:\/\/ses-creative.com\/wp-content\/uploads\/2025\/10\/ses-creative-logo.jpg","contentUrl":"https:\/\/ses-creative.com\/wp-content\/uploads\/2025\/10\/ses-creative-logo.jpg","width":2037,"height":2037,"caption":"SES Creative"},"image":{"@id":"https:\/\/ses-creative.com\/#\/schema\/logo\/image\/"}}]}},"_links":{"self":[{"href":"https:\/\/ses-creative.com\/de\/wp-json\/wp\/v2\/product\/114489","targetHints":{"allow":["GET"]}}],"collection":[{"href":"https:\/\/ses-creative.com\/de\/wp-json\/wp\/v2\/product"}],"about":[{"href":"https:\/\/ses-creative.com\/de\/wp-json\/wp\/v2\/types\/product"}],"replies":[{"embeddable":true,"href":"https:\/\/ses-creative.com\/de\/wp-json\/wp\/v2\/comments?post=114489"}],"wp:featuredmedia":[{"embeddable":true,"href":"https:\/\/ses-creative.com\/de\/wp-json\/wp\/v2\/media\/99188"}],"wp:attachment":[{"href":"https:\/\/ses-creative.com\/de\/wp-json\/wp\/v2\/media?parent=114489"}],"wp:term":[{"taxonomy":"product_brand","embeddable":true,"href":"https:\/\/ses-creative.com\/de\/wp-json\/wp\/v2\/product_brand?post=114489"},{"taxonomy":"product_cat","embeddable":true,"href":"https:\/\/ses-creative.com\/de\/wp-json\/wp\/v2\/product_cat?post=114489"},{"taxonomy":"product_tag","embeddable":true,"href":"https:\/\/ses-creative.com\/de\/wp-json\/wp\/v2\/product_tag?post=114489"}],"curies":[{"name":"wp","href":"https:\/\/api.w.org\/{rel}","templated":true}]}}