











{"id":114488,"date":"2026-02-05T13:52:17","date_gmt":"2026-02-05T13:52:17","guid":{"rendered":"https:\/\/ses-creative.com\/?post_type=product&#038;p=114488"},"modified":"2026-02-06T09:51:21","modified_gmt":"2026-02-06T09:51:21","slug":"mega-bubbles-nachfuellset-2000ml","status":"publish","type":"product","link":"https:\/\/ses-creative.com\/de\/produkt\/mega-bubbles-nachfuellset-2000ml\/","title":{"rendered":"Mega bubbles &#8211; Nachf\u00fcllset 2000ml"},"content":{"rendered":"<p>Die SES Creative Mega Bubbles Nachf\u00fcllung enth\u00e4lt 2000 ml extra starke Seifenblasenl\u00f6sung f\u00fcr langanhaltenden Spielspa\u00df im Freien. Sie erzeugt gro\u00dfe Mengen oder besonders gro\u00dfe Blasen und ist mit der gesamten SES-Produktreihe kompatibel: Blasger\u00e4te, St\u00e4be, Maschinen. Die spezielle Formel sorgt f\u00fcr besonders robuste Blasen \u2013 perfekt f\u00fcr Spiele mit Freunden oder Feiern. Mit praktischem Griff und gro\u00dfem Verschluss f\u00fcr einfaches Nachf\u00fcllen. Diese Nachf\u00fcllflasche bietet ein g\u00fcnstiges Gro\u00dfformat f\u00fcr Familien und eignet sich f\u00fcr Kinder ab 5 Jahren. Perfekt f\u00fcr Garten, Park oder Geburtstagsfeiern \u2013 eine langlebige Alternative zu kleinen Fl\u00e4schchen.<\/p>\n","protected":false},"excerpt":{"rendered":"<p>Die SES Creative Mega Bubbles Nachf\u00fcllung enth\u00e4lt 2000 ml extra starke Seifenblasenl\u00f6sung f\u00fcr langanhaltenden Spielspa\u00df im Freien. Sie erzeugt gro\u00dfe Mengen oder besonders gro\u00dfe Blasen und ist mit der gesamten SES-Produktreihe kompatibel: Blasger\u00e4te, St\u00e4be, Maschinen. Die spezielle Formel sorgt f\u00fcr besonders robuste Blasen \u2013 perfekt f\u00fcr Spiele mit Freunden oder Feiern. Mit praktischem Griff und [&hellip;]<\/p>\n","protected":false},"featured_media":99168,"comment_status":"closed","ping_status":"closed","template":"","meta":{"_acf_changed":false},"product_brand":[],"product_cat":[119],"product_tag":[],"class_list":{"0":"post-114488","1":"product","2":"type-product","3":"status-publish","4":"has-post-thumbnail","6":"product_cat-draussen-spielen","7":"pa_collecties-mega-bubbles","8":"pa_leeftijd-filter-4-6-jahre","9":"pa_meest-populair-bij-jungen-maedchen","11":"first","12":"instock","13":"shipping-taxable","14":"product-type-simple"},"acf":[],"yoast_head":"<!-- This site is optimized with the Yoast SEO plugin v27.4 - https:\/\/yoast.com\/product\/yoast-seo-wordpress\/ -->\n<title>Mega bubbles - Nachf\u00fcllset 2000ml - SES Creative<\/title>\n<meta name=\"robots\" content=\"index, follow, max-snippet:-1, max-image-preview:large, max-video-preview:-1\" \/>\n<link rel=\"canonical\" href=\"https:\/\/ses-creative.com\/de\/produkt\/mega-bubbles-nachfuellset-2000ml\/\" \/>\n<meta property=\"og:locale\" content=\"de_DE\" \/>\n<meta property=\"og:type\" content=\"article\" \/>\n<meta property=\"og:title\" content=\"Mega bubbles - Nachf\u00fcllset 2000ml - SES Creative\" \/>\n<meta property=\"og:description\" content=\"Die SES Creative Mega Bubbles Nachf\u00fcllung enth\u00e4lt 2000 ml extra starke Seifenblasenl\u00f6sung f\u00fcr langanhaltenden Spielspa\u00df im Freien. Sie erzeugt gro\u00dfe Mengen oder besonders gro\u00dfe Blasen und ist mit der gesamten SES-Produktreihe kompatibel: Blasger\u00e4te, St\u00e4be, Maschinen. Die spezielle Formel sorgt f\u00fcr besonders robuste Blasen \u2013 perfekt f\u00fcr Spiele mit Freunden oder Feiern. Mit praktischem Griff und [&hellip;]\" \/>\n<meta property=\"og:url\" content=\"https:\/\/ses-creative.com\/de\/produkt\/mega-bubbles-nachfuellset-2000ml\/\" \/>\n<meta property=\"og:site_name\" content=\"SES Creative\" \/>\n<meta property=\"article:modified_time\" content=\"2026-02-06T09:51:21+00:00\" \/>\n<meta name=\"twitter:card\" content=\"summary_large_image\" \/>\n<meta name=\"twitter:label1\" content=\"Gesch\u00e4tzte Lesezeit\" \/>\n\t<meta name=\"twitter:data1\" content=\"1\u00a0Minute\" \/>\n<script type=\"application\/ld+json\" class=\"yoast-schema-graph\">{\"@context\":\"https:\\\/\\\/schema.org\",\"@graph\":[{\"@type\":\"WebPage\",\"@id\":\"https:\\\/\\\/ses-creative.com\\\/de\\\/produkt\\\/mega-bubbles-nachfuellset-2000ml\\\/\",\"url\":\"https:\\\/\\\/ses-creative.com\\\/de\\\/produkt\\\/mega-bubbles-nachfuellset-2000ml\\\/\",\"name\":\"Mega bubbles - Nachf\u00fcllset 2000ml - SES Creative\",\"isPartOf\":{\"@id\":\"https:\\\/\\\/ses-creative.com\\\/#website\"},\"primaryImageOfPage\":{\"@id\":\"https:\\\/\\\/ses-creative.com\\\/de\\\/produkt\\\/mega-bubbles-nachfuellset-2000ml\\\/#primaryimage\"},\"image\":{\"@id\":\"https:\\\/\\\/ses-creative.com\\\/de\\\/produkt\\\/mega-bubbles-nachfuellset-2000ml\\\/#primaryimage\"},\"thumbnailUrl\":\"https:\\\/\\\/ses-creative.com\\\/wp-content\\\/uploads\\\/2026\\\/01\\\/022581.jpg\",\"datePublished\":\"2026-02-05T13:52:17+00:00\",\"dateModified\":\"2026-02-06T09:51:21+00:00\",\"breadcrumb\":{\"@id\":\"https:\\\/\\\/ses-creative.com\\\/de\\\/produkt\\\/mega-bubbles-nachfuellset-2000ml\\\/#breadcrumb\"},\"inLanguage\":\"de\",\"potentialAction\":[{\"@type\":\"ReadAction\",\"target\":[\"https:\\\/\\\/ses-creative.com\\\/de\\\/produkt\\\/mega-bubbles-nachfuellset-2000ml\\\/\"]}]},{\"@type\":\"ImageObject\",\"inLanguage\":\"de\",\"@id\":\"https:\\\/\\\/ses-creative.com\\\/de\\\/produkt\\\/mega-bubbles-nachfuellset-2000ml\\\/#primaryimage\",\"url\":\"https:\\\/\\\/ses-creative.com\\\/wp-content\\\/uploads\\\/2026\\\/01\\\/022581.jpg\",\"contentUrl\":\"https:\\\/\\\/ses-creative.com\\\/wp-content\\\/uploads\\\/2026\\\/01\\\/022581.jpg\",\"width\":1000,\"height\":1000},{\"@type\":\"BreadcrumbList\",\"@id\":\"https:\\\/\\\/ses-creative.com\\\/de\\\/produkt\\\/mega-bubbles-nachfuellset-2000ml\\\/#breadcrumb\",\"itemListElement\":[{\"@type\":\"ListItem\",\"position\":1,\"name\":\"Shop\",\"item\":\"https:\\\/\\\/ses-creative.com\\\/de\\\/shop\\\/\"},{\"@type\":\"ListItem\",\"position\":2,\"name\":\"Drau\u00dfen spielen\",\"item\":\"https:\\\/\\\/ses-creative.com\\\/de\\\/product-categorie\\\/draussen-spielen\\\/\"},{\"@type\":\"ListItem\",\"position\":3,\"name\":\"Mega bubbles &#8211; Nachf\u00fcllset 2000ml\"}]},{\"@type\":\"WebSite\",\"@id\":\"https:\\\/\\\/ses-creative.com\\\/#website\",\"url\":\"https:\\\/\\\/ses-creative.com\\\/\",\"name\":\"SES Creative\",\"description\":\"\",\"publisher\":{\"@id\":\"https:\\\/\\\/ses-creative.com\\\/#organization\"},\"potentialAction\":[{\"@type\":\"SearchAction\",\"target\":{\"@type\":\"EntryPoint\",\"urlTemplate\":\"https:\\\/\\\/ses-creative.com\\\/?s={search_term_string}\"},\"query-input\":{\"@type\":\"PropertyValueSpecification\",\"valueRequired\":true,\"valueName\":\"search_term_string\"}}],\"inLanguage\":\"de\"},{\"@type\":\"Organization\",\"@id\":\"https:\\\/\\\/ses-creative.com\\\/#organization\",\"name\":\"SES Creative\",\"url\":\"https:\\\/\\\/ses-creative.com\\\/\",\"logo\":{\"@type\":\"ImageObject\",\"inLanguage\":\"de\",\"@id\":\"https:\\\/\\\/ses-creative.com\\\/#\\\/schema\\\/logo\\\/image\\\/\",\"url\":\"https:\\\/\\\/ses-creative.com\\\/wp-content\\\/uploads\\\/2025\\\/10\\\/ses-creative-logo.jpg\",\"contentUrl\":\"https:\\\/\\\/ses-creative.com\\\/wp-content\\\/uploads\\\/2025\\\/10\\\/ses-creative-logo.jpg\",\"width\":2037,\"height\":2037,\"caption\":\"SES Creative\"},\"image\":{\"@id\":\"https:\\\/\\\/ses-creative.com\\\/#\\\/schema\\\/logo\\\/image\\\/\"}}]}<\/script>\n<!-- \/ Yoast SEO plugin. -->","yoast_head_json":{"title":"Mega bubbles - Nachf\u00fcllset 2000ml - SES Creative","robots":{"index":"index","follow":"follow","max-snippet":"max-snippet:-1","max-image-preview":"max-image-preview:large","max-video-preview":"max-video-preview:-1"},"canonical":"https:\/\/ses-creative.com\/de\/produkt\/mega-bubbles-nachfuellset-2000ml\/","og_locale":"de_DE","og_type":"article","og_title":"Mega bubbles - Nachf\u00fcllset 2000ml - SES Creative","og_description":"Die SES Creative Mega Bubbles Nachf\u00fcllung enth\u00e4lt 2000 ml extra starke Seifenblasenl\u00f6sung f\u00fcr langanhaltenden Spielspa\u00df im Freien. Sie erzeugt gro\u00dfe Mengen oder besonders gro\u00dfe Blasen und ist mit der gesamten SES-Produktreihe kompatibel: Blasger\u00e4te, St\u00e4be, Maschinen. Die spezielle Formel sorgt f\u00fcr besonders robuste Blasen \u2013 perfekt f\u00fcr Spiele mit Freunden oder Feiern. Mit praktischem Griff und [&hellip;]","og_url":"https:\/\/ses-creative.com\/de\/produkt\/mega-bubbles-nachfuellset-2000ml\/","og_site_name":"SES Creative","article_modified_time":"2026-02-06T09:51:21+00:00","twitter_card":"summary_large_image","twitter_misc":{"Gesch\u00e4tzte Lesezeit":"1\u00a0Minute"},"schema":{"@context":"https:\/\/schema.org","@graph":[{"@type":"WebPage","@id":"https:\/\/ses-creative.com\/de\/produkt\/mega-bubbles-nachfuellset-2000ml\/","url":"https:\/\/ses-creative.com\/de\/produkt\/mega-bubbles-nachfuellset-2000ml\/","name":"Mega bubbles - Nachf\u00fcllset 2000ml - SES Creative","isPartOf":{"@id":"https:\/\/ses-creative.com\/#website"},"primaryImageOfPage":{"@id":"https:\/\/ses-creative.com\/de\/produkt\/mega-bubbles-nachfuellset-2000ml\/#primaryimage"},"image":{"@id":"https:\/\/ses-creative.com\/de\/produkt\/mega-bubbles-nachfuellset-2000ml\/#primaryimage"},"thumbnailUrl":"https:\/\/ses-creative.com\/wp-content\/uploads\/2026\/01\/022581.jpg","datePublished":"2026-02-05T13:52:17+00:00","dateModified":"2026-02-06T09:51:21+00:00","breadcrumb":{"@id":"https:\/\/ses-creative.com\/de\/produkt\/mega-bubbles-nachfuellset-2000ml\/#breadcrumb"},"inLanguage":"de","potentialAction":[{"@type":"ReadAction","target":["https:\/\/ses-creative.com\/de\/produkt\/mega-bubbles-nachfuellset-2000ml\/"]}]},{"@type":"ImageObject","inLanguage":"de","@id":"https:\/\/ses-creative.com\/de\/produkt\/mega-bubbles-nachfuellset-2000ml\/#primaryimage","url":"https:\/\/ses-creative.com\/wp-content\/uploads\/2026\/01\/022581.jpg","contentUrl":"https:\/\/ses-creative.com\/wp-content\/uploads\/2026\/01\/022581.jpg","width":1000,"height":1000},{"@type":"BreadcrumbList","@id":"https:\/\/ses-creative.com\/de\/produkt\/mega-bubbles-nachfuellset-2000ml\/#breadcrumb","itemListElement":[{"@type":"ListItem","position":1,"name":"Shop","item":"https:\/\/ses-creative.com\/de\/shop\/"},{"@type":"ListItem","position":2,"name":"Drau\u00dfen spielen","item":"https:\/\/ses-creative.com\/de\/product-categorie\/draussen-spielen\/"},{"@type":"ListItem","position":3,"name":"Mega bubbles &#8211; Nachf\u00fcllset 2000ml"}]},{"@type":"WebSite","@id":"https:\/\/ses-creative.com\/#website","url":"https:\/\/ses-creative.com\/","name":"SES Creative","description":"","publisher":{"@id":"https:\/\/ses-creative.com\/#organization"},"potentialAction":[{"@type":"SearchAction","target":{"@type":"EntryPoint","urlTemplate":"https:\/\/ses-creative.com\/?s={search_term_string}"},"query-input":{"@type":"PropertyValueSpecification","valueRequired":true,"valueName":"search_term_string"}}],"inLanguage":"de"},{"@type":"Organization","@id":"https:\/\/ses-creative.com\/#organization","name":"SES Creative","url":"https:\/\/ses-creative.com\/","logo":{"@type":"ImageObject","inLanguage":"de","@id":"https:\/\/ses-creative.com\/#\/schema\/logo\/image\/","url":"https:\/\/ses-creative.com\/wp-content\/uploads\/2025\/10\/ses-creative-logo.jpg","contentUrl":"https:\/\/ses-creative.com\/wp-content\/uploads\/2025\/10\/ses-creative-logo.jpg","width":2037,"height":2037,"caption":"SES Creative"},"image":{"@id":"https:\/\/ses-creative.com\/#\/schema\/logo\/image\/"}}]}},"_links":{"self":[{"href":"https:\/\/ses-creative.com\/de\/wp-json\/wp\/v2\/product\/114488","targetHints":{"allow":["GET"]}}],"collection":[{"href":"https:\/\/ses-creative.com\/de\/wp-json\/wp\/v2\/product"}],"about":[{"href":"https:\/\/ses-creative.com\/de\/wp-json\/wp\/v2\/types\/product"}],"replies":[{"embeddable":true,"href":"https:\/\/ses-creative.com\/de\/wp-json\/wp\/v2\/comments?post=114488"}],"wp:featuredmedia":[{"embeddable":true,"href":"https:\/\/ses-creative.com\/de\/wp-json\/wp\/v2\/media\/99168"}],"wp:attachment":[{"href":"https:\/\/ses-creative.com\/de\/wp-json\/wp\/v2\/media?parent=114488"}],"wp:term":[{"taxonomy":"product_brand","embeddable":true,"href":"https:\/\/ses-creative.com\/de\/wp-json\/wp\/v2\/product_brand?post=114488"},{"taxonomy":"product_cat","embeddable":true,"href":"https:\/\/ses-creative.com\/de\/wp-json\/wp\/v2\/product_cat?post=114488"},{"taxonomy":"product_tag","embeddable":true,"href":"https:\/\/ses-creative.com\/de\/wp-json\/wp\/v2\/product_tag?post=114488"}],"curies":[{"name":"wp","href":"https:\/\/api.w.org\/{rel}","templated":true}]}}