











{"id":114487,"date":"2026-02-05T13:52:17","date_gmt":"2026-02-05T13:52:17","guid":{"rendered":"https:\/\/ses-creative.com\/?post_type=product&#038;p=114487"},"modified":"2026-02-06T09:51:21","modified_gmt":"2026-02-06T09:51:21","slug":"stelle-dich-in-eine-riesenblase","status":"publish","type":"product","link":"https:\/\/ses-creative.com\/de\/produkt\/stelle-dich-in-eine-riesenblase\/","title":{"rendered":"Stelle dich in eine Riesenblase"},"content":{"rendered":"<p>Mit diesem originellen Set k\u00f6nnen Kinder eine Riesenseifenblase um sich herum erschaffen \u2013 dank einer speziellen Seifenl\u00f6sung und einem \u00fcbergro\u00dfen Ring. Die Aktivit\u00e4t besteht darin, sich in ein mit Seifenl\u00f6sung gef\u00fclltes aufblasbares Becken zu stellen und den Ring, der aus acht Teilen zusammengesetzt ist, langsam nach oben zu ziehen, um eine vertikale Blase zu formen. Die enthaltene 750-ml-L\u00f6sung wurde speziell entwickelt, um stabile und gro\u00dfe Blasen zu erzeugen. Dieses sensorische Spiel f\u00f6rdert Experimentierfreude, Koordination und Bewegungssteuerung. Es funktioniert ohne Batterien und ist ideal f\u00fcr den Einsatz im Freien an sch\u00f6nen Tagen. Alle Komponenten sind wiederverwendbar, waschbar und sicher f\u00fcr Kinder ab 5 Jahren. Hergestellt in den Niederlanden von SES Creative, erf\u00fcllt dieses Spielzeug strenge Sicherheitsstandards. Dank robuster, waschbarer Elemente kann das Set mehrfach und in verschiedenen Umgebungen verwendet werden \u2013 perfekt f\u00fcr Geburtstagsfeiern, Outdoor-Aktivit\u00e4ten oder Gruppenspiele. Es verwandelt jede Gelegenheit in ein visuelles Erlebnis der besonderen Art.<\/p>\n","protected":false},"excerpt":{"rendered":"<p>Mit diesem originellen Set k\u00f6nnen Kinder eine Riesenseifenblase um sich herum erschaffen \u2013 dank einer speziellen Seifenl\u00f6sung und einem \u00fcbergro\u00dfen Ring. Die Aktivit\u00e4t besteht darin, sich in ein mit Seifenl\u00f6sung gef\u00fclltes aufblasbares Becken zu stellen und den Ring, der aus acht Teilen zusammengesetzt ist, langsam nach oben zu ziehen, um eine vertikale Blase zu formen. [&hellip;]<\/p>\n","protected":false},"featured_media":99148,"comment_status":"closed","ping_status":"closed","template":"","meta":{"_acf_changed":false},"product_brand":[],"product_cat":[119],"product_tag":[],"class_list":{"0":"post-114487","1":"product","2":"type-product","3":"status-publish","4":"has-post-thumbnail","6":"product_cat-draussen-spielen","7":"pa_leeftijd-filter-4-6-jahre","8":"pa_meest-populair-bij-jungen-maedchen","10":"first","11":"instock","12":"shipping-taxable","13":"product-type-simple"},"acf":[],"yoast_head":"<!-- This site is optimized with the Yoast SEO plugin v27.4 - https:\/\/yoast.com\/product\/yoast-seo-wordpress\/ -->\n<title>Stelle dich in eine Riesenblase - SES Creative<\/title>\n<meta name=\"robots\" content=\"index, follow, max-snippet:-1, max-image-preview:large, max-video-preview:-1\" \/>\n<link rel=\"canonical\" href=\"https:\/\/ses-creative.com\/de\/produkt\/stelle-dich-in-eine-riesenblase\/\" \/>\n<meta property=\"og:locale\" content=\"de_DE\" \/>\n<meta property=\"og:type\" content=\"article\" \/>\n<meta property=\"og:title\" content=\"Stelle dich in eine Riesenblase - SES Creative\" \/>\n<meta property=\"og:description\" content=\"Mit diesem originellen Set k\u00f6nnen Kinder eine Riesenseifenblase um sich herum erschaffen \u2013 dank einer speziellen Seifenl\u00f6sung und einem \u00fcbergro\u00dfen Ring. Die Aktivit\u00e4t besteht darin, sich in ein mit Seifenl\u00f6sung gef\u00fclltes aufblasbares Becken zu stellen und den Ring, der aus acht Teilen zusammengesetzt ist, langsam nach oben zu ziehen, um eine vertikale Blase zu formen. [&hellip;]\" \/>\n<meta property=\"og:url\" content=\"https:\/\/ses-creative.com\/de\/produkt\/stelle-dich-in-eine-riesenblase\/\" \/>\n<meta property=\"og:site_name\" content=\"SES Creative\" \/>\n<meta property=\"article:modified_time\" content=\"2026-02-06T09:51:21+00:00\" \/>\n<meta name=\"twitter:card\" content=\"summary_large_image\" \/>\n<meta name=\"twitter:label1\" content=\"Gesch\u00e4tzte Lesezeit\" \/>\n\t<meta name=\"twitter:data1\" content=\"1\u00a0Minute\" \/>\n<script type=\"application\/ld+json\" class=\"yoast-schema-graph\">{\"@context\":\"https:\\\/\\\/schema.org\",\"@graph\":[{\"@type\":\"WebPage\",\"@id\":\"https:\\\/\\\/ses-creative.com\\\/de\\\/produkt\\\/stelle-dich-in-eine-riesenblase\\\/\",\"url\":\"https:\\\/\\\/ses-creative.com\\\/de\\\/produkt\\\/stelle-dich-in-eine-riesenblase\\\/\",\"name\":\"Stelle dich in eine Riesenblase - SES Creative\",\"isPartOf\":{\"@id\":\"https:\\\/\\\/ses-creative.com\\\/#website\"},\"primaryImageOfPage\":{\"@id\":\"https:\\\/\\\/ses-creative.com\\\/de\\\/produkt\\\/stelle-dich-in-eine-riesenblase\\\/#primaryimage\"},\"image\":{\"@id\":\"https:\\\/\\\/ses-creative.com\\\/de\\\/produkt\\\/stelle-dich-in-eine-riesenblase\\\/#primaryimage\"},\"thumbnailUrl\":\"https:\\\/\\\/ses-creative.com\\\/wp-content\\\/uploads\\\/2026\\\/01\\\/022571.jpg\",\"datePublished\":\"2026-02-05T13:52:17+00:00\",\"dateModified\":\"2026-02-06T09:51:21+00:00\",\"breadcrumb\":{\"@id\":\"https:\\\/\\\/ses-creative.com\\\/de\\\/produkt\\\/stelle-dich-in-eine-riesenblase\\\/#breadcrumb\"},\"inLanguage\":\"de\",\"potentialAction\":[{\"@type\":\"ReadAction\",\"target\":[\"https:\\\/\\\/ses-creative.com\\\/de\\\/produkt\\\/stelle-dich-in-eine-riesenblase\\\/\"]}]},{\"@type\":\"ImageObject\",\"inLanguage\":\"de\",\"@id\":\"https:\\\/\\\/ses-creative.com\\\/de\\\/produkt\\\/stelle-dich-in-eine-riesenblase\\\/#primaryimage\",\"url\":\"https:\\\/\\\/ses-creative.com\\\/wp-content\\\/uploads\\\/2026\\\/01\\\/022571.jpg\",\"contentUrl\":\"https:\\\/\\\/ses-creative.com\\\/wp-content\\\/uploads\\\/2026\\\/01\\\/022571.jpg\",\"width\":1000,\"height\":1000},{\"@type\":\"BreadcrumbList\",\"@id\":\"https:\\\/\\\/ses-creative.com\\\/de\\\/produkt\\\/stelle-dich-in-eine-riesenblase\\\/#breadcrumb\",\"itemListElement\":[{\"@type\":\"ListItem\",\"position\":1,\"name\":\"Shop\",\"item\":\"https:\\\/\\\/ses-creative.com\\\/de\\\/shop\\\/\"},{\"@type\":\"ListItem\",\"position\":2,\"name\":\"Drau\u00dfen spielen\",\"item\":\"https:\\\/\\\/ses-creative.com\\\/de\\\/product-categorie\\\/draussen-spielen\\\/\"},{\"@type\":\"ListItem\",\"position\":3,\"name\":\"Stelle dich in eine Riesenblase\"}]},{\"@type\":\"WebSite\",\"@id\":\"https:\\\/\\\/ses-creative.com\\\/#website\",\"url\":\"https:\\\/\\\/ses-creative.com\\\/\",\"name\":\"SES Creative\",\"description\":\"\",\"publisher\":{\"@id\":\"https:\\\/\\\/ses-creative.com\\\/#organization\"},\"potentialAction\":[{\"@type\":\"SearchAction\",\"target\":{\"@type\":\"EntryPoint\",\"urlTemplate\":\"https:\\\/\\\/ses-creative.com\\\/?s={search_term_string}\"},\"query-input\":{\"@type\":\"PropertyValueSpecification\",\"valueRequired\":true,\"valueName\":\"search_term_string\"}}],\"inLanguage\":\"de\"},{\"@type\":\"Organization\",\"@id\":\"https:\\\/\\\/ses-creative.com\\\/#organization\",\"name\":\"SES Creative\",\"url\":\"https:\\\/\\\/ses-creative.com\\\/\",\"logo\":{\"@type\":\"ImageObject\",\"inLanguage\":\"de\",\"@id\":\"https:\\\/\\\/ses-creative.com\\\/#\\\/schema\\\/logo\\\/image\\\/\",\"url\":\"https:\\\/\\\/ses-creative.com\\\/wp-content\\\/uploads\\\/2025\\\/10\\\/ses-creative-logo.jpg\",\"contentUrl\":\"https:\\\/\\\/ses-creative.com\\\/wp-content\\\/uploads\\\/2025\\\/10\\\/ses-creative-logo.jpg\",\"width\":2037,\"height\":2037,\"caption\":\"SES Creative\"},\"image\":{\"@id\":\"https:\\\/\\\/ses-creative.com\\\/#\\\/schema\\\/logo\\\/image\\\/\"}}]}<\/script>\n<!-- \/ Yoast SEO plugin. -->","yoast_head_json":{"title":"Stelle dich in eine Riesenblase - SES Creative","robots":{"index":"index","follow":"follow","max-snippet":"max-snippet:-1","max-image-preview":"max-image-preview:large","max-video-preview":"max-video-preview:-1"},"canonical":"https:\/\/ses-creative.com\/de\/produkt\/stelle-dich-in-eine-riesenblase\/","og_locale":"de_DE","og_type":"article","og_title":"Stelle dich in eine Riesenblase - SES Creative","og_description":"Mit diesem originellen Set k\u00f6nnen Kinder eine Riesenseifenblase um sich herum erschaffen \u2013 dank einer speziellen Seifenl\u00f6sung und einem \u00fcbergro\u00dfen Ring. Die Aktivit\u00e4t besteht darin, sich in ein mit Seifenl\u00f6sung gef\u00fclltes aufblasbares Becken zu stellen und den Ring, der aus acht Teilen zusammengesetzt ist, langsam nach oben zu ziehen, um eine vertikale Blase zu formen. [&hellip;]","og_url":"https:\/\/ses-creative.com\/de\/produkt\/stelle-dich-in-eine-riesenblase\/","og_site_name":"SES Creative","article_modified_time":"2026-02-06T09:51:21+00:00","twitter_card":"summary_large_image","twitter_misc":{"Gesch\u00e4tzte Lesezeit":"1\u00a0Minute"},"schema":{"@context":"https:\/\/schema.org","@graph":[{"@type":"WebPage","@id":"https:\/\/ses-creative.com\/de\/produkt\/stelle-dich-in-eine-riesenblase\/","url":"https:\/\/ses-creative.com\/de\/produkt\/stelle-dich-in-eine-riesenblase\/","name":"Stelle dich in eine Riesenblase - SES Creative","isPartOf":{"@id":"https:\/\/ses-creative.com\/#website"},"primaryImageOfPage":{"@id":"https:\/\/ses-creative.com\/de\/produkt\/stelle-dich-in-eine-riesenblase\/#primaryimage"},"image":{"@id":"https:\/\/ses-creative.com\/de\/produkt\/stelle-dich-in-eine-riesenblase\/#primaryimage"},"thumbnailUrl":"https:\/\/ses-creative.com\/wp-content\/uploads\/2026\/01\/022571.jpg","datePublished":"2026-02-05T13:52:17+00:00","dateModified":"2026-02-06T09:51:21+00:00","breadcrumb":{"@id":"https:\/\/ses-creative.com\/de\/produkt\/stelle-dich-in-eine-riesenblase\/#breadcrumb"},"inLanguage":"de","potentialAction":[{"@type":"ReadAction","target":["https:\/\/ses-creative.com\/de\/produkt\/stelle-dich-in-eine-riesenblase\/"]}]},{"@type":"ImageObject","inLanguage":"de","@id":"https:\/\/ses-creative.com\/de\/produkt\/stelle-dich-in-eine-riesenblase\/#primaryimage","url":"https:\/\/ses-creative.com\/wp-content\/uploads\/2026\/01\/022571.jpg","contentUrl":"https:\/\/ses-creative.com\/wp-content\/uploads\/2026\/01\/022571.jpg","width":1000,"height":1000},{"@type":"BreadcrumbList","@id":"https:\/\/ses-creative.com\/de\/produkt\/stelle-dich-in-eine-riesenblase\/#breadcrumb","itemListElement":[{"@type":"ListItem","position":1,"name":"Shop","item":"https:\/\/ses-creative.com\/de\/shop\/"},{"@type":"ListItem","position":2,"name":"Drau\u00dfen spielen","item":"https:\/\/ses-creative.com\/de\/product-categorie\/draussen-spielen\/"},{"@type":"ListItem","position":3,"name":"Stelle dich in eine Riesenblase"}]},{"@type":"WebSite","@id":"https:\/\/ses-creative.com\/#website","url":"https:\/\/ses-creative.com\/","name":"SES Creative","description":"","publisher":{"@id":"https:\/\/ses-creative.com\/#organization"},"potentialAction":[{"@type":"SearchAction","target":{"@type":"EntryPoint","urlTemplate":"https:\/\/ses-creative.com\/?s={search_term_string}"},"query-input":{"@type":"PropertyValueSpecification","valueRequired":true,"valueName":"search_term_string"}}],"inLanguage":"de"},{"@type":"Organization","@id":"https:\/\/ses-creative.com\/#organization","name":"SES Creative","url":"https:\/\/ses-creative.com\/","logo":{"@type":"ImageObject","inLanguage":"de","@id":"https:\/\/ses-creative.com\/#\/schema\/logo\/image\/","url":"https:\/\/ses-creative.com\/wp-content\/uploads\/2025\/10\/ses-creative-logo.jpg","contentUrl":"https:\/\/ses-creative.com\/wp-content\/uploads\/2025\/10\/ses-creative-logo.jpg","width":2037,"height":2037,"caption":"SES Creative"},"image":{"@id":"https:\/\/ses-creative.com\/#\/schema\/logo\/image\/"}}]}},"_links":{"self":[{"href":"https:\/\/ses-creative.com\/de\/wp-json\/wp\/v2\/product\/114487","targetHints":{"allow":["GET"]}}],"collection":[{"href":"https:\/\/ses-creative.com\/de\/wp-json\/wp\/v2\/product"}],"about":[{"href":"https:\/\/ses-creative.com\/de\/wp-json\/wp\/v2\/types\/product"}],"replies":[{"embeddable":true,"href":"https:\/\/ses-creative.com\/de\/wp-json\/wp\/v2\/comments?post=114487"}],"wp:featuredmedia":[{"embeddable":true,"href":"https:\/\/ses-creative.com\/de\/wp-json\/wp\/v2\/media\/99148"}],"wp:attachment":[{"href":"https:\/\/ses-creative.com\/de\/wp-json\/wp\/v2\/media?parent=114487"}],"wp:term":[{"taxonomy":"product_brand","embeddable":true,"href":"https:\/\/ses-creative.com\/de\/wp-json\/wp\/v2\/product_brand?post=114487"},{"taxonomy":"product_cat","embeddable":true,"href":"https:\/\/ses-creative.com\/de\/wp-json\/wp\/v2\/product_cat?post=114487"},{"taxonomy":"product_tag","embeddable":true,"href":"https:\/\/ses-creative.com\/de\/wp-json\/wp\/v2\/product_tag?post=114487"}],"curies":[{"name":"wp","href":"https:\/\/api.w.org\/{rel}","templated":true}]}}