











{"id":114486,"date":"2026-02-05T13:52:17","date_gmt":"2026-02-05T13:52:17","guid":{"rendered":"https:\/\/ses-creative.com\/?post_type=product&#038;p=114486"},"modified":"2026-02-06T09:51:21","modified_gmt":"2026-02-06T09:51:21","slug":"nachfuellset-riesen-seifenblasen-750ml","status":"publish","type":"product","link":"https:\/\/ses-creative.com\/de\/produkt\/nachfuellset-riesen-seifenblasen-750ml\/","title":{"rendered":"Nachf\u00fcllset Riesen-seifenblasen 750ml"},"content":{"rendered":"<p>Diese **Nachf\u00fcllpackung der SES Creative Fl\u00fcssigseife** wurde speziell entwickelt, um **Riesenblasen** zu erzeugen, die nicht so leicht platzen. Diese superstarke Fl\u00fcssigseife ist mit den **Sets SES Mega Bubbles (02251), SES Mega Bubbles XXL (02252) und SES Standing in a Giant Bubble (02257)** kompatibel und erzeugt **Blasen von bis zu einem Meter Breite**. Sie ist ideal f\u00fcr grenzenloses **Outdoor-Entertainment** und bietet ein faszinierendes, interaktives Spielerlebnis. Mit einer **750-ml-Flasche** garantiert diese Nachf\u00fcllpackung eine **lange Nutzungsdauer**, um den Spa\u00df zu verl\u00e4ngern. Sie ist einfach zu verwenden und kinderfreundlich und eignet sich perfekt f\u00fcr **Geburtstagsfeiern, Spiele im Freien oder Familiennachmittage**. Schenken Sie Ihrem Kind einen magischen Moment mit dieser Riesen-Blasenl\u00f6sung, die sich ideal als **Geschenk f\u00fcr jeden besonderen Anlass** eignet!<\/p>\n","protected":false},"excerpt":{"rendered":"<p>Diese **Nachf\u00fcllpackung der SES Creative Fl\u00fcssigseife** wurde speziell entwickelt, um **Riesenblasen** zu erzeugen, die nicht so leicht platzen. Diese superstarke Fl\u00fcssigseife ist mit den **Sets SES Mega Bubbles (02251), SES Mega Bubbles XXL (02252) und SES Standing in a Giant Bubble (02257)** kompatibel und erzeugt **Blasen von bis zu einem Meter Breite**. Sie ist ideal [&hellip;]<\/p>\n","protected":false},"featured_media":99128,"comment_status":"closed","ping_status":"closed","template":"","meta":{"_acf_changed":false},"product_brand":[],"product_cat":[119],"product_tag":[],"class_list":{"0":"post-114486","1":"product","2":"type-product","3":"status-publish","4":"has-post-thumbnail","6":"product_cat-draussen-spielen","7":"pa_collecties-mega-bubbles","8":"pa_leeftijd-filter-4-6-jahre","9":"pa_meest-populair-bij-jungen-maedchen","11":"first","12":"instock","13":"shipping-taxable","14":"product-type-simple"},"acf":[],"yoast_head":"<!-- This site is optimized with the Yoast SEO plugin v27.4 - https:\/\/yoast.com\/product\/yoast-seo-wordpress\/ -->\n<title>Nachf\u00fcllset Riesen-seifenblasen 750ml - SES Creative<\/title>\n<meta name=\"robots\" content=\"index, follow, max-snippet:-1, max-image-preview:large, max-video-preview:-1\" \/>\n<link rel=\"canonical\" href=\"https:\/\/ses-creative.com\/de\/produkt\/nachfuellset-riesen-seifenblasen-750ml\/\" \/>\n<meta property=\"og:locale\" content=\"de_DE\" \/>\n<meta property=\"og:type\" content=\"article\" \/>\n<meta property=\"og:title\" content=\"Nachf\u00fcllset Riesen-seifenblasen 750ml - SES Creative\" \/>\n<meta property=\"og:description\" content=\"Diese **Nachf\u00fcllpackung der SES Creative Fl\u00fcssigseife** wurde speziell entwickelt, um **Riesenblasen** zu erzeugen, die nicht so leicht platzen. Diese superstarke Fl\u00fcssigseife ist mit den **Sets SES Mega Bubbles (02251), SES Mega Bubbles XXL (02252) und SES Standing in a Giant Bubble (02257)** kompatibel und erzeugt **Blasen von bis zu einem Meter Breite**. Sie ist ideal [&hellip;]\" \/>\n<meta property=\"og:url\" content=\"https:\/\/ses-creative.com\/de\/produkt\/nachfuellset-riesen-seifenblasen-750ml\/\" \/>\n<meta property=\"og:site_name\" content=\"SES Creative\" \/>\n<meta property=\"article:modified_time\" content=\"2026-02-06T09:51:21+00:00\" \/>\n<meta name=\"twitter:card\" content=\"summary_large_image\" \/>\n<meta name=\"twitter:label1\" content=\"Gesch\u00e4tzte Lesezeit\" \/>\n\t<meta name=\"twitter:data1\" content=\"1\u00a0Minute\" \/>\n<script type=\"application\/ld+json\" class=\"yoast-schema-graph\">{\"@context\":\"https:\\\/\\\/schema.org\",\"@graph\":[{\"@type\":\"WebPage\",\"@id\":\"https:\\\/\\\/ses-creative.com\\\/de\\\/produkt\\\/nachfuellset-riesen-seifenblasen-750ml\\\/\",\"url\":\"https:\\\/\\\/ses-creative.com\\\/de\\\/produkt\\\/nachfuellset-riesen-seifenblasen-750ml\\\/\",\"name\":\"Nachf\u00fcllset Riesen-seifenblasen 750ml - SES Creative\",\"isPartOf\":{\"@id\":\"https:\\\/\\\/ses-creative.com\\\/#website\"},\"primaryImageOfPage\":{\"@id\":\"https:\\\/\\\/ses-creative.com\\\/de\\\/produkt\\\/nachfuellset-riesen-seifenblasen-750ml\\\/#primaryimage\"},\"image\":{\"@id\":\"https:\\\/\\\/ses-creative.com\\\/de\\\/produkt\\\/nachfuellset-riesen-seifenblasen-750ml\\\/#primaryimage\"},\"thumbnailUrl\":\"https:\\\/\\\/ses-creative.com\\\/wp-content\\\/uploads\\\/2026\\\/01\\\/022561.jpg\",\"datePublished\":\"2026-02-05T13:52:17+00:00\",\"dateModified\":\"2026-02-06T09:51:21+00:00\",\"breadcrumb\":{\"@id\":\"https:\\\/\\\/ses-creative.com\\\/de\\\/produkt\\\/nachfuellset-riesen-seifenblasen-750ml\\\/#breadcrumb\"},\"inLanguage\":\"de\",\"potentialAction\":[{\"@type\":\"ReadAction\",\"target\":[\"https:\\\/\\\/ses-creative.com\\\/de\\\/produkt\\\/nachfuellset-riesen-seifenblasen-750ml\\\/\"]}]},{\"@type\":\"ImageObject\",\"inLanguage\":\"de\",\"@id\":\"https:\\\/\\\/ses-creative.com\\\/de\\\/produkt\\\/nachfuellset-riesen-seifenblasen-750ml\\\/#primaryimage\",\"url\":\"https:\\\/\\\/ses-creative.com\\\/wp-content\\\/uploads\\\/2026\\\/01\\\/022561.jpg\",\"contentUrl\":\"https:\\\/\\\/ses-creative.com\\\/wp-content\\\/uploads\\\/2026\\\/01\\\/022561.jpg\",\"width\":1000,\"height\":1000},{\"@type\":\"BreadcrumbList\",\"@id\":\"https:\\\/\\\/ses-creative.com\\\/de\\\/produkt\\\/nachfuellset-riesen-seifenblasen-750ml\\\/#breadcrumb\",\"itemListElement\":[{\"@type\":\"ListItem\",\"position\":1,\"name\":\"Shop\",\"item\":\"https:\\\/\\\/ses-creative.com\\\/de\\\/shop\\\/\"},{\"@type\":\"ListItem\",\"position\":2,\"name\":\"Drau\u00dfen spielen\",\"item\":\"https:\\\/\\\/ses-creative.com\\\/de\\\/product-categorie\\\/draussen-spielen\\\/\"},{\"@type\":\"ListItem\",\"position\":3,\"name\":\"Nachf\u00fcllset Riesen-seifenblasen 750ml\"}]},{\"@type\":\"WebSite\",\"@id\":\"https:\\\/\\\/ses-creative.com\\\/#website\",\"url\":\"https:\\\/\\\/ses-creative.com\\\/\",\"name\":\"SES Creative\",\"description\":\"\",\"publisher\":{\"@id\":\"https:\\\/\\\/ses-creative.com\\\/#organization\"},\"potentialAction\":[{\"@type\":\"SearchAction\",\"target\":{\"@type\":\"EntryPoint\",\"urlTemplate\":\"https:\\\/\\\/ses-creative.com\\\/?s={search_term_string}\"},\"query-input\":{\"@type\":\"PropertyValueSpecification\",\"valueRequired\":true,\"valueName\":\"search_term_string\"}}],\"inLanguage\":\"de\"},{\"@type\":\"Organization\",\"@id\":\"https:\\\/\\\/ses-creative.com\\\/#organization\",\"name\":\"SES Creative\",\"url\":\"https:\\\/\\\/ses-creative.com\\\/\",\"logo\":{\"@type\":\"ImageObject\",\"inLanguage\":\"de\",\"@id\":\"https:\\\/\\\/ses-creative.com\\\/#\\\/schema\\\/logo\\\/image\\\/\",\"url\":\"https:\\\/\\\/ses-creative.com\\\/wp-content\\\/uploads\\\/2025\\\/10\\\/ses-creative-logo.jpg\",\"contentUrl\":\"https:\\\/\\\/ses-creative.com\\\/wp-content\\\/uploads\\\/2025\\\/10\\\/ses-creative-logo.jpg\",\"width\":2037,\"height\":2037,\"caption\":\"SES Creative\"},\"image\":{\"@id\":\"https:\\\/\\\/ses-creative.com\\\/#\\\/schema\\\/logo\\\/image\\\/\"}}]}<\/script>\n<!-- \/ Yoast SEO plugin. -->","yoast_head_json":{"title":"Nachf\u00fcllset Riesen-seifenblasen 750ml - SES Creative","robots":{"index":"index","follow":"follow","max-snippet":"max-snippet:-1","max-image-preview":"max-image-preview:large","max-video-preview":"max-video-preview:-1"},"canonical":"https:\/\/ses-creative.com\/de\/produkt\/nachfuellset-riesen-seifenblasen-750ml\/","og_locale":"de_DE","og_type":"article","og_title":"Nachf\u00fcllset Riesen-seifenblasen 750ml - SES Creative","og_description":"Diese **Nachf\u00fcllpackung der SES Creative Fl\u00fcssigseife** wurde speziell entwickelt, um **Riesenblasen** zu erzeugen, die nicht so leicht platzen. Diese superstarke Fl\u00fcssigseife ist mit den **Sets SES Mega Bubbles (02251), SES Mega Bubbles XXL (02252) und SES Standing in a Giant Bubble (02257)** kompatibel und erzeugt **Blasen von bis zu einem Meter Breite**. Sie ist ideal [&hellip;]","og_url":"https:\/\/ses-creative.com\/de\/produkt\/nachfuellset-riesen-seifenblasen-750ml\/","og_site_name":"SES Creative","article_modified_time":"2026-02-06T09:51:21+00:00","twitter_card":"summary_large_image","twitter_misc":{"Gesch\u00e4tzte Lesezeit":"1\u00a0Minute"},"schema":{"@context":"https:\/\/schema.org","@graph":[{"@type":"WebPage","@id":"https:\/\/ses-creative.com\/de\/produkt\/nachfuellset-riesen-seifenblasen-750ml\/","url":"https:\/\/ses-creative.com\/de\/produkt\/nachfuellset-riesen-seifenblasen-750ml\/","name":"Nachf\u00fcllset Riesen-seifenblasen 750ml - SES Creative","isPartOf":{"@id":"https:\/\/ses-creative.com\/#website"},"primaryImageOfPage":{"@id":"https:\/\/ses-creative.com\/de\/produkt\/nachfuellset-riesen-seifenblasen-750ml\/#primaryimage"},"image":{"@id":"https:\/\/ses-creative.com\/de\/produkt\/nachfuellset-riesen-seifenblasen-750ml\/#primaryimage"},"thumbnailUrl":"https:\/\/ses-creative.com\/wp-content\/uploads\/2026\/01\/022561.jpg","datePublished":"2026-02-05T13:52:17+00:00","dateModified":"2026-02-06T09:51:21+00:00","breadcrumb":{"@id":"https:\/\/ses-creative.com\/de\/produkt\/nachfuellset-riesen-seifenblasen-750ml\/#breadcrumb"},"inLanguage":"de","potentialAction":[{"@type":"ReadAction","target":["https:\/\/ses-creative.com\/de\/produkt\/nachfuellset-riesen-seifenblasen-750ml\/"]}]},{"@type":"ImageObject","inLanguage":"de","@id":"https:\/\/ses-creative.com\/de\/produkt\/nachfuellset-riesen-seifenblasen-750ml\/#primaryimage","url":"https:\/\/ses-creative.com\/wp-content\/uploads\/2026\/01\/022561.jpg","contentUrl":"https:\/\/ses-creative.com\/wp-content\/uploads\/2026\/01\/022561.jpg","width":1000,"height":1000},{"@type":"BreadcrumbList","@id":"https:\/\/ses-creative.com\/de\/produkt\/nachfuellset-riesen-seifenblasen-750ml\/#breadcrumb","itemListElement":[{"@type":"ListItem","position":1,"name":"Shop","item":"https:\/\/ses-creative.com\/de\/shop\/"},{"@type":"ListItem","position":2,"name":"Drau\u00dfen spielen","item":"https:\/\/ses-creative.com\/de\/product-categorie\/draussen-spielen\/"},{"@type":"ListItem","position":3,"name":"Nachf\u00fcllset Riesen-seifenblasen 750ml"}]},{"@type":"WebSite","@id":"https:\/\/ses-creative.com\/#website","url":"https:\/\/ses-creative.com\/","name":"SES Creative","description":"","publisher":{"@id":"https:\/\/ses-creative.com\/#organization"},"potentialAction":[{"@type":"SearchAction","target":{"@type":"EntryPoint","urlTemplate":"https:\/\/ses-creative.com\/?s={search_term_string}"},"query-input":{"@type":"PropertyValueSpecification","valueRequired":true,"valueName":"search_term_string"}}],"inLanguage":"de"},{"@type":"Organization","@id":"https:\/\/ses-creative.com\/#organization","name":"SES Creative","url":"https:\/\/ses-creative.com\/","logo":{"@type":"ImageObject","inLanguage":"de","@id":"https:\/\/ses-creative.com\/#\/schema\/logo\/image\/","url":"https:\/\/ses-creative.com\/wp-content\/uploads\/2025\/10\/ses-creative-logo.jpg","contentUrl":"https:\/\/ses-creative.com\/wp-content\/uploads\/2025\/10\/ses-creative-logo.jpg","width":2037,"height":2037,"caption":"SES Creative"},"image":{"@id":"https:\/\/ses-creative.com\/#\/schema\/logo\/image\/"}}]}},"_links":{"self":[{"href":"https:\/\/ses-creative.com\/de\/wp-json\/wp\/v2\/product\/114486","targetHints":{"allow":["GET"]}}],"collection":[{"href":"https:\/\/ses-creative.com\/de\/wp-json\/wp\/v2\/product"}],"about":[{"href":"https:\/\/ses-creative.com\/de\/wp-json\/wp\/v2\/types\/product"}],"replies":[{"embeddable":true,"href":"https:\/\/ses-creative.com\/de\/wp-json\/wp\/v2\/comments?post=114486"}],"wp:featuredmedia":[{"embeddable":true,"href":"https:\/\/ses-creative.com\/de\/wp-json\/wp\/v2\/media\/99128"}],"wp:attachment":[{"href":"https:\/\/ses-creative.com\/de\/wp-json\/wp\/v2\/media?parent=114486"}],"wp:term":[{"taxonomy":"product_brand","embeddable":true,"href":"https:\/\/ses-creative.com\/de\/wp-json\/wp\/v2\/product_brand?post=114486"},{"taxonomy":"product_cat","embeddable":true,"href":"https:\/\/ses-creative.com\/de\/wp-json\/wp\/v2\/product_cat?post=114486"},{"taxonomy":"product_tag","embeddable":true,"href":"https:\/\/ses-creative.com\/de\/wp-json\/wp\/v2\/product_tag?post=114486"}],"curies":[{"name":"wp","href":"https:\/\/api.w.org\/{rel}","templated":true}]}}