











{"id":114485,"date":"2026-02-05T13:52:17","date_gmt":"2026-02-05T13:52:17","guid":{"rendered":"https:\/\/ses-creative.com\/?post_type=product&#038;p=114485"},"modified":"2026-02-06T09:51:21","modified_gmt":"2026-02-06T09:51:21","slug":"mega-bubbles-xxl-riesen-seifenblasen","status":"publish","type":"product","link":"https:\/\/ses-creative.com\/de\/produkt\/mega-bubbles-xxl-riesen-seifenblasen\/","title":{"rendered":"Mega bubbles XXL &#8211; Riesen-Seifenblasen"},"content":{"rendered":"<p>Schenken Sie Ihrem Kind ein magisches Erlebnis voller Lachen mit dem SES Creative Riesen-Seifenblasenset. Dieses Set wurde f\u00fcr Kinder ab 3 Jahren entwickelt und erm\u00f6glicht es, mit einer einzigen Bewegung wundersch\u00f6ne XXL-Seifenblasen zu erzeugen. Dieses Outdoor-Spiel ist ideal f\u00fcr den Garten, den Park oder den Strand. Es f\u00f6rdert die Motorik und die Koordination, regt die Kreativit\u00e4t an und f\u00f6rdert das Spielen im Freien. Das Set enth\u00e4lt einen stabilen Seifenblasenstab, der auch von kleinen H\u00e4nden leicht zu handhaben ist, sowie eine ungiftige, kindersichere und dermatologisch getestete Seifenblasenl\u00f6sung. Dies ist die perfekte Aktivit\u00e4t f\u00fcr sonnige Tage, Partys oder den Urlaub. Dieses Riesenseifenblasen-Spielzeug sorgt f\u00fcr stundenlangen aktiven Spa\u00df, f\u00f6rdert das gemeinsame Spiel und sorgt mit jeder erzeugten Blase f\u00fcr einen spektakul\u00e4ren Effekt. Ein Muss f\u00fcr Sommerspiele, das Gro\u00df und Klein zum Staunen bringt und jeden Moment drau\u00dfen in ein buntes, fr\u00f6hliches Fest verwandelt, das Sie allein oder mit der Familie erleben k\u00f6nnen, um noch mehr Spa\u00df zu haben.<\/p>\n","protected":false},"excerpt":{"rendered":"<p>Schenken Sie Ihrem Kind ein magisches Erlebnis voller Lachen mit dem SES Creative Riesen-Seifenblasenset. Dieses Set wurde f\u00fcr Kinder ab 3 Jahren entwickelt und erm\u00f6glicht es, mit einer einzigen Bewegung wundersch\u00f6ne XXL-Seifenblasen zu erzeugen. Dieses Outdoor-Spiel ist ideal f\u00fcr den Garten, den Park oder den Strand. Es f\u00f6rdert die Motorik und die Koordination, regt die [&hellip;]<\/p>\n","protected":false},"featured_media":99108,"comment_status":"closed","ping_status":"closed","template":"","meta":{"_acf_changed":false},"product_brand":[],"product_cat":[119],"product_tag":[],"class_list":{"0":"post-114485","1":"product","2":"type-product","3":"status-publish","4":"has-post-thumbnail","6":"product_cat-draussen-spielen","7":"pa_collecties-mega-bubbles","8":"pa_leeftijd-filter-4-6-jahre","9":"pa_meest-populair-bij-jungen-maedchen","11":"first","12":"instock","13":"shipping-taxable","14":"product-type-simple"},"acf":[],"yoast_head":"<!-- This site is optimized with the Yoast SEO plugin v27.4 - https:\/\/yoast.com\/product\/yoast-seo-wordpress\/ -->\n<title>Mega bubbles XXL - Riesen-Seifenblasen - SES Creative<\/title>\n<meta name=\"robots\" content=\"index, follow, max-snippet:-1, max-image-preview:large, max-video-preview:-1\" \/>\n<link rel=\"canonical\" href=\"https:\/\/ses-creative.com\/de\/produkt\/mega-bubbles-xxl-riesen-seifenblasen\/\" \/>\n<meta property=\"og:locale\" content=\"de_DE\" \/>\n<meta property=\"og:type\" content=\"article\" \/>\n<meta property=\"og:title\" content=\"Mega bubbles XXL - Riesen-Seifenblasen - SES Creative\" \/>\n<meta property=\"og:description\" content=\"Schenken Sie Ihrem Kind ein magisches Erlebnis voller Lachen mit dem SES Creative Riesen-Seifenblasenset. Dieses Set wurde f\u00fcr Kinder ab 3 Jahren entwickelt und erm\u00f6glicht es, mit einer einzigen Bewegung wundersch\u00f6ne XXL-Seifenblasen zu erzeugen. Dieses Outdoor-Spiel ist ideal f\u00fcr den Garten, den Park oder den Strand. Es f\u00f6rdert die Motorik und die Koordination, regt die [&hellip;]\" \/>\n<meta property=\"og:url\" content=\"https:\/\/ses-creative.com\/de\/produkt\/mega-bubbles-xxl-riesen-seifenblasen\/\" \/>\n<meta property=\"og:site_name\" content=\"SES Creative\" \/>\n<meta property=\"article:modified_time\" content=\"2026-02-06T09:51:21+00:00\" \/>\n<meta name=\"twitter:card\" content=\"summary_large_image\" \/>\n<meta name=\"twitter:label1\" content=\"Gesch\u00e4tzte Lesezeit\" \/>\n\t<meta name=\"twitter:data1\" content=\"1\u00a0Minute\" \/>\n<script type=\"application\/ld+json\" class=\"yoast-schema-graph\">{\"@context\":\"https:\\\/\\\/schema.org\",\"@graph\":[{\"@type\":\"WebPage\",\"@id\":\"https:\\\/\\\/ses-creative.com\\\/de\\\/produkt\\\/mega-bubbles-xxl-riesen-seifenblasen\\\/\",\"url\":\"https:\\\/\\\/ses-creative.com\\\/de\\\/produkt\\\/mega-bubbles-xxl-riesen-seifenblasen\\\/\",\"name\":\"Mega bubbles XXL - Riesen-Seifenblasen - SES Creative\",\"isPartOf\":{\"@id\":\"https:\\\/\\\/ses-creative.com\\\/#website\"},\"primaryImageOfPage\":{\"@id\":\"https:\\\/\\\/ses-creative.com\\\/de\\\/produkt\\\/mega-bubbles-xxl-riesen-seifenblasen\\\/#primaryimage\"},\"image\":{\"@id\":\"https:\\\/\\\/ses-creative.com\\\/de\\\/produkt\\\/mega-bubbles-xxl-riesen-seifenblasen\\\/#primaryimage\"},\"thumbnailUrl\":\"https:\\\/\\\/ses-creative.com\\\/wp-content\\\/uploads\\\/2026\\\/01\\\/022521.jpg\",\"datePublished\":\"2026-02-05T13:52:17+00:00\",\"dateModified\":\"2026-02-06T09:51:21+00:00\",\"breadcrumb\":{\"@id\":\"https:\\\/\\\/ses-creative.com\\\/de\\\/produkt\\\/mega-bubbles-xxl-riesen-seifenblasen\\\/#breadcrumb\"},\"inLanguage\":\"de\",\"potentialAction\":[{\"@type\":\"ReadAction\",\"target\":[\"https:\\\/\\\/ses-creative.com\\\/de\\\/produkt\\\/mega-bubbles-xxl-riesen-seifenblasen\\\/\"]}]},{\"@type\":\"ImageObject\",\"inLanguage\":\"de\",\"@id\":\"https:\\\/\\\/ses-creative.com\\\/de\\\/produkt\\\/mega-bubbles-xxl-riesen-seifenblasen\\\/#primaryimage\",\"url\":\"https:\\\/\\\/ses-creative.com\\\/wp-content\\\/uploads\\\/2026\\\/01\\\/022521.jpg\",\"contentUrl\":\"https:\\\/\\\/ses-creative.com\\\/wp-content\\\/uploads\\\/2026\\\/01\\\/022521.jpg\",\"width\":1000,\"height\":1000},{\"@type\":\"BreadcrumbList\",\"@id\":\"https:\\\/\\\/ses-creative.com\\\/de\\\/produkt\\\/mega-bubbles-xxl-riesen-seifenblasen\\\/#breadcrumb\",\"itemListElement\":[{\"@type\":\"ListItem\",\"position\":1,\"name\":\"Shop\",\"item\":\"https:\\\/\\\/ses-creative.com\\\/de\\\/shop\\\/\"},{\"@type\":\"ListItem\",\"position\":2,\"name\":\"Drau\u00dfen spielen\",\"item\":\"https:\\\/\\\/ses-creative.com\\\/de\\\/product-categorie\\\/draussen-spielen\\\/\"},{\"@type\":\"ListItem\",\"position\":3,\"name\":\"Mega bubbles XXL &#8211; Riesen-Seifenblasen\"}]},{\"@type\":\"WebSite\",\"@id\":\"https:\\\/\\\/ses-creative.com\\\/#website\",\"url\":\"https:\\\/\\\/ses-creative.com\\\/\",\"name\":\"SES Creative\",\"description\":\"\",\"publisher\":{\"@id\":\"https:\\\/\\\/ses-creative.com\\\/#organization\"},\"potentialAction\":[{\"@type\":\"SearchAction\",\"target\":{\"@type\":\"EntryPoint\",\"urlTemplate\":\"https:\\\/\\\/ses-creative.com\\\/?s={search_term_string}\"},\"query-input\":{\"@type\":\"PropertyValueSpecification\",\"valueRequired\":true,\"valueName\":\"search_term_string\"}}],\"inLanguage\":\"de\"},{\"@type\":\"Organization\",\"@id\":\"https:\\\/\\\/ses-creative.com\\\/#organization\",\"name\":\"SES Creative\",\"url\":\"https:\\\/\\\/ses-creative.com\\\/\",\"logo\":{\"@type\":\"ImageObject\",\"inLanguage\":\"de\",\"@id\":\"https:\\\/\\\/ses-creative.com\\\/#\\\/schema\\\/logo\\\/image\\\/\",\"url\":\"https:\\\/\\\/ses-creative.com\\\/wp-content\\\/uploads\\\/2025\\\/10\\\/ses-creative-logo.jpg\",\"contentUrl\":\"https:\\\/\\\/ses-creative.com\\\/wp-content\\\/uploads\\\/2025\\\/10\\\/ses-creative-logo.jpg\",\"width\":2037,\"height\":2037,\"caption\":\"SES Creative\"},\"image\":{\"@id\":\"https:\\\/\\\/ses-creative.com\\\/#\\\/schema\\\/logo\\\/image\\\/\"}}]}<\/script>\n<!-- \/ Yoast SEO plugin. -->","yoast_head_json":{"title":"Mega bubbles XXL - Riesen-Seifenblasen - SES Creative","robots":{"index":"index","follow":"follow","max-snippet":"max-snippet:-1","max-image-preview":"max-image-preview:large","max-video-preview":"max-video-preview:-1"},"canonical":"https:\/\/ses-creative.com\/de\/produkt\/mega-bubbles-xxl-riesen-seifenblasen\/","og_locale":"de_DE","og_type":"article","og_title":"Mega bubbles XXL - Riesen-Seifenblasen - SES Creative","og_description":"Schenken Sie Ihrem Kind ein magisches Erlebnis voller Lachen mit dem SES Creative Riesen-Seifenblasenset. Dieses Set wurde f\u00fcr Kinder ab 3 Jahren entwickelt und erm\u00f6glicht es, mit einer einzigen Bewegung wundersch\u00f6ne XXL-Seifenblasen zu erzeugen. Dieses Outdoor-Spiel ist ideal f\u00fcr den Garten, den Park oder den Strand. Es f\u00f6rdert die Motorik und die Koordination, regt die [&hellip;]","og_url":"https:\/\/ses-creative.com\/de\/produkt\/mega-bubbles-xxl-riesen-seifenblasen\/","og_site_name":"SES Creative","article_modified_time":"2026-02-06T09:51:21+00:00","twitter_card":"summary_large_image","twitter_misc":{"Gesch\u00e4tzte Lesezeit":"1\u00a0Minute"},"schema":{"@context":"https:\/\/schema.org","@graph":[{"@type":"WebPage","@id":"https:\/\/ses-creative.com\/de\/produkt\/mega-bubbles-xxl-riesen-seifenblasen\/","url":"https:\/\/ses-creative.com\/de\/produkt\/mega-bubbles-xxl-riesen-seifenblasen\/","name":"Mega bubbles XXL - Riesen-Seifenblasen - SES Creative","isPartOf":{"@id":"https:\/\/ses-creative.com\/#website"},"primaryImageOfPage":{"@id":"https:\/\/ses-creative.com\/de\/produkt\/mega-bubbles-xxl-riesen-seifenblasen\/#primaryimage"},"image":{"@id":"https:\/\/ses-creative.com\/de\/produkt\/mega-bubbles-xxl-riesen-seifenblasen\/#primaryimage"},"thumbnailUrl":"https:\/\/ses-creative.com\/wp-content\/uploads\/2026\/01\/022521.jpg","datePublished":"2026-02-05T13:52:17+00:00","dateModified":"2026-02-06T09:51:21+00:00","breadcrumb":{"@id":"https:\/\/ses-creative.com\/de\/produkt\/mega-bubbles-xxl-riesen-seifenblasen\/#breadcrumb"},"inLanguage":"de","potentialAction":[{"@type":"ReadAction","target":["https:\/\/ses-creative.com\/de\/produkt\/mega-bubbles-xxl-riesen-seifenblasen\/"]}]},{"@type":"ImageObject","inLanguage":"de","@id":"https:\/\/ses-creative.com\/de\/produkt\/mega-bubbles-xxl-riesen-seifenblasen\/#primaryimage","url":"https:\/\/ses-creative.com\/wp-content\/uploads\/2026\/01\/022521.jpg","contentUrl":"https:\/\/ses-creative.com\/wp-content\/uploads\/2026\/01\/022521.jpg","width":1000,"height":1000},{"@type":"BreadcrumbList","@id":"https:\/\/ses-creative.com\/de\/produkt\/mega-bubbles-xxl-riesen-seifenblasen\/#breadcrumb","itemListElement":[{"@type":"ListItem","position":1,"name":"Shop","item":"https:\/\/ses-creative.com\/de\/shop\/"},{"@type":"ListItem","position":2,"name":"Drau\u00dfen spielen","item":"https:\/\/ses-creative.com\/de\/product-categorie\/draussen-spielen\/"},{"@type":"ListItem","position":3,"name":"Mega bubbles XXL &#8211; Riesen-Seifenblasen"}]},{"@type":"WebSite","@id":"https:\/\/ses-creative.com\/#website","url":"https:\/\/ses-creative.com\/","name":"SES Creative","description":"","publisher":{"@id":"https:\/\/ses-creative.com\/#organization"},"potentialAction":[{"@type":"SearchAction","target":{"@type":"EntryPoint","urlTemplate":"https:\/\/ses-creative.com\/?s={search_term_string}"},"query-input":{"@type":"PropertyValueSpecification","valueRequired":true,"valueName":"search_term_string"}}],"inLanguage":"de"},{"@type":"Organization","@id":"https:\/\/ses-creative.com\/#organization","name":"SES Creative","url":"https:\/\/ses-creative.com\/","logo":{"@type":"ImageObject","inLanguage":"de","@id":"https:\/\/ses-creative.com\/#\/schema\/logo\/image\/","url":"https:\/\/ses-creative.com\/wp-content\/uploads\/2025\/10\/ses-creative-logo.jpg","contentUrl":"https:\/\/ses-creative.com\/wp-content\/uploads\/2025\/10\/ses-creative-logo.jpg","width":2037,"height":2037,"caption":"SES Creative"},"image":{"@id":"https:\/\/ses-creative.com\/#\/schema\/logo\/image\/"}}]}},"_links":{"self":[{"href":"https:\/\/ses-creative.com\/de\/wp-json\/wp\/v2\/product\/114485","targetHints":{"allow":["GET"]}}],"collection":[{"href":"https:\/\/ses-creative.com\/de\/wp-json\/wp\/v2\/product"}],"about":[{"href":"https:\/\/ses-creative.com\/de\/wp-json\/wp\/v2\/types\/product"}],"replies":[{"embeddable":true,"href":"https:\/\/ses-creative.com\/de\/wp-json\/wp\/v2\/comments?post=114485"}],"wp:featuredmedia":[{"embeddable":true,"href":"https:\/\/ses-creative.com\/de\/wp-json\/wp\/v2\/media\/99108"}],"wp:attachment":[{"href":"https:\/\/ses-creative.com\/de\/wp-json\/wp\/v2\/media?parent=114485"}],"wp:term":[{"taxonomy":"product_brand","embeddable":true,"href":"https:\/\/ses-creative.com\/de\/wp-json\/wp\/v2\/product_brand?post=114485"},{"taxonomy":"product_cat","embeddable":true,"href":"https:\/\/ses-creative.com\/de\/wp-json\/wp\/v2\/product_cat?post=114485"},{"taxonomy":"product_tag","embeddable":true,"href":"https:\/\/ses-creative.com\/de\/wp-json\/wp\/v2\/product_tag?post=114485"}],"curies":[{"name":"wp","href":"https:\/\/api.w.org\/{rel}","templated":true}]}}