











{"id":114484,"date":"2026-02-05T13:52:17","date_gmt":"2026-02-05T13:52:17","guid":{"rendered":"https:\/\/ses-creative.com\/?post_type=product&#038;p=114484"},"modified":"2026-02-06T09:51:21","modified_gmt":"2026-02-06T09:51:21","slug":"riesen-seifenblasen","status":"publish","type":"product","link":"https:\/\/ses-creative.com\/de\/produkt\/riesen-seifenblasen\/","title":{"rendered":"Riesen-Seifenblasen"},"content":{"rendered":"<p>Mit diesem Riesen-Seifenblasen-Set k\u00f6nnen Kinder mit wenigen einfachen Handgriffen spektakul\u00e4re Seifenblasen herstellen. Die enthaltene starke Fl\u00fcssigseife erm\u00f6glicht es, Blasen mit einer L\u00e4nge von bis zu \u00fcber 3 Metern zu erzeugen. Tauchen Sie einfach die Schnur in die Wanne, \u00f6ffnen Sie langsam die St\u00e4bchen und beobachten Sie, wie sich die Seifenblase bildet, bevor sie sich sanft in die Luft erhebt.<\/p>\n<p>Das Tool ist so konzipiert, dass es auch f\u00fcr die Kleinsten leicht zu bedienen ist. Die Kinder k\u00f6nnen experimentieren, indem sie Blasen unterschiedlicher Gr\u00f6\u00dfe erzeugen und sogar sanft pusten, um eine kleine Blase in einer gr\u00f6\u00dferen zu formen. Dank der vorhandenen Nachf\u00fcllpackung kann das Spiel beliebig verl\u00e4ngert werden, sodass stundenlanger Spa\u00df im Freien garantiert ist.<\/p>\n<p>Das Seifenblasenspiel ist ideal f\u00fcr Partys, Ausfl\u00fcge in den Park oder Nachmittage im Freien. Es macht Kindern Spa\u00df und f\u00f6rdert gleichzeitig die Koordination und die Puste. Dieses Set ist eine tolle Geschenkidee f\u00fcr Kinder ab 5 Jahren und bietet ihnen die M\u00f6glichkeit, die Magie der riesigen Seifenblasen zu entdecken und diesen Moment mit Freunden und Familie zu teilen.<\/p>\n","protected":false},"excerpt":{"rendered":"<p>Mit diesem Riesen-Seifenblasen-Set k\u00f6nnen Kinder mit wenigen einfachen Handgriffen spektakul\u00e4re Seifenblasen herstellen. Die enthaltene starke Fl\u00fcssigseife erm\u00f6glicht es, Blasen mit einer L\u00e4nge von bis zu \u00fcber 3 Metern zu erzeugen. Tauchen Sie einfach die Schnur in die Wanne, \u00f6ffnen Sie langsam die St\u00e4bchen und beobachten Sie, wie sich die Seifenblase bildet, bevor sie sich sanft [&hellip;]<\/p>\n","protected":false},"featured_media":99088,"comment_status":"closed","ping_status":"closed","template":"","meta":{"_acf_changed":false},"product_brand":[],"product_cat":[119],"product_tag":[],"class_list":{"0":"post-114484","1":"product","2":"type-product","3":"status-publish","4":"has-post-thumbnail","6":"product_cat-draussen-spielen","7":"pa_collecties-mega-bubbles","8":"pa_leeftijd-filter-4-6-jahre","9":"pa_meest-populair-bij-jungen-maedchen","11":"first","12":"instock","13":"shipping-taxable","14":"product-type-simple"},"acf":[],"yoast_head":"<!-- This site is optimized with the Yoast SEO plugin v27.4 - https:\/\/yoast.com\/product\/yoast-seo-wordpress\/ -->\n<title>Riesen-Seifenblasen - SES Creative<\/title>\n<meta name=\"robots\" content=\"index, follow, max-snippet:-1, max-image-preview:large, max-video-preview:-1\" \/>\n<link rel=\"canonical\" href=\"https:\/\/ses-creative.com\/de\/produkt\/riesen-seifenblasen\/\" \/>\n<meta property=\"og:locale\" content=\"de_DE\" \/>\n<meta property=\"og:type\" content=\"article\" \/>\n<meta property=\"og:title\" content=\"Riesen-Seifenblasen - SES Creative\" \/>\n<meta property=\"og:description\" content=\"Mit diesem Riesen-Seifenblasen-Set k\u00f6nnen Kinder mit wenigen einfachen Handgriffen spektakul\u00e4re Seifenblasen herstellen. Die enthaltene starke Fl\u00fcssigseife erm\u00f6glicht es, Blasen mit einer L\u00e4nge von bis zu \u00fcber 3 Metern zu erzeugen. Tauchen Sie einfach die Schnur in die Wanne, \u00f6ffnen Sie langsam die St\u00e4bchen und beobachten Sie, wie sich die Seifenblase bildet, bevor sie sich sanft [&hellip;]\" \/>\n<meta property=\"og:url\" content=\"https:\/\/ses-creative.com\/de\/produkt\/riesen-seifenblasen\/\" \/>\n<meta property=\"og:site_name\" content=\"SES Creative\" \/>\n<meta property=\"article:modified_time\" content=\"2026-02-06T09:51:21+00:00\" \/>\n<meta name=\"twitter:card\" content=\"summary_large_image\" \/>\n<meta name=\"twitter:label1\" content=\"Gesch\u00e4tzte Lesezeit\" \/>\n\t<meta name=\"twitter:data1\" content=\"1\u00a0Minute\" \/>\n<script type=\"application\/ld+json\" class=\"yoast-schema-graph\">{\"@context\":\"https:\\\/\\\/schema.org\",\"@graph\":[{\"@type\":\"WebPage\",\"@id\":\"https:\\\/\\\/ses-creative.com\\\/de\\\/produkt\\\/riesen-seifenblasen\\\/\",\"url\":\"https:\\\/\\\/ses-creative.com\\\/de\\\/produkt\\\/riesen-seifenblasen\\\/\",\"name\":\"Riesen-Seifenblasen - SES Creative\",\"isPartOf\":{\"@id\":\"https:\\\/\\\/ses-creative.com\\\/#website\"},\"primaryImageOfPage\":{\"@id\":\"https:\\\/\\\/ses-creative.com\\\/de\\\/produkt\\\/riesen-seifenblasen\\\/#primaryimage\"},\"image\":{\"@id\":\"https:\\\/\\\/ses-creative.com\\\/de\\\/produkt\\\/riesen-seifenblasen\\\/#primaryimage\"},\"thumbnailUrl\":\"https:\\\/\\\/ses-creative.com\\\/wp-content\\\/uploads\\\/2026\\\/01\\\/022511.jpg\",\"datePublished\":\"2026-02-05T13:52:17+00:00\",\"dateModified\":\"2026-02-06T09:51:21+00:00\",\"breadcrumb\":{\"@id\":\"https:\\\/\\\/ses-creative.com\\\/de\\\/produkt\\\/riesen-seifenblasen\\\/#breadcrumb\"},\"inLanguage\":\"de\",\"potentialAction\":[{\"@type\":\"ReadAction\",\"target\":[\"https:\\\/\\\/ses-creative.com\\\/de\\\/produkt\\\/riesen-seifenblasen\\\/\"]}]},{\"@type\":\"ImageObject\",\"inLanguage\":\"de\",\"@id\":\"https:\\\/\\\/ses-creative.com\\\/de\\\/produkt\\\/riesen-seifenblasen\\\/#primaryimage\",\"url\":\"https:\\\/\\\/ses-creative.com\\\/wp-content\\\/uploads\\\/2026\\\/01\\\/022511.jpg\",\"contentUrl\":\"https:\\\/\\\/ses-creative.com\\\/wp-content\\\/uploads\\\/2026\\\/01\\\/022511.jpg\",\"width\":1000,\"height\":1000},{\"@type\":\"BreadcrumbList\",\"@id\":\"https:\\\/\\\/ses-creative.com\\\/de\\\/produkt\\\/riesen-seifenblasen\\\/#breadcrumb\",\"itemListElement\":[{\"@type\":\"ListItem\",\"position\":1,\"name\":\"Shop\",\"item\":\"https:\\\/\\\/ses-creative.com\\\/de\\\/shop\\\/\"},{\"@type\":\"ListItem\",\"position\":2,\"name\":\"Drau\u00dfen spielen\",\"item\":\"https:\\\/\\\/ses-creative.com\\\/de\\\/product-categorie\\\/draussen-spielen\\\/\"},{\"@type\":\"ListItem\",\"position\":3,\"name\":\"Riesen-Seifenblasen\"}]},{\"@type\":\"WebSite\",\"@id\":\"https:\\\/\\\/ses-creative.com\\\/#website\",\"url\":\"https:\\\/\\\/ses-creative.com\\\/\",\"name\":\"SES Creative\",\"description\":\"\",\"publisher\":{\"@id\":\"https:\\\/\\\/ses-creative.com\\\/#organization\"},\"potentialAction\":[{\"@type\":\"SearchAction\",\"target\":{\"@type\":\"EntryPoint\",\"urlTemplate\":\"https:\\\/\\\/ses-creative.com\\\/?s={search_term_string}\"},\"query-input\":{\"@type\":\"PropertyValueSpecification\",\"valueRequired\":true,\"valueName\":\"search_term_string\"}}],\"inLanguage\":\"de\"},{\"@type\":\"Organization\",\"@id\":\"https:\\\/\\\/ses-creative.com\\\/#organization\",\"name\":\"SES Creative\",\"url\":\"https:\\\/\\\/ses-creative.com\\\/\",\"logo\":{\"@type\":\"ImageObject\",\"inLanguage\":\"de\",\"@id\":\"https:\\\/\\\/ses-creative.com\\\/#\\\/schema\\\/logo\\\/image\\\/\",\"url\":\"https:\\\/\\\/ses-creative.com\\\/wp-content\\\/uploads\\\/2025\\\/10\\\/ses-creative-logo.jpg\",\"contentUrl\":\"https:\\\/\\\/ses-creative.com\\\/wp-content\\\/uploads\\\/2025\\\/10\\\/ses-creative-logo.jpg\",\"width\":2037,\"height\":2037,\"caption\":\"SES Creative\"},\"image\":{\"@id\":\"https:\\\/\\\/ses-creative.com\\\/#\\\/schema\\\/logo\\\/image\\\/\"}}]}<\/script>\n<!-- \/ Yoast SEO plugin. -->","yoast_head_json":{"title":"Riesen-Seifenblasen - SES Creative","robots":{"index":"index","follow":"follow","max-snippet":"max-snippet:-1","max-image-preview":"max-image-preview:large","max-video-preview":"max-video-preview:-1"},"canonical":"https:\/\/ses-creative.com\/de\/produkt\/riesen-seifenblasen\/","og_locale":"de_DE","og_type":"article","og_title":"Riesen-Seifenblasen - SES Creative","og_description":"Mit diesem Riesen-Seifenblasen-Set k\u00f6nnen Kinder mit wenigen einfachen Handgriffen spektakul\u00e4re Seifenblasen herstellen. Die enthaltene starke Fl\u00fcssigseife erm\u00f6glicht es, Blasen mit einer L\u00e4nge von bis zu \u00fcber 3 Metern zu erzeugen. Tauchen Sie einfach die Schnur in die Wanne, \u00f6ffnen Sie langsam die St\u00e4bchen und beobachten Sie, wie sich die Seifenblase bildet, bevor sie sich sanft [&hellip;]","og_url":"https:\/\/ses-creative.com\/de\/produkt\/riesen-seifenblasen\/","og_site_name":"SES Creative","article_modified_time":"2026-02-06T09:51:21+00:00","twitter_card":"summary_large_image","twitter_misc":{"Gesch\u00e4tzte Lesezeit":"1\u00a0Minute"},"schema":{"@context":"https:\/\/schema.org","@graph":[{"@type":"WebPage","@id":"https:\/\/ses-creative.com\/de\/produkt\/riesen-seifenblasen\/","url":"https:\/\/ses-creative.com\/de\/produkt\/riesen-seifenblasen\/","name":"Riesen-Seifenblasen - SES Creative","isPartOf":{"@id":"https:\/\/ses-creative.com\/#website"},"primaryImageOfPage":{"@id":"https:\/\/ses-creative.com\/de\/produkt\/riesen-seifenblasen\/#primaryimage"},"image":{"@id":"https:\/\/ses-creative.com\/de\/produkt\/riesen-seifenblasen\/#primaryimage"},"thumbnailUrl":"https:\/\/ses-creative.com\/wp-content\/uploads\/2026\/01\/022511.jpg","datePublished":"2026-02-05T13:52:17+00:00","dateModified":"2026-02-06T09:51:21+00:00","breadcrumb":{"@id":"https:\/\/ses-creative.com\/de\/produkt\/riesen-seifenblasen\/#breadcrumb"},"inLanguage":"de","potentialAction":[{"@type":"ReadAction","target":["https:\/\/ses-creative.com\/de\/produkt\/riesen-seifenblasen\/"]}]},{"@type":"ImageObject","inLanguage":"de","@id":"https:\/\/ses-creative.com\/de\/produkt\/riesen-seifenblasen\/#primaryimage","url":"https:\/\/ses-creative.com\/wp-content\/uploads\/2026\/01\/022511.jpg","contentUrl":"https:\/\/ses-creative.com\/wp-content\/uploads\/2026\/01\/022511.jpg","width":1000,"height":1000},{"@type":"BreadcrumbList","@id":"https:\/\/ses-creative.com\/de\/produkt\/riesen-seifenblasen\/#breadcrumb","itemListElement":[{"@type":"ListItem","position":1,"name":"Shop","item":"https:\/\/ses-creative.com\/de\/shop\/"},{"@type":"ListItem","position":2,"name":"Drau\u00dfen spielen","item":"https:\/\/ses-creative.com\/de\/product-categorie\/draussen-spielen\/"},{"@type":"ListItem","position":3,"name":"Riesen-Seifenblasen"}]},{"@type":"WebSite","@id":"https:\/\/ses-creative.com\/#website","url":"https:\/\/ses-creative.com\/","name":"SES Creative","description":"","publisher":{"@id":"https:\/\/ses-creative.com\/#organization"},"potentialAction":[{"@type":"SearchAction","target":{"@type":"EntryPoint","urlTemplate":"https:\/\/ses-creative.com\/?s={search_term_string}"},"query-input":{"@type":"PropertyValueSpecification","valueRequired":true,"valueName":"search_term_string"}}],"inLanguage":"de"},{"@type":"Organization","@id":"https:\/\/ses-creative.com\/#organization","name":"SES Creative","url":"https:\/\/ses-creative.com\/","logo":{"@type":"ImageObject","inLanguage":"de","@id":"https:\/\/ses-creative.com\/#\/schema\/logo\/image\/","url":"https:\/\/ses-creative.com\/wp-content\/uploads\/2025\/10\/ses-creative-logo.jpg","contentUrl":"https:\/\/ses-creative.com\/wp-content\/uploads\/2025\/10\/ses-creative-logo.jpg","width":2037,"height":2037,"caption":"SES Creative"},"image":{"@id":"https:\/\/ses-creative.com\/#\/schema\/logo\/image\/"}}]}},"_links":{"self":[{"href":"https:\/\/ses-creative.com\/de\/wp-json\/wp\/v2\/product\/114484","targetHints":{"allow":["GET"]}}],"collection":[{"href":"https:\/\/ses-creative.com\/de\/wp-json\/wp\/v2\/product"}],"about":[{"href":"https:\/\/ses-creative.com\/de\/wp-json\/wp\/v2\/types\/product"}],"replies":[{"embeddable":true,"href":"https:\/\/ses-creative.com\/de\/wp-json\/wp\/v2\/comments?post=114484"}],"wp:featuredmedia":[{"embeddable":true,"href":"https:\/\/ses-creative.com\/de\/wp-json\/wp\/v2\/media\/99088"}],"wp:attachment":[{"href":"https:\/\/ses-creative.com\/de\/wp-json\/wp\/v2\/media?parent=114484"}],"wp:term":[{"taxonomy":"product_brand","embeddable":true,"href":"https:\/\/ses-creative.com\/de\/wp-json\/wp\/v2\/product_brand?post=114484"},{"taxonomy":"product_cat","embeddable":true,"href":"https:\/\/ses-creative.com\/de\/wp-json\/wp\/v2\/product_cat?post=114484"},{"taxonomy":"product_tag","embeddable":true,"href":"https:\/\/ses-creative.com\/de\/wp-json\/wp\/v2\/product_tag?post=114484"}],"curies":[{"name":"wp","href":"https:\/\/api.w.org\/{rel}","templated":true}]}}