











{"id":114483,"date":"2026-02-05T13:52:17","date_gmt":"2026-02-05T13:52:17","guid":{"rendered":"https:\/\/ses-creative.com\/?post_type=product&#038;p=114483"},"modified":"2026-02-06T09:51:21","modified_gmt":"2026-02-06T09:51:21","slug":"seifenblasendino-attacke","status":"publish","type":"product","link":"https:\/\/ses-creative.com\/de\/produkt\/seifenblasendino-attacke\/","title":{"rendered":"Seifenblasendino-Attacke"},"content":{"rendered":"<p>Fang Seifenblasen mit dem Bubble Happer Dino!<br \/>\nDieser schnappende Dino hat nur ein Ziel: alle Seifenblasen zu fangen! Mit dem Bubble Happer Dino Seifenblasenset k\u00f6nnen Kinder endlos viele Seifenblasen pusten und fangen. Der Dino-Greifer macht es noch lustiger, den Seifenblasen hinterherzulaufen und sie zu fangen. Perfekt f\u00fcr viel Spielspa\u00df im Freien an einem sonnigen Tag!<br \/>\nWas dieses Set so toll macht<br \/>\n&#8211;    Starkes Seifenblasenset f\u00fcr extra gro\u00dfe Seifenblasen<br \/>\n&#8211;    Greifer in Form eines coolen Dinosauriers<br \/>\n&#8211;    Blasen Sie Seifenblasen und fangen Sie sie dann mit dem coolen Dino-Greifer<br \/>\n&#8211;    Die Seifenblasen lassen sich gut aus der Kleidung auswaschen<br \/>\n&#8211;    Perfekt f\u00fcr Kinder ab 3 Jahren<br \/>\nSeifenblasen fangen und pusten mit Spa\u00df<br \/>\nMit diesem Set k\u00f6nnen Kinder nicht nur Seifenblasen pusten, sondern sie auch mit dem lustigen Dino-Greifer fangen. Die starke Seifenblasenfl\u00fcssigkeit sorgt f\u00fcr extra gro\u00dfe Seifenblasen, w\u00e4hrend der Dino-Greifer das Spiel noch spannender macht. Ideal f\u00fcr aktives Spielen im Freien und stundenlangen Spa\u00df. Dieses Set ist perfekt f\u00fcr Eltern, die ihren Kindern gesundes und aktives Spielen im Freien erm\u00f6glichen m\u00f6chten. Es bietet eine unterhaltsame M\u00f6glichkeit, drau\u00dfen zu spielen und gleichzeitig motorische F\u00e4higkeiten zu entwickeln.<br \/>\nInhalt des Sets<br \/>\n&#8211;    Dino-Seifenblasengreifer<br \/>\n&#8211;    200 ml Seifenblasenfl\u00fcssigkeit mit Seifenblasenblasger\u00e4t<br \/>\nWarum SES Creative w\u00e4hlen?<br \/>\nBei SES Creative legen wir gro\u00dfen Wert auf Sicherheit. Deshalb werden die Produkte in unserem Werk in den Niederlanden nach den strengsten europ\u00e4ischen Sicherheitsstandards hergestellt und getestet. Spielzeug von SES Creative sorgt f\u00fcr Spa\u00df und soll Kindern ein Gef\u00fchl der Stolz auf ihre Arbeit vermitteln, was ihre Kreativit\u00e4t und Entwicklung f\u00f6rdert.<br \/>\nBeginnen Sie noch heute mit dem Seifenblasenfangen<br \/>\nEntdecken Sie den Spa\u00df am Seifenblasen pusten und fangen mit dem Bubble Happer Dino. Perfekt f\u00fcr einen sonnigen Tag voller Spielspa\u00df!<\/p>\n","protected":false},"excerpt":{"rendered":"<p>Fang Seifenblasen mit dem Bubble Happer Dino! Dieser schnappende Dino hat nur ein Ziel: alle Seifenblasen zu fangen! Mit dem Bubble Happer Dino Seifenblasenset k\u00f6nnen Kinder endlos viele Seifenblasen pusten und fangen. Der Dino-Greifer macht es noch lustiger, den Seifenblasen hinterherzulaufen und sie zu fangen. Perfekt f\u00fcr viel Spielspa\u00df im Freien an einem sonnigen Tag! [&hellip;]<\/p>\n","protected":false},"featured_media":110308,"comment_status":"closed","ping_status":"closed","template":"","meta":{"_acf_changed":false},"product_brand":[],"product_cat":[119],"product_tag":[],"class_list":{"0":"post-114483","1":"product","2":"type-product","3":"status-publish","4":"has-post-thumbnail","6":"product_cat-draussen-spielen","7":"pa_leeftijd-filter-3-4-jahre","8":"pa_meest-populair-bij-jungen-maedchen","10":"first","11":"instock","12":"shipping-taxable","13":"product-type-simple"},"acf":[],"yoast_head":"<!-- This site is optimized with the Yoast SEO plugin v27.4 - https:\/\/yoast.com\/product\/yoast-seo-wordpress\/ -->\n<title>Seifenblasendino-Attacke - SES Creative<\/title>\n<meta name=\"robots\" content=\"index, follow, max-snippet:-1, max-image-preview:large, max-video-preview:-1\" \/>\n<link rel=\"canonical\" href=\"https:\/\/ses-creative.com\/de\/produkt\/seifenblasendino-attacke\/\" \/>\n<meta property=\"og:locale\" content=\"de_DE\" \/>\n<meta property=\"og:type\" content=\"article\" \/>\n<meta property=\"og:title\" content=\"Seifenblasendino-Attacke - SES Creative\" \/>\n<meta property=\"og:description\" content=\"Fang Seifenblasen mit dem Bubble Happer Dino! Dieser schnappende Dino hat nur ein Ziel: alle Seifenblasen zu fangen! Mit dem Bubble Happer Dino Seifenblasenset k\u00f6nnen Kinder endlos viele Seifenblasen pusten und fangen. Der Dino-Greifer macht es noch lustiger, den Seifenblasen hinterherzulaufen und sie zu fangen. Perfekt f\u00fcr viel Spielspa\u00df im Freien an einem sonnigen Tag! [&hellip;]\" \/>\n<meta property=\"og:url\" content=\"https:\/\/ses-creative.com\/de\/produkt\/seifenblasendino-attacke\/\" \/>\n<meta property=\"og:site_name\" content=\"SES Creative\" \/>\n<meta property=\"article:modified_time\" content=\"2026-02-06T09:51:21+00:00\" \/>\n<meta name=\"twitter:card\" content=\"summary_large_image\" \/>\n<meta name=\"twitter:label1\" content=\"Gesch\u00e4tzte Lesezeit\" \/>\n\t<meta name=\"twitter:data1\" content=\"2\u00a0Minuten\" \/>\n<script type=\"application\/ld+json\" class=\"yoast-schema-graph\">{\"@context\":\"https:\\\/\\\/schema.org\",\"@graph\":[{\"@type\":\"WebPage\",\"@id\":\"https:\\\/\\\/ses-creative.com\\\/de\\\/produkt\\\/seifenblasendino-attacke\\\/\",\"url\":\"https:\\\/\\\/ses-creative.com\\\/de\\\/produkt\\\/seifenblasendino-attacke\\\/\",\"name\":\"Seifenblasendino-Attacke - SES Creative\",\"isPartOf\":{\"@id\":\"https:\\\/\\\/ses-creative.com\\\/#website\"},\"primaryImageOfPage\":{\"@id\":\"https:\\\/\\\/ses-creative.com\\\/de\\\/produkt\\\/seifenblasendino-attacke\\\/#primaryimage\"},\"image\":{\"@id\":\"https:\\\/\\\/ses-creative.com\\\/de\\\/produkt\\\/seifenblasendino-attacke\\\/#primaryimage\"},\"thumbnailUrl\":\"https:\\\/\\\/ses-creative.com\\\/wp-content\\\/uploads\\\/2025\\\/12\\\/02250.jpeg\",\"datePublished\":\"2026-02-05T13:52:17+00:00\",\"dateModified\":\"2026-02-06T09:51:21+00:00\",\"breadcrumb\":{\"@id\":\"https:\\\/\\\/ses-creative.com\\\/de\\\/produkt\\\/seifenblasendino-attacke\\\/#breadcrumb\"},\"inLanguage\":\"de\",\"potentialAction\":[{\"@type\":\"ReadAction\",\"target\":[\"https:\\\/\\\/ses-creative.com\\\/de\\\/produkt\\\/seifenblasendino-attacke\\\/\"]}]},{\"@type\":\"ImageObject\",\"inLanguage\":\"de\",\"@id\":\"https:\\\/\\\/ses-creative.com\\\/de\\\/produkt\\\/seifenblasendino-attacke\\\/#primaryimage\",\"url\":\"https:\\\/\\\/ses-creative.com\\\/wp-content\\\/uploads\\\/2025\\\/12\\\/02250.jpeg\",\"contentUrl\":\"https:\\\/\\\/ses-creative.com\\\/wp-content\\\/uploads\\\/2025\\\/12\\\/02250.jpeg\",\"width\":2000,\"height\":2000},{\"@type\":\"BreadcrumbList\",\"@id\":\"https:\\\/\\\/ses-creative.com\\\/de\\\/produkt\\\/seifenblasendino-attacke\\\/#breadcrumb\",\"itemListElement\":[{\"@type\":\"ListItem\",\"position\":1,\"name\":\"Shop\",\"item\":\"https:\\\/\\\/ses-creative.com\\\/de\\\/shop\\\/\"},{\"@type\":\"ListItem\",\"position\":2,\"name\":\"Drau\u00dfen spielen\",\"item\":\"https:\\\/\\\/ses-creative.com\\\/de\\\/product-categorie\\\/draussen-spielen\\\/\"},{\"@type\":\"ListItem\",\"position\":3,\"name\":\"Seifenblasendino-Attacke\"}]},{\"@type\":\"WebSite\",\"@id\":\"https:\\\/\\\/ses-creative.com\\\/#website\",\"url\":\"https:\\\/\\\/ses-creative.com\\\/\",\"name\":\"SES Creative\",\"description\":\"\",\"publisher\":{\"@id\":\"https:\\\/\\\/ses-creative.com\\\/#organization\"},\"potentialAction\":[{\"@type\":\"SearchAction\",\"target\":{\"@type\":\"EntryPoint\",\"urlTemplate\":\"https:\\\/\\\/ses-creative.com\\\/?s={search_term_string}\"},\"query-input\":{\"@type\":\"PropertyValueSpecification\",\"valueRequired\":true,\"valueName\":\"search_term_string\"}}],\"inLanguage\":\"de\"},{\"@type\":\"Organization\",\"@id\":\"https:\\\/\\\/ses-creative.com\\\/#organization\",\"name\":\"SES Creative\",\"url\":\"https:\\\/\\\/ses-creative.com\\\/\",\"logo\":{\"@type\":\"ImageObject\",\"inLanguage\":\"de\",\"@id\":\"https:\\\/\\\/ses-creative.com\\\/#\\\/schema\\\/logo\\\/image\\\/\",\"url\":\"https:\\\/\\\/ses-creative.com\\\/wp-content\\\/uploads\\\/2025\\\/10\\\/ses-creative-logo.jpg\",\"contentUrl\":\"https:\\\/\\\/ses-creative.com\\\/wp-content\\\/uploads\\\/2025\\\/10\\\/ses-creative-logo.jpg\",\"width\":2037,\"height\":2037,\"caption\":\"SES Creative\"},\"image\":{\"@id\":\"https:\\\/\\\/ses-creative.com\\\/#\\\/schema\\\/logo\\\/image\\\/\"}}]}<\/script>\n<!-- \/ Yoast SEO plugin. -->","yoast_head_json":{"title":"Seifenblasendino-Attacke - SES Creative","robots":{"index":"index","follow":"follow","max-snippet":"max-snippet:-1","max-image-preview":"max-image-preview:large","max-video-preview":"max-video-preview:-1"},"canonical":"https:\/\/ses-creative.com\/de\/produkt\/seifenblasendino-attacke\/","og_locale":"de_DE","og_type":"article","og_title":"Seifenblasendino-Attacke - SES Creative","og_description":"Fang Seifenblasen mit dem Bubble Happer Dino! Dieser schnappende Dino hat nur ein Ziel: alle Seifenblasen zu fangen! Mit dem Bubble Happer Dino Seifenblasenset k\u00f6nnen Kinder endlos viele Seifenblasen pusten und fangen. Der Dino-Greifer macht es noch lustiger, den Seifenblasen hinterherzulaufen und sie zu fangen. Perfekt f\u00fcr viel Spielspa\u00df im Freien an einem sonnigen Tag! [&hellip;]","og_url":"https:\/\/ses-creative.com\/de\/produkt\/seifenblasendino-attacke\/","og_site_name":"SES Creative","article_modified_time":"2026-02-06T09:51:21+00:00","twitter_card":"summary_large_image","twitter_misc":{"Gesch\u00e4tzte Lesezeit":"2\u00a0Minuten"},"schema":{"@context":"https:\/\/schema.org","@graph":[{"@type":"WebPage","@id":"https:\/\/ses-creative.com\/de\/produkt\/seifenblasendino-attacke\/","url":"https:\/\/ses-creative.com\/de\/produkt\/seifenblasendino-attacke\/","name":"Seifenblasendino-Attacke - SES Creative","isPartOf":{"@id":"https:\/\/ses-creative.com\/#website"},"primaryImageOfPage":{"@id":"https:\/\/ses-creative.com\/de\/produkt\/seifenblasendino-attacke\/#primaryimage"},"image":{"@id":"https:\/\/ses-creative.com\/de\/produkt\/seifenblasendino-attacke\/#primaryimage"},"thumbnailUrl":"https:\/\/ses-creative.com\/wp-content\/uploads\/2025\/12\/02250.jpeg","datePublished":"2026-02-05T13:52:17+00:00","dateModified":"2026-02-06T09:51:21+00:00","breadcrumb":{"@id":"https:\/\/ses-creative.com\/de\/produkt\/seifenblasendino-attacke\/#breadcrumb"},"inLanguage":"de","potentialAction":[{"@type":"ReadAction","target":["https:\/\/ses-creative.com\/de\/produkt\/seifenblasendino-attacke\/"]}]},{"@type":"ImageObject","inLanguage":"de","@id":"https:\/\/ses-creative.com\/de\/produkt\/seifenblasendino-attacke\/#primaryimage","url":"https:\/\/ses-creative.com\/wp-content\/uploads\/2025\/12\/02250.jpeg","contentUrl":"https:\/\/ses-creative.com\/wp-content\/uploads\/2025\/12\/02250.jpeg","width":2000,"height":2000},{"@type":"BreadcrumbList","@id":"https:\/\/ses-creative.com\/de\/produkt\/seifenblasendino-attacke\/#breadcrumb","itemListElement":[{"@type":"ListItem","position":1,"name":"Shop","item":"https:\/\/ses-creative.com\/de\/shop\/"},{"@type":"ListItem","position":2,"name":"Drau\u00dfen spielen","item":"https:\/\/ses-creative.com\/de\/product-categorie\/draussen-spielen\/"},{"@type":"ListItem","position":3,"name":"Seifenblasendino-Attacke"}]},{"@type":"WebSite","@id":"https:\/\/ses-creative.com\/#website","url":"https:\/\/ses-creative.com\/","name":"SES Creative","description":"","publisher":{"@id":"https:\/\/ses-creative.com\/#organization"},"potentialAction":[{"@type":"SearchAction","target":{"@type":"EntryPoint","urlTemplate":"https:\/\/ses-creative.com\/?s={search_term_string}"},"query-input":{"@type":"PropertyValueSpecification","valueRequired":true,"valueName":"search_term_string"}}],"inLanguage":"de"},{"@type":"Organization","@id":"https:\/\/ses-creative.com\/#organization","name":"SES Creative","url":"https:\/\/ses-creative.com\/","logo":{"@type":"ImageObject","inLanguage":"de","@id":"https:\/\/ses-creative.com\/#\/schema\/logo\/image\/","url":"https:\/\/ses-creative.com\/wp-content\/uploads\/2025\/10\/ses-creative-logo.jpg","contentUrl":"https:\/\/ses-creative.com\/wp-content\/uploads\/2025\/10\/ses-creative-logo.jpg","width":2037,"height":2037,"caption":"SES Creative"},"image":{"@id":"https:\/\/ses-creative.com\/#\/schema\/logo\/image\/"}}]}},"_links":{"self":[{"href":"https:\/\/ses-creative.com\/de\/wp-json\/wp\/v2\/product\/114483","targetHints":{"allow":["GET"]}}],"collection":[{"href":"https:\/\/ses-creative.com\/de\/wp-json\/wp\/v2\/product"}],"about":[{"href":"https:\/\/ses-creative.com\/de\/wp-json\/wp\/v2\/types\/product"}],"replies":[{"embeddable":true,"href":"https:\/\/ses-creative.com\/de\/wp-json\/wp\/v2\/comments?post=114483"}],"wp:featuredmedia":[{"embeddable":true,"href":"https:\/\/ses-creative.com\/de\/wp-json\/wp\/v2\/media\/110308"}],"wp:attachment":[{"href":"https:\/\/ses-creative.com\/de\/wp-json\/wp\/v2\/media?parent=114483"}],"wp:term":[{"taxonomy":"product_brand","embeddable":true,"href":"https:\/\/ses-creative.com\/de\/wp-json\/wp\/v2\/product_brand?post=114483"},{"taxonomy":"product_cat","embeddable":true,"href":"https:\/\/ses-creative.com\/de\/wp-json\/wp\/v2\/product_cat?post=114483"},{"taxonomy":"product_tag","embeddable":true,"href":"https:\/\/ses-creative.com\/de\/wp-json\/wp\/v2\/product_tag?post=114483"}],"curies":[{"name":"wp","href":"https:\/\/api.w.org\/{rel}","templated":true}]}}