











{"id":114481,"date":"2026-02-05T13:52:16","date_gmt":"2026-02-05T13:52:16","guid":{"rendered":"https:\/\/ses-creative.com\/?post_type=product&#038;p=114481"},"modified":"2026-02-06T09:51:21","modified_gmt":"2026-02-06T09:51:21","slug":"jump-animals-gummitwist-spiele","status":"publish","type":"product","link":"https:\/\/ses-creative.com\/de\/produkt\/jump-animals-gummitwist-spiele\/","title":{"rendered":"Jump! Animals &#8211; Gummitwist-Spiele"},"content":{"rendered":"<p>Springe, drehe dich und zeige die coolsten Tricks mit Jump! Animals \u2013 Elastische Herausforderungen<br \/>\nElastik war noch nie so spannend wie mit Jump! Animals. Drehe das Drehrad, um zu bestimmen, welchen coolen Trick du ausf\u00fchren musst und wie du das coole Glitzer-Elastikband spannen musst. Mit 27 Spielkarten voller cooler Tiere kannst du endlos viele Tricks entdecken. Springen, drehen und stampfen! Das ist das Spiel, das du mit all deinen Freunden spielen solltest. Wie viele Tricks kannst du mit dem Springgummiband ausf\u00fchren? Eins, zwei, drei, Jump!<br \/>\nWas dieses Set so toll macht<br \/>\n&#8211;    Aktives Spielzeug f\u00fcr drau\u00dfen. F\u00f6rdert das Zusammenspiel<br \/>\n&#8211;    Bestimme mit dem Spinner den Trick, den du ausf\u00fchren musst, und den Schwierigkeitsgrad<br \/>\n&#8211;    Die Spielkarten haben lustige Tierfiguren, die dazu einladen, die Tricks auszuprobieren<br \/>\n&#8211;    Robustes Gummiband mit Glitzer f\u00fcr zus\u00e4tzlichen Spielspa\u00df<br \/>\n&#8211;    3,5 Meter langes Gummiband, geeignet f\u00fcr verschiedene Herausforderungen<br \/>\nDas ultimative Gummibandspiel!<br \/>\nJump! Animals ist perfekt f\u00fcr Kinder ab 3 Jahren, die gerne aktiv im Freien spielen. Das Spiel bietet zahlreiche M\u00f6glichkeiten, gemeinsam mit Freunden neue Tricks zu entdecken und auszuf\u00fchren.<br \/>\nInhalt des Sets<br \/>\n&#8211;    Gummiband mit Glitzer (3,5 Meter)<br \/>\n&#8211; Drehscheibe f\u00fcr Aufgaben<br \/>\n&#8211;    27 Spielkarten mit Spr\u00fcngen und Tricks<br \/>\nWarum SES Creative w\u00e4hlen?<br \/>\nBei SES Creative legen wir gro\u00dfen Wert auf Sicherheit. Deshalb werden die Produkte in der Fabrik in den Niederlanden nach den strengsten europ\u00e4ischen Sicherheitsnormen hergestellt und getestet. Spielzeug von SES Creative sorgt f\u00fcr Spa\u00df und soll Kindern ein Gef\u00fchl des Stolzes auf ihre Arbeit vermitteln, was ihre Kreativit\u00e4t und Entwicklung f\u00f6rdert.<br \/>\nBist du bereit zum Springen?<br \/>\nSchnapp dir das Gummiband, drehe den Spinner und beginne dein Gummiband-Abenteuer mit Jump! Animals. Entdecke, wie viele Tricks du lernen kannst, und erlebe stundenlangen Spielspa\u00df!<\/p>\n","protected":false},"excerpt":{"rendered":"<p>Springe, drehe dich und zeige die coolsten Tricks mit Jump! Animals \u2013 Elastische Herausforderungen Elastik war noch nie so spannend wie mit Jump! Animals. Drehe das Drehrad, um zu bestimmen, welchen coolen Trick du ausf\u00fchren musst und wie du das coole Glitzer-Elastikband spannen musst. Mit 27 Spielkarten voller cooler Tiere kannst du endlos viele Tricks [&hellip;]<\/p>\n","protected":false},"featured_media":99048,"comment_status":"closed","ping_status":"closed","template":"","meta":{"_acf_changed":false},"product_brand":[],"product_cat":[119],"product_tag":[],"class_list":{"0":"post-114481","1":"product","2":"type-product","3":"status-publish","4":"has-post-thumbnail","6":"product_cat-draussen-spielen","7":"pa_collecties-fitness-kids","8":"pa_leeftijd-filter-3-4-jahre","9":"pa_meest-populair-bij-jungen-maedchen","11":"first","12":"instock","13":"shipping-taxable","14":"product-type-simple"},"acf":[],"yoast_head":"<!-- This site is optimized with the Yoast SEO plugin v27.4 - https:\/\/yoast.com\/product\/yoast-seo-wordpress\/ -->\n<title>Jump! Animals - Gummitwist-Spiele - SES Creative<\/title>\n<meta name=\"robots\" content=\"index, follow, max-snippet:-1, max-image-preview:large, max-video-preview:-1\" \/>\n<link rel=\"canonical\" href=\"https:\/\/ses-creative.com\/de\/produkt\/jump-animals-gummitwist-spiele\/\" \/>\n<meta property=\"og:locale\" content=\"de_DE\" \/>\n<meta property=\"og:type\" content=\"article\" \/>\n<meta property=\"og:title\" content=\"Jump! Animals - Gummitwist-Spiele - SES Creative\" \/>\n<meta property=\"og:description\" content=\"Springe, drehe dich und zeige die coolsten Tricks mit Jump! Animals \u2013 Elastische Herausforderungen Elastik war noch nie so spannend wie mit Jump! Animals. Drehe das Drehrad, um zu bestimmen, welchen coolen Trick du ausf\u00fchren musst und wie du das coole Glitzer-Elastikband spannen musst. Mit 27 Spielkarten voller cooler Tiere kannst du endlos viele Tricks [&hellip;]\" \/>\n<meta property=\"og:url\" content=\"https:\/\/ses-creative.com\/de\/produkt\/jump-animals-gummitwist-spiele\/\" \/>\n<meta property=\"og:site_name\" content=\"SES Creative\" \/>\n<meta property=\"article:modified_time\" content=\"2026-02-06T09:51:21+00:00\" \/>\n<meta name=\"twitter:card\" content=\"summary_large_image\" \/>\n<meta name=\"twitter:label1\" content=\"Gesch\u00e4tzte Lesezeit\" \/>\n\t<meta name=\"twitter:data1\" content=\"1\u00a0Minute\" \/>\n<script type=\"application\/ld+json\" class=\"yoast-schema-graph\">{\"@context\":\"https:\\\/\\\/schema.org\",\"@graph\":[{\"@type\":\"WebPage\",\"@id\":\"https:\\\/\\\/ses-creative.com\\\/de\\\/produkt\\\/jump-animals-gummitwist-spiele\\\/\",\"url\":\"https:\\\/\\\/ses-creative.com\\\/de\\\/produkt\\\/jump-animals-gummitwist-spiele\\\/\",\"name\":\"Jump! Animals - Gummitwist-Spiele - SES Creative\",\"isPartOf\":{\"@id\":\"https:\\\/\\\/ses-creative.com\\\/#website\"},\"primaryImageOfPage\":{\"@id\":\"https:\\\/\\\/ses-creative.com\\\/de\\\/produkt\\\/jump-animals-gummitwist-spiele\\\/#primaryimage\"},\"image\":{\"@id\":\"https:\\\/\\\/ses-creative.com\\\/de\\\/produkt\\\/jump-animals-gummitwist-spiele\\\/#primaryimage\"},\"thumbnailUrl\":\"https:\\\/\\\/ses-creative.com\\\/wp-content\\\/uploads\\\/2026\\\/01\\\/022481.jpg\",\"datePublished\":\"2026-02-05T13:52:16+00:00\",\"dateModified\":\"2026-02-06T09:51:21+00:00\",\"breadcrumb\":{\"@id\":\"https:\\\/\\\/ses-creative.com\\\/de\\\/produkt\\\/jump-animals-gummitwist-spiele\\\/#breadcrumb\"},\"inLanguage\":\"de\",\"potentialAction\":[{\"@type\":\"ReadAction\",\"target\":[\"https:\\\/\\\/ses-creative.com\\\/de\\\/produkt\\\/jump-animals-gummitwist-spiele\\\/\"]}]},{\"@type\":\"ImageObject\",\"inLanguage\":\"de\",\"@id\":\"https:\\\/\\\/ses-creative.com\\\/de\\\/produkt\\\/jump-animals-gummitwist-spiele\\\/#primaryimage\",\"url\":\"https:\\\/\\\/ses-creative.com\\\/wp-content\\\/uploads\\\/2026\\\/01\\\/022481.jpg\",\"contentUrl\":\"https:\\\/\\\/ses-creative.com\\\/wp-content\\\/uploads\\\/2026\\\/01\\\/022481.jpg\",\"width\":1000,\"height\":1000},{\"@type\":\"BreadcrumbList\",\"@id\":\"https:\\\/\\\/ses-creative.com\\\/de\\\/produkt\\\/jump-animals-gummitwist-spiele\\\/#breadcrumb\",\"itemListElement\":[{\"@type\":\"ListItem\",\"position\":1,\"name\":\"Shop\",\"item\":\"https:\\\/\\\/ses-creative.com\\\/de\\\/shop\\\/\"},{\"@type\":\"ListItem\",\"position\":2,\"name\":\"Drau\u00dfen spielen\",\"item\":\"https:\\\/\\\/ses-creative.com\\\/de\\\/product-categorie\\\/draussen-spielen\\\/\"},{\"@type\":\"ListItem\",\"position\":3,\"name\":\"Jump! Animals &#8211; Gummitwist-Spiele\"}]},{\"@type\":\"WebSite\",\"@id\":\"https:\\\/\\\/ses-creative.com\\\/#website\",\"url\":\"https:\\\/\\\/ses-creative.com\\\/\",\"name\":\"SES Creative\",\"description\":\"\",\"publisher\":{\"@id\":\"https:\\\/\\\/ses-creative.com\\\/#organization\"},\"potentialAction\":[{\"@type\":\"SearchAction\",\"target\":{\"@type\":\"EntryPoint\",\"urlTemplate\":\"https:\\\/\\\/ses-creative.com\\\/?s={search_term_string}\"},\"query-input\":{\"@type\":\"PropertyValueSpecification\",\"valueRequired\":true,\"valueName\":\"search_term_string\"}}],\"inLanguage\":\"de\"},{\"@type\":\"Organization\",\"@id\":\"https:\\\/\\\/ses-creative.com\\\/#organization\",\"name\":\"SES Creative\",\"url\":\"https:\\\/\\\/ses-creative.com\\\/\",\"logo\":{\"@type\":\"ImageObject\",\"inLanguage\":\"de\",\"@id\":\"https:\\\/\\\/ses-creative.com\\\/#\\\/schema\\\/logo\\\/image\\\/\",\"url\":\"https:\\\/\\\/ses-creative.com\\\/wp-content\\\/uploads\\\/2025\\\/10\\\/ses-creative-logo.jpg\",\"contentUrl\":\"https:\\\/\\\/ses-creative.com\\\/wp-content\\\/uploads\\\/2025\\\/10\\\/ses-creative-logo.jpg\",\"width\":2037,\"height\":2037,\"caption\":\"SES Creative\"},\"image\":{\"@id\":\"https:\\\/\\\/ses-creative.com\\\/#\\\/schema\\\/logo\\\/image\\\/\"}}]}<\/script>\n<!-- \/ Yoast SEO plugin. -->","yoast_head_json":{"title":"Jump! Animals - Gummitwist-Spiele - SES Creative","robots":{"index":"index","follow":"follow","max-snippet":"max-snippet:-1","max-image-preview":"max-image-preview:large","max-video-preview":"max-video-preview:-1"},"canonical":"https:\/\/ses-creative.com\/de\/produkt\/jump-animals-gummitwist-spiele\/","og_locale":"de_DE","og_type":"article","og_title":"Jump! Animals - Gummitwist-Spiele - SES Creative","og_description":"Springe, drehe dich und zeige die coolsten Tricks mit Jump! Animals \u2013 Elastische Herausforderungen Elastik war noch nie so spannend wie mit Jump! Animals. Drehe das Drehrad, um zu bestimmen, welchen coolen Trick du ausf\u00fchren musst und wie du das coole Glitzer-Elastikband spannen musst. Mit 27 Spielkarten voller cooler Tiere kannst du endlos viele Tricks [&hellip;]","og_url":"https:\/\/ses-creative.com\/de\/produkt\/jump-animals-gummitwist-spiele\/","og_site_name":"SES Creative","article_modified_time":"2026-02-06T09:51:21+00:00","twitter_card":"summary_large_image","twitter_misc":{"Gesch\u00e4tzte Lesezeit":"1\u00a0Minute"},"schema":{"@context":"https:\/\/schema.org","@graph":[{"@type":"WebPage","@id":"https:\/\/ses-creative.com\/de\/produkt\/jump-animals-gummitwist-spiele\/","url":"https:\/\/ses-creative.com\/de\/produkt\/jump-animals-gummitwist-spiele\/","name":"Jump! Animals - Gummitwist-Spiele - SES Creative","isPartOf":{"@id":"https:\/\/ses-creative.com\/#website"},"primaryImageOfPage":{"@id":"https:\/\/ses-creative.com\/de\/produkt\/jump-animals-gummitwist-spiele\/#primaryimage"},"image":{"@id":"https:\/\/ses-creative.com\/de\/produkt\/jump-animals-gummitwist-spiele\/#primaryimage"},"thumbnailUrl":"https:\/\/ses-creative.com\/wp-content\/uploads\/2026\/01\/022481.jpg","datePublished":"2026-02-05T13:52:16+00:00","dateModified":"2026-02-06T09:51:21+00:00","breadcrumb":{"@id":"https:\/\/ses-creative.com\/de\/produkt\/jump-animals-gummitwist-spiele\/#breadcrumb"},"inLanguage":"de","potentialAction":[{"@type":"ReadAction","target":["https:\/\/ses-creative.com\/de\/produkt\/jump-animals-gummitwist-spiele\/"]}]},{"@type":"ImageObject","inLanguage":"de","@id":"https:\/\/ses-creative.com\/de\/produkt\/jump-animals-gummitwist-spiele\/#primaryimage","url":"https:\/\/ses-creative.com\/wp-content\/uploads\/2026\/01\/022481.jpg","contentUrl":"https:\/\/ses-creative.com\/wp-content\/uploads\/2026\/01\/022481.jpg","width":1000,"height":1000},{"@type":"BreadcrumbList","@id":"https:\/\/ses-creative.com\/de\/produkt\/jump-animals-gummitwist-spiele\/#breadcrumb","itemListElement":[{"@type":"ListItem","position":1,"name":"Shop","item":"https:\/\/ses-creative.com\/de\/shop\/"},{"@type":"ListItem","position":2,"name":"Drau\u00dfen spielen","item":"https:\/\/ses-creative.com\/de\/product-categorie\/draussen-spielen\/"},{"@type":"ListItem","position":3,"name":"Jump! Animals &#8211; Gummitwist-Spiele"}]},{"@type":"WebSite","@id":"https:\/\/ses-creative.com\/#website","url":"https:\/\/ses-creative.com\/","name":"SES Creative","description":"","publisher":{"@id":"https:\/\/ses-creative.com\/#organization"},"potentialAction":[{"@type":"SearchAction","target":{"@type":"EntryPoint","urlTemplate":"https:\/\/ses-creative.com\/?s={search_term_string}"},"query-input":{"@type":"PropertyValueSpecification","valueRequired":true,"valueName":"search_term_string"}}],"inLanguage":"de"},{"@type":"Organization","@id":"https:\/\/ses-creative.com\/#organization","name":"SES Creative","url":"https:\/\/ses-creative.com\/","logo":{"@type":"ImageObject","inLanguage":"de","@id":"https:\/\/ses-creative.com\/#\/schema\/logo\/image\/","url":"https:\/\/ses-creative.com\/wp-content\/uploads\/2025\/10\/ses-creative-logo.jpg","contentUrl":"https:\/\/ses-creative.com\/wp-content\/uploads\/2025\/10\/ses-creative-logo.jpg","width":2037,"height":2037,"caption":"SES Creative"},"image":{"@id":"https:\/\/ses-creative.com\/#\/schema\/logo\/image\/"}}]}},"_links":{"self":[{"href":"https:\/\/ses-creative.com\/de\/wp-json\/wp\/v2\/product\/114481","targetHints":{"allow":["GET"]}}],"collection":[{"href":"https:\/\/ses-creative.com\/de\/wp-json\/wp\/v2\/product"}],"about":[{"href":"https:\/\/ses-creative.com\/de\/wp-json\/wp\/v2\/types\/product"}],"replies":[{"embeddable":true,"href":"https:\/\/ses-creative.com\/de\/wp-json\/wp\/v2\/comments?post=114481"}],"wp:featuredmedia":[{"embeddable":true,"href":"https:\/\/ses-creative.com\/de\/wp-json\/wp\/v2\/media\/99048"}],"wp:attachment":[{"href":"https:\/\/ses-creative.com\/de\/wp-json\/wp\/v2\/media?parent=114481"}],"wp:term":[{"taxonomy":"product_brand","embeddable":true,"href":"https:\/\/ses-creative.com\/de\/wp-json\/wp\/v2\/product_brand?post=114481"},{"taxonomy":"product_cat","embeddable":true,"href":"https:\/\/ses-creative.com\/de\/wp-json\/wp\/v2\/product_cat?post=114481"},{"taxonomy":"product_tag","embeddable":true,"href":"https:\/\/ses-creative.com\/de\/wp-json\/wp\/v2\/product_tag?post=114481"}],"curies":[{"name":"wp","href":"https:\/\/api.w.org\/{rel}","templated":true}]}}