











{"id":114480,"date":"2026-02-05T13:52:15","date_gmt":"2026-02-05T13:52:15","guid":{"rendered":"https:\/\/ses-creative.com\/?post_type=product&#038;p=114480"},"modified":"2026-02-06T09:51:19","modified_gmt":"2026-02-06T09:51:19","slug":"spiele-reiserucksack","status":"publish","type":"product","link":"https:\/\/ses-creative.com\/de\/produkt\/spiele-reiserucksack\/","title":{"rendered":"Spiele Reiserucksack"},"content":{"rendered":"<p>Mit dem Aktivit\u00e4tsrucksack immer und \u00fcberall Spielspa\u00df!<br \/>\nMit diesem praktischen Aktivit\u00e4tsrucksack von SES Creative macht eine \u00dcbernachtung oder ein Urlaub noch mehr Spa\u00df. Der Rucksack ist voller kreativer Aktivit\u00e4ten, mit denen Kinder sich stundenlang besch\u00e4ftigen k\u00f6nnen. Rubbelkarten, Aufkleber und lustige Postkarten, die man ganz nach Belieben verzieren kann! Es gibt unz\u00e4hlige kreative M\u00f6glichkeiten. Aber das ist noch nicht alles: Auch die Tasche kann durch Ausmalen ganz individuell gestaltet werden, und es sind sogar Fensteraufkleber enthalten. Ob unterwegs, im Urlaub oder einfach zu Hause \u2013 mit dieser Tasche kommt nie Langeweile auf!<br \/>\nWas dieses Set so toll macht<br \/>\n&#8211;    Der Rucksack ist superpraktisch, um alle Aktivit\u00e4ten mitzunehmen, praktisch f\u00fcr den Urlaub<br \/>\n&#8211;    Die Tasche enth\u00e4lt verschiedene Aktivit\u00e4ten. Postkarten zum Ausmalen und Verzieren mit Aufklebern, Rubbelkarten und Fensteraufkleber<br \/>\n&#8211;    Der Rucksack kann auch sch\u00f6n verziert werden<br \/>\n&#8211;    Kreatives Spielzeug. Ausmalen und Aufkleben<br \/>\n&#8211;    Perfekt f\u00fcr unterwegs, aber auch zum Spielen zu Hause<br \/>\nKreative Unterhaltung, wo immer Sie auch hingehen<br \/>\nOb auf dem Weg zu einer \u00dcbernachtungsparty, einer langen Autofahrt oder einfach zum Spielen zu Hause \u2013 dieser Rucksack bietet endlosen Spa\u00df. Er ist der perfekte Begleiter f\u00fcr kreative Kinder, die gerne neue Aktivit\u00e4ten ausprobieren.<br \/>\nWas ist im Rucksack enthalten?<br \/>\n&#8211;    Fr\u00f6hlicher Rucksack, der selbst ausgemalt und verziert werden kann<br \/>\n&#8211;    3 Rubbelkarten<br \/>\n&#8211;    4 Postkarten zum Ausmalen<br \/>\n&#8211;    Buntstifte<br \/>\n&#8211;    Fensteraufkleber<br \/>\n&#8211;    Aufkleber<br \/>\nWarum SES Creative w\u00e4hlen?<br \/>\nBei SES Creative legen wir gro\u00dfen Wert auf Sicherheit. Deshalb werden die Produkte in unserer Fabrik in den Niederlanden nach den strengsten europ\u00e4ischen Sicherheitsnormen hergestellt und getestet. Spielzeug von SES Creative sorgt f\u00fcr Spa\u00df und soll Kindern ein Gef\u00fchl des Stolzes auf ihre Arbeit vermitteln, was ihre Kreativit\u00e4t und Entwicklung f\u00f6rdert.<br \/>\nBegib dich mit deinem eigenen Aktivit\u00e4tsrucksack auf Abenteuerreise!<br \/>\nMit dem Aktivit\u00e4tsrucksack von SES Creative haben Sie immer etwas Sch\u00f6nes zur Hand. Packen Sie Ihren Rucksack und entdecken Sie, wie viel kreativen Spa\u00df Sie unterwegs haben k\u00f6nnen!<\/p>\n","protected":false},"excerpt":{"rendered":"<p>Mit dem Aktivit\u00e4tsrucksack immer und \u00fcberall Spielspa\u00df! Mit diesem praktischen Aktivit\u00e4tsrucksack von SES Creative macht eine \u00dcbernachtung oder ein Urlaub noch mehr Spa\u00df. Der Rucksack ist voller kreativer Aktivit\u00e4ten, mit denen Kinder sich stundenlang besch\u00e4ftigen k\u00f6nnen. Rubbelkarten, Aufkleber und lustige Postkarten, die man ganz nach Belieben verzieren kann! Es gibt unz\u00e4hlige kreative M\u00f6glichkeiten. Aber das [&hellip;]<\/p>\n","protected":false},"featured_media":93700,"comment_status":"closed","ping_status":"closed","template":"","meta":{"_acf_changed":false},"product_brand":[],"product_cat":[119],"product_tag":[],"class_list":{"0":"post-114480","1":"product","2":"type-product","3":"status-publish","4":"has-post-thumbnail","6":"product_cat-draussen-spielen","7":"pa_leeftijd-filter-3-4-jahre","8":"pa_meest-populair-bij-jungen-maedchen","10":"first","11":"instock","12":"shipping-taxable","13":"product-type-simple"},"acf":[],"yoast_head":"<!-- This site is optimized with the Yoast SEO plugin v27.4 - https:\/\/yoast.com\/product\/yoast-seo-wordpress\/ -->\n<title>Spiele Reiserucksack - SES Creative<\/title>\n<meta name=\"robots\" content=\"index, follow, max-snippet:-1, max-image-preview:large, max-video-preview:-1\" \/>\n<link rel=\"canonical\" href=\"https:\/\/ses-creative.com\/de\/produkt\/spiele-reiserucksack\/\" \/>\n<meta property=\"og:locale\" content=\"de_DE\" \/>\n<meta property=\"og:type\" content=\"article\" \/>\n<meta property=\"og:title\" content=\"Spiele Reiserucksack - SES Creative\" \/>\n<meta property=\"og:description\" content=\"Mit dem Aktivit\u00e4tsrucksack immer und \u00fcberall Spielspa\u00df! Mit diesem praktischen Aktivit\u00e4tsrucksack von SES Creative macht eine \u00dcbernachtung oder ein Urlaub noch mehr Spa\u00df. Der Rucksack ist voller kreativer Aktivit\u00e4ten, mit denen Kinder sich stundenlang besch\u00e4ftigen k\u00f6nnen. Rubbelkarten, Aufkleber und lustige Postkarten, die man ganz nach Belieben verzieren kann! Es gibt unz\u00e4hlige kreative M\u00f6glichkeiten. Aber das [&hellip;]\" \/>\n<meta property=\"og:url\" content=\"https:\/\/ses-creative.com\/de\/produkt\/spiele-reiserucksack\/\" \/>\n<meta property=\"og:site_name\" content=\"SES Creative\" \/>\n<meta property=\"article:modified_time\" content=\"2026-02-06T09:51:19+00:00\" \/>\n<meta name=\"twitter:card\" content=\"summary_large_image\" \/>\n<meta name=\"twitter:label1\" content=\"Gesch\u00e4tzte Lesezeit\" \/>\n\t<meta name=\"twitter:data1\" content=\"2\u00a0Minuten\" \/>\n<script type=\"application\/ld+json\" class=\"yoast-schema-graph\">{\"@context\":\"https:\\\/\\\/schema.org\",\"@graph\":[{\"@type\":\"WebPage\",\"@id\":\"https:\\\/\\\/ses-creative.com\\\/de\\\/produkt\\\/spiele-reiserucksack\\\/\",\"url\":\"https:\\\/\\\/ses-creative.com\\\/de\\\/produkt\\\/spiele-reiserucksack\\\/\",\"name\":\"Spiele Reiserucksack - SES Creative\",\"isPartOf\":{\"@id\":\"https:\\\/\\\/ses-creative.com\\\/#website\"},\"primaryImageOfPage\":{\"@id\":\"https:\\\/\\\/ses-creative.com\\\/de\\\/produkt\\\/spiele-reiserucksack\\\/#primaryimage\"},\"image\":{\"@id\":\"https:\\\/\\\/ses-creative.com\\\/de\\\/produkt\\\/spiele-reiserucksack\\\/#primaryimage\"},\"thumbnailUrl\":\"https:\\\/\\\/ses-creative.com\\\/wp-content\\\/uploads\\\/2026\\\/01\\\/022391.jpg\",\"datePublished\":\"2026-02-05T13:52:15+00:00\",\"dateModified\":\"2026-02-06T09:51:19+00:00\",\"breadcrumb\":{\"@id\":\"https:\\\/\\\/ses-creative.com\\\/de\\\/produkt\\\/spiele-reiserucksack\\\/#breadcrumb\"},\"inLanguage\":\"de\",\"potentialAction\":[{\"@type\":\"ReadAction\",\"target\":[\"https:\\\/\\\/ses-creative.com\\\/de\\\/produkt\\\/spiele-reiserucksack\\\/\"]}]},{\"@type\":\"ImageObject\",\"inLanguage\":\"de\",\"@id\":\"https:\\\/\\\/ses-creative.com\\\/de\\\/produkt\\\/spiele-reiserucksack\\\/#primaryimage\",\"url\":\"https:\\\/\\\/ses-creative.com\\\/wp-content\\\/uploads\\\/2026\\\/01\\\/022391.jpg\",\"contentUrl\":\"https:\\\/\\\/ses-creative.com\\\/wp-content\\\/uploads\\\/2026\\\/01\\\/022391.jpg\",\"width\":1000,\"height\":1000},{\"@type\":\"BreadcrumbList\",\"@id\":\"https:\\\/\\\/ses-creative.com\\\/de\\\/produkt\\\/spiele-reiserucksack\\\/#breadcrumb\",\"itemListElement\":[{\"@type\":\"ListItem\",\"position\":1,\"name\":\"Shop\",\"item\":\"https:\\\/\\\/ses-creative.com\\\/de\\\/shop\\\/\"},{\"@type\":\"ListItem\",\"position\":2,\"name\":\"Drau\u00dfen spielen\",\"item\":\"https:\\\/\\\/ses-creative.com\\\/de\\\/product-categorie\\\/draussen-spielen\\\/\"},{\"@type\":\"ListItem\",\"position\":3,\"name\":\"Spiele Reiserucksack\"}]},{\"@type\":\"WebSite\",\"@id\":\"https:\\\/\\\/ses-creative.com\\\/#website\",\"url\":\"https:\\\/\\\/ses-creative.com\\\/\",\"name\":\"SES Creative\",\"description\":\"\",\"publisher\":{\"@id\":\"https:\\\/\\\/ses-creative.com\\\/#organization\"},\"potentialAction\":[{\"@type\":\"SearchAction\",\"target\":{\"@type\":\"EntryPoint\",\"urlTemplate\":\"https:\\\/\\\/ses-creative.com\\\/?s={search_term_string}\"},\"query-input\":{\"@type\":\"PropertyValueSpecification\",\"valueRequired\":true,\"valueName\":\"search_term_string\"}}],\"inLanguage\":\"de\"},{\"@type\":\"Organization\",\"@id\":\"https:\\\/\\\/ses-creative.com\\\/#organization\",\"name\":\"SES Creative\",\"url\":\"https:\\\/\\\/ses-creative.com\\\/\",\"logo\":{\"@type\":\"ImageObject\",\"inLanguage\":\"de\",\"@id\":\"https:\\\/\\\/ses-creative.com\\\/#\\\/schema\\\/logo\\\/image\\\/\",\"url\":\"https:\\\/\\\/ses-creative.com\\\/wp-content\\\/uploads\\\/2025\\\/10\\\/ses-creative-logo.jpg\",\"contentUrl\":\"https:\\\/\\\/ses-creative.com\\\/wp-content\\\/uploads\\\/2025\\\/10\\\/ses-creative-logo.jpg\",\"width\":2037,\"height\":2037,\"caption\":\"SES Creative\"},\"image\":{\"@id\":\"https:\\\/\\\/ses-creative.com\\\/#\\\/schema\\\/logo\\\/image\\\/\"}}]}<\/script>\n<!-- \/ Yoast SEO plugin. -->","yoast_head_json":{"title":"Spiele Reiserucksack - SES Creative","robots":{"index":"index","follow":"follow","max-snippet":"max-snippet:-1","max-image-preview":"max-image-preview:large","max-video-preview":"max-video-preview:-1"},"canonical":"https:\/\/ses-creative.com\/de\/produkt\/spiele-reiserucksack\/","og_locale":"de_DE","og_type":"article","og_title":"Spiele Reiserucksack - SES Creative","og_description":"Mit dem Aktivit\u00e4tsrucksack immer und \u00fcberall Spielspa\u00df! Mit diesem praktischen Aktivit\u00e4tsrucksack von SES Creative macht eine \u00dcbernachtung oder ein Urlaub noch mehr Spa\u00df. Der Rucksack ist voller kreativer Aktivit\u00e4ten, mit denen Kinder sich stundenlang besch\u00e4ftigen k\u00f6nnen. Rubbelkarten, Aufkleber und lustige Postkarten, die man ganz nach Belieben verzieren kann! Es gibt unz\u00e4hlige kreative M\u00f6glichkeiten. Aber das [&hellip;]","og_url":"https:\/\/ses-creative.com\/de\/produkt\/spiele-reiserucksack\/","og_site_name":"SES Creative","article_modified_time":"2026-02-06T09:51:19+00:00","twitter_card":"summary_large_image","twitter_misc":{"Gesch\u00e4tzte Lesezeit":"2\u00a0Minuten"},"schema":{"@context":"https:\/\/schema.org","@graph":[{"@type":"WebPage","@id":"https:\/\/ses-creative.com\/de\/produkt\/spiele-reiserucksack\/","url":"https:\/\/ses-creative.com\/de\/produkt\/spiele-reiserucksack\/","name":"Spiele Reiserucksack - SES Creative","isPartOf":{"@id":"https:\/\/ses-creative.com\/#website"},"primaryImageOfPage":{"@id":"https:\/\/ses-creative.com\/de\/produkt\/spiele-reiserucksack\/#primaryimage"},"image":{"@id":"https:\/\/ses-creative.com\/de\/produkt\/spiele-reiserucksack\/#primaryimage"},"thumbnailUrl":"https:\/\/ses-creative.com\/wp-content\/uploads\/2026\/01\/022391.jpg","datePublished":"2026-02-05T13:52:15+00:00","dateModified":"2026-02-06T09:51:19+00:00","breadcrumb":{"@id":"https:\/\/ses-creative.com\/de\/produkt\/spiele-reiserucksack\/#breadcrumb"},"inLanguage":"de","potentialAction":[{"@type":"ReadAction","target":["https:\/\/ses-creative.com\/de\/produkt\/spiele-reiserucksack\/"]}]},{"@type":"ImageObject","inLanguage":"de","@id":"https:\/\/ses-creative.com\/de\/produkt\/spiele-reiserucksack\/#primaryimage","url":"https:\/\/ses-creative.com\/wp-content\/uploads\/2026\/01\/022391.jpg","contentUrl":"https:\/\/ses-creative.com\/wp-content\/uploads\/2026\/01\/022391.jpg","width":1000,"height":1000},{"@type":"BreadcrumbList","@id":"https:\/\/ses-creative.com\/de\/produkt\/spiele-reiserucksack\/#breadcrumb","itemListElement":[{"@type":"ListItem","position":1,"name":"Shop","item":"https:\/\/ses-creative.com\/de\/shop\/"},{"@type":"ListItem","position":2,"name":"Drau\u00dfen spielen","item":"https:\/\/ses-creative.com\/de\/product-categorie\/draussen-spielen\/"},{"@type":"ListItem","position":3,"name":"Spiele Reiserucksack"}]},{"@type":"WebSite","@id":"https:\/\/ses-creative.com\/#website","url":"https:\/\/ses-creative.com\/","name":"SES Creative","description":"","publisher":{"@id":"https:\/\/ses-creative.com\/#organization"},"potentialAction":[{"@type":"SearchAction","target":{"@type":"EntryPoint","urlTemplate":"https:\/\/ses-creative.com\/?s={search_term_string}"},"query-input":{"@type":"PropertyValueSpecification","valueRequired":true,"valueName":"search_term_string"}}],"inLanguage":"de"},{"@type":"Organization","@id":"https:\/\/ses-creative.com\/#organization","name":"SES Creative","url":"https:\/\/ses-creative.com\/","logo":{"@type":"ImageObject","inLanguage":"de","@id":"https:\/\/ses-creative.com\/#\/schema\/logo\/image\/","url":"https:\/\/ses-creative.com\/wp-content\/uploads\/2025\/10\/ses-creative-logo.jpg","contentUrl":"https:\/\/ses-creative.com\/wp-content\/uploads\/2025\/10\/ses-creative-logo.jpg","width":2037,"height":2037,"caption":"SES Creative"},"image":{"@id":"https:\/\/ses-creative.com\/#\/schema\/logo\/image\/"}}]}},"_links":{"self":[{"href":"https:\/\/ses-creative.com\/de\/wp-json\/wp\/v2\/product\/114480","targetHints":{"allow":["GET"]}}],"collection":[{"href":"https:\/\/ses-creative.com\/de\/wp-json\/wp\/v2\/product"}],"about":[{"href":"https:\/\/ses-creative.com\/de\/wp-json\/wp\/v2\/types\/product"}],"replies":[{"embeddable":true,"href":"https:\/\/ses-creative.com\/de\/wp-json\/wp\/v2\/comments?post=114480"}],"wp:featuredmedia":[{"embeddable":true,"href":"https:\/\/ses-creative.com\/de\/wp-json\/wp\/v2\/media\/93700"}],"wp:attachment":[{"href":"https:\/\/ses-creative.com\/de\/wp-json\/wp\/v2\/media?parent=114480"}],"wp:term":[{"taxonomy":"product_brand","embeddable":true,"href":"https:\/\/ses-creative.com\/de\/wp-json\/wp\/v2\/product_brand?post=114480"},{"taxonomy":"product_cat","embeddable":true,"href":"https:\/\/ses-creative.com\/de\/wp-json\/wp\/v2\/product_cat?post=114480"},{"taxonomy":"product_tag","embeddable":true,"href":"https:\/\/ses-creative.com\/de\/wp-json\/wp\/v2\/product_tag?post=114480"}],"curies":[{"name":"wp","href":"https:\/\/api.w.org\/{rel}","templated":true}]}}