











{"id":114479,"date":"2026-02-05T13:52:15","date_gmt":"2026-02-05T13:52:15","guid":{"rendered":"https:\/\/ses-creative.com\/?post_type=product&#038;p=114479"},"modified":"2026-02-06T09:51:19","modified_gmt":"2026-02-06T09:51:19","slug":"reise-fenstersticker-bingo","status":"publish","type":"product","link":"https:\/\/ses-creative.com\/de\/produkt\/reise-fenstersticker-bingo\/","title":{"rendered":"Reise-Fenstersticker-Bingo"},"content":{"rendered":"<p>Das Reise-Fenstersticker-Bingo von SES Creative verwandelt jede Fahrt in ein spannendes Spiel. Kinder ab 3 Jahren kleben die wiederverwendbaren Aufkleber ans Autofenster und suchen die passenden Motive auf ihrer Bingokarte. Ob Flugzeug, Fahrrad oder Ampel \u2013 wer alle Bilder entdeckt, ruft \u201eBingo!\u201c und gewinnt. Das Spiel enth\u00e4lt 6 unterschiedliche Bingokarten, 64 Sticker mit je 2 Motiven und eine Anleitung. Die Sticker haften auf glatten Oberfl\u00e4chen wie Glas und lassen sich r\u00fcckstandslos entfernen. Durch das genaue Beobachten der Umgebung wird die Konzentration gef\u00f6rdert und die Wartezeit kreativ \u00fcberbr\u00fcckt. Ideal f\u00fcr Auto-, Zug- oder Flugreisen \u2013 alleine oder zu zweit spielbar. Dank kompakter Gr\u00f6\u00dfe eignet sich das Set auch hervorragend f\u00fcr unterwegs. Hergestellt in Holland aus kindersicheren Materialien \u2013 ein durchdachtes Reisespiel mit Spa\u00dfgarantie. Ob alleine, zu zweit oder mit Geschwistern \u2013 das gemeinsame Spielen f\u00f6rdert Interaktion und Beobachtungsgabe. Die klar gestalteten Motive machen das Erkennen leicht und sorgen f\u00fcr Erfolgserlebnisse. Ein durchdachtes Spiel f\u00fcr unterwegs, das Spa\u00df und Lernen miteinander verbindet.<\/p>\n","protected":false},"excerpt":{"rendered":"<p>Das Reise-Fenstersticker-Bingo von SES Creative verwandelt jede Fahrt in ein spannendes Spiel. Kinder ab 3 Jahren kleben die wiederverwendbaren Aufkleber ans Autofenster und suchen die passenden Motive auf ihrer Bingokarte. Ob Flugzeug, Fahrrad oder Ampel \u2013 wer alle Bilder entdeckt, ruft \u201eBingo!\u201c und gewinnt. Das Spiel enth\u00e4lt 6 unterschiedliche Bingokarten, 64 Sticker mit je 2 [&hellip;]<\/p>\n","protected":false},"featured_media":99028,"comment_status":"closed","ping_status":"closed","template":"","meta":{"_acf_changed":false},"product_brand":[],"product_cat":[119],"product_tag":[],"class_list":{"0":"post-114479","1":"product","2":"type-product","3":"status-publish","4":"has-post-thumbnail","6":"product_cat-draussen-spielen","7":"pa_leeftijd-filter-3-4-jahre","8":"pa_meest-populair-bij-jungen-maedchen","10":"first","11":"instock","12":"shipping-taxable","13":"product-type-simple"},"acf":[],"yoast_head":"<!-- This site is optimized with the Yoast SEO plugin v27.4 - https:\/\/yoast.com\/product\/yoast-seo-wordpress\/ -->\n<title>Reise-Fenstersticker-Bingo - SES Creative<\/title>\n<meta name=\"robots\" content=\"index, follow, max-snippet:-1, max-image-preview:large, max-video-preview:-1\" \/>\n<link rel=\"canonical\" href=\"https:\/\/ses-creative.com\/de\/produkt\/reise-fenstersticker-bingo\/\" \/>\n<meta property=\"og:locale\" content=\"de_DE\" \/>\n<meta property=\"og:type\" content=\"article\" \/>\n<meta property=\"og:title\" content=\"Reise-Fenstersticker-Bingo - SES Creative\" \/>\n<meta property=\"og:description\" content=\"Das Reise-Fenstersticker-Bingo von SES Creative verwandelt jede Fahrt in ein spannendes Spiel. Kinder ab 3 Jahren kleben die wiederverwendbaren Aufkleber ans Autofenster und suchen die passenden Motive auf ihrer Bingokarte. Ob Flugzeug, Fahrrad oder Ampel \u2013 wer alle Bilder entdeckt, ruft \u201eBingo!\u201c und gewinnt. Das Spiel enth\u00e4lt 6 unterschiedliche Bingokarten, 64 Sticker mit je 2 [&hellip;]\" \/>\n<meta property=\"og:url\" content=\"https:\/\/ses-creative.com\/de\/produkt\/reise-fenstersticker-bingo\/\" \/>\n<meta property=\"og:site_name\" content=\"SES Creative\" \/>\n<meta property=\"article:modified_time\" content=\"2026-02-06T09:51:19+00:00\" \/>\n<meta name=\"twitter:card\" content=\"summary_large_image\" \/>\n<meta name=\"twitter:label1\" content=\"Gesch\u00e4tzte Lesezeit\" \/>\n\t<meta name=\"twitter:data1\" content=\"1\u00a0Minute\" \/>\n<script type=\"application\/ld+json\" class=\"yoast-schema-graph\">{\"@context\":\"https:\\\/\\\/schema.org\",\"@graph\":[{\"@type\":\"WebPage\",\"@id\":\"https:\\\/\\\/ses-creative.com\\\/de\\\/produkt\\\/reise-fenstersticker-bingo\\\/\",\"url\":\"https:\\\/\\\/ses-creative.com\\\/de\\\/produkt\\\/reise-fenstersticker-bingo\\\/\",\"name\":\"Reise-Fenstersticker-Bingo - SES Creative\",\"isPartOf\":{\"@id\":\"https:\\\/\\\/ses-creative.com\\\/#website\"},\"primaryImageOfPage\":{\"@id\":\"https:\\\/\\\/ses-creative.com\\\/de\\\/produkt\\\/reise-fenstersticker-bingo\\\/#primaryimage\"},\"image\":{\"@id\":\"https:\\\/\\\/ses-creative.com\\\/de\\\/produkt\\\/reise-fenstersticker-bingo\\\/#primaryimage\"},\"thumbnailUrl\":\"https:\\\/\\\/ses-creative.com\\\/wp-content\\\/uploads\\\/2026\\\/01\\\/022381.jpg\",\"datePublished\":\"2026-02-05T13:52:15+00:00\",\"dateModified\":\"2026-02-06T09:51:19+00:00\",\"breadcrumb\":{\"@id\":\"https:\\\/\\\/ses-creative.com\\\/de\\\/produkt\\\/reise-fenstersticker-bingo\\\/#breadcrumb\"},\"inLanguage\":\"de\",\"potentialAction\":[{\"@type\":\"ReadAction\",\"target\":[\"https:\\\/\\\/ses-creative.com\\\/de\\\/produkt\\\/reise-fenstersticker-bingo\\\/\"]}]},{\"@type\":\"ImageObject\",\"inLanguage\":\"de\",\"@id\":\"https:\\\/\\\/ses-creative.com\\\/de\\\/produkt\\\/reise-fenstersticker-bingo\\\/#primaryimage\",\"url\":\"https:\\\/\\\/ses-creative.com\\\/wp-content\\\/uploads\\\/2026\\\/01\\\/022381.jpg\",\"contentUrl\":\"https:\\\/\\\/ses-creative.com\\\/wp-content\\\/uploads\\\/2026\\\/01\\\/022381.jpg\",\"width\":1000,\"height\":1000},{\"@type\":\"BreadcrumbList\",\"@id\":\"https:\\\/\\\/ses-creative.com\\\/de\\\/produkt\\\/reise-fenstersticker-bingo\\\/#breadcrumb\",\"itemListElement\":[{\"@type\":\"ListItem\",\"position\":1,\"name\":\"Shop\",\"item\":\"https:\\\/\\\/ses-creative.com\\\/de\\\/shop\\\/\"},{\"@type\":\"ListItem\",\"position\":2,\"name\":\"Drau\u00dfen spielen\",\"item\":\"https:\\\/\\\/ses-creative.com\\\/de\\\/product-categorie\\\/draussen-spielen\\\/\"},{\"@type\":\"ListItem\",\"position\":3,\"name\":\"Reise-Fenstersticker-Bingo\"}]},{\"@type\":\"WebSite\",\"@id\":\"https:\\\/\\\/ses-creative.com\\\/#website\",\"url\":\"https:\\\/\\\/ses-creative.com\\\/\",\"name\":\"SES Creative\",\"description\":\"\",\"publisher\":{\"@id\":\"https:\\\/\\\/ses-creative.com\\\/#organization\"},\"potentialAction\":[{\"@type\":\"SearchAction\",\"target\":{\"@type\":\"EntryPoint\",\"urlTemplate\":\"https:\\\/\\\/ses-creative.com\\\/?s={search_term_string}\"},\"query-input\":{\"@type\":\"PropertyValueSpecification\",\"valueRequired\":true,\"valueName\":\"search_term_string\"}}],\"inLanguage\":\"de\"},{\"@type\":\"Organization\",\"@id\":\"https:\\\/\\\/ses-creative.com\\\/#organization\",\"name\":\"SES Creative\",\"url\":\"https:\\\/\\\/ses-creative.com\\\/\",\"logo\":{\"@type\":\"ImageObject\",\"inLanguage\":\"de\",\"@id\":\"https:\\\/\\\/ses-creative.com\\\/#\\\/schema\\\/logo\\\/image\\\/\",\"url\":\"https:\\\/\\\/ses-creative.com\\\/wp-content\\\/uploads\\\/2025\\\/10\\\/ses-creative-logo.jpg\",\"contentUrl\":\"https:\\\/\\\/ses-creative.com\\\/wp-content\\\/uploads\\\/2025\\\/10\\\/ses-creative-logo.jpg\",\"width\":2037,\"height\":2037,\"caption\":\"SES Creative\"},\"image\":{\"@id\":\"https:\\\/\\\/ses-creative.com\\\/#\\\/schema\\\/logo\\\/image\\\/\"}}]}<\/script>\n<!-- \/ Yoast SEO plugin. -->","yoast_head_json":{"title":"Reise-Fenstersticker-Bingo - SES Creative","robots":{"index":"index","follow":"follow","max-snippet":"max-snippet:-1","max-image-preview":"max-image-preview:large","max-video-preview":"max-video-preview:-1"},"canonical":"https:\/\/ses-creative.com\/de\/produkt\/reise-fenstersticker-bingo\/","og_locale":"de_DE","og_type":"article","og_title":"Reise-Fenstersticker-Bingo - SES Creative","og_description":"Das Reise-Fenstersticker-Bingo von SES Creative verwandelt jede Fahrt in ein spannendes Spiel. Kinder ab 3 Jahren kleben die wiederverwendbaren Aufkleber ans Autofenster und suchen die passenden Motive auf ihrer Bingokarte. Ob Flugzeug, Fahrrad oder Ampel \u2013 wer alle Bilder entdeckt, ruft \u201eBingo!\u201c und gewinnt. Das Spiel enth\u00e4lt 6 unterschiedliche Bingokarten, 64 Sticker mit je 2 [&hellip;]","og_url":"https:\/\/ses-creative.com\/de\/produkt\/reise-fenstersticker-bingo\/","og_site_name":"SES Creative","article_modified_time":"2026-02-06T09:51:19+00:00","twitter_card":"summary_large_image","twitter_misc":{"Gesch\u00e4tzte Lesezeit":"1\u00a0Minute"},"schema":{"@context":"https:\/\/schema.org","@graph":[{"@type":"WebPage","@id":"https:\/\/ses-creative.com\/de\/produkt\/reise-fenstersticker-bingo\/","url":"https:\/\/ses-creative.com\/de\/produkt\/reise-fenstersticker-bingo\/","name":"Reise-Fenstersticker-Bingo - SES Creative","isPartOf":{"@id":"https:\/\/ses-creative.com\/#website"},"primaryImageOfPage":{"@id":"https:\/\/ses-creative.com\/de\/produkt\/reise-fenstersticker-bingo\/#primaryimage"},"image":{"@id":"https:\/\/ses-creative.com\/de\/produkt\/reise-fenstersticker-bingo\/#primaryimage"},"thumbnailUrl":"https:\/\/ses-creative.com\/wp-content\/uploads\/2026\/01\/022381.jpg","datePublished":"2026-02-05T13:52:15+00:00","dateModified":"2026-02-06T09:51:19+00:00","breadcrumb":{"@id":"https:\/\/ses-creative.com\/de\/produkt\/reise-fenstersticker-bingo\/#breadcrumb"},"inLanguage":"de","potentialAction":[{"@type":"ReadAction","target":["https:\/\/ses-creative.com\/de\/produkt\/reise-fenstersticker-bingo\/"]}]},{"@type":"ImageObject","inLanguage":"de","@id":"https:\/\/ses-creative.com\/de\/produkt\/reise-fenstersticker-bingo\/#primaryimage","url":"https:\/\/ses-creative.com\/wp-content\/uploads\/2026\/01\/022381.jpg","contentUrl":"https:\/\/ses-creative.com\/wp-content\/uploads\/2026\/01\/022381.jpg","width":1000,"height":1000},{"@type":"BreadcrumbList","@id":"https:\/\/ses-creative.com\/de\/produkt\/reise-fenstersticker-bingo\/#breadcrumb","itemListElement":[{"@type":"ListItem","position":1,"name":"Shop","item":"https:\/\/ses-creative.com\/de\/shop\/"},{"@type":"ListItem","position":2,"name":"Drau\u00dfen spielen","item":"https:\/\/ses-creative.com\/de\/product-categorie\/draussen-spielen\/"},{"@type":"ListItem","position":3,"name":"Reise-Fenstersticker-Bingo"}]},{"@type":"WebSite","@id":"https:\/\/ses-creative.com\/#website","url":"https:\/\/ses-creative.com\/","name":"SES Creative","description":"","publisher":{"@id":"https:\/\/ses-creative.com\/#organization"},"potentialAction":[{"@type":"SearchAction","target":{"@type":"EntryPoint","urlTemplate":"https:\/\/ses-creative.com\/?s={search_term_string}"},"query-input":{"@type":"PropertyValueSpecification","valueRequired":true,"valueName":"search_term_string"}}],"inLanguage":"de"},{"@type":"Organization","@id":"https:\/\/ses-creative.com\/#organization","name":"SES Creative","url":"https:\/\/ses-creative.com\/","logo":{"@type":"ImageObject","inLanguage":"de","@id":"https:\/\/ses-creative.com\/#\/schema\/logo\/image\/","url":"https:\/\/ses-creative.com\/wp-content\/uploads\/2025\/10\/ses-creative-logo.jpg","contentUrl":"https:\/\/ses-creative.com\/wp-content\/uploads\/2025\/10\/ses-creative-logo.jpg","width":2037,"height":2037,"caption":"SES Creative"},"image":{"@id":"https:\/\/ses-creative.com\/#\/schema\/logo\/image\/"}}]}},"_links":{"self":[{"href":"https:\/\/ses-creative.com\/de\/wp-json\/wp\/v2\/product\/114479","targetHints":{"allow":["GET"]}}],"collection":[{"href":"https:\/\/ses-creative.com\/de\/wp-json\/wp\/v2\/product"}],"about":[{"href":"https:\/\/ses-creative.com\/de\/wp-json\/wp\/v2\/types\/product"}],"replies":[{"embeddable":true,"href":"https:\/\/ses-creative.com\/de\/wp-json\/wp\/v2\/comments?post=114479"}],"wp:featuredmedia":[{"embeddable":true,"href":"https:\/\/ses-creative.com\/de\/wp-json\/wp\/v2\/media\/99028"}],"wp:attachment":[{"href":"https:\/\/ses-creative.com\/de\/wp-json\/wp\/v2\/media?parent=114479"}],"wp:term":[{"taxonomy":"product_brand","embeddable":true,"href":"https:\/\/ses-creative.com\/de\/wp-json\/wp\/v2\/product_brand?post=114479"},{"taxonomy":"product_cat","embeddable":true,"href":"https:\/\/ses-creative.com\/de\/wp-json\/wp\/v2\/product_cat?post=114479"},{"taxonomy":"product_tag","embeddable":true,"href":"https:\/\/ses-creative.com\/de\/wp-json\/wp\/v2\/product_tag?post=114479"}],"curies":[{"name":"wp","href":"https:\/\/api.w.org\/{rel}","templated":true}]}}