











{"id":114478,"date":"2026-02-05T13:52:15","date_gmt":"2026-02-05T13:52:15","guid":{"rendered":"https:\/\/ses-creative.com\/?post_type=product&#038;p=114478"},"modified":"2026-02-06T09:51:19","modified_gmt":"2026-02-06T09:51:19","slug":"first-to-find-suchen-rufen-und-einsammeln","status":"publish","type":"product","link":"https:\/\/ses-creative.com\/de\/produkt\/first-to-find-suchen-rufen-und-einsammeln\/","title":{"rendered":"First to find &#8211; Suchen, rufen und einsammeln"},"content":{"rendered":"<p>First to Find von SES Creative ist ein vielseitiges Reaktions- und Lernspiel f\u00fcr Kinder ab 3 Jahren, das logisches Denken, schnelle Reaktionen und k\u00f6rperliche Aktivit\u00e4t spielerisch miteinander kombiniert. Ziel des Spiels ist es, mit drei Holzw\u00fcrfeln gew\u00fcrfelte Merkmale \u2013 Farbe, Tier und Accessoire \u2013 im Kopf zu kombinieren und auf einer der 54 runden Spielkarten wiederzufinden. Wer das richtige Bild zuerst erkennt, ruft laut, schnappt sich die Karte und rennt zur Metallklingel, um einen Punkt zu sichern. Das Spiel kann mit zwei Kindern oder in gr\u00f6\u00dferen Gruppen gespielt werden. Durch variierbare Regeln l\u00e4sst sich sowohl der Schwierigkeitsgrad als auch die Spieldauer flexibel anpassen. Es f\u00f6rdert gemeinsames Spielen, Konzentration und Bewegung. Mit Spielkarten, robusten W\u00fcrfeln, einer klar klingenden Hotelklingel und praktischer Aufbewahrungstasche ist dieses Spiel nicht nur lehrreich, sondern auch gut transportierbar und schnell einsatzbereit.<\/p>\n","protected":false},"excerpt":{"rendered":"<p>First to Find von SES Creative ist ein vielseitiges Reaktions- und Lernspiel f\u00fcr Kinder ab 3 Jahren, das logisches Denken, schnelle Reaktionen und k\u00f6rperliche Aktivit\u00e4t spielerisch miteinander kombiniert. Ziel des Spiels ist es, mit drei Holzw\u00fcrfeln gew\u00fcrfelte Merkmale \u2013 Farbe, Tier und Accessoire \u2013 im Kopf zu kombinieren und auf einer der 54 runden Spielkarten [&hellip;]<\/p>\n","protected":false},"featured_media":110325,"comment_status":"closed","ping_status":"closed","template":"","meta":{"_acf_changed":false},"product_brand":[],"product_cat":[119],"product_tag":[],"class_list":{"0":"post-114478","1":"product","2":"type-product","3":"status-publish","4":"has-post-thumbnail","6":"product_cat-draussen-spielen","7":"pa_leeftijd-filter-3-4-jahre","8":"pa_meest-populair-bij-jungen-maedchen","10":"first","11":"instock","12":"shipping-taxable","13":"product-type-simple"},"acf":[],"yoast_head":"<!-- This site is optimized with the Yoast SEO plugin v27.4 - https:\/\/yoast.com\/product\/yoast-seo-wordpress\/ -->\n<title>First to find - Suchen, rufen und einsammeln - SES Creative<\/title>\n<meta name=\"robots\" content=\"index, follow, max-snippet:-1, max-image-preview:large, max-video-preview:-1\" \/>\n<link rel=\"canonical\" href=\"https:\/\/ses-creative.com\/de\/produkt\/first-to-find-suchen-rufen-und-einsammeln\/\" \/>\n<meta property=\"og:locale\" content=\"de_DE\" \/>\n<meta property=\"og:type\" content=\"article\" \/>\n<meta property=\"og:title\" content=\"First to find - Suchen, rufen und einsammeln - SES Creative\" \/>\n<meta property=\"og:description\" content=\"First to Find von SES Creative ist ein vielseitiges Reaktions- und Lernspiel f\u00fcr Kinder ab 3 Jahren, das logisches Denken, schnelle Reaktionen und k\u00f6rperliche Aktivit\u00e4t spielerisch miteinander kombiniert. Ziel des Spiels ist es, mit drei Holzw\u00fcrfeln gew\u00fcrfelte Merkmale \u2013 Farbe, Tier und Accessoire \u2013 im Kopf zu kombinieren und auf einer der 54 runden Spielkarten [&hellip;]\" \/>\n<meta property=\"og:url\" content=\"https:\/\/ses-creative.com\/de\/produkt\/first-to-find-suchen-rufen-und-einsammeln\/\" \/>\n<meta property=\"og:site_name\" content=\"SES Creative\" \/>\n<meta property=\"article:modified_time\" content=\"2026-02-06T09:51:19+00:00\" \/>\n<meta name=\"twitter:card\" content=\"summary_large_image\" \/>\n<meta name=\"twitter:label1\" content=\"Gesch\u00e4tzte Lesezeit\" \/>\n\t<meta name=\"twitter:data1\" content=\"1\u00a0Minute\" \/>\n<script type=\"application\/ld+json\" class=\"yoast-schema-graph\">{\"@context\":\"https:\\\/\\\/schema.org\",\"@graph\":[{\"@type\":\"WebPage\",\"@id\":\"https:\\\/\\\/ses-creative.com\\\/de\\\/produkt\\\/first-to-find-suchen-rufen-und-einsammeln\\\/\",\"url\":\"https:\\\/\\\/ses-creative.com\\\/de\\\/produkt\\\/first-to-find-suchen-rufen-und-einsammeln\\\/\",\"name\":\"First to find - Suchen, rufen und einsammeln - SES Creative\",\"isPartOf\":{\"@id\":\"https:\\\/\\\/ses-creative.com\\\/#website\"},\"primaryImageOfPage\":{\"@id\":\"https:\\\/\\\/ses-creative.com\\\/de\\\/produkt\\\/first-to-find-suchen-rufen-und-einsammeln\\\/#primaryimage\"},\"image\":{\"@id\":\"https:\\\/\\\/ses-creative.com\\\/de\\\/produkt\\\/first-to-find-suchen-rufen-und-einsammeln\\\/#primaryimage\"},\"thumbnailUrl\":\"https:\\\/\\\/ses-creative.com\\\/wp-content\\\/uploads\\\/2025\\\/12\\\/02234.jpeg\",\"datePublished\":\"2026-02-05T13:52:15+00:00\",\"dateModified\":\"2026-02-06T09:51:19+00:00\",\"breadcrumb\":{\"@id\":\"https:\\\/\\\/ses-creative.com\\\/de\\\/produkt\\\/first-to-find-suchen-rufen-und-einsammeln\\\/#breadcrumb\"},\"inLanguage\":\"de\",\"potentialAction\":[{\"@type\":\"ReadAction\",\"target\":[\"https:\\\/\\\/ses-creative.com\\\/de\\\/produkt\\\/first-to-find-suchen-rufen-und-einsammeln\\\/\"]}]},{\"@type\":\"ImageObject\",\"inLanguage\":\"de\",\"@id\":\"https:\\\/\\\/ses-creative.com\\\/de\\\/produkt\\\/first-to-find-suchen-rufen-und-einsammeln\\\/#primaryimage\",\"url\":\"https:\\\/\\\/ses-creative.com\\\/wp-content\\\/uploads\\\/2025\\\/12\\\/02234.jpeg\",\"contentUrl\":\"https:\\\/\\\/ses-creative.com\\\/wp-content\\\/uploads\\\/2025\\\/12\\\/02234.jpeg\",\"width\":2000,\"height\":2000},{\"@type\":\"BreadcrumbList\",\"@id\":\"https:\\\/\\\/ses-creative.com\\\/de\\\/produkt\\\/first-to-find-suchen-rufen-und-einsammeln\\\/#breadcrumb\",\"itemListElement\":[{\"@type\":\"ListItem\",\"position\":1,\"name\":\"Shop\",\"item\":\"https:\\\/\\\/ses-creative.com\\\/de\\\/shop\\\/\"},{\"@type\":\"ListItem\",\"position\":2,\"name\":\"Drau\u00dfen spielen\",\"item\":\"https:\\\/\\\/ses-creative.com\\\/de\\\/product-categorie\\\/draussen-spielen\\\/\"},{\"@type\":\"ListItem\",\"position\":3,\"name\":\"First to find &#8211; Suchen, rufen und einsammeln\"}]},{\"@type\":\"WebSite\",\"@id\":\"https:\\\/\\\/ses-creative.com\\\/#website\",\"url\":\"https:\\\/\\\/ses-creative.com\\\/\",\"name\":\"SES Creative\",\"description\":\"\",\"publisher\":{\"@id\":\"https:\\\/\\\/ses-creative.com\\\/#organization\"},\"potentialAction\":[{\"@type\":\"SearchAction\",\"target\":{\"@type\":\"EntryPoint\",\"urlTemplate\":\"https:\\\/\\\/ses-creative.com\\\/?s={search_term_string}\"},\"query-input\":{\"@type\":\"PropertyValueSpecification\",\"valueRequired\":true,\"valueName\":\"search_term_string\"}}],\"inLanguage\":\"de\"},{\"@type\":\"Organization\",\"@id\":\"https:\\\/\\\/ses-creative.com\\\/#organization\",\"name\":\"SES Creative\",\"url\":\"https:\\\/\\\/ses-creative.com\\\/\",\"logo\":{\"@type\":\"ImageObject\",\"inLanguage\":\"de\",\"@id\":\"https:\\\/\\\/ses-creative.com\\\/#\\\/schema\\\/logo\\\/image\\\/\",\"url\":\"https:\\\/\\\/ses-creative.com\\\/wp-content\\\/uploads\\\/2025\\\/10\\\/ses-creative-logo.jpg\",\"contentUrl\":\"https:\\\/\\\/ses-creative.com\\\/wp-content\\\/uploads\\\/2025\\\/10\\\/ses-creative-logo.jpg\",\"width\":2037,\"height\":2037,\"caption\":\"SES Creative\"},\"image\":{\"@id\":\"https:\\\/\\\/ses-creative.com\\\/#\\\/schema\\\/logo\\\/image\\\/\"}}]}<\/script>\n<!-- \/ Yoast SEO plugin. -->","yoast_head_json":{"title":"First to find - Suchen, rufen und einsammeln - SES Creative","robots":{"index":"index","follow":"follow","max-snippet":"max-snippet:-1","max-image-preview":"max-image-preview:large","max-video-preview":"max-video-preview:-1"},"canonical":"https:\/\/ses-creative.com\/de\/produkt\/first-to-find-suchen-rufen-und-einsammeln\/","og_locale":"de_DE","og_type":"article","og_title":"First to find - Suchen, rufen und einsammeln - SES Creative","og_description":"First to Find von SES Creative ist ein vielseitiges Reaktions- und Lernspiel f\u00fcr Kinder ab 3 Jahren, das logisches Denken, schnelle Reaktionen und k\u00f6rperliche Aktivit\u00e4t spielerisch miteinander kombiniert. Ziel des Spiels ist es, mit drei Holzw\u00fcrfeln gew\u00fcrfelte Merkmale \u2013 Farbe, Tier und Accessoire \u2013 im Kopf zu kombinieren und auf einer der 54 runden Spielkarten [&hellip;]","og_url":"https:\/\/ses-creative.com\/de\/produkt\/first-to-find-suchen-rufen-und-einsammeln\/","og_site_name":"SES Creative","article_modified_time":"2026-02-06T09:51:19+00:00","twitter_card":"summary_large_image","twitter_misc":{"Gesch\u00e4tzte Lesezeit":"1\u00a0Minute"},"schema":{"@context":"https:\/\/schema.org","@graph":[{"@type":"WebPage","@id":"https:\/\/ses-creative.com\/de\/produkt\/first-to-find-suchen-rufen-und-einsammeln\/","url":"https:\/\/ses-creative.com\/de\/produkt\/first-to-find-suchen-rufen-und-einsammeln\/","name":"First to find - Suchen, rufen und einsammeln - SES Creative","isPartOf":{"@id":"https:\/\/ses-creative.com\/#website"},"primaryImageOfPage":{"@id":"https:\/\/ses-creative.com\/de\/produkt\/first-to-find-suchen-rufen-und-einsammeln\/#primaryimage"},"image":{"@id":"https:\/\/ses-creative.com\/de\/produkt\/first-to-find-suchen-rufen-und-einsammeln\/#primaryimage"},"thumbnailUrl":"https:\/\/ses-creative.com\/wp-content\/uploads\/2025\/12\/02234.jpeg","datePublished":"2026-02-05T13:52:15+00:00","dateModified":"2026-02-06T09:51:19+00:00","breadcrumb":{"@id":"https:\/\/ses-creative.com\/de\/produkt\/first-to-find-suchen-rufen-und-einsammeln\/#breadcrumb"},"inLanguage":"de","potentialAction":[{"@type":"ReadAction","target":["https:\/\/ses-creative.com\/de\/produkt\/first-to-find-suchen-rufen-und-einsammeln\/"]}]},{"@type":"ImageObject","inLanguage":"de","@id":"https:\/\/ses-creative.com\/de\/produkt\/first-to-find-suchen-rufen-und-einsammeln\/#primaryimage","url":"https:\/\/ses-creative.com\/wp-content\/uploads\/2025\/12\/02234.jpeg","contentUrl":"https:\/\/ses-creative.com\/wp-content\/uploads\/2025\/12\/02234.jpeg","width":2000,"height":2000},{"@type":"BreadcrumbList","@id":"https:\/\/ses-creative.com\/de\/produkt\/first-to-find-suchen-rufen-und-einsammeln\/#breadcrumb","itemListElement":[{"@type":"ListItem","position":1,"name":"Shop","item":"https:\/\/ses-creative.com\/de\/shop\/"},{"@type":"ListItem","position":2,"name":"Drau\u00dfen spielen","item":"https:\/\/ses-creative.com\/de\/product-categorie\/draussen-spielen\/"},{"@type":"ListItem","position":3,"name":"First to find &#8211; Suchen, rufen und einsammeln"}]},{"@type":"WebSite","@id":"https:\/\/ses-creative.com\/#website","url":"https:\/\/ses-creative.com\/","name":"SES Creative","description":"","publisher":{"@id":"https:\/\/ses-creative.com\/#organization"},"potentialAction":[{"@type":"SearchAction","target":{"@type":"EntryPoint","urlTemplate":"https:\/\/ses-creative.com\/?s={search_term_string}"},"query-input":{"@type":"PropertyValueSpecification","valueRequired":true,"valueName":"search_term_string"}}],"inLanguage":"de"},{"@type":"Organization","@id":"https:\/\/ses-creative.com\/#organization","name":"SES Creative","url":"https:\/\/ses-creative.com\/","logo":{"@type":"ImageObject","inLanguage":"de","@id":"https:\/\/ses-creative.com\/#\/schema\/logo\/image\/","url":"https:\/\/ses-creative.com\/wp-content\/uploads\/2025\/10\/ses-creative-logo.jpg","contentUrl":"https:\/\/ses-creative.com\/wp-content\/uploads\/2025\/10\/ses-creative-logo.jpg","width":2037,"height":2037,"caption":"SES Creative"},"image":{"@id":"https:\/\/ses-creative.com\/#\/schema\/logo\/image\/"}}]}},"_links":{"self":[{"href":"https:\/\/ses-creative.com\/de\/wp-json\/wp\/v2\/product\/114478","targetHints":{"allow":["GET"]}}],"collection":[{"href":"https:\/\/ses-creative.com\/de\/wp-json\/wp\/v2\/product"}],"about":[{"href":"https:\/\/ses-creative.com\/de\/wp-json\/wp\/v2\/types\/product"}],"replies":[{"embeddable":true,"href":"https:\/\/ses-creative.com\/de\/wp-json\/wp\/v2\/comments?post=114478"}],"wp:featuredmedia":[{"embeddable":true,"href":"https:\/\/ses-creative.com\/de\/wp-json\/wp\/v2\/media\/110325"}],"wp:attachment":[{"href":"https:\/\/ses-creative.com\/de\/wp-json\/wp\/v2\/media?parent=114478"}],"wp:term":[{"taxonomy":"product_brand","embeddable":true,"href":"https:\/\/ses-creative.com\/de\/wp-json\/wp\/v2\/product_brand?post=114478"},{"taxonomy":"product_cat","embeddable":true,"href":"https:\/\/ses-creative.com\/de\/wp-json\/wp\/v2\/product_cat?post=114478"},{"taxonomy":"product_tag","embeddable":true,"href":"https:\/\/ses-creative.com\/de\/wp-json\/wp\/v2\/product_tag?post=114478"}],"curies":[{"name":"wp","href":"https:\/\/api.w.org\/{rel}","templated":true}]}}