











{"id":114477,"date":"2026-02-05T13:52:15","date_gmt":"2026-02-05T13:52:15","guid":{"rendered":"https:\/\/ses-creative.com\/?post_type=product&#038;p=114477"},"modified":"2026-02-06T09:51:19","modified_gmt":"2026-02-06T09:51:19","slug":"strassen-domino","status":"publish","type":"product","link":"https:\/\/ses-creative.com\/de\/produkt\/strassen-domino\/","title":{"rendered":"Stra\u00dfen-Domino"},"content":{"rendered":"<p>Das Domino Street Spiel von SES Creative ist ein p\u00e4dagogisches Gesellschaftsspiel f\u00fcr Kinder ab 3 Jahren. Enthalten sind 28 gro\u00dfe Steine mit Tiermotiven, die sowohl drinnen als auch drau\u00dfen gespielt werden k\u00f6nnen. Es unterst\u00fctzt die Entwicklung von Beobachtungsgabe, Hand-Auge-Koordination und logischem Denken. Dank der Gr\u00f6\u00dfe sind die Steine leicht zu greifen und robust genug f\u00fcr den Au\u00dfeneinsatz. Mit praktischem Textilbeutel f\u00fcr Aufbewahrung und Transport. Das Spiel f\u00f6rdert soziale F\u00e4higkeiten, Regelverst\u00e4ndnis und Selbstst\u00e4ndigkeit. Enthalten sind 28 stabile Dominosteine, ein Stickerbogen, ein Textilsack und eine Anleitung. 100 % CO\u2082-neutral und nach europ\u00e4ischen Sicherheitsstandards gefertigt.<\/p>\n","protected":false},"excerpt":{"rendered":"<p>Das Domino Street Spiel von SES Creative ist ein p\u00e4dagogisches Gesellschaftsspiel f\u00fcr Kinder ab 3 Jahren. Enthalten sind 28 gro\u00dfe Steine mit Tiermotiven, die sowohl drinnen als auch drau\u00dfen gespielt werden k\u00f6nnen. Es unterst\u00fctzt die Entwicklung von Beobachtungsgabe, Hand-Auge-Koordination und logischem Denken. Dank der Gr\u00f6\u00dfe sind die Steine leicht zu greifen und robust genug f\u00fcr [&hellip;]<\/p>\n","protected":false},"featured_media":99008,"comment_status":"closed","ping_status":"closed","template":"","meta":{"_acf_changed":false},"product_brand":[],"product_cat":[119],"product_tag":[],"class_list":{"0":"post-114477","1":"product","2":"type-product","3":"status-publish","4":"has-post-thumbnail","6":"product_cat-draussen-spielen","7":"pa_leeftijd-filter-3-4-jahre","8":"pa_meest-populair-bij-jungen-maedchen","10":"first","11":"instock","12":"shipping-taxable","13":"product-type-simple"},"acf":[],"yoast_head":"<!-- This site is optimized with the Yoast SEO plugin v27.4 - https:\/\/yoast.com\/product\/yoast-seo-wordpress\/ -->\n<title>Stra\u00dfen-Domino - SES Creative<\/title>\n<meta name=\"robots\" content=\"index, follow, max-snippet:-1, max-image-preview:large, max-video-preview:-1\" \/>\n<link rel=\"canonical\" href=\"https:\/\/ses-creative.com\/de\/produkt\/strassen-domino\/\" \/>\n<meta property=\"og:locale\" content=\"de_DE\" \/>\n<meta property=\"og:type\" content=\"article\" \/>\n<meta property=\"og:title\" content=\"Stra\u00dfen-Domino - SES Creative\" \/>\n<meta property=\"og:description\" content=\"Das Domino Street Spiel von SES Creative ist ein p\u00e4dagogisches Gesellschaftsspiel f\u00fcr Kinder ab 3 Jahren. Enthalten sind 28 gro\u00dfe Steine mit Tiermotiven, die sowohl drinnen als auch drau\u00dfen gespielt werden k\u00f6nnen. Es unterst\u00fctzt die Entwicklung von Beobachtungsgabe, Hand-Auge-Koordination und logischem Denken. Dank der Gr\u00f6\u00dfe sind die Steine leicht zu greifen und robust genug f\u00fcr [&hellip;]\" \/>\n<meta property=\"og:url\" content=\"https:\/\/ses-creative.com\/de\/produkt\/strassen-domino\/\" \/>\n<meta property=\"og:site_name\" content=\"SES Creative\" \/>\n<meta property=\"article:modified_time\" content=\"2026-02-06T09:51:19+00:00\" \/>\n<meta name=\"twitter:card\" content=\"summary_large_image\" \/>\n<meta name=\"twitter:label1\" content=\"Gesch\u00e4tzte Lesezeit\" \/>\n\t<meta name=\"twitter:data1\" content=\"1\u00a0Minute\" \/>\n<script type=\"application\/ld+json\" class=\"yoast-schema-graph\">{\"@context\":\"https:\\\/\\\/schema.org\",\"@graph\":[{\"@type\":\"WebPage\",\"@id\":\"https:\\\/\\\/ses-creative.com\\\/de\\\/produkt\\\/strassen-domino\\\/\",\"url\":\"https:\\\/\\\/ses-creative.com\\\/de\\\/produkt\\\/strassen-domino\\\/\",\"name\":\"Stra\u00dfen-Domino - SES Creative\",\"isPartOf\":{\"@id\":\"https:\\\/\\\/ses-creative.com\\\/#website\"},\"primaryImageOfPage\":{\"@id\":\"https:\\\/\\\/ses-creative.com\\\/de\\\/produkt\\\/strassen-domino\\\/#primaryimage\"},\"image\":{\"@id\":\"https:\\\/\\\/ses-creative.com\\\/de\\\/produkt\\\/strassen-domino\\\/#primaryimage\"},\"thumbnailUrl\":\"https:\\\/\\\/ses-creative.com\\\/wp-content\\\/uploads\\\/2026\\\/01\\\/022321.jpg\",\"datePublished\":\"2026-02-05T13:52:15+00:00\",\"dateModified\":\"2026-02-06T09:51:19+00:00\",\"breadcrumb\":{\"@id\":\"https:\\\/\\\/ses-creative.com\\\/de\\\/produkt\\\/strassen-domino\\\/#breadcrumb\"},\"inLanguage\":\"de\",\"potentialAction\":[{\"@type\":\"ReadAction\",\"target\":[\"https:\\\/\\\/ses-creative.com\\\/de\\\/produkt\\\/strassen-domino\\\/\"]}]},{\"@type\":\"ImageObject\",\"inLanguage\":\"de\",\"@id\":\"https:\\\/\\\/ses-creative.com\\\/de\\\/produkt\\\/strassen-domino\\\/#primaryimage\",\"url\":\"https:\\\/\\\/ses-creative.com\\\/wp-content\\\/uploads\\\/2026\\\/01\\\/022321.jpg\",\"contentUrl\":\"https:\\\/\\\/ses-creative.com\\\/wp-content\\\/uploads\\\/2026\\\/01\\\/022321.jpg\",\"width\":1000,\"height\":1000},{\"@type\":\"BreadcrumbList\",\"@id\":\"https:\\\/\\\/ses-creative.com\\\/de\\\/produkt\\\/strassen-domino\\\/#breadcrumb\",\"itemListElement\":[{\"@type\":\"ListItem\",\"position\":1,\"name\":\"Shop\",\"item\":\"https:\\\/\\\/ses-creative.com\\\/de\\\/shop\\\/\"},{\"@type\":\"ListItem\",\"position\":2,\"name\":\"Drau\u00dfen spielen\",\"item\":\"https:\\\/\\\/ses-creative.com\\\/de\\\/product-categorie\\\/draussen-spielen\\\/\"},{\"@type\":\"ListItem\",\"position\":3,\"name\":\"Stra\u00dfen-Domino\"}]},{\"@type\":\"WebSite\",\"@id\":\"https:\\\/\\\/ses-creative.com\\\/#website\",\"url\":\"https:\\\/\\\/ses-creative.com\\\/\",\"name\":\"SES Creative\",\"description\":\"\",\"publisher\":{\"@id\":\"https:\\\/\\\/ses-creative.com\\\/#organization\"},\"potentialAction\":[{\"@type\":\"SearchAction\",\"target\":{\"@type\":\"EntryPoint\",\"urlTemplate\":\"https:\\\/\\\/ses-creative.com\\\/?s={search_term_string}\"},\"query-input\":{\"@type\":\"PropertyValueSpecification\",\"valueRequired\":true,\"valueName\":\"search_term_string\"}}],\"inLanguage\":\"de\"},{\"@type\":\"Organization\",\"@id\":\"https:\\\/\\\/ses-creative.com\\\/#organization\",\"name\":\"SES Creative\",\"url\":\"https:\\\/\\\/ses-creative.com\\\/\",\"logo\":{\"@type\":\"ImageObject\",\"inLanguage\":\"de\",\"@id\":\"https:\\\/\\\/ses-creative.com\\\/#\\\/schema\\\/logo\\\/image\\\/\",\"url\":\"https:\\\/\\\/ses-creative.com\\\/wp-content\\\/uploads\\\/2025\\\/10\\\/ses-creative-logo.jpg\",\"contentUrl\":\"https:\\\/\\\/ses-creative.com\\\/wp-content\\\/uploads\\\/2025\\\/10\\\/ses-creative-logo.jpg\",\"width\":2037,\"height\":2037,\"caption\":\"SES Creative\"},\"image\":{\"@id\":\"https:\\\/\\\/ses-creative.com\\\/#\\\/schema\\\/logo\\\/image\\\/\"}}]}<\/script>\n<!-- \/ Yoast SEO plugin. -->","yoast_head_json":{"title":"Stra\u00dfen-Domino - SES Creative","robots":{"index":"index","follow":"follow","max-snippet":"max-snippet:-1","max-image-preview":"max-image-preview:large","max-video-preview":"max-video-preview:-1"},"canonical":"https:\/\/ses-creative.com\/de\/produkt\/strassen-domino\/","og_locale":"de_DE","og_type":"article","og_title":"Stra\u00dfen-Domino - SES Creative","og_description":"Das Domino Street Spiel von SES Creative ist ein p\u00e4dagogisches Gesellschaftsspiel f\u00fcr Kinder ab 3 Jahren. Enthalten sind 28 gro\u00dfe Steine mit Tiermotiven, die sowohl drinnen als auch drau\u00dfen gespielt werden k\u00f6nnen. Es unterst\u00fctzt die Entwicklung von Beobachtungsgabe, Hand-Auge-Koordination und logischem Denken. Dank der Gr\u00f6\u00dfe sind die Steine leicht zu greifen und robust genug f\u00fcr [&hellip;]","og_url":"https:\/\/ses-creative.com\/de\/produkt\/strassen-domino\/","og_site_name":"SES Creative","article_modified_time":"2026-02-06T09:51:19+00:00","twitter_card":"summary_large_image","twitter_misc":{"Gesch\u00e4tzte Lesezeit":"1\u00a0Minute"},"schema":{"@context":"https:\/\/schema.org","@graph":[{"@type":"WebPage","@id":"https:\/\/ses-creative.com\/de\/produkt\/strassen-domino\/","url":"https:\/\/ses-creative.com\/de\/produkt\/strassen-domino\/","name":"Stra\u00dfen-Domino - SES Creative","isPartOf":{"@id":"https:\/\/ses-creative.com\/#website"},"primaryImageOfPage":{"@id":"https:\/\/ses-creative.com\/de\/produkt\/strassen-domino\/#primaryimage"},"image":{"@id":"https:\/\/ses-creative.com\/de\/produkt\/strassen-domino\/#primaryimage"},"thumbnailUrl":"https:\/\/ses-creative.com\/wp-content\/uploads\/2026\/01\/022321.jpg","datePublished":"2026-02-05T13:52:15+00:00","dateModified":"2026-02-06T09:51:19+00:00","breadcrumb":{"@id":"https:\/\/ses-creative.com\/de\/produkt\/strassen-domino\/#breadcrumb"},"inLanguage":"de","potentialAction":[{"@type":"ReadAction","target":["https:\/\/ses-creative.com\/de\/produkt\/strassen-domino\/"]}]},{"@type":"ImageObject","inLanguage":"de","@id":"https:\/\/ses-creative.com\/de\/produkt\/strassen-domino\/#primaryimage","url":"https:\/\/ses-creative.com\/wp-content\/uploads\/2026\/01\/022321.jpg","contentUrl":"https:\/\/ses-creative.com\/wp-content\/uploads\/2026\/01\/022321.jpg","width":1000,"height":1000},{"@type":"BreadcrumbList","@id":"https:\/\/ses-creative.com\/de\/produkt\/strassen-domino\/#breadcrumb","itemListElement":[{"@type":"ListItem","position":1,"name":"Shop","item":"https:\/\/ses-creative.com\/de\/shop\/"},{"@type":"ListItem","position":2,"name":"Drau\u00dfen spielen","item":"https:\/\/ses-creative.com\/de\/product-categorie\/draussen-spielen\/"},{"@type":"ListItem","position":3,"name":"Stra\u00dfen-Domino"}]},{"@type":"WebSite","@id":"https:\/\/ses-creative.com\/#website","url":"https:\/\/ses-creative.com\/","name":"SES Creative","description":"","publisher":{"@id":"https:\/\/ses-creative.com\/#organization"},"potentialAction":[{"@type":"SearchAction","target":{"@type":"EntryPoint","urlTemplate":"https:\/\/ses-creative.com\/?s={search_term_string}"},"query-input":{"@type":"PropertyValueSpecification","valueRequired":true,"valueName":"search_term_string"}}],"inLanguage":"de"},{"@type":"Organization","@id":"https:\/\/ses-creative.com\/#organization","name":"SES Creative","url":"https:\/\/ses-creative.com\/","logo":{"@type":"ImageObject","inLanguage":"de","@id":"https:\/\/ses-creative.com\/#\/schema\/logo\/image\/","url":"https:\/\/ses-creative.com\/wp-content\/uploads\/2025\/10\/ses-creative-logo.jpg","contentUrl":"https:\/\/ses-creative.com\/wp-content\/uploads\/2025\/10\/ses-creative-logo.jpg","width":2037,"height":2037,"caption":"SES Creative"},"image":{"@id":"https:\/\/ses-creative.com\/#\/schema\/logo\/image\/"}}]}},"_links":{"self":[{"href":"https:\/\/ses-creative.com\/de\/wp-json\/wp\/v2\/product\/114477","targetHints":{"allow":["GET"]}}],"collection":[{"href":"https:\/\/ses-creative.com\/de\/wp-json\/wp\/v2\/product"}],"about":[{"href":"https:\/\/ses-creative.com\/de\/wp-json\/wp\/v2\/types\/product"}],"replies":[{"embeddable":true,"href":"https:\/\/ses-creative.com\/de\/wp-json\/wp\/v2\/comments?post=114477"}],"wp:featuredmedia":[{"embeddable":true,"href":"https:\/\/ses-creative.com\/de\/wp-json\/wp\/v2\/media\/99008"}],"wp:attachment":[{"href":"https:\/\/ses-creative.com\/de\/wp-json\/wp\/v2\/media?parent=114477"}],"wp:term":[{"taxonomy":"product_brand","embeddable":true,"href":"https:\/\/ses-creative.com\/de\/wp-json\/wp\/v2\/product_brand?post=114477"},{"taxonomy":"product_cat","embeddable":true,"href":"https:\/\/ses-creative.com\/de\/wp-json\/wp\/v2\/product_cat?post=114477"},{"taxonomy":"product_tag","embeddable":true,"href":"https:\/\/ses-creative.com\/de\/wp-json\/wp\/v2\/product_tag?post=114477"}],"curies":[{"name":"wp","href":"https:\/\/api.w.org\/{rel}","templated":true}]}}