











{"id":114474,"date":"2026-02-05T13:52:15","date_gmt":"2026-02-05T13:52:15","guid":{"rendered":"https:\/\/ses-creative.com\/?post_type=product&#038;p=114474"},"modified":"2026-02-06T09:51:19","modified_gmt":"2026-02-06T09:51:19","slug":"kreidespiele-5-in-1","status":"publish","type":"product","link":"https:\/\/ses-creative.com\/de\/produkt\/kreidespiele-5-in-1\/","title":{"rendered":"Kreidespiele &#8211; 5 in 1"},"content":{"rendered":"<p>Stra\u00dfenkreide-Spiele 5-in-1: Endloser Spielspa\u00df im Freien!<br \/>\nMit dem SES Creative Stra\u00dfenkreide-Spiele 5-in-1-Set k\u00f6nnen Kinder stundenlang drau\u00dfen spielen. Dieses Set enth\u00e4lt bunte und superstarke Stra\u00dfenkreide, mit der Sie f\u00fcnf klassische Spiele im Freien spielen k\u00f6nnen, wie zum Beispiel H\u00fcpfspiel und Tic-Tac-Toe. F\u00fcr jedes Spiel ist eine Anleitung enthalten. Perfekt f\u00fcr sonnige Tage voller aktiver Spielfreude im Garten oder auf der Stra\u00dfe!<br \/>\nWas dieses Set so toll macht<br \/>\n&#8211;    Verschiedene Spiele f\u00fcr drau\u00dfen mit Anleitungen<br \/>\n&#8211;    Zeichnen Sie die Spiele auf und erleben Sie stundenlangen Spielspa\u00df<br \/>\n&#8211;    Mit 6 verschiedenen Kreidefarben<br \/>\n&#8211;    Leicht mit Wasser und einem Besen abwaschbar<br \/>\n&#8211;    Perfekt f\u00fcr aktives Spielen im Freien<br \/>\nAktives Spielen im Freien mit bunten Stra\u00dfenkreiden<br \/>\nDie Kreide ist stabil und leicht zu halten, sodass Kinder ganz einfach die sch\u00f6nsten Kreationen und herausfordernden Spiele gestalten k\u00f6nnen. Zeichnen Sie das Spielfeld mit Stra\u00dfenkreide auf den Boden und schon kann das Spiel beginnen! Dieses Set regt Kinder zum aktiven Spielen im Freien an und hilft ihnen, auf kreative Weise in Bewegung zu bleiben. Sobald Sie mit dem Spielen fertig sind, k\u00f6nnen Sie die Kreide einfach mit Wasser abwaschen und neue Spielfelder zeichnen. Endloser Spielspa\u00df garantiert!<br \/>\nInhalt des Sets<br \/>\n&#8211;    Stra\u00dfenkreide in Blau, Lila, Rosa, Gelb, Gr\u00fcn und Wei\u00df<br \/>\n&#8211;    Anleitungen f\u00fcr 5 Spiele<br \/>\n&#8211;    2 S\u00e4ckchen<br \/>\nWarum SES Creative w\u00e4hlen?<br \/>\nBei SES Creative legen wir gro\u00dfen Wert auf Sicherheit. Deshalb werden die Produkte in unserer Fabrik in den Niederlanden nach den strengsten europ\u00e4ischen Sicherheitsnormen hergestellt und getestet. Spielzeug von SES Creative macht Spa\u00df und soll Kindern ein Gef\u00fchl der Stolz auf ihre Arbeit vermitteln, was ihre Kreativit\u00e4t und Entwicklung f\u00f6rdert.<br \/>\nDrau\u00dfen spielen war noch nie so viel Spa\u00df!<br \/>\nHolen Sie sich das SES Creative Stra\u00dfenkreide-Spiele 5-in-1-Set und entdecken Sie, wie viel Spa\u00df es macht, drau\u00dfen zu spielen und zu malen. Laden Sie Ihre Freunde ein, w\u00e4hlen Sie ein Spiel aus und starten Sie in einen Tag voller Action und Kreativit\u00e4t. Worauf warten Sie noch? Holen Sie die Stra\u00dfenkreide heraus und spielen Sie den ganzen Tag lang!<\/p>\n","protected":false},"excerpt":{"rendered":"<p>Stra\u00dfenkreide-Spiele 5-in-1: Endloser Spielspa\u00df im Freien! Mit dem SES Creative Stra\u00dfenkreide-Spiele 5-in-1-Set k\u00f6nnen Kinder stundenlang drau\u00dfen spielen. Dieses Set enth\u00e4lt bunte und superstarke Stra\u00dfenkreide, mit der Sie f\u00fcnf klassische Spiele im Freien spielen k\u00f6nnen, wie zum Beispiel H\u00fcpfspiel und Tic-Tac-Toe. F\u00fcr jedes Spiel ist eine Anleitung enthalten. Perfekt f\u00fcr sonnige Tage voller aktiver Spielfreude im [&hellip;]<\/p>\n","protected":false},"featured_media":98948,"comment_status":"closed","ping_status":"closed","template":"","meta":{"_acf_changed":false},"product_brand":[],"product_cat":[119],"product_tag":[],"class_list":{"0":"post-114474","1":"product","2":"type-product","3":"status-publish","4":"has-post-thumbnail","6":"product_cat-draussen-spielen","7":"pa_leeftijd-filter-3-4-jahre","8":"pa_meest-populair-bij-jungen-maedchen","10":"first","11":"instock","12":"shipping-taxable","13":"product-type-simple"},"acf":[],"yoast_head":"<!-- This site is optimized with the Yoast SEO plugin v27.4 - https:\/\/yoast.com\/product\/yoast-seo-wordpress\/ -->\n<title>Kreidespiele - 5 in 1 - SES Creative<\/title>\n<meta name=\"robots\" content=\"index, follow, max-snippet:-1, max-image-preview:large, max-video-preview:-1\" \/>\n<link rel=\"canonical\" href=\"https:\/\/ses-creative.com\/de\/produkt\/kreidespiele-5-in-1\/\" \/>\n<meta property=\"og:locale\" content=\"de_DE\" \/>\n<meta property=\"og:type\" content=\"article\" \/>\n<meta property=\"og:title\" content=\"Kreidespiele - 5 in 1 - SES Creative\" \/>\n<meta property=\"og:description\" content=\"Stra\u00dfenkreide-Spiele 5-in-1: Endloser Spielspa\u00df im Freien! Mit dem SES Creative Stra\u00dfenkreide-Spiele 5-in-1-Set k\u00f6nnen Kinder stundenlang drau\u00dfen spielen. Dieses Set enth\u00e4lt bunte und superstarke Stra\u00dfenkreide, mit der Sie f\u00fcnf klassische Spiele im Freien spielen k\u00f6nnen, wie zum Beispiel H\u00fcpfspiel und Tic-Tac-Toe. F\u00fcr jedes Spiel ist eine Anleitung enthalten. Perfekt f\u00fcr sonnige Tage voller aktiver Spielfreude im [&hellip;]\" \/>\n<meta property=\"og:url\" content=\"https:\/\/ses-creative.com\/de\/produkt\/kreidespiele-5-in-1\/\" \/>\n<meta property=\"og:site_name\" content=\"SES Creative\" \/>\n<meta property=\"article:modified_time\" content=\"2026-02-06T09:51:19+00:00\" \/>\n<meta name=\"twitter:card\" content=\"summary_large_image\" \/>\n<meta name=\"twitter:label1\" content=\"Gesch\u00e4tzte Lesezeit\" \/>\n\t<meta name=\"twitter:data1\" content=\"2\u00a0Minuten\" \/>\n<script type=\"application\/ld+json\" class=\"yoast-schema-graph\">{\"@context\":\"https:\\\/\\\/schema.org\",\"@graph\":[{\"@type\":\"WebPage\",\"@id\":\"https:\\\/\\\/ses-creative.com\\\/de\\\/produkt\\\/kreidespiele-5-in-1\\\/\",\"url\":\"https:\\\/\\\/ses-creative.com\\\/de\\\/produkt\\\/kreidespiele-5-in-1\\\/\",\"name\":\"Kreidespiele - 5 in 1 - SES Creative\",\"isPartOf\":{\"@id\":\"https:\\\/\\\/ses-creative.com\\\/#website\"},\"primaryImageOfPage\":{\"@id\":\"https:\\\/\\\/ses-creative.com\\\/de\\\/produkt\\\/kreidespiele-5-in-1\\\/#primaryimage\"},\"image\":{\"@id\":\"https:\\\/\\\/ses-creative.com\\\/de\\\/produkt\\\/kreidespiele-5-in-1\\\/#primaryimage\"},\"thumbnailUrl\":\"https:\\\/\\\/ses-creative.com\\\/wp-content\\\/uploads\\\/2026\\\/01\\\/022071.jpg\",\"datePublished\":\"2026-02-05T13:52:15+00:00\",\"dateModified\":\"2026-02-06T09:51:19+00:00\",\"breadcrumb\":{\"@id\":\"https:\\\/\\\/ses-creative.com\\\/de\\\/produkt\\\/kreidespiele-5-in-1\\\/#breadcrumb\"},\"inLanguage\":\"de\",\"potentialAction\":[{\"@type\":\"ReadAction\",\"target\":[\"https:\\\/\\\/ses-creative.com\\\/de\\\/produkt\\\/kreidespiele-5-in-1\\\/\"]}]},{\"@type\":\"ImageObject\",\"inLanguage\":\"de\",\"@id\":\"https:\\\/\\\/ses-creative.com\\\/de\\\/produkt\\\/kreidespiele-5-in-1\\\/#primaryimage\",\"url\":\"https:\\\/\\\/ses-creative.com\\\/wp-content\\\/uploads\\\/2026\\\/01\\\/022071.jpg\",\"contentUrl\":\"https:\\\/\\\/ses-creative.com\\\/wp-content\\\/uploads\\\/2026\\\/01\\\/022071.jpg\",\"width\":1000,\"height\":1000},{\"@type\":\"BreadcrumbList\",\"@id\":\"https:\\\/\\\/ses-creative.com\\\/de\\\/produkt\\\/kreidespiele-5-in-1\\\/#breadcrumb\",\"itemListElement\":[{\"@type\":\"ListItem\",\"position\":1,\"name\":\"Shop\",\"item\":\"https:\\\/\\\/ses-creative.com\\\/de\\\/shop\\\/\"},{\"@type\":\"ListItem\",\"position\":2,\"name\":\"Drau\u00dfen spielen\",\"item\":\"https:\\\/\\\/ses-creative.com\\\/de\\\/product-categorie\\\/draussen-spielen\\\/\"},{\"@type\":\"ListItem\",\"position\":3,\"name\":\"Kreidespiele &#8211; 5 in 1\"}]},{\"@type\":\"WebSite\",\"@id\":\"https:\\\/\\\/ses-creative.com\\\/#website\",\"url\":\"https:\\\/\\\/ses-creative.com\\\/\",\"name\":\"SES Creative\",\"description\":\"\",\"publisher\":{\"@id\":\"https:\\\/\\\/ses-creative.com\\\/#organization\"},\"potentialAction\":[{\"@type\":\"SearchAction\",\"target\":{\"@type\":\"EntryPoint\",\"urlTemplate\":\"https:\\\/\\\/ses-creative.com\\\/?s={search_term_string}\"},\"query-input\":{\"@type\":\"PropertyValueSpecification\",\"valueRequired\":true,\"valueName\":\"search_term_string\"}}],\"inLanguage\":\"de\"},{\"@type\":\"Organization\",\"@id\":\"https:\\\/\\\/ses-creative.com\\\/#organization\",\"name\":\"SES Creative\",\"url\":\"https:\\\/\\\/ses-creative.com\\\/\",\"logo\":{\"@type\":\"ImageObject\",\"inLanguage\":\"de\",\"@id\":\"https:\\\/\\\/ses-creative.com\\\/#\\\/schema\\\/logo\\\/image\\\/\",\"url\":\"https:\\\/\\\/ses-creative.com\\\/wp-content\\\/uploads\\\/2025\\\/10\\\/ses-creative-logo.jpg\",\"contentUrl\":\"https:\\\/\\\/ses-creative.com\\\/wp-content\\\/uploads\\\/2025\\\/10\\\/ses-creative-logo.jpg\",\"width\":2037,\"height\":2037,\"caption\":\"SES Creative\"},\"image\":{\"@id\":\"https:\\\/\\\/ses-creative.com\\\/#\\\/schema\\\/logo\\\/image\\\/\"}}]}<\/script>\n<!-- \/ Yoast SEO plugin. -->","yoast_head_json":{"title":"Kreidespiele - 5 in 1 - SES Creative","robots":{"index":"index","follow":"follow","max-snippet":"max-snippet:-1","max-image-preview":"max-image-preview:large","max-video-preview":"max-video-preview:-1"},"canonical":"https:\/\/ses-creative.com\/de\/produkt\/kreidespiele-5-in-1\/","og_locale":"de_DE","og_type":"article","og_title":"Kreidespiele - 5 in 1 - SES Creative","og_description":"Stra\u00dfenkreide-Spiele 5-in-1: Endloser Spielspa\u00df im Freien! Mit dem SES Creative Stra\u00dfenkreide-Spiele 5-in-1-Set k\u00f6nnen Kinder stundenlang drau\u00dfen spielen. Dieses Set enth\u00e4lt bunte und superstarke Stra\u00dfenkreide, mit der Sie f\u00fcnf klassische Spiele im Freien spielen k\u00f6nnen, wie zum Beispiel H\u00fcpfspiel und Tic-Tac-Toe. F\u00fcr jedes Spiel ist eine Anleitung enthalten. Perfekt f\u00fcr sonnige Tage voller aktiver Spielfreude im [&hellip;]","og_url":"https:\/\/ses-creative.com\/de\/produkt\/kreidespiele-5-in-1\/","og_site_name":"SES Creative","article_modified_time":"2026-02-06T09:51:19+00:00","twitter_card":"summary_large_image","twitter_misc":{"Gesch\u00e4tzte Lesezeit":"2\u00a0Minuten"},"schema":{"@context":"https:\/\/schema.org","@graph":[{"@type":"WebPage","@id":"https:\/\/ses-creative.com\/de\/produkt\/kreidespiele-5-in-1\/","url":"https:\/\/ses-creative.com\/de\/produkt\/kreidespiele-5-in-1\/","name":"Kreidespiele - 5 in 1 - SES Creative","isPartOf":{"@id":"https:\/\/ses-creative.com\/#website"},"primaryImageOfPage":{"@id":"https:\/\/ses-creative.com\/de\/produkt\/kreidespiele-5-in-1\/#primaryimage"},"image":{"@id":"https:\/\/ses-creative.com\/de\/produkt\/kreidespiele-5-in-1\/#primaryimage"},"thumbnailUrl":"https:\/\/ses-creative.com\/wp-content\/uploads\/2026\/01\/022071.jpg","datePublished":"2026-02-05T13:52:15+00:00","dateModified":"2026-02-06T09:51:19+00:00","breadcrumb":{"@id":"https:\/\/ses-creative.com\/de\/produkt\/kreidespiele-5-in-1\/#breadcrumb"},"inLanguage":"de","potentialAction":[{"@type":"ReadAction","target":["https:\/\/ses-creative.com\/de\/produkt\/kreidespiele-5-in-1\/"]}]},{"@type":"ImageObject","inLanguage":"de","@id":"https:\/\/ses-creative.com\/de\/produkt\/kreidespiele-5-in-1\/#primaryimage","url":"https:\/\/ses-creative.com\/wp-content\/uploads\/2026\/01\/022071.jpg","contentUrl":"https:\/\/ses-creative.com\/wp-content\/uploads\/2026\/01\/022071.jpg","width":1000,"height":1000},{"@type":"BreadcrumbList","@id":"https:\/\/ses-creative.com\/de\/produkt\/kreidespiele-5-in-1\/#breadcrumb","itemListElement":[{"@type":"ListItem","position":1,"name":"Shop","item":"https:\/\/ses-creative.com\/de\/shop\/"},{"@type":"ListItem","position":2,"name":"Drau\u00dfen spielen","item":"https:\/\/ses-creative.com\/de\/product-categorie\/draussen-spielen\/"},{"@type":"ListItem","position":3,"name":"Kreidespiele &#8211; 5 in 1"}]},{"@type":"WebSite","@id":"https:\/\/ses-creative.com\/#website","url":"https:\/\/ses-creative.com\/","name":"SES Creative","description":"","publisher":{"@id":"https:\/\/ses-creative.com\/#organization"},"potentialAction":[{"@type":"SearchAction","target":{"@type":"EntryPoint","urlTemplate":"https:\/\/ses-creative.com\/?s={search_term_string}"},"query-input":{"@type":"PropertyValueSpecification","valueRequired":true,"valueName":"search_term_string"}}],"inLanguage":"de"},{"@type":"Organization","@id":"https:\/\/ses-creative.com\/#organization","name":"SES Creative","url":"https:\/\/ses-creative.com\/","logo":{"@type":"ImageObject","inLanguage":"de","@id":"https:\/\/ses-creative.com\/#\/schema\/logo\/image\/","url":"https:\/\/ses-creative.com\/wp-content\/uploads\/2025\/10\/ses-creative-logo.jpg","contentUrl":"https:\/\/ses-creative.com\/wp-content\/uploads\/2025\/10\/ses-creative-logo.jpg","width":2037,"height":2037,"caption":"SES Creative"},"image":{"@id":"https:\/\/ses-creative.com\/#\/schema\/logo\/image\/"}}]}},"_links":{"self":[{"href":"https:\/\/ses-creative.com\/de\/wp-json\/wp\/v2\/product\/114474","targetHints":{"allow":["GET"]}}],"collection":[{"href":"https:\/\/ses-creative.com\/de\/wp-json\/wp\/v2\/product"}],"about":[{"href":"https:\/\/ses-creative.com\/de\/wp-json\/wp\/v2\/types\/product"}],"replies":[{"embeddable":true,"href":"https:\/\/ses-creative.com\/de\/wp-json\/wp\/v2\/comments?post=114474"}],"wp:featuredmedia":[{"embeddable":true,"href":"https:\/\/ses-creative.com\/de\/wp-json\/wp\/v2\/media\/98948"}],"wp:attachment":[{"href":"https:\/\/ses-creative.com\/de\/wp-json\/wp\/v2\/media?parent=114474"}],"wp:term":[{"taxonomy":"product_brand","embeddable":true,"href":"https:\/\/ses-creative.com\/de\/wp-json\/wp\/v2\/product_brand?post=114474"},{"taxonomy":"product_cat","embeddable":true,"href":"https:\/\/ses-creative.com\/de\/wp-json\/wp\/v2\/product_cat?post=114474"},{"taxonomy":"product_tag","embeddable":true,"href":"https:\/\/ses-creative.com\/de\/wp-json\/wp\/v2\/product_tag?post=114474"}],"curies":[{"name":"wp","href":"https:\/\/api.w.org\/{rel}","templated":true}]}}