











{"id":114473,"date":"2026-02-05T13:52:15","date_gmt":"2026-02-05T13:52:15","guid":{"rendered":"https:\/\/ses-creative.com\/?post_type=product&#038;p=114473"},"modified":"2026-02-06T09:51:19","modified_gmt":"2026-02-06T09:51:19","slug":"strassenmalkreide-6-stuck","status":"publish","type":"product","link":"https:\/\/ses-creative.com\/de\/produkt\/strassenmalkreide-6-stuck\/","title":{"rendered":"Stra\u00dfenmalkreide 6 Stuck"},"content":{"rendered":"<p>Mit diesem Set aus **6 Gehwegkreiden** von SES Creative k\u00f6nnen Sie der Fantasie der Kinder freien Lauf lassen. Diese farbenfrohen Kreiden wurden f\u00fcr **junge K\u00fcnstler ab 2 Jahren** entwickelt und eignen sich ideal f\u00fcr **Au\u00dfenzeichnungen auf Gehwegen, Pflastersteinen und anderen Au\u00dfenfl\u00e4chen**. Ihre **hohe Pigmentierung** sorgt f\u00fcr lebendige, leuchtende Farben, die sich perfekt f\u00fcr leuchtende Kunstwerke eignen. Sie sind leicht zu handhaben und erm\u00f6glichen es Kindern, frei zu gestalten und ihre Kreativit\u00e4t im Freien zu erkunden. Diese **abwaschbaren Stra\u00dfenkreiden** lassen sich leicht mit Wasser und einem Besen reinigen und sorgen so f\u00fcr ein sorgenfreies Spielen f\u00fcr die Eltern. Dar\u00fcber hinaus sind sie aus **umweltfreundlichen Materialien** hergestellt und garantieren eine sichere und nachhaltige Alternative zu herk\u00f6mmlichen Produkten. Dank ihrer robusten Zusammensetzung sind diese **Kinderkratze** widerstandsf\u00e4hig und bieten eine lange Nutzungsdauer. Sie eignen sich perfekt als **Geschenk zum Geburtstag oder f\u00fcr eine Aktivit\u00e4t im Freien** und begleiten Kinder von klein auf beim Erlernen von Farben und bei der k\u00fcnstlerischen Entwicklung.<\/p>\n","protected":false},"excerpt":{"rendered":"<p>Mit diesem Set aus **6 Gehwegkreiden** von SES Creative k\u00f6nnen Sie der Fantasie der Kinder freien Lauf lassen. Diese farbenfrohen Kreiden wurden f\u00fcr **junge K\u00fcnstler ab 2 Jahren** entwickelt und eignen sich ideal f\u00fcr **Au\u00dfenzeichnungen auf Gehwegen, Pflastersteinen und anderen Au\u00dfenfl\u00e4chen**. Ihre **hohe Pigmentierung** sorgt f\u00fcr lebendige, leuchtende Farben, die sich perfekt f\u00fcr leuchtende Kunstwerke [&hellip;]<\/p>\n","protected":false},"featured_media":98928,"comment_status":"closed","ping_status":"closed","template":"","meta":{"_acf_changed":false},"product_brand":[],"product_cat":[119],"product_tag":[],"class_list":{"0":"post-114473","1":"product","2":"type-product","3":"status-publish","4":"has-post-thumbnail","6":"product_cat-draussen-spielen","7":"pa_leeftijd-filter-0-2-jahre","8":"pa_meest-populair-bij-jungen-maedchen","10":"first","11":"instock","12":"shipping-taxable","13":"product-type-simple"},"acf":[],"yoast_head":"<!-- This site is optimized with the Yoast SEO plugin v27.4 - https:\/\/yoast.com\/product\/yoast-seo-wordpress\/ -->\n<title>Stra\u00dfenmalkreide 6 Stuck - SES Creative<\/title>\n<meta name=\"robots\" content=\"index, follow, max-snippet:-1, max-image-preview:large, max-video-preview:-1\" \/>\n<link rel=\"canonical\" href=\"https:\/\/ses-creative.com\/de\/produkt\/strassenmalkreide-6-stuck\/\" \/>\n<meta property=\"og:locale\" content=\"de_DE\" \/>\n<meta property=\"og:type\" content=\"article\" \/>\n<meta property=\"og:title\" content=\"Stra\u00dfenmalkreide 6 Stuck - SES Creative\" \/>\n<meta property=\"og:description\" content=\"Mit diesem Set aus **6 Gehwegkreiden** von SES Creative k\u00f6nnen Sie der Fantasie der Kinder freien Lauf lassen. Diese farbenfrohen Kreiden wurden f\u00fcr **junge K\u00fcnstler ab 2 Jahren** entwickelt und eignen sich ideal f\u00fcr **Au\u00dfenzeichnungen auf Gehwegen, Pflastersteinen und anderen Au\u00dfenfl\u00e4chen**. Ihre **hohe Pigmentierung** sorgt f\u00fcr lebendige, leuchtende Farben, die sich perfekt f\u00fcr leuchtende Kunstwerke [&hellip;]\" \/>\n<meta property=\"og:url\" content=\"https:\/\/ses-creative.com\/de\/produkt\/strassenmalkreide-6-stuck\/\" \/>\n<meta property=\"og:site_name\" content=\"SES Creative\" \/>\n<meta property=\"article:modified_time\" content=\"2026-02-06T09:51:19+00:00\" \/>\n<meta name=\"twitter:card\" content=\"summary_large_image\" \/>\n<meta name=\"twitter:label1\" content=\"Gesch\u00e4tzte Lesezeit\" \/>\n\t<meta name=\"twitter:data1\" content=\"1\u00a0Minute\" \/>\n<script type=\"application\/ld+json\" class=\"yoast-schema-graph\">{\"@context\":\"https:\\\/\\\/schema.org\",\"@graph\":[{\"@type\":\"WebPage\",\"@id\":\"https:\\\/\\\/ses-creative.com\\\/de\\\/produkt\\\/strassenmalkreide-6-stuck\\\/\",\"url\":\"https:\\\/\\\/ses-creative.com\\\/de\\\/produkt\\\/strassenmalkreide-6-stuck\\\/\",\"name\":\"Stra\u00dfenmalkreide 6 Stuck - SES Creative\",\"isPartOf\":{\"@id\":\"https:\\\/\\\/ses-creative.com\\\/#website\"},\"primaryImageOfPage\":{\"@id\":\"https:\\\/\\\/ses-creative.com\\\/de\\\/produkt\\\/strassenmalkreide-6-stuck\\\/#primaryimage\"},\"image\":{\"@id\":\"https:\\\/\\\/ses-creative.com\\\/de\\\/produkt\\\/strassenmalkreide-6-stuck\\\/#primaryimage\"},\"thumbnailUrl\":\"https:\\\/\\\/ses-creative.com\\\/wp-content\\\/uploads\\\/2026\\\/01\\\/022061.jpg\",\"datePublished\":\"2026-02-05T13:52:15+00:00\",\"dateModified\":\"2026-02-06T09:51:19+00:00\",\"breadcrumb\":{\"@id\":\"https:\\\/\\\/ses-creative.com\\\/de\\\/produkt\\\/strassenmalkreide-6-stuck\\\/#breadcrumb\"},\"inLanguage\":\"de\",\"potentialAction\":[{\"@type\":\"ReadAction\",\"target\":[\"https:\\\/\\\/ses-creative.com\\\/de\\\/produkt\\\/strassenmalkreide-6-stuck\\\/\"]}]},{\"@type\":\"ImageObject\",\"inLanguage\":\"de\",\"@id\":\"https:\\\/\\\/ses-creative.com\\\/de\\\/produkt\\\/strassenmalkreide-6-stuck\\\/#primaryimage\",\"url\":\"https:\\\/\\\/ses-creative.com\\\/wp-content\\\/uploads\\\/2026\\\/01\\\/022061.jpg\",\"contentUrl\":\"https:\\\/\\\/ses-creative.com\\\/wp-content\\\/uploads\\\/2026\\\/01\\\/022061.jpg\",\"width\":1000,\"height\":1000},{\"@type\":\"BreadcrumbList\",\"@id\":\"https:\\\/\\\/ses-creative.com\\\/de\\\/produkt\\\/strassenmalkreide-6-stuck\\\/#breadcrumb\",\"itemListElement\":[{\"@type\":\"ListItem\",\"position\":1,\"name\":\"Shop\",\"item\":\"https:\\\/\\\/ses-creative.com\\\/de\\\/shop\\\/\"},{\"@type\":\"ListItem\",\"position\":2,\"name\":\"Drau\u00dfen spielen\",\"item\":\"https:\\\/\\\/ses-creative.com\\\/de\\\/product-categorie\\\/draussen-spielen\\\/\"},{\"@type\":\"ListItem\",\"position\":3,\"name\":\"Stra\u00dfenmalkreide 6 Stuck\"}]},{\"@type\":\"WebSite\",\"@id\":\"https:\\\/\\\/ses-creative.com\\\/#website\",\"url\":\"https:\\\/\\\/ses-creative.com\\\/\",\"name\":\"SES Creative\",\"description\":\"\",\"publisher\":{\"@id\":\"https:\\\/\\\/ses-creative.com\\\/#organization\"},\"potentialAction\":[{\"@type\":\"SearchAction\",\"target\":{\"@type\":\"EntryPoint\",\"urlTemplate\":\"https:\\\/\\\/ses-creative.com\\\/?s={search_term_string}\"},\"query-input\":{\"@type\":\"PropertyValueSpecification\",\"valueRequired\":true,\"valueName\":\"search_term_string\"}}],\"inLanguage\":\"de\"},{\"@type\":\"Organization\",\"@id\":\"https:\\\/\\\/ses-creative.com\\\/#organization\",\"name\":\"SES Creative\",\"url\":\"https:\\\/\\\/ses-creative.com\\\/\",\"logo\":{\"@type\":\"ImageObject\",\"inLanguage\":\"de\",\"@id\":\"https:\\\/\\\/ses-creative.com\\\/#\\\/schema\\\/logo\\\/image\\\/\",\"url\":\"https:\\\/\\\/ses-creative.com\\\/wp-content\\\/uploads\\\/2025\\\/10\\\/ses-creative-logo.jpg\",\"contentUrl\":\"https:\\\/\\\/ses-creative.com\\\/wp-content\\\/uploads\\\/2025\\\/10\\\/ses-creative-logo.jpg\",\"width\":2037,\"height\":2037,\"caption\":\"SES Creative\"},\"image\":{\"@id\":\"https:\\\/\\\/ses-creative.com\\\/#\\\/schema\\\/logo\\\/image\\\/\"}}]}<\/script>\n<!-- \/ Yoast SEO plugin. -->","yoast_head_json":{"title":"Stra\u00dfenmalkreide 6 Stuck - SES Creative","robots":{"index":"index","follow":"follow","max-snippet":"max-snippet:-1","max-image-preview":"max-image-preview:large","max-video-preview":"max-video-preview:-1"},"canonical":"https:\/\/ses-creative.com\/de\/produkt\/strassenmalkreide-6-stuck\/","og_locale":"de_DE","og_type":"article","og_title":"Stra\u00dfenmalkreide 6 Stuck - SES Creative","og_description":"Mit diesem Set aus **6 Gehwegkreiden** von SES Creative k\u00f6nnen Sie der Fantasie der Kinder freien Lauf lassen. Diese farbenfrohen Kreiden wurden f\u00fcr **junge K\u00fcnstler ab 2 Jahren** entwickelt und eignen sich ideal f\u00fcr **Au\u00dfenzeichnungen auf Gehwegen, Pflastersteinen und anderen Au\u00dfenfl\u00e4chen**. Ihre **hohe Pigmentierung** sorgt f\u00fcr lebendige, leuchtende Farben, die sich perfekt f\u00fcr leuchtende Kunstwerke [&hellip;]","og_url":"https:\/\/ses-creative.com\/de\/produkt\/strassenmalkreide-6-stuck\/","og_site_name":"SES Creative","article_modified_time":"2026-02-06T09:51:19+00:00","twitter_card":"summary_large_image","twitter_misc":{"Gesch\u00e4tzte Lesezeit":"1\u00a0Minute"},"schema":{"@context":"https:\/\/schema.org","@graph":[{"@type":"WebPage","@id":"https:\/\/ses-creative.com\/de\/produkt\/strassenmalkreide-6-stuck\/","url":"https:\/\/ses-creative.com\/de\/produkt\/strassenmalkreide-6-stuck\/","name":"Stra\u00dfenmalkreide 6 Stuck - SES Creative","isPartOf":{"@id":"https:\/\/ses-creative.com\/#website"},"primaryImageOfPage":{"@id":"https:\/\/ses-creative.com\/de\/produkt\/strassenmalkreide-6-stuck\/#primaryimage"},"image":{"@id":"https:\/\/ses-creative.com\/de\/produkt\/strassenmalkreide-6-stuck\/#primaryimage"},"thumbnailUrl":"https:\/\/ses-creative.com\/wp-content\/uploads\/2026\/01\/022061.jpg","datePublished":"2026-02-05T13:52:15+00:00","dateModified":"2026-02-06T09:51:19+00:00","breadcrumb":{"@id":"https:\/\/ses-creative.com\/de\/produkt\/strassenmalkreide-6-stuck\/#breadcrumb"},"inLanguage":"de","potentialAction":[{"@type":"ReadAction","target":["https:\/\/ses-creative.com\/de\/produkt\/strassenmalkreide-6-stuck\/"]}]},{"@type":"ImageObject","inLanguage":"de","@id":"https:\/\/ses-creative.com\/de\/produkt\/strassenmalkreide-6-stuck\/#primaryimage","url":"https:\/\/ses-creative.com\/wp-content\/uploads\/2026\/01\/022061.jpg","contentUrl":"https:\/\/ses-creative.com\/wp-content\/uploads\/2026\/01\/022061.jpg","width":1000,"height":1000},{"@type":"BreadcrumbList","@id":"https:\/\/ses-creative.com\/de\/produkt\/strassenmalkreide-6-stuck\/#breadcrumb","itemListElement":[{"@type":"ListItem","position":1,"name":"Shop","item":"https:\/\/ses-creative.com\/de\/shop\/"},{"@type":"ListItem","position":2,"name":"Drau\u00dfen spielen","item":"https:\/\/ses-creative.com\/de\/product-categorie\/draussen-spielen\/"},{"@type":"ListItem","position":3,"name":"Stra\u00dfenmalkreide 6 Stuck"}]},{"@type":"WebSite","@id":"https:\/\/ses-creative.com\/#website","url":"https:\/\/ses-creative.com\/","name":"SES Creative","description":"","publisher":{"@id":"https:\/\/ses-creative.com\/#organization"},"potentialAction":[{"@type":"SearchAction","target":{"@type":"EntryPoint","urlTemplate":"https:\/\/ses-creative.com\/?s={search_term_string}"},"query-input":{"@type":"PropertyValueSpecification","valueRequired":true,"valueName":"search_term_string"}}],"inLanguage":"de"},{"@type":"Organization","@id":"https:\/\/ses-creative.com\/#organization","name":"SES Creative","url":"https:\/\/ses-creative.com\/","logo":{"@type":"ImageObject","inLanguage":"de","@id":"https:\/\/ses-creative.com\/#\/schema\/logo\/image\/","url":"https:\/\/ses-creative.com\/wp-content\/uploads\/2025\/10\/ses-creative-logo.jpg","contentUrl":"https:\/\/ses-creative.com\/wp-content\/uploads\/2025\/10\/ses-creative-logo.jpg","width":2037,"height":2037,"caption":"SES Creative"},"image":{"@id":"https:\/\/ses-creative.com\/#\/schema\/logo\/image\/"}}]}},"_links":{"self":[{"href":"https:\/\/ses-creative.com\/de\/wp-json\/wp\/v2\/product\/114473","targetHints":{"allow":["GET"]}}],"collection":[{"href":"https:\/\/ses-creative.com\/de\/wp-json\/wp\/v2\/product"}],"about":[{"href":"https:\/\/ses-creative.com\/de\/wp-json\/wp\/v2\/types\/product"}],"replies":[{"embeddable":true,"href":"https:\/\/ses-creative.com\/de\/wp-json\/wp\/v2\/comments?post=114473"}],"wp:featuredmedia":[{"embeddable":true,"href":"https:\/\/ses-creative.com\/de\/wp-json\/wp\/v2\/media\/98928"}],"wp:attachment":[{"href":"https:\/\/ses-creative.com\/de\/wp-json\/wp\/v2\/media?parent=114473"}],"wp:term":[{"taxonomy":"product_brand","embeddable":true,"href":"https:\/\/ses-creative.com\/de\/wp-json\/wp\/v2\/product_brand?post=114473"},{"taxonomy":"product_cat","embeddable":true,"href":"https:\/\/ses-creative.com\/de\/wp-json\/wp\/v2\/product_cat?post=114473"},{"taxonomy":"product_tag","embeddable":true,"href":"https:\/\/ses-creative.com\/de\/wp-json\/wp\/v2\/product_tag?post=114473"}],"curies":[{"name":"wp","href":"https:\/\/api.w.org\/{rel}","templated":true}]}}