











{"id":114472,"date":"2026-02-05T13:52:15","date_gmt":"2026-02-05T13:52:15","guid":{"rendered":"https:\/\/ses-creative.com\/?post_type=product&#038;p=114472"},"modified":"2026-02-06T09:51:18","modified_gmt":"2026-02-06T09:51:18","slug":"kreidestifte-eimer-mit-22-st","status":"publish","type":"product","link":"https:\/\/ses-creative.com\/de\/produkt\/kreidestifte-eimer-mit-22-st\/","title":{"rendered":"Kreidestifte Eimer mit 22 St."},"content":{"rendered":"<p>Schaffe Kunstwerke mit Stra\u00dfenkreide!<br \/>\nWer an Stra\u00dfenkreide denkt, denkt an SES! Die Stra\u00dfenkreide von SES Creative ist von h\u00f6chster Qualit\u00e4t und sorgt f\u00fcr fr\u00f6hliche Farben, die auf jedem B\u00fcrgersteig gut sichtbar sind. Perfekt f\u00fcr Kinder, die gerne drau\u00dfen spielen und ihre Kreativit\u00e4t ausleben m\u00f6chten. Mit diesem Set k\u00f6nnen sie die sch\u00f6nsten Kunstwerke schaffen!<br \/>\nWas dieses Set so besonders macht<br \/>\n&#8211;    Dieses Set enth\u00e4lt viele verschiedene Kreidefarben f\u00fcr extra langen Spielspa\u00df<br \/>\n&#8211;    Schwarze Kreide f\u00fcr sch\u00f6ne Kontraste<br \/>\n&#8211;    Die Kreide ist besonders robust und hat fr\u00f6hliche Farben f\u00fcr lebendige Zeichnungen<br \/>\n&#8211;    Perfekt f\u00fcr Kinder ab 2 Jahren<br \/>\n&#8211;    Leicht abwaschbar<br \/>\nZeichnen und entdecken mit Stra\u00dfenkreide<br \/>\nMit diesem Set k\u00f6nnen Kinder ihrer Fantasie freien Lauf lassen und die sch\u00f6nsten Zeichnungen auf dem B\u00fcrgersteig anfertigen. Die verschiedenen Farben und die schwarze Kreide sorgen f\u00fcr wundersch\u00f6ne Kontraste, wodurch jedes Kunstwerk zum Leben erweckt wird. Der praktische Eimer macht es einfach, die Kreiden \u00fcberallhin mitzunehmen.<br \/>\nDieses Set ist ideal f\u00fcr Kinder, die gerne drau\u00dfen spielen und kreativ sind. Die Stra\u00dfenkreide ist von hoher Qualit\u00e4t und staubt weniger, sodass das Spielen sicher und angenehm ist. Perfekt f\u00fcr sonnige Tage und gemeinsames Spielen im Freien.<br \/>\nInhalt des Sets<br \/>\n&#8211;    22 Kreiden in 8 verschiedenen Farben<br \/>\n&#8211;    Inklusive praktischem Eimer zur Aufbewahrung<br \/>\nWarum SES Creative w\u00e4hlen?<br \/>\nBei SES Creative legen wir gro\u00dfen Wert auf Sicherheit. Deshalb werden die Produkte in der Fabrik in den Niederlanden nach den strengsten europ\u00e4ischen Sicherheitsnormen hergestellt und getestet. Spielzeug von SES Creative sorgt f\u00fcr Spa\u00df und soll Kindern erm\u00f6glichen, stolz auf ihre Arbeit zu sein, was ihre Kreativit\u00e4t und Entwicklung f\u00f6rdert.<br \/>\nBeginnen Sie noch heute mit Stra\u00dfenkreiden<br \/>\nEntdecken Sie die Magie der Stra\u00dfenkreide und schaffen Sie Ihre eigenen Meisterwerke auf dem B\u00fcrgersteig. Lassen Sie Ihrer Kreativit\u00e4t freien Lauf und genie\u00dfen Sie stundenlangen Spielspa\u00df im Freien mit diesem fantastischen Set!<\/p>\n","protected":false},"excerpt":{"rendered":"<p>Schaffe Kunstwerke mit Stra\u00dfenkreide! Wer an Stra\u00dfenkreide denkt, denkt an SES! Die Stra\u00dfenkreide von SES Creative ist von h\u00f6chster Qualit\u00e4t und sorgt f\u00fcr fr\u00f6hliche Farben, die auf jedem B\u00fcrgersteig gut sichtbar sind. Perfekt f\u00fcr Kinder, die gerne drau\u00dfen spielen und ihre Kreativit\u00e4t ausleben m\u00f6chten. Mit diesem Set k\u00f6nnen sie die sch\u00f6nsten Kunstwerke schaffen! Was dieses [&hellip;]<\/p>\n","protected":false},"featured_media":98908,"comment_status":"closed","ping_status":"closed","template":"","meta":{"_acf_changed":false},"product_brand":[],"product_cat":[119],"product_tag":[],"class_list":{"0":"post-114472","1":"product","2":"type-product","3":"status-publish","4":"has-post-thumbnail","6":"product_cat-draussen-spielen","7":"pa_leeftijd-filter-0-2-jahre","8":"pa_meest-populair-bij-jungen-maedchen","10":"first","11":"instock","12":"shipping-taxable","13":"product-type-simple"},"acf":[],"yoast_head":"<!-- This site is optimized with the Yoast SEO plugin v27.4 - https:\/\/yoast.com\/product\/yoast-seo-wordpress\/ -->\n<title>Kreidestifte Eimer mit 22 St. - SES Creative<\/title>\n<meta name=\"robots\" content=\"index, follow, max-snippet:-1, max-image-preview:large, max-video-preview:-1\" \/>\n<link rel=\"canonical\" href=\"https:\/\/ses-creative.com\/de\/produkt\/kreidestifte-eimer-mit-22-st\/\" \/>\n<meta property=\"og:locale\" content=\"de_DE\" \/>\n<meta property=\"og:type\" content=\"article\" \/>\n<meta property=\"og:title\" content=\"Kreidestifte Eimer mit 22 St. - SES Creative\" \/>\n<meta property=\"og:description\" content=\"Schaffe Kunstwerke mit Stra\u00dfenkreide! Wer an Stra\u00dfenkreide denkt, denkt an SES! Die Stra\u00dfenkreide von SES Creative ist von h\u00f6chster Qualit\u00e4t und sorgt f\u00fcr fr\u00f6hliche Farben, die auf jedem B\u00fcrgersteig gut sichtbar sind. Perfekt f\u00fcr Kinder, die gerne drau\u00dfen spielen und ihre Kreativit\u00e4t ausleben m\u00f6chten. Mit diesem Set k\u00f6nnen sie die sch\u00f6nsten Kunstwerke schaffen! Was dieses [&hellip;]\" \/>\n<meta property=\"og:url\" content=\"https:\/\/ses-creative.com\/de\/produkt\/kreidestifte-eimer-mit-22-st\/\" \/>\n<meta property=\"og:site_name\" content=\"SES Creative\" \/>\n<meta property=\"article:modified_time\" content=\"2026-02-06T09:51:18+00:00\" \/>\n<meta name=\"twitter:card\" content=\"summary_large_image\" \/>\n<meta name=\"twitter:label1\" content=\"Gesch\u00e4tzte Lesezeit\" \/>\n\t<meta name=\"twitter:data1\" content=\"2\u00a0Minuten\" \/>\n<script type=\"application\/ld+json\" class=\"yoast-schema-graph\">{\"@context\":\"https:\\\/\\\/schema.org\",\"@graph\":[{\"@type\":\"WebPage\",\"@id\":\"https:\\\/\\\/ses-creative.com\\\/de\\\/produkt\\\/kreidestifte-eimer-mit-22-st\\\/\",\"url\":\"https:\\\/\\\/ses-creative.com\\\/de\\\/produkt\\\/kreidestifte-eimer-mit-22-st\\\/\",\"name\":\"Kreidestifte Eimer mit 22 St. - SES Creative\",\"isPartOf\":{\"@id\":\"https:\\\/\\\/ses-creative.com\\\/#website\"},\"primaryImageOfPage\":{\"@id\":\"https:\\\/\\\/ses-creative.com\\\/de\\\/produkt\\\/kreidestifte-eimer-mit-22-st\\\/#primaryimage\"},\"image\":{\"@id\":\"https:\\\/\\\/ses-creative.com\\\/de\\\/produkt\\\/kreidestifte-eimer-mit-22-st\\\/#primaryimage\"},\"thumbnailUrl\":\"https:\\\/\\\/ses-creative.com\\\/wp-content\\\/uploads\\\/2026\\\/01\\\/022051.jpg\",\"datePublished\":\"2026-02-05T13:52:15+00:00\",\"dateModified\":\"2026-02-06T09:51:18+00:00\",\"breadcrumb\":{\"@id\":\"https:\\\/\\\/ses-creative.com\\\/de\\\/produkt\\\/kreidestifte-eimer-mit-22-st\\\/#breadcrumb\"},\"inLanguage\":\"de\",\"potentialAction\":[{\"@type\":\"ReadAction\",\"target\":[\"https:\\\/\\\/ses-creative.com\\\/de\\\/produkt\\\/kreidestifte-eimer-mit-22-st\\\/\"]}]},{\"@type\":\"ImageObject\",\"inLanguage\":\"de\",\"@id\":\"https:\\\/\\\/ses-creative.com\\\/de\\\/produkt\\\/kreidestifte-eimer-mit-22-st\\\/#primaryimage\",\"url\":\"https:\\\/\\\/ses-creative.com\\\/wp-content\\\/uploads\\\/2026\\\/01\\\/022051.jpg\",\"contentUrl\":\"https:\\\/\\\/ses-creative.com\\\/wp-content\\\/uploads\\\/2026\\\/01\\\/022051.jpg\",\"width\":1000,\"height\":1000},{\"@type\":\"BreadcrumbList\",\"@id\":\"https:\\\/\\\/ses-creative.com\\\/de\\\/produkt\\\/kreidestifte-eimer-mit-22-st\\\/#breadcrumb\",\"itemListElement\":[{\"@type\":\"ListItem\",\"position\":1,\"name\":\"Shop\",\"item\":\"https:\\\/\\\/ses-creative.com\\\/de\\\/shop\\\/\"},{\"@type\":\"ListItem\",\"position\":2,\"name\":\"Drau\u00dfen spielen\",\"item\":\"https:\\\/\\\/ses-creative.com\\\/de\\\/product-categorie\\\/draussen-spielen\\\/\"},{\"@type\":\"ListItem\",\"position\":3,\"name\":\"Kreidestifte Eimer mit 22 St.\"}]},{\"@type\":\"WebSite\",\"@id\":\"https:\\\/\\\/ses-creative.com\\\/#website\",\"url\":\"https:\\\/\\\/ses-creative.com\\\/\",\"name\":\"SES Creative\",\"description\":\"\",\"publisher\":{\"@id\":\"https:\\\/\\\/ses-creative.com\\\/#organization\"},\"potentialAction\":[{\"@type\":\"SearchAction\",\"target\":{\"@type\":\"EntryPoint\",\"urlTemplate\":\"https:\\\/\\\/ses-creative.com\\\/?s={search_term_string}\"},\"query-input\":{\"@type\":\"PropertyValueSpecification\",\"valueRequired\":true,\"valueName\":\"search_term_string\"}}],\"inLanguage\":\"de\"},{\"@type\":\"Organization\",\"@id\":\"https:\\\/\\\/ses-creative.com\\\/#organization\",\"name\":\"SES Creative\",\"url\":\"https:\\\/\\\/ses-creative.com\\\/\",\"logo\":{\"@type\":\"ImageObject\",\"inLanguage\":\"de\",\"@id\":\"https:\\\/\\\/ses-creative.com\\\/#\\\/schema\\\/logo\\\/image\\\/\",\"url\":\"https:\\\/\\\/ses-creative.com\\\/wp-content\\\/uploads\\\/2025\\\/10\\\/ses-creative-logo.jpg\",\"contentUrl\":\"https:\\\/\\\/ses-creative.com\\\/wp-content\\\/uploads\\\/2025\\\/10\\\/ses-creative-logo.jpg\",\"width\":2037,\"height\":2037,\"caption\":\"SES Creative\"},\"image\":{\"@id\":\"https:\\\/\\\/ses-creative.com\\\/#\\\/schema\\\/logo\\\/image\\\/\"}}]}<\/script>\n<!-- \/ Yoast SEO plugin. -->","yoast_head_json":{"title":"Kreidestifte Eimer mit 22 St. - SES Creative","robots":{"index":"index","follow":"follow","max-snippet":"max-snippet:-1","max-image-preview":"max-image-preview:large","max-video-preview":"max-video-preview:-1"},"canonical":"https:\/\/ses-creative.com\/de\/produkt\/kreidestifte-eimer-mit-22-st\/","og_locale":"de_DE","og_type":"article","og_title":"Kreidestifte Eimer mit 22 St. - SES Creative","og_description":"Schaffe Kunstwerke mit Stra\u00dfenkreide! Wer an Stra\u00dfenkreide denkt, denkt an SES! Die Stra\u00dfenkreide von SES Creative ist von h\u00f6chster Qualit\u00e4t und sorgt f\u00fcr fr\u00f6hliche Farben, die auf jedem B\u00fcrgersteig gut sichtbar sind. Perfekt f\u00fcr Kinder, die gerne drau\u00dfen spielen und ihre Kreativit\u00e4t ausleben m\u00f6chten. Mit diesem Set k\u00f6nnen sie die sch\u00f6nsten Kunstwerke schaffen! Was dieses [&hellip;]","og_url":"https:\/\/ses-creative.com\/de\/produkt\/kreidestifte-eimer-mit-22-st\/","og_site_name":"SES Creative","article_modified_time":"2026-02-06T09:51:18+00:00","twitter_card":"summary_large_image","twitter_misc":{"Gesch\u00e4tzte Lesezeit":"2\u00a0Minuten"},"schema":{"@context":"https:\/\/schema.org","@graph":[{"@type":"WebPage","@id":"https:\/\/ses-creative.com\/de\/produkt\/kreidestifte-eimer-mit-22-st\/","url":"https:\/\/ses-creative.com\/de\/produkt\/kreidestifte-eimer-mit-22-st\/","name":"Kreidestifte Eimer mit 22 St. - SES Creative","isPartOf":{"@id":"https:\/\/ses-creative.com\/#website"},"primaryImageOfPage":{"@id":"https:\/\/ses-creative.com\/de\/produkt\/kreidestifte-eimer-mit-22-st\/#primaryimage"},"image":{"@id":"https:\/\/ses-creative.com\/de\/produkt\/kreidestifte-eimer-mit-22-st\/#primaryimage"},"thumbnailUrl":"https:\/\/ses-creative.com\/wp-content\/uploads\/2026\/01\/022051.jpg","datePublished":"2026-02-05T13:52:15+00:00","dateModified":"2026-02-06T09:51:18+00:00","breadcrumb":{"@id":"https:\/\/ses-creative.com\/de\/produkt\/kreidestifte-eimer-mit-22-st\/#breadcrumb"},"inLanguage":"de","potentialAction":[{"@type":"ReadAction","target":["https:\/\/ses-creative.com\/de\/produkt\/kreidestifte-eimer-mit-22-st\/"]}]},{"@type":"ImageObject","inLanguage":"de","@id":"https:\/\/ses-creative.com\/de\/produkt\/kreidestifte-eimer-mit-22-st\/#primaryimage","url":"https:\/\/ses-creative.com\/wp-content\/uploads\/2026\/01\/022051.jpg","contentUrl":"https:\/\/ses-creative.com\/wp-content\/uploads\/2026\/01\/022051.jpg","width":1000,"height":1000},{"@type":"BreadcrumbList","@id":"https:\/\/ses-creative.com\/de\/produkt\/kreidestifte-eimer-mit-22-st\/#breadcrumb","itemListElement":[{"@type":"ListItem","position":1,"name":"Shop","item":"https:\/\/ses-creative.com\/de\/shop\/"},{"@type":"ListItem","position":2,"name":"Drau\u00dfen spielen","item":"https:\/\/ses-creative.com\/de\/product-categorie\/draussen-spielen\/"},{"@type":"ListItem","position":3,"name":"Kreidestifte Eimer mit 22 St."}]},{"@type":"WebSite","@id":"https:\/\/ses-creative.com\/#website","url":"https:\/\/ses-creative.com\/","name":"SES Creative","description":"","publisher":{"@id":"https:\/\/ses-creative.com\/#organization"},"potentialAction":[{"@type":"SearchAction","target":{"@type":"EntryPoint","urlTemplate":"https:\/\/ses-creative.com\/?s={search_term_string}"},"query-input":{"@type":"PropertyValueSpecification","valueRequired":true,"valueName":"search_term_string"}}],"inLanguage":"de"},{"@type":"Organization","@id":"https:\/\/ses-creative.com\/#organization","name":"SES Creative","url":"https:\/\/ses-creative.com\/","logo":{"@type":"ImageObject","inLanguage":"de","@id":"https:\/\/ses-creative.com\/#\/schema\/logo\/image\/","url":"https:\/\/ses-creative.com\/wp-content\/uploads\/2025\/10\/ses-creative-logo.jpg","contentUrl":"https:\/\/ses-creative.com\/wp-content\/uploads\/2025\/10\/ses-creative-logo.jpg","width":2037,"height":2037,"caption":"SES Creative"},"image":{"@id":"https:\/\/ses-creative.com\/#\/schema\/logo\/image\/"}}]}},"_links":{"self":[{"href":"https:\/\/ses-creative.com\/de\/wp-json\/wp\/v2\/product\/114472","targetHints":{"allow":["GET"]}}],"collection":[{"href":"https:\/\/ses-creative.com\/de\/wp-json\/wp\/v2\/product"}],"about":[{"href":"https:\/\/ses-creative.com\/de\/wp-json\/wp\/v2\/types\/product"}],"replies":[{"embeddable":true,"href":"https:\/\/ses-creative.com\/de\/wp-json\/wp\/v2\/comments?post=114472"}],"wp:featuredmedia":[{"embeddable":true,"href":"https:\/\/ses-creative.com\/de\/wp-json\/wp\/v2\/media\/98908"}],"wp:attachment":[{"href":"https:\/\/ses-creative.com\/de\/wp-json\/wp\/v2\/media?parent=114472"}],"wp:term":[{"taxonomy":"product_brand","embeddable":true,"href":"https:\/\/ses-creative.com\/de\/wp-json\/wp\/v2\/product_brand?post=114472"},{"taxonomy":"product_cat","embeddable":true,"href":"https:\/\/ses-creative.com\/de\/wp-json\/wp\/v2\/product_cat?post=114472"},{"taxonomy":"product_tag","embeddable":true,"href":"https:\/\/ses-creative.com\/de\/wp-json\/wp\/v2\/product_tag?post=114472"}],"curies":[{"name":"wp","href":"https:\/\/api.w.org\/{rel}","templated":true}]}}