











{"id":114471,"date":"2026-02-05T13:52:15","date_gmt":"2026-02-05T13:52:15","guid":{"rendered":"https:\/\/ses-creative.com\/?post_type=product&#038;p=114471"},"modified":"2026-02-06T09:51:18","modified_gmt":"2026-02-06T09:51:18","slug":"kreidestifte-safari","status":"publish","type":"product","link":"https:\/\/ses-creative.com\/de\/produkt\/kreidestifte-safari\/","title":{"rendered":"Kreidestifte safari"},"content":{"rendered":"<p>Male dein eigenes Safari-Abenteuer!<br \/>\nMit dem Stra\u00dfenkreide-Safari-Set von SES Creative kannst du den B\u00fcrgersteig in eine farbenfrohe Safari verwandeln. Verwende die robuste Kreide und nimm eine Stra\u00dfenkreide-Schablone, um die sch\u00f6nsten Safari-Tiere zu zeichnen. Ideal f\u00fcr Kinder, die gerne zeichnen und drau\u00dfen spielen, und perfekt, um deine eigene Safari-Welt zum Leben zu erwecken!<br \/>\nWas dieses Set so toll macht<br \/>\n&#8211;    Die Kreide ist besonders robust und hat fr\u00f6hliche Farben f\u00fcr lebendige Zeichnungen<br \/>\n&#8211;    Stabile Kunststoff-Tiervorlagen f\u00fcr einfache Verwendung<br \/>\n&#8211;    F\u00f6rdert Kreativit\u00e4t und Fantasie<br \/>\n&#8211;    Geeignet f\u00fcr Kinder ab 3 Jahren<br \/>\n&#8211;    Perfekt f\u00fcr stundenlanges Spielen im Freien und Sommertage<br \/>\nVerwandeln Sie den B\u00fcrgersteig in Ihre Leinwand!<br \/>\nMit diesem Stra\u00dfenkreideset k\u00f6nnen Kinder ihre eigenen Safari-Abenteuer auf dem B\u00fcrgersteig, im Garten oder auf dem Schulhof gestalten. Das Set enth\u00e4lt sechs sch\u00f6ne Kreidefarben, die sich ideal f\u00fcr farbenfrohe Zeichnungen eignen. Mit den Kunststoffschablonen k\u00f6nnen Kinder ganz einfach wundersch\u00f6ne Tierfiguren zeichnen und ihre Safariwelt zum Leben erwecken.<br \/>\nDieses Produkt f\u00f6rdert die Kreativit\u00e4t und bietet Kindern die M\u00f6glichkeit, ihrer Fantasie freien Lauf zu lassen. Ob sie nun alleine oder mit Freunden spielen, dieses Stra\u00dfenkreideset bietet stundenlangen Spielspa\u00df und ist perfekt f\u00fcr Sommertage im Freien.<br \/>\nInhalt des Sets<br \/>\n&#8211;    6 Farben Stra\u00dfenkreide<br \/>\n&#8211;    6 Kunststoffschablonen mit Tieren und Mustern<br \/>\nWarum SES Creative w\u00e4hlen?<br \/>\nBei SES Creative legen wir gro\u00dfen Wert auf Sicherheit. Deshalb werden die Produkte in unserer Fabrik in den Niederlanden nach den strengsten europ\u00e4ischen Sicherheitsstandards hergestellt und getestet. Spielzeug von SES Creative sorgt f\u00fcr Spa\u00df und soll Kindern erm\u00f6glichen, stolz auf ihre Arbeit zu sein, was ihre Kreativit\u00e4t und Entwicklung f\u00f6rdert.<br \/>\nBeginnen Sie noch heute Ihre Safari!<br \/>\nMit dem Stra\u00dfenkreide-Safari-Set k\u00f6nnen Kinder ihre eigene farbenfrohe Welt erschaffen. Schnappen Sie sich die Kreide und die Schablonen und entdecken Sie, wie viel Spa\u00df es macht, drau\u00dfen zu malen und zu spielen!<\/p>\n","protected":false},"excerpt":{"rendered":"<p>Male dein eigenes Safari-Abenteuer! Mit dem Stra\u00dfenkreide-Safari-Set von SES Creative kannst du den B\u00fcrgersteig in eine farbenfrohe Safari verwandeln. Verwende die robuste Kreide und nimm eine Stra\u00dfenkreide-Schablone, um die sch\u00f6nsten Safari-Tiere zu zeichnen. Ideal f\u00fcr Kinder, die gerne zeichnen und drau\u00dfen spielen, und perfekt, um deine eigene Safari-Welt zum Leben zu erwecken! Was dieses Set [&hellip;]<\/p>\n","protected":false},"featured_media":93672,"comment_status":"closed","ping_status":"closed","template":"","meta":{"_acf_changed":false},"product_brand":[],"product_cat":[119],"product_tag":[],"class_list":{"0":"post-114471","1":"product","2":"type-product","3":"status-publish","4":"has-post-thumbnail","6":"product_cat-draussen-spielen","7":"pa_leeftijd-filter-3-4-jahre","8":"pa_meest-populair-bij-jungen-maedchen","10":"first","11":"instock","12":"shipping-taxable","13":"product-type-simple"},"acf":[],"yoast_head":"<!-- This site is optimized with the Yoast SEO plugin v27.4 - https:\/\/yoast.com\/product\/yoast-seo-wordpress\/ -->\n<title>Kreidestifte safari - SES Creative<\/title>\n<meta name=\"robots\" content=\"index, follow, max-snippet:-1, max-image-preview:large, max-video-preview:-1\" \/>\n<link rel=\"canonical\" href=\"https:\/\/ses-creative.com\/de\/produkt\/kreidestifte-safari\/\" \/>\n<meta property=\"og:locale\" content=\"de_DE\" \/>\n<meta property=\"og:type\" content=\"article\" \/>\n<meta property=\"og:title\" content=\"Kreidestifte safari - SES Creative\" \/>\n<meta property=\"og:description\" content=\"Male dein eigenes Safari-Abenteuer! Mit dem Stra\u00dfenkreide-Safari-Set von SES Creative kannst du den B\u00fcrgersteig in eine farbenfrohe Safari verwandeln. Verwende die robuste Kreide und nimm eine Stra\u00dfenkreide-Schablone, um die sch\u00f6nsten Safari-Tiere zu zeichnen. Ideal f\u00fcr Kinder, die gerne zeichnen und drau\u00dfen spielen, und perfekt, um deine eigene Safari-Welt zum Leben zu erwecken! Was dieses Set [&hellip;]\" \/>\n<meta property=\"og:url\" content=\"https:\/\/ses-creative.com\/de\/produkt\/kreidestifte-safari\/\" \/>\n<meta property=\"og:site_name\" content=\"SES Creative\" \/>\n<meta property=\"article:modified_time\" content=\"2026-02-06T09:51:18+00:00\" \/>\n<meta name=\"twitter:card\" content=\"summary_large_image\" \/>\n<meta name=\"twitter:label1\" content=\"Gesch\u00e4tzte Lesezeit\" \/>\n\t<meta name=\"twitter:data1\" content=\"2\u00a0Minuten\" \/>\n<script type=\"application\/ld+json\" class=\"yoast-schema-graph\">{\"@context\":\"https:\\\/\\\/schema.org\",\"@graph\":[{\"@type\":\"WebPage\",\"@id\":\"https:\\\/\\\/ses-creative.com\\\/de\\\/produkt\\\/kreidestifte-safari\\\/\",\"url\":\"https:\\\/\\\/ses-creative.com\\\/de\\\/produkt\\\/kreidestifte-safari\\\/\",\"name\":\"Kreidestifte safari - SES Creative\",\"isPartOf\":{\"@id\":\"https:\\\/\\\/ses-creative.com\\\/#website\"},\"primaryImageOfPage\":{\"@id\":\"https:\\\/\\\/ses-creative.com\\\/de\\\/produkt\\\/kreidestifte-safari\\\/#primaryimage\"},\"image\":{\"@id\":\"https:\\\/\\\/ses-creative.com\\\/de\\\/produkt\\\/kreidestifte-safari\\\/#primaryimage\"},\"thumbnailUrl\":\"https:\\\/\\\/ses-creative.com\\\/wp-content\\\/uploads\\\/2026\\\/01\\\/022041.jpg\",\"datePublished\":\"2026-02-05T13:52:15+00:00\",\"dateModified\":\"2026-02-06T09:51:18+00:00\",\"breadcrumb\":{\"@id\":\"https:\\\/\\\/ses-creative.com\\\/de\\\/produkt\\\/kreidestifte-safari\\\/#breadcrumb\"},\"inLanguage\":\"de\",\"potentialAction\":[{\"@type\":\"ReadAction\",\"target\":[\"https:\\\/\\\/ses-creative.com\\\/de\\\/produkt\\\/kreidestifte-safari\\\/\"]}]},{\"@type\":\"ImageObject\",\"inLanguage\":\"de\",\"@id\":\"https:\\\/\\\/ses-creative.com\\\/de\\\/produkt\\\/kreidestifte-safari\\\/#primaryimage\",\"url\":\"https:\\\/\\\/ses-creative.com\\\/wp-content\\\/uploads\\\/2026\\\/01\\\/022041.jpg\",\"contentUrl\":\"https:\\\/\\\/ses-creative.com\\\/wp-content\\\/uploads\\\/2026\\\/01\\\/022041.jpg\",\"width\":1000,\"height\":1000},{\"@type\":\"BreadcrumbList\",\"@id\":\"https:\\\/\\\/ses-creative.com\\\/de\\\/produkt\\\/kreidestifte-safari\\\/#breadcrumb\",\"itemListElement\":[{\"@type\":\"ListItem\",\"position\":1,\"name\":\"Shop\",\"item\":\"https:\\\/\\\/ses-creative.com\\\/de\\\/shop\\\/\"},{\"@type\":\"ListItem\",\"position\":2,\"name\":\"Drau\u00dfen spielen\",\"item\":\"https:\\\/\\\/ses-creative.com\\\/de\\\/product-categorie\\\/draussen-spielen\\\/\"},{\"@type\":\"ListItem\",\"position\":3,\"name\":\"Kreidestifte safari\"}]},{\"@type\":\"WebSite\",\"@id\":\"https:\\\/\\\/ses-creative.com\\\/#website\",\"url\":\"https:\\\/\\\/ses-creative.com\\\/\",\"name\":\"SES Creative\",\"description\":\"\",\"publisher\":{\"@id\":\"https:\\\/\\\/ses-creative.com\\\/#organization\"},\"potentialAction\":[{\"@type\":\"SearchAction\",\"target\":{\"@type\":\"EntryPoint\",\"urlTemplate\":\"https:\\\/\\\/ses-creative.com\\\/?s={search_term_string}\"},\"query-input\":{\"@type\":\"PropertyValueSpecification\",\"valueRequired\":true,\"valueName\":\"search_term_string\"}}],\"inLanguage\":\"de\"},{\"@type\":\"Organization\",\"@id\":\"https:\\\/\\\/ses-creative.com\\\/#organization\",\"name\":\"SES Creative\",\"url\":\"https:\\\/\\\/ses-creative.com\\\/\",\"logo\":{\"@type\":\"ImageObject\",\"inLanguage\":\"de\",\"@id\":\"https:\\\/\\\/ses-creative.com\\\/#\\\/schema\\\/logo\\\/image\\\/\",\"url\":\"https:\\\/\\\/ses-creative.com\\\/wp-content\\\/uploads\\\/2025\\\/10\\\/ses-creative-logo.jpg\",\"contentUrl\":\"https:\\\/\\\/ses-creative.com\\\/wp-content\\\/uploads\\\/2025\\\/10\\\/ses-creative-logo.jpg\",\"width\":2037,\"height\":2037,\"caption\":\"SES Creative\"},\"image\":{\"@id\":\"https:\\\/\\\/ses-creative.com\\\/#\\\/schema\\\/logo\\\/image\\\/\"}}]}<\/script>\n<!-- \/ Yoast SEO plugin. -->","yoast_head_json":{"title":"Kreidestifte safari - SES Creative","robots":{"index":"index","follow":"follow","max-snippet":"max-snippet:-1","max-image-preview":"max-image-preview:large","max-video-preview":"max-video-preview:-1"},"canonical":"https:\/\/ses-creative.com\/de\/produkt\/kreidestifte-safari\/","og_locale":"de_DE","og_type":"article","og_title":"Kreidestifte safari - SES Creative","og_description":"Male dein eigenes Safari-Abenteuer! Mit dem Stra\u00dfenkreide-Safari-Set von SES Creative kannst du den B\u00fcrgersteig in eine farbenfrohe Safari verwandeln. Verwende die robuste Kreide und nimm eine Stra\u00dfenkreide-Schablone, um die sch\u00f6nsten Safari-Tiere zu zeichnen. Ideal f\u00fcr Kinder, die gerne zeichnen und drau\u00dfen spielen, und perfekt, um deine eigene Safari-Welt zum Leben zu erwecken! Was dieses Set [&hellip;]","og_url":"https:\/\/ses-creative.com\/de\/produkt\/kreidestifte-safari\/","og_site_name":"SES Creative","article_modified_time":"2026-02-06T09:51:18+00:00","twitter_card":"summary_large_image","twitter_misc":{"Gesch\u00e4tzte Lesezeit":"2\u00a0Minuten"},"schema":{"@context":"https:\/\/schema.org","@graph":[{"@type":"WebPage","@id":"https:\/\/ses-creative.com\/de\/produkt\/kreidestifte-safari\/","url":"https:\/\/ses-creative.com\/de\/produkt\/kreidestifte-safari\/","name":"Kreidestifte safari - SES Creative","isPartOf":{"@id":"https:\/\/ses-creative.com\/#website"},"primaryImageOfPage":{"@id":"https:\/\/ses-creative.com\/de\/produkt\/kreidestifte-safari\/#primaryimage"},"image":{"@id":"https:\/\/ses-creative.com\/de\/produkt\/kreidestifte-safari\/#primaryimage"},"thumbnailUrl":"https:\/\/ses-creative.com\/wp-content\/uploads\/2026\/01\/022041.jpg","datePublished":"2026-02-05T13:52:15+00:00","dateModified":"2026-02-06T09:51:18+00:00","breadcrumb":{"@id":"https:\/\/ses-creative.com\/de\/produkt\/kreidestifte-safari\/#breadcrumb"},"inLanguage":"de","potentialAction":[{"@type":"ReadAction","target":["https:\/\/ses-creative.com\/de\/produkt\/kreidestifte-safari\/"]}]},{"@type":"ImageObject","inLanguage":"de","@id":"https:\/\/ses-creative.com\/de\/produkt\/kreidestifte-safari\/#primaryimage","url":"https:\/\/ses-creative.com\/wp-content\/uploads\/2026\/01\/022041.jpg","contentUrl":"https:\/\/ses-creative.com\/wp-content\/uploads\/2026\/01\/022041.jpg","width":1000,"height":1000},{"@type":"BreadcrumbList","@id":"https:\/\/ses-creative.com\/de\/produkt\/kreidestifte-safari\/#breadcrumb","itemListElement":[{"@type":"ListItem","position":1,"name":"Shop","item":"https:\/\/ses-creative.com\/de\/shop\/"},{"@type":"ListItem","position":2,"name":"Drau\u00dfen spielen","item":"https:\/\/ses-creative.com\/de\/product-categorie\/draussen-spielen\/"},{"@type":"ListItem","position":3,"name":"Kreidestifte safari"}]},{"@type":"WebSite","@id":"https:\/\/ses-creative.com\/#website","url":"https:\/\/ses-creative.com\/","name":"SES Creative","description":"","publisher":{"@id":"https:\/\/ses-creative.com\/#organization"},"potentialAction":[{"@type":"SearchAction","target":{"@type":"EntryPoint","urlTemplate":"https:\/\/ses-creative.com\/?s={search_term_string}"},"query-input":{"@type":"PropertyValueSpecification","valueRequired":true,"valueName":"search_term_string"}}],"inLanguage":"de"},{"@type":"Organization","@id":"https:\/\/ses-creative.com\/#organization","name":"SES Creative","url":"https:\/\/ses-creative.com\/","logo":{"@type":"ImageObject","inLanguage":"de","@id":"https:\/\/ses-creative.com\/#\/schema\/logo\/image\/","url":"https:\/\/ses-creative.com\/wp-content\/uploads\/2025\/10\/ses-creative-logo.jpg","contentUrl":"https:\/\/ses-creative.com\/wp-content\/uploads\/2025\/10\/ses-creative-logo.jpg","width":2037,"height":2037,"caption":"SES Creative"},"image":{"@id":"https:\/\/ses-creative.com\/#\/schema\/logo\/image\/"}}]}},"_links":{"self":[{"href":"https:\/\/ses-creative.com\/de\/wp-json\/wp\/v2\/product\/114471","targetHints":{"allow":["GET"]}}],"collection":[{"href":"https:\/\/ses-creative.com\/de\/wp-json\/wp\/v2\/product"}],"about":[{"href":"https:\/\/ses-creative.com\/de\/wp-json\/wp\/v2\/types\/product"}],"replies":[{"embeddable":true,"href":"https:\/\/ses-creative.com\/de\/wp-json\/wp\/v2\/comments?post=114471"}],"wp:featuredmedia":[{"embeddable":true,"href":"https:\/\/ses-creative.com\/de\/wp-json\/wp\/v2\/media\/93672"}],"wp:attachment":[{"href":"https:\/\/ses-creative.com\/de\/wp-json\/wp\/v2\/media?parent=114471"}],"wp:term":[{"taxonomy":"product_brand","embeddable":true,"href":"https:\/\/ses-creative.com\/de\/wp-json\/wp\/v2\/product_brand?post=114471"},{"taxonomy":"product_cat","embeddable":true,"href":"https:\/\/ses-creative.com\/de\/wp-json\/wp\/v2\/product_cat?post=114471"},{"taxonomy":"product_tag","embeddable":true,"href":"https:\/\/ses-creative.com\/de\/wp-json\/wp\/v2\/product_tag?post=114471"}],"curies":[{"name":"wp","href":"https:\/\/api.w.org\/{rel}","templated":true}]}}