











{"id":114470,"date":"2026-02-05T13:52:14","date_gmt":"2026-02-05T13:52:14","guid":{"rendered":"https:\/\/ses-creative.com\/?post_type=product&#038;p=114470"},"modified":"2026-02-06T09:51:18","modified_gmt":"2026-02-06T09:51:18","slug":"verkehrs-kreidestifte","status":"publish","type":"product","link":"https:\/\/ses-creative.com\/de\/produkt\/verkehrs-kreidestifte\/","title":{"rendered":"Verkehrs-Kreidestifte"},"content":{"rendered":"<p>Stra\u00dfenkreide Verkehr: Gestalte deine eigene Verkehrswelt!<br \/>\nMale deine eigene Welt in fr\u00f6hlichen Farben auf den B\u00fcrgersteig! Du kannst ganz selbst bestimmen, wie die Stra\u00dfen in deiner Stadt verlaufen! Mach die Stadt noch lebendiger, indem du die richtigen Verkehrsschilder und Pylonen aufstellst. Gibt es Stra\u00dfenbauarbeiten? Kein Problem, schnapp dir etwas Kreide und zeichne eine neue Route! Halte an den Stoppschildern und warte, bis die Menschen den Zebrastreifen \u00fcberquert haben. Wei\u00dft du, was alle Verkehrsschilder bedeuten?<br \/>\nWas dieses Set so toll macht<br \/>\n&#8211;    Komplettes Set zum Thema Verkehr, mit Verkehrsschildern, Auto und verschiedenfarbiger Stra\u00dfenkreide<br \/>\n&#8211;    F\u00fcr stundenlangen Spielspa\u00df<br \/>\n&#8211;    Perfekt zum Spielen im Freien, allein oder mit Freunden<br \/>\n&#8211;    Starke Kreide mit hoher Pigmentierung<br \/>\n&#8211;    Leicht mit Wasser und einem Besen abzuwaschen<br \/>\nErschaffe deine eigenen Verkehrsabenteuer<br \/>\nMit diesem Set k\u00f6nnen Kinder ihrer Kreativit\u00e4t und Fantasie freien Lauf lassen, indem sie ihre eigene Verkehrswelt auf dem B\u00fcrgersteig gestalten. Dieses Set f\u00f6rdert sowohl die Kreativit\u00e4t als auch die motorischen F\u00e4higkeiten von Kindern. Es regt sie dazu an, drau\u00dfen zu spielen und spielerisch etwas \u00fcber den Verkehr zu lernen. Die starken, farbenfrohen Kreiden sind sicher und leicht zu reinigen, was sie ideal f\u00fcr Eltern macht.<br \/>\nInhalt des Sets<br \/>\n&#8211;    6 Farben Stra\u00dfenkreide<br \/>\n&#8211;    16 Verkehrsschilder, Kegel und Barrieren<br \/>\n&#8211;    1 Auto<br \/>\nWarum SES Creative w\u00e4hlen?<br \/>\nBei SES Creative legen wir gro\u00dfen Wert auf Sicherheit. Deshalb werden die Produkte in unserem Werk in den Niederlanden nach den strengsten europ\u00e4ischen Sicherheitsnormen hergestellt und getestet. Spielzeug von SES Creative sorgt f\u00fcr Spa\u00df und soll Kindern ein Gef\u00fchl des Stolzes auf ihre Arbeit vermitteln, was ihre Kreativit\u00e4t und Entwicklung f\u00f6rdert.<br \/>\nBeginnen Sie noch heute mit Stra\u00dfenkreide Verkehr<br \/>\nEntdecken Sie den Spa\u00df an Stra\u00dfenkreide und gestalten Sie die sch\u00f6nsten Verkehrssituationen mit dem Stra\u00dfenkreide-Verkehrsset von SES Creative. Perfekt f\u00fcr stundenlangen kreativen und aktiven Spielspa\u00df im Freien!<\/p>\n","protected":false},"excerpt":{"rendered":"<p>Stra\u00dfenkreide Verkehr: Gestalte deine eigene Verkehrswelt! Male deine eigene Welt in fr\u00f6hlichen Farben auf den B\u00fcrgersteig! Du kannst ganz selbst bestimmen, wie die Stra\u00dfen in deiner Stadt verlaufen! Mach die Stadt noch lebendiger, indem du die richtigen Verkehrsschilder und Pylonen aufstellst. Gibt es Stra\u00dfenbauarbeiten? Kein Problem, schnapp dir etwas Kreide und zeichne eine neue Route! [&hellip;]<\/p>\n","protected":false},"featured_media":98888,"comment_status":"closed","ping_status":"closed","template":"","meta":{"_acf_changed":false},"product_brand":[],"product_cat":[119],"product_tag":[],"class_list":{"0":"post-114470","1":"product","2":"type-product","3":"status-publish","4":"has-post-thumbnail","6":"product_cat-draussen-spielen","7":"pa_leeftijd-filter-3-4-jahre","8":"pa_meest-populair-bij-jungen-maedchen","10":"first","11":"instock","12":"shipping-taxable","13":"product-type-simple"},"acf":[],"yoast_head":"<!-- This site is optimized with the Yoast SEO plugin v27.4 - https:\/\/yoast.com\/product\/yoast-seo-wordpress\/ -->\n<title>Verkehrs-Kreidestifte - SES Creative<\/title>\n<meta name=\"robots\" content=\"index, follow, max-snippet:-1, max-image-preview:large, max-video-preview:-1\" \/>\n<link rel=\"canonical\" href=\"https:\/\/ses-creative.com\/de\/produkt\/verkehrs-kreidestifte\/\" \/>\n<meta property=\"og:locale\" content=\"de_DE\" \/>\n<meta property=\"og:type\" content=\"article\" \/>\n<meta property=\"og:title\" content=\"Verkehrs-Kreidestifte - SES Creative\" \/>\n<meta property=\"og:description\" content=\"Stra\u00dfenkreide Verkehr: Gestalte deine eigene Verkehrswelt! Male deine eigene Welt in fr\u00f6hlichen Farben auf den B\u00fcrgersteig! Du kannst ganz selbst bestimmen, wie die Stra\u00dfen in deiner Stadt verlaufen! Mach die Stadt noch lebendiger, indem du die richtigen Verkehrsschilder und Pylonen aufstellst. Gibt es Stra\u00dfenbauarbeiten? Kein Problem, schnapp dir etwas Kreide und zeichne eine neue Route! [&hellip;]\" \/>\n<meta property=\"og:url\" content=\"https:\/\/ses-creative.com\/de\/produkt\/verkehrs-kreidestifte\/\" \/>\n<meta property=\"og:site_name\" content=\"SES Creative\" \/>\n<meta property=\"article:modified_time\" content=\"2026-02-06T09:51:18+00:00\" \/>\n<meta name=\"twitter:card\" content=\"summary_large_image\" \/>\n<meta name=\"twitter:label1\" content=\"Gesch\u00e4tzte Lesezeit\" \/>\n\t<meta name=\"twitter:data1\" content=\"2\u00a0Minuten\" \/>\n<script type=\"application\/ld+json\" class=\"yoast-schema-graph\">{\"@context\":\"https:\\\/\\\/schema.org\",\"@graph\":[{\"@type\":\"WebPage\",\"@id\":\"https:\\\/\\\/ses-creative.com\\\/de\\\/produkt\\\/verkehrs-kreidestifte\\\/\",\"url\":\"https:\\\/\\\/ses-creative.com\\\/de\\\/produkt\\\/verkehrs-kreidestifte\\\/\",\"name\":\"Verkehrs-Kreidestifte - SES Creative\",\"isPartOf\":{\"@id\":\"https:\\\/\\\/ses-creative.com\\\/#website\"},\"primaryImageOfPage\":{\"@id\":\"https:\\\/\\\/ses-creative.com\\\/de\\\/produkt\\\/verkehrs-kreidestifte\\\/#primaryimage\"},\"image\":{\"@id\":\"https:\\\/\\\/ses-creative.com\\\/de\\\/produkt\\\/verkehrs-kreidestifte\\\/#primaryimage\"},\"thumbnailUrl\":\"https:\\\/\\\/ses-creative.com\\\/wp-content\\\/uploads\\\/2026\\\/01\\\/022031.jpg\",\"datePublished\":\"2026-02-05T13:52:14+00:00\",\"dateModified\":\"2026-02-06T09:51:18+00:00\",\"breadcrumb\":{\"@id\":\"https:\\\/\\\/ses-creative.com\\\/de\\\/produkt\\\/verkehrs-kreidestifte\\\/#breadcrumb\"},\"inLanguage\":\"de\",\"potentialAction\":[{\"@type\":\"ReadAction\",\"target\":[\"https:\\\/\\\/ses-creative.com\\\/de\\\/produkt\\\/verkehrs-kreidestifte\\\/\"]}]},{\"@type\":\"ImageObject\",\"inLanguage\":\"de\",\"@id\":\"https:\\\/\\\/ses-creative.com\\\/de\\\/produkt\\\/verkehrs-kreidestifte\\\/#primaryimage\",\"url\":\"https:\\\/\\\/ses-creative.com\\\/wp-content\\\/uploads\\\/2026\\\/01\\\/022031.jpg\",\"contentUrl\":\"https:\\\/\\\/ses-creative.com\\\/wp-content\\\/uploads\\\/2026\\\/01\\\/022031.jpg\",\"width\":1000,\"height\":1000},{\"@type\":\"BreadcrumbList\",\"@id\":\"https:\\\/\\\/ses-creative.com\\\/de\\\/produkt\\\/verkehrs-kreidestifte\\\/#breadcrumb\",\"itemListElement\":[{\"@type\":\"ListItem\",\"position\":1,\"name\":\"Shop\",\"item\":\"https:\\\/\\\/ses-creative.com\\\/de\\\/shop\\\/\"},{\"@type\":\"ListItem\",\"position\":2,\"name\":\"Drau\u00dfen spielen\",\"item\":\"https:\\\/\\\/ses-creative.com\\\/de\\\/product-categorie\\\/draussen-spielen\\\/\"},{\"@type\":\"ListItem\",\"position\":3,\"name\":\"Verkehrs-Kreidestifte\"}]},{\"@type\":\"WebSite\",\"@id\":\"https:\\\/\\\/ses-creative.com\\\/#website\",\"url\":\"https:\\\/\\\/ses-creative.com\\\/\",\"name\":\"SES Creative\",\"description\":\"\",\"publisher\":{\"@id\":\"https:\\\/\\\/ses-creative.com\\\/#organization\"},\"potentialAction\":[{\"@type\":\"SearchAction\",\"target\":{\"@type\":\"EntryPoint\",\"urlTemplate\":\"https:\\\/\\\/ses-creative.com\\\/?s={search_term_string}\"},\"query-input\":{\"@type\":\"PropertyValueSpecification\",\"valueRequired\":true,\"valueName\":\"search_term_string\"}}],\"inLanguage\":\"de\"},{\"@type\":\"Organization\",\"@id\":\"https:\\\/\\\/ses-creative.com\\\/#organization\",\"name\":\"SES Creative\",\"url\":\"https:\\\/\\\/ses-creative.com\\\/\",\"logo\":{\"@type\":\"ImageObject\",\"inLanguage\":\"de\",\"@id\":\"https:\\\/\\\/ses-creative.com\\\/#\\\/schema\\\/logo\\\/image\\\/\",\"url\":\"https:\\\/\\\/ses-creative.com\\\/wp-content\\\/uploads\\\/2025\\\/10\\\/ses-creative-logo.jpg\",\"contentUrl\":\"https:\\\/\\\/ses-creative.com\\\/wp-content\\\/uploads\\\/2025\\\/10\\\/ses-creative-logo.jpg\",\"width\":2037,\"height\":2037,\"caption\":\"SES Creative\"},\"image\":{\"@id\":\"https:\\\/\\\/ses-creative.com\\\/#\\\/schema\\\/logo\\\/image\\\/\"}}]}<\/script>\n<!-- \/ Yoast SEO plugin. -->","yoast_head_json":{"title":"Verkehrs-Kreidestifte - SES Creative","robots":{"index":"index","follow":"follow","max-snippet":"max-snippet:-1","max-image-preview":"max-image-preview:large","max-video-preview":"max-video-preview:-1"},"canonical":"https:\/\/ses-creative.com\/de\/produkt\/verkehrs-kreidestifte\/","og_locale":"de_DE","og_type":"article","og_title":"Verkehrs-Kreidestifte - SES Creative","og_description":"Stra\u00dfenkreide Verkehr: Gestalte deine eigene Verkehrswelt! Male deine eigene Welt in fr\u00f6hlichen Farben auf den B\u00fcrgersteig! Du kannst ganz selbst bestimmen, wie die Stra\u00dfen in deiner Stadt verlaufen! Mach die Stadt noch lebendiger, indem du die richtigen Verkehrsschilder und Pylonen aufstellst. Gibt es Stra\u00dfenbauarbeiten? Kein Problem, schnapp dir etwas Kreide und zeichne eine neue Route! [&hellip;]","og_url":"https:\/\/ses-creative.com\/de\/produkt\/verkehrs-kreidestifte\/","og_site_name":"SES Creative","article_modified_time":"2026-02-06T09:51:18+00:00","twitter_card":"summary_large_image","twitter_misc":{"Gesch\u00e4tzte Lesezeit":"2\u00a0Minuten"},"schema":{"@context":"https:\/\/schema.org","@graph":[{"@type":"WebPage","@id":"https:\/\/ses-creative.com\/de\/produkt\/verkehrs-kreidestifte\/","url":"https:\/\/ses-creative.com\/de\/produkt\/verkehrs-kreidestifte\/","name":"Verkehrs-Kreidestifte - SES Creative","isPartOf":{"@id":"https:\/\/ses-creative.com\/#website"},"primaryImageOfPage":{"@id":"https:\/\/ses-creative.com\/de\/produkt\/verkehrs-kreidestifte\/#primaryimage"},"image":{"@id":"https:\/\/ses-creative.com\/de\/produkt\/verkehrs-kreidestifte\/#primaryimage"},"thumbnailUrl":"https:\/\/ses-creative.com\/wp-content\/uploads\/2026\/01\/022031.jpg","datePublished":"2026-02-05T13:52:14+00:00","dateModified":"2026-02-06T09:51:18+00:00","breadcrumb":{"@id":"https:\/\/ses-creative.com\/de\/produkt\/verkehrs-kreidestifte\/#breadcrumb"},"inLanguage":"de","potentialAction":[{"@type":"ReadAction","target":["https:\/\/ses-creative.com\/de\/produkt\/verkehrs-kreidestifte\/"]}]},{"@type":"ImageObject","inLanguage":"de","@id":"https:\/\/ses-creative.com\/de\/produkt\/verkehrs-kreidestifte\/#primaryimage","url":"https:\/\/ses-creative.com\/wp-content\/uploads\/2026\/01\/022031.jpg","contentUrl":"https:\/\/ses-creative.com\/wp-content\/uploads\/2026\/01\/022031.jpg","width":1000,"height":1000},{"@type":"BreadcrumbList","@id":"https:\/\/ses-creative.com\/de\/produkt\/verkehrs-kreidestifte\/#breadcrumb","itemListElement":[{"@type":"ListItem","position":1,"name":"Shop","item":"https:\/\/ses-creative.com\/de\/shop\/"},{"@type":"ListItem","position":2,"name":"Drau\u00dfen spielen","item":"https:\/\/ses-creative.com\/de\/product-categorie\/draussen-spielen\/"},{"@type":"ListItem","position":3,"name":"Verkehrs-Kreidestifte"}]},{"@type":"WebSite","@id":"https:\/\/ses-creative.com\/#website","url":"https:\/\/ses-creative.com\/","name":"SES Creative","description":"","publisher":{"@id":"https:\/\/ses-creative.com\/#organization"},"potentialAction":[{"@type":"SearchAction","target":{"@type":"EntryPoint","urlTemplate":"https:\/\/ses-creative.com\/?s={search_term_string}"},"query-input":{"@type":"PropertyValueSpecification","valueRequired":true,"valueName":"search_term_string"}}],"inLanguage":"de"},{"@type":"Organization","@id":"https:\/\/ses-creative.com\/#organization","name":"SES Creative","url":"https:\/\/ses-creative.com\/","logo":{"@type":"ImageObject","inLanguage":"de","@id":"https:\/\/ses-creative.com\/#\/schema\/logo\/image\/","url":"https:\/\/ses-creative.com\/wp-content\/uploads\/2025\/10\/ses-creative-logo.jpg","contentUrl":"https:\/\/ses-creative.com\/wp-content\/uploads\/2025\/10\/ses-creative-logo.jpg","width":2037,"height":2037,"caption":"SES Creative"},"image":{"@id":"https:\/\/ses-creative.com\/#\/schema\/logo\/image\/"}}]}},"_links":{"self":[{"href":"https:\/\/ses-creative.com\/de\/wp-json\/wp\/v2\/product\/114470","targetHints":{"allow":["GET"]}}],"collection":[{"href":"https:\/\/ses-creative.com\/de\/wp-json\/wp\/v2\/product"}],"about":[{"href":"https:\/\/ses-creative.com\/de\/wp-json\/wp\/v2\/types\/product"}],"replies":[{"embeddable":true,"href":"https:\/\/ses-creative.com\/de\/wp-json\/wp\/v2\/comments?post=114470"}],"wp:featuredmedia":[{"embeddable":true,"href":"https:\/\/ses-creative.com\/de\/wp-json\/wp\/v2\/media\/98888"}],"wp:attachment":[{"href":"https:\/\/ses-creative.com\/de\/wp-json\/wp\/v2\/media?parent=114470"}],"wp:term":[{"taxonomy":"product_brand","embeddable":true,"href":"https:\/\/ses-creative.com\/de\/wp-json\/wp\/v2\/product_brand?post=114470"},{"taxonomy":"product_cat","embeddable":true,"href":"https:\/\/ses-creative.com\/de\/wp-json\/wp\/v2\/product_cat?post=114470"},{"taxonomy":"product_tag","embeddable":true,"href":"https:\/\/ses-creative.com\/de\/wp-json\/wp\/v2\/product_tag?post=114470"}],"curies":[{"name":"wp","href":"https:\/\/api.w.org\/{rel}","templated":true}]}}