











{"id":114466,"date":"2026-02-05T13:52:14","date_gmt":"2026-02-05T13:52:14","guid":{"rendered":"https:\/\/ses-creative.com\/?post_type=product&#038;p=114466"},"modified":"2026-02-06T09:51:18","modified_gmt":"2026-02-06T09:51:18","slug":"giessen-und-anmalen-mystische-fabelwesen","status":"publish","type":"product","link":"https:\/\/ses-creative.com\/de\/produkt\/giessen-und-anmalen-mystische-fabelwesen\/","title":{"rendered":"Gie\u00dfen und anmalen &#8211; Mystische Fabelwesen"},"content":{"rendered":"<p>Erwecke mythische Wesen zum Leben!<\/p>\n<p>Mit dem SES Creative Gie\u00dfen und Bemalen \u2013 Mythische Wesen Set kannst du die magischsten Figuren wie einen Drachen, einen Ph\u00f6nix und ein Einhorn erschaffen. Gie\u00dfe sie, bemale sie und entdecke, wie deine Fantasie in farbenfrohen Gipsfiguren zum Leben erwacht. Perfekt f\u00fcr Kinder, die Fantasie und Kreativit\u00e4t lieben.<\/p>\n<p>Inhalt der Verpackung<\/p>\n<p>Modellgips<\/p>\n<p>Gussform mit verschiedenen mythischen Figuren<\/p>\n<p>6 Farben Farbe<\/p>\n<p>Pinsel<\/p>\n<p>Anleitung<\/p>\n<p>Einzigartige Eigenschaften<\/p>\n<p>Erstellen Sie selbst magische Figuren aus Gips<\/p>\n<p>Detaillierte Form f\u00fcr beeindruckende Ergebnisse<\/p>\n<p>Inklusive Farbe und Pinsel, um Ihren Kreationen Farbe zu verleihen<\/p>\n<p>F\u00f6rdert Kreativit\u00e4t, Feinmotorik und Vorstellungskraft<\/p>\n<p>Geeignet f\u00fcr Kinder ab 5 Jahren<\/p>\n<p>Vom Gips zur Pracht<br \/>\nGie\u00dfen Sie den Gips in die Form und sehen Sie zu, wie die Fabelwesen Gestalt annehmen. Nach dem Aush\u00e4rten k\u00f6nnen Sie sie in leuchtenden Farben bemalen und Ihre eigene einzigartige Sammlung erstellen. Dank der Details in der Form sehen die Figuren spektakul\u00e4r aus \u2013 ideal zum Aufbewahren oder Ausstellen.<\/p>\n","protected":false},"excerpt":{"rendered":"<p>Erwecke mythische Wesen zum Leben! Mit dem SES Creative Gie\u00dfen und Bemalen \u2013 Mythische Wesen Set kannst du die magischsten Figuren wie einen Drachen, einen Ph\u00f6nix und ein Einhorn erschaffen. Gie\u00dfe sie, bemale sie und entdecke, wie deine Fantasie in farbenfrohen Gipsfiguren zum Leben erwacht. Perfekt f\u00fcr Kinder, die Fantasie und Kreativit\u00e4t lieben. Inhalt der [&hellip;]<\/p>\n","protected":false},"featured_media":98828,"comment_status":"closed","ping_status":"closed","template":"","meta":{"_acf_changed":false},"product_brand":[],"product_cat":[115],"product_tag":[],"class_list":{"0":"post-114466","1":"product","2":"type-product","3":"status-publish","4":"has-post-thumbnail","6":"product_cat-basteln","7":"pa_leeftijd-filter-4-6-jahre","8":"pa_meest-populair-bij-jungen","10":"first","11":"instock","12":"shipping-taxable","13":"product-type-simple"},"acf":[],"yoast_head":"<!-- This site is optimized with the Yoast SEO plugin v27.5 - https:\/\/yoast.com\/product\/yoast-seo-wordpress\/ -->\n<title>Gie\u00dfen und anmalen - Mystische Fabelwesen - SES Creative<\/title>\n<meta name=\"robots\" content=\"index, follow, max-snippet:-1, max-image-preview:large, max-video-preview:-1\" \/>\n<link rel=\"canonical\" href=\"https:\/\/ses-creative.com\/de\/produkt\/giessen-und-anmalen-mystische-fabelwesen\/\" \/>\n<meta property=\"og:locale\" content=\"de_DE\" \/>\n<meta property=\"og:type\" content=\"article\" \/>\n<meta property=\"og:title\" content=\"Gie\u00dfen und anmalen - Mystische Fabelwesen - SES Creative\" \/>\n<meta property=\"og:description\" content=\"Erwecke mythische Wesen zum Leben! Mit dem SES Creative Gie\u00dfen und Bemalen \u2013 Mythische Wesen Set kannst du die magischsten Figuren wie einen Drachen, einen Ph\u00f6nix und ein Einhorn erschaffen. Gie\u00dfe sie, bemale sie und entdecke, wie deine Fantasie in farbenfrohen Gipsfiguren zum Leben erwacht. Perfekt f\u00fcr Kinder, die Fantasie und Kreativit\u00e4t lieben. Inhalt der [&hellip;]\" \/>\n<meta property=\"og:url\" content=\"https:\/\/ses-creative.com\/de\/produkt\/giessen-und-anmalen-mystische-fabelwesen\/\" \/>\n<meta property=\"og:site_name\" content=\"SES Creative\" \/>\n<meta property=\"article:modified_time\" content=\"2026-02-06T09:51:18+00:00\" \/>\n<meta name=\"twitter:card\" content=\"summary_large_image\" \/>\n<meta name=\"twitter:label1\" content=\"Gesch\u00e4tzte Lesezeit\" \/>\n\t<meta name=\"twitter:data1\" content=\"1\u00a0Minute\" \/>\n<script type=\"application\/ld+json\" class=\"yoast-schema-graph\">{\"@context\":\"https:\\\/\\\/schema.org\",\"@graph\":[{\"@type\":\"WebPage\",\"@id\":\"https:\\\/\\\/ses-creative.com\\\/de\\\/produkt\\\/giessen-und-anmalen-mystische-fabelwesen\\\/\",\"url\":\"https:\\\/\\\/ses-creative.com\\\/de\\\/produkt\\\/giessen-und-anmalen-mystische-fabelwesen\\\/\",\"name\":\"Gie\u00dfen und anmalen - Mystische Fabelwesen - SES Creative\",\"isPartOf\":{\"@id\":\"https:\\\/\\\/ses-creative.com\\\/#website\"},\"primaryImageOfPage\":{\"@id\":\"https:\\\/\\\/ses-creative.com\\\/de\\\/produkt\\\/giessen-und-anmalen-mystische-fabelwesen\\\/#primaryimage\"},\"image\":{\"@id\":\"https:\\\/\\\/ses-creative.com\\\/de\\\/produkt\\\/giessen-und-anmalen-mystische-fabelwesen\\\/#primaryimage\"},\"thumbnailUrl\":\"https:\\\/\\\/ses-creative.com\\\/wp-content\\\/uploads\\\/2026\\\/01\\\/014041.jpg\",\"datePublished\":\"2026-02-05T13:52:14+00:00\",\"dateModified\":\"2026-02-06T09:51:18+00:00\",\"breadcrumb\":{\"@id\":\"https:\\\/\\\/ses-creative.com\\\/de\\\/produkt\\\/giessen-und-anmalen-mystische-fabelwesen\\\/#breadcrumb\"},\"inLanguage\":\"de\",\"potentialAction\":[{\"@type\":\"ReadAction\",\"target\":[\"https:\\\/\\\/ses-creative.com\\\/de\\\/produkt\\\/giessen-und-anmalen-mystische-fabelwesen\\\/\"]}]},{\"@type\":\"ImageObject\",\"inLanguage\":\"de\",\"@id\":\"https:\\\/\\\/ses-creative.com\\\/de\\\/produkt\\\/giessen-und-anmalen-mystische-fabelwesen\\\/#primaryimage\",\"url\":\"https:\\\/\\\/ses-creative.com\\\/wp-content\\\/uploads\\\/2026\\\/01\\\/014041.jpg\",\"contentUrl\":\"https:\\\/\\\/ses-creative.com\\\/wp-content\\\/uploads\\\/2026\\\/01\\\/014041.jpg\",\"width\":1000,\"height\":1000},{\"@type\":\"BreadcrumbList\",\"@id\":\"https:\\\/\\\/ses-creative.com\\\/de\\\/produkt\\\/giessen-und-anmalen-mystische-fabelwesen\\\/#breadcrumb\",\"itemListElement\":[{\"@type\":\"ListItem\",\"position\":1,\"name\":\"Shop\",\"item\":\"https:\\\/\\\/ses-creative.com\\\/de\\\/shop\\\/\"},{\"@type\":\"ListItem\",\"position\":2,\"name\":\"Basteln\",\"item\":\"https:\\\/\\\/ses-creative.com\\\/de\\\/product-categorie\\\/basteln\\\/\"},{\"@type\":\"ListItem\",\"position\":3,\"name\":\"Gie\u00dfen und anmalen &#8211; Mystische Fabelwesen\"}]},{\"@type\":\"WebSite\",\"@id\":\"https:\\\/\\\/ses-creative.com\\\/#website\",\"url\":\"https:\\\/\\\/ses-creative.com\\\/\",\"name\":\"SES Creative\",\"description\":\"\",\"publisher\":{\"@id\":\"https:\\\/\\\/ses-creative.com\\\/#organization\"},\"potentialAction\":[{\"@type\":\"SearchAction\",\"target\":{\"@type\":\"EntryPoint\",\"urlTemplate\":\"https:\\\/\\\/ses-creative.com\\\/?s={search_term_string}\"},\"query-input\":{\"@type\":\"PropertyValueSpecification\",\"valueRequired\":true,\"valueName\":\"search_term_string\"}}],\"inLanguage\":\"de\"},{\"@type\":\"Organization\",\"@id\":\"https:\\\/\\\/ses-creative.com\\\/#organization\",\"name\":\"SES Creative\",\"url\":\"https:\\\/\\\/ses-creative.com\\\/\",\"logo\":{\"@type\":\"ImageObject\",\"inLanguage\":\"de\",\"@id\":\"https:\\\/\\\/ses-creative.com\\\/#\\\/schema\\\/logo\\\/image\\\/\",\"url\":\"https:\\\/\\\/ses-creative.com\\\/wp-content\\\/uploads\\\/2025\\\/10\\\/ses-creative-logo.jpg\",\"contentUrl\":\"https:\\\/\\\/ses-creative.com\\\/wp-content\\\/uploads\\\/2025\\\/10\\\/ses-creative-logo.jpg\",\"width\":2037,\"height\":2037,\"caption\":\"SES Creative\"},\"image\":{\"@id\":\"https:\\\/\\\/ses-creative.com\\\/#\\\/schema\\\/logo\\\/image\\\/\"}}]}<\/script>\n<!-- \/ Yoast SEO plugin. -->","yoast_head_json":{"title":"Gie\u00dfen und anmalen - Mystische Fabelwesen - SES Creative","robots":{"index":"index","follow":"follow","max-snippet":"max-snippet:-1","max-image-preview":"max-image-preview:large","max-video-preview":"max-video-preview:-1"},"canonical":"https:\/\/ses-creative.com\/de\/produkt\/giessen-und-anmalen-mystische-fabelwesen\/","og_locale":"de_DE","og_type":"article","og_title":"Gie\u00dfen und anmalen - Mystische Fabelwesen - SES Creative","og_description":"Erwecke mythische Wesen zum Leben! Mit dem SES Creative Gie\u00dfen und Bemalen \u2013 Mythische Wesen Set kannst du die magischsten Figuren wie einen Drachen, einen Ph\u00f6nix und ein Einhorn erschaffen. Gie\u00dfe sie, bemale sie und entdecke, wie deine Fantasie in farbenfrohen Gipsfiguren zum Leben erwacht. Perfekt f\u00fcr Kinder, die Fantasie und Kreativit\u00e4t lieben. Inhalt der [&hellip;]","og_url":"https:\/\/ses-creative.com\/de\/produkt\/giessen-und-anmalen-mystische-fabelwesen\/","og_site_name":"SES Creative","article_modified_time":"2026-02-06T09:51:18+00:00","twitter_card":"summary_large_image","twitter_misc":{"Gesch\u00e4tzte Lesezeit":"1\u00a0Minute"},"schema":{"@context":"https:\/\/schema.org","@graph":[{"@type":"WebPage","@id":"https:\/\/ses-creative.com\/de\/produkt\/giessen-und-anmalen-mystische-fabelwesen\/","url":"https:\/\/ses-creative.com\/de\/produkt\/giessen-und-anmalen-mystische-fabelwesen\/","name":"Gie\u00dfen und anmalen - Mystische Fabelwesen - SES Creative","isPartOf":{"@id":"https:\/\/ses-creative.com\/#website"},"primaryImageOfPage":{"@id":"https:\/\/ses-creative.com\/de\/produkt\/giessen-und-anmalen-mystische-fabelwesen\/#primaryimage"},"image":{"@id":"https:\/\/ses-creative.com\/de\/produkt\/giessen-und-anmalen-mystische-fabelwesen\/#primaryimage"},"thumbnailUrl":"https:\/\/ses-creative.com\/wp-content\/uploads\/2026\/01\/014041.jpg","datePublished":"2026-02-05T13:52:14+00:00","dateModified":"2026-02-06T09:51:18+00:00","breadcrumb":{"@id":"https:\/\/ses-creative.com\/de\/produkt\/giessen-und-anmalen-mystische-fabelwesen\/#breadcrumb"},"inLanguage":"de","potentialAction":[{"@type":"ReadAction","target":["https:\/\/ses-creative.com\/de\/produkt\/giessen-und-anmalen-mystische-fabelwesen\/"]}]},{"@type":"ImageObject","inLanguage":"de","@id":"https:\/\/ses-creative.com\/de\/produkt\/giessen-und-anmalen-mystische-fabelwesen\/#primaryimage","url":"https:\/\/ses-creative.com\/wp-content\/uploads\/2026\/01\/014041.jpg","contentUrl":"https:\/\/ses-creative.com\/wp-content\/uploads\/2026\/01\/014041.jpg","width":1000,"height":1000},{"@type":"BreadcrumbList","@id":"https:\/\/ses-creative.com\/de\/produkt\/giessen-und-anmalen-mystische-fabelwesen\/#breadcrumb","itemListElement":[{"@type":"ListItem","position":1,"name":"Shop","item":"https:\/\/ses-creative.com\/de\/shop\/"},{"@type":"ListItem","position":2,"name":"Basteln","item":"https:\/\/ses-creative.com\/de\/product-categorie\/basteln\/"},{"@type":"ListItem","position":3,"name":"Gie\u00dfen und anmalen &#8211; Mystische Fabelwesen"}]},{"@type":"WebSite","@id":"https:\/\/ses-creative.com\/#website","url":"https:\/\/ses-creative.com\/","name":"SES Creative","description":"","publisher":{"@id":"https:\/\/ses-creative.com\/#organization"},"potentialAction":[{"@type":"SearchAction","target":{"@type":"EntryPoint","urlTemplate":"https:\/\/ses-creative.com\/?s={search_term_string}"},"query-input":{"@type":"PropertyValueSpecification","valueRequired":true,"valueName":"search_term_string"}}],"inLanguage":"de"},{"@type":"Organization","@id":"https:\/\/ses-creative.com\/#organization","name":"SES Creative","url":"https:\/\/ses-creative.com\/","logo":{"@type":"ImageObject","inLanguage":"de","@id":"https:\/\/ses-creative.com\/#\/schema\/logo\/image\/","url":"https:\/\/ses-creative.com\/wp-content\/uploads\/2025\/10\/ses-creative-logo.jpg","contentUrl":"https:\/\/ses-creative.com\/wp-content\/uploads\/2025\/10\/ses-creative-logo.jpg","width":2037,"height":2037,"caption":"SES Creative"},"image":{"@id":"https:\/\/ses-creative.com\/#\/schema\/logo\/image\/"}}]}},"_links":{"self":[{"href":"https:\/\/ses-creative.com\/de\/wp-json\/wp\/v2\/product\/114466","targetHints":{"allow":["GET"]}}],"collection":[{"href":"https:\/\/ses-creative.com\/de\/wp-json\/wp\/v2\/product"}],"about":[{"href":"https:\/\/ses-creative.com\/de\/wp-json\/wp\/v2\/types\/product"}],"replies":[{"embeddable":true,"href":"https:\/\/ses-creative.com\/de\/wp-json\/wp\/v2\/comments?post=114466"}],"wp:featuredmedia":[{"embeddable":true,"href":"https:\/\/ses-creative.com\/de\/wp-json\/wp\/v2\/media\/98828"}],"wp:attachment":[{"href":"https:\/\/ses-creative.com\/de\/wp-json\/wp\/v2\/media?parent=114466"}],"wp:term":[{"taxonomy":"product_brand","embeddable":true,"href":"https:\/\/ses-creative.com\/de\/wp-json\/wp\/v2\/product_brand?post=114466"},{"taxonomy":"product_cat","embeddable":true,"href":"https:\/\/ses-creative.com\/de\/wp-json\/wp\/v2\/product_cat?post=114466"},{"taxonomy":"product_tag","embeddable":true,"href":"https:\/\/ses-creative.com\/de\/wp-json\/wp\/v2\/product_tag?post=114466"}],"curies":[{"name":"wp","href":"https:\/\/api.w.org\/{rel}","templated":true}]}}