











{"id":114465,"date":"2026-02-05T13:52:14","date_gmt":"2026-02-05T13:52:14","guid":{"rendered":"https:\/\/ses-creative.com\/?post_type=product&#038;p=114465"},"modified":"2026-02-06T09:51:18","modified_gmt":"2026-02-06T09:51:18","slug":"giessen-und-anmalen-dinowelt","status":"publish","type":"product","link":"https:\/\/ses-creative.com\/de\/produkt\/giessen-und-anmalen-dinowelt\/","title":{"rendered":"Gie\u00dfen und anmalen &#8211; Dinowelt"},"content":{"rendered":"<p>Dieses Dinosaurier Bastelset kombiniert zwei kreative Aktivit\u00e4ten f\u00fcr Kinder ab 5 Jahren: Gipsgie\u00dfen Kinder und Kratzbilder. Mit dem enthaltenen Gips und der detailreichen Gie\u00dfform k\u00f6nnen verschiedene Dinosaurier gegossen und anschlie\u00dfend mit sechs kr\u00e4ftigen Farben bemalt werden. Die Farben haben eine starke Deckkraft und lassen sich leicht von Haut und Textilien abwaschen. Zus\u00e4tzlich beinhaltet das Set vier gro\u00dfe Kratzkarten mit verborgenen Dino-Motiven, die mithilfe des Holz-Kratzstabs freigelegt werden k\u00f6nnen. Dieses kreative Spielzeug f\u00f6rdert die motorischen F\u00e4higkeiten, Aufmerksamkeit und Fantasie der Kinder. Enthalten sind au\u00dferdem ein Pinsel, ein Gl\u00e4ttwerkzeug, ein Kratzstab aus Holz sowie eine verst\u00e4ndliche Anleitung. Mit diesem Set erleben Kinder ab f\u00fcnf Jahren abwechslungsreiche Bastelstunden mit hohem Spa\u00dffaktor \u2013 eine kreative Geschenkidee f\u00fcr jeden Anlass.<\/p>\n","protected":false},"excerpt":{"rendered":"<p>Dieses Dinosaurier Bastelset kombiniert zwei kreative Aktivit\u00e4ten f\u00fcr Kinder ab 5 Jahren: Gipsgie\u00dfen Kinder und Kratzbilder. Mit dem enthaltenen Gips und der detailreichen Gie\u00dfform k\u00f6nnen verschiedene Dinosaurier gegossen und anschlie\u00dfend mit sechs kr\u00e4ftigen Farben bemalt werden. Die Farben haben eine starke Deckkraft und lassen sich leicht von Haut und Textilien abwaschen. Zus\u00e4tzlich beinhaltet das Set [&hellip;]<\/p>\n","protected":false},"featured_media":98808,"comment_status":"closed","ping_status":"closed","template":"","meta":{"_acf_changed":false},"product_brand":[],"product_cat":[115],"product_tag":[],"class_list":{"0":"post-114465","1":"product","2":"type-product","3":"status-publish","4":"has-post-thumbnail","6":"product_cat-basteln","7":"pa_leeftijd-filter-4-6-jahre","8":"pa_meest-populair-bij-jungen","10":"first","11":"instock","12":"shipping-taxable","13":"product-type-simple"},"acf":[],"yoast_head":"<!-- This site is optimized with the Yoast SEO plugin v27.2 - https:\/\/yoast.com\/product\/yoast-seo-wordpress\/ -->\n<title>Gie\u00dfen und anmalen - Dinowelt - SES Creative<\/title>\n<meta name=\"robots\" content=\"index, follow, max-snippet:-1, max-image-preview:large, max-video-preview:-1\" \/>\n<link rel=\"canonical\" href=\"https:\/\/ses-creative.com\/de\/produkt\/giessen-und-anmalen-dinowelt\/\" \/>\n<meta property=\"og:locale\" content=\"de_DE\" \/>\n<meta property=\"og:type\" content=\"article\" \/>\n<meta property=\"og:title\" content=\"Gie\u00dfen und anmalen - Dinowelt - SES Creative\" \/>\n<meta property=\"og:description\" content=\"Dieses Dinosaurier Bastelset kombiniert zwei kreative Aktivit\u00e4ten f\u00fcr Kinder ab 5 Jahren: Gipsgie\u00dfen Kinder und Kratzbilder. Mit dem enthaltenen Gips und der detailreichen Gie\u00dfform k\u00f6nnen verschiedene Dinosaurier gegossen und anschlie\u00dfend mit sechs kr\u00e4ftigen Farben bemalt werden. Die Farben haben eine starke Deckkraft und lassen sich leicht von Haut und Textilien abwaschen. Zus\u00e4tzlich beinhaltet das Set [&hellip;]\" \/>\n<meta property=\"og:url\" content=\"https:\/\/ses-creative.com\/de\/produkt\/giessen-und-anmalen-dinowelt\/\" \/>\n<meta property=\"og:site_name\" content=\"SES Creative\" \/>\n<meta property=\"article:modified_time\" content=\"2026-02-06T09:51:18+00:00\" \/>\n<meta name=\"twitter:card\" content=\"summary_large_image\" \/>\n<meta name=\"twitter:label1\" content=\"Gesch\u00e4tzte Lesezeit\" \/>\n\t<meta name=\"twitter:data1\" content=\"1\u00a0Minute\" \/>\n<script type=\"application\/ld+json\" class=\"yoast-schema-graph\">{\"@context\":\"https:\/\/schema.org\",\"@graph\":[{\"@type\":\"WebPage\",\"@id\":\"https:\/\/ses-creative.com\/de\/produkt\/giessen-und-anmalen-dinowelt\/\",\"url\":\"https:\/\/ses-creative.com\/de\/produkt\/giessen-und-anmalen-dinowelt\/\",\"name\":\"Gie\u00dfen und anmalen - Dinowelt - SES Creative\",\"isPartOf\":{\"@id\":\"https:\/\/ses-creative.com\/#website\"},\"primaryImageOfPage\":{\"@id\":\"https:\/\/ses-creative.com\/de\/produkt\/giessen-und-anmalen-dinowelt\/#primaryimage\"},\"image\":{\"@id\":\"https:\/\/ses-creative.com\/de\/produkt\/giessen-und-anmalen-dinowelt\/#primaryimage\"},\"thumbnailUrl\":\"https:\/\/ses-creative.com\/wp-content\/uploads\/2026\/01\/014031.jpg\",\"datePublished\":\"2026-02-05T13:52:14+00:00\",\"dateModified\":\"2026-02-06T09:51:18+00:00\",\"breadcrumb\":{\"@id\":\"https:\/\/ses-creative.com\/de\/produkt\/giessen-und-anmalen-dinowelt\/#breadcrumb\"},\"inLanguage\":\"de\",\"potentialAction\":[{\"@type\":\"ReadAction\",\"target\":[\"https:\/\/ses-creative.com\/de\/produkt\/giessen-und-anmalen-dinowelt\/\"]}]},{\"@type\":\"ImageObject\",\"inLanguage\":\"de\",\"@id\":\"https:\/\/ses-creative.com\/de\/produkt\/giessen-und-anmalen-dinowelt\/#primaryimage\",\"url\":\"https:\/\/ses-creative.com\/wp-content\/uploads\/2026\/01\/014031.jpg\",\"contentUrl\":\"https:\/\/ses-creative.com\/wp-content\/uploads\/2026\/01\/014031.jpg\",\"width\":1000,\"height\":1000},{\"@type\":\"BreadcrumbList\",\"@id\":\"https:\/\/ses-creative.com\/de\/produkt\/giessen-und-anmalen-dinowelt\/#breadcrumb\",\"itemListElement\":[{\"@type\":\"ListItem\",\"position\":1,\"name\":\"Shop\",\"item\":\"https:\/\/ses-creative.com\/de\/shop\/\"},{\"@type\":\"ListItem\",\"position\":2,\"name\":\"Basteln\",\"item\":\"https:\/\/ses-creative.com\/de\/product-categorie\/basteln\/\"},{\"@type\":\"ListItem\",\"position\":3,\"name\":\"Gie\u00dfen und anmalen &#8211; Dinowelt\"}]},{\"@type\":\"WebSite\",\"@id\":\"https:\/\/ses-creative.com\/#website\",\"url\":\"https:\/\/ses-creative.com\/\",\"name\":\"SES Creative\",\"description\":\"\",\"publisher\":{\"@id\":\"https:\/\/ses-creative.com\/#organization\"},\"potentialAction\":[{\"@type\":\"SearchAction\",\"target\":{\"@type\":\"EntryPoint\",\"urlTemplate\":\"https:\/\/ses-creative.com\/?s={search_term_string}\"},\"query-input\":{\"@type\":\"PropertyValueSpecification\",\"valueRequired\":true,\"valueName\":\"search_term_string\"}}],\"inLanguage\":\"de\"},{\"@type\":\"Organization\",\"@id\":\"https:\/\/ses-creative.com\/#organization\",\"name\":\"SES Creative\",\"url\":\"https:\/\/ses-creative.com\/\",\"logo\":{\"@type\":\"ImageObject\",\"inLanguage\":\"de\",\"@id\":\"https:\/\/ses-creative.com\/#\/schema\/logo\/image\/\",\"url\":\"https:\/\/ses-creative.com\/wp-content\/uploads\/2025\/10\/ses-creative-logo.jpg\",\"contentUrl\":\"https:\/\/ses-creative.com\/wp-content\/uploads\/2025\/10\/ses-creative-logo.jpg\",\"width\":2037,\"height\":2037,\"caption\":\"SES Creative\"},\"image\":{\"@id\":\"https:\/\/ses-creative.com\/#\/schema\/logo\/image\/\"}}]}<\/script>\n<!-- \/ Yoast SEO plugin. -->","yoast_head_json":{"title":"Gie\u00dfen und anmalen - Dinowelt - SES Creative","robots":{"index":"index","follow":"follow","max-snippet":"max-snippet:-1","max-image-preview":"max-image-preview:large","max-video-preview":"max-video-preview:-1"},"canonical":"https:\/\/ses-creative.com\/de\/produkt\/giessen-und-anmalen-dinowelt\/","og_locale":"de_DE","og_type":"article","og_title":"Gie\u00dfen und anmalen - Dinowelt - SES Creative","og_description":"Dieses Dinosaurier Bastelset kombiniert zwei kreative Aktivit\u00e4ten f\u00fcr Kinder ab 5 Jahren: Gipsgie\u00dfen Kinder und Kratzbilder. Mit dem enthaltenen Gips und der detailreichen Gie\u00dfform k\u00f6nnen verschiedene Dinosaurier gegossen und anschlie\u00dfend mit sechs kr\u00e4ftigen Farben bemalt werden. Die Farben haben eine starke Deckkraft und lassen sich leicht von Haut und Textilien abwaschen. Zus\u00e4tzlich beinhaltet das Set [&hellip;]","og_url":"https:\/\/ses-creative.com\/de\/produkt\/giessen-und-anmalen-dinowelt\/","og_site_name":"SES Creative","article_modified_time":"2026-02-06T09:51:18+00:00","twitter_card":"summary_large_image","twitter_misc":{"Gesch\u00e4tzte Lesezeit":"1\u00a0Minute"},"schema":{"@context":"https:\/\/schema.org","@graph":[{"@type":"WebPage","@id":"https:\/\/ses-creative.com\/de\/produkt\/giessen-und-anmalen-dinowelt\/","url":"https:\/\/ses-creative.com\/de\/produkt\/giessen-und-anmalen-dinowelt\/","name":"Gie\u00dfen und anmalen - Dinowelt - SES Creative","isPartOf":{"@id":"https:\/\/ses-creative.com\/#website"},"primaryImageOfPage":{"@id":"https:\/\/ses-creative.com\/de\/produkt\/giessen-und-anmalen-dinowelt\/#primaryimage"},"image":{"@id":"https:\/\/ses-creative.com\/de\/produkt\/giessen-und-anmalen-dinowelt\/#primaryimage"},"thumbnailUrl":"https:\/\/ses-creative.com\/wp-content\/uploads\/2026\/01\/014031.jpg","datePublished":"2026-02-05T13:52:14+00:00","dateModified":"2026-02-06T09:51:18+00:00","breadcrumb":{"@id":"https:\/\/ses-creative.com\/de\/produkt\/giessen-und-anmalen-dinowelt\/#breadcrumb"},"inLanguage":"de","potentialAction":[{"@type":"ReadAction","target":["https:\/\/ses-creative.com\/de\/produkt\/giessen-und-anmalen-dinowelt\/"]}]},{"@type":"ImageObject","inLanguage":"de","@id":"https:\/\/ses-creative.com\/de\/produkt\/giessen-und-anmalen-dinowelt\/#primaryimage","url":"https:\/\/ses-creative.com\/wp-content\/uploads\/2026\/01\/014031.jpg","contentUrl":"https:\/\/ses-creative.com\/wp-content\/uploads\/2026\/01\/014031.jpg","width":1000,"height":1000},{"@type":"BreadcrumbList","@id":"https:\/\/ses-creative.com\/de\/produkt\/giessen-und-anmalen-dinowelt\/#breadcrumb","itemListElement":[{"@type":"ListItem","position":1,"name":"Shop","item":"https:\/\/ses-creative.com\/de\/shop\/"},{"@type":"ListItem","position":2,"name":"Basteln","item":"https:\/\/ses-creative.com\/de\/product-categorie\/basteln\/"},{"@type":"ListItem","position":3,"name":"Gie\u00dfen und anmalen &#8211; Dinowelt"}]},{"@type":"WebSite","@id":"https:\/\/ses-creative.com\/#website","url":"https:\/\/ses-creative.com\/","name":"SES Creative","description":"","publisher":{"@id":"https:\/\/ses-creative.com\/#organization"},"potentialAction":[{"@type":"SearchAction","target":{"@type":"EntryPoint","urlTemplate":"https:\/\/ses-creative.com\/?s={search_term_string}"},"query-input":{"@type":"PropertyValueSpecification","valueRequired":true,"valueName":"search_term_string"}}],"inLanguage":"de"},{"@type":"Organization","@id":"https:\/\/ses-creative.com\/#organization","name":"SES Creative","url":"https:\/\/ses-creative.com\/","logo":{"@type":"ImageObject","inLanguage":"de","@id":"https:\/\/ses-creative.com\/#\/schema\/logo\/image\/","url":"https:\/\/ses-creative.com\/wp-content\/uploads\/2025\/10\/ses-creative-logo.jpg","contentUrl":"https:\/\/ses-creative.com\/wp-content\/uploads\/2025\/10\/ses-creative-logo.jpg","width":2037,"height":2037,"caption":"SES Creative"},"image":{"@id":"https:\/\/ses-creative.com\/#\/schema\/logo\/image\/"}}]}},"_links":{"self":[{"href":"https:\/\/ses-creative.com\/de\/wp-json\/wp\/v2\/product\/114465","targetHints":{"allow":["GET"]}}],"collection":[{"href":"https:\/\/ses-creative.com\/de\/wp-json\/wp\/v2\/product"}],"about":[{"href":"https:\/\/ses-creative.com\/de\/wp-json\/wp\/v2\/types\/product"}],"replies":[{"embeddable":true,"href":"https:\/\/ses-creative.com\/de\/wp-json\/wp\/v2\/comments?post=114465"}],"wp:featuredmedia":[{"embeddable":true,"href":"https:\/\/ses-creative.com\/de\/wp-json\/wp\/v2\/media\/98808"}],"wp:attachment":[{"href":"https:\/\/ses-creative.com\/de\/wp-json\/wp\/v2\/media?parent=114465"}],"wp:term":[{"taxonomy":"product_brand","embeddable":true,"href":"https:\/\/ses-creative.com\/de\/wp-json\/wp\/v2\/product_brand?post=114465"},{"taxonomy":"product_cat","embeddable":true,"href":"https:\/\/ses-creative.com\/de\/wp-json\/wp\/v2\/product_cat?post=114465"},{"taxonomy":"product_tag","embeddable":true,"href":"https:\/\/ses-creative.com\/de\/wp-json\/wp\/v2\/product_tag?post=114465"}],"curies":[{"name":"wp","href":"https:\/\/api.w.org\/{rel}","templated":true}]}}