











{"id":114464,"date":"2026-02-05T13:52:14","date_gmt":"2026-02-05T13:52:14","guid":{"rendered":"https:\/\/ses-creative.com\/?post_type=product&#038;p=114464"},"modified":"2026-02-06T09:51:18","modified_gmt":"2026-02-06T09:51:18","slug":"giessen-und-anmalen-autos","status":"publish","type":"product","link":"https:\/\/ses-creative.com\/de\/produkt\/giessen-und-anmalen-autos\/","title":{"rendered":"Gie\u00dfen und Anmalen &#8211; Autos"},"content":{"rendered":"<p>Mit dem SES Creative Gips Auto Bastelset gestalten Kinder ab 5 Jahren ihre eigenen Fahrzeuge. Der Gips wird in die Form gegossen, nach dem Trocknen werden die R\u00e4der eingesetzt und das Auto bunt bemalt. Dank der beiliegenden Farben, Aufkleber und des Pinsels entstehen individuelle Kunstwerke. Das Set enth\u00e4lt Gie\u00dfform, Gips, R\u00e4der, Farben, Aufkleber, Messbecher und Anleitung \u2013 alles, was Kinder brauchen. Die Farben sind auswaschbar, der Gips einfach zu verarbeiten. Ein kreatives Bastelset, das Motorik, Vorstellungskraft und Bastelfreude kombiniert \u2013 besonders geeignet als Geschenkidee Jungen ab 5 f\u00fcr zuhause oder im Gruppenprojekt.<\/p>\n","protected":false},"excerpt":{"rendered":"<p>Mit dem SES Creative Gips Auto Bastelset gestalten Kinder ab 5 Jahren ihre eigenen Fahrzeuge. Der Gips wird in die Form gegossen, nach dem Trocknen werden die R\u00e4der eingesetzt und das Auto bunt bemalt. Dank der beiliegenden Farben, Aufkleber und des Pinsels entstehen individuelle Kunstwerke. Das Set enth\u00e4lt Gie\u00dfform, Gips, R\u00e4der, Farben, Aufkleber, Messbecher und [&hellip;]<\/p>\n","protected":false},"featured_media":98788,"comment_status":"closed","ping_status":"closed","template":"","meta":{"_acf_changed":false},"product_brand":[],"product_cat":[115],"product_tag":[],"class_list":{"0":"post-114464","1":"product","2":"type-product","3":"status-publish","4":"has-post-thumbnail","6":"product_cat-basteln","7":"pa_leeftijd-filter-4-6-jahre","8":"pa_meest-populair-bij-jungen","10":"first","11":"instock","12":"shipping-taxable","13":"product-type-simple"},"acf":[],"yoast_head":"<!-- This site is optimized with the Yoast SEO plugin v27.5 - https:\/\/yoast.com\/product\/yoast-seo-wordpress\/ -->\n<title>Gie\u00dfen und Anmalen - Autos - SES Creative<\/title>\n<meta name=\"robots\" content=\"index, follow, max-snippet:-1, max-image-preview:large, max-video-preview:-1\" \/>\n<link rel=\"canonical\" href=\"https:\/\/ses-creative.com\/de\/produkt\/giessen-und-anmalen-autos\/\" \/>\n<meta property=\"og:locale\" content=\"de_DE\" \/>\n<meta property=\"og:type\" content=\"article\" \/>\n<meta property=\"og:title\" content=\"Gie\u00dfen und Anmalen - Autos - SES Creative\" \/>\n<meta property=\"og:description\" content=\"Mit dem SES Creative Gips Auto Bastelset gestalten Kinder ab 5 Jahren ihre eigenen Fahrzeuge. Der Gips wird in die Form gegossen, nach dem Trocknen werden die R\u00e4der eingesetzt und das Auto bunt bemalt. Dank der beiliegenden Farben, Aufkleber und des Pinsels entstehen individuelle Kunstwerke. Das Set enth\u00e4lt Gie\u00dfform, Gips, R\u00e4der, Farben, Aufkleber, Messbecher und [&hellip;]\" \/>\n<meta property=\"og:url\" content=\"https:\/\/ses-creative.com\/de\/produkt\/giessen-und-anmalen-autos\/\" \/>\n<meta property=\"og:site_name\" content=\"SES Creative\" \/>\n<meta property=\"article:modified_time\" content=\"2026-02-06T09:51:18+00:00\" \/>\n<meta name=\"twitter:card\" content=\"summary_large_image\" \/>\n<script type=\"application\/ld+json\" class=\"yoast-schema-graph\">{\"@context\":\"https:\\\/\\\/schema.org\",\"@graph\":[{\"@type\":\"WebPage\",\"@id\":\"https:\\\/\\\/ses-creative.com\\\/de\\\/produkt\\\/giessen-und-anmalen-autos\\\/\",\"url\":\"https:\\\/\\\/ses-creative.com\\\/de\\\/produkt\\\/giessen-und-anmalen-autos\\\/\",\"name\":\"Gie\u00dfen und Anmalen - Autos - SES Creative\",\"isPartOf\":{\"@id\":\"https:\\\/\\\/ses-creative.com\\\/#website\"},\"primaryImageOfPage\":{\"@id\":\"https:\\\/\\\/ses-creative.com\\\/de\\\/produkt\\\/giessen-und-anmalen-autos\\\/#primaryimage\"},\"image\":{\"@id\":\"https:\\\/\\\/ses-creative.com\\\/de\\\/produkt\\\/giessen-und-anmalen-autos\\\/#primaryimage\"},\"thumbnailUrl\":\"https:\\\/\\\/ses-creative.com\\\/wp-content\\\/uploads\\\/2026\\\/01\\\/014011.jpg\",\"datePublished\":\"2026-02-05T13:52:14+00:00\",\"dateModified\":\"2026-02-06T09:51:18+00:00\",\"breadcrumb\":{\"@id\":\"https:\\\/\\\/ses-creative.com\\\/de\\\/produkt\\\/giessen-und-anmalen-autos\\\/#breadcrumb\"},\"inLanguage\":\"de\",\"potentialAction\":[{\"@type\":\"ReadAction\",\"target\":[\"https:\\\/\\\/ses-creative.com\\\/de\\\/produkt\\\/giessen-und-anmalen-autos\\\/\"]}]},{\"@type\":\"ImageObject\",\"inLanguage\":\"de\",\"@id\":\"https:\\\/\\\/ses-creative.com\\\/de\\\/produkt\\\/giessen-und-anmalen-autos\\\/#primaryimage\",\"url\":\"https:\\\/\\\/ses-creative.com\\\/wp-content\\\/uploads\\\/2026\\\/01\\\/014011.jpg\",\"contentUrl\":\"https:\\\/\\\/ses-creative.com\\\/wp-content\\\/uploads\\\/2026\\\/01\\\/014011.jpg\",\"width\":1000,\"height\":1000},{\"@type\":\"BreadcrumbList\",\"@id\":\"https:\\\/\\\/ses-creative.com\\\/de\\\/produkt\\\/giessen-und-anmalen-autos\\\/#breadcrumb\",\"itemListElement\":[{\"@type\":\"ListItem\",\"position\":1,\"name\":\"Shop\",\"item\":\"https:\\\/\\\/ses-creative.com\\\/de\\\/shop\\\/\"},{\"@type\":\"ListItem\",\"position\":2,\"name\":\"Basteln\",\"item\":\"https:\\\/\\\/ses-creative.com\\\/de\\\/product-categorie\\\/basteln\\\/\"},{\"@type\":\"ListItem\",\"position\":3,\"name\":\"Gie\u00dfen und Anmalen &#8211; Autos\"}]},{\"@type\":\"WebSite\",\"@id\":\"https:\\\/\\\/ses-creative.com\\\/#website\",\"url\":\"https:\\\/\\\/ses-creative.com\\\/\",\"name\":\"SES Creative\",\"description\":\"\",\"publisher\":{\"@id\":\"https:\\\/\\\/ses-creative.com\\\/#organization\"},\"potentialAction\":[{\"@type\":\"SearchAction\",\"target\":{\"@type\":\"EntryPoint\",\"urlTemplate\":\"https:\\\/\\\/ses-creative.com\\\/?s={search_term_string}\"},\"query-input\":{\"@type\":\"PropertyValueSpecification\",\"valueRequired\":true,\"valueName\":\"search_term_string\"}}],\"inLanguage\":\"de\"},{\"@type\":\"Organization\",\"@id\":\"https:\\\/\\\/ses-creative.com\\\/#organization\",\"name\":\"SES Creative\",\"url\":\"https:\\\/\\\/ses-creative.com\\\/\",\"logo\":{\"@type\":\"ImageObject\",\"inLanguage\":\"de\",\"@id\":\"https:\\\/\\\/ses-creative.com\\\/#\\\/schema\\\/logo\\\/image\\\/\",\"url\":\"https:\\\/\\\/ses-creative.com\\\/wp-content\\\/uploads\\\/2025\\\/10\\\/ses-creative-logo.jpg\",\"contentUrl\":\"https:\\\/\\\/ses-creative.com\\\/wp-content\\\/uploads\\\/2025\\\/10\\\/ses-creative-logo.jpg\",\"width\":2037,\"height\":2037,\"caption\":\"SES Creative\"},\"image\":{\"@id\":\"https:\\\/\\\/ses-creative.com\\\/#\\\/schema\\\/logo\\\/image\\\/\"}}]}<\/script>\n<!-- \/ Yoast SEO plugin. -->","yoast_head_json":{"title":"Gie\u00dfen und Anmalen - Autos - SES Creative","robots":{"index":"index","follow":"follow","max-snippet":"max-snippet:-1","max-image-preview":"max-image-preview:large","max-video-preview":"max-video-preview:-1"},"canonical":"https:\/\/ses-creative.com\/de\/produkt\/giessen-und-anmalen-autos\/","og_locale":"de_DE","og_type":"article","og_title":"Gie\u00dfen und Anmalen - Autos - SES Creative","og_description":"Mit dem SES Creative Gips Auto Bastelset gestalten Kinder ab 5 Jahren ihre eigenen Fahrzeuge. Der Gips wird in die Form gegossen, nach dem Trocknen werden die R\u00e4der eingesetzt und das Auto bunt bemalt. Dank der beiliegenden Farben, Aufkleber und des Pinsels entstehen individuelle Kunstwerke. Das Set enth\u00e4lt Gie\u00dfform, Gips, R\u00e4der, Farben, Aufkleber, Messbecher und [&hellip;]","og_url":"https:\/\/ses-creative.com\/de\/produkt\/giessen-und-anmalen-autos\/","og_site_name":"SES Creative","article_modified_time":"2026-02-06T09:51:18+00:00","twitter_card":"summary_large_image","schema":{"@context":"https:\/\/schema.org","@graph":[{"@type":"WebPage","@id":"https:\/\/ses-creative.com\/de\/produkt\/giessen-und-anmalen-autos\/","url":"https:\/\/ses-creative.com\/de\/produkt\/giessen-und-anmalen-autos\/","name":"Gie\u00dfen und Anmalen - Autos - SES Creative","isPartOf":{"@id":"https:\/\/ses-creative.com\/#website"},"primaryImageOfPage":{"@id":"https:\/\/ses-creative.com\/de\/produkt\/giessen-und-anmalen-autos\/#primaryimage"},"image":{"@id":"https:\/\/ses-creative.com\/de\/produkt\/giessen-und-anmalen-autos\/#primaryimage"},"thumbnailUrl":"https:\/\/ses-creative.com\/wp-content\/uploads\/2026\/01\/014011.jpg","datePublished":"2026-02-05T13:52:14+00:00","dateModified":"2026-02-06T09:51:18+00:00","breadcrumb":{"@id":"https:\/\/ses-creative.com\/de\/produkt\/giessen-und-anmalen-autos\/#breadcrumb"},"inLanguage":"de","potentialAction":[{"@type":"ReadAction","target":["https:\/\/ses-creative.com\/de\/produkt\/giessen-und-anmalen-autos\/"]}]},{"@type":"ImageObject","inLanguage":"de","@id":"https:\/\/ses-creative.com\/de\/produkt\/giessen-und-anmalen-autos\/#primaryimage","url":"https:\/\/ses-creative.com\/wp-content\/uploads\/2026\/01\/014011.jpg","contentUrl":"https:\/\/ses-creative.com\/wp-content\/uploads\/2026\/01\/014011.jpg","width":1000,"height":1000},{"@type":"BreadcrumbList","@id":"https:\/\/ses-creative.com\/de\/produkt\/giessen-und-anmalen-autos\/#breadcrumb","itemListElement":[{"@type":"ListItem","position":1,"name":"Shop","item":"https:\/\/ses-creative.com\/de\/shop\/"},{"@type":"ListItem","position":2,"name":"Basteln","item":"https:\/\/ses-creative.com\/de\/product-categorie\/basteln\/"},{"@type":"ListItem","position":3,"name":"Gie\u00dfen und Anmalen &#8211; Autos"}]},{"@type":"WebSite","@id":"https:\/\/ses-creative.com\/#website","url":"https:\/\/ses-creative.com\/","name":"SES Creative","description":"","publisher":{"@id":"https:\/\/ses-creative.com\/#organization"},"potentialAction":[{"@type":"SearchAction","target":{"@type":"EntryPoint","urlTemplate":"https:\/\/ses-creative.com\/?s={search_term_string}"},"query-input":{"@type":"PropertyValueSpecification","valueRequired":true,"valueName":"search_term_string"}}],"inLanguage":"de"},{"@type":"Organization","@id":"https:\/\/ses-creative.com\/#organization","name":"SES Creative","url":"https:\/\/ses-creative.com\/","logo":{"@type":"ImageObject","inLanguage":"de","@id":"https:\/\/ses-creative.com\/#\/schema\/logo\/image\/","url":"https:\/\/ses-creative.com\/wp-content\/uploads\/2025\/10\/ses-creative-logo.jpg","contentUrl":"https:\/\/ses-creative.com\/wp-content\/uploads\/2025\/10\/ses-creative-logo.jpg","width":2037,"height":2037,"caption":"SES Creative"},"image":{"@id":"https:\/\/ses-creative.com\/#\/schema\/logo\/image\/"}}]}},"_links":{"self":[{"href":"https:\/\/ses-creative.com\/de\/wp-json\/wp\/v2\/product\/114464","targetHints":{"allow":["GET"]}}],"collection":[{"href":"https:\/\/ses-creative.com\/de\/wp-json\/wp\/v2\/product"}],"about":[{"href":"https:\/\/ses-creative.com\/de\/wp-json\/wp\/v2\/types\/product"}],"replies":[{"embeddable":true,"href":"https:\/\/ses-creative.com\/de\/wp-json\/wp\/v2\/comments?post=114464"}],"wp:featuredmedia":[{"embeddable":true,"href":"https:\/\/ses-creative.com\/de\/wp-json\/wp\/v2\/media\/98788"}],"wp:attachment":[{"href":"https:\/\/ses-creative.com\/de\/wp-json\/wp\/v2\/media?parent=114464"}],"wp:term":[{"taxonomy":"product_brand","embeddable":true,"href":"https:\/\/ses-creative.com\/de\/wp-json\/wp\/v2\/product_brand?post=114464"},{"taxonomy":"product_cat","embeddable":true,"href":"https:\/\/ses-creative.com\/de\/wp-json\/wp\/v2\/product_cat?post=114464"},{"taxonomy":"product_tag","embeddable":true,"href":"https:\/\/ses-creative.com\/de\/wp-json\/wp\/v2\/product_tag?post=114464"}],"curies":[{"name":"wp","href":"https:\/\/api.w.org\/{rel}","templated":true}]}}