











{"id":114462,"date":"2026-02-05T13:52:14","date_gmt":"2026-02-05T13:52:14","guid":{"rendered":"https:\/\/ses-creative.com\/?post_type=product&#038;p=114462"},"modified":"2026-02-06T09:51:18","modified_gmt":"2026-02-06T09:51:18","slug":"giessen-und-anmalen-notizhalter","status":"publish","type":"product","link":"https:\/\/ses-creative.com\/de\/produkt\/giessen-und-anmalen-notizhalter\/","title":{"rendered":"Gie\u00dfen und Anmalen &#8211; Notizhalter"},"content":{"rendered":"<p>Gie\u00dfen und Malen \u2013 Memohalter: Kreative Kunstwerke mit praktischem Zweck!<\/p>\n<p>Mit dem Set \u201eGie\u00dfen und Bemalen \u2013 Memohalter\u201d von SES Creative kannst du deine eigenen fr\u00f6hlichen Memohalter aus Gips basteln. Ideal f\u00fcr bastelbegeisterte M\u00e4dchen, die gerne kreativ sind und ihr Zimmer auf sch\u00f6ne Weise organisieren m\u00f6chten. Bastle niedliche Figuren und verleihe ihnen mit Farbe und Glitzer eine pers\u00f6nliche Note!<\/p>\n<p>Was dieses Set so toll macht<\/p>\n<p>Gestalte deine eigenen Memohalter in lustigen Formen<br \/>\nInklusive Metallhaltern f\u00fcr Notizen und Fotos<br \/>\nFarbe in fr\u00f6hlichen Farben und rosa Glitzerkleber f\u00fcr zus\u00e4tzlichen Flair<br \/>\nF\u00f6rdert die Feinmotorik und das kreative Denken<br \/>\nPerfekt zum Basteln f\u00fcr M\u00e4dchen ab 5 Jahren<\/p>\n<p>Organisieren hat noch nie so viel Spa\u00df gemacht<br \/>\nF\u00fcr bastelbegeisterte M\u00e4dchen ist dies die ideale Kombination aus Kunst und praktischem Nutzen. Gie\u00dfen Sie den Gips, bemalen Sie Ihre Figuren und f\u00fcgen Sie die Metallhalter hinzu \u2013 so k\u00f6nnen Sie Ihre Notizen, Fotos oder To-do-Listen auf originelle Weise pr\u00e4sentieren. Sch\u00f6n f\u00fcr Ihren Schreibtisch, Nachttisch oder als Geschenk!<\/p>\n<p>Inhalt des Sets<\/p>\n<p>Gips<br \/>\nKunststoff-Gussform<br \/>\nMetall-Memohalter<br \/>\n6 Farben Farbe<br \/>\nPinsel<br \/>\nKleber<br \/>\nGlitzerkleber rosa<br \/>\nAnleitung<\/p>\n<p>Warum SES Creative w\u00e4hlen?<br \/>\nBei SES Creative legen wir gro\u00dfen Wert auf Sicherheit. Deshalb werden die Produkte in unserem Werk in den Niederlanden nach den strengsten europ\u00e4ischen Sicherheitsnormen hergestellt und getestet. Spielzeug von SES Creative sorgt f\u00fcr Spa\u00df und soll Kindern ein Gef\u00fchl des Stolzes auf ihre Arbeit vermitteln, was ihre Kreativit\u00e4t und Entwicklung f\u00f6rdert.<\/p>\n<p>Fangen Sie noch heute mit dem Basteln an!<br \/>\nDas Set \u201eGie\u00dfen und Malen \u2013 Memohalter\u201d ist perfekt f\u00fcr bastelbegeisterte M\u00e4dchen, die ihre Kreativit\u00e4t mit einer praktischen L\u00f6sung verbinden m\u00f6chten. Gestalte deine eigenen funktionalen Kunstwerke und bringe dein Zimmer mit deinem einzigartigen Stil zum Strahlen!<\/p>\n","protected":false},"excerpt":{"rendered":"<p>Gie\u00dfen und Malen \u2013 Memohalter: Kreative Kunstwerke mit praktischem Zweck! Mit dem Set \u201eGie\u00dfen und Bemalen \u2013 Memohalter\u201d von SES Creative kannst du deine eigenen fr\u00f6hlichen Memohalter aus Gips basteln. Ideal f\u00fcr bastelbegeisterte M\u00e4dchen, die gerne kreativ sind und ihr Zimmer auf sch\u00f6ne Weise organisieren m\u00f6chten. Bastle niedliche Figuren und verleihe ihnen mit Farbe und [&hellip;]<\/p>\n","protected":false},"featured_media":98748,"comment_status":"closed","ping_status":"closed","template":"","meta":{"_acf_changed":false},"product_brand":[],"product_cat":[115],"product_tag":[],"class_list":{"0":"post-114462","1":"product","2":"type-product","3":"status-publish","4":"has-post-thumbnail","6":"product_cat-basteln","7":"pa_leeftijd-filter-4-6-jahre","8":"pa_meest-populair-bij-maedchen","10":"first","11":"instock","12":"shipping-taxable","13":"product-type-simple"},"acf":[],"yoast_head":"<!-- This site is optimized with the Yoast SEO plugin v27.2 - https:\/\/yoast.com\/product\/yoast-seo-wordpress\/ -->\n<title>Gie\u00dfen und Anmalen - Notizhalter - SES Creative<\/title>\n<meta name=\"robots\" content=\"index, follow, max-snippet:-1, max-image-preview:large, max-video-preview:-1\" \/>\n<link rel=\"canonical\" href=\"https:\/\/ses-creative.com\/de\/produkt\/giessen-und-anmalen-notizhalter\/\" \/>\n<meta property=\"og:locale\" content=\"de_DE\" \/>\n<meta property=\"og:type\" content=\"article\" \/>\n<meta property=\"og:title\" content=\"Gie\u00dfen und Anmalen - Notizhalter - SES Creative\" \/>\n<meta property=\"og:description\" content=\"Gie\u00dfen und Malen \u2013 Memohalter: Kreative Kunstwerke mit praktischem Zweck! Mit dem Set \u201eGie\u00dfen und Bemalen \u2013 Memohalter\u201d von SES Creative kannst du deine eigenen fr\u00f6hlichen Memohalter aus Gips basteln. Ideal f\u00fcr bastelbegeisterte M\u00e4dchen, die gerne kreativ sind und ihr Zimmer auf sch\u00f6ne Weise organisieren m\u00f6chten. Bastle niedliche Figuren und verleihe ihnen mit Farbe und [&hellip;]\" \/>\n<meta property=\"og:url\" content=\"https:\/\/ses-creative.com\/de\/produkt\/giessen-und-anmalen-notizhalter\/\" \/>\n<meta property=\"og:site_name\" content=\"SES Creative\" \/>\n<meta property=\"article:modified_time\" content=\"2026-02-06T09:51:18+00:00\" \/>\n<meta name=\"twitter:card\" content=\"summary_large_image\" \/>\n<meta name=\"twitter:label1\" content=\"Gesch\u00e4tzte Lesezeit\" \/>\n\t<meta name=\"twitter:data1\" content=\"2\u00a0Minuten\" \/>\n<script type=\"application\/ld+json\" class=\"yoast-schema-graph\">{\"@context\":\"https:\/\/schema.org\",\"@graph\":[{\"@type\":\"WebPage\",\"@id\":\"https:\/\/ses-creative.com\/de\/produkt\/giessen-und-anmalen-notizhalter\/\",\"url\":\"https:\/\/ses-creative.com\/de\/produkt\/giessen-und-anmalen-notizhalter\/\",\"name\":\"Gie\u00dfen und Anmalen - Notizhalter - SES Creative\",\"isPartOf\":{\"@id\":\"https:\/\/ses-creative.com\/#website\"},\"primaryImageOfPage\":{\"@id\":\"https:\/\/ses-creative.com\/de\/produkt\/giessen-und-anmalen-notizhalter\/#primaryimage\"},\"image\":{\"@id\":\"https:\/\/ses-creative.com\/de\/produkt\/giessen-und-anmalen-notizhalter\/#primaryimage\"},\"thumbnailUrl\":\"https:\/\/ses-creative.com\/wp-content\/uploads\/2026\/01\/013571.jpg\",\"datePublished\":\"2026-02-05T13:52:14+00:00\",\"dateModified\":\"2026-02-06T09:51:18+00:00\",\"breadcrumb\":{\"@id\":\"https:\/\/ses-creative.com\/de\/produkt\/giessen-und-anmalen-notizhalter\/#breadcrumb\"},\"inLanguage\":\"de\",\"potentialAction\":[{\"@type\":\"ReadAction\",\"target\":[\"https:\/\/ses-creative.com\/de\/produkt\/giessen-und-anmalen-notizhalter\/\"]}]},{\"@type\":\"ImageObject\",\"inLanguage\":\"de\",\"@id\":\"https:\/\/ses-creative.com\/de\/produkt\/giessen-und-anmalen-notizhalter\/#primaryimage\",\"url\":\"https:\/\/ses-creative.com\/wp-content\/uploads\/2026\/01\/013571.jpg\",\"contentUrl\":\"https:\/\/ses-creative.com\/wp-content\/uploads\/2026\/01\/013571.jpg\",\"width\":1000,\"height\":1000},{\"@type\":\"BreadcrumbList\",\"@id\":\"https:\/\/ses-creative.com\/de\/produkt\/giessen-und-anmalen-notizhalter\/#breadcrumb\",\"itemListElement\":[{\"@type\":\"ListItem\",\"position\":1,\"name\":\"Shop\",\"item\":\"https:\/\/ses-creative.com\/de\/shop\/\"},{\"@type\":\"ListItem\",\"position\":2,\"name\":\"Basteln\",\"item\":\"https:\/\/ses-creative.com\/de\/product-categorie\/basteln\/\"},{\"@type\":\"ListItem\",\"position\":3,\"name\":\"Gie\u00dfen und Anmalen &#8211; Notizhalter\"}]},{\"@type\":\"WebSite\",\"@id\":\"https:\/\/ses-creative.com\/#website\",\"url\":\"https:\/\/ses-creative.com\/\",\"name\":\"SES Creative\",\"description\":\"\",\"publisher\":{\"@id\":\"https:\/\/ses-creative.com\/#organization\"},\"potentialAction\":[{\"@type\":\"SearchAction\",\"target\":{\"@type\":\"EntryPoint\",\"urlTemplate\":\"https:\/\/ses-creative.com\/?s={search_term_string}\"},\"query-input\":{\"@type\":\"PropertyValueSpecification\",\"valueRequired\":true,\"valueName\":\"search_term_string\"}}],\"inLanguage\":\"de\"},{\"@type\":\"Organization\",\"@id\":\"https:\/\/ses-creative.com\/#organization\",\"name\":\"SES Creative\",\"url\":\"https:\/\/ses-creative.com\/\",\"logo\":{\"@type\":\"ImageObject\",\"inLanguage\":\"de\",\"@id\":\"https:\/\/ses-creative.com\/#\/schema\/logo\/image\/\",\"url\":\"https:\/\/ses-creative.com\/wp-content\/uploads\/2025\/10\/ses-creative-logo.jpg\",\"contentUrl\":\"https:\/\/ses-creative.com\/wp-content\/uploads\/2025\/10\/ses-creative-logo.jpg\",\"width\":2037,\"height\":2037,\"caption\":\"SES Creative\"},\"image\":{\"@id\":\"https:\/\/ses-creative.com\/#\/schema\/logo\/image\/\"}}]}<\/script>\n<!-- \/ Yoast SEO plugin. -->","yoast_head_json":{"title":"Gie\u00dfen und Anmalen - Notizhalter - SES Creative","robots":{"index":"index","follow":"follow","max-snippet":"max-snippet:-1","max-image-preview":"max-image-preview:large","max-video-preview":"max-video-preview:-1"},"canonical":"https:\/\/ses-creative.com\/de\/produkt\/giessen-und-anmalen-notizhalter\/","og_locale":"de_DE","og_type":"article","og_title":"Gie\u00dfen und Anmalen - Notizhalter - SES Creative","og_description":"Gie\u00dfen und Malen \u2013 Memohalter: Kreative Kunstwerke mit praktischem Zweck! Mit dem Set \u201eGie\u00dfen und Bemalen \u2013 Memohalter\u201d von SES Creative kannst du deine eigenen fr\u00f6hlichen Memohalter aus Gips basteln. Ideal f\u00fcr bastelbegeisterte M\u00e4dchen, die gerne kreativ sind und ihr Zimmer auf sch\u00f6ne Weise organisieren m\u00f6chten. Bastle niedliche Figuren und verleihe ihnen mit Farbe und [&hellip;]","og_url":"https:\/\/ses-creative.com\/de\/produkt\/giessen-und-anmalen-notizhalter\/","og_site_name":"SES Creative","article_modified_time":"2026-02-06T09:51:18+00:00","twitter_card":"summary_large_image","twitter_misc":{"Gesch\u00e4tzte Lesezeit":"2\u00a0Minuten"},"schema":{"@context":"https:\/\/schema.org","@graph":[{"@type":"WebPage","@id":"https:\/\/ses-creative.com\/de\/produkt\/giessen-und-anmalen-notizhalter\/","url":"https:\/\/ses-creative.com\/de\/produkt\/giessen-und-anmalen-notizhalter\/","name":"Gie\u00dfen und Anmalen - Notizhalter - SES Creative","isPartOf":{"@id":"https:\/\/ses-creative.com\/#website"},"primaryImageOfPage":{"@id":"https:\/\/ses-creative.com\/de\/produkt\/giessen-und-anmalen-notizhalter\/#primaryimage"},"image":{"@id":"https:\/\/ses-creative.com\/de\/produkt\/giessen-und-anmalen-notizhalter\/#primaryimage"},"thumbnailUrl":"https:\/\/ses-creative.com\/wp-content\/uploads\/2026\/01\/013571.jpg","datePublished":"2026-02-05T13:52:14+00:00","dateModified":"2026-02-06T09:51:18+00:00","breadcrumb":{"@id":"https:\/\/ses-creative.com\/de\/produkt\/giessen-und-anmalen-notizhalter\/#breadcrumb"},"inLanguage":"de","potentialAction":[{"@type":"ReadAction","target":["https:\/\/ses-creative.com\/de\/produkt\/giessen-und-anmalen-notizhalter\/"]}]},{"@type":"ImageObject","inLanguage":"de","@id":"https:\/\/ses-creative.com\/de\/produkt\/giessen-und-anmalen-notizhalter\/#primaryimage","url":"https:\/\/ses-creative.com\/wp-content\/uploads\/2026\/01\/013571.jpg","contentUrl":"https:\/\/ses-creative.com\/wp-content\/uploads\/2026\/01\/013571.jpg","width":1000,"height":1000},{"@type":"BreadcrumbList","@id":"https:\/\/ses-creative.com\/de\/produkt\/giessen-und-anmalen-notizhalter\/#breadcrumb","itemListElement":[{"@type":"ListItem","position":1,"name":"Shop","item":"https:\/\/ses-creative.com\/de\/shop\/"},{"@type":"ListItem","position":2,"name":"Basteln","item":"https:\/\/ses-creative.com\/de\/product-categorie\/basteln\/"},{"@type":"ListItem","position":3,"name":"Gie\u00dfen und Anmalen &#8211; Notizhalter"}]},{"@type":"WebSite","@id":"https:\/\/ses-creative.com\/#website","url":"https:\/\/ses-creative.com\/","name":"SES Creative","description":"","publisher":{"@id":"https:\/\/ses-creative.com\/#organization"},"potentialAction":[{"@type":"SearchAction","target":{"@type":"EntryPoint","urlTemplate":"https:\/\/ses-creative.com\/?s={search_term_string}"},"query-input":{"@type":"PropertyValueSpecification","valueRequired":true,"valueName":"search_term_string"}}],"inLanguage":"de"},{"@type":"Organization","@id":"https:\/\/ses-creative.com\/#organization","name":"SES Creative","url":"https:\/\/ses-creative.com\/","logo":{"@type":"ImageObject","inLanguage":"de","@id":"https:\/\/ses-creative.com\/#\/schema\/logo\/image\/","url":"https:\/\/ses-creative.com\/wp-content\/uploads\/2025\/10\/ses-creative-logo.jpg","contentUrl":"https:\/\/ses-creative.com\/wp-content\/uploads\/2025\/10\/ses-creative-logo.jpg","width":2037,"height":2037,"caption":"SES Creative"},"image":{"@id":"https:\/\/ses-creative.com\/#\/schema\/logo\/image\/"}}]}},"_links":{"self":[{"href":"https:\/\/ses-creative.com\/de\/wp-json\/wp\/v2\/product\/114462","targetHints":{"allow":["GET"]}}],"collection":[{"href":"https:\/\/ses-creative.com\/de\/wp-json\/wp\/v2\/product"}],"about":[{"href":"https:\/\/ses-creative.com\/de\/wp-json\/wp\/v2\/types\/product"}],"replies":[{"embeddable":true,"href":"https:\/\/ses-creative.com\/de\/wp-json\/wp\/v2\/comments?post=114462"}],"wp:featuredmedia":[{"embeddable":true,"href":"https:\/\/ses-creative.com\/de\/wp-json\/wp\/v2\/media\/98748"}],"wp:attachment":[{"href":"https:\/\/ses-creative.com\/de\/wp-json\/wp\/v2\/media?parent=114462"}],"wp:term":[{"taxonomy":"product_brand","embeddable":true,"href":"https:\/\/ses-creative.com\/de\/wp-json\/wp\/v2\/product_brand?post=114462"},{"taxonomy":"product_cat","embeddable":true,"href":"https:\/\/ses-creative.com\/de\/wp-json\/wp\/v2\/product_cat?post=114462"},{"taxonomy":"product_tag","embeddable":true,"href":"https:\/\/ses-creative.com\/de\/wp-json\/wp\/v2\/product_tag?post=114462"}],"curies":[{"name":"wp","href":"https:\/\/api.w.org\/{rel}","templated":true}]}}