











{"id":114460,"date":"2025-12-18T10:14:24","date_gmt":"2025-12-18T10:14:24","guid":{"rendered":"https:\/\/ses-creative.com\/?post_type=product&#038;p=114460"},"modified":"2026-02-06T09:51:18","modified_gmt":"2026-02-06T09:51:18","slug":"giessen-und-anmalen-unterwasserfiguren","status":"publish","type":"product","link":"https:\/\/ses-creative.com\/de\/produkt\/giessen-und-anmalen-unterwasserfiguren\/","title":{"rendered":"Gie\u00dfen und Anmalen &#8211; Unterwasserfiguren"},"content":{"rendered":"<p>Mit diesem Unterwasser-Abdruck- und Malset k\u00f6nnen Kinder ihre eigenen Figuren zum Thema Ozean herstellen und dekorieren. Einfach den Gips in die detaillierten Formen gie\u00dfen, trocknen lassen und die Kreationen mit den beigef\u00fcgten Farben bemalen. Eine ideale Aktivit\u00e4t, um Geduld und Kreativit\u00e4t zu entwickeln und dabei Spa\u00df zu haben.<\/p>\n<p>Das Set enth\u00e4lt eine pr\u00e4zise Gie\u00dfform, mit der sich gut definierte und realistische Formen herstellen lassen. Der Gips trocknet schnell, sodass der Malvorgang z\u00fcgig voranschreiten kann. Dank der 6 Trendfarben und des mitgelieferten Glitzers kann jede Figur nach der Fantasie des Kindes individuell gestaltet werden. Die gut deckende Farbe sorgt f\u00fcr ein strahlendes und farbenfrohes Aussehen.<\/p>\n<p>Das Gipsabdruckset f\u00fcr Kinder ist einfach zu handhaben und f\u00fcr Kinder ab 5 Jahren geeignet. Die klaren Anweisungen helfen den Kindern, jeden Schritt selbstst\u00e4ndig auszuf\u00fchren. Gips und Farbe lassen sich leicht von der Haut und von Textilien abwaschen und erm\u00f6glichen so ein ungezwungenes Experimentieren.<\/p>\n<p>Dieses Set mit Gipsfiguren zum Bemalen ist ideal f\u00fcr junge Menschen, die sich f\u00fcr kreative Aktivit\u00e4ten begeistern, und stellt eine hervorragende Geschenkidee dar. Es erm\u00f6glicht Kindern, ihren k\u00fcnstlerischen Sinn zu entwickeln und einzigartige Objekte zu schaffen, w\u00e4hrend sie Spa\u00df haben.<\/p>\n","protected":false},"excerpt":{"rendered":"<p>Mit diesem Unterwasser-Abdruck- und Malset k\u00f6nnen Kinder ihre eigenen Figuren zum Thema Ozean herstellen und dekorieren. Einfach den Gips in die detaillierten Formen gie\u00dfen, trocknen lassen und die Kreationen mit den beigef\u00fcgten Farben bemalen. Eine ideale Aktivit\u00e4t, um Geduld und Kreativit\u00e4t zu entwickeln und dabei Spa\u00df zu haben. Das Set enth\u00e4lt eine pr\u00e4zise Gie\u00dfform, mit [&hellip;]<\/p>\n","protected":false},"featured_media":98711,"comment_status":"open","ping_status":"closed","template":"","meta":{"_acf_changed":false},"product_brand":[],"product_cat":[115],"product_tag":[],"class_list":{"0":"post-114460","1":"product","2":"type-product","3":"status-publish","4":"has-post-thumbnail","6":"product_cat-basteln","7":"pa_leeftijd-filter-4-6-jahre","8":"pa_meest-populair-bij-maedchen","10":"first","11":"instock","12":"shipping-taxable","13":"product-type-simple"},"acf":[],"yoast_head":"<!-- This site is optimized with the Yoast SEO plugin v27.4 - https:\/\/yoast.com\/product\/yoast-seo-wordpress\/ -->\n<title>Gie\u00dfen und Anmalen - Unterwasserfiguren - SES Creative<\/title>\n<meta name=\"robots\" content=\"index, follow, max-snippet:-1, max-image-preview:large, max-video-preview:-1\" \/>\n<link rel=\"canonical\" href=\"https:\/\/ses-creative.com\/de\/produkt\/giessen-und-anmalen-unterwasserfiguren\/\" \/>\n<meta property=\"og:locale\" content=\"de_DE\" \/>\n<meta property=\"og:type\" content=\"article\" \/>\n<meta property=\"og:title\" content=\"Gie\u00dfen und Anmalen - Unterwasserfiguren - SES Creative\" \/>\n<meta property=\"og:description\" content=\"Mit diesem Unterwasser-Abdruck- und Malset k\u00f6nnen Kinder ihre eigenen Figuren zum Thema Ozean herstellen und dekorieren. Einfach den Gips in die detaillierten Formen gie\u00dfen, trocknen lassen und die Kreationen mit den beigef\u00fcgten Farben bemalen. Eine ideale Aktivit\u00e4t, um Geduld und Kreativit\u00e4t zu entwickeln und dabei Spa\u00df zu haben. Das Set enth\u00e4lt eine pr\u00e4zise Gie\u00dfform, mit [&hellip;]\" \/>\n<meta property=\"og:url\" content=\"https:\/\/ses-creative.com\/de\/produkt\/giessen-und-anmalen-unterwasserfiguren\/\" \/>\n<meta property=\"og:site_name\" content=\"SES Creative\" \/>\n<meta property=\"article:modified_time\" content=\"2026-02-06T09:51:18+00:00\" \/>\n<meta property=\"og:image\" content=\"https:\/\/ses-creative.com\/wp-content\/uploads\/2026\/01\/013541.jpg\" \/>\n\t<meta property=\"og:image:width\" content=\"1000\" \/>\n\t<meta property=\"og:image:height\" content=\"1000\" \/>\n\t<meta property=\"og:image:type\" content=\"image\/jpeg\" \/>\n<meta name=\"twitter:card\" content=\"summary_large_image\" \/>\n<meta name=\"twitter:label1\" content=\"Gesch\u00e4tzte Lesezeit\" \/>\n\t<meta name=\"twitter:data1\" content=\"1\u00a0Minute\" \/>\n<script type=\"application\/ld+json\" class=\"yoast-schema-graph\">{\"@context\":\"https:\\\/\\\/schema.org\",\"@graph\":[{\"@type\":\"WebPage\",\"@id\":\"https:\\\/\\\/ses-creative.com\\\/de\\\/produkt\\\/giessen-und-anmalen-unterwasserfiguren\\\/\",\"url\":\"https:\\\/\\\/ses-creative.com\\\/de\\\/produkt\\\/giessen-und-anmalen-unterwasserfiguren\\\/\",\"name\":\"Gie\u00dfen und Anmalen - Unterwasserfiguren - SES Creative\",\"isPartOf\":{\"@id\":\"https:\\\/\\\/ses-creative.com\\\/#website\"},\"primaryImageOfPage\":{\"@id\":\"https:\\\/\\\/ses-creative.com\\\/de\\\/produkt\\\/giessen-und-anmalen-unterwasserfiguren\\\/#primaryimage\"},\"image\":{\"@id\":\"https:\\\/\\\/ses-creative.com\\\/de\\\/produkt\\\/giessen-und-anmalen-unterwasserfiguren\\\/#primaryimage\"},\"thumbnailUrl\":\"https:\\\/\\\/ses-creative.com\\\/wp-content\\\/uploads\\\/2026\\\/01\\\/013541.jpg\",\"datePublished\":\"2025-12-18T10:14:24+00:00\",\"dateModified\":\"2026-02-06T09:51:18+00:00\",\"breadcrumb\":{\"@id\":\"https:\\\/\\\/ses-creative.com\\\/de\\\/produkt\\\/giessen-und-anmalen-unterwasserfiguren\\\/#breadcrumb\"},\"inLanguage\":\"de\",\"potentialAction\":[{\"@type\":\"ReadAction\",\"target\":[\"https:\\\/\\\/ses-creative.com\\\/de\\\/produkt\\\/giessen-und-anmalen-unterwasserfiguren\\\/\"]}]},{\"@type\":\"ImageObject\",\"inLanguage\":\"de\",\"@id\":\"https:\\\/\\\/ses-creative.com\\\/de\\\/produkt\\\/giessen-und-anmalen-unterwasserfiguren\\\/#primaryimage\",\"url\":\"https:\\\/\\\/ses-creative.com\\\/wp-content\\\/uploads\\\/2026\\\/01\\\/013541.jpg\",\"contentUrl\":\"https:\\\/\\\/ses-creative.com\\\/wp-content\\\/uploads\\\/2026\\\/01\\\/013541.jpg\",\"width\":1000,\"height\":1000},{\"@type\":\"BreadcrumbList\",\"@id\":\"https:\\\/\\\/ses-creative.com\\\/de\\\/produkt\\\/giessen-und-anmalen-unterwasserfiguren\\\/#breadcrumb\",\"itemListElement\":[{\"@type\":\"ListItem\",\"position\":1,\"name\":\"Shop\",\"item\":\"https:\\\/\\\/ses-creative.com\\\/de\\\/shop\\\/\"},{\"@type\":\"ListItem\",\"position\":2,\"name\":\"Basteln\",\"item\":\"https:\\\/\\\/ses-creative.com\\\/de\\\/product-categorie\\\/basteln\\\/\"},{\"@type\":\"ListItem\",\"position\":3,\"name\":\"Gie\u00dfen und Anmalen &#8211; Unterwasserfiguren\"}]},{\"@type\":\"WebSite\",\"@id\":\"https:\\\/\\\/ses-creative.com\\\/#website\",\"url\":\"https:\\\/\\\/ses-creative.com\\\/\",\"name\":\"SES Creative\",\"description\":\"\",\"publisher\":{\"@id\":\"https:\\\/\\\/ses-creative.com\\\/#organization\"},\"potentialAction\":[{\"@type\":\"SearchAction\",\"target\":{\"@type\":\"EntryPoint\",\"urlTemplate\":\"https:\\\/\\\/ses-creative.com\\\/?s={search_term_string}\"},\"query-input\":{\"@type\":\"PropertyValueSpecification\",\"valueRequired\":true,\"valueName\":\"search_term_string\"}}],\"inLanguage\":\"de\"},{\"@type\":\"Organization\",\"@id\":\"https:\\\/\\\/ses-creative.com\\\/#organization\",\"name\":\"SES Creative\",\"url\":\"https:\\\/\\\/ses-creative.com\\\/\",\"logo\":{\"@type\":\"ImageObject\",\"inLanguage\":\"de\",\"@id\":\"https:\\\/\\\/ses-creative.com\\\/#\\\/schema\\\/logo\\\/image\\\/\",\"url\":\"https:\\\/\\\/ses-creative.com\\\/wp-content\\\/uploads\\\/2025\\\/10\\\/ses-creative-logo.jpg\",\"contentUrl\":\"https:\\\/\\\/ses-creative.com\\\/wp-content\\\/uploads\\\/2025\\\/10\\\/ses-creative-logo.jpg\",\"width\":2037,\"height\":2037,\"caption\":\"SES Creative\"},\"image\":{\"@id\":\"https:\\\/\\\/ses-creative.com\\\/#\\\/schema\\\/logo\\\/image\\\/\"}}]}<\/script>\n<!-- \/ Yoast SEO plugin. -->","yoast_head_json":{"title":"Gie\u00dfen und Anmalen - Unterwasserfiguren - SES Creative","robots":{"index":"index","follow":"follow","max-snippet":"max-snippet:-1","max-image-preview":"max-image-preview:large","max-video-preview":"max-video-preview:-1"},"canonical":"https:\/\/ses-creative.com\/de\/produkt\/giessen-und-anmalen-unterwasserfiguren\/","og_locale":"de_DE","og_type":"article","og_title":"Gie\u00dfen und Anmalen - Unterwasserfiguren - SES Creative","og_description":"Mit diesem Unterwasser-Abdruck- und Malset k\u00f6nnen Kinder ihre eigenen Figuren zum Thema Ozean herstellen und dekorieren. Einfach den Gips in die detaillierten Formen gie\u00dfen, trocknen lassen und die Kreationen mit den beigef\u00fcgten Farben bemalen. Eine ideale Aktivit\u00e4t, um Geduld und Kreativit\u00e4t zu entwickeln und dabei Spa\u00df zu haben. Das Set enth\u00e4lt eine pr\u00e4zise Gie\u00dfform, mit [&hellip;]","og_url":"https:\/\/ses-creative.com\/de\/produkt\/giessen-und-anmalen-unterwasserfiguren\/","og_site_name":"SES Creative","article_modified_time":"2026-02-06T09:51:18+00:00","og_image":[{"width":1000,"height":1000,"url":"https:\/\/ses-creative.com\/wp-content\/uploads\/2026\/01\/013541.jpg","type":"image\/jpeg"}],"twitter_card":"summary_large_image","twitter_misc":{"Gesch\u00e4tzte Lesezeit":"1\u00a0Minute"},"schema":{"@context":"https:\/\/schema.org","@graph":[{"@type":"WebPage","@id":"https:\/\/ses-creative.com\/de\/produkt\/giessen-und-anmalen-unterwasserfiguren\/","url":"https:\/\/ses-creative.com\/de\/produkt\/giessen-und-anmalen-unterwasserfiguren\/","name":"Gie\u00dfen und Anmalen - Unterwasserfiguren - SES Creative","isPartOf":{"@id":"https:\/\/ses-creative.com\/#website"},"primaryImageOfPage":{"@id":"https:\/\/ses-creative.com\/de\/produkt\/giessen-und-anmalen-unterwasserfiguren\/#primaryimage"},"image":{"@id":"https:\/\/ses-creative.com\/de\/produkt\/giessen-und-anmalen-unterwasserfiguren\/#primaryimage"},"thumbnailUrl":"https:\/\/ses-creative.com\/wp-content\/uploads\/2026\/01\/013541.jpg","datePublished":"2025-12-18T10:14:24+00:00","dateModified":"2026-02-06T09:51:18+00:00","breadcrumb":{"@id":"https:\/\/ses-creative.com\/de\/produkt\/giessen-und-anmalen-unterwasserfiguren\/#breadcrumb"},"inLanguage":"de","potentialAction":[{"@type":"ReadAction","target":["https:\/\/ses-creative.com\/de\/produkt\/giessen-und-anmalen-unterwasserfiguren\/"]}]},{"@type":"ImageObject","inLanguage":"de","@id":"https:\/\/ses-creative.com\/de\/produkt\/giessen-und-anmalen-unterwasserfiguren\/#primaryimage","url":"https:\/\/ses-creative.com\/wp-content\/uploads\/2026\/01\/013541.jpg","contentUrl":"https:\/\/ses-creative.com\/wp-content\/uploads\/2026\/01\/013541.jpg","width":1000,"height":1000},{"@type":"BreadcrumbList","@id":"https:\/\/ses-creative.com\/de\/produkt\/giessen-und-anmalen-unterwasserfiguren\/#breadcrumb","itemListElement":[{"@type":"ListItem","position":1,"name":"Shop","item":"https:\/\/ses-creative.com\/de\/shop\/"},{"@type":"ListItem","position":2,"name":"Basteln","item":"https:\/\/ses-creative.com\/de\/product-categorie\/basteln\/"},{"@type":"ListItem","position":3,"name":"Gie\u00dfen und Anmalen &#8211; Unterwasserfiguren"}]},{"@type":"WebSite","@id":"https:\/\/ses-creative.com\/#website","url":"https:\/\/ses-creative.com\/","name":"SES Creative","description":"","publisher":{"@id":"https:\/\/ses-creative.com\/#organization"},"potentialAction":[{"@type":"SearchAction","target":{"@type":"EntryPoint","urlTemplate":"https:\/\/ses-creative.com\/?s={search_term_string}"},"query-input":{"@type":"PropertyValueSpecification","valueRequired":true,"valueName":"search_term_string"}}],"inLanguage":"de"},{"@type":"Organization","@id":"https:\/\/ses-creative.com\/#organization","name":"SES Creative","url":"https:\/\/ses-creative.com\/","logo":{"@type":"ImageObject","inLanguage":"de","@id":"https:\/\/ses-creative.com\/#\/schema\/logo\/image\/","url":"https:\/\/ses-creative.com\/wp-content\/uploads\/2025\/10\/ses-creative-logo.jpg","contentUrl":"https:\/\/ses-creative.com\/wp-content\/uploads\/2025\/10\/ses-creative-logo.jpg","width":2037,"height":2037,"caption":"SES Creative"},"image":{"@id":"https:\/\/ses-creative.com\/#\/schema\/logo\/image\/"}}]}},"_links":{"self":[{"href":"https:\/\/ses-creative.com\/de\/wp-json\/wp\/v2\/product\/114460","targetHints":{"allow":["GET"]}}],"collection":[{"href":"https:\/\/ses-creative.com\/de\/wp-json\/wp\/v2\/product"}],"about":[{"href":"https:\/\/ses-creative.com\/de\/wp-json\/wp\/v2\/types\/product"}],"replies":[{"embeddable":true,"href":"https:\/\/ses-creative.com\/de\/wp-json\/wp\/v2\/comments?post=114460"}],"wp:featuredmedia":[{"embeddable":true,"href":"https:\/\/ses-creative.com\/de\/wp-json\/wp\/v2\/media\/98711"}],"wp:attachment":[{"href":"https:\/\/ses-creative.com\/de\/wp-json\/wp\/v2\/media?parent=114460"}],"wp:term":[{"taxonomy":"product_brand","embeddable":true,"href":"https:\/\/ses-creative.com\/de\/wp-json\/wp\/v2\/product_brand?post=114460"},{"taxonomy":"product_cat","embeddable":true,"href":"https:\/\/ses-creative.com\/de\/wp-json\/wp\/v2\/product_cat?post=114460"},{"taxonomy":"product_tag","embeddable":true,"href":"https:\/\/ses-creative.com\/de\/wp-json\/wp\/v2\/product_tag?post=114460"}],"curies":[{"name":"wp","href":"https:\/\/api.w.org\/{rel}","templated":true}]}}