











{"id":114459,"date":"2026-02-05T13:52:13","date_gmt":"2026-02-05T13:52:13","guid":{"rendered":"https:\/\/ses-creative.com\/?post_type=product&#038;p=114459"},"modified":"2026-02-06T09:51:18","modified_gmt":"2026-02-06T09:51:18","slug":"giessen-und-anmalen-prinzessinnen-auf-leinwaenden-3x","status":"publish","type":"product","link":"https:\/\/ses-creative.com\/de\/produkt\/giessen-und-anmalen-prinzessinnen-auf-leinwaenden-3x\/","title":{"rendered":"Gie\u00dfen und anmalen &#8211; Prinzessinnen auf Leinw\u00e4nden 3x"},"content":{"rendered":"<p>Gie\u00dfen und Malen \u2013 Prinzessinnen: Deine eigene M\u00e4rchenkunst in 3D!<\/p>\n<p>Mit dem Set \u201eGie\u00dfen und Malen \u2013 Prinzessinnen\u201d von SES Creative kannst du wundersch\u00f6ne 3D-Gem\u00e4lde zum Thema Prinzessinnen gestalten. Gie\u00dfe selbst detailreiche Gipsfiguren, bemale sie in deinen Lieblingsfarben und befestige sie auf den Leinw\u00e4nden, um ein zauberhaftes Ergebnis zu erzielen. Perfekt f\u00fcr bastelbegeisterte M\u00e4dchen, die von ihrer eigenen M\u00e4rchenwelt an der Wand tr\u00e4umen.<\/p>\n<p>Was dieses Set so toll macht<\/p>\n<p>Kombiniert Gipsgie\u00dfen und Malen in einer Aktivit\u00e4t<br \/>\nEnth\u00e4lt 3 Leinw\u00e4nde im Prinzessinnen-Design<br \/>\nDetaillierte Gussform f\u00fcr wundersch\u00f6ne Relieffiguren<br \/>\nF\u00f6rdert kreatives Denken und Feinmotorik<br \/>\nIdeal f\u00fcr bastelbegeisterte M\u00e4dchen ab 5 Jahren<\/p>\n<p>Ein kreativer Traum f\u00fcr Prinzessinnenfans<br \/>\nBastelfreudige M\u00e4dchen k\u00f6nnen ihre eigenen Kunstwerke mit einem einzigartigen 3D-Look gestalten. Vom Gie\u00dfen \u00fcber das Bemalen bis hin zum Aufkleben: Jeder Teil dieses Projekts macht Spa\u00df und ist lehrreich. Die Endergebnisse k\u00f6nnen sich sehen lassen und eignen sich perfekt zum Aufh\u00e4ngen im Zimmer oder als Geschenk f\u00fcr einen lieben Menschen.<\/p>\n<p>Inhalt des Sets<\/p>\n<p>3 Leinw\u00e4nde mit Prinzessinnenmotiv<br \/>\nGips<br \/>\nGie\u00dfform mit Prinzessinnenformen<br \/>\nFarbe<br \/>\nPinsel<\/p>\n<p>Warum SES Creative w\u00e4hlen?<br \/>\nBei SES Creative legen wir gro\u00dfen Wert auf Sicherheit. Deshalb werden die Produkte in unserem Werk in den Niederlanden nach den strengsten europ\u00e4ischen Sicherheitsnormen hergestellt und getestet. Spielzeug von SES Creative sorgt f\u00fcr Spa\u00df und soll Kindern ein Gef\u00fchl des Stolzes auf ihre Arbeit vermitteln, was ihre Kreativit\u00e4t und Entwicklung f\u00f6rdert.<\/p>\n<p>Starten Sie noch heute Ihr kreatives Prinzessinnenprojekt<br \/>\nMit diesem Set entdecken M\u00e4dchen, wie viel Spa\u00df es macht, ihre eigene Prinzessinnenwelt zum Leben zu erwecken. Ein perfektes Geschenk f\u00fcr kleine K\u00fcnstlerinnen, die M\u00e4rchen, Glanz und Farben lieben!<\/p>\n","protected":false},"excerpt":{"rendered":"<p>Gie\u00dfen und Malen \u2013 Prinzessinnen: Deine eigene M\u00e4rchenkunst in 3D! Mit dem Set \u201eGie\u00dfen und Malen \u2013 Prinzessinnen\u201d von SES Creative kannst du wundersch\u00f6ne 3D-Gem\u00e4lde zum Thema Prinzessinnen gestalten. Gie\u00dfe selbst detailreiche Gipsfiguren, bemale sie in deinen Lieblingsfarben und befestige sie auf den Leinw\u00e4nden, um ein zauberhaftes Ergebnis zu erzielen. Perfekt f\u00fcr bastelbegeisterte M\u00e4dchen, die [&hellip;]<\/p>\n","protected":false},"featured_media":98688,"comment_status":"closed","ping_status":"closed","template":"","meta":{"_acf_changed":false},"product_brand":[],"product_cat":[115],"product_tag":[],"class_list":{"0":"post-114459","1":"product","2":"type-product","3":"status-publish","4":"has-post-thumbnail","6":"product_cat-basteln","7":"pa_leeftijd-filter-4-6-jahre","8":"pa_meest-populair-bij-maedchen","10":"first","11":"instock","12":"shipping-taxable","13":"product-type-simple"},"acf":[],"yoast_head":"<!-- This site is optimized with the Yoast SEO plugin v27.2 - https:\/\/yoast.com\/product\/yoast-seo-wordpress\/ -->\n<title>Gie\u00dfen und anmalen - Prinzessinnen auf Leinw\u00e4nden 3x - SES Creative<\/title>\n<meta name=\"robots\" content=\"index, follow, max-snippet:-1, max-image-preview:large, max-video-preview:-1\" \/>\n<link rel=\"canonical\" href=\"https:\/\/ses-creative.com\/de\/produkt\/giessen-und-anmalen-prinzessinnen-auf-leinwaenden-3x\/\" \/>\n<meta property=\"og:locale\" content=\"de_DE\" \/>\n<meta property=\"og:type\" content=\"article\" \/>\n<meta property=\"og:title\" content=\"Gie\u00dfen und anmalen - Prinzessinnen auf Leinw\u00e4nden 3x - SES Creative\" \/>\n<meta property=\"og:description\" content=\"Gie\u00dfen und Malen \u2013 Prinzessinnen: Deine eigene M\u00e4rchenkunst in 3D! Mit dem Set \u201eGie\u00dfen und Malen \u2013 Prinzessinnen\u201d von SES Creative kannst du wundersch\u00f6ne 3D-Gem\u00e4lde zum Thema Prinzessinnen gestalten. Gie\u00dfe selbst detailreiche Gipsfiguren, bemale sie in deinen Lieblingsfarben und befestige sie auf den Leinw\u00e4nden, um ein zauberhaftes Ergebnis zu erzielen. Perfekt f\u00fcr bastelbegeisterte M\u00e4dchen, die [&hellip;]\" \/>\n<meta property=\"og:url\" content=\"https:\/\/ses-creative.com\/de\/produkt\/giessen-und-anmalen-prinzessinnen-auf-leinwaenden-3x\/\" \/>\n<meta property=\"og:site_name\" content=\"SES Creative\" \/>\n<meta property=\"article:modified_time\" content=\"2026-02-06T09:51:18+00:00\" \/>\n<meta name=\"twitter:card\" content=\"summary_large_image\" \/>\n<meta name=\"twitter:label1\" content=\"Gesch\u00e4tzte Lesezeit\" \/>\n\t<meta name=\"twitter:data1\" content=\"1\u00a0Minute\" \/>\n<script type=\"application\/ld+json\" class=\"yoast-schema-graph\">{\"@context\":\"https:\/\/schema.org\",\"@graph\":[{\"@type\":\"WebPage\",\"@id\":\"https:\/\/ses-creative.com\/de\/produkt\/giessen-und-anmalen-prinzessinnen-auf-leinwaenden-3x\/\",\"url\":\"https:\/\/ses-creative.com\/de\/produkt\/giessen-und-anmalen-prinzessinnen-auf-leinwaenden-3x\/\",\"name\":\"Gie\u00dfen und anmalen - Prinzessinnen auf Leinw\u00e4nden 3x - SES Creative\",\"isPartOf\":{\"@id\":\"https:\/\/ses-creative.com\/#website\"},\"primaryImageOfPage\":{\"@id\":\"https:\/\/ses-creative.com\/de\/produkt\/giessen-und-anmalen-prinzessinnen-auf-leinwaenden-3x\/#primaryimage\"},\"image\":{\"@id\":\"https:\/\/ses-creative.com\/de\/produkt\/giessen-und-anmalen-prinzessinnen-auf-leinwaenden-3x\/#primaryimage\"},\"thumbnailUrl\":\"https:\/\/ses-creative.com\/wp-content\/uploads\/2026\/01\/013491.jpg\",\"datePublished\":\"2026-02-05T13:52:13+00:00\",\"dateModified\":\"2026-02-06T09:51:18+00:00\",\"breadcrumb\":{\"@id\":\"https:\/\/ses-creative.com\/de\/produkt\/giessen-und-anmalen-prinzessinnen-auf-leinwaenden-3x\/#breadcrumb\"},\"inLanguage\":\"de\",\"potentialAction\":[{\"@type\":\"ReadAction\",\"target\":[\"https:\/\/ses-creative.com\/de\/produkt\/giessen-und-anmalen-prinzessinnen-auf-leinwaenden-3x\/\"]}]},{\"@type\":\"ImageObject\",\"inLanguage\":\"de\",\"@id\":\"https:\/\/ses-creative.com\/de\/produkt\/giessen-und-anmalen-prinzessinnen-auf-leinwaenden-3x\/#primaryimage\",\"url\":\"https:\/\/ses-creative.com\/wp-content\/uploads\/2026\/01\/013491.jpg\",\"contentUrl\":\"https:\/\/ses-creative.com\/wp-content\/uploads\/2026\/01\/013491.jpg\",\"width\":1000,\"height\":1000},{\"@type\":\"BreadcrumbList\",\"@id\":\"https:\/\/ses-creative.com\/de\/produkt\/giessen-und-anmalen-prinzessinnen-auf-leinwaenden-3x\/#breadcrumb\",\"itemListElement\":[{\"@type\":\"ListItem\",\"position\":1,\"name\":\"Shop\",\"item\":\"https:\/\/ses-creative.com\/de\/shop\/\"},{\"@type\":\"ListItem\",\"position\":2,\"name\":\"Basteln\",\"item\":\"https:\/\/ses-creative.com\/de\/product-categorie\/basteln\/\"},{\"@type\":\"ListItem\",\"position\":3,\"name\":\"Gie\u00dfen und anmalen &#8211; Prinzessinnen auf Leinw\u00e4nden 3x\"}]},{\"@type\":\"WebSite\",\"@id\":\"https:\/\/ses-creative.com\/#website\",\"url\":\"https:\/\/ses-creative.com\/\",\"name\":\"SES Creative\",\"description\":\"\",\"publisher\":{\"@id\":\"https:\/\/ses-creative.com\/#organization\"},\"potentialAction\":[{\"@type\":\"SearchAction\",\"target\":{\"@type\":\"EntryPoint\",\"urlTemplate\":\"https:\/\/ses-creative.com\/?s={search_term_string}\"},\"query-input\":{\"@type\":\"PropertyValueSpecification\",\"valueRequired\":true,\"valueName\":\"search_term_string\"}}],\"inLanguage\":\"de\"},{\"@type\":\"Organization\",\"@id\":\"https:\/\/ses-creative.com\/#organization\",\"name\":\"SES Creative\",\"url\":\"https:\/\/ses-creative.com\/\",\"logo\":{\"@type\":\"ImageObject\",\"inLanguage\":\"de\",\"@id\":\"https:\/\/ses-creative.com\/#\/schema\/logo\/image\/\",\"url\":\"https:\/\/ses-creative.com\/wp-content\/uploads\/2025\/10\/ses-creative-logo.jpg\",\"contentUrl\":\"https:\/\/ses-creative.com\/wp-content\/uploads\/2025\/10\/ses-creative-logo.jpg\",\"width\":2037,\"height\":2037,\"caption\":\"SES Creative\"},\"image\":{\"@id\":\"https:\/\/ses-creative.com\/#\/schema\/logo\/image\/\"}}]}<\/script>\n<!-- \/ Yoast SEO plugin. -->","yoast_head_json":{"title":"Gie\u00dfen und anmalen - Prinzessinnen auf Leinw\u00e4nden 3x - SES Creative","robots":{"index":"index","follow":"follow","max-snippet":"max-snippet:-1","max-image-preview":"max-image-preview:large","max-video-preview":"max-video-preview:-1"},"canonical":"https:\/\/ses-creative.com\/de\/produkt\/giessen-und-anmalen-prinzessinnen-auf-leinwaenden-3x\/","og_locale":"de_DE","og_type":"article","og_title":"Gie\u00dfen und anmalen - Prinzessinnen auf Leinw\u00e4nden 3x - SES Creative","og_description":"Gie\u00dfen und Malen \u2013 Prinzessinnen: Deine eigene M\u00e4rchenkunst in 3D! Mit dem Set \u201eGie\u00dfen und Malen \u2013 Prinzessinnen\u201d von SES Creative kannst du wundersch\u00f6ne 3D-Gem\u00e4lde zum Thema Prinzessinnen gestalten. Gie\u00dfe selbst detailreiche Gipsfiguren, bemale sie in deinen Lieblingsfarben und befestige sie auf den Leinw\u00e4nden, um ein zauberhaftes Ergebnis zu erzielen. Perfekt f\u00fcr bastelbegeisterte M\u00e4dchen, die [&hellip;]","og_url":"https:\/\/ses-creative.com\/de\/produkt\/giessen-und-anmalen-prinzessinnen-auf-leinwaenden-3x\/","og_site_name":"SES Creative","article_modified_time":"2026-02-06T09:51:18+00:00","twitter_card":"summary_large_image","twitter_misc":{"Gesch\u00e4tzte Lesezeit":"1\u00a0Minute"},"schema":{"@context":"https:\/\/schema.org","@graph":[{"@type":"WebPage","@id":"https:\/\/ses-creative.com\/de\/produkt\/giessen-und-anmalen-prinzessinnen-auf-leinwaenden-3x\/","url":"https:\/\/ses-creative.com\/de\/produkt\/giessen-und-anmalen-prinzessinnen-auf-leinwaenden-3x\/","name":"Gie\u00dfen und anmalen - Prinzessinnen auf Leinw\u00e4nden 3x - SES Creative","isPartOf":{"@id":"https:\/\/ses-creative.com\/#website"},"primaryImageOfPage":{"@id":"https:\/\/ses-creative.com\/de\/produkt\/giessen-und-anmalen-prinzessinnen-auf-leinwaenden-3x\/#primaryimage"},"image":{"@id":"https:\/\/ses-creative.com\/de\/produkt\/giessen-und-anmalen-prinzessinnen-auf-leinwaenden-3x\/#primaryimage"},"thumbnailUrl":"https:\/\/ses-creative.com\/wp-content\/uploads\/2026\/01\/013491.jpg","datePublished":"2026-02-05T13:52:13+00:00","dateModified":"2026-02-06T09:51:18+00:00","breadcrumb":{"@id":"https:\/\/ses-creative.com\/de\/produkt\/giessen-und-anmalen-prinzessinnen-auf-leinwaenden-3x\/#breadcrumb"},"inLanguage":"de","potentialAction":[{"@type":"ReadAction","target":["https:\/\/ses-creative.com\/de\/produkt\/giessen-und-anmalen-prinzessinnen-auf-leinwaenden-3x\/"]}]},{"@type":"ImageObject","inLanguage":"de","@id":"https:\/\/ses-creative.com\/de\/produkt\/giessen-und-anmalen-prinzessinnen-auf-leinwaenden-3x\/#primaryimage","url":"https:\/\/ses-creative.com\/wp-content\/uploads\/2026\/01\/013491.jpg","contentUrl":"https:\/\/ses-creative.com\/wp-content\/uploads\/2026\/01\/013491.jpg","width":1000,"height":1000},{"@type":"BreadcrumbList","@id":"https:\/\/ses-creative.com\/de\/produkt\/giessen-und-anmalen-prinzessinnen-auf-leinwaenden-3x\/#breadcrumb","itemListElement":[{"@type":"ListItem","position":1,"name":"Shop","item":"https:\/\/ses-creative.com\/de\/shop\/"},{"@type":"ListItem","position":2,"name":"Basteln","item":"https:\/\/ses-creative.com\/de\/product-categorie\/basteln\/"},{"@type":"ListItem","position":3,"name":"Gie\u00dfen und anmalen &#8211; Prinzessinnen auf Leinw\u00e4nden 3x"}]},{"@type":"WebSite","@id":"https:\/\/ses-creative.com\/#website","url":"https:\/\/ses-creative.com\/","name":"SES Creative","description":"","publisher":{"@id":"https:\/\/ses-creative.com\/#organization"},"potentialAction":[{"@type":"SearchAction","target":{"@type":"EntryPoint","urlTemplate":"https:\/\/ses-creative.com\/?s={search_term_string}"},"query-input":{"@type":"PropertyValueSpecification","valueRequired":true,"valueName":"search_term_string"}}],"inLanguage":"de"},{"@type":"Organization","@id":"https:\/\/ses-creative.com\/#organization","name":"SES Creative","url":"https:\/\/ses-creative.com\/","logo":{"@type":"ImageObject","inLanguage":"de","@id":"https:\/\/ses-creative.com\/#\/schema\/logo\/image\/","url":"https:\/\/ses-creative.com\/wp-content\/uploads\/2025\/10\/ses-creative-logo.jpg","contentUrl":"https:\/\/ses-creative.com\/wp-content\/uploads\/2025\/10\/ses-creative-logo.jpg","width":2037,"height":2037,"caption":"SES Creative"},"image":{"@id":"https:\/\/ses-creative.com\/#\/schema\/logo\/image\/"}}]}},"_links":{"self":[{"href":"https:\/\/ses-creative.com\/de\/wp-json\/wp\/v2\/product\/114459","targetHints":{"allow":["GET"]}}],"collection":[{"href":"https:\/\/ses-creative.com\/de\/wp-json\/wp\/v2\/product"}],"about":[{"href":"https:\/\/ses-creative.com\/de\/wp-json\/wp\/v2\/types\/product"}],"replies":[{"embeddable":true,"href":"https:\/\/ses-creative.com\/de\/wp-json\/wp\/v2\/comments?post=114459"}],"wp:featuredmedia":[{"embeddable":true,"href":"https:\/\/ses-creative.com\/de\/wp-json\/wp\/v2\/media\/98688"}],"wp:attachment":[{"href":"https:\/\/ses-creative.com\/de\/wp-json\/wp\/v2\/media?parent=114459"}],"wp:term":[{"taxonomy":"product_brand","embeddable":true,"href":"https:\/\/ses-creative.com\/de\/wp-json\/wp\/v2\/product_brand?post=114459"},{"taxonomy":"product_cat","embeddable":true,"href":"https:\/\/ses-creative.com\/de\/wp-json\/wp\/v2\/product_cat?post=114459"},{"taxonomy":"product_tag","embeddable":true,"href":"https:\/\/ses-creative.com\/de\/wp-json\/wp\/v2\/product_tag?post=114459"}],"curies":[{"name":"wp","href":"https:\/\/api.w.org\/{rel}","templated":true}]}}