











{"id":114457,"date":"2026-02-05T13:52:13","date_gmt":"2026-02-05T13:52:13","guid":{"rendered":"https:\/\/ses-creative.com\/?post_type=product&#038;p=114457"},"modified":"2026-02-06T09:51:18","modified_gmt":"2026-02-06T09:51:18","slug":"giessen-und-anmalen-baby-einhoerner","status":"publish","type":"product","link":"https:\/\/ses-creative.com\/de\/produkt\/giessen-und-anmalen-baby-einhoerner\/","title":{"rendered":"Gie\u00dfen und anmalen &#8211; Baby-Einh\u00f6rner"},"content":{"rendered":"<p>Gie\u00dfen und Malen \u2013 Baby Unicorns: Lassen Sie Magie und Kreativit\u00e4t zusammenkommen!<\/p>\n<p>Mit dem Set \u201eGie\u00dfen und Bemalen \u2013 Baby-Einh\u00f6rner\u201c von SES Creative erweckst du deine eigene Einhornwelt zum Leben. Gie\u00dfe den Gips in die Form und bemale anschlie\u00dfend die niedlichen Baby-Einh\u00f6rner ganz nach deinen Vorstellungen. Dieses Set ist perfekt f\u00fcr bastelbegeisterte M\u00e4dchen, die Fantasiefiguren lieben und ihre eigenen magischen Tiere kreieren m\u00f6chten.<\/p>\n<p>Was dieses Set so toll macht<\/p>\n<p>Einhorn-Thema f\u00fcr bezaubernde Kreationen<br \/>\nGussform mit verschiedenen Formen f\u00fcr niedliche Figuren<br \/>\nInklusive 6 Farben Farbe und Pinsel<br \/>\nF\u00f6rdert die Feinmotorik und Fantasie<br \/>\nIdeal zum Basteln f\u00fcr M\u00e4dchen ab 5 Jahren<\/p>\n<p>Ein magischer Moment voller Fantasie<br \/>\nF\u00fcr bastelbegeisterte M\u00e4dchen ist dieses Set ein kreativer Traum. Sie k\u00f6nnen ihre eigenen Baby-Einh\u00f6rner entwerfen und in ihren Lieblingsfarben bemalen. Jedes Einhorn ist einzigartig und Teil ihrer eigenen Fantasiewelt. Basteln macht damit nicht nur Spa\u00df, sondern ist auch eine M\u00f6glichkeit, stolz auf das zu sein, was man selbst geschaffen hat.<\/p>\n<p>Inhalt des Sets<\/p>\n<p>Gips<br \/>\nGussform mit verschiedenen Formen<br \/>\n6 Farben Farbe<br \/>\nPinsel<br \/>\nAnleitung<\/p>\n<p>Warum SES Creative w\u00e4hlen?<br \/>\nBei SES Creative legen wir gro\u00dfen Wert auf Sicherheit. Deshalb werden die Produkte in unserem Werk in den Niederlanden nach den strengsten europ\u00e4ischen Sicherheitsnormen hergestellt und getestet. Spielzeug von SES Creative macht Spa\u00df und soll Kindern ein Gef\u00fchl des Stolzes auf ihre Arbeit vermitteln, was ihre Kreativit\u00e4t und Entwicklung f\u00f6rdert.<\/p>\n<p>Beginnen Sie noch heute Ihr Einhorn-Abenteuer<br \/>\nMit dem Set \u201eGie\u00dfen und Malen \u2013 Baby-Einh\u00f6rner\u201d entdecken M\u00e4dchen, wie viel Spa\u00df es macht, ihre eigenen magischen Freunde zu basteln. Eine ideale Bastelaktivit\u00e4t f\u00fcr zu Hause, Partys oder einen kreativen Nachmittag mit Freundinnen!<\/p>\n","protected":false},"excerpt":{"rendered":"<p>Gie\u00dfen und Malen \u2013 Baby Unicorns: Lassen Sie Magie und Kreativit\u00e4t zusammenkommen! Mit dem Set \u201eGie\u00dfen und Bemalen \u2013 Baby-Einh\u00f6rner\u201c von SES Creative erweckst du deine eigene Einhornwelt zum Leben. Gie\u00dfe den Gips in die Form und bemale anschlie\u00dfend die niedlichen Baby-Einh\u00f6rner ganz nach deinen Vorstellungen. Dieses Set ist perfekt f\u00fcr bastelbegeisterte M\u00e4dchen, die Fantasiefiguren [&hellip;]<\/p>\n","protected":false},"featured_media":98648,"comment_status":"closed","ping_status":"closed","template":"","meta":{"_acf_changed":false},"product_brand":[],"product_cat":[115],"product_tag":[],"class_list":{"0":"post-114457","1":"product","2":"type-product","3":"status-publish","4":"has-post-thumbnail","6":"product_cat-basteln","7":"pa_leeftijd-filter-4-6-jahre","8":"pa_meest-populair-bij-maedchen","10":"first","11":"instock","12":"shipping-taxable","13":"product-type-simple"},"acf":[],"yoast_head":"<!-- This site is optimized with the Yoast SEO plugin v27.2 - https:\/\/yoast.com\/product\/yoast-seo-wordpress\/ -->\n<title>Gie\u00dfen und anmalen - Baby-Einh\u00f6rner - SES Creative<\/title>\n<meta name=\"robots\" content=\"index, follow, max-snippet:-1, max-image-preview:large, max-video-preview:-1\" \/>\n<link rel=\"canonical\" href=\"https:\/\/ses-creative.com\/de\/produkt\/giessen-und-anmalen-baby-einhoerner\/\" \/>\n<meta property=\"og:locale\" content=\"de_DE\" \/>\n<meta property=\"og:type\" content=\"article\" \/>\n<meta property=\"og:title\" content=\"Gie\u00dfen und anmalen - Baby-Einh\u00f6rner - SES Creative\" \/>\n<meta property=\"og:description\" content=\"Gie\u00dfen und Malen \u2013 Baby Unicorns: Lassen Sie Magie und Kreativit\u00e4t zusammenkommen! Mit dem Set \u201eGie\u00dfen und Bemalen \u2013 Baby-Einh\u00f6rner\u201c von SES Creative erweckst du deine eigene Einhornwelt zum Leben. Gie\u00dfe den Gips in die Form und bemale anschlie\u00dfend die niedlichen Baby-Einh\u00f6rner ganz nach deinen Vorstellungen. Dieses Set ist perfekt f\u00fcr bastelbegeisterte M\u00e4dchen, die Fantasiefiguren [&hellip;]\" \/>\n<meta property=\"og:url\" content=\"https:\/\/ses-creative.com\/de\/produkt\/giessen-und-anmalen-baby-einhoerner\/\" \/>\n<meta property=\"og:site_name\" content=\"SES Creative\" \/>\n<meta property=\"article:modified_time\" content=\"2026-02-06T09:51:18+00:00\" \/>\n<meta name=\"twitter:card\" content=\"summary_large_image\" \/>\n<meta name=\"twitter:label1\" content=\"Gesch\u00e4tzte Lesezeit\" \/>\n\t<meta name=\"twitter:data1\" content=\"1\u00a0Minute\" \/>\n<script type=\"application\/ld+json\" class=\"yoast-schema-graph\">{\"@context\":\"https:\/\/schema.org\",\"@graph\":[{\"@type\":\"WebPage\",\"@id\":\"https:\/\/ses-creative.com\/de\/produkt\/giessen-und-anmalen-baby-einhoerner\/\",\"url\":\"https:\/\/ses-creative.com\/de\/produkt\/giessen-und-anmalen-baby-einhoerner\/\",\"name\":\"Gie\u00dfen und anmalen - Baby-Einh\u00f6rner - SES Creative\",\"isPartOf\":{\"@id\":\"https:\/\/ses-creative.com\/#website\"},\"primaryImageOfPage\":{\"@id\":\"https:\/\/ses-creative.com\/de\/produkt\/giessen-und-anmalen-baby-einhoerner\/#primaryimage\"},\"image\":{\"@id\":\"https:\/\/ses-creative.com\/de\/produkt\/giessen-und-anmalen-baby-einhoerner\/#primaryimage\"},\"thumbnailUrl\":\"https:\/\/ses-creative.com\/wp-content\/uploads\/2026\/01\/013411.jpg\",\"datePublished\":\"2026-02-05T13:52:13+00:00\",\"dateModified\":\"2026-02-06T09:51:18+00:00\",\"breadcrumb\":{\"@id\":\"https:\/\/ses-creative.com\/de\/produkt\/giessen-und-anmalen-baby-einhoerner\/#breadcrumb\"},\"inLanguage\":\"de\",\"potentialAction\":[{\"@type\":\"ReadAction\",\"target\":[\"https:\/\/ses-creative.com\/de\/produkt\/giessen-und-anmalen-baby-einhoerner\/\"]}]},{\"@type\":\"ImageObject\",\"inLanguage\":\"de\",\"@id\":\"https:\/\/ses-creative.com\/de\/produkt\/giessen-und-anmalen-baby-einhoerner\/#primaryimage\",\"url\":\"https:\/\/ses-creative.com\/wp-content\/uploads\/2026\/01\/013411.jpg\",\"contentUrl\":\"https:\/\/ses-creative.com\/wp-content\/uploads\/2026\/01\/013411.jpg\",\"width\":1000,\"height\":1000},{\"@type\":\"BreadcrumbList\",\"@id\":\"https:\/\/ses-creative.com\/de\/produkt\/giessen-und-anmalen-baby-einhoerner\/#breadcrumb\",\"itemListElement\":[{\"@type\":\"ListItem\",\"position\":1,\"name\":\"Shop\",\"item\":\"https:\/\/ses-creative.com\/de\/shop\/\"},{\"@type\":\"ListItem\",\"position\":2,\"name\":\"Basteln\",\"item\":\"https:\/\/ses-creative.com\/de\/product-categorie\/basteln\/\"},{\"@type\":\"ListItem\",\"position\":3,\"name\":\"Gie\u00dfen und anmalen &#8211; Baby-Einh\u00f6rner\"}]},{\"@type\":\"WebSite\",\"@id\":\"https:\/\/ses-creative.com\/#website\",\"url\":\"https:\/\/ses-creative.com\/\",\"name\":\"SES Creative\",\"description\":\"\",\"publisher\":{\"@id\":\"https:\/\/ses-creative.com\/#organization\"},\"potentialAction\":[{\"@type\":\"SearchAction\",\"target\":{\"@type\":\"EntryPoint\",\"urlTemplate\":\"https:\/\/ses-creative.com\/?s={search_term_string}\"},\"query-input\":{\"@type\":\"PropertyValueSpecification\",\"valueRequired\":true,\"valueName\":\"search_term_string\"}}],\"inLanguage\":\"de\"},{\"@type\":\"Organization\",\"@id\":\"https:\/\/ses-creative.com\/#organization\",\"name\":\"SES Creative\",\"url\":\"https:\/\/ses-creative.com\/\",\"logo\":{\"@type\":\"ImageObject\",\"inLanguage\":\"de\",\"@id\":\"https:\/\/ses-creative.com\/#\/schema\/logo\/image\/\",\"url\":\"https:\/\/ses-creative.com\/wp-content\/uploads\/2025\/10\/ses-creative-logo.jpg\",\"contentUrl\":\"https:\/\/ses-creative.com\/wp-content\/uploads\/2025\/10\/ses-creative-logo.jpg\",\"width\":2037,\"height\":2037,\"caption\":\"SES Creative\"},\"image\":{\"@id\":\"https:\/\/ses-creative.com\/#\/schema\/logo\/image\/\"}}]}<\/script>\n<!-- \/ Yoast SEO plugin. -->","yoast_head_json":{"title":"Gie\u00dfen und anmalen - Baby-Einh\u00f6rner - SES Creative","robots":{"index":"index","follow":"follow","max-snippet":"max-snippet:-1","max-image-preview":"max-image-preview:large","max-video-preview":"max-video-preview:-1"},"canonical":"https:\/\/ses-creative.com\/de\/produkt\/giessen-und-anmalen-baby-einhoerner\/","og_locale":"de_DE","og_type":"article","og_title":"Gie\u00dfen und anmalen - Baby-Einh\u00f6rner - SES Creative","og_description":"Gie\u00dfen und Malen \u2013 Baby Unicorns: Lassen Sie Magie und Kreativit\u00e4t zusammenkommen! Mit dem Set \u201eGie\u00dfen und Bemalen \u2013 Baby-Einh\u00f6rner\u201c von SES Creative erweckst du deine eigene Einhornwelt zum Leben. Gie\u00dfe den Gips in die Form und bemale anschlie\u00dfend die niedlichen Baby-Einh\u00f6rner ganz nach deinen Vorstellungen. Dieses Set ist perfekt f\u00fcr bastelbegeisterte M\u00e4dchen, die Fantasiefiguren [&hellip;]","og_url":"https:\/\/ses-creative.com\/de\/produkt\/giessen-und-anmalen-baby-einhoerner\/","og_site_name":"SES Creative","article_modified_time":"2026-02-06T09:51:18+00:00","twitter_card":"summary_large_image","twitter_misc":{"Gesch\u00e4tzte Lesezeit":"1\u00a0Minute"},"schema":{"@context":"https:\/\/schema.org","@graph":[{"@type":"WebPage","@id":"https:\/\/ses-creative.com\/de\/produkt\/giessen-und-anmalen-baby-einhoerner\/","url":"https:\/\/ses-creative.com\/de\/produkt\/giessen-und-anmalen-baby-einhoerner\/","name":"Gie\u00dfen und anmalen - Baby-Einh\u00f6rner - SES Creative","isPartOf":{"@id":"https:\/\/ses-creative.com\/#website"},"primaryImageOfPage":{"@id":"https:\/\/ses-creative.com\/de\/produkt\/giessen-und-anmalen-baby-einhoerner\/#primaryimage"},"image":{"@id":"https:\/\/ses-creative.com\/de\/produkt\/giessen-und-anmalen-baby-einhoerner\/#primaryimage"},"thumbnailUrl":"https:\/\/ses-creative.com\/wp-content\/uploads\/2026\/01\/013411.jpg","datePublished":"2026-02-05T13:52:13+00:00","dateModified":"2026-02-06T09:51:18+00:00","breadcrumb":{"@id":"https:\/\/ses-creative.com\/de\/produkt\/giessen-und-anmalen-baby-einhoerner\/#breadcrumb"},"inLanguage":"de","potentialAction":[{"@type":"ReadAction","target":["https:\/\/ses-creative.com\/de\/produkt\/giessen-und-anmalen-baby-einhoerner\/"]}]},{"@type":"ImageObject","inLanguage":"de","@id":"https:\/\/ses-creative.com\/de\/produkt\/giessen-und-anmalen-baby-einhoerner\/#primaryimage","url":"https:\/\/ses-creative.com\/wp-content\/uploads\/2026\/01\/013411.jpg","contentUrl":"https:\/\/ses-creative.com\/wp-content\/uploads\/2026\/01\/013411.jpg","width":1000,"height":1000},{"@type":"BreadcrumbList","@id":"https:\/\/ses-creative.com\/de\/produkt\/giessen-und-anmalen-baby-einhoerner\/#breadcrumb","itemListElement":[{"@type":"ListItem","position":1,"name":"Shop","item":"https:\/\/ses-creative.com\/de\/shop\/"},{"@type":"ListItem","position":2,"name":"Basteln","item":"https:\/\/ses-creative.com\/de\/product-categorie\/basteln\/"},{"@type":"ListItem","position":3,"name":"Gie\u00dfen und anmalen &#8211; Baby-Einh\u00f6rner"}]},{"@type":"WebSite","@id":"https:\/\/ses-creative.com\/#website","url":"https:\/\/ses-creative.com\/","name":"SES Creative","description":"","publisher":{"@id":"https:\/\/ses-creative.com\/#organization"},"potentialAction":[{"@type":"SearchAction","target":{"@type":"EntryPoint","urlTemplate":"https:\/\/ses-creative.com\/?s={search_term_string}"},"query-input":{"@type":"PropertyValueSpecification","valueRequired":true,"valueName":"search_term_string"}}],"inLanguage":"de"},{"@type":"Organization","@id":"https:\/\/ses-creative.com\/#organization","name":"SES Creative","url":"https:\/\/ses-creative.com\/","logo":{"@type":"ImageObject","inLanguage":"de","@id":"https:\/\/ses-creative.com\/#\/schema\/logo\/image\/","url":"https:\/\/ses-creative.com\/wp-content\/uploads\/2025\/10\/ses-creative-logo.jpg","contentUrl":"https:\/\/ses-creative.com\/wp-content\/uploads\/2025\/10\/ses-creative-logo.jpg","width":2037,"height":2037,"caption":"SES Creative"},"image":{"@id":"https:\/\/ses-creative.com\/#\/schema\/logo\/image\/"}}]}},"_links":{"self":[{"href":"https:\/\/ses-creative.com\/de\/wp-json\/wp\/v2\/product\/114457","targetHints":{"allow":["GET"]}}],"collection":[{"href":"https:\/\/ses-creative.com\/de\/wp-json\/wp\/v2\/product"}],"about":[{"href":"https:\/\/ses-creative.com\/de\/wp-json\/wp\/v2\/types\/product"}],"replies":[{"embeddable":true,"href":"https:\/\/ses-creative.com\/de\/wp-json\/wp\/v2\/comments?post=114457"}],"wp:featuredmedia":[{"embeddable":true,"href":"https:\/\/ses-creative.com\/de\/wp-json\/wp\/v2\/media\/98648"}],"wp:attachment":[{"href":"https:\/\/ses-creative.com\/de\/wp-json\/wp\/v2\/media?parent=114457"}],"wp:term":[{"taxonomy":"product_brand","embeddable":true,"href":"https:\/\/ses-creative.com\/de\/wp-json\/wp\/v2\/product_brand?post=114457"},{"taxonomy":"product_cat","embeddable":true,"href":"https:\/\/ses-creative.com\/de\/wp-json\/wp\/v2\/product_cat?post=114457"},{"taxonomy":"product_tag","embeddable":true,"href":"https:\/\/ses-creative.com\/de\/wp-json\/wp\/v2\/product_tag?post=114457"}],"curies":[{"name":"wp","href":"https:\/\/api.w.org\/{rel}","templated":true}]}}