











{"id":114454,"date":"2026-02-05T13:52:13","date_gmt":"2026-02-05T13:52:13","guid":{"rendered":"https:\/\/ses-creative.com\/?post_type=product&#038;p=114454"},"modified":"2026-02-06T09:51:17","modified_gmt":"2026-02-06T09:51:17","slug":"giessen-und-anmalen-dino-fantasie","status":"publish","type":"product","link":"https:\/\/ses-creative.com\/de\/produkt\/giessen-und-anmalen-dino-fantasie\/","title":{"rendered":"Gie\u00dfen und anmalen &#8211; Dino-Fantasie"},"content":{"rendered":"<p>Erschaffe fantastische Dinosaurier mit Gips und Farbe!<\/p>\n<p>Mit dem Set \u201eGie\u00dfen und Bemalen \u2013 Dino-Fantasie\u201d von SES Creative kannst du selbst coole Dinos aus Gips basteln. Verwende die detaillierten Gussformen, gie\u00dfe den Gips ein und lass ihn trocknen. Anschlie\u00dfend bemalst du deine Kreationen mit der speziellen Leuchtfarbe, damit deine Dinosaurier im Dunkeln leuchten. Ein Riesenspa\u00df f\u00fcr junge Dino-Fans, die gerne basteln!<\/p>\n<p>Inhalt der Verpackung:<\/p>\n<p>Gussform Dinosaurier<\/p>\n<p>300 Gramm Modellgips<\/p>\n<p>Spatel<\/p>\n<p>Glow-in-the-Dark-Farbe<\/p>\n<p>Pinsel<\/p>\n<p>Anleitung<\/p>\n<p>Warum sollten Sie sich f\u00fcr dieses Set entscheiden?<\/p>\n<p>Glow-in-the-Dark-Farbe f\u00fcr einen magischen Effekt<\/p>\n<p>Erstellen Sie detaillierte Dinosaurierfiguren<\/p>\n<p>F\u00f6rdert Kreativit\u00e4t und Feinmotorik<\/p>\n<p>Schnelltrocknender Gips f\u00fcr schnelle Ergebnisse<\/p>\n<p>Geeignet f\u00fcr Kinder ab 5 Jahren<\/p>\n<p>Baue und bemale deine eigenen Dinosaurier<br \/>\nMit diesem Set k\u00f6nnen Kinder ihrer Fantasie freien Lauf lassen und selbst coole Dinosaurier basteln. Dank der im Dunkeln leuchtenden Farbe werden die Dinosaurier im Dunkeln richtig lebendig \u2013 eine einzigartige und spannende Erg\u00e4nzung zu ihren Kreationen.<\/p>\n<p>Leg noch heute los!<br \/>\nEntdecken Sie mit diesem Dino-Fantasie-Set von SES Creative, wie viel Spa\u00df das Gie\u00dfen und Bemalen von Gips macht. Perfekt f\u00fcr stundenlangen kreativen Spielspa\u00df und eine gro\u00dfartige Wahl f\u00fcr kleine Dino-Fans.<\/p>\n","protected":false},"excerpt":{"rendered":"<p>Erschaffe fantastische Dinosaurier mit Gips und Farbe! Mit dem Set \u201eGie\u00dfen und Bemalen \u2013 Dino-Fantasie\u201d von SES Creative kannst du selbst coole Dinos aus Gips basteln. Verwende die detaillierten Gussformen, gie\u00dfe den Gips ein und lass ihn trocknen. Anschlie\u00dfend bemalst du deine Kreationen mit der speziellen Leuchtfarbe, damit deine Dinosaurier im Dunkeln leuchten. Ein Riesenspa\u00df [&hellip;]<\/p>\n","protected":false},"featured_media":93632,"comment_status":"closed","ping_status":"closed","template":"","meta":{"_acf_changed":false},"product_brand":[],"product_cat":[115],"product_tag":[],"class_list":{"0":"post-114454","1":"product","2":"type-product","3":"status-publish","4":"has-post-thumbnail","6":"product_cat-basteln","7":"pa_leeftijd-filter-4-6-jahre","8":"pa_meest-populair-bij-jungen-maedchen","10":"first","11":"instock","12":"shipping-taxable","13":"product-type-simple"},"acf":[],"yoast_head":"<!-- This site is optimized with the Yoast SEO plugin v27.2 - https:\/\/yoast.com\/product\/yoast-seo-wordpress\/ -->\n<title>Gie\u00dfen und anmalen - Dino-Fantasie - SES Creative<\/title>\n<meta name=\"robots\" content=\"index, follow, max-snippet:-1, max-image-preview:large, max-video-preview:-1\" \/>\n<link rel=\"canonical\" href=\"https:\/\/ses-creative.com\/de\/produkt\/giessen-und-anmalen-dino-fantasie\/\" \/>\n<meta property=\"og:locale\" content=\"de_DE\" \/>\n<meta property=\"og:type\" content=\"article\" \/>\n<meta property=\"og:title\" content=\"Gie\u00dfen und anmalen - Dino-Fantasie - SES Creative\" \/>\n<meta property=\"og:description\" content=\"Erschaffe fantastische Dinosaurier mit Gips und Farbe! Mit dem Set \u201eGie\u00dfen und Bemalen \u2013 Dino-Fantasie\u201d von SES Creative kannst du selbst coole Dinos aus Gips basteln. Verwende die detaillierten Gussformen, gie\u00dfe den Gips ein und lass ihn trocknen. Anschlie\u00dfend bemalst du deine Kreationen mit der speziellen Leuchtfarbe, damit deine Dinosaurier im Dunkeln leuchten. Ein Riesenspa\u00df [&hellip;]\" \/>\n<meta property=\"og:url\" content=\"https:\/\/ses-creative.com\/de\/produkt\/giessen-und-anmalen-dino-fantasie\/\" \/>\n<meta property=\"og:site_name\" content=\"SES Creative\" \/>\n<meta property=\"article:modified_time\" content=\"2026-02-06T09:51:17+00:00\" \/>\n<meta name=\"twitter:card\" content=\"summary_large_image\" \/>\n<meta name=\"twitter:label1\" content=\"Gesch\u00e4tzte Lesezeit\" \/>\n\t<meta name=\"twitter:data1\" content=\"1\u00a0Minute\" \/>\n<script type=\"application\/ld+json\" class=\"yoast-schema-graph\">{\"@context\":\"https:\/\/schema.org\",\"@graph\":[{\"@type\":\"WebPage\",\"@id\":\"https:\/\/ses-creative.com\/de\/produkt\/giessen-und-anmalen-dino-fantasie\/\",\"url\":\"https:\/\/ses-creative.com\/de\/produkt\/giessen-und-anmalen-dino-fantasie\/\",\"name\":\"Gie\u00dfen und anmalen - Dino-Fantasie - SES Creative\",\"isPartOf\":{\"@id\":\"https:\/\/ses-creative.com\/#website\"},\"primaryImageOfPage\":{\"@id\":\"https:\/\/ses-creative.com\/de\/produkt\/giessen-und-anmalen-dino-fantasie\/#primaryimage\"},\"image\":{\"@id\":\"https:\/\/ses-creative.com\/de\/produkt\/giessen-und-anmalen-dino-fantasie\/#primaryimage\"},\"thumbnailUrl\":\"https:\/\/ses-creative.com\/wp-content\/uploads\/2026\/01\/012921.jpg\",\"datePublished\":\"2026-02-05T13:52:13+00:00\",\"dateModified\":\"2026-02-06T09:51:17+00:00\",\"breadcrumb\":{\"@id\":\"https:\/\/ses-creative.com\/de\/produkt\/giessen-und-anmalen-dino-fantasie\/#breadcrumb\"},\"inLanguage\":\"de\",\"potentialAction\":[{\"@type\":\"ReadAction\",\"target\":[\"https:\/\/ses-creative.com\/de\/produkt\/giessen-und-anmalen-dino-fantasie\/\"]}]},{\"@type\":\"ImageObject\",\"inLanguage\":\"de\",\"@id\":\"https:\/\/ses-creative.com\/de\/produkt\/giessen-und-anmalen-dino-fantasie\/#primaryimage\",\"url\":\"https:\/\/ses-creative.com\/wp-content\/uploads\/2026\/01\/012921.jpg\",\"contentUrl\":\"https:\/\/ses-creative.com\/wp-content\/uploads\/2026\/01\/012921.jpg\",\"width\":1000,\"height\":1000},{\"@type\":\"BreadcrumbList\",\"@id\":\"https:\/\/ses-creative.com\/de\/produkt\/giessen-und-anmalen-dino-fantasie\/#breadcrumb\",\"itemListElement\":[{\"@type\":\"ListItem\",\"position\":1,\"name\":\"Shop\",\"item\":\"https:\/\/ses-creative.com\/de\/shop\/\"},{\"@type\":\"ListItem\",\"position\":2,\"name\":\"Basteln\",\"item\":\"https:\/\/ses-creative.com\/de\/product-categorie\/basteln\/\"},{\"@type\":\"ListItem\",\"position\":3,\"name\":\"Gie\u00dfen und anmalen &#8211; Dino-Fantasie\"}]},{\"@type\":\"WebSite\",\"@id\":\"https:\/\/ses-creative.com\/#website\",\"url\":\"https:\/\/ses-creative.com\/\",\"name\":\"SES Creative\",\"description\":\"\",\"publisher\":{\"@id\":\"https:\/\/ses-creative.com\/#organization\"},\"potentialAction\":[{\"@type\":\"SearchAction\",\"target\":{\"@type\":\"EntryPoint\",\"urlTemplate\":\"https:\/\/ses-creative.com\/?s={search_term_string}\"},\"query-input\":{\"@type\":\"PropertyValueSpecification\",\"valueRequired\":true,\"valueName\":\"search_term_string\"}}],\"inLanguage\":\"de\"},{\"@type\":\"Organization\",\"@id\":\"https:\/\/ses-creative.com\/#organization\",\"name\":\"SES Creative\",\"url\":\"https:\/\/ses-creative.com\/\",\"logo\":{\"@type\":\"ImageObject\",\"inLanguage\":\"de\",\"@id\":\"https:\/\/ses-creative.com\/#\/schema\/logo\/image\/\",\"url\":\"https:\/\/ses-creative.com\/wp-content\/uploads\/2025\/10\/ses-creative-logo.jpg\",\"contentUrl\":\"https:\/\/ses-creative.com\/wp-content\/uploads\/2025\/10\/ses-creative-logo.jpg\",\"width\":2037,\"height\":2037,\"caption\":\"SES Creative\"},\"image\":{\"@id\":\"https:\/\/ses-creative.com\/#\/schema\/logo\/image\/\"}}]}<\/script>\n<!-- \/ Yoast SEO plugin. -->","yoast_head_json":{"title":"Gie\u00dfen und anmalen - Dino-Fantasie - SES Creative","robots":{"index":"index","follow":"follow","max-snippet":"max-snippet:-1","max-image-preview":"max-image-preview:large","max-video-preview":"max-video-preview:-1"},"canonical":"https:\/\/ses-creative.com\/de\/produkt\/giessen-und-anmalen-dino-fantasie\/","og_locale":"de_DE","og_type":"article","og_title":"Gie\u00dfen und anmalen - Dino-Fantasie - SES Creative","og_description":"Erschaffe fantastische Dinosaurier mit Gips und Farbe! Mit dem Set \u201eGie\u00dfen und Bemalen \u2013 Dino-Fantasie\u201d von SES Creative kannst du selbst coole Dinos aus Gips basteln. Verwende die detaillierten Gussformen, gie\u00dfe den Gips ein und lass ihn trocknen. Anschlie\u00dfend bemalst du deine Kreationen mit der speziellen Leuchtfarbe, damit deine Dinosaurier im Dunkeln leuchten. Ein Riesenspa\u00df [&hellip;]","og_url":"https:\/\/ses-creative.com\/de\/produkt\/giessen-und-anmalen-dino-fantasie\/","og_site_name":"SES Creative","article_modified_time":"2026-02-06T09:51:17+00:00","twitter_card":"summary_large_image","twitter_misc":{"Gesch\u00e4tzte Lesezeit":"1\u00a0Minute"},"schema":{"@context":"https:\/\/schema.org","@graph":[{"@type":"WebPage","@id":"https:\/\/ses-creative.com\/de\/produkt\/giessen-und-anmalen-dino-fantasie\/","url":"https:\/\/ses-creative.com\/de\/produkt\/giessen-und-anmalen-dino-fantasie\/","name":"Gie\u00dfen und anmalen - Dino-Fantasie - SES Creative","isPartOf":{"@id":"https:\/\/ses-creative.com\/#website"},"primaryImageOfPage":{"@id":"https:\/\/ses-creative.com\/de\/produkt\/giessen-und-anmalen-dino-fantasie\/#primaryimage"},"image":{"@id":"https:\/\/ses-creative.com\/de\/produkt\/giessen-und-anmalen-dino-fantasie\/#primaryimage"},"thumbnailUrl":"https:\/\/ses-creative.com\/wp-content\/uploads\/2026\/01\/012921.jpg","datePublished":"2026-02-05T13:52:13+00:00","dateModified":"2026-02-06T09:51:17+00:00","breadcrumb":{"@id":"https:\/\/ses-creative.com\/de\/produkt\/giessen-und-anmalen-dino-fantasie\/#breadcrumb"},"inLanguage":"de","potentialAction":[{"@type":"ReadAction","target":["https:\/\/ses-creative.com\/de\/produkt\/giessen-und-anmalen-dino-fantasie\/"]}]},{"@type":"ImageObject","inLanguage":"de","@id":"https:\/\/ses-creative.com\/de\/produkt\/giessen-und-anmalen-dino-fantasie\/#primaryimage","url":"https:\/\/ses-creative.com\/wp-content\/uploads\/2026\/01\/012921.jpg","contentUrl":"https:\/\/ses-creative.com\/wp-content\/uploads\/2026\/01\/012921.jpg","width":1000,"height":1000},{"@type":"BreadcrumbList","@id":"https:\/\/ses-creative.com\/de\/produkt\/giessen-und-anmalen-dino-fantasie\/#breadcrumb","itemListElement":[{"@type":"ListItem","position":1,"name":"Shop","item":"https:\/\/ses-creative.com\/de\/shop\/"},{"@type":"ListItem","position":2,"name":"Basteln","item":"https:\/\/ses-creative.com\/de\/product-categorie\/basteln\/"},{"@type":"ListItem","position":3,"name":"Gie\u00dfen und anmalen &#8211; Dino-Fantasie"}]},{"@type":"WebSite","@id":"https:\/\/ses-creative.com\/#website","url":"https:\/\/ses-creative.com\/","name":"SES Creative","description":"","publisher":{"@id":"https:\/\/ses-creative.com\/#organization"},"potentialAction":[{"@type":"SearchAction","target":{"@type":"EntryPoint","urlTemplate":"https:\/\/ses-creative.com\/?s={search_term_string}"},"query-input":{"@type":"PropertyValueSpecification","valueRequired":true,"valueName":"search_term_string"}}],"inLanguage":"de"},{"@type":"Organization","@id":"https:\/\/ses-creative.com\/#organization","name":"SES Creative","url":"https:\/\/ses-creative.com\/","logo":{"@type":"ImageObject","inLanguage":"de","@id":"https:\/\/ses-creative.com\/#\/schema\/logo\/image\/","url":"https:\/\/ses-creative.com\/wp-content\/uploads\/2025\/10\/ses-creative-logo.jpg","contentUrl":"https:\/\/ses-creative.com\/wp-content\/uploads\/2025\/10\/ses-creative-logo.jpg","width":2037,"height":2037,"caption":"SES Creative"},"image":{"@id":"https:\/\/ses-creative.com\/#\/schema\/logo\/image\/"}}]}},"_links":{"self":[{"href":"https:\/\/ses-creative.com\/de\/wp-json\/wp\/v2\/product\/114454","targetHints":{"allow":["GET"]}}],"collection":[{"href":"https:\/\/ses-creative.com\/de\/wp-json\/wp\/v2\/product"}],"about":[{"href":"https:\/\/ses-creative.com\/de\/wp-json\/wp\/v2\/types\/product"}],"replies":[{"embeddable":true,"href":"https:\/\/ses-creative.com\/de\/wp-json\/wp\/v2\/comments?post=114454"}],"wp:featuredmedia":[{"embeddable":true,"href":"https:\/\/ses-creative.com\/de\/wp-json\/wp\/v2\/media\/93632"}],"wp:attachment":[{"href":"https:\/\/ses-creative.com\/de\/wp-json\/wp\/v2\/media?parent=114454"}],"wp:term":[{"taxonomy":"product_brand","embeddable":true,"href":"https:\/\/ses-creative.com\/de\/wp-json\/wp\/v2\/product_brand?post=114454"},{"taxonomy":"product_cat","embeddable":true,"href":"https:\/\/ses-creative.com\/de\/wp-json\/wp\/v2\/product_cat?post=114454"},{"taxonomy":"product_tag","embeddable":true,"href":"https:\/\/ses-creative.com\/de\/wp-json\/wp\/v2\/product_tag?post=114454"}],"curies":[{"name":"wp","href":"https:\/\/api.w.org\/{rel}","templated":true}]}}