











{"id":114453,"date":"2026-02-05T13:52:13","date_gmt":"2026-02-05T13:52:13","guid":{"rendered":"https:\/\/ses-creative.com\/?post_type=product&#038;p=114453"},"modified":"2026-02-06T09:51:17","modified_gmt":"2026-02-06T09:51:17","slug":"giessen-und-anmalen-schmuck","status":"publish","type":"product","link":"https:\/\/ses-creative.com\/de\/produkt\/giessen-und-anmalen-schmuck\/","title":{"rendered":"Gie\u00dfen und anmalen &#8211; Schmuck"},"content":{"rendered":"<p>Gie\u00dfen und Malen \u2013 Schmuck basteln: Kreatives und strahlendes Basteln f\u00fcr M\u00e4dchen!<\/p>\n<p>Mit dem Set \u201eGie\u00dfen und Bemalen \u2013 Schmuck basteln\u201d von SES Creative kannst du deinen eigenen Schmuck aus Gips gestalten! Gie\u00dfe deine Lieblingsformen, lass sie trocknen und bemale sie anschlie\u00dfend in fr\u00f6hlichen Farben. F\u00fcge einen Hauch von Glitzer hinzu, um einen funkelnden Effekt zu erzielen. Dieses Set ist perfekt f\u00fcr bastelbegeisterte M\u00e4dchen, die ihre eigenen einzigartigen Accessoires herstellen und gerne kreativ sind.<\/p>\n<p>Was dieses Set so toll macht<\/p>\n<p>Gestalte deinen eigenen Schmuck aus Gips<br \/>\nInklusive Kettenband und Farbe zum Verzieren deines Schmucks<br \/>\nF\u00fcgen Sie Glitzer hinzu, um ihm zus\u00e4tzlichen Glamour zu verleihen<br \/>\nF\u00f6rdert die Feinmotorik und Kreativit\u00e4t<br \/>\nIdeal f\u00fcr bastelbegeisterte M\u00e4dchen, die Mode und Stil lieben<\/p>\n<p>Ein kreativer Schmuck-Workshop f\u00fcr zu Hause<br \/>\nMit diesem Set k\u00f6nnen bastelbegeisterte M\u00e4dchen ihre eigenen Halsketten oder Anh\u00e4nger von Anfang bis Ende selbst herstellen. Dank der klaren Anleitung ist das Gie\u00dfen und Bemalen einfach und macht Spa\u00df. Ob du nun eine Einhorn-Halskette oder einen Regenbogen-Anh\u00e4nger herstellst: Jedes Schmuckst\u00fcck wird zu einer einzigartigen Kreation, auf die du stolz sein kannst \u2013 oder die du einer Freundin schenken kannst!<\/p>\n<p>Inhalt des Sets<\/p>\n<p>Gips<br \/>\nGussformen mit Schmuckformen<br \/>\n6 Farben Farbe<br \/>\nPinsel<br \/>\nGlitzerkleber<br \/>\nKordel f\u00fcr Ketten<br \/>\nAnleitung<\/p>\n<p>Warum SES Creative w\u00e4hlen?<br \/>\nBei SES Creative legen wir gro\u00dfen Wert auf Sicherheit. Deshalb werden die Produkte in unserem Werk in den Niederlanden nach den strengsten europ\u00e4ischen Sicherheitsnormen hergestellt und getestet. Spielzeug von SES Creative sorgt f\u00fcr Spa\u00df und soll Kindern ein Gef\u00fchl des Stolzes auf ihre Arbeit vermitteln, was ihre Kreativit\u00e4t und Entwicklung f\u00f6rdert.<\/p>\n<p>Beginnen Sie noch heute mit der Herstellung Ihres eigenen Schmucks!<br \/>\nDas Set \u201eGie\u00dfen und Bemalen \u2013 Schmuck basteln\u201d ist das perfekte Geschenk f\u00fcr bastelbegeisterte M\u00e4dchen, die gerne kreativ sind und sch\u00f6ne Dinge lieben. Entwerfen, bemalen und tragen Sie Ihre eigenen Kreationen \u2013 stilvoll und ganz selbst gemacht!<\/p>\n","protected":false},"excerpt":{"rendered":"<p>Gie\u00dfen und Malen \u2013 Schmuck basteln: Kreatives und strahlendes Basteln f\u00fcr M\u00e4dchen! Mit dem Set \u201eGie\u00dfen und Bemalen \u2013 Schmuck basteln\u201d von SES Creative kannst du deinen eigenen Schmuck aus Gips gestalten! Gie\u00dfe deine Lieblingsformen, lass sie trocknen und bemale sie anschlie\u00dfend in fr\u00f6hlichen Farben. F\u00fcge einen Hauch von Glitzer hinzu, um einen funkelnden Effekt [&hellip;]<\/p>\n","protected":false},"featured_media":98588,"comment_status":"closed","ping_status":"closed","template":"","meta":{"_acf_changed":false},"product_brand":[],"product_cat":[115],"product_tag":[],"class_list":{"0":"post-114453","1":"product","2":"type-product","3":"status-publish","4":"has-post-thumbnail","6":"product_cat-basteln","7":"pa_leeftijd-filter-4-6-jahre","8":"pa_meest-populair-bij-maedchen","10":"first","11":"instock","12":"shipping-taxable","13":"product-type-simple"},"acf":[],"yoast_head":"<!-- This site is optimized with the Yoast SEO plugin v27.2 - https:\/\/yoast.com\/product\/yoast-seo-wordpress\/ -->\n<title>Gie\u00dfen und anmalen - Schmuck - SES Creative<\/title>\n<meta name=\"robots\" content=\"index, follow, max-snippet:-1, max-image-preview:large, max-video-preview:-1\" \/>\n<link rel=\"canonical\" href=\"https:\/\/ses-creative.com\/de\/produkt\/giessen-und-anmalen-schmuck\/\" \/>\n<meta property=\"og:locale\" content=\"de_DE\" \/>\n<meta property=\"og:type\" content=\"article\" \/>\n<meta property=\"og:title\" content=\"Gie\u00dfen und anmalen - Schmuck - SES Creative\" \/>\n<meta property=\"og:description\" content=\"Gie\u00dfen und Malen \u2013 Schmuck basteln: Kreatives und strahlendes Basteln f\u00fcr M\u00e4dchen! Mit dem Set \u201eGie\u00dfen und Bemalen \u2013 Schmuck basteln\u201d von SES Creative kannst du deinen eigenen Schmuck aus Gips gestalten! Gie\u00dfe deine Lieblingsformen, lass sie trocknen und bemale sie anschlie\u00dfend in fr\u00f6hlichen Farben. F\u00fcge einen Hauch von Glitzer hinzu, um einen funkelnden Effekt [&hellip;]\" \/>\n<meta property=\"og:url\" content=\"https:\/\/ses-creative.com\/de\/produkt\/giessen-und-anmalen-schmuck\/\" \/>\n<meta property=\"og:site_name\" content=\"SES Creative\" \/>\n<meta property=\"article:modified_time\" content=\"2026-02-06T09:51:17+00:00\" \/>\n<meta name=\"twitter:card\" content=\"summary_large_image\" \/>\n<meta name=\"twitter:label1\" content=\"Gesch\u00e4tzte Lesezeit\" \/>\n\t<meta name=\"twitter:data1\" content=\"2\u00a0Minuten\" \/>\n<script type=\"application\/ld+json\" class=\"yoast-schema-graph\">{\"@context\":\"https:\/\/schema.org\",\"@graph\":[{\"@type\":\"WebPage\",\"@id\":\"https:\/\/ses-creative.com\/de\/produkt\/giessen-und-anmalen-schmuck\/\",\"url\":\"https:\/\/ses-creative.com\/de\/produkt\/giessen-und-anmalen-schmuck\/\",\"name\":\"Gie\u00dfen und anmalen - Schmuck - SES Creative\",\"isPartOf\":{\"@id\":\"https:\/\/ses-creative.com\/#website\"},\"primaryImageOfPage\":{\"@id\":\"https:\/\/ses-creative.com\/de\/produkt\/giessen-und-anmalen-schmuck\/#primaryimage\"},\"image\":{\"@id\":\"https:\/\/ses-creative.com\/de\/produkt\/giessen-und-anmalen-schmuck\/#primaryimage\"},\"thumbnailUrl\":\"https:\/\/ses-creative.com\/wp-content\/uploads\/2026\/01\/012911.jpg\",\"datePublished\":\"2026-02-05T13:52:13+00:00\",\"dateModified\":\"2026-02-06T09:51:17+00:00\",\"breadcrumb\":{\"@id\":\"https:\/\/ses-creative.com\/de\/produkt\/giessen-und-anmalen-schmuck\/#breadcrumb\"},\"inLanguage\":\"de\",\"potentialAction\":[{\"@type\":\"ReadAction\",\"target\":[\"https:\/\/ses-creative.com\/de\/produkt\/giessen-und-anmalen-schmuck\/\"]}]},{\"@type\":\"ImageObject\",\"inLanguage\":\"de\",\"@id\":\"https:\/\/ses-creative.com\/de\/produkt\/giessen-und-anmalen-schmuck\/#primaryimage\",\"url\":\"https:\/\/ses-creative.com\/wp-content\/uploads\/2026\/01\/012911.jpg\",\"contentUrl\":\"https:\/\/ses-creative.com\/wp-content\/uploads\/2026\/01\/012911.jpg\",\"width\":1000,\"height\":1000},{\"@type\":\"BreadcrumbList\",\"@id\":\"https:\/\/ses-creative.com\/de\/produkt\/giessen-und-anmalen-schmuck\/#breadcrumb\",\"itemListElement\":[{\"@type\":\"ListItem\",\"position\":1,\"name\":\"Shop\",\"item\":\"https:\/\/ses-creative.com\/de\/shop\/\"},{\"@type\":\"ListItem\",\"position\":2,\"name\":\"Basteln\",\"item\":\"https:\/\/ses-creative.com\/de\/product-categorie\/basteln\/\"},{\"@type\":\"ListItem\",\"position\":3,\"name\":\"Gie\u00dfen und anmalen &#8211; Schmuck\"}]},{\"@type\":\"WebSite\",\"@id\":\"https:\/\/ses-creative.com\/#website\",\"url\":\"https:\/\/ses-creative.com\/\",\"name\":\"SES Creative\",\"description\":\"\",\"publisher\":{\"@id\":\"https:\/\/ses-creative.com\/#organization\"},\"potentialAction\":[{\"@type\":\"SearchAction\",\"target\":{\"@type\":\"EntryPoint\",\"urlTemplate\":\"https:\/\/ses-creative.com\/?s={search_term_string}\"},\"query-input\":{\"@type\":\"PropertyValueSpecification\",\"valueRequired\":true,\"valueName\":\"search_term_string\"}}],\"inLanguage\":\"de\"},{\"@type\":\"Organization\",\"@id\":\"https:\/\/ses-creative.com\/#organization\",\"name\":\"SES Creative\",\"url\":\"https:\/\/ses-creative.com\/\",\"logo\":{\"@type\":\"ImageObject\",\"inLanguage\":\"de\",\"@id\":\"https:\/\/ses-creative.com\/#\/schema\/logo\/image\/\",\"url\":\"https:\/\/ses-creative.com\/wp-content\/uploads\/2025\/10\/ses-creative-logo.jpg\",\"contentUrl\":\"https:\/\/ses-creative.com\/wp-content\/uploads\/2025\/10\/ses-creative-logo.jpg\",\"width\":2037,\"height\":2037,\"caption\":\"SES Creative\"},\"image\":{\"@id\":\"https:\/\/ses-creative.com\/#\/schema\/logo\/image\/\"}}]}<\/script>\n<!-- \/ Yoast SEO plugin. -->","yoast_head_json":{"title":"Gie\u00dfen und anmalen - Schmuck - SES Creative","robots":{"index":"index","follow":"follow","max-snippet":"max-snippet:-1","max-image-preview":"max-image-preview:large","max-video-preview":"max-video-preview:-1"},"canonical":"https:\/\/ses-creative.com\/de\/produkt\/giessen-und-anmalen-schmuck\/","og_locale":"de_DE","og_type":"article","og_title":"Gie\u00dfen und anmalen - Schmuck - SES Creative","og_description":"Gie\u00dfen und Malen \u2013 Schmuck basteln: Kreatives und strahlendes Basteln f\u00fcr M\u00e4dchen! Mit dem Set \u201eGie\u00dfen und Bemalen \u2013 Schmuck basteln\u201d von SES Creative kannst du deinen eigenen Schmuck aus Gips gestalten! Gie\u00dfe deine Lieblingsformen, lass sie trocknen und bemale sie anschlie\u00dfend in fr\u00f6hlichen Farben. F\u00fcge einen Hauch von Glitzer hinzu, um einen funkelnden Effekt [&hellip;]","og_url":"https:\/\/ses-creative.com\/de\/produkt\/giessen-und-anmalen-schmuck\/","og_site_name":"SES Creative","article_modified_time":"2026-02-06T09:51:17+00:00","twitter_card":"summary_large_image","twitter_misc":{"Gesch\u00e4tzte Lesezeit":"2\u00a0Minuten"},"schema":{"@context":"https:\/\/schema.org","@graph":[{"@type":"WebPage","@id":"https:\/\/ses-creative.com\/de\/produkt\/giessen-und-anmalen-schmuck\/","url":"https:\/\/ses-creative.com\/de\/produkt\/giessen-und-anmalen-schmuck\/","name":"Gie\u00dfen und anmalen - Schmuck - SES Creative","isPartOf":{"@id":"https:\/\/ses-creative.com\/#website"},"primaryImageOfPage":{"@id":"https:\/\/ses-creative.com\/de\/produkt\/giessen-und-anmalen-schmuck\/#primaryimage"},"image":{"@id":"https:\/\/ses-creative.com\/de\/produkt\/giessen-und-anmalen-schmuck\/#primaryimage"},"thumbnailUrl":"https:\/\/ses-creative.com\/wp-content\/uploads\/2026\/01\/012911.jpg","datePublished":"2026-02-05T13:52:13+00:00","dateModified":"2026-02-06T09:51:17+00:00","breadcrumb":{"@id":"https:\/\/ses-creative.com\/de\/produkt\/giessen-und-anmalen-schmuck\/#breadcrumb"},"inLanguage":"de","potentialAction":[{"@type":"ReadAction","target":["https:\/\/ses-creative.com\/de\/produkt\/giessen-und-anmalen-schmuck\/"]}]},{"@type":"ImageObject","inLanguage":"de","@id":"https:\/\/ses-creative.com\/de\/produkt\/giessen-und-anmalen-schmuck\/#primaryimage","url":"https:\/\/ses-creative.com\/wp-content\/uploads\/2026\/01\/012911.jpg","contentUrl":"https:\/\/ses-creative.com\/wp-content\/uploads\/2026\/01\/012911.jpg","width":1000,"height":1000},{"@type":"BreadcrumbList","@id":"https:\/\/ses-creative.com\/de\/produkt\/giessen-und-anmalen-schmuck\/#breadcrumb","itemListElement":[{"@type":"ListItem","position":1,"name":"Shop","item":"https:\/\/ses-creative.com\/de\/shop\/"},{"@type":"ListItem","position":2,"name":"Basteln","item":"https:\/\/ses-creative.com\/de\/product-categorie\/basteln\/"},{"@type":"ListItem","position":3,"name":"Gie\u00dfen und anmalen &#8211; Schmuck"}]},{"@type":"WebSite","@id":"https:\/\/ses-creative.com\/#website","url":"https:\/\/ses-creative.com\/","name":"SES Creative","description":"","publisher":{"@id":"https:\/\/ses-creative.com\/#organization"},"potentialAction":[{"@type":"SearchAction","target":{"@type":"EntryPoint","urlTemplate":"https:\/\/ses-creative.com\/?s={search_term_string}"},"query-input":{"@type":"PropertyValueSpecification","valueRequired":true,"valueName":"search_term_string"}}],"inLanguage":"de"},{"@type":"Organization","@id":"https:\/\/ses-creative.com\/#organization","name":"SES Creative","url":"https:\/\/ses-creative.com\/","logo":{"@type":"ImageObject","inLanguage":"de","@id":"https:\/\/ses-creative.com\/#\/schema\/logo\/image\/","url":"https:\/\/ses-creative.com\/wp-content\/uploads\/2025\/10\/ses-creative-logo.jpg","contentUrl":"https:\/\/ses-creative.com\/wp-content\/uploads\/2025\/10\/ses-creative-logo.jpg","width":2037,"height":2037,"caption":"SES Creative"},"image":{"@id":"https:\/\/ses-creative.com\/#\/schema\/logo\/image\/"}}]}},"_links":{"self":[{"href":"https:\/\/ses-creative.com\/de\/wp-json\/wp\/v2\/product\/114453","targetHints":{"allow":["GET"]}}],"collection":[{"href":"https:\/\/ses-creative.com\/de\/wp-json\/wp\/v2\/product"}],"about":[{"href":"https:\/\/ses-creative.com\/de\/wp-json\/wp\/v2\/types\/product"}],"replies":[{"embeddable":true,"href":"https:\/\/ses-creative.com\/de\/wp-json\/wp\/v2\/comments?post=114453"}],"wp:featuredmedia":[{"embeddable":true,"href":"https:\/\/ses-creative.com\/de\/wp-json\/wp\/v2\/media\/98588"}],"wp:attachment":[{"href":"https:\/\/ses-creative.com\/de\/wp-json\/wp\/v2\/media?parent=114453"}],"wp:term":[{"taxonomy":"product_brand","embeddable":true,"href":"https:\/\/ses-creative.com\/de\/wp-json\/wp\/v2\/product_brand?post=114453"},{"taxonomy":"product_cat","embeddable":true,"href":"https:\/\/ses-creative.com\/de\/wp-json\/wp\/v2\/product_cat?post=114453"},{"taxonomy":"product_tag","embeddable":true,"href":"https:\/\/ses-creative.com\/de\/wp-json\/wp\/v2\/product_tag?post=114453"}],"curies":[{"name":"wp","href":"https:\/\/api.w.org\/{rel}","templated":true}]}}