











{"id":114445,"date":"2026-02-05T13:52:12","date_gmt":"2026-02-05T13:52:12","guid":{"rendered":"https:\/\/ses-creative.com\/?post_type=product&#038;p=114445"},"modified":"2026-02-06T09:51:17","modified_gmt":"2026-02-06T09:51:17","slug":"giessen-und-anmalen-hunde-und-katzen","status":"publish","type":"product","link":"https:\/\/ses-creative.com\/de\/produkt\/giessen-und-anmalen-hunde-und-katzen\/","title":{"rendered":"Gie\u00dfen und anmalen &#8211; Hunde und Katzen"},"content":{"rendered":"<p>Mit dem Gie\u00df- und Malset Hunde &#038; Katzen von SES Creative k\u00f6nnen Kinder ab 5 Jahren eigene Tierfiguren gestalten und bemalen. Mit der detaillierten Gie\u00dfform lassen sich bis zu 12 verschiedene Modelle mit schnell trocknendem Gips anfertigen. Nach dem Trocknen werden die Figuren entformt, mit den 6 enthaltenen leuchtenden Farben bemalt und mit silbernem Glitzer dekoriert. Die Aktivit\u00e4t st\u00e4rkt Feinmotorik, Pr\u00e4zision, Kreativit\u00e4t und Geduld. Das Set enth\u00e4lt au\u00dferdem einen kindgerechten Pinsel und eine leicht verst\u00e4ndliche Anleitung f\u00fcr selbstst\u00e4ndiges Arbeiten. Alle Materialien sind hypoallergen, super abwaschbar von Haut und Textilien und frei von sch\u00e4dlichen Stoffen. Hergestellt in den Niederlanden seit 1972, ist dieses kreative Spielset in \u00fcber 75 L\u00e4ndern f\u00fcr seine Qualit\u00e4t, Sicherheit und umweltfreundliche 100 % CO\u2082-neutrale Produktion bekannt. Ideal f\u00fcr Regentage, Schulprojekte oder kreative Familienmomente \u2013 eine spielerische und lehrreiche Bastelidee.<\/p>\n","protected":false},"excerpt":{"rendered":"<p>Mit dem Gie\u00df- und Malset Hunde &#038; Katzen von SES Creative k\u00f6nnen Kinder ab 5 Jahren eigene Tierfiguren gestalten und bemalen. Mit der detaillierten Gie\u00dfform lassen sich bis zu 12 verschiedene Modelle mit schnell trocknendem Gips anfertigen. Nach dem Trocknen werden die Figuren entformt, mit den 6 enthaltenen leuchtenden Farben bemalt und mit silbernem Glitzer [&hellip;]<\/p>\n","protected":false},"featured_media":98428,"comment_status":"closed","ping_status":"closed","template":"","meta":{"_acf_changed":false},"product_brand":[],"product_cat":[115],"product_tag":[],"class_list":{"0":"post-114445","1":"product","2":"type-product","3":"status-publish","4":"has-post-thumbnail","6":"product_cat-basteln","7":"pa_leeftijd-filter-4-6-jahre","8":"pa_meest-populair-bij-maedchen","10":"first","11":"instock","12":"shipping-taxable","13":"product-type-simple"},"acf":[],"yoast_head":"<!-- This site is optimized with the Yoast SEO plugin v27.4 - https:\/\/yoast.com\/product\/yoast-seo-wordpress\/ -->\n<title>Gie\u00dfen und anmalen - Hunde und Katzen - SES Creative<\/title>\n<meta name=\"robots\" content=\"index, follow, max-snippet:-1, max-image-preview:large, max-video-preview:-1\" \/>\n<link rel=\"canonical\" href=\"https:\/\/ses-creative.com\/de\/produkt\/giessen-und-anmalen-hunde-und-katzen\/\" \/>\n<meta property=\"og:locale\" content=\"de_DE\" \/>\n<meta property=\"og:type\" content=\"article\" \/>\n<meta property=\"og:title\" content=\"Gie\u00dfen und anmalen - Hunde und Katzen - SES Creative\" \/>\n<meta property=\"og:description\" content=\"Mit dem Gie\u00df- und Malset Hunde &#038; Katzen von SES Creative k\u00f6nnen Kinder ab 5 Jahren eigene Tierfiguren gestalten und bemalen. Mit der detaillierten Gie\u00dfform lassen sich bis zu 12 verschiedene Modelle mit schnell trocknendem Gips anfertigen. Nach dem Trocknen werden die Figuren entformt, mit den 6 enthaltenen leuchtenden Farben bemalt und mit silbernem Glitzer [&hellip;]\" \/>\n<meta property=\"og:url\" content=\"https:\/\/ses-creative.com\/de\/produkt\/giessen-und-anmalen-hunde-und-katzen\/\" \/>\n<meta property=\"og:site_name\" content=\"SES Creative\" \/>\n<meta property=\"article:modified_time\" content=\"2026-02-06T09:51:17+00:00\" \/>\n<meta name=\"twitter:card\" content=\"summary_large_image\" \/>\n<meta name=\"twitter:label1\" content=\"Gesch\u00e4tzte Lesezeit\" \/>\n\t<meta name=\"twitter:data1\" content=\"1\u00a0Minute\" \/>\n<script type=\"application\/ld+json\" class=\"yoast-schema-graph\">{\"@context\":\"https:\\\/\\\/schema.org\",\"@graph\":[{\"@type\":\"WebPage\",\"@id\":\"https:\\\/\\\/ses-creative.com\\\/de\\\/produkt\\\/giessen-und-anmalen-hunde-und-katzen\\\/\",\"url\":\"https:\\\/\\\/ses-creative.com\\\/de\\\/produkt\\\/giessen-und-anmalen-hunde-und-katzen\\\/\",\"name\":\"Gie\u00dfen und anmalen - Hunde und Katzen - SES Creative\",\"isPartOf\":{\"@id\":\"https:\\\/\\\/ses-creative.com\\\/#website\"},\"primaryImageOfPage\":{\"@id\":\"https:\\\/\\\/ses-creative.com\\\/de\\\/produkt\\\/giessen-und-anmalen-hunde-und-katzen\\\/#primaryimage\"},\"image\":{\"@id\":\"https:\\\/\\\/ses-creative.com\\\/de\\\/produkt\\\/giessen-und-anmalen-hunde-und-katzen\\\/#primaryimage\"},\"thumbnailUrl\":\"https:\\\/\\\/ses-creative.com\\\/wp-content\\\/uploads\\\/2026\\\/01\\\/011541.jpg\",\"datePublished\":\"2026-02-05T13:52:12+00:00\",\"dateModified\":\"2026-02-06T09:51:17+00:00\",\"breadcrumb\":{\"@id\":\"https:\\\/\\\/ses-creative.com\\\/de\\\/produkt\\\/giessen-und-anmalen-hunde-und-katzen\\\/#breadcrumb\"},\"inLanguage\":\"de\",\"potentialAction\":[{\"@type\":\"ReadAction\",\"target\":[\"https:\\\/\\\/ses-creative.com\\\/de\\\/produkt\\\/giessen-und-anmalen-hunde-und-katzen\\\/\"]}]},{\"@type\":\"ImageObject\",\"inLanguage\":\"de\",\"@id\":\"https:\\\/\\\/ses-creative.com\\\/de\\\/produkt\\\/giessen-und-anmalen-hunde-und-katzen\\\/#primaryimage\",\"url\":\"https:\\\/\\\/ses-creative.com\\\/wp-content\\\/uploads\\\/2026\\\/01\\\/011541.jpg\",\"contentUrl\":\"https:\\\/\\\/ses-creative.com\\\/wp-content\\\/uploads\\\/2026\\\/01\\\/011541.jpg\",\"width\":1000,\"height\":1000},{\"@type\":\"BreadcrumbList\",\"@id\":\"https:\\\/\\\/ses-creative.com\\\/de\\\/produkt\\\/giessen-und-anmalen-hunde-und-katzen\\\/#breadcrumb\",\"itemListElement\":[{\"@type\":\"ListItem\",\"position\":1,\"name\":\"Shop\",\"item\":\"https:\\\/\\\/ses-creative.com\\\/de\\\/shop\\\/\"},{\"@type\":\"ListItem\",\"position\":2,\"name\":\"Basteln\",\"item\":\"https:\\\/\\\/ses-creative.com\\\/de\\\/product-categorie\\\/basteln\\\/\"},{\"@type\":\"ListItem\",\"position\":3,\"name\":\"Gie\u00dfen und anmalen &#8211; Hunde und Katzen\"}]},{\"@type\":\"WebSite\",\"@id\":\"https:\\\/\\\/ses-creative.com\\\/#website\",\"url\":\"https:\\\/\\\/ses-creative.com\\\/\",\"name\":\"SES Creative\",\"description\":\"\",\"publisher\":{\"@id\":\"https:\\\/\\\/ses-creative.com\\\/#organization\"},\"potentialAction\":[{\"@type\":\"SearchAction\",\"target\":{\"@type\":\"EntryPoint\",\"urlTemplate\":\"https:\\\/\\\/ses-creative.com\\\/?s={search_term_string}\"},\"query-input\":{\"@type\":\"PropertyValueSpecification\",\"valueRequired\":true,\"valueName\":\"search_term_string\"}}],\"inLanguage\":\"de\"},{\"@type\":\"Organization\",\"@id\":\"https:\\\/\\\/ses-creative.com\\\/#organization\",\"name\":\"SES Creative\",\"url\":\"https:\\\/\\\/ses-creative.com\\\/\",\"logo\":{\"@type\":\"ImageObject\",\"inLanguage\":\"de\",\"@id\":\"https:\\\/\\\/ses-creative.com\\\/#\\\/schema\\\/logo\\\/image\\\/\",\"url\":\"https:\\\/\\\/ses-creative.com\\\/wp-content\\\/uploads\\\/2025\\\/10\\\/ses-creative-logo.jpg\",\"contentUrl\":\"https:\\\/\\\/ses-creative.com\\\/wp-content\\\/uploads\\\/2025\\\/10\\\/ses-creative-logo.jpg\",\"width\":2037,\"height\":2037,\"caption\":\"SES Creative\"},\"image\":{\"@id\":\"https:\\\/\\\/ses-creative.com\\\/#\\\/schema\\\/logo\\\/image\\\/\"}}]}<\/script>\n<!-- \/ Yoast SEO plugin. -->","yoast_head_json":{"title":"Gie\u00dfen und anmalen - Hunde und Katzen - SES Creative","robots":{"index":"index","follow":"follow","max-snippet":"max-snippet:-1","max-image-preview":"max-image-preview:large","max-video-preview":"max-video-preview:-1"},"canonical":"https:\/\/ses-creative.com\/de\/produkt\/giessen-und-anmalen-hunde-und-katzen\/","og_locale":"de_DE","og_type":"article","og_title":"Gie\u00dfen und anmalen - Hunde und Katzen - SES Creative","og_description":"Mit dem Gie\u00df- und Malset Hunde &#038; Katzen von SES Creative k\u00f6nnen Kinder ab 5 Jahren eigene Tierfiguren gestalten und bemalen. Mit der detaillierten Gie\u00dfform lassen sich bis zu 12 verschiedene Modelle mit schnell trocknendem Gips anfertigen. Nach dem Trocknen werden die Figuren entformt, mit den 6 enthaltenen leuchtenden Farben bemalt und mit silbernem Glitzer [&hellip;]","og_url":"https:\/\/ses-creative.com\/de\/produkt\/giessen-und-anmalen-hunde-und-katzen\/","og_site_name":"SES Creative","article_modified_time":"2026-02-06T09:51:17+00:00","twitter_card":"summary_large_image","twitter_misc":{"Gesch\u00e4tzte Lesezeit":"1\u00a0Minute"},"schema":{"@context":"https:\/\/schema.org","@graph":[{"@type":"WebPage","@id":"https:\/\/ses-creative.com\/de\/produkt\/giessen-und-anmalen-hunde-und-katzen\/","url":"https:\/\/ses-creative.com\/de\/produkt\/giessen-und-anmalen-hunde-und-katzen\/","name":"Gie\u00dfen und anmalen - Hunde und Katzen - SES Creative","isPartOf":{"@id":"https:\/\/ses-creative.com\/#website"},"primaryImageOfPage":{"@id":"https:\/\/ses-creative.com\/de\/produkt\/giessen-und-anmalen-hunde-und-katzen\/#primaryimage"},"image":{"@id":"https:\/\/ses-creative.com\/de\/produkt\/giessen-und-anmalen-hunde-und-katzen\/#primaryimage"},"thumbnailUrl":"https:\/\/ses-creative.com\/wp-content\/uploads\/2026\/01\/011541.jpg","datePublished":"2026-02-05T13:52:12+00:00","dateModified":"2026-02-06T09:51:17+00:00","breadcrumb":{"@id":"https:\/\/ses-creative.com\/de\/produkt\/giessen-und-anmalen-hunde-und-katzen\/#breadcrumb"},"inLanguage":"de","potentialAction":[{"@type":"ReadAction","target":["https:\/\/ses-creative.com\/de\/produkt\/giessen-und-anmalen-hunde-und-katzen\/"]}]},{"@type":"ImageObject","inLanguage":"de","@id":"https:\/\/ses-creative.com\/de\/produkt\/giessen-und-anmalen-hunde-und-katzen\/#primaryimage","url":"https:\/\/ses-creative.com\/wp-content\/uploads\/2026\/01\/011541.jpg","contentUrl":"https:\/\/ses-creative.com\/wp-content\/uploads\/2026\/01\/011541.jpg","width":1000,"height":1000},{"@type":"BreadcrumbList","@id":"https:\/\/ses-creative.com\/de\/produkt\/giessen-und-anmalen-hunde-und-katzen\/#breadcrumb","itemListElement":[{"@type":"ListItem","position":1,"name":"Shop","item":"https:\/\/ses-creative.com\/de\/shop\/"},{"@type":"ListItem","position":2,"name":"Basteln","item":"https:\/\/ses-creative.com\/de\/product-categorie\/basteln\/"},{"@type":"ListItem","position":3,"name":"Gie\u00dfen und anmalen &#8211; Hunde und Katzen"}]},{"@type":"WebSite","@id":"https:\/\/ses-creative.com\/#website","url":"https:\/\/ses-creative.com\/","name":"SES Creative","description":"","publisher":{"@id":"https:\/\/ses-creative.com\/#organization"},"potentialAction":[{"@type":"SearchAction","target":{"@type":"EntryPoint","urlTemplate":"https:\/\/ses-creative.com\/?s={search_term_string}"},"query-input":{"@type":"PropertyValueSpecification","valueRequired":true,"valueName":"search_term_string"}}],"inLanguage":"de"},{"@type":"Organization","@id":"https:\/\/ses-creative.com\/#organization","name":"SES Creative","url":"https:\/\/ses-creative.com\/","logo":{"@type":"ImageObject","inLanguage":"de","@id":"https:\/\/ses-creative.com\/#\/schema\/logo\/image\/","url":"https:\/\/ses-creative.com\/wp-content\/uploads\/2025\/10\/ses-creative-logo.jpg","contentUrl":"https:\/\/ses-creative.com\/wp-content\/uploads\/2025\/10\/ses-creative-logo.jpg","width":2037,"height":2037,"caption":"SES Creative"},"image":{"@id":"https:\/\/ses-creative.com\/#\/schema\/logo\/image\/"}}]}},"_links":{"self":[{"href":"https:\/\/ses-creative.com\/de\/wp-json\/wp\/v2\/product\/114445","targetHints":{"allow":["GET"]}}],"collection":[{"href":"https:\/\/ses-creative.com\/de\/wp-json\/wp\/v2\/product"}],"about":[{"href":"https:\/\/ses-creative.com\/de\/wp-json\/wp\/v2\/types\/product"}],"replies":[{"embeddable":true,"href":"https:\/\/ses-creative.com\/de\/wp-json\/wp\/v2\/comments?post=114445"}],"wp:featuredmedia":[{"embeddable":true,"href":"https:\/\/ses-creative.com\/de\/wp-json\/wp\/v2\/media\/98428"}],"wp:attachment":[{"href":"https:\/\/ses-creative.com\/de\/wp-json\/wp\/v2\/media?parent=114445"}],"wp:term":[{"taxonomy":"product_brand","embeddable":true,"href":"https:\/\/ses-creative.com\/de\/wp-json\/wp\/v2\/product_brand?post=114445"},{"taxonomy":"product_cat","embeddable":true,"href":"https:\/\/ses-creative.com\/de\/wp-json\/wp\/v2\/product_cat?post=114445"},{"taxonomy":"product_tag","embeddable":true,"href":"https:\/\/ses-creative.com\/de\/wp-json\/wp\/v2\/product_tag?post=114445"}],"curies":[{"name":"wp","href":"https:\/\/api.w.org\/{rel}","templated":true}]}}