











{"id":114444,"date":"2026-02-05T13:52:12","date_gmt":"2026-02-05T13:52:12","guid":{"rendered":"https:\/\/ses-creative.com\/?post_type=product&#038;p=114444"},"modified":"2026-02-06T09:51:17","modified_gmt":"2026-02-06T09:51:17","slug":"giessen-und-anmalen-gruseltiere","status":"publish","type":"product","link":"https:\/\/ses-creative.com\/de\/produkt\/giessen-und-anmalen-gruseltiere\/","title":{"rendered":"Gie\u00dfen und anmalen &#8211; Gruseltiere"},"content":{"rendered":"<p>Erschaffe deine eigenen gruseligen Kreaturen!<\/p>\n<p>Mit dem Set \u201eGie\u00dfen und Bemalen \u2013 Gruselige Tiere\u201d von SES kannst du die gruseligsten Figuren zum Leben erwecken. Ob Spinnen, Schlangen oder andere gruselige Tiere \u2013 mit diesem Set kannst du sie alle gie\u00dfen und bemalen. Perfekt f\u00fcr junge Bastler, die ein bisschen Spannung und Gruselspa\u00df lieben!<\/p>\n<p>Was ist in der Box enthalten?<br \/>\nGussform<br \/>\nGips<br \/>\n6 Farben Farbe<br \/>\n1x Leuchtfarbe<br \/>\nPinsel<br \/>\nAnleitung<br \/>\nVon gruseligem Gips zu leuchtenden Kunstwerken<\/p>\n<p>Beginnen Sie damit, den Gips in die detaillierte Form zu gie\u00dfen und sehen Sie zu, wie die gruseligen Kreaturen zum Leben erweckt werden. Nachdem der Gips ausgeh\u00e4rtet ist, k\u00f6nnen Sie die Figuren mit der mitgelieferten Farbe bemalen, darunter auch spezielle Leuchtfarbe f\u00fcr einen besonders gruseligen Effekt im Dunkeln. Die detaillierte Form sorgt daf\u00fcr, dass jede Figur erschreckend realistisch aussieht. Dieses Bastelprojekt macht nicht nur Spa\u00df, sondern ist auch ideal, um die Feinmotorik und Kreativit\u00e4t zu f\u00f6rdern.<\/p>\n<p>Ob Sie nun alleine basteln oder mit Freunden, dieses Set bietet alles, was Sie f\u00fcr einen Nachmittag voller kreativer Gruselspa\u00df brauchen. Stellen Sie Ihre eigene Sammlung gruseliger Tiere zusammen und sehen Sie zu, wie sie im Dunkeln zum Leben erwachen!<\/p>\n<p>Legen Sie los und lassen Sie Ihrer Fantasie freien Lauf!<\/p>\n<p>Mit dem Set \u201eGie\u00dfen und Malen \u2013 Gruselige Tiere\u201d kannst du die furchterregendsten Kunstwerke schaffen, die sowohl tags\u00fcber als auch nachts beeindrucken. Leg noch heute los und lass deiner Kreativit\u00e4t freien Lauf!<\/p>\n","protected":false},"excerpt":{"rendered":"<p>Erschaffe deine eigenen gruseligen Kreaturen! Mit dem Set \u201eGie\u00dfen und Bemalen \u2013 Gruselige Tiere\u201d von SES kannst du die gruseligsten Figuren zum Leben erwecken. Ob Spinnen, Schlangen oder andere gruselige Tiere \u2013 mit diesem Set kannst du sie alle gie\u00dfen und bemalen. Perfekt f\u00fcr junge Bastler, die ein bisschen Spannung und Gruselspa\u00df lieben! Was ist [&hellip;]<\/p>\n","protected":false},"featured_media":98408,"comment_status":"closed","ping_status":"closed","template":"","meta":{"_acf_changed":false},"product_brand":[],"product_cat":[115],"product_tag":[],"class_list":{"0":"post-114444","1":"product","2":"type-product","3":"status-publish","4":"has-post-thumbnail","6":"product_cat-basteln","7":"pa_leeftijd-filter-4-6-jahre","8":"pa_meest-populair-bij-jungen","10":"first","11":"instock","12":"shipping-taxable","13":"product-type-simple"},"acf":[],"yoast_head":"<!-- This site is optimized with the Yoast SEO plugin v27.2 - https:\/\/yoast.com\/product\/yoast-seo-wordpress\/ -->\n<title>Gie\u00dfen und anmalen - Gruseltiere - SES Creative<\/title>\n<meta name=\"robots\" content=\"index, follow, max-snippet:-1, max-image-preview:large, max-video-preview:-1\" \/>\n<link rel=\"canonical\" href=\"https:\/\/ses-creative.com\/de\/produkt\/giessen-und-anmalen-gruseltiere\/\" \/>\n<meta property=\"og:locale\" content=\"de_DE\" \/>\n<meta property=\"og:type\" content=\"article\" \/>\n<meta property=\"og:title\" content=\"Gie\u00dfen und anmalen - Gruseltiere - SES Creative\" \/>\n<meta property=\"og:description\" content=\"Erschaffe deine eigenen gruseligen Kreaturen! Mit dem Set \u201eGie\u00dfen und Bemalen \u2013 Gruselige Tiere\u201d von SES kannst du die gruseligsten Figuren zum Leben erwecken. Ob Spinnen, Schlangen oder andere gruselige Tiere \u2013 mit diesem Set kannst du sie alle gie\u00dfen und bemalen. Perfekt f\u00fcr junge Bastler, die ein bisschen Spannung und Gruselspa\u00df lieben! Was ist [&hellip;]\" \/>\n<meta property=\"og:url\" content=\"https:\/\/ses-creative.com\/de\/produkt\/giessen-und-anmalen-gruseltiere\/\" \/>\n<meta property=\"og:site_name\" content=\"SES Creative\" \/>\n<meta property=\"article:modified_time\" content=\"2026-02-06T09:51:17+00:00\" \/>\n<meta name=\"twitter:card\" content=\"summary_large_image\" \/>\n<meta name=\"twitter:label1\" content=\"Gesch\u00e4tzte Lesezeit\" \/>\n\t<meta name=\"twitter:data1\" content=\"1\u00a0Minute\" \/>\n<script type=\"application\/ld+json\" class=\"yoast-schema-graph\">{\"@context\":\"https:\/\/schema.org\",\"@graph\":[{\"@type\":\"WebPage\",\"@id\":\"https:\/\/ses-creative.com\/de\/produkt\/giessen-und-anmalen-gruseltiere\/\",\"url\":\"https:\/\/ses-creative.com\/de\/produkt\/giessen-und-anmalen-gruseltiere\/\",\"name\":\"Gie\u00dfen und anmalen - Gruseltiere - SES Creative\",\"isPartOf\":{\"@id\":\"https:\/\/ses-creative.com\/#website\"},\"primaryImageOfPage\":{\"@id\":\"https:\/\/ses-creative.com\/de\/produkt\/giessen-und-anmalen-gruseltiere\/#primaryimage\"},\"image\":{\"@id\":\"https:\/\/ses-creative.com\/de\/produkt\/giessen-und-anmalen-gruseltiere\/#primaryimage\"},\"thumbnailUrl\":\"https:\/\/ses-creative.com\/wp-content\/uploads\/2026\/01\/011531.jpg\",\"datePublished\":\"2026-02-05T13:52:12+00:00\",\"dateModified\":\"2026-02-06T09:51:17+00:00\",\"breadcrumb\":{\"@id\":\"https:\/\/ses-creative.com\/de\/produkt\/giessen-und-anmalen-gruseltiere\/#breadcrumb\"},\"inLanguage\":\"de\",\"potentialAction\":[{\"@type\":\"ReadAction\",\"target\":[\"https:\/\/ses-creative.com\/de\/produkt\/giessen-und-anmalen-gruseltiere\/\"]}]},{\"@type\":\"ImageObject\",\"inLanguage\":\"de\",\"@id\":\"https:\/\/ses-creative.com\/de\/produkt\/giessen-und-anmalen-gruseltiere\/#primaryimage\",\"url\":\"https:\/\/ses-creative.com\/wp-content\/uploads\/2026\/01\/011531.jpg\",\"contentUrl\":\"https:\/\/ses-creative.com\/wp-content\/uploads\/2026\/01\/011531.jpg\",\"width\":1000,\"height\":1000},{\"@type\":\"BreadcrumbList\",\"@id\":\"https:\/\/ses-creative.com\/de\/produkt\/giessen-und-anmalen-gruseltiere\/#breadcrumb\",\"itemListElement\":[{\"@type\":\"ListItem\",\"position\":1,\"name\":\"Shop\",\"item\":\"https:\/\/ses-creative.com\/de\/shop\/\"},{\"@type\":\"ListItem\",\"position\":2,\"name\":\"Basteln\",\"item\":\"https:\/\/ses-creative.com\/de\/product-categorie\/basteln\/\"},{\"@type\":\"ListItem\",\"position\":3,\"name\":\"Gie\u00dfen und anmalen &#8211; Gruseltiere\"}]},{\"@type\":\"WebSite\",\"@id\":\"https:\/\/ses-creative.com\/#website\",\"url\":\"https:\/\/ses-creative.com\/\",\"name\":\"SES Creative\",\"description\":\"\",\"publisher\":{\"@id\":\"https:\/\/ses-creative.com\/#organization\"},\"potentialAction\":[{\"@type\":\"SearchAction\",\"target\":{\"@type\":\"EntryPoint\",\"urlTemplate\":\"https:\/\/ses-creative.com\/?s={search_term_string}\"},\"query-input\":{\"@type\":\"PropertyValueSpecification\",\"valueRequired\":true,\"valueName\":\"search_term_string\"}}],\"inLanguage\":\"de\"},{\"@type\":\"Organization\",\"@id\":\"https:\/\/ses-creative.com\/#organization\",\"name\":\"SES Creative\",\"url\":\"https:\/\/ses-creative.com\/\",\"logo\":{\"@type\":\"ImageObject\",\"inLanguage\":\"de\",\"@id\":\"https:\/\/ses-creative.com\/#\/schema\/logo\/image\/\",\"url\":\"https:\/\/ses-creative.com\/wp-content\/uploads\/2025\/10\/ses-creative-logo.jpg\",\"contentUrl\":\"https:\/\/ses-creative.com\/wp-content\/uploads\/2025\/10\/ses-creative-logo.jpg\",\"width\":2037,\"height\":2037,\"caption\":\"SES Creative\"},\"image\":{\"@id\":\"https:\/\/ses-creative.com\/#\/schema\/logo\/image\/\"}}]}<\/script>\n<!-- \/ Yoast SEO plugin. -->","yoast_head_json":{"title":"Gie\u00dfen und anmalen - Gruseltiere - SES Creative","robots":{"index":"index","follow":"follow","max-snippet":"max-snippet:-1","max-image-preview":"max-image-preview:large","max-video-preview":"max-video-preview:-1"},"canonical":"https:\/\/ses-creative.com\/de\/produkt\/giessen-und-anmalen-gruseltiere\/","og_locale":"de_DE","og_type":"article","og_title":"Gie\u00dfen und anmalen - Gruseltiere - SES Creative","og_description":"Erschaffe deine eigenen gruseligen Kreaturen! Mit dem Set \u201eGie\u00dfen und Bemalen \u2013 Gruselige Tiere\u201d von SES kannst du die gruseligsten Figuren zum Leben erwecken. Ob Spinnen, Schlangen oder andere gruselige Tiere \u2013 mit diesem Set kannst du sie alle gie\u00dfen und bemalen. Perfekt f\u00fcr junge Bastler, die ein bisschen Spannung und Gruselspa\u00df lieben! Was ist [&hellip;]","og_url":"https:\/\/ses-creative.com\/de\/produkt\/giessen-und-anmalen-gruseltiere\/","og_site_name":"SES Creative","article_modified_time":"2026-02-06T09:51:17+00:00","twitter_card":"summary_large_image","twitter_misc":{"Gesch\u00e4tzte Lesezeit":"1\u00a0Minute"},"schema":{"@context":"https:\/\/schema.org","@graph":[{"@type":"WebPage","@id":"https:\/\/ses-creative.com\/de\/produkt\/giessen-und-anmalen-gruseltiere\/","url":"https:\/\/ses-creative.com\/de\/produkt\/giessen-und-anmalen-gruseltiere\/","name":"Gie\u00dfen und anmalen - Gruseltiere - SES Creative","isPartOf":{"@id":"https:\/\/ses-creative.com\/#website"},"primaryImageOfPage":{"@id":"https:\/\/ses-creative.com\/de\/produkt\/giessen-und-anmalen-gruseltiere\/#primaryimage"},"image":{"@id":"https:\/\/ses-creative.com\/de\/produkt\/giessen-und-anmalen-gruseltiere\/#primaryimage"},"thumbnailUrl":"https:\/\/ses-creative.com\/wp-content\/uploads\/2026\/01\/011531.jpg","datePublished":"2026-02-05T13:52:12+00:00","dateModified":"2026-02-06T09:51:17+00:00","breadcrumb":{"@id":"https:\/\/ses-creative.com\/de\/produkt\/giessen-und-anmalen-gruseltiere\/#breadcrumb"},"inLanguage":"de","potentialAction":[{"@type":"ReadAction","target":["https:\/\/ses-creative.com\/de\/produkt\/giessen-und-anmalen-gruseltiere\/"]}]},{"@type":"ImageObject","inLanguage":"de","@id":"https:\/\/ses-creative.com\/de\/produkt\/giessen-und-anmalen-gruseltiere\/#primaryimage","url":"https:\/\/ses-creative.com\/wp-content\/uploads\/2026\/01\/011531.jpg","contentUrl":"https:\/\/ses-creative.com\/wp-content\/uploads\/2026\/01\/011531.jpg","width":1000,"height":1000},{"@type":"BreadcrumbList","@id":"https:\/\/ses-creative.com\/de\/produkt\/giessen-und-anmalen-gruseltiere\/#breadcrumb","itemListElement":[{"@type":"ListItem","position":1,"name":"Shop","item":"https:\/\/ses-creative.com\/de\/shop\/"},{"@type":"ListItem","position":2,"name":"Basteln","item":"https:\/\/ses-creative.com\/de\/product-categorie\/basteln\/"},{"@type":"ListItem","position":3,"name":"Gie\u00dfen und anmalen &#8211; Gruseltiere"}]},{"@type":"WebSite","@id":"https:\/\/ses-creative.com\/#website","url":"https:\/\/ses-creative.com\/","name":"SES Creative","description":"","publisher":{"@id":"https:\/\/ses-creative.com\/#organization"},"potentialAction":[{"@type":"SearchAction","target":{"@type":"EntryPoint","urlTemplate":"https:\/\/ses-creative.com\/?s={search_term_string}"},"query-input":{"@type":"PropertyValueSpecification","valueRequired":true,"valueName":"search_term_string"}}],"inLanguage":"de"},{"@type":"Organization","@id":"https:\/\/ses-creative.com\/#organization","name":"SES Creative","url":"https:\/\/ses-creative.com\/","logo":{"@type":"ImageObject","inLanguage":"de","@id":"https:\/\/ses-creative.com\/#\/schema\/logo\/image\/","url":"https:\/\/ses-creative.com\/wp-content\/uploads\/2025\/10\/ses-creative-logo.jpg","contentUrl":"https:\/\/ses-creative.com\/wp-content\/uploads\/2025\/10\/ses-creative-logo.jpg","width":2037,"height":2037,"caption":"SES Creative"},"image":{"@id":"https:\/\/ses-creative.com\/#\/schema\/logo\/image\/"}}]}},"_links":{"self":[{"href":"https:\/\/ses-creative.com\/de\/wp-json\/wp\/v2\/product\/114444","targetHints":{"allow":["GET"]}}],"collection":[{"href":"https:\/\/ses-creative.com\/de\/wp-json\/wp\/v2\/product"}],"about":[{"href":"https:\/\/ses-creative.com\/de\/wp-json\/wp\/v2\/types\/product"}],"replies":[{"embeddable":true,"href":"https:\/\/ses-creative.com\/de\/wp-json\/wp\/v2\/comments?post=114444"}],"wp:featuredmedia":[{"embeddable":true,"href":"https:\/\/ses-creative.com\/de\/wp-json\/wp\/v2\/media\/98408"}],"wp:attachment":[{"href":"https:\/\/ses-creative.com\/de\/wp-json\/wp\/v2\/media?parent=114444"}],"wp:term":[{"taxonomy":"product_brand","embeddable":true,"href":"https:\/\/ses-creative.com\/de\/wp-json\/wp\/v2\/product_brand?post=114444"},{"taxonomy":"product_cat","embeddable":true,"href":"https:\/\/ses-creative.com\/de\/wp-json\/wp\/v2\/product_cat?post=114444"},{"taxonomy":"product_tag","embeddable":true,"href":"https:\/\/ses-creative.com\/de\/wp-json\/wp\/v2\/product_tag?post=114444"}],"curies":[{"name":"wp","href":"https:\/\/api.w.org\/{rel}","templated":true}]}}