











{"id":114438,"date":"2026-02-05T13:52:11","date_gmt":"2026-02-05T13:52:11","guid":{"rendered":"https:\/\/ses-creative.com\/?post_type=product&#038;p=114438"},"modified":"2026-02-06T09:51:16","modified_gmt":"2026-02-06T09:51:16","slug":"giessen-und-anmalen-glitzerschmetterlinge","status":"publish","type":"product","link":"https:\/\/ses-creative.com\/de\/produkt\/giessen-und-anmalen-glitzerschmetterlinge\/","title":{"rendered":"Gie\u00dfen und anmalen &#8211; Glitzerschmetterlinge"},"content":{"rendered":"<p>Mit dem **Gipsabdruck-Set Glitzernde Schmetterlinge** von SES Creative k\u00f6nnen Kinder wundersch\u00f6ne Relieffiguren von **Schmetterlingen und Libellen** herstellen. Das komplette Set enth\u00e4lt eine **gro\u00dfe, detaillierte Gie\u00dfform**, schnell trocknenden **Gips**, 6 Farben **Glitzerfarbe**, einen Pinsel und **Glitzerpailletten** f\u00fcr eine gl\u00e4nzende Dekoration. Die Aktivit\u00e4t ist ideal, um die **Kreativit\u00e4t und die Feinmotorik** zu f\u00f6rdern. Die Kinder k\u00f6nnen ihre Abg\u00fcsse mit leuchtenden Farben und einer guten Deckung **bemalen und individuell gestalten**. Der **Gips trocknet schnell**, sodass man ohne lange Wartezeiten mit dem Dekorieren beginnen kann. Die **ausf\u00fchrlichen Anleitungen** auf der R\u00fcckseite der Verpackung leiten Kinder an, damit jeder Schritt beim Gie\u00dfen gelingt. Au\u00dferdem lassen sich **Farbe und Gips leicht** aus dem Gewebe und von der Haut entfernen, sodass eine sichere Verwendung gew\u00e4hrleistet ist. Dieses Set eignet sich f\u00fcr Kinder ab **5 Jahren** und ist eine **hervorragende Geschenkidee** f\u00fcr einen **Geburtstag oder eine k\u00fcnstlerische Aktivit\u00e4t zu Hause**. Schenken Sie Ihrem Kind mit diesem einzigartigen Gie\u00dfset ein kreatives und spielerisches Erlebnis!<\/p>\n","protected":false},"excerpt":{"rendered":"<p>Mit dem **Gipsabdruck-Set Glitzernde Schmetterlinge** von SES Creative k\u00f6nnen Kinder wundersch\u00f6ne Relieffiguren von **Schmetterlingen und Libellen** herstellen. Das komplette Set enth\u00e4lt eine **gro\u00dfe, detaillierte Gie\u00dfform**, schnell trocknenden **Gips**, 6 Farben **Glitzerfarbe**, einen Pinsel und **Glitzerpailletten** f\u00fcr eine gl\u00e4nzende Dekoration. Die Aktivit\u00e4t ist ideal, um die **Kreativit\u00e4t und die Feinmotorik** zu f\u00f6rdern. Die Kinder k\u00f6nnen ihre [&hellip;]<\/p>\n","protected":false},"featured_media":98308,"comment_status":"closed","ping_status":"closed","template":"","meta":{"_acf_changed":false},"product_brand":[],"product_cat":[115],"product_tag":[],"class_list":{"0":"post-114438","1":"product","2":"type-product","3":"status-publish","4":"has-post-thumbnail","6":"product_cat-basteln","7":"pa_leeftijd-filter-4-6-jahre","8":"pa_meest-populair-bij-maedchen","10":"first","11":"instock","12":"shipping-taxable","13":"product-type-simple"},"acf":[],"yoast_head":"<!-- This site is optimized with the Yoast SEO plugin v27.2 - https:\/\/yoast.com\/product\/yoast-seo-wordpress\/ -->\n<title>Gie\u00dfen und anmalen - Glitzerschmetterlinge - SES Creative<\/title>\n<meta name=\"robots\" content=\"index, follow, max-snippet:-1, max-image-preview:large, max-video-preview:-1\" \/>\n<link rel=\"canonical\" href=\"https:\/\/ses-creative.com\/de\/produkt\/giessen-und-anmalen-glitzerschmetterlinge\/\" \/>\n<meta property=\"og:locale\" content=\"de_DE\" \/>\n<meta property=\"og:type\" content=\"article\" \/>\n<meta property=\"og:title\" content=\"Gie\u00dfen und anmalen - Glitzerschmetterlinge - SES Creative\" \/>\n<meta property=\"og:description\" content=\"Mit dem **Gipsabdruck-Set Glitzernde Schmetterlinge** von SES Creative k\u00f6nnen Kinder wundersch\u00f6ne Relieffiguren von **Schmetterlingen und Libellen** herstellen. Das komplette Set enth\u00e4lt eine **gro\u00dfe, detaillierte Gie\u00dfform**, schnell trocknenden **Gips**, 6 Farben **Glitzerfarbe**, einen Pinsel und **Glitzerpailletten** f\u00fcr eine gl\u00e4nzende Dekoration. Die Aktivit\u00e4t ist ideal, um die **Kreativit\u00e4t und die Feinmotorik** zu f\u00f6rdern. Die Kinder k\u00f6nnen ihre [&hellip;]\" \/>\n<meta property=\"og:url\" content=\"https:\/\/ses-creative.com\/de\/produkt\/giessen-und-anmalen-glitzerschmetterlinge\/\" \/>\n<meta property=\"og:site_name\" content=\"SES Creative\" \/>\n<meta property=\"article:modified_time\" content=\"2026-02-06T09:51:16+00:00\" \/>\n<meta name=\"twitter:card\" content=\"summary_large_image\" \/>\n<meta name=\"twitter:label1\" content=\"Gesch\u00e4tzte Lesezeit\" \/>\n\t<meta name=\"twitter:data1\" content=\"1\u00a0Minute\" \/>\n<script type=\"application\/ld+json\" class=\"yoast-schema-graph\">{\"@context\":\"https:\/\/schema.org\",\"@graph\":[{\"@type\":\"WebPage\",\"@id\":\"https:\/\/ses-creative.com\/de\/produkt\/giessen-und-anmalen-glitzerschmetterlinge\/\",\"url\":\"https:\/\/ses-creative.com\/de\/produkt\/giessen-und-anmalen-glitzerschmetterlinge\/\",\"name\":\"Gie\u00dfen und anmalen - Glitzerschmetterlinge - SES Creative\",\"isPartOf\":{\"@id\":\"https:\/\/ses-creative.com\/#website\"},\"primaryImageOfPage\":{\"@id\":\"https:\/\/ses-creative.com\/de\/produkt\/giessen-und-anmalen-glitzerschmetterlinge\/#primaryimage\"},\"image\":{\"@id\":\"https:\/\/ses-creative.com\/de\/produkt\/giessen-und-anmalen-glitzerschmetterlinge\/#primaryimage\"},\"thumbnailUrl\":\"https:\/\/ses-creative.com\/wp-content\/uploads\/2026\/01\/011311.jpg\",\"datePublished\":\"2026-02-05T13:52:11+00:00\",\"dateModified\":\"2026-02-06T09:51:16+00:00\",\"breadcrumb\":{\"@id\":\"https:\/\/ses-creative.com\/de\/produkt\/giessen-und-anmalen-glitzerschmetterlinge\/#breadcrumb\"},\"inLanguage\":\"de\",\"potentialAction\":[{\"@type\":\"ReadAction\",\"target\":[\"https:\/\/ses-creative.com\/de\/produkt\/giessen-und-anmalen-glitzerschmetterlinge\/\"]}]},{\"@type\":\"ImageObject\",\"inLanguage\":\"de\",\"@id\":\"https:\/\/ses-creative.com\/de\/produkt\/giessen-und-anmalen-glitzerschmetterlinge\/#primaryimage\",\"url\":\"https:\/\/ses-creative.com\/wp-content\/uploads\/2026\/01\/011311.jpg\",\"contentUrl\":\"https:\/\/ses-creative.com\/wp-content\/uploads\/2026\/01\/011311.jpg\",\"width\":1000,\"height\":1000},{\"@type\":\"BreadcrumbList\",\"@id\":\"https:\/\/ses-creative.com\/de\/produkt\/giessen-und-anmalen-glitzerschmetterlinge\/#breadcrumb\",\"itemListElement\":[{\"@type\":\"ListItem\",\"position\":1,\"name\":\"Shop\",\"item\":\"https:\/\/ses-creative.com\/de\/shop\/\"},{\"@type\":\"ListItem\",\"position\":2,\"name\":\"Basteln\",\"item\":\"https:\/\/ses-creative.com\/de\/product-categorie\/basteln\/\"},{\"@type\":\"ListItem\",\"position\":3,\"name\":\"Gie\u00dfen und anmalen &#8211; Glitzerschmetterlinge\"}]},{\"@type\":\"WebSite\",\"@id\":\"https:\/\/ses-creative.com\/#website\",\"url\":\"https:\/\/ses-creative.com\/\",\"name\":\"SES Creative\",\"description\":\"\",\"publisher\":{\"@id\":\"https:\/\/ses-creative.com\/#organization\"},\"potentialAction\":[{\"@type\":\"SearchAction\",\"target\":{\"@type\":\"EntryPoint\",\"urlTemplate\":\"https:\/\/ses-creative.com\/?s={search_term_string}\"},\"query-input\":{\"@type\":\"PropertyValueSpecification\",\"valueRequired\":true,\"valueName\":\"search_term_string\"}}],\"inLanguage\":\"de\"},{\"@type\":\"Organization\",\"@id\":\"https:\/\/ses-creative.com\/#organization\",\"name\":\"SES Creative\",\"url\":\"https:\/\/ses-creative.com\/\",\"logo\":{\"@type\":\"ImageObject\",\"inLanguage\":\"de\",\"@id\":\"https:\/\/ses-creative.com\/#\/schema\/logo\/image\/\",\"url\":\"https:\/\/ses-creative.com\/wp-content\/uploads\/2025\/10\/ses-creative-logo.jpg\",\"contentUrl\":\"https:\/\/ses-creative.com\/wp-content\/uploads\/2025\/10\/ses-creative-logo.jpg\",\"width\":2037,\"height\":2037,\"caption\":\"SES Creative\"},\"image\":{\"@id\":\"https:\/\/ses-creative.com\/#\/schema\/logo\/image\/\"}}]}<\/script>\n<!-- \/ Yoast SEO plugin. -->","yoast_head_json":{"title":"Gie\u00dfen und anmalen - Glitzerschmetterlinge - SES Creative","robots":{"index":"index","follow":"follow","max-snippet":"max-snippet:-1","max-image-preview":"max-image-preview:large","max-video-preview":"max-video-preview:-1"},"canonical":"https:\/\/ses-creative.com\/de\/produkt\/giessen-und-anmalen-glitzerschmetterlinge\/","og_locale":"de_DE","og_type":"article","og_title":"Gie\u00dfen und anmalen - Glitzerschmetterlinge - SES Creative","og_description":"Mit dem **Gipsabdruck-Set Glitzernde Schmetterlinge** von SES Creative k\u00f6nnen Kinder wundersch\u00f6ne Relieffiguren von **Schmetterlingen und Libellen** herstellen. Das komplette Set enth\u00e4lt eine **gro\u00dfe, detaillierte Gie\u00dfform**, schnell trocknenden **Gips**, 6 Farben **Glitzerfarbe**, einen Pinsel und **Glitzerpailletten** f\u00fcr eine gl\u00e4nzende Dekoration. Die Aktivit\u00e4t ist ideal, um die **Kreativit\u00e4t und die Feinmotorik** zu f\u00f6rdern. Die Kinder k\u00f6nnen ihre [&hellip;]","og_url":"https:\/\/ses-creative.com\/de\/produkt\/giessen-und-anmalen-glitzerschmetterlinge\/","og_site_name":"SES Creative","article_modified_time":"2026-02-06T09:51:16+00:00","twitter_card":"summary_large_image","twitter_misc":{"Gesch\u00e4tzte Lesezeit":"1\u00a0Minute"},"schema":{"@context":"https:\/\/schema.org","@graph":[{"@type":"WebPage","@id":"https:\/\/ses-creative.com\/de\/produkt\/giessen-und-anmalen-glitzerschmetterlinge\/","url":"https:\/\/ses-creative.com\/de\/produkt\/giessen-und-anmalen-glitzerschmetterlinge\/","name":"Gie\u00dfen und anmalen - Glitzerschmetterlinge - SES Creative","isPartOf":{"@id":"https:\/\/ses-creative.com\/#website"},"primaryImageOfPage":{"@id":"https:\/\/ses-creative.com\/de\/produkt\/giessen-und-anmalen-glitzerschmetterlinge\/#primaryimage"},"image":{"@id":"https:\/\/ses-creative.com\/de\/produkt\/giessen-und-anmalen-glitzerschmetterlinge\/#primaryimage"},"thumbnailUrl":"https:\/\/ses-creative.com\/wp-content\/uploads\/2026\/01\/011311.jpg","datePublished":"2026-02-05T13:52:11+00:00","dateModified":"2026-02-06T09:51:16+00:00","breadcrumb":{"@id":"https:\/\/ses-creative.com\/de\/produkt\/giessen-und-anmalen-glitzerschmetterlinge\/#breadcrumb"},"inLanguage":"de","potentialAction":[{"@type":"ReadAction","target":["https:\/\/ses-creative.com\/de\/produkt\/giessen-und-anmalen-glitzerschmetterlinge\/"]}]},{"@type":"ImageObject","inLanguage":"de","@id":"https:\/\/ses-creative.com\/de\/produkt\/giessen-und-anmalen-glitzerschmetterlinge\/#primaryimage","url":"https:\/\/ses-creative.com\/wp-content\/uploads\/2026\/01\/011311.jpg","contentUrl":"https:\/\/ses-creative.com\/wp-content\/uploads\/2026\/01\/011311.jpg","width":1000,"height":1000},{"@type":"BreadcrumbList","@id":"https:\/\/ses-creative.com\/de\/produkt\/giessen-und-anmalen-glitzerschmetterlinge\/#breadcrumb","itemListElement":[{"@type":"ListItem","position":1,"name":"Shop","item":"https:\/\/ses-creative.com\/de\/shop\/"},{"@type":"ListItem","position":2,"name":"Basteln","item":"https:\/\/ses-creative.com\/de\/product-categorie\/basteln\/"},{"@type":"ListItem","position":3,"name":"Gie\u00dfen und anmalen &#8211; Glitzerschmetterlinge"}]},{"@type":"WebSite","@id":"https:\/\/ses-creative.com\/#website","url":"https:\/\/ses-creative.com\/","name":"SES Creative","description":"","publisher":{"@id":"https:\/\/ses-creative.com\/#organization"},"potentialAction":[{"@type":"SearchAction","target":{"@type":"EntryPoint","urlTemplate":"https:\/\/ses-creative.com\/?s={search_term_string}"},"query-input":{"@type":"PropertyValueSpecification","valueRequired":true,"valueName":"search_term_string"}}],"inLanguage":"de"},{"@type":"Organization","@id":"https:\/\/ses-creative.com\/#organization","name":"SES Creative","url":"https:\/\/ses-creative.com\/","logo":{"@type":"ImageObject","inLanguage":"de","@id":"https:\/\/ses-creative.com\/#\/schema\/logo\/image\/","url":"https:\/\/ses-creative.com\/wp-content\/uploads\/2025\/10\/ses-creative-logo.jpg","contentUrl":"https:\/\/ses-creative.com\/wp-content\/uploads\/2025\/10\/ses-creative-logo.jpg","width":2037,"height":2037,"caption":"SES Creative"},"image":{"@id":"https:\/\/ses-creative.com\/#\/schema\/logo\/image\/"}}]}},"_links":{"self":[{"href":"https:\/\/ses-creative.com\/de\/wp-json\/wp\/v2\/product\/114438","targetHints":{"allow":["GET"]}}],"collection":[{"href":"https:\/\/ses-creative.com\/de\/wp-json\/wp\/v2\/product"}],"about":[{"href":"https:\/\/ses-creative.com\/de\/wp-json\/wp\/v2\/types\/product"}],"replies":[{"embeddable":true,"href":"https:\/\/ses-creative.com\/de\/wp-json\/wp\/v2\/comments?post=114438"}],"wp:featuredmedia":[{"embeddable":true,"href":"https:\/\/ses-creative.com\/de\/wp-json\/wp\/v2\/media\/98308"}],"wp:attachment":[{"href":"https:\/\/ses-creative.com\/de\/wp-json\/wp\/v2\/media?parent=114438"}],"wp:term":[{"taxonomy":"product_brand","embeddable":true,"href":"https:\/\/ses-creative.com\/de\/wp-json\/wp\/v2\/product_brand?post=114438"},{"taxonomy":"product_cat","embeddable":true,"href":"https:\/\/ses-creative.com\/de\/wp-json\/wp\/v2\/product_cat?post=114438"},{"taxonomy":"product_tag","embeddable":true,"href":"https:\/\/ses-creative.com\/de\/wp-json\/wp\/v2\/product_tag?post=114438"}],"curies":[{"name":"wp","href":"https:\/\/api.w.org\/{rel}","templated":true}]}}