











{"id":114437,"date":"2026-02-05T13:52:11","date_gmt":"2026-02-05T13:52:11","guid":{"rendered":"https:\/\/ses-creative.com\/?post_type=product&#038;p=114437"},"modified":"2026-02-06T09:51:16","modified_gmt":"2026-02-06T09:51:16","slug":"holzkonstruktionsset","status":"publish","type":"product","link":"https:\/\/ses-creative.com\/de\/produkt\/holzkonstruktionsset\/","title":{"rendered":"Holzkonstruktionsset"},"content":{"rendered":"<p>Bauen Sie die sch\u00f6nsten Kreationen mit dem Holz-Bastelset!<\/p>\n<p>Mit dem Holz-Bastelset von SES Creative haben junge Baumeister alle Freiheiten, ihre eigenen Holzkunstwerke zu gestalten. Die verschiedenen Formen und Gr\u00f6\u00dfen der Holzst\u00fccke lassen sich mit Verbindungsstiften fest miteinander verbinden.<\/p>\n<p>Inhalt der Verpackung<\/p>\n<p>Verschiedene Holzteile in unterschiedlichen Formen und Gr\u00f6\u00dfen<\/p>\n<p>Verbindungsstifte<\/p>\n<p>Kleber<\/p>\n<p>Einzigartige Eigenschaften<\/p>\n<p>Echte Holzteile<\/p>\n<p>Unbegrenzte Baum\u00f6glichkeiten mit stabilen Verbindungen<\/p>\n<p>F\u00f6rdert Kreativit\u00e4t und technische F\u00e4higkeiten<\/p>\n<p>Geeignet f\u00fcr Kinder ab 3 Jahren<\/p>\n<p>Entwerfen Sie Ihre eigenen Kunstwerke aus Holz<br \/>\nMit diesem vielseitigen Set lernen Kinder spielerisch zu bauen und zu experimentieren. Die robusten Teile und Verbindungsstifte machen es einfach, immer wieder neue Kreationen zu bauen.<\/p>\n","protected":false},"excerpt":{"rendered":"<p>Bauen Sie die sch\u00f6nsten Kreationen mit dem Holz-Bastelset! Mit dem Holz-Bastelset von SES Creative haben junge Baumeister alle Freiheiten, ihre eigenen Holzkunstwerke zu gestalten. Die verschiedenen Formen und Gr\u00f6\u00dfen der Holzst\u00fccke lassen sich mit Verbindungsstiften fest miteinander verbinden. Inhalt der Verpackung Verschiedene Holzteile in unterschiedlichen Formen und Gr\u00f6\u00dfen Verbindungsstifte Kleber Einzigartige Eigenschaften Echte Holzteile Unbegrenzte [&hellip;]<\/p>\n","protected":false},"featured_media":94408,"comment_status":"closed","ping_status":"closed","template":"","meta":{"_acf_changed":false},"product_brand":[],"product_cat":[115],"product_tag":[],"class_list":{"0":"post-114437","1":"product","2":"type-product","3":"status-publish","4":"has-post-thumbnail","6":"product_cat-basteln","7":"pa_leeftijd-filter-3-4-jahre","8":"pa_meest-populair-bij-jungen","10":"first","11":"instock","12":"shipping-taxable","13":"product-type-simple"},"acf":[],"yoast_head":"<!-- This site is optimized with the Yoast SEO plugin v27.2 - https:\/\/yoast.com\/product\/yoast-seo-wordpress\/ -->\n<title>Holzkonstruktionsset - SES Creative<\/title>\n<meta name=\"robots\" content=\"index, follow, max-snippet:-1, max-image-preview:large, max-video-preview:-1\" \/>\n<link rel=\"canonical\" href=\"https:\/\/ses-creative.com\/de\/produkt\/holzkonstruktionsset\/\" \/>\n<meta property=\"og:locale\" content=\"de_DE\" \/>\n<meta property=\"og:type\" content=\"article\" \/>\n<meta property=\"og:title\" content=\"Holzkonstruktionsset - SES Creative\" \/>\n<meta property=\"og:description\" content=\"Bauen Sie die sch\u00f6nsten Kreationen mit dem Holz-Bastelset! Mit dem Holz-Bastelset von SES Creative haben junge Baumeister alle Freiheiten, ihre eigenen Holzkunstwerke zu gestalten. Die verschiedenen Formen und Gr\u00f6\u00dfen der Holzst\u00fccke lassen sich mit Verbindungsstiften fest miteinander verbinden. Inhalt der Verpackung Verschiedene Holzteile in unterschiedlichen Formen und Gr\u00f6\u00dfen Verbindungsstifte Kleber Einzigartige Eigenschaften Echte Holzteile Unbegrenzte [&hellip;]\" \/>\n<meta property=\"og:url\" content=\"https:\/\/ses-creative.com\/de\/produkt\/holzkonstruktionsset\/\" \/>\n<meta property=\"og:site_name\" content=\"SES Creative\" \/>\n<meta property=\"article:modified_time\" content=\"2026-02-06T09:51:16+00:00\" \/>\n<meta name=\"twitter:card\" content=\"summary_large_image\" \/>\n<meta name=\"twitter:label1\" content=\"Gesch\u00e4tzte Lesezeit\" \/>\n\t<meta name=\"twitter:data1\" content=\"1\u00a0Minute\" \/>\n<script type=\"application\/ld+json\" class=\"yoast-schema-graph\">{\"@context\":\"https:\/\/schema.org\",\"@graph\":[{\"@type\":\"WebPage\",\"@id\":\"https:\/\/ses-creative.com\/de\/produkt\/holzkonstruktionsset\/\",\"url\":\"https:\/\/ses-creative.com\/de\/produkt\/holzkonstruktionsset\/\",\"name\":\"Holzkonstruktionsset - SES Creative\",\"isPartOf\":{\"@id\":\"https:\/\/ses-creative.com\/#website\"},\"primaryImageOfPage\":{\"@id\":\"https:\/\/ses-creative.com\/de\/produkt\/holzkonstruktionsset\/#primaryimage\"},\"image\":{\"@id\":\"https:\/\/ses-creative.com\/de\/produkt\/holzkonstruktionsset\/#primaryimage\"},\"thumbnailUrl\":\"https:\/\/ses-creative.com\/wp-content\/uploads\/2026\/01\/009451.jpg\",\"datePublished\":\"2026-02-05T13:52:11+00:00\",\"dateModified\":\"2026-02-06T09:51:16+00:00\",\"breadcrumb\":{\"@id\":\"https:\/\/ses-creative.com\/de\/produkt\/holzkonstruktionsset\/#breadcrumb\"},\"inLanguage\":\"de\",\"potentialAction\":[{\"@type\":\"ReadAction\",\"target\":[\"https:\/\/ses-creative.com\/de\/produkt\/holzkonstruktionsset\/\"]}]},{\"@type\":\"ImageObject\",\"inLanguage\":\"de\",\"@id\":\"https:\/\/ses-creative.com\/de\/produkt\/holzkonstruktionsset\/#primaryimage\",\"url\":\"https:\/\/ses-creative.com\/wp-content\/uploads\/2026\/01\/009451.jpg\",\"contentUrl\":\"https:\/\/ses-creative.com\/wp-content\/uploads\/2026\/01\/009451.jpg\",\"width\":1000,\"height\":1000},{\"@type\":\"BreadcrumbList\",\"@id\":\"https:\/\/ses-creative.com\/de\/produkt\/holzkonstruktionsset\/#breadcrumb\",\"itemListElement\":[{\"@type\":\"ListItem\",\"position\":1,\"name\":\"Shop\",\"item\":\"https:\/\/ses-creative.com\/de\/shop\/\"},{\"@type\":\"ListItem\",\"position\":2,\"name\":\"Basteln\",\"item\":\"https:\/\/ses-creative.com\/de\/product-categorie\/basteln\/\"},{\"@type\":\"ListItem\",\"position\":3,\"name\":\"Holzkonstruktionsset\"}]},{\"@type\":\"WebSite\",\"@id\":\"https:\/\/ses-creative.com\/#website\",\"url\":\"https:\/\/ses-creative.com\/\",\"name\":\"SES Creative\",\"description\":\"\",\"publisher\":{\"@id\":\"https:\/\/ses-creative.com\/#organization\"},\"potentialAction\":[{\"@type\":\"SearchAction\",\"target\":{\"@type\":\"EntryPoint\",\"urlTemplate\":\"https:\/\/ses-creative.com\/?s={search_term_string}\"},\"query-input\":{\"@type\":\"PropertyValueSpecification\",\"valueRequired\":true,\"valueName\":\"search_term_string\"}}],\"inLanguage\":\"de\"},{\"@type\":\"Organization\",\"@id\":\"https:\/\/ses-creative.com\/#organization\",\"name\":\"SES Creative\",\"url\":\"https:\/\/ses-creative.com\/\",\"logo\":{\"@type\":\"ImageObject\",\"inLanguage\":\"de\",\"@id\":\"https:\/\/ses-creative.com\/#\/schema\/logo\/image\/\",\"url\":\"https:\/\/ses-creative.com\/wp-content\/uploads\/2025\/10\/ses-creative-logo.jpg\",\"contentUrl\":\"https:\/\/ses-creative.com\/wp-content\/uploads\/2025\/10\/ses-creative-logo.jpg\",\"width\":2037,\"height\":2037,\"caption\":\"SES Creative\"},\"image\":{\"@id\":\"https:\/\/ses-creative.com\/#\/schema\/logo\/image\/\"}}]}<\/script>\n<!-- \/ Yoast SEO plugin. -->","yoast_head_json":{"title":"Holzkonstruktionsset - SES Creative","robots":{"index":"index","follow":"follow","max-snippet":"max-snippet:-1","max-image-preview":"max-image-preview:large","max-video-preview":"max-video-preview:-1"},"canonical":"https:\/\/ses-creative.com\/de\/produkt\/holzkonstruktionsset\/","og_locale":"de_DE","og_type":"article","og_title":"Holzkonstruktionsset - SES Creative","og_description":"Bauen Sie die sch\u00f6nsten Kreationen mit dem Holz-Bastelset! Mit dem Holz-Bastelset von SES Creative haben junge Baumeister alle Freiheiten, ihre eigenen Holzkunstwerke zu gestalten. Die verschiedenen Formen und Gr\u00f6\u00dfen der Holzst\u00fccke lassen sich mit Verbindungsstiften fest miteinander verbinden. Inhalt der Verpackung Verschiedene Holzteile in unterschiedlichen Formen und Gr\u00f6\u00dfen Verbindungsstifte Kleber Einzigartige Eigenschaften Echte Holzteile Unbegrenzte [&hellip;]","og_url":"https:\/\/ses-creative.com\/de\/produkt\/holzkonstruktionsset\/","og_site_name":"SES Creative","article_modified_time":"2026-02-06T09:51:16+00:00","twitter_card":"summary_large_image","twitter_misc":{"Gesch\u00e4tzte Lesezeit":"1\u00a0Minute"},"schema":{"@context":"https:\/\/schema.org","@graph":[{"@type":"WebPage","@id":"https:\/\/ses-creative.com\/de\/produkt\/holzkonstruktionsset\/","url":"https:\/\/ses-creative.com\/de\/produkt\/holzkonstruktionsset\/","name":"Holzkonstruktionsset - SES Creative","isPartOf":{"@id":"https:\/\/ses-creative.com\/#website"},"primaryImageOfPage":{"@id":"https:\/\/ses-creative.com\/de\/produkt\/holzkonstruktionsset\/#primaryimage"},"image":{"@id":"https:\/\/ses-creative.com\/de\/produkt\/holzkonstruktionsset\/#primaryimage"},"thumbnailUrl":"https:\/\/ses-creative.com\/wp-content\/uploads\/2026\/01\/009451.jpg","datePublished":"2026-02-05T13:52:11+00:00","dateModified":"2026-02-06T09:51:16+00:00","breadcrumb":{"@id":"https:\/\/ses-creative.com\/de\/produkt\/holzkonstruktionsset\/#breadcrumb"},"inLanguage":"de","potentialAction":[{"@type":"ReadAction","target":["https:\/\/ses-creative.com\/de\/produkt\/holzkonstruktionsset\/"]}]},{"@type":"ImageObject","inLanguage":"de","@id":"https:\/\/ses-creative.com\/de\/produkt\/holzkonstruktionsset\/#primaryimage","url":"https:\/\/ses-creative.com\/wp-content\/uploads\/2026\/01\/009451.jpg","contentUrl":"https:\/\/ses-creative.com\/wp-content\/uploads\/2026\/01\/009451.jpg","width":1000,"height":1000},{"@type":"BreadcrumbList","@id":"https:\/\/ses-creative.com\/de\/produkt\/holzkonstruktionsset\/#breadcrumb","itemListElement":[{"@type":"ListItem","position":1,"name":"Shop","item":"https:\/\/ses-creative.com\/de\/shop\/"},{"@type":"ListItem","position":2,"name":"Basteln","item":"https:\/\/ses-creative.com\/de\/product-categorie\/basteln\/"},{"@type":"ListItem","position":3,"name":"Holzkonstruktionsset"}]},{"@type":"WebSite","@id":"https:\/\/ses-creative.com\/#website","url":"https:\/\/ses-creative.com\/","name":"SES Creative","description":"","publisher":{"@id":"https:\/\/ses-creative.com\/#organization"},"potentialAction":[{"@type":"SearchAction","target":{"@type":"EntryPoint","urlTemplate":"https:\/\/ses-creative.com\/?s={search_term_string}"},"query-input":{"@type":"PropertyValueSpecification","valueRequired":true,"valueName":"search_term_string"}}],"inLanguage":"de"},{"@type":"Organization","@id":"https:\/\/ses-creative.com\/#organization","name":"SES Creative","url":"https:\/\/ses-creative.com\/","logo":{"@type":"ImageObject","inLanguage":"de","@id":"https:\/\/ses-creative.com\/#\/schema\/logo\/image\/","url":"https:\/\/ses-creative.com\/wp-content\/uploads\/2025\/10\/ses-creative-logo.jpg","contentUrl":"https:\/\/ses-creative.com\/wp-content\/uploads\/2025\/10\/ses-creative-logo.jpg","width":2037,"height":2037,"caption":"SES Creative"},"image":{"@id":"https:\/\/ses-creative.com\/#\/schema\/logo\/image\/"}}]}},"_links":{"self":[{"href":"https:\/\/ses-creative.com\/de\/wp-json\/wp\/v2\/product\/114437","targetHints":{"allow":["GET"]}}],"collection":[{"href":"https:\/\/ses-creative.com\/de\/wp-json\/wp\/v2\/product"}],"about":[{"href":"https:\/\/ses-creative.com\/de\/wp-json\/wp\/v2\/types\/product"}],"replies":[{"embeddable":true,"href":"https:\/\/ses-creative.com\/de\/wp-json\/wp\/v2\/comments?post=114437"}],"wp:featuredmedia":[{"embeddable":true,"href":"https:\/\/ses-creative.com\/de\/wp-json\/wp\/v2\/media\/94408"}],"wp:attachment":[{"href":"https:\/\/ses-creative.com\/de\/wp-json\/wp\/v2\/media?parent=114437"}],"wp:term":[{"taxonomy":"product_brand","embeddable":true,"href":"https:\/\/ses-creative.com\/de\/wp-json\/wp\/v2\/product_brand?post=114437"},{"taxonomy":"product_cat","embeddable":true,"href":"https:\/\/ses-creative.com\/de\/wp-json\/wp\/v2\/product_cat?post=114437"},{"taxonomy":"product_tag","embeddable":true,"href":"https:\/\/ses-creative.com\/de\/wp-json\/wp\/v2\/product_tag?post=114437"}],"curies":[{"name":"wp","href":"https:\/\/api.w.org\/{rel}","templated":true}]}}