











{"id":114436,"date":"2026-02-05T13:52:11","date_gmt":"2026-02-05T13:52:11","guid":{"rendered":"https:\/\/ses-creative.com\/?post_type=product&#038;p=114436"},"modified":"2026-02-06T09:51:16","modified_gmt":"2026-02-06T09:51:16","slug":"werkzeugset-luxus","status":"publish","type":"product","link":"https:\/\/ses-creative.com\/de\/produkt\/werkzeugset-luxus\/","title":{"rendered":"Werkzeugset Luxus"},"content":{"rendered":"<p>Das Deluxe-Holzbau-Set von SES Creative ist ein Holzwerkstatt-Kit, das Kinder ab 5 Jahren spielerisch ans kreative Basteln heranf\u00fchrt. Enthalten sind eine S\u00e4ge, ein Hammer, eine Gehrungslade, Holzleim, eine Sicherheits-Hand und N\u00e4gel. Mit diesem Holzbaukasten lernen Kinder, Holzteile wie kleine Tischler zu s\u00e4gen und zu montieren. Es gibt gef\u00fchrte und freie Projekte: Fahrzeuge, Boote, Flugzeuge oder eigene Ideen. Das Spiel f\u00f6rdert Feinmotorik, Pr\u00e4zision, logisches Denken und Konzentration. Die Sicherheits-Hand hilft beim sicheren H\u00e4mmern und st\u00e4rkt gleichzeitig die Eigenst\u00e4ndigkeit. Die Materialien sind robust, langlebig und leicht zu reinigen. Wie alle SES Creative Spielzeuge wird auch dieses Set in Enschede (Niederlande) unter h\u00f6chsten Standards gefertigt \u2013 waschbar, hypoallergen und 100 % CO\u2082-neutral. Ein ideales Holzbau-Set f\u00fcr Kinder, die die Welt des kreativen Bauens sicher entdecken wollen.<\/p>\n","protected":false},"excerpt":{"rendered":"<p>Das Deluxe-Holzbau-Set von SES Creative ist ein Holzwerkstatt-Kit, das Kinder ab 5 Jahren spielerisch ans kreative Basteln heranf\u00fchrt. Enthalten sind eine S\u00e4ge, ein Hammer, eine Gehrungslade, Holzleim, eine Sicherheits-Hand und N\u00e4gel. Mit diesem Holzbaukasten lernen Kinder, Holzteile wie kleine Tischler zu s\u00e4gen und zu montieren. Es gibt gef\u00fchrte und freie Projekte: Fahrzeuge, Boote, Flugzeuge oder [&hellip;]<\/p>\n","protected":false},"featured_media":98288,"comment_status":"closed","ping_status":"closed","template":"","meta":{"_acf_changed":false},"product_brand":[],"product_cat":[115],"product_tag":[],"class_list":{"0":"post-114436","1":"product","2":"type-product","3":"status-publish","4":"has-post-thumbnail","6":"product_cat-basteln","7":"pa_leeftijd-filter-4-6-jahre","8":"pa_meest-populair-bij-jungen","10":"first","11":"instock","12":"shipping-taxable","13":"product-type-simple"},"acf":[],"yoast_head":"<!-- This site is optimized with the Yoast SEO plugin v27.4 - https:\/\/yoast.com\/product\/yoast-seo-wordpress\/ -->\n<title>Werkzeugset Luxus - SES Creative<\/title>\n<meta name=\"robots\" content=\"index, follow, max-snippet:-1, max-image-preview:large, max-video-preview:-1\" \/>\n<link rel=\"canonical\" href=\"https:\/\/ses-creative.com\/de\/produkt\/werkzeugset-luxus\/\" \/>\n<meta property=\"og:locale\" content=\"de_DE\" \/>\n<meta property=\"og:type\" content=\"article\" \/>\n<meta property=\"og:title\" content=\"Werkzeugset Luxus - SES Creative\" \/>\n<meta property=\"og:description\" content=\"Das Deluxe-Holzbau-Set von SES Creative ist ein Holzwerkstatt-Kit, das Kinder ab 5 Jahren spielerisch ans kreative Basteln heranf\u00fchrt. Enthalten sind eine S\u00e4ge, ein Hammer, eine Gehrungslade, Holzleim, eine Sicherheits-Hand und N\u00e4gel. Mit diesem Holzbaukasten lernen Kinder, Holzteile wie kleine Tischler zu s\u00e4gen und zu montieren. Es gibt gef\u00fchrte und freie Projekte: Fahrzeuge, Boote, Flugzeuge oder [&hellip;]\" \/>\n<meta property=\"og:url\" content=\"https:\/\/ses-creative.com\/de\/produkt\/werkzeugset-luxus\/\" \/>\n<meta property=\"og:site_name\" content=\"SES Creative\" \/>\n<meta property=\"article:modified_time\" content=\"2026-02-06T09:51:16+00:00\" \/>\n<meta name=\"twitter:card\" content=\"summary_large_image\" \/>\n<meta name=\"twitter:label1\" content=\"Gesch\u00e4tzte Lesezeit\" \/>\n\t<meta name=\"twitter:data1\" content=\"1\u00a0Minute\" \/>\n<script type=\"application\/ld+json\" class=\"yoast-schema-graph\">{\"@context\":\"https:\\\/\\\/schema.org\",\"@graph\":[{\"@type\":\"WebPage\",\"@id\":\"https:\\\/\\\/ses-creative.com\\\/de\\\/produkt\\\/werkzeugset-luxus\\\/\",\"url\":\"https:\\\/\\\/ses-creative.com\\\/de\\\/produkt\\\/werkzeugset-luxus\\\/\",\"name\":\"Werkzeugset Luxus - SES Creative\",\"isPartOf\":{\"@id\":\"https:\\\/\\\/ses-creative.com\\\/#website\"},\"primaryImageOfPage\":{\"@id\":\"https:\\\/\\\/ses-creative.com\\\/de\\\/produkt\\\/werkzeugset-luxus\\\/#primaryimage\"},\"image\":{\"@id\":\"https:\\\/\\\/ses-creative.com\\\/de\\\/produkt\\\/werkzeugset-luxus\\\/#primaryimage\"},\"thumbnailUrl\":\"https:\\\/\\\/ses-creative.com\\\/wp-content\\\/uploads\\\/2026\\\/01\\\/009441.jpg\",\"datePublished\":\"2026-02-05T13:52:11+00:00\",\"dateModified\":\"2026-02-06T09:51:16+00:00\",\"breadcrumb\":{\"@id\":\"https:\\\/\\\/ses-creative.com\\\/de\\\/produkt\\\/werkzeugset-luxus\\\/#breadcrumb\"},\"inLanguage\":\"de\",\"potentialAction\":[{\"@type\":\"ReadAction\",\"target\":[\"https:\\\/\\\/ses-creative.com\\\/de\\\/produkt\\\/werkzeugset-luxus\\\/\"]}]},{\"@type\":\"ImageObject\",\"inLanguage\":\"de\",\"@id\":\"https:\\\/\\\/ses-creative.com\\\/de\\\/produkt\\\/werkzeugset-luxus\\\/#primaryimage\",\"url\":\"https:\\\/\\\/ses-creative.com\\\/wp-content\\\/uploads\\\/2026\\\/01\\\/009441.jpg\",\"contentUrl\":\"https:\\\/\\\/ses-creative.com\\\/wp-content\\\/uploads\\\/2026\\\/01\\\/009441.jpg\",\"width\":1000,\"height\":1000},{\"@type\":\"BreadcrumbList\",\"@id\":\"https:\\\/\\\/ses-creative.com\\\/de\\\/produkt\\\/werkzeugset-luxus\\\/#breadcrumb\",\"itemListElement\":[{\"@type\":\"ListItem\",\"position\":1,\"name\":\"Shop\",\"item\":\"https:\\\/\\\/ses-creative.com\\\/de\\\/shop\\\/\"},{\"@type\":\"ListItem\",\"position\":2,\"name\":\"Basteln\",\"item\":\"https:\\\/\\\/ses-creative.com\\\/de\\\/product-categorie\\\/basteln\\\/\"},{\"@type\":\"ListItem\",\"position\":3,\"name\":\"Werkzeugset Luxus\"}]},{\"@type\":\"WebSite\",\"@id\":\"https:\\\/\\\/ses-creative.com\\\/#website\",\"url\":\"https:\\\/\\\/ses-creative.com\\\/\",\"name\":\"SES Creative\",\"description\":\"\",\"publisher\":{\"@id\":\"https:\\\/\\\/ses-creative.com\\\/#organization\"},\"potentialAction\":[{\"@type\":\"SearchAction\",\"target\":{\"@type\":\"EntryPoint\",\"urlTemplate\":\"https:\\\/\\\/ses-creative.com\\\/?s={search_term_string}\"},\"query-input\":{\"@type\":\"PropertyValueSpecification\",\"valueRequired\":true,\"valueName\":\"search_term_string\"}}],\"inLanguage\":\"de\"},{\"@type\":\"Organization\",\"@id\":\"https:\\\/\\\/ses-creative.com\\\/#organization\",\"name\":\"SES Creative\",\"url\":\"https:\\\/\\\/ses-creative.com\\\/\",\"logo\":{\"@type\":\"ImageObject\",\"inLanguage\":\"de\",\"@id\":\"https:\\\/\\\/ses-creative.com\\\/#\\\/schema\\\/logo\\\/image\\\/\",\"url\":\"https:\\\/\\\/ses-creative.com\\\/wp-content\\\/uploads\\\/2025\\\/10\\\/ses-creative-logo.jpg\",\"contentUrl\":\"https:\\\/\\\/ses-creative.com\\\/wp-content\\\/uploads\\\/2025\\\/10\\\/ses-creative-logo.jpg\",\"width\":2037,\"height\":2037,\"caption\":\"SES Creative\"},\"image\":{\"@id\":\"https:\\\/\\\/ses-creative.com\\\/#\\\/schema\\\/logo\\\/image\\\/\"}}]}<\/script>\n<!-- \/ Yoast SEO plugin. -->","yoast_head_json":{"title":"Werkzeugset Luxus - SES Creative","robots":{"index":"index","follow":"follow","max-snippet":"max-snippet:-1","max-image-preview":"max-image-preview:large","max-video-preview":"max-video-preview:-1"},"canonical":"https:\/\/ses-creative.com\/de\/produkt\/werkzeugset-luxus\/","og_locale":"de_DE","og_type":"article","og_title":"Werkzeugset Luxus - SES Creative","og_description":"Das Deluxe-Holzbau-Set von SES Creative ist ein Holzwerkstatt-Kit, das Kinder ab 5 Jahren spielerisch ans kreative Basteln heranf\u00fchrt. Enthalten sind eine S\u00e4ge, ein Hammer, eine Gehrungslade, Holzleim, eine Sicherheits-Hand und N\u00e4gel. Mit diesem Holzbaukasten lernen Kinder, Holzteile wie kleine Tischler zu s\u00e4gen und zu montieren. Es gibt gef\u00fchrte und freie Projekte: Fahrzeuge, Boote, Flugzeuge oder [&hellip;]","og_url":"https:\/\/ses-creative.com\/de\/produkt\/werkzeugset-luxus\/","og_site_name":"SES Creative","article_modified_time":"2026-02-06T09:51:16+00:00","twitter_card":"summary_large_image","twitter_misc":{"Gesch\u00e4tzte Lesezeit":"1\u00a0Minute"},"schema":{"@context":"https:\/\/schema.org","@graph":[{"@type":"WebPage","@id":"https:\/\/ses-creative.com\/de\/produkt\/werkzeugset-luxus\/","url":"https:\/\/ses-creative.com\/de\/produkt\/werkzeugset-luxus\/","name":"Werkzeugset Luxus - SES Creative","isPartOf":{"@id":"https:\/\/ses-creative.com\/#website"},"primaryImageOfPage":{"@id":"https:\/\/ses-creative.com\/de\/produkt\/werkzeugset-luxus\/#primaryimage"},"image":{"@id":"https:\/\/ses-creative.com\/de\/produkt\/werkzeugset-luxus\/#primaryimage"},"thumbnailUrl":"https:\/\/ses-creative.com\/wp-content\/uploads\/2026\/01\/009441.jpg","datePublished":"2026-02-05T13:52:11+00:00","dateModified":"2026-02-06T09:51:16+00:00","breadcrumb":{"@id":"https:\/\/ses-creative.com\/de\/produkt\/werkzeugset-luxus\/#breadcrumb"},"inLanguage":"de","potentialAction":[{"@type":"ReadAction","target":["https:\/\/ses-creative.com\/de\/produkt\/werkzeugset-luxus\/"]}]},{"@type":"ImageObject","inLanguage":"de","@id":"https:\/\/ses-creative.com\/de\/produkt\/werkzeugset-luxus\/#primaryimage","url":"https:\/\/ses-creative.com\/wp-content\/uploads\/2026\/01\/009441.jpg","contentUrl":"https:\/\/ses-creative.com\/wp-content\/uploads\/2026\/01\/009441.jpg","width":1000,"height":1000},{"@type":"BreadcrumbList","@id":"https:\/\/ses-creative.com\/de\/produkt\/werkzeugset-luxus\/#breadcrumb","itemListElement":[{"@type":"ListItem","position":1,"name":"Shop","item":"https:\/\/ses-creative.com\/de\/shop\/"},{"@type":"ListItem","position":2,"name":"Basteln","item":"https:\/\/ses-creative.com\/de\/product-categorie\/basteln\/"},{"@type":"ListItem","position":3,"name":"Werkzeugset Luxus"}]},{"@type":"WebSite","@id":"https:\/\/ses-creative.com\/#website","url":"https:\/\/ses-creative.com\/","name":"SES Creative","description":"","publisher":{"@id":"https:\/\/ses-creative.com\/#organization"},"potentialAction":[{"@type":"SearchAction","target":{"@type":"EntryPoint","urlTemplate":"https:\/\/ses-creative.com\/?s={search_term_string}"},"query-input":{"@type":"PropertyValueSpecification","valueRequired":true,"valueName":"search_term_string"}}],"inLanguage":"de"},{"@type":"Organization","@id":"https:\/\/ses-creative.com\/#organization","name":"SES Creative","url":"https:\/\/ses-creative.com\/","logo":{"@type":"ImageObject","inLanguage":"de","@id":"https:\/\/ses-creative.com\/#\/schema\/logo\/image\/","url":"https:\/\/ses-creative.com\/wp-content\/uploads\/2025\/10\/ses-creative-logo.jpg","contentUrl":"https:\/\/ses-creative.com\/wp-content\/uploads\/2025\/10\/ses-creative-logo.jpg","width":2037,"height":2037,"caption":"SES Creative"},"image":{"@id":"https:\/\/ses-creative.com\/#\/schema\/logo\/image\/"}}]}},"_links":{"self":[{"href":"https:\/\/ses-creative.com\/de\/wp-json\/wp\/v2\/product\/114436","targetHints":{"allow":["GET"]}}],"collection":[{"href":"https:\/\/ses-creative.com\/de\/wp-json\/wp\/v2\/product"}],"about":[{"href":"https:\/\/ses-creative.com\/de\/wp-json\/wp\/v2\/types\/product"}],"replies":[{"embeddable":true,"href":"https:\/\/ses-creative.com\/de\/wp-json\/wp\/v2\/comments?post=114436"}],"wp:featuredmedia":[{"embeddable":true,"href":"https:\/\/ses-creative.com\/de\/wp-json\/wp\/v2\/media\/98288"}],"wp:attachment":[{"href":"https:\/\/ses-creative.com\/de\/wp-json\/wp\/v2\/media?parent=114436"}],"wp:term":[{"taxonomy":"product_brand","embeddable":true,"href":"https:\/\/ses-creative.com\/de\/wp-json\/wp\/v2\/product_brand?post=114436"},{"taxonomy":"product_cat","embeddable":true,"href":"https:\/\/ses-creative.com\/de\/wp-json\/wp\/v2\/product_cat?post=114436"},{"taxonomy":"product_tag","embeddable":true,"href":"https:\/\/ses-creative.com\/de\/wp-json\/wp\/v2\/product_tag?post=114436"}],"curies":[{"name":"wp","href":"https:\/\/api.w.org\/{rel}","templated":true}]}}