











{"id":114434,"date":"2025-12-18T10:14:17","date_gmt":"2025-12-18T10:14:17","guid":{"rendered":"https:\/\/ses-creative.com\/?post_type=product&#038;p=114434"},"modified":"2026-02-06T09:51:16","modified_gmt":"2026-02-06T09:51:16","slug":"holzarbeitsset-dinosaurier","status":"publish","type":"product","link":"https:\/\/ses-creative.com\/de\/produkt\/holzarbeitsset-dinosaurier\/","title":{"rendered":"Holzarbeitsset &#8211; Dinosaurier"},"content":{"rendered":"<p>Mit diesem Holzbaukasten k\u00f6nnen Kinder ab 6 Jahren eigene Dinosaurier mit Hammer, N\u00e4geln, Kleber und vorgeschnittenen Holzteilen bauen. Dank einfacher Anleitung entstehen ein T-Rex, Stegosaurus, Pteranodon oder kreative Eigenkreationen. Das sorgf\u00e4ltig zugeschnittene Holz erleichtert die Montage und vermittelt spielerisch den Umgang mit echten Werkzeugen. Dabei werden Koordination, Feinmotorik, r\u00e4umliches Denken und Selbstvertrauen gest\u00e4rkt. Das Set enth\u00e4lt alles, was f\u00fcr den Start n\u00f6tig ist: kindgerechter Hammer, N\u00e4gel, Holzformen und Kleber. Hergestellt in den Niederlanden von SES Creative \u2013 bekannt f\u00fcr hochwertiges Lernspielzeug \u2013 bietet dieses Set einen unterhaltsamen Einstieg in die Holzbearbeitung. Ideal f\u00fcr ruhige Nachmittage zu Hause, Werkst\u00e4tten oder Schulprojekte. Es regt Fantasie und Ausdauer an \u2013 jede fertige Figur ist ein kleines Kunstwerk, das stolz pr\u00e4sentiert werden kann. Eine sichere und kreative Einf\u00fchrung in die Welt des Bastelns f\u00fcr Kinder.<\/p>\n","protected":false},"excerpt":{"rendered":"<p>Mit diesem Holzbaukasten k\u00f6nnen Kinder ab 6 Jahren eigene Dinosaurier mit Hammer, N\u00e4geln, Kleber und vorgeschnittenen Holzteilen bauen. Dank einfacher Anleitung entstehen ein T-Rex, Stegosaurus, Pteranodon oder kreative Eigenkreationen. Das sorgf\u00e4ltig zugeschnittene Holz erleichtert die Montage und vermittelt spielerisch den Umgang mit echten Werkzeugen. Dabei werden Koordination, Feinmotorik, r\u00e4umliches Denken und Selbstvertrauen gest\u00e4rkt. Das Set [&hellip;]<\/p>\n","protected":false},"featured_media":98251,"comment_status":"open","ping_status":"closed","template":"","meta":{"_acf_changed":false},"product_brand":[],"product_cat":[115],"product_tag":[],"class_list":{"0":"post-114434","1":"product","2":"type-product","3":"status-publish","4":"has-post-thumbnail","6":"product_cat-basteln","7":"pa_leeftijd-filter-4-6-jahre","8":"pa_meest-populair-bij-jungen","10":"first","11":"instock","12":"shipping-taxable","13":"product-type-simple"},"acf":[],"yoast_head":"<!-- This site is optimized with the Yoast SEO plugin v27.2 - https:\/\/yoast.com\/product\/yoast-seo-wordpress\/ -->\n<title>Holzarbeitsset - Dinosaurier - SES Creative<\/title>\n<meta name=\"robots\" content=\"index, follow, max-snippet:-1, max-image-preview:large, max-video-preview:-1\" \/>\n<link rel=\"canonical\" href=\"https:\/\/ses-creative.com\/de\/produkt\/holzarbeitsset-dinosaurier\/\" \/>\n<meta property=\"og:locale\" content=\"de_DE\" \/>\n<meta property=\"og:type\" content=\"article\" \/>\n<meta property=\"og:title\" content=\"Holzarbeitsset - Dinosaurier - SES Creative\" \/>\n<meta property=\"og:description\" content=\"Mit diesem Holzbaukasten k\u00f6nnen Kinder ab 6 Jahren eigene Dinosaurier mit Hammer, N\u00e4geln, Kleber und vorgeschnittenen Holzteilen bauen. Dank einfacher Anleitung entstehen ein T-Rex, Stegosaurus, Pteranodon oder kreative Eigenkreationen. Das sorgf\u00e4ltig zugeschnittene Holz erleichtert die Montage und vermittelt spielerisch den Umgang mit echten Werkzeugen. Dabei werden Koordination, Feinmotorik, r\u00e4umliches Denken und Selbstvertrauen gest\u00e4rkt. Das Set [&hellip;]\" \/>\n<meta property=\"og:url\" content=\"https:\/\/ses-creative.com\/de\/produkt\/holzarbeitsset-dinosaurier\/\" \/>\n<meta property=\"og:site_name\" content=\"SES Creative\" \/>\n<meta property=\"article:modified_time\" content=\"2026-02-06T09:51:16+00:00\" \/>\n<meta property=\"og:image\" content=\"https:\/\/ses-creative.com\/wp-content\/uploads\/2026\/01\/009421.jpg\" \/>\n\t<meta property=\"og:image:width\" content=\"1000\" \/>\n\t<meta property=\"og:image:height\" content=\"1000\" \/>\n\t<meta property=\"og:image:type\" content=\"image\/jpeg\" \/>\n<meta name=\"twitter:card\" content=\"summary_large_image\" \/>\n<meta name=\"twitter:label1\" content=\"Gesch\u00e4tzte Lesezeit\" \/>\n\t<meta name=\"twitter:data1\" content=\"1\u00a0Minute\" \/>\n<script type=\"application\/ld+json\" class=\"yoast-schema-graph\">{\"@context\":\"https:\/\/schema.org\",\"@graph\":[{\"@type\":\"WebPage\",\"@id\":\"https:\/\/ses-creative.com\/de\/produkt\/holzarbeitsset-dinosaurier\/\",\"url\":\"https:\/\/ses-creative.com\/de\/produkt\/holzarbeitsset-dinosaurier\/\",\"name\":\"Holzarbeitsset - Dinosaurier - SES Creative\",\"isPartOf\":{\"@id\":\"https:\/\/ses-creative.com\/#website\"},\"primaryImageOfPage\":{\"@id\":\"https:\/\/ses-creative.com\/de\/produkt\/holzarbeitsset-dinosaurier\/#primaryimage\"},\"image\":{\"@id\":\"https:\/\/ses-creative.com\/de\/produkt\/holzarbeitsset-dinosaurier\/#primaryimage\"},\"thumbnailUrl\":\"https:\/\/ses-creative.com\/wp-content\/uploads\/2026\/01\/009421.jpg\",\"datePublished\":\"2025-12-18T10:14:17+00:00\",\"dateModified\":\"2026-02-06T09:51:16+00:00\",\"breadcrumb\":{\"@id\":\"https:\/\/ses-creative.com\/de\/produkt\/holzarbeitsset-dinosaurier\/#breadcrumb\"},\"inLanguage\":\"de\",\"potentialAction\":[{\"@type\":\"ReadAction\",\"target\":[\"https:\/\/ses-creative.com\/de\/produkt\/holzarbeitsset-dinosaurier\/\"]}]},{\"@type\":\"ImageObject\",\"inLanguage\":\"de\",\"@id\":\"https:\/\/ses-creative.com\/de\/produkt\/holzarbeitsset-dinosaurier\/#primaryimage\",\"url\":\"https:\/\/ses-creative.com\/wp-content\/uploads\/2026\/01\/009421.jpg\",\"contentUrl\":\"https:\/\/ses-creative.com\/wp-content\/uploads\/2026\/01\/009421.jpg\",\"width\":1000,\"height\":1000},{\"@type\":\"BreadcrumbList\",\"@id\":\"https:\/\/ses-creative.com\/de\/produkt\/holzarbeitsset-dinosaurier\/#breadcrumb\",\"itemListElement\":[{\"@type\":\"ListItem\",\"position\":1,\"name\":\"Shop\",\"item\":\"https:\/\/ses-creative.com\/de\/shop\/\"},{\"@type\":\"ListItem\",\"position\":2,\"name\":\"Basteln\",\"item\":\"https:\/\/ses-creative.com\/de\/product-categorie\/basteln\/\"},{\"@type\":\"ListItem\",\"position\":3,\"name\":\"Holzarbeitsset &#8211; Dinosaurier\"}]},{\"@type\":\"WebSite\",\"@id\":\"https:\/\/ses-creative.com\/#website\",\"url\":\"https:\/\/ses-creative.com\/\",\"name\":\"SES Creative\",\"description\":\"\",\"publisher\":{\"@id\":\"https:\/\/ses-creative.com\/#organization\"},\"potentialAction\":[{\"@type\":\"SearchAction\",\"target\":{\"@type\":\"EntryPoint\",\"urlTemplate\":\"https:\/\/ses-creative.com\/?s={search_term_string}\"},\"query-input\":{\"@type\":\"PropertyValueSpecification\",\"valueRequired\":true,\"valueName\":\"search_term_string\"}}],\"inLanguage\":\"de\"},{\"@type\":\"Organization\",\"@id\":\"https:\/\/ses-creative.com\/#organization\",\"name\":\"SES Creative\",\"url\":\"https:\/\/ses-creative.com\/\",\"logo\":{\"@type\":\"ImageObject\",\"inLanguage\":\"de\",\"@id\":\"https:\/\/ses-creative.com\/#\/schema\/logo\/image\/\",\"url\":\"https:\/\/ses-creative.com\/wp-content\/uploads\/2025\/10\/ses-creative-logo.jpg\",\"contentUrl\":\"https:\/\/ses-creative.com\/wp-content\/uploads\/2025\/10\/ses-creative-logo.jpg\",\"width\":2037,\"height\":2037,\"caption\":\"SES Creative\"},\"image\":{\"@id\":\"https:\/\/ses-creative.com\/#\/schema\/logo\/image\/\"}}]}<\/script>\n<!-- \/ Yoast SEO plugin. -->","yoast_head_json":{"title":"Holzarbeitsset - Dinosaurier - SES Creative","robots":{"index":"index","follow":"follow","max-snippet":"max-snippet:-1","max-image-preview":"max-image-preview:large","max-video-preview":"max-video-preview:-1"},"canonical":"https:\/\/ses-creative.com\/de\/produkt\/holzarbeitsset-dinosaurier\/","og_locale":"de_DE","og_type":"article","og_title":"Holzarbeitsset - Dinosaurier - SES Creative","og_description":"Mit diesem Holzbaukasten k\u00f6nnen Kinder ab 6 Jahren eigene Dinosaurier mit Hammer, N\u00e4geln, Kleber und vorgeschnittenen Holzteilen bauen. Dank einfacher Anleitung entstehen ein T-Rex, Stegosaurus, Pteranodon oder kreative Eigenkreationen. Das sorgf\u00e4ltig zugeschnittene Holz erleichtert die Montage und vermittelt spielerisch den Umgang mit echten Werkzeugen. Dabei werden Koordination, Feinmotorik, r\u00e4umliches Denken und Selbstvertrauen gest\u00e4rkt. Das Set [&hellip;]","og_url":"https:\/\/ses-creative.com\/de\/produkt\/holzarbeitsset-dinosaurier\/","og_site_name":"SES Creative","article_modified_time":"2026-02-06T09:51:16+00:00","og_image":[{"width":1000,"height":1000,"url":"https:\/\/ses-creative.com\/wp-content\/uploads\/2026\/01\/009421.jpg","type":"image\/jpeg"}],"twitter_card":"summary_large_image","twitter_misc":{"Gesch\u00e4tzte Lesezeit":"1\u00a0Minute"},"schema":{"@context":"https:\/\/schema.org","@graph":[{"@type":"WebPage","@id":"https:\/\/ses-creative.com\/de\/produkt\/holzarbeitsset-dinosaurier\/","url":"https:\/\/ses-creative.com\/de\/produkt\/holzarbeitsset-dinosaurier\/","name":"Holzarbeitsset - Dinosaurier - SES Creative","isPartOf":{"@id":"https:\/\/ses-creative.com\/#website"},"primaryImageOfPage":{"@id":"https:\/\/ses-creative.com\/de\/produkt\/holzarbeitsset-dinosaurier\/#primaryimage"},"image":{"@id":"https:\/\/ses-creative.com\/de\/produkt\/holzarbeitsset-dinosaurier\/#primaryimage"},"thumbnailUrl":"https:\/\/ses-creative.com\/wp-content\/uploads\/2026\/01\/009421.jpg","datePublished":"2025-12-18T10:14:17+00:00","dateModified":"2026-02-06T09:51:16+00:00","breadcrumb":{"@id":"https:\/\/ses-creative.com\/de\/produkt\/holzarbeitsset-dinosaurier\/#breadcrumb"},"inLanguage":"de","potentialAction":[{"@type":"ReadAction","target":["https:\/\/ses-creative.com\/de\/produkt\/holzarbeitsset-dinosaurier\/"]}]},{"@type":"ImageObject","inLanguage":"de","@id":"https:\/\/ses-creative.com\/de\/produkt\/holzarbeitsset-dinosaurier\/#primaryimage","url":"https:\/\/ses-creative.com\/wp-content\/uploads\/2026\/01\/009421.jpg","contentUrl":"https:\/\/ses-creative.com\/wp-content\/uploads\/2026\/01\/009421.jpg","width":1000,"height":1000},{"@type":"BreadcrumbList","@id":"https:\/\/ses-creative.com\/de\/produkt\/holzarbeitsset-dinosaurier\/#breadcrumb","itemListElement":[{"@type":"ListItem","position":1,"name":"Shop","item":"https:\/\/ses-creative.com\/de\/shop\/"},{"@type":"ListItem","position":2,"name":"Basteln","item":"https:\/\/ses-creative.com\/de\/product-categorie\/basteln\/"},{"@type":"ListItem","position":3,"name":"Holzarbeitsset &#8211; Dinosaurier"}]},{"@type":"WebSite","@id":"https:\/\/ses-creative.com\/#website","url":"https:\/\/ses-creative.com\/","name":"SES Creative","description":"","publisher":{"@id":"https:\/\/ses-creative.com\/#organization"},"potentialAction":[{"@type":"SearchAction","target":{"@type":"EntryPoint","urlTemplate":"https:\/\/ses-creative.com\/?s={search_term_string}"},"query-input":{"@type":"PropertyValueSpecification","valueRequired":true,"valueName":"search_term_string"}}],"inLanguage":"de"},{"@type":"Organization","@id":"https:\/\/ses-creative.com\/#organization","name":"SES Creative","url":"https:\/\/ses-creative.com\/","logo":{"@type":"ImageObject","inLanguage":"de","@id":"https:\/\/ses-creative.com\/#\/schema\/logo\/image\/","url":"https:\/\/ses-creative.com\/wp-content\/uploads\/2025\/10\/ses-creative-logo.jpg","contentUrl":"https:\/\/ses-creative.com\/wp-content\/uploads\/2025\/10\/ses-creative-logo.jpg","width":2037,"height":2037,"caption":"SES Creative"},"image":{"@id":"https:\/\/ses-creative.com\/#\/schema\/logo\/image\/"}}]}},"_links":{"self":[{"href":"https:\/\/ses-creative.com\/de\/wp-json\/wp\/v2\/product\/114434","targetHints":{"allow":["GET"]}}],"collection":[{"href":"https:\/\/ses-creative.com\/de\/wp-json\/wp\/v2\/product"}],"about":[{"href":"https:\/\/ses-creative.com\/de\/wp-json\/wp\/v2\/types\/product"}],"replies":[{"embeddable":true,"href":"https:\/\/ses-creative.com\/de\/wp-json\/wp\/v2\/comments?post=114434"}],"wp:featuredmedia":[{"embeddable":true,"href":"https:\/\/ses-creative.com\/de\/wp-json\/wp\/v2\/media\/98251"}],"wp:attachment":[{"href":"https:\/\/ses-creative.com\/de\/wp-json\/wp\/v2\/media?parent=114434"}],"wp:term":[{"taxonomy":"product_brand","embeddable":true,"href":"https:\/\/ses-creative.com\/de\/wp-json\/wp\/v2\/product_brand?post=114434"},{"taxonomy":"product_cat","embeddable":true,"href":"https:\/\/ses-creative.com\/de\/wp-json\/wp\/v2\/product_cat?post=114434"},{"taxonomy":"product_tag","embeddable":true,"href":"https:\/\/ses-creative.com\/de\/wp-json\/wp\/v2\/product_tag?post=114434"}],"curies":[{"name":"wp","href":"https:\/\/api.w.org\/{rel}","templated":true}]}}