











{"id":114432,"date":"2026-02-05T13:52:11","date_gmt":"2026-02-05T13:52:11","guid":{"rendered":"https:\/\/ses-creative.com\/?post_type=product&#038;p=114432"},"modified":"2026-02-06T09:51:16","modified_gmt":"2026-02-06T09:51:16","slug":"haemmerchen-tick-trendy","status":"publish","type":"product","link":"https:\/\/ses-creative.com\/de\/produkt\/haemmerchen-tick-trendy\/","title":{"rendered":"H\u00e4mmerchen Tick Trendy"},"content":{"rendered":"<p>Das Trendy H\u00e4mmerchenspiel von SES Creative ist eine moderne Version eines kreativen Klassikers, geeignet f\u00fcr Kinder von 3 bis 6 Jahren. Das Set enth\u00e4lt eine Korkplatte, einen Holzhammer, runde Metalln\u00e4gel und farbenfrohe Holzformen zum Zusammensetzen. Kinder k\u00f6nnen frei Figuren, Schmetterlinge, Blumen, Regenb\u00f6gen und mehr gestalten. Die Korktafel bietet eine stabile, sichere Unterlage, w\u00e4hrend die vielf\u00e4ltigen Formen zur Erforschung von Symmetrie, Farben und Komposition einladen. Diese Aktivit\u00e4t f\u00f6rdert Hand-Auge-Koordination, Feinmotorik, k\u00fcnstlerischen Ausdruck und visuelle Planung. Das Spiel ist beliebig oft wiederverwendbar \u2013 zum Bauen, Demontieren und Neugestalten. Hergestellt in den Niederlanden, bietet dieses kreative Werkzeugset eine sichere Umgebung, um mit echten Materialien zu arbeiten. Ideal f\u00fcr zu Hause, in der Schule oder f\u00fcr gemeinsame Bastelstunden. Es unterst\u00fctzt Selbstst\u00e4ndigkeit, Austausch und kreative Kommunikation rund um Geschichten, Formen und Figuren. Ein langlebiges, sensorisches Konstruktionsspiel, das ruhige und kreative Spielzeiten bereichert.<\/p>\n","protected":false},"excerpt":{"rendered":"<p>Das Trendy H\u00e4mmerchenspiel von SES Creative ist eine moderne Version eines kreativen Klassikers, geeignet f\u00fcr Kinder von 3 bis 6 Jahren. Das Set enth\u00e4lt eine Korkplatte, einen Holzhammer, runde Metalln\u00e4gel und farbenfrohe Holzformen zum Zusammensetzen. Kinder k\u00f6nnen frei Figuren, Schmetterlinge, Blumen, Regenb\u00f6gen und mehr gestalten. Die Korktafel bietet eine stabile, sichere Unterlage, w\u00e4hrend die vielf\u00e4ltigen [&hellip;]<\/p>\n","protected":false},"featured_media":98208,"comment_status":"closed","ping_status":"closed","template":"","meta":{"_acf_changed":false},"product_brand":[],"product_cat":[115],"product_tag":[],"class_list":{"0":"post-114432","1":"product","2":"type-product","3":"status-publish","4":"has-post-thumbnail","6":"product_cat-basteln","7":"pa_leeftijd-filter-3-4-jahre","8":"pa_meest-populair-bij-jungen-maedchen","10":"first","11":"instock","12":"shipping-taxable","13":"product-type-simple"},"acf":[],"yoast_head":"<!-- This site is optimized with the Yoast SEO plugin v27.2 - https:\/\/yoast.com\/product\/yoast-seo-wordpress\/ -->\n<title>H\u00e4mmerchen Tick Trendy - SES Creative<\/title>\n<meta name=\"robots\" content=\"index, follow, max-snippet:-1, max-image-preview:large, max-video-preview:-1\" \/>\n<link rel=\"canonical\" href=\"https:\/\/ses-creative.com\/de\/produkt\/haemmerchen-tick-trendy\/\" \/>\n<meta property=\"og:locale\" content=\"de_DE\" \/>\n<meta property=\"og:type\" content=\"article\" \/>\n<meta property=\"og:title\" content=\"H\u00e4mmerchen Tick Trendy - SES Creative\" \/>\n<meta property=\"og:description\" content=\"Das Trendy H\u00e4mmerchenspiel von SES Creative ist eine moderne Version eines kreativen Klassikers, geeignet f\u00fcr Kinder von 3 bis 6 Jahren. Das Set enth\u00e4lt eine Korkplatte, einen Holzhammer, runde Metalln\u00e4gel und farbenfrohe Holzformen zum Zusammensetzen. Kinder k\u00f6nnen frei Figuren, Schmetterlinge, Blumen, Regenb\u00f6gen und mehr gestalten. Die Korktafel bietet eine stabile, sichere Unterlage, w\u00e4hrend die vielf\u00e4ltigen [&hellip;]\" \/>\n<meta property=\"og:url\" content=\"https:\/\/ses-creative.com\/de\/produkt\/haemmerchen-tick-trendy\/\" \/>\n<meta property=\"og:site_name\" content=\"SES Creative\" \/>\n<meta property=\"article:modified_time\" content=\"2026-02-06T09:51:16+00:00\" \/>\n<meta name=\"twitter:card\" content=\"summary_large_image\" \/>\n<meta name=\"twitter:label1\" content=\"Gesch\u00e4tzte Lesezeit\" \/>\n\t<meta name=\"twitter:data1\" content=\"1\u00a0Minute\" \/>\n<script type=\"application\/ld+json\" class=\"yoast-schema-graph\">{\"@context\":\"https:\/\/schema.org\",\"@graph\":[{\"@type\":\"WebPage\",\"@id\":\"https:\/\/ses-creative.com\/de\/produkt\/haemmerchen-tick-trendy\/\",\"url\":\"https:\/\/ses-creative.com\/de\/produkt\/haemmerchen-tick-trendy\/\",\"name\":\"H\u00e4mmerchen Tick Trendy - SES Creative\",\"isPartOf\":{\"@id\":\"https:\/\/ses-creative.com\/#website\"},\"primaryImageOfPage\":{\"@id\":\"https:\/\/ses-creative.com\/de\/produkt\/haemmerchen-tick-trendy\/#primaryimage\"},\"image\":{\"@id\":\"https:\/\/ses-creative.com\/de\/produkt\/haemmerchen-tick-trendy\/#primaryimage\"},\"thumbnailUrl\":\"https:\/\/ses-creative.com\/wp-content\/uploads\/2026\/01\/009271.jpg\",\"datePublished\":\"2026-02-05T13:52:11+00:00\",\"dateModified\":\"2026-02-06T09:51:16+00:00\",\"breadcrumb\":{\"@id\":\"https:\/\/ses-creative.com\/de\/produkt\/haemmerchen-tick-trendy\/#breadcrumb\"},\"inLanguage\":\"de\",\"potentialAction\":[{\"@type\":\"ReadAction\",\"target\":[\"https:\/\/ses-creative.com\/de\/produkt\/haemmerchen-tick-trendy\/\"]}]},{\"@type\":\"ImageObject\",\"inLanguage\":\"de\",\"@id\":\"https:\/\/ses-creative.com\/de\/produkt\/haemmerchen-tick-trendy\/#primaryimage\",\"url\":\"https:\/\/ses-creative.com\/wp-content\/uploads\/2026\/01\/009271.jpg\",\"contentUrl\":\"https:\/\/ses-creative.com\/wp-content\/uploads\/2026\/01\/009271.jpg\",\"width\":1000,\"height\":1000},{\"@type\":\"BreadcrumbList\",\"@id\":\"https:\/\/ses-creative.com\/de\/produkt\/haemmerchen-tick-trendy\/#breadcrumb\",\"itemListElement\":[{\"@type\":\"ListItem\",\"position\":1,\"name\":\"Shop\",\"item\":\"https:\/\/ses-creative.com\/de\/shop\/\"},{\"@type\":\"ListItem\",\"position\":2,\"name\":\"Basteln\",\"item\":\"https:\/\/ses-creative.com\/de\/product-categorie\/basteln\/\"},{\"@type\":\"ListItem\",\"position\":3,\"name\":\"H\u00e4mmerchen Tick Trendy\"}]},{\"@type\":\"WebSite\",\"@id\":\"https:\/\/ses-creative.com\/#website\",\"url\":\"https:\/\/ses-creative.com\/\",\"name\":\"SES Creative\",\"description\":\"\",\"publisher\":{\"@id\":\"https:\/\/ses-creative.com\/#organization\"},\"potentialAction\":[{\"@type\":\"SearchAction\",\"target\":{\"@type\":\"EntryPoint\",\"urlTemplate\":\"https:\/\/ses-creative.com\/?s={search_term_string}\"},\"query-input\":{\"@type\":\"PropertyValueSpecification\",\"valueRequired\":true,\"valueName\":\"search_term_string\"}}],\"inLanguage\":\"de\"},{\"@type\":\"Organization\",\"@id\":\"https:\/\/ses-creative.com\/#organization\",\"name\":\"SES Creative\",\"url\":\"https:\/\/ses-creative.com\/\",\"logo\":{\"@type\":\"ImageObject\",\"inLanguage\":\"de\",\"@id\":\"https:\/\/ses-creative.com\/#\/schema\/logo\/image\/\",\"url\":\"https:\/\/ses-creative.com\/wp-content\/uploads\/2025\/10\/ses-creative-logo.jpg\",\"contentUrl\":\"https:\/\/ses-creative.com\/wp-content\/uploads\/2025\/10\/ses-creative-logo.jpg\",\"width\":2037,\"height\":2037,\"caption\":\"SES Creative\"},\"image\":{\"@id\":\"https:\/\/ses-creative.com\/#\/schema\/logo\/image\/\"}}]}<\/script>\n<!-- \/ Yoast SEO plugin. -->","yoast_head_json":{"title":"H\u00e4mmerchen Tick Trendy - SES Creative","robots":{"index":"index","follow":"follow","max-snippet":"max-snippet:-1","max-image-preview":"max-image-preview:large","max-video-preview":"max-video-preview:-1"},"canonical":"https:\/\/ses-creative.com\/de\/produkt\/haemmerchen-tick-trendy\/","og_locale":"de_DE","og_type":"article","og_title":"H\u00e4mmerchen Tick Trendy - SES Creative","og_description":"Das Trendy H\u00e4mmerchenspiel von SES Creative ist eine moderne Version eines kreativen Klassikers, geeignet f\u00fcr Kinder von 3 bis 6 Jahren. Das Set enth\u00e4lt eine Korkplatte, einen Holzhammer, runde Metalln\u00e4gel und farbenfrohe Holzformen zum Zusammensetzen. Kinder k\u00f6nnen frei Figuren, Schmetterlinge, Blumen, Regenb\u00f6gen und mehr gestalten. Die Korktafel bietet eine stabile, sichere Unterlage, w\u00e4hrend die vielf\u00e4ltigen [&hellip;]","og_url":"https:\/\/ses-creative.com\/de\/produkt\/haemmerchen-tick-trendy\/","og_site_name":"SES Creative","article_modified_time":"2026-02-06T09:51:16+00:00","twitter_card":"summary_large_image","twitter_misc":{"Gesch\u00e4tzte Lesezeit":"1\u00a0Minute"},"schema":{"@context":"https:\/\/schema.org","@graph":[{"@type":"WebPage","@id":"https:\/\/ses-creative.com\/de\/produkt\/haemmerchen-tick-trendy\/","url":"https:\/\/ses-creative.com\/de\/produkt\/haemmerchen-tick-trendy\/","name":"H\u00e4mmerchen Tick Trendy - SES Creative","isPartOf":{"@id":"https:\/\/ses-creative.com\/#website"},"primaryImageOfPage":{"@id":"https:\/\/ses-creative.com\/de\/produkt\/haemmerchen-tick-trendy\/#primaryimage"},"image":{"@id":"https:\/\/ses-creative.com\/de\/produkt\/haemmerchen-tick-trendy\/#primaryimage"},"thumbnailUrl":"https:\/\/ses-creative.com\/wp-content\/uploads\/2026\/01\/009271.jpg","datePublished":"2026-02-05T13:52:11+00:00","dateModified":"2026-02-06T09:51:16+00:00","breadcrumb":{"@id":"https:\/\/ses-creative.com\/de\/produkt\/haemmerchen-tick-trendy\/#breadcrumb"},"inLanguage":"de","potentialAction":[{"@type":"ReadAction","target":["https:\/\/ses-creative.com\/de\/produkt\/haemmerchen-tick-trendy\/"]}]},{"@type":"ImageObject","inLanguage":"de","@id":"https:\/\/ses-creative.com\/de\/produkt\/haemmerchen-tick-trendy\/#primaryimage","url":"https:\/\/ses-creative.com\/wp-content\/uploads\/2026\/01\/009271.jpg","contentUrl":"https:\/\/ses-creative.com\/wp-content\/uploads\/2026\/01\/009271.jpg","width":1000,"height":1000},{"@type":"BreadcrumbList","@id":"https:\/\/ses-creative.com\/de\/produkt\/haemmerchen-tick-trendy\/#breadcrumb","itemListElement":[{"@type":"ListItem","position":1,"name":"Shop","item":"https:\/\/ses-creative.com\/de\/shop\/"},{"@type":"ListItem","position":2,"name":"Basteln","item":"https:\/\/ses-creative.com\/de\/product-categorie\/basteln\/"},{"@type":"ListItem","position":3,"name":"H\u00e4mmerchen Tick Trendy"}]},{"@type":"WebSite","@id":"https:\/\/ses-creative.com\/#website","url":"https:\/\/ses-creative.com\/","name":"SES Creative","description":"","publisher":{"@id":"https:\/\/ses-creative.com\/#organization"},"potentialAction":[{"@type":"SearchAction","target":{"@type":"EntryPoint","urlTemplate":"https:\/\/ses-creative.com\/?s={search_term_string}"},"query-input":{"@type":"PropertyValueSpecification","valueRequired":true,"valueName":"search_term_string"}}],"inLanguage":"de"},{"@type":"Organization","@id":"https:\/\/ses-creative.com\/#organization","name":"SES Creative","url":"https:\/\/ses-creative.com\/","logo":{"@type":"ImageObject","inLanguage":"de","@id":"https:\/\/ses-creative.com\/#\/schema\/logo\/image\/","url":"https:\/\/ses-creative.com\/wp-content\/uploads\/2025\/10\/ses-creative-logo.jpg","contentUrl":"https:\/\/ses-creative.com\/wp-content\/uploads\/2025\/10\/ses-creative-logo.jpg","width":2037,"height":2037,"caption":"SES Creative"},"image":{"@id":"https:\/\/ses-creative.com\/#\/schema\/logo\/image\/"}}]}},"_links":{"self":[{"href":"https:\/\/ses-creative.com\/de\/wp-json\/wp\/v2\/product\/114432","targetHints":{"allow":["GET"]}}],"collection":[{"href":"https:\/\/ses-creative.com\/de\/wp-json\/wp\/v2\/product"}],"about":[{"href":"https:\/\/ses-creative.com\/de\/wp-json\/wp\/v2\/types\/product"}],"replies":[{"embeddable":true,"href":"https:\/\/ses-creative.com\/de\/wp-json\/wp\/v2\/comments?post=114432"}],"wp:featuredmedia":[{"embeddable":true,"href":"https:\/\/ses-creative.com\/de\/wp-json\/wp\/v2\/media\/98208"}],"wp:attachment":[{"href":"https:\/\/ses-creative.com\/de\/wp-json\/wp\/v2\/media?parent=114432"}],"wp:term":[{"taxonomy":"product_brand","embeddable":true,"href":"https:\/\/ses-creative.com\/de\/wp-json\/wp\/v2\/product_brand?post=114432"},{"taxonomy":"product_cat","embeddable":true,"href":"https:\/\/ses-creative.com\/de\/wp-json\/wp\/v2\/product_cat?post=114432"},{"taxonomy":"product_tag","embeddable":true,"href":"https:\/\/ses-creative.com\/de\/wp-json\/wp\/v2\/product_tag?post=114432"}],"curies":[{"name":"wp","href":"https:\/\/api.w.org\/{rel}","templated":true}]}}