











{"id":114429,"date":"2026-02-05T13:52:10","date_gmt":"2026-02-05T13:52:10","guid":{"rendered":"https:\/\/ses-creative.com\/?post_type=product&#038;p=114429"},"modified":"2026-02-06T09:51:15","modified_gmt":"2026-02-06T09:51:15","slug":"knete-ausstechformen-dinos","status":"publish","type":"product","link":"https:\/\/ses-creative.com\/de\/produkt\/knete-ausstechformen-dinos\/","title":{"rendered":"Knete Ausstechformen &#8211; Dinos"},"content":{"rendered":"<p>Mit den Dinosaurier-Ausstechformen von SES Creative k\u00f6nnen Kinder ab 2 Jahren ihre Knetwelten kreativ erweitern. Das Set enth\u00e4lt sieben unterschiedliche Formen \u2013 darunter T-Rex, Triceratops und weitere beliebte Dinos. Die stabilen Ausstecher sind leicht zu greifen, einfach zu reinigen und wiederverwendbar. Sie lassen sich ideal mit jeder handels\u00fcblichen Knete kombinieren. Ob allein oder gemeinsam \u2013 das Formen und Ausstechen f\u00f6rdert die Feinmotorik, regt die Fantasie an und sorgt f\u00fcr stundenlangen Spielspa\u00df. Hergestellt aus langlebigem Kunststoff, sind die Ausstechformen perfekt f\u00fcr h\u00e4ufigen Einsatz zu Hause, im Kindergarten oder unterwegs. Ein tolles Zubeh\u00f6rset f\u00fcr kleine Dino-Fans \u2013 Geschenkidee Dinosaurier Knete, die Spiel und Kreativit\u00e4t verbindet<\/p>\n","protected":false},"excerpt":{"rendered":"<p>Mit den Dinosaurier-Ausstechformen von SES Creative k\u00f6nnen Kinder ab 2 Jahren ihre Knetwelten kreativ erweitern. Das Set enth\u00e4lt sieben unterschiedliche Formen \u2013 darunter T-Rex, Triceratops und weitere beliebte Dinos. Die stabilen Ausstecher sind leicht zu greifen, einfach zu reinigen und wiederverwendbar. Sie lassen sich ideal mit jeder handels\u00fcblichen Knete kombinieren. Ob allein oder gemeinsam \u2013 [&hellip;]<\/p>\n","protected":false},"featured_media":98148,"comment_status":"closed","ping_status":"closed","template":"","meta":{"_acf_changed":false},"product_brand":[],"product_cat":[117],"product_tag":[],"class_list":{"0":"post-114429","1":"product","2":"type-product","3":"status-publish","4":"has-post-thumbnail","6":"product_cat-knete","7":"pa_leeftijd-filter-0-2-jahre","8":"pa_meest-populair-bij-jungen-maedchen","10":"first","11":"instock","12":"shipping-taxable","13":"product-type-simple"},"acf":[],"yoast_head":"<!-- This site is optimized with the Yoast SEO plugin v27.4 - https:\/\/yoast.com\/product\/yoast-seo-wordpress\/ -->\n<title>Knete Ausstechformen - Dinos - SES Creative<\/title>\n<meta name=\"robots\" content=\"index, follow, max-snippet:-1, max-image-preview:large, max-video-preview:-1\" \/>\n<link rel=\"canonical\" href=\"https:\/\/ses-creative.com\/de\/produkt\/knete-ausstechformen-dinos\/\" \/>\n<meta property=\"og:locale\" content=\"de_DE\" \/>\n<meta property=\"og:type\" content=\"article\" \/>\n<meta property=\"og:title\" content=\"Knete Ausstechformen - Dinos - SES Creative\" \/>\n<meta property=\"og:description\" content=\"Mit den Dinosaurier-Ausstechformen von SES Creative k\u00f6nnen Kinder ab 2 Jahren ihre Knetwelten kreativ erweitern. Das Set enth\u00e4lt sieben unterschiedliche Formen \u2013 darunter T-Rex, Triceratops und weitere beliebte Dinos. Die stabilen Ausstecher sind leicht zu greifen, einfach zu reinigen und wiederverwendbar. Sie lassen sich ideal mit jeder handels\u00fcblichen Knete kombinieren. Ob allein oder gemeinsam \u2013 [&hellip;]\" \/>\n<meta property=\"og:url\" content=\"https:\/\/ses-creative.com\/de\/produkt\/knete-ausstechformen-dinos\/\" \/>\n<meta property=\"og:site_name\" content=\"SES Creative\" \/>\n<meta property=\"article:modified_time\" content=\"2026-02-06T09:51:15+00:00\" \/>\n<meta name=\"twitter:card\" content=\"summary_large_image\" \/>\n<meta name=\"twitter:label1\" content=\"Gesch\u00e4tzte Lesezeit\" \/>\n\t<meta name=\"twitter:data1\" content=\"1\u00a0Minute\" \/>\n<script type=\"application\/ld+json\" class=\"yoast-schema-graph\">{\"@context\":\"https:\\\/\\\/schema.org\",\"@graph\":[{\"@type\":\"WebPage\",\"@id\":\"https:\\\/\\\/ses-creative.com\\\/de\\\/produkt\\\/knete-ausstechformen-dinos\\\/\",\"url\":\"https:\\\/\\\/ses-creative.com\\\/de\\\/produkt\\\/knete-ausstechformen-dinos\\\/\",\"name\":\"Knete Ausstechformen - Dinos - SES Creative\",\"isPartOf\":{\"@id\":\"https:\\\/\\\/ses-creative.com\\\/#website\"},\"primaryImageOfPage\":{\"@id\":\"https:\\\/\\\/ses-creative.com\\\/de\\\/produkt\\\/knete-ausstechformen-dinos\\\/#primaryimage\"},\"image\":{\"@id\":\"https:\\\/\\\/ses-creative.com\\\/de\\\/produkt\\\/knete-ausstechformen-dinos\\\/#primaryimage\"},\"thumbnailUrl\":\"https:\\\/\\\/ses-creative.com\\\/wp-content\\\/uploads\\\/2026\\\/01\\\/008871.jpg\",\"datePublished\":\"2026-02-05T13:52:10+00:00\",\"dateModified\":\"2026-02-06T09:51:15+00:00\",\"breadcrumb\":{\"@id\":\"https:\\\/\\\/ses-creative.com\\\/de\\\/produkt\\\/knete-ausstechformen-dinos\\\/#breadcrumb\"},\"inLanguage\":\"de\",\"potentialAction\":[{\"@type\":\"ReadAction\",\"target\":[\"https:\\\/\\\/ses-creative.com\\\/de\\\/produkt\\\/knete-ausstechformen-dinos\\\/\"]}]},{\"@type\":\"ImageObject\",\"inLanguage\":\"de\",\"@id\":\"https:\\\/\\\/ses-creative.com\\\/de\\\/produkt\\\/knete-ausstechformen-dinos\\\/#primaryimage\",\"url\":\"https:\\\/\\\/ses-creative.com\\\/wp-content\\\/uploads\\\/2026\\\/01\\\/008871.jpg\",\"contentUrl\":\"https:\\\/\\\/ses-creative.com\\\/wp-content\\\/uploads\\\/2026\\\/01\\\/008871.jpg\",\"width\":1000,\"height\":1000},{\"@type\":\"BreadcrumbList\",\"@id\":\"https:\\\/\\\/ses-creative.com\\\/de\\\/produkt\\\/knete-ausstechformen-dinos\\\/#breadcrumb\",\"itemListElement\":[{\"@type\":\"ListItem\",\"position\":1,\"name\":\"Shop\",\"item\":\"https:\\\/\\\/ses-creative.com\\\/de\\\/shop\\\/\"},{\"@type\":\"ListItem\",\"position\":2,\"name\":\"Knete\",\"item\":\"https:\\\/\\\/ses-creative.com\\\/de\\\/product-categorie\\\/knete\\\/\"},{\"@type\":\"ListItem\",\"position\":3,\"name\":\"Knete Ausstechformen &#8211; Dinos\"}]},{\"@type\":\"WebSite\",\"@id\":\"https:\\\/\\\/ses-creative.com\\\/#website\",\"url\":\"https:\\\/\\\/ses-creative.com\\\/\",\"name\":\"SES Creative\",\"description\":\"\",\"publisher\":{\"@id\":\"https:\\\/\\\/ses-creative.com\\\/#organization\"},\"potentialAction\":[{\"@type\":\"SearchAction\",\"target\":{\"@type\":\"EntryPoint\",\"urlTemplate\":\"https:\\\/\\\/ses-creative.com\\\/?s={search_term_string}\"},\"query-input\":{\"@type\":\"PropertyValueSpecification\",\"valueRequired\":true,\"valueName\":\"search_term_string\"}}],\"inLanguage\":\"de\"},{\"@type\":\"Organization\",\"@id\":\"https:\\\/\\\/ses-creative.com\\\/#organization\",\"name\":\"SES Creative\",\"url\":\"https:\\\/\\\/ses-creative.com\\\/\",\"logo\":{\"@type\":\"ImageObject\",\"inLanguage\":\"de\",\"@id\":\"https:\\\/\\\/ses-creative.com\\\/#\\\/schema\\\/logo\\\/image\\\/\",\"url\":\"https:\\\/\\\/ses-creative.com\\\/wp-content\\\/uploads\\\/2025\\\/10\\\/ses-creative-logo.jpg\",\"contentUrl\":\"https:\\\/\\\/ses-creative.com\\\/wp-content\\\/uploads\\\/2025\\\/10\\\/ses-creative-logo.jpg\",\"width\":2037,\"height\":2037,\"caption\":\"SES Creative\"},\"image\":{\"@id\":\"https:\\\/\\\/ses-creative.com\\\/#\\\/schema\\\/logo\\\/image\\\/\"}}]}<\/script>\n<!-- \/ Yoast SEO plugin. -->","yoast_head_json":{"title":"Knete Ausstechformen - Dinos - SES Creative","robots":{"index":"index","follow":"follow","max-snippet":"max-snippet:-1","max-image-preview":"max-image-preview:large","max-video-preview":"max-video-preview:-1"},"canonical":"https:\/\/ses-creative.com\/de\/produkt\/knete-ausstechformen-dinos\/","og_locale":"de_DE","og_type":"article","og_title":"Knete Ausstechformen - Dinos - SES Creative","og_description":"Mit den Dinosaurier-Ausstechformen von SES Creative k\u00f6nnen Kinder ab 2 Jahren ihre Knetwelten kreativ erweitern. Das Set enth\u00e4lt sieben unterschiedliche Formen \u2013 darunter T-Rex, Triceratops und weitere beliebte Dinos. Die stabilen Ausstecher sind leicht zu greifen, einfach zu reinigen und wiederverwendbar. Sie lassen sich ideal mit jeder handels\u00fcblichen Knete kombinieren. Ob allein oder gemeinsam \u2013 [&hellip;]","og_url":"https:\/\/ses-creative.com\/de\/produkt\/knete-ausstechformen-dinos\/","og_site_name":"SES Creative","article_modified_time":"2026-02-06T09:51:15+00:00","twitter_card":"summary_large_image","twitter_misc":{"Gesch\u00e4tzte Lesezeit":"1\u00a0Minute"},"schema":{"@context":"https:\/\/schema.org","@graph":[{"@type":"WebPage","@id":"https:\/\/ses-creative.com\/de\/produkt\/knete-ausstechformen-dinos\/","url":"https:\/\/ses-creative.com\/de\/produkt\/knete-ausstechformen-dinos\/","name":"Knete Ausstechformen - Dinos - SES Creative","isPartOf":{"@id":"https:\/\/ses-creative.com\/#website"},"primaryImageOfPage":{"@id":"https:\/\/ses-creative.com\/de\/produkt\/knete-ausstechformen-dinos\/#primaryimage"},"image":{"@id":"https:\/\/ses-creative.com\/de\/produkt\/knete-ausstechformen-dinos\/#primaryimage"},"thumbnailUrl":"https:\/\/ses-creative.com\/wp-content\/uploads\/2026\/01\/008871.jpg","datePublished":"2026-02-05T13:52:10+00:00","dateModified":"2026-02-06T09:51:15+00:00","breadcrumb":{"@id":"https:\/\/ses-creative.com\/de\/produkt\/knete-ausstechformen-dinos\/#breadcrumb"},"inLanguage":"de","potentialAction":[{"@type":"ReadAction","target":["https:\/\/ses-creative.com\/de\/produkt\/knete-ausstechformen-dinos\/"]}]},{"@type":"ImageObject","inLanguage":"de","@id":"https:\/\/ses-creative.com\/de\/produkt\/knete-ausstechformen-dinos\/#primaryimage","url":"https:\/\/ses-creative.com\/wp-content\/uploads\/2026\/01\/008871.jpg","contentUrl":"https:\/\/ses-creative.com\/wp-content\/uploads\/2026\/01\/008871.jpg","width":1000,"height":1000},{"@type":"BreadcrumbList","@id":"https:\/\/ses-creative.com\/de\/produkt\/knete-ausstechformen-dinos\/#breadcrumb","itemListElement":[{"@type":"ListItem","position":1,"name":"Shop","item":"https:\/\/ses-creative.com\/de\/shop\/"},{"@type":"ListItem","position":2,"name":"Knete","item":"https:\/\/ses-creative.com\/de\/product-categorie\/knete\/"},{"@type":"ListItem","position":3,"name":"Knete Ausstechformen &#8211; Dinos"}]},{"@type":"WebSite","@id":"https:\/\/ses-creative.com\/#website","url":"https:\/\/ses-creative.com\/","name":"SES Creative","description":"","publisher":{"@id":"https:\/\/ses-creative.com\/#organization"},"potentialAction":[{"@type":"SearchAction","target":{"@type":"EntryPoint","urlTemplate":"https:\/\/ses-creative.com\/?s={search_term_string}"},"query-input":{"@type":"PropertyValueSpecification","valueRequired":true,"valueName":"search_term_string"}}],"inLanguage":"de"},{"@type":"Organization","@id":"https:\/\/ses-creative.com\/#organization","name":"SES Creative","url":"https:\/\/ses-creative.com\/","logo":{"@type":"ImageObject","inLanguage":"de","@id":"https:\/\/ses-creative.com\/#\/schema\/logo\/image\/","url":"https:\/\/ses-creative.com\/wp-content\/uploads\/2025\/10\/ses-creative-logo.jpg","contentUrl":"https:\/\/ses-creative.com\/wp-content\/uploads\/2025\/10\/ses-creative-logo.jpg","width":2037,"height":2037,"caption":"SES Creative"},"image":{"@id":"https:\/\/ses-creative.com\/#\/schema\/logo\/image\/"}}]}},"_links":{"self":[{"href":"https:\/\/ses-creative.com\/de\/wp-json\/wp\/v2\/product\/114429","targetHints":{"allow":["GET"]}}],"collection":[{"href":"https:\/\/ses-creative.com\/de\/wp-json\/wp\/v2\/product"}],"about":[{"href":"https:\/\/ses-creative.com\/de\/wp-json\/wp\/v2\/types\/product"}],"replies":[{"embeddable":true,"href":"https:\/\/ses-creative.com\/de\/wp-json\/wp\/v2\/comments?post=114429"}],"wp:featuredmedia":[{"embeddable":true,"href":"https:\/\/ses-creative.com\/de\/wp-json\/wp\/v2\/media\/98148"}],"wp:attachment":[{"href":"https:\/\/ses-creative.com\/de\/wp-json\/wp\/v2\/media?parent=114429"}],"wp:term":[{"taxonomy":"product_brand","embeddable":true,"href":"https:\/\/ses-creative.com\/de\/wp-json\/wp\/v2\/product_brand?post=114429"},{"taxonomy":"product_cat","embeddable":true,"href":"https:\/\/ses-creative.com\/de\/wp-json\/wp\/v2\/product_cat?post=114429"},{"taxonomy":"product_tag","embeddable":true,"href":"https:\/\/ses-creative.com\/de\/wp-json\/wp\/v2\/product_tag?post=114429"}],"curies":[{"name":"wp","href":"https:\/\/api.w.org\/{rel}","templated":true}]}}